{"id":12135,"date":"2022-09-27T20:53:44","date_gmt":"2022-09-27T20:53:44","guid":{"rendered":"https:\/\/boutique-one-piece.com\/uncategorized\/figurine-one-piece-lempereur-kaido-avec-son-kanabo\/"},"modified":"2024-09-16T12:48:08","modified_gmt":"2024-09-16T12:48:08","slug":"figura-de-acao-do-imperador-kaido-de-one-piece-com-seu-kanabo","status":"publish","type":"product","link":"https:\/\/boutique-one-piece.com\/pt\/figuras-de-acao-de-one-piece\/figuras-de-acao-de-one-piece-wano-kuni\/figura-de-acao-do-imperador-kaido-de-one-piece-com-seu-kanabo\/","title":{"rendered":"Figura de a\u00e7\u00e3o de One Piece: Imperador Kaido com seu Kanabo"},"content":{"rendered":"<h2>Jovem pirata, chegou a hora de voc\u00ea adquirir esta figura do Imperador Kaido de One Piece com seu Kanabo.<\/h2>\n<p>Kaido apelidado de &quot;\u00ab\u00a0<strong>Kaido das Cem Feras<\/strong>\u00ab&quot;\u00e9 o capit\u00e3o da tripula\u00e7\u00e3o dos Beasts. Ele tamb\u00e9m \u00e9 um dos<strong> quatro imperadores<\/strong>. S\u00f3 para lembrar, os Quatro Imperadores s\u00e3o os quatro capit\u00e3es piratas mais not\u00f3rios e poderosos do mundo, mas n\u00e3o s\u00e3o aliados nem inimigos entre si, preferindo manter sua autonomia na maioria das circunst\u00e2ncias.<\/p>\n<p>Quanto ao seu Kanabo, saiba que se trata de um porrete, bast\u00e3o ou pomo pontiagudo usado no Jap\u00e3o feudal como arma por samurais e seus vassalos. Al\u00e9m disso, se voc\u00ea quiser expandir sua cole\u00e7\u00e3o de figuras, o <a title=\"FIGURA DE ONE PIECE: IMPERADOR SHANKS EM SEU TRONO\" href=\"https:\/\/boutique-one-piece.com\/pt\/estatueta-de-one-piece-do-imperador-shanks-em-seu-trono\/\" target=\"_blank\" rel=\"noopener\">Estatueta do Imperador Shanks em seu trono<\/a>Est\u00e1 ao seu alcance.<\/p>\n<h3>Ent\u00e3o, voc\u00ea ficou fascinado pela estatueta do Imperador Kaido? Se sim, n\u00e3o hesite mais e aproveite a oportunidade para viver muitas aventuras ao lado dele.<\/h3>\n<p><strong>Uma peda\u00e7o<\/strong> \u00c9 o mang\u00e1 mais vendido do mundo. Tenha orgulho de fazer parte da aventura e continue a defender sua paix\u00e3o por este universo de aventuras emocionantes. Esses itens m\u00edticos ir\u00e3o imergir voc\u00ea mais uma vez nesta s\u00e9rie animada. Tome seu destino em suas pr\u00f3prias m\u00e3os, jovem pirata, e embarque na aventura! <strong>Mil Sol<\/strong>, Muitas aventuras te esperam l\u00e1!<\/p>\n<h2>Informa\u00e7\u00f5es sobre a estatueta do Imperador Kaido com seu Kanabo.\u00a0<\/h2>\n<ul>\n<li><span><b><u>Figura de a\u00e7\u00e3o de One Piece<\/u><\/b>\u00a0Figura premium de One Piece para verdadeiros piratas.<\/span><\/li>\n<\/ul>\n<ul>\n<li>\n<b>Mat\u00e9ria<\/b><span>\u00a0<\/span>PVC<\/li>\n<\/ul>\n<ul>\n<li><span><strong>Dimens\u00e3o<\/strong>\u00a0: 19 cm<\/span><\/li>\n<\/ul>\n<ul>\n<li><span><strong>ENTREGA GR\u00c1TIS<\/strong><\/span><\/li>\n<\/ul>","protected":false},"excerpt":{"rendered":"<p>Jovem pirata, chegou a hora de voc\u00ea colocar as m\u00e3os nesta figura do Imperador Kaido de One Piece com seu Kanabo. Kaido, apelidado de &quot;Kaido das Cem Feras&quot;, \u00e9 o capit\u00e3o dos Piratas das Feras. Ele tamb\u00e9m \u00e9 um dos Quatro Imperadores. Para relembrar, os Quatro Imperadores s\u00e3o os quatro capit\u00e3es piratas mais not\u00f3rios e [\u2026]<\/p>","protected":false},"featured_media":12137,"comment_status":"open","ping_status":"open","template":"","meta":[],"product_brand":[],"product_cat":[76,215],"product_tag":[216,217],"class_list":{"0":"post-12135","1":"product","2":"type-product","3":"status-publish","4":"has-post-thumbnail","6":"product_cat-figurines-one-piece","7":"product_cat-figurines-one-piece-wano-kuni","8":"product_tag-kaido","9":"product_tag-wano-kuni","11":"first","12":"instock","13":"purchasable","14":"product-type-simple"},"yoast_head":"<!-- This site is optimized with the Yoast SEO plugin v27.5 - https:\/\/yoast.com\/product\/yoast-seo-wordpress\/ -->\n<title>Figurine One Piece L&#039;empereur Kaido avec son Kanabo | Figurine One Piece \u2013 Boutique One Piece<\/title>\n<meta name=\"description\" content=\"Jeune pirate, le moment est venu pour toi de te procurer cette Figurine One Piece L&#039;empereur Kaido avec son Kanabo.Kaido surnomm\u00e9 &quot;Kaido aux Cent B\u00eates&quot;est le capitaine de l&#039;\u00e9quipage aux Cent B\u00eates. Il est \u00e9galement l&#039;un des quatre empereurs. Pour rappel, les Quatre Empereurs sont les quatre capitaines pirate les plus\" \/>\n<meta name=\"robots\" content=\"index, follow, max-snippet:-1, max-image-preview:large, max-video-preview:-1\" \/>\n<link rel=\"canonical\" href=\"https:\/\/boutique-one-piece.com\/pt\/figuras-de-acao-de-one-piece\/figuras-de-acao-de-one-piece-wano-kuni\/figura-de-acao-do-imperador-kaido-de-one-piece-com-seu-kanabo\/\" \/>\n<meta property=\"og:locale\" content=\"pt_PT\" \/>\n<meta property=\"og:type\" content=\"article\" \/>\n<meta property=\"og:title\" content=\"Figurine One Piece L&#039;empereur Kaido avec son Kanabo | Figurine One Piece \u2013 Boutique One Piece\" \/>\n<meta property=\"og:description\" content=\"Jeune pirate, le moment est venu pour toi de te procurer cette Figurine One Piece L&#039;empereur Kaido avec son Kanabo.Kaido surnomm\u00e9 &quot;Kaido aux Cent B\u00eates&quot;est le capitaine de l&#039;\u00e9quipage aux Cent B\u00eates. Il est \u00e9galement l&#039;un des quatre empereurs. Pour rappel, les Quatre Empereurs sont les quatre capitaines pirate les plus\" \/>\n<meta property=\"og:url\" content=\"https:\/\/boutique-one-piece.com\/pt\/figuras-de-acao-de-one-piece\/figuras-de-acao-de-one-piece-wano-kuni\/figura-de-acao-do-imperador-kaido-de-one-piece-com-seu-kanabo\/\" \/>\n<meta property=\"og:site_name\" content=\"Boutique One Piece\" \/>\n<meta property=\"article:modified_time\" content=\"2024-09-16T12:48:08+00:00\" \/>\n<meta property=\"og:image\" content=\"https:\/\/boutique-one-piece.com\/wp-content\/uploads\/2022\/09\/Figurine-One-Piece-Lempereur-Kaido-avec-son-Kanabo.jpg\" \/>\n\t<meta property=\"og:image:width\" content=\"640\" \/>\n\t<meta property=\"og:image:height\" content=\"640\" \/>\n\t<meta property=\"og:image:type\" content=\"image\/jpeg\" \/>\n<meta name=\"twitter:card\" content=\"summary_large_image\" \/>\n<meta name=\"twitter:label1\" content=\"Tempo estimado de leitura\" \/>\n\t<meta name=\"twitter:data1\" content=\"1 minuto\" \/>\n<script type=\"application\/ld+json\" class=\"yoast-schema-graph\">{\"@context\":\"https:\\\/\\\/schema.org\",\"@graph\":[{\"@type\":\"WebPage\",\"@id\":\"https:\\\/\\\/boutique-one-piece.com\\\/figurines-one-piece\\\/figurines-one-piece-wano-kuni\\\/figurine-one-piece-lempereur-kaido-avec-son-kanabo\\\/\",\"url\":\"https:\\\/\\\/boutique-one-piece.com\\\/figurines-one-piece\\\/figurines-one-piece-wano-kuni\\\/figurine-one-piece-lempereur-kaido-avec-son-kanabo\\\/\",\"name\":\"Figurine One Piece L'empereur Kaido avec son Kanabo | Figurine One Piece \u2013 Boutique One Piece\",\"isPartOf\":{\"@id\":\"https:\\\/\\\/boutique-one-piece.com\\\/#website\"},\"primaryImageOfPage\":{\"@id\":\"https:\\\/\\\/boutique-one-piece.com\\\/figurines-one-piece\\\/figurines-one-piece-wano-kuni\\\/figurine-one-piece-lempereur-kaido-avec-son-kanabo\\\/#primaryimage\"},\"image\":{\"@id\":\"https:\\\/\\\/boutique-one-piece.com\\\/figurines-one-piece\\\/figurines-one-piece-wano-kuni\\\/figurine-one-piece-lempereur-kaido-avec-son-kanabo\\\/#primaryimage\"},\"thumbnailUrl\":\"https:\\\/\\\/boutique-one-piece.com\\\/wp-content\\\/uploads\\\/2022\\\/09\\\/Figurine-One-Piece-Lempereur-Kaido-avec-son-Kanabo.jpg\",\"datePublished\":\"2022-09-27T20:53:44+00:00\",\"dateModified\":\"2024-09-16T12:48:08+00:00\",\"description\":\"Jeune pirate, le moment est venu pour toi de te procurer cette Figurine One Piece L'empereur Kaido avec son Kanabo.Kaido surnomm\u00e9 \\\"Kaido aux Cent B\u00eates\\\"est le capitaine de l'\u00e9quipage aux Cent B\u00eates. Il est \u00e9galement l'un des quatre empereurs. Pour rappel, les Quatre Empereurs sont les quatre capitaines pirate les plus\",\"breadcrumb\":{\"@id\":\"https:\\\/\\\/boutique-one-piece.com\\\/figurines-one-piece\\\/figurines-one-piece-wano-kuni\\\/figurine-one-piece-lempereur-kaido-avec-son-kanabo\\\/#breadcrumb\"},\"inLanguage\":\"pt-PT\",\"potentialAction\":[{\"@type\":\"ReadAction\",\"target\":[\"https:\\\/\\\/boutique-one-piece.com\\\/figurines-one-piece\\\/figurines-one-piece-wano-kuni\\\/figurine-one-piece-lempereur-kaido-avec-son-kanabo\\\/\"]}]},{\"@type\":\"ImageObject\",\"inLanguage\":\"pt-PT\",\"@id\":\"https:\\\/\\\/boutique-one-piece.com\\\/figurines-one-piece\\\/figurines-one-piece-wano-kuni\\\/figurine-one-piece-lempereur-kaido-avec-son-kanabo\\\/#primaryimage\",\"url\":\"https:\\\/\\\/boutique-one-piece.com\\\/wp-content\\\/uploads\\\/2022\\\/09\\\/Figurine-One-Piece-Lempereur-Kaido-avec-son-Kanabo.jpg\",\"contentUrl\":\"https:\\\/\\\/boutique-one-piece.com\\\/wp-content\\\/uploads\\\/2022\\\/09\\\/Figurine-One-Piece-Lempereur-Kaido-avec-son-Kanabo.jpg\",\"width\":640,\"height\":640,\"caption\":\"Figurine One Piece L'empereur Kaido avec son Kanabo Default Title\"},{\"@type\":\"BreadcrumbList\",\"@id\":\"https:\\\/\\\/boutique-one-piece.com\\\/figurines-one-piece\\\/figurines-one-piece-wano-kuni\\\/figurine-one-piece-lempereur-kaido-avec-son-kanabo\\\/#breadcrumb\",\"itemListElement\":[{\"@type\":\"ListItem\",\"position\":1,\"name\":\"Home\",\"item\":\"https:\\\/\\\/boutique-one-piece.com\\\/\"},{\"@type\":\"ListItem\",\"position\":2,\"name\":\"Shop\",\"item\":\"https:\\\/\\\/boutique-one-piece.com\\\/shop\\\/\"},{\"@type\":\"ListItem\",\"position\":3,\"name\":\"Figurine One Piece L&#8217;empereur Kaido avec son Kanabo\"}]},{\"@type\":\"WebSite\",\"@id\":\"https:\\\/\\\/boutique-one-piece.com\\\/#website\",\"url\":\"https:\\\/\\\/boutique-one-piece.com\\\/\",\"name\":\"Boutique One Piece\",\"description\":\"Magasin Sp\u00e9cialis\u00e9 du Manga et l&#039;Anime One Piece\",\"publisher\":{\"@id\":\"https:\\\/\\\/boutique-one-piece.com\\\/#organization\"},\"potentialAction\":[{\"@type\":\"SearchAction\",\"target\":{\"@type\":\"EntryPoint\",\"urlTemplate\":\"https:\\\/\\\/boutique-one-piece.com\\\/?s={search_term_string}\"},\"query-input\":{\"@type\":\"PropertyValueSpecification\",\"valueRequired\":true,\"valueName\":\"search_term_string\"}}],\"inLanguage\":\"pt-PT\"},{\"@type\":\"Organization\",\"@id\":\"https:\\\/\\\/boutique-one-piece.com\\\/#organization\",\"name\":\"Boutique One Piece\",\"url\":\"https:\\\/\\\/boutique-one-piece.com\\\/\",\"logo\":{\"@type\":\"ImageObject\",\"inLanguage\":\"pt-PT\",\"@id\":\"https:\\\/\\\/boutique-one-piece.com\\\/#\\\/schema\\\/logo\\\/image\\\/\",\"url\":\"https:\\\/\\\/boutique-one-piece.com\\\/wp-content\\\/uploads\\\/2022\\\/09\\\/Logo-01.png\",\"contentUrl\":\"https:\\\/\\\/boutique-one-piece.com\\\/wp-content\\\/uploads\\\/2022\\\/09\\\/Logo-01.png\",\"width\":2318,\"height\":957,\"caption\":\"Boutique One Piece\"},\"image\":{\"@id\":\"https:\\\/\\\/boutique-one-piece.com\\\/#\\\/schema\\\/logo\\\/image\\\/\"}}]}<\/script>\n<!-- \/ Yoast SEO plugin. -->","yoast_head_json":{"title":"Figura de One Piece: Imperador Kaido com seu Kanabo | Figura de One Piece \u2013 Loja de One Piece","description":"Jovem pirata, chegou a hora de voc\u00ea colocar as m\u00e3os nesta figura do Imperador Kaido de One Piece com seu Kanabo. Kaido, apelidado de &quot;Kaido das Cem Feras&quot;, \u00e9 o capit\u00e3o dos Piratas das Feras. Ele tamb\u00e9m \u00e9 um dos Quatro Imperadores. Lembrando que os Quatro Imperadores s\u00e3o os quatro capit\u00e3es piratas mais poderosos.","robots":{"index":"index","follow":"follow","max-snippet":"max-snippet:-1","max-image-preview":"max-image-preview:large","max-video-preview":"max-video-preview:-1"},"canonical":"https:\/\/boutique-one-piece.com\/pt\/figuras-de-acao-de-one-piece\/figuras-de-acao-de-one-piece-wano-kuni\/figura-de-acao-do-imperador-kaido-de-one-piece-com-seu-kanabo\/","og_locale":"pt_PT","og_type":"article","og_title":"Figurine One Piece L'empereur Kaido avec son Kanabo | Figurine One Piece \u2013 Boutique One Piece","og_description":"Jeune pirate, le moment est venu pour toi de te procurer cette Figurine One Piece L'empereur Kaido avec son Kanabo.Kaido surnomm\u00e9 \"Kaido aux Cent B\u00eates\"est le capitaine de l'\u00e9quipage aux Cent B\u00eates. Il est \u00e9galement l'un des quatre empereurs. Pour rappel, les Quatre Empereurs sont les quatre capitaines pirate les plus","og_url":"https:\/\/boutique-one-piece.com\/pt\/figuras-de-acao-de-one-piece\/figuras-de-acao-de-one-piece-wano-kuni\/figura-de-acao-do-imperador-kaido-de-one-piece-com-seu-kanabo\/","og_site_name":"Boutique One Piece","article_modified_time":"2024-09-16T12:48:08+00:00","og_image":[{"width":640,"height":640,"url":"https:\/\/boutique-one-piece.com\/wp-content\/uploads\/2022\/09\/Figurine-One-Piece-Lempereur-Kaido-avec-son-Kanabo.jpg","type":"image\/jpeg"}],"twitter_card":"summary_large_image","twitter_misc":{"Tempo estimado de leitura":"1 minuto"},"schema":{"@context":"https:\/\/schema.org","@graph":[{"@type":"WebPage","@id":"https:\/\/boutique-one-piece.com\/figurines-one-piece\/figurines-one-piece-wano-kuni\/figurine-one-piece-lempereur-kaido-avec-son-kanabo\/","url":"https:\/\/boutique-one-piece.com\/figurines-one-piece\/figurines-one-piece-wano-kuni\/figurine-one-piece-lempereur-kaido-avec-son-kanabo\/","name":"Figura de One Piece: Imperador Kaido com seu Kanabo | Figura de One Piece \u2013 Loja de One Piece","isPartOf":{"@id":"https:\/\/boutique-one-piece.com\/#website"},"primaryImageOfPage":{"@id":"https:\/\/boutique-one-piece.com\/figurines-one-piece\/figurines-one-piece-wano-kuni\/figurine-one-piece-lempereur-kaido-avec-son-kanabo\/#primaryimage"},"image":{"@id":"https:\/\/boutique-one-piece.com\/figurines-one-piece\/figurines-one-piece-wano-kuni\/figurine-one-piece-lempereur-kaido-avec-son-kanabo\/#primaryimage"},"thumbnailUrl":"https:\/\/boutique-one-piece.com\/wp-content\/uploads\/2022\/09\/Figurine-One-Piece-Lempereur-Kaido-avec-son-Kanabo.jpg","datePublished":"2022-09-27T20:53:44+00:00","dateModified":"2024-09-16T12:48:08+00:00","description":"Jovem pirata, chegou a hora de voc\u00ea colocar as m\u00e3os nesta figura do Imperador Kaido de One Piece com seu Kanabo. Kaido, apelidado de &quot;Kaido das Cem Feras&quot;, \u00e9 o capit\u00e3o dos Piratas das Feras. Ele tamb\u00e9m \u00e9 um dos Quatro Imperadores. Lembrando que os Quatro Imperadores s\u00e3o os quatro capit\u00e3es piratas mais poderosos.","breadcrumb":{"@id":"https:\/\/boutique-one-piece.com\/figurines-one-piece\/figurines-one-piece-wano-kuni\/figurine-one-piece-lempereur-kaido-avec-son-kanabo\/#breadcrumb"},"inLanguage":"pt-PT","potentialAction":[{"@type":"ReadAction","target":["https:\/\/boutique-one-piece.com\/figurines-one-piece\/figurines-one-piece-wano-kuni\/figurine-one-piece-lempereur-kaido-avec-son-kanabo\/"]}]},{"@type":"ImageObject","inLanguage":"pt-PT","@id":"https:\/\/boutique-one-piece.com\/figurines-one-piece\/figurines-one-piece-wano-kuni\/figurine-one-piece-lempereur-kaido-avec-son-kanabo\/#primaryimage","url":"https:\/\/boutique-one-piece.com\/wp-content\/uploads\/2022\/09\/Figurine-One-Piece-Lempereur-Kaido-avec-son-Kanabo.jpg","contentUrl":"https:\/\/boutique-one-piece.com\/wp-content\/uploads\/2022\/09\/Figurine-One-Piece-Lempereur-Kaido-avec-son-Kanabo.jpg","width":640,"height":640,"caption":"Figurine One Piece L'empereur Kaido avec son Kanabo Default Title"},{"@type":"BreadcrumbList","@id":"https:\/\/boutique-one-piece.com\/figurines-one-piece\/figurines-one-piece-wano-kuni\/figurine-one-piece-lempereur-kaido-avec-son-kanabo\/#breadcrumb","itemListElement":[{"@type":"ListItem","position":1,"name":"Home","item":"https:\/\/boutique-one-piece.com\/"},{"@type":"ListItem","position":2,"name":"Shop","item":"https:\/\/boutique-one-piece.com\/shop\/"},{"@type":"ListItem","position":3,"name":"Figurine One Piece L&#8217;empereur Kaido avec son Kanabo"}]},{"@type":"WebSite","@id":"https:\/\/boutique-one-piece.com\/#website","url":"https:\/\/boutique-one-piece.com\/","name":"Loja One Piece","description":"Loja especializada em mang\u00e1 e anime de One Piece.","publisher":{"@id":"https:\/\/boutique-one-piece.com\/#organization"},"potentialAction":[{"@type":"SearchAction","target":{"@type":"EntryPoint","urlTemplate":"https:\/\/boutique-one-piece.com\/?s={search_term_string}"},"query-input":{"@type":"PropertyValueSpecification","valueRequired":true,"valueName":"search_term_string"}}],"inLanguage":"pt-PT"},{"@type":"Organization","@id":"https:\/\/boutique-one-piece.com\/#organization","name":"Loja One Piece","url":"https:\/\/boutique-one-piece.com\/","logo":{"@type":"ImageObject","inLanguage":"pt-PT","@id":"https:\/\/boutique-one-piece.com\/#\/schema\/logo\/image\/","url":"https:\/\/boutique-one-piece.com\/wp-content\/uploads\/2022\/09\/Logo-01.png","contentUrl":"https:\/\/boutique-one-piece.com\/wp-content\/uploads\/2022\/09\/Logo-01.png","width":2318,"height":957,"caption":"Boutique One Piece"},"image":{"@id":"https:\/\/boutique-one-piece.com\/#\/schema\/logo\/image\/"}}]}},"_links":{"self":[{"href":"https:\/\/boutique-one-piece.com\/pt\/wp-json\/wp\/v2\/product\/12135","targetHints":{"allow":["GET"]}}],"collection":[{"href":"https:\/\/boutique-one-piece.com\/pt\/wp-json\/wp\/v2\/product"}],"about":[{"href":"https:\/\/boutique-one-piece.com\/pt\/wp-json\/wp\/v2\/types\/product"}],"replies":[{"embeddable":true,"href":"https:\/\/boutique-one-piece.com\/pt\/wp-json\/wp\/v2\/comments?post=12135"}],"wp:featuredmedia":[{"embeddable":true,"href":"https:\/\/boutique-one-piece.com\/pt\/wp-json\/wp\/v2\/media\/12137"}],"wp:attachment":[{"href":"https:\/\/boutique-one-piece.com\/pt\/wp-json\/wp\/v2\/media?parent=12135"}],"wp:term":[{"taxonomy":"product_brand","embeddable":true,"href":"https:\/\/boutique-one-piece.com\/pt\/wp-json\/wp\/v2\/product_brand?post=12135"},{"taxonomy":"product_cat","embeddable":true,"href":"https:\/\/boutique-one-piece.com\/pt\/wp-json\/wp\/v2\/product_cat?post=12135"},{"taxonomy":"product_tag","embeddable":true,"href":"https:\/\/boutique-one-piece.com\/pt\/wp-json\/wp\/v2\/product_tag?post=12135"}],"curies":[{"name":"wp","href":"https:\/\/api.w.org\/{rel}","templated":true}]}}