{"id":12496,"date":"2022-09-27T20:56:13","date_gmt":"2022-09-27T20:56:13","guid":{"rendered":"https:\/\/boutique-one-piece.com\/uncategorized\/avis-de-recherche-one-piece-edward-newgate-wanted\/"},"modified":"2024-12-12T13:44:13","modified_gmt":"2024-12-12T13:44:13","slug":"aviso-de-procura-de-um-item-da-serie-edward-newgate","status":"publish","type":"product","link":"https:\/\/boutique-one-piece.com\/pt\/decoracoes-de-one-piece\/aviso-de-procura-de-um-item-da-serie-edward-newgate\/","title":{"rendered":"Edward Newgate \u00e9 procurado"},"content":{"rendered":"<h2>Se voc\u00ea \u00e9 f\u00e3 de ca\u00e7adas a piratas em One Piece e dos piratas mais poderosos, o que acha deste cartaz de procurado do Edward Newgate?<\/h2>\n<p>Edward Newgate, tamb\u00e9m conhecido como Barba Branca, \u00e9 renomado como o homem mais forte do mundo. Considerando os muitos piratas poderosos que povoam o universo de One Piece, a destreza de luta de Edward Newgate \u00e9 ainda mais impressionante. Ele \u00e9 um dos quatro <strong>Yonko<\/strong> do Novo Mundo.<\/p>\n<p>Ao contr\u00e1rio da nova gera\u00e7\u00e3o que busca o One Piece, ele nunca se interessou por isso, sendo movido apenas pelo objetivo de... <strong>para come\u00e7ar uma fam\u00edlia grande<\/strong> de piratas e navegando de mar em mar em completa liberdade. Ele conseguiu atingir seu objetivo com sua grande tripula\u00e7\u00e3o, que ele reuniu e que considerava todos como seus pr\u00f3prios filhos.<\/p>\n<h3>Adicione este p\u00f4ster do homem mais forte do mundo de One Piece \u00e0 sua decora\u00e7\u00e3o.<\/h3>\n<p>Edward Newgate comeu a Fruta do Diabo de <strong>Gura Gura no mi<\/strong>, O que lhe permite criar terremotos ao golpear algo com os punhos. Acredita-se que ele poderia destruir ilhas inteiras com seu poder.<\/p>\n<p>A devo\u00e7\u00e3o de Newgate aos seus subordinados n\u00e3o conhece limites; para salvar Ace, um dos comandantes de sua tripula\u00e7\u00e3o, ele lutar\u00e1 ao lado de toda a sua equipe contra o Governo Mundial, que o mant\u00e9m em cativeiro, e chegar\u00e1 ao ponto de morrer no campo de batalha. <strong>Marineford<\/strong> Para tentar vingar Ace, que ser\u00e1 morto na batalha. A recompensa por Edward Newgate \u00e9 de 5 bilh\u00f5es e 46 milh\u00f5es de Berries.<\/p>\n<p>Se voc\u00ea \u00e9 apaixonado por b\u00f4nus, isto \u00e9 para voc\u00ea.<a href=\"https:\/\/boutique-one-piece.com\/pt\/cartaz-de-procurado-de-crocodilo\/\" target=\"_blank\" title=\"Aviso de Procurado Crocodilo\" rel=\"noopener noreferrer\"> Aviso de procurado de crocodilo<\/a> \u00c9 feito para voc\u00ea.<\/p>\n<h2>Informa\u00e7\u00f5es sobre o p\u00f4ster de procurado do Barba Branca de One Piece<\/h2>\n<ul>\n<li><span><b><u>P\u00f4ster de Procurado de One Piece<\/u><\/b>\u00a0Um aut\u00eantico cartaz de procurado de One Piece para verdadeiros piratas.<\/span><\/li>\n<\/ul>\n<ul>\n<li>\n<b><u>A recompensa de Edward Newgate<\/u><\/b>\u00a05.046.000.000 bagas<\/li>\n<\/ul>\n<ul>\n<li><span><strong>Impress\u00e3o de alta qualidade<\/strong>\u00a0cores precisas<\/span><\/li>\n<\/ul>\n<ul>\n<li>\n<strong>Dimens\u00e3o<\/strong>\u00a0: 30 cm x 21 cm e 42 cm x 30 cm<\/li>\n<\/ul>\n<ul>\n<li><span><strong>ENTREGA GR\u00c1TIS<\/strong><\/span><\/li>\n<\/ul>","protected":false},"excerpt":{"rendered":"<p>Se voc\u00ea \u00e9 f\u00e3 de ca\u00e7adas a piratas em One Piece e dos piratas mais poderosos, o que acha deste cartaz de procurado do Edward Newgate? Edward Newgate, tamb\u00e9m conhecido como Barba Branca, \u00e9 considerado o homem mais forte do mundo. Considerando os muitos piratas poderosos que povoam o universo de One Piece\u2026<\/p>","protected":false},"featured_media":12498,"comment_status":"open","ping_status":"open","template":"","meta":[],"product_brand":[],"product_cat":[171,150],"product_tag":[],"class_list":{"0":"post-12496","1":"product","2":"type-product","3":"status-publish","4":"has-post-thumbnail","6":"product_cat-avis-de-recherche-one-piece","7":"product_cat-decorations-one-piece","9":"first","10":"instock","11":"purchasable","12":"product-type-variable"},"yoast_head":"<!-- This site is optimized with the Yoast SEO plugin v27.5 - https:\/\/yoast.com\/product\/yoast-seo-wordpress\/ -->\n<title>Avis de Recherche One Piece Edward Newgate Wanted | D\u00e9coration One Piece \u2013 Boutique One Piece<\/title>\n<meta name=\"description\" content=\"Si tu es passionn\u00e9 par les primes de One Piece et les pirates les plus puissants, que penses-tu de cet Avis de Recherche Edward Newgate Wanted ? Edward Newgate, alias Barbe Blanche est r\u00e9put\u00e9 pour \u00eatre l&#039;homme le plus fort au monde. Quand on connait les nombreux pirates tr\u00e8s puissants qui peuplent l&#039;univers de One Piec\" \/>\n<meta name=\"robots\" content=\"index, follow, max-snippet:-1, max-image-preview:large, max-video-preview:-1\" \/>\n<link rel=\"canonical\" href=\"https:\/\/boutique-one-piece.com\/pt\/poster-de-procurado-de-one-piece\/aviso-de-procura-de-um-item-da-serie-edward-newgate\/\" \/>\n<meta property=\"og:locale\" content=\"pt_PT\" \/>\n<meta property=\"og:type\" content=\"article\" \/>\n<meta property=\"og:title\" content=\"Avis de Recherche One Piece Edward Newgate Wanted | D\u00e9coration One Piece \u2013 Boutique One Piece\" \/>\n<meta property=\"og:description\" content=\"Si tu es passionn\u00e9 par les primes de One Piece et les pirates les plus puissants, que penses-tu de cet Avis de Recherche Edward Newgate Wanted ? Edward Newgate, alias Barbe Blanche est r\u00e9put\u00e9 pour \u00eatre l&#039;homme le plus fort au monde. Quand on connait les nombreux pirates tr\u00e8s puissants qui peuplent l&#039;univers de One Piec\" \/>\n<meta property=\"og:url\" content=\"https:\/\/boutique-one-piece.com\/pt\/poster-de-procurado-de-one-piece\/aviso-de-procura-de-um-item-da-serie-edward-newgate\/\" \/>\n<meta property=\"og:site_name\" content=\"Boutique One Piece\" \/>\n<meta property=\"article:modified_time\" content=\"2024-12-12T13:44:13+00:00\" \/>\n<meta property=\"og:image\" content=\"https:\/\/boutique-one-piece.com\/wp-content\/uploads\/2022\/09\/Avis-de-Recherche-Edward-Newgate-Wanted.jpg\" \/>\n\t<meta property=\"og:image:width\" content=\"800\" \/>\n\t<meta property=\"og:image:height\" content=\"800\" \/>\n\t<meta property=\"og:image:type\" content=\"image\/jpeg\" \/>\n<meta name=\"twitter:card\" content=\"summary_large_image\" \/>\n<meta name=\"twitter:label1\" content=\"Tempo estimado de leitura\" \/>\n\t<meta name=\"twitter:data1\" content=\"2 minutos\" \/>\n<script type=\"application\/ld+json\" class=\"yoast-schema-graph\">{\"@context\":\"https:\\\/\\\/schema.org\",\"@graph\":[{\"@type\":\"WebPage\",\"@id\":\"https:\\\/\\\/boutique-one-piece.com\\\/avis-de-recherche-one-piece\\\/avis-de-recherche-one-piece-edward-newgate-wanted\\\/\",\"url\":\"https:\\\/\\\/boutique-one-piece.com\\\/avis-de-recherche-one-piece\\\/avis-de-recherche-one-piece-edward-newgate-wanted\\\/\",\"name\":\"Avis de Recherche One Piece Edward Newgate Wanted | D\u00e9coration One Piece \u2013 Boutique One Piece\",\"isPartOf\":{\"@id\":\"https:\\\/\\\/boutique-one-piece.com\\\/#website\"},\"primaryImageOfPage\":{\"@id\":\"https:\\\/\\\/boutique-one-piece.com\\\/avis-de-recherche-one-piece\\\/avis-de-recherche-one-piece-edward-newgate-wanted\\\/#primaryimage\"},\"image\":{\"@id\":\"https:\\\/\\\/boutique-one-piece.com\\\/avis-de-recherche-one-piece\\\/avis-de-recherche-one-piece-edward-newgate-wanted\\\/#primaryimage\"},\"thumbnailUrl\":\"https:\\\/\\\/boutique-one-piece.com\\\/wp-content\\\/uploads\\\/2022\\\/09\\\/Avis-de-Recherche-Edward-Newgate-Wanted.jpg\",\"datePublished\":\"2022-09-27T20:56:13+00:00\",\"dateModified\":\"2024-12-12T13:44:13+00:00\",\"description\":\"Si tu es passionn\u00e9 par les primes de One Piece et les pirates les plus puissants, que penses-tu de cet Avis de Recherche Edward Newgate Wanted ? Edward Newgate, alias Barbe Blanche est r\u00e9put\u00e9 pour \u00eatre l'homme le plus fort au monde. Quand on connait les nombreux pirates tr\u00e8s puissants qui peuplent l'univers de One Piec\",\"breadcrumb\":{\"@id\":\"https:\\\/\\\/boutique-one-piece.com\\\/avis-de-recherche-one-piece\\\/avis-de-recherche-one-piece-edward-newgate-wanted\\\/#breadcrumb\"},\"inLanguage\":\"pt-PT\",\"potentialAction\":[{\"@type\":\"ReadAction\",\"target\":[\"https:\\\/\\\/boutique-one-piece.com\\\/avis-de-recherche-one-piece\\\/avis-de-recherche-one-piece-edward-newgate-wanted\\\/\"]}]},{\"@type\":\"ImageObject\",\"inLanguage\":\"pt-PT\",\"@id\":\"https:\\\/\\\/boutique-one-piece.com\\\/avis-de-recherche-one-piece\\\/avis-de-recherche-one-piece-edward-newgate-wanted\\\/#primaryimage\",\"url\":\"https:\\\/\\\/boutique-one-piece.com\\\/wp-content\\\/uploads\\\/2022\\\/09\\\/Avis-de-Recherche-Edward-Newgate-Wanted.jpg\",\"contentUrl\":\"https:\\\/\\\/boutique-one-piece.com\\\/wp-content\\\/uploads\\\/2022\\\/09\\\/Avis-de-Recherche-Edward-Newgate-Wanted.jpg\",\"width\":800,\"height\":800,\"caption\":\"Avis de Recherche Edward Newgate Wanted 42 X 30 cm\"},{\"@type\":\"BreadcrumbList\",\"@id\":\"https:\\\/\\\/boutique-one-piece.com\\\/avis-de-recherche-one-piece\\\/avis-de-recherche-one-piece-edward-newgate-wanted\\\/#breadcrumb\",\"itemListElement\":[{\"@type\":\"ListItem\",\"position\":1,\"name\":\"Home\",\"item\":\"https:\\\/\\\/boutique-one-piece.com\\\/\"},{\"@type\":\"ListItem\",\"position\":2,\"name\":\"Shop\",\"item\":\"https:\\\/\\\/boutique-one-piece.com\\\/shop\\\/\"},{\"@type\":\"ListItem\",\"position\":3,\"name\":\"Avis de Recherche Edward Newgate Wanted\"}]},{\"@type\":\"WebSite\",\"@id\":\"https:\\\/\\\/boutique-one-piece.com\\\/#website\",\"url\":\"https:\\\/\\\/boutique-one-piece.com\\\/\",\"name\":\"Boutique One Piece\",\"description\":\"Magasin Sp\u00e9cialis\u00e9 du Manga et l&#039;Anime One Piece\",\"publisher\":{\"@id\":\"https:\\\/\\\/boutique-one-piece.com\\\/#organization\"},\"potentialAction\":[{\"@type\":\"SearchAction\",\"target\":{\"@type\":\"EntryPoint\",\"urlTemplate\":\"https:\\\/\\\/boutique-one-piece.com\\\/?s={search_term_string}\"},\"query-input\":{\"@type\":\"PropertyValueSpecification\",\"valueRequired\":true,\"valueName\":\"search_term_string\"}}],\"inLanguage\":\"pt-PT\"},{\"@type\":\"Organization\",\"@id\":\"https:\\\/\\\/boutique-one-piece.com\\\/#organization\",\"name\":\"Boutique One Piece\",\"url\":\"https:\\\/\\\/boutique-one-piece.com\\\/\",\"logo\":{\"@type\":\"ImageObject\",\"inLanguage\":\"pt-PT\",\"@id\":\"https:\\\/\\\/boutique-one-piece.com\\\/#\\\/schema\\\/logo\\\/image\\\/\",\"url\":\"https:\\\/\\\/boutique-one-piece.com\\\/wp-content\\\/uploads\\\/2022\\\/09\\\/Logo-01.png\",\"contentUrl\":\"https:\\\/\\\/boutique-one-piece.com\\\/wp-content\\\/uploads\\\/2022\\\/09\\\/Logo-01.png\",\"width\":2318,\"height\":957,\"caption\":\"Boutique One Piece\"},\"image\":{\"@id\":\"https:\\\/\\\/boutique-one-piece.com\\\/#\\\/schema\\\/logo\\\/image\\\/\"}}]}<\/script>\n<!-- \/ Yoast SEO plugin. -->","yoast_head_json":{"title":"Cartaz de Procurado de One Piece: Edward Newgate | Decora\u00e7\u00f5es de One Piece \u2013 Loja de One Piece","description":"Se voc\u00ea \u00e9 f\u00e3 de ca\u00e7adas a piratas em One Piece e dos piratas mais poderosos, o que acha deste aviso de procurado para Edward Newgate? Edward Newgate, tamb\u00e9m conhecido como Barba Branca, \u00e9 famoso por ser o homem mais forte do mundo. Considerando os muitos piratas incrivelmente poderosos que povoam o universo de One Piece...","robots":{"index":"index","follow":"follow","max-snippet":"max-snippet:-1","max-image-preview":"max-image-preview:large","max-video-preview":"max-video-preview:-1"},"canonical":"https:\/\/boutique-one-piece.com\/pt\/poster-de-procurado-de-one-piece\/aviso-de-procura-de-um-item-da-serie-edward-newgate\/","og_locale":"pt_PT","og_type":"article","og_title":"Avis de Recherche One Piece Edward Newgate Wanted | D\u00e9coration One Piece \u2013 Boutique One Piece","og_description":"Si tu es passionn\u00e9 par les primes de One Piece et les pirates les plus puissants, que penses-tu de cet Avis de Recherche Edward Newgate Wanted ? Edward Newgate, alias Barbe Blanche est r\u00e9put\u00e9 pour \u00eatre l'homme le plus fort au monde. Quand on connait les nombreux pirates tr\u00e8s puissants qui peuplent l'univers de One Piec","og_url":"https:\/\/boutique-one-piece.com\/pt\/poster-de-procurado-de-one-piece\/aviso-de-procura-de-um-item-da-serie-edward-newgate\/","og_site_name":"Boutique One Piece","article_modified_time":"2024-12-12T13:44:13+00:00","og_image":[{"width":800,"height":800,"url":"https:\/\/boutique-one-piece.com\/wp-content\/uploads\/2022\/09\/Avis-de-Recherche-Edward-Newgate-Wanted.jpg","type":"image\/jpeg"}],"twitter_card":"summary_large_image","twitter_misc":{"Tempo estimado de leitura":"2 minutos"},"schema":{"@context":"https:\/\/schema.org","@graph":[{"@type":"WebPage","@id":"https:\/\/boutique-one-piece.com\/avis-de-recherche-one-piece\/avis-de-recherche-one-piece-edward-newgate-wanted\/","url":"https:\/\/boutique-one-piece.com\/avis-de-recherche-one-piece\/avis-de-recherche-one-piece-edward-newgate-wanted\/","name":"Cartaz de Procurado de One Piece: Edward Newgate | Decora\u00e7\u00f5es de One Piece \u2013 Loja de One Piece","isPartOf":{"@id":"https:\/\/boutique-one-piece.com\/#website"},"primaryImageOfPage":{"@id":"https:\/\/boutique-one-piece.com\/avis-de-recherche-one-piece\/avis-de-recherche-one-piece-edward-newgate-wanted\/#primaryimage"},"image":{"@id":"https:\/\/boutique-one-piece.com\/avis-de-recherche-one-piece\/avis-de-recherche-one-piece-edward-newgate-wanted\/#primaryimage"},"thumbnailUrl":"https:\/\/boutique-one-piece.com\/wp-content\/uploads\/2022\/09\/Avis-de-Recherche-Edward-Newgate-Wanted.jpg","datePublished":"2022-09-27T20:56:13+00:00","dateModified":"2024-12-12T13:44:13+00:00","description":"Se voc\u00ea \u00e9 f\u00e3 de ca\u00e7adas a piratas em One Piece e dos piratas mais poderosos, o que acha deste aviso de procurado para Edward Newgate? Edward Newgate, tamb\u00e9m conhecido como Barba Branca, \u00e9 famoso por ser o homem mais forte do mundo. Considerando os muitos piratas incrivelmente poderosos que povoam o universo de One Piece...","breadcrumb":{"@id":"https:\/\/boutique-one-piece.com\/avis-de-recherche-one-piece\/avis-de-recherche-one-piece-edward-newgate-wanted\/#breadcrumb"},"inLanguage":"pt-PT","potentialAction":[{"@type":"ReadAction","target":["https:\/\/boutique-one-piece.com\/avis-de-recherche-one-piece\/avis-de-recherche-one-piece-edward-newgate-wanted\/"]}]},{"@type":"ImageObject","inLanguage":"pt-PT","@id":"https:\/\/boutique-one-piece.com\/avis-de-recherche-one-piece\/avis-de-recherche-one-piece-edward-newgate-wanted\/#primaryimage","url":"https:\/\/boutique-one-piece.com\/wp-content\/uploads\/2022\/09\/Avis-de-Recherche-Edward-Newgate-Wanted.jpg","contentUrl":"https:\/\/boutique-one-piece.com\/wp-content\/uploads\/2022\/09\/Avis-de-Recherche-Edward-Newgate-Wanted.jpg","width":800,"height":800,"caption":"Avis de Recherche Edward Newgate Wanted 42 X 30 cm"},{"@type":"BreadcrumbList","@id":"https:\/\/boutique-one-piece.com\/avis-de-recherche-one-piece\/avis-de-recherche-one-piece-edward-newgate-wanted\/#breadcrumb","itemListElement":[{"@type":"ListItem","position":1,"name":"Home","item":"https:\/\/boutique-one-piece.com\/"},{"@type":"ListItem","position":2,"name":"Shop","item":"https:\/\/boutique-one-piece.com\/shop\/"},{"@type":"ListItem","position":3,"name":"Avis de Recherche Edward Newgate Wanted"}]},{"@type":"WebSite","@id":"https:\/\/boutique-one-piece.com\/#website","url":"https:\/\/boutique-one-piece.com\/","name":"Loja One Piece","description":"Loja especializada em mang\u00e1 e anime de One Piece.","publisher":{"@id":"https:\/\/boutique-one-piece.com\/#organization"},"potentialAction":[{"@type":"SearchAction","target":{"@type":"EntryPoint","urlTemplate":"https:\/\/boutique-one-piece.com\/?s={search_term_string}"},"query-input":{"@type":"PropertyValueSpecification","valueRequired":true,"valueName":"search_term_string"}}],"inLanguage":"pt-PT"},{"@type":"Organization","@id":"https:\/\/boutique-one-piece.com\/#organization","name":"Loja One Piece","url":"https:\/\/boutique-one-piece.com\/","logo":{"@type":"ImageObject","inLanguage":"pt-PT","@id":"https:\/\/boutique-one-piece.com\/#\/schema\/logo\/image\/","url":"https:\/\/boutique-one-piece.com\/wp-content\/uploads\/2022\/09\/Logo-01.png","contentUrl":"https:\/\/boutique-one-piece.com\/wp-content\/uploads\/2022\/09\/Logo-01.png","width":2318,"height":957,"caption":"Boutique One Piece"},"image":{"@id":"https:\/\/boutique-one-piece.com\/#\/schema\/logo\/image\/"}}]}},"_links":{"self":[{"href":"https:\/\/boutique-one-piece.com\/pt\/wp-json\/wp\/v2\/product\/12496","targetHints":{"allow":["GET"]}}],"collection":[{"href":"https:\/\/boutique-one-piece.com\/pt\/wp-json\/wp\/v2\/product"}],"about":[{"href":"https:\/\/boutique-one-piece.com\/pt\/wp-json\/wp\/v2\/types\/product"}],"replies":[{"embeddable":true,"href":"https:\/\/boutique-one-piece.com\/pt\/wp-json\/wp\/v2\/comments?post=12496"}],"wp:featuredmedia":[{"embeddable":true,"href":"https:\/\/boutique-one-piece.com\/pt\/wp-json\/wp\/v2\/media\/12498"}],"wp:attachment":[{"href":"https:\/\/boutique-one-piece.com\/pt\/wp-json\/wp\/v2\/media?parent=12496"}],"wp:term":[{"taxonomy":"product_brand","embeddable":true,"href":"https:\/\/boutique-one-piece.com\/pt\/wp-json\/wp\/v2\/product_brand?post=12496"},{"taxonomy":"product_cat","embeddable":true,"href":"https:\/\/boutique-one-piece.com\/pt\/wp-json\/wp\/v2\/product_cat?post=12496"},{"taxonomy":"product_tag","embeddable":true,"href":"https:\/\/boutique-one-piece.com\/pt\/wp-json\/wp\/v2\/product_tag?post=12496"}],"curies":[{"name":"wp","href":"https:\/\/api.w.org\/{rel}","templated":true}]}}