{"id":12678,"date":"2022-09-27T20:57:23","date_gmt":"2022-09-27T20:57:23","guid":{"rendered":"https:\/\/boutique-one-piece.com\/uncategorized\/short-de-bain-luffy-gear-2\/"},"modified":"2024-09-16T13:00:35","modified_gmt":"2024-09-16T13:00:35","slug":"calcoes-de-banho-luffy-gear-2","status":"publish","type":"product","link":"https:\/\/boutique-one-piece.com\/pt\/roupas-de-uma-peca\/calcoes-de-banho-de-uma-peca\/calcoes-de-banho-luffy-gear-2\/","title":{"rendered":"Cal\u00e7\u00e3o de banho One Piece Luffy Gear 2"},"content":{"rendered":"<h2>Cal\u00e7\u00e3o de banho One Piece com Luffy, o Chap\u00e9u de Palha, em Gear Second, um traje de banho de qualidade para um pirata como voc\u00ea!<\/h2>\n<p>Se voc\u00ea \u00e9 um <strong>pirata de verdade<\/strong>, Voc\u00ea ser\u00e1 muito apreciado(a). <strong>qualidade dos materiais,<\/strong>&nbsp;do <strong>projeto <\/strong>e<strong> Impress\u00e3o 3D<\/strong>&nbsp;disso <strong>Cal\u00e7\u00e3o de banho de uma pe\u00e7a<\/strong> Mas o mais importante \u00e9 que, com esses shorts, voc\u00ea far\u00e1 parte de <strong>a equipe de f\u00e3s<\/strong> de <strong>mang\u00e1 de piratas<\/strong> e voc\u00ea obter\u00e1:<\/p>\n<ul>\n<li>&nbsp;<strong>Admira\u00e7\u00e3o<\/strong> de todos os f\u00e3s de <strong>Mugiwara<\/strong> que voc\u00ea encontrar\u00e1<\/li>\n<\/ul>\n<ul>\n<li>Um verdadeiro <strong>cal\u00e7\u00f5es de banho estampados<\/strong> com as quais voc\u00ea pode nadar em <strong>Grand Line<\/strong>, Mas tenha cuidado, n\u00e3o \u00e9 recomend\u00e1vel entrar no mar depois de ter comido um. <strong>fruta do diabo<\/strong><\/li>\n<\/ul>\n<p>Ent\u00e3o, pronto para colocar o <strong>Cores do Luffy do Chap\u00e9u de Palha<\/strong>&nbsp;?<\/p>\n<h2>Voc\u00ea \u00e9 f\u00e3 do mang\u00e1 ou anime One Piece? Mostre isso com estes shorts de banho!<\/h2>\n<p>Se voc\u00ea <strong>ler<\/strong> ou onde quer que voc\u00ea olhe&nbsp;<strong>anime japon\u00eas<\/strong>, \u00c9 bem prov\u00e1vel que voc\u00ea tenha se tornado <strong>Sou louco por One Piece.<\/strong> Com isto! <strong>cal\u00e7\u00f5es de banho<\/strong> <strong>Luffy Gear 2<\/strong>, junte-se a ele <strong>equipe<\/strong><\/p>\n<p>Estes cal\u00e7\u00f5es est\u00e3o dispon\u00edveis nos tamanhos<span>&nbsp;<\/span><strong>XXS, XS, S, M, L, XL<\/strong>, Vai servir para todos os tipos de piratas, mesmo que voc\u00ea n\u00e3o tenha <strong>espada<\/strong>&nbsp;ou <strong>fruta do diabo<\/strong> Voc\u00ea ainda pode us\u00e1-lo&nbsp;<\/p>\n<p><strong>Mugiwara No Luffy<\/strong> utiliza a t\u00e9cnica <strong>segunda marcha<\/strong> para muitos melhorou seu <strong>velocidade<\/strong> e seu <strong>for\u00e7a<\/strong>. Ele acelera o seu <strong>circula\u00e7\u00e3o sangu\u00ednea<\/strong> e do <strong>vapor<\/strong> escapa de seu corpo<\/p>\n<h3>N\u00e3o se esque\u00e7a de consultar o guia de tamanhos abaixo.<\/h3>\n<p style=\"text-align: left\"><span><img decoding=\"async\" alt=\"Tabela de tamanhos de shorts de uma pe\u00e7a Baim: XXS, XS, S, M, L, XL\" src=\"\/\/cdn.shopify.com\/s\/files\/1\/0087\/7556\/5348\/files\/boutque_one__piece_tableau_taille_short_de_bain_large.jpg?v=1560446518\" style=\"float: none\"><\/span><\/p>\n<h3>Instru\u00e7\u00f5es de lavagem:<\/h3>\n<ul>\n<li>Lavar \u00e0 m\u00e1quina a 30 \u00b0C, ciclo delicado.<\/li>\n<\/ul>\n<ul>\n<li>Passar a ferro pelo avesso<\/li>\n<\/ul>\n<p>Para <strong>preservar a qualidade<\/strong> disso&nbsp;<strong>Cal\u00e7\u00e3o de banho de uma pe\u00e7a<\/strong>, Recomendamos que voc\u00ea <strong>respeito<\/strong> O <strong>instru\u00e7\u00f5es de lavagem<\/strong>.<\/p>","protected":false},"excerpt":{"rendered":"<p>Cal\u00e7\u00e3o de banho de One Piece com Luffy do Chap\u00e9u de Palha em Gear Second: Cal\u00e7\u00e3o de banho de alta qualidade para um pirata como voc\u00ea! Se voc\u00ea \u00e9 um verdadeiro pirata, vai apreciar a qualidade dos materiais, o design e a impress\u00e3o 3D deste cal\u00e7\u00e3o de banho de One Piece! Mas o mais importante \u00e9 que com este cal\u00e7\u00e3o [\u2026]<\/p>","protected":false},"featured_media":19281,"comment_status":"open","ping_status":"open","template":"","meta":[],"product_brand":[],"product_cat":[66],"product_tag":[92],"class_list":{"0":"post-12678","1":"product","2":"type-product","3":"status-publish","4":"has-post-thumbnail","6":"product_cat-shorts-de-bain-one-piece","7":"product_tag-luffy","9":"first","10":"instock","11":"purchasable","12":"product-type-variable"},"yoast_head":"<!-- This site is optimized with the Yoast SEO plugin v27.5 - https:\/\/yoast.com\/product\/yoast-seo-wordpress\/ -->\n<title>Short de Bain Luffy Gear 2 | Boutique One Piece<\/title>\n<meta name=\"description\" content=\"Maillot de Bain du Manga One Piece de Haute Qualit\u00e9 avec Monkey D. Luffy en Gear Second le Short parfait pour Tous les Pirates qui vont \u00e0 la Mer ou \u00e0 la Piscine\" \/>\n<meta name=\"robots\" content=\"index, follow, max-snippet:-1, max-image-preview:large, max-video-preview:-1\" \/>\n<link rel=\"canonical\" href=\"https:\/\/boutique-one-piece.com\/pt\/roupas-de-uma-peca\/calcoes-de-banho-de-uma-peca\/calcoes-de-banho-luffy-gear-2\/\" \/>\n<meta property=\"og:locale\" content=\"pt_PT\" \/>\n<meta property=\"og:type\" content=\"article\" \/>\n<meta property=\"og:title\" content=\"Short de Bain Luffy Gear 2 | Boutique One Piece\" \/>\n<meta property=\"og:description\" content=\"Maillot de Bain du Manga One Piece de Haute Qualit\u00e9 avec Monkey D. Luffy en Gear Second le Short parfait pour Tous les Pirates qui vont \u00e0 la Mer ou \u00e0 la Piscine\" \/>\n<meta property=\"og:url\" content=\"https:\/\/boutique-one-piece.com\/pt\/roupas-de-uma-peca\/calcoes-de-banho-de-uma-peca\/calcoes-de-banho-luffy-gear-2\/\" \/>\n<meta property=\"og:site_name\" content=\"Boutique One Piece\" \/>\n<meta property=\"article:modified_time\" content=\"2024-09-16T13:00:35+00:00\" \/>\n<meta property=\"og:image\" content=\"https:\/\/boutique-one-piece.com\/wp-content\/uploads\/2022\/09\/Pantalon-court-Anime-One-Piece-pour-homme-short-d-t-Monkey-D-Luffy-Portgas-D-ZanZoro.jpg_640x640.jpg\" \/>\n\t<meta property=\"og:image:width\" content=\"640\" \/>\n\t<meta property=\"og:image:height\" content=\"640\" \/>\n\t<meta property=\"og:image:type\" content=\"image\/jpeg\" \/>\n<meta name=\"twitter:card\" content=\"summary_large_image\" \/>\n<meta name=\"twitter:label1\" content=\"Tempo estimado de leitura\" \/>\n\t<meta name=\"twitter:data1\" content=\"2 minutos\" \/>\n<script type=\"application\/ld+json\" class=\"yoast-schema-graph\">{\"@context\":\"https:\\\/\\\/schema.org\",\"@graph\":[{\"@type\":\"WebPage\",\"@id\":\"https:\\\/\\\/boutique-one-piece.com\\\/vetements-one-piece\\\/shorts-de-bain-one-piece\\\/short-de-bain-luffy-gear-2\\\/\",\"url\":\"https:\\\/\\\/boutique-one-piece.com\\\/vetements-one-piece\\\/shorts-de-bain-one-piece\\\/short-de-bain-luffy-gear-2\\\/\",\"name\":\"Short de Bain Luffy Gear 2 | Boutique One Piece\",\"isPartOf\":{\"@id\":\"https:\\\/\\\/boutique-one-piece.com\\\/#website\"},\"primaryImageOfPage\":{\"@id\":\"https:\\\/\\\/boutique-one-piece.com\\\/vetements-one-piece\\\/shorts-de-bain-one-piece\\\/short-de-bain-luffy-gear-2\\\/#primaryimage\"},\"image\":{\"@id\":\"https:\\\/\\\/boutique-one-piece.com\\\/vetements-one-piece\\\/shorts-de-bain-one-piece\\\/short-de-bain-luffy-gear-2\\\/#primaryimage\"},\"thumbnailUrl\":\"https:\\\/\\\/boutique-one-piece.com\\\/wp-content\\\/uploads\\\/2022\\\/09\\\/Pantalon-court-Anime-One-Piece-pour-homme-short-d-t-Monkey-D-Luffy-Portgas-D-ZanZoro.jpg_640x640.jpg\",\"datePublished\":\"2022-09-27T20:57:23+00:00\",\"dateModified\":\"2024-09-16T13:00:35+00:00\",\"description\":\"Maillot de Bain du Manga One Piece de Haute Qualit\u00e9 avec Monkey D. Luffy en Gear Second le Short parfait pour Tous les Pirates qui vont \u00e0 la Mer ou \u00e0 la Piscine\",\"breadcrumb\":{\"@id\":\"https:\\\/\\\/boutique-one-piece.com\\\/vetements-one-piece\\\/shorts-de-bain-one-piece\\\/short-de-bain-luffy-gear-2\\\/#breadcrumb\"},\"inLanguage\":\"pt-PT\",\"potentialAction\":[{\"@type\":\"ReadAction\",\"target\":[\"https:\\\/\\\/boutique-one-piece.com\\\/vetements-one-piece\\\/shorts-de-bain-one-piece\\\/short-de-bain-luffy-gear-2\\\/\"]}]},{\"@type\":\"ImageObject\",\"inLanguage\":\"pt-PT\",\"@id\":\"https:\\\/\\\/boutique-one-piece.com\\\/vetements-one-piece\\\/shorts-de-bain-one-piece\\\/short-de-bain-luffy-gear-2\\\/#primaryimage\",\"url\":\"https:\\\/\\\/boutique-one-piece.com\\\/wp-content\\\/uploads\\\/2022\\\/09\\\/Pantalon-court-Anime-One-Piece-pour-homme-short-d-t-Monkey-D-Luffy-Portgas-D-ZanZoro.jpg_640x640.jpg\",\"contentUrl\":\"https:\\\/\\\/boutique-one-piece.com\\\/wp-content\\\/uploads\\\/2022\\\/09\\\/Pantalon-court-Anime-One-Piece-pour-homme-short-d-t-Monkey-D-Luffy-Portgas-D-ZanZoro.jpg_640x640.jpg\",\"width\":640,\"height\":640},{\"@type\":\"BreadcrumbList\",\"@id\":\"https:\\\/\\\/boutique-one-piece.com\\\/vetements-one-piece\\\/shorts-de-bain-one-piece\\\/short-de-bain-luffy-gear-2\\\/#breadcrumb\",\"itemListElement\":[{\"@type\":\"ListItem\",\"position\":1,\"name\":\"Home\",\"item\":\"https:\\\/\\\/boutique-one-piece.com\\\/\"},{\"@type\":\"ListItem\",\"position\":2,\"name\":\"Shop\",\"item\":\"https:\\\/\\\/boutique-one-piece.com\\\/shop\\\/\"},{\"@type\":\"ListItem\",\"position\":3,\"name\":\"Short de Bain One Piece Luffy Gear 2\"}]},{\"@type\":\"WebSite\",\"@id\":\"https:\\\/\\\/boutique-one-piece.com\\\/#website\",\"url\":\"https:\\\/\\\/boutique-one-piece.com\\\/\",\"name\":\"Boutique One Piece\",\"description\":\"Magasin Sp\u00e9cialis\u00e9 du Manga et l&#039;Anime One Piece\",\"publisher\":{\"@id\":\"https:\\\/\\\/boutique-one-piece.com\\\/#organization\"},\"potentialAction\":[{\"@type\":\"SearchAction\",\"target\":{\"@type\":\"EntryPoint\",\"urlTemplate\":\"https:\\\/\\\/boutique-one-piece.com\\\/?s={search_term_string}\"},\"query-input\":{\"@type\":\"PropertyValueSpecification\",\"valueRequired\":true,\"valueName\":\"search_term_string\"}}],\"inLanguage\":\"pt-PT\"},{\"@type\":\"Organization\",\"@id\":\"https:\\\/\\\/boutique-one-piece.com\\\/#organization\",\"name\":\"Boutique One Piece\",\"url\":\"https:\\\/\\\/boutique-one-piece.com\\\/\",\"logo\":{\"@type\":\"ImageObject\",\"inLanguage\":\"pt-PT\",\"@id\":\"https:\\\/\\\/boutique-one-piece.com\\\/#\\\/schema\\\/logo\\\/image\\\/\",\"url\":\"https:\\\/\\\/boutique-one-piece.com\\\/wp-content\\\/uploads\\\/2022\\\/09\\\/Logo-01.png\",\"contentUrl\":\"https:\\\/\\\/boutique-one-piece.com\\\/wp-content\\\/uploads\\\/2022\\\/09\\\/Logo-01.png\",\"width\":2318,\"height\":957,\"caption\":\"Boutique One Piece\"},\"image\":{\"@id\":\"https:\\\/\\\/boutique-one-piece.com\\\/#\\\/schema\\\/logo\\\/image\\\/\"}}]}<\/script>\n<!-- \/ Yoast SEO plugin. -->","yoast_head_json":{"title":"Cal\u00e7\u00f5es de banho Luffy Gear 2 | Loja One Piece","description":"Shorts de banho de alta qualidade do mang\u00e1 One Piece, com Monkey D. Luffy em Gear Second. O short perfeito para todos os piratas que v\u00e3o para o mar ou para a piscina.","robots":{"index":"index","follow":"follow","max-snippet":"max-snippet:-1","max-image-preview":"max-image-preview:large","max-video-preview":"max-video-preview:-1"},"canonical":"https:\/\/boutique-one-piece.com\/pt\/roupas-de-uma-peca\/calcoes-de-banho-de-uma-peca\/calcoes-de-banho-luffy-gear-2\/","og_locale":"pt_PT","og_type":"article","og_title":"Short de Bain Luffy Gear 2 | Boutique One Piece","og_description":"Maillot de Bain du Manga One Piece de Haute Qualit\u00e9 avec Monkey D. Luffy en Gear Second le Short parfait pour Tous les Pirates qui vont \u00e0 la Mer ou \u00e0 la Piscine","og_url":"https:\/\/boutique-one-piece.com\/pt\/roupas-de-uma-peca\/calcoes-de-banho-de-uma-peca\/calcoes-de-banho-luffy-gear-2\/","og_site_name":"Boutique One Piece","article_modified_time":"2024-09-16T13:00:35+00:00","og_image":[{"width":640,"height":640,"url":"https:\/\/boutique-one-piece.com\/wp-content\/uploads\/2022\/09\/Pantalon-court-Anime-One-Piece-pour-homme-short-d-t-Monkey-D-Luffy-Portgas-D-ZanZoro.jpg_640x640.jpg","type":"image\/jpeg"}],"twitter_card":"summary_large_image","twitter_misc":{"Tempo estimado de leitura":"2 minutos"},"schema":{"@context":"https:\/\/schema.org","@graph":[{"@type":"WebPage","@id":"https:\/\/boutique-one-piece.com\/vetements-one-piece\/shorts-de-bain-one-piece\/short-de-bain-luffy-gear-2\/","url":"https:\/\/boutique-one-piece.com\/vetements-one-piece\/shorts-de-bain-one-piece\/short-de-bain-luffy-gear-2\/","name":"Cal\u00e7\u00f5es de banho Luffy Gear 2 | Loja One Piece","isPartOf":{"@id":"https:\/\/boutique-one-piece.com\/#website"},"primaryImageOfPage":{"@id":"https:\/\/boutique-one-piece.com\/vetements-one-piece\/shorts-de-bain-one-piece\/short-de-bain-luffy-gear-2\/#primaryimage"},"image":{"@id":"https:\/\/boutique-one-piece.com\/vetements-one-piece\/shorts-de-bain-one-piece\/short-de-bain-luffy-gear-2\/#primaryimage"},"thumbnailUrl":"https:\/\/boutique-one-piece.com\/wp-content\/uploads\/2022\/09\/Pantalon-court-Anime-One-Piece-pour-homme-short-d-t-Monkey-D-Luffy-Portgas-D-ZanZoro.jpg_640x640.jpg","datePublished":"2022-09-27T20:57:23+00:00","dateModified":"2024-09-16T13:00:35+00:00","description":"Shorts de banho de alta qualidade do mang\u00e1 One Piece, com Monkey D. Luffy em Gear Second. O short perfeito para todos os piratas que v\u00e3o para o mar ou para a piscina.","breadcrumb":{"@id":"https:\/\/boutique-one-piece.com\/vetements-one-piece\/shorts-de-bain-one-piece\/short-de-bain-luffy-gear-2\/#breadcrumb"},"inLanguage":"pt-PT","potentialAction":[{"@type":"ReadAction","target":["https:\/\/boutique-one-piece.com\/vetements-one-piece\/shorts-de-bain-one-piece\/short-de-bain-luffy-gear-2\/"]}]},{"@type":"ImageObject","inLanguage":"pt-PT","@id":"https:\/\/boutique-one-piece.com\/vetements-one-piece\/shorts-de-bain-one-piece\/short-de-bain-luffy-gear-2\/#primaryimage","url":"https:\/\/boutique-one-piece.com\/wp-content\/uploads\/2022\/09\/Pantalon-court-Anime-One-Piece-pour-homme-short-d-t-Monkey-D-Luffy-Portgas-D-ZanZoro.jpg_640x640.jpg","contentUrl":"https:\/\/boutique-one-piece.com\/wp-content\/uploads\/2022\/09\/Pantalon-court-Anime-One-Piece-pour-homme-short-d-t-Monkey-D-Luffy-Portgas-D-ZanZoro.jpg_640x640.jpg","width":640,"height":640},{"@type":"BreadcrumbList","@id":"https:\/\/boutique-one-piece.com\/vetements-one-piece\/shorts-de-bain-one-piece\/short-de-bain-luffy-gear-2\/#breadcrumb","itemListElement":[{"@type":"ListItem","position":1,"name":"Home","item":"https:\/\/boutique-one-piece.com\/"},{"@type":"ListItem","position":2,"name":"Shop","item":"https:\/\/boutique-one-piece.com\/shop\/"},{"@type":"ListItem","position":3,"name":"Short de Bain One Piece Luffy Gear 2"}]},{"@type":"WebSite","@id":"https:\/\/boutique-one-piece.com\/#website","url":"https:\/\/boutique-one-piece.com\/","name":"Loja One Piece","description":"Loja especializada em mang\u00e1 e anime de One Piece.","publisher":{"@id":"https:\/\/boutique-one-piece.com\/#organization"},"potentialAction":[{"@type":"SearchAction","target":{"@type":"EntryPoint","urlTemplate":"https:\/\/boutique-one-piece.com\/?s={search_term_string}"},"query-input":{"@type":"PropertyValueSpecification","valueRequired":true,"valueName":"search_term_string"}}],"inLanguage":"pt-PT"},{"@type":"Organization","@id":"https:\/\/boutique-one-piece.com\/#organization","name":"Loja One Piece","url":"https:\/\/boutique-one-piece.com\/","logo":{"@type":"ImageObject","inLanguage":"pt-PT","@id":"https:\/\/boutique-one-piece.com\/#\/schema\/logo\/image\/","url":"https:\/\/boutique-one-piece.com\/wp-content\/uploads\/2022\/09\/Logo-01.png","contentUrl":"https:\/\/boutique-one-piece.com\/wp-content\/uploads\/2022\/09\/Logo-01.png","width":2318,"height":957,"caption":"Boutique One Piece"},"image":{"@id":"https:\/\/boutique-one-piece.com\/#\/schema\/logo\/image\/"}}]}},"_links":{"self":[{"href":"https:\/\/boutique-one-piece.com\/pt\/wp-json\/wp\/v2\/product\/12678","targetHints":{"allow":["GET"]}}],"collection":[{"href":"https:\/\/boutique-one-piece.com\/pt\/wp-json\/wp\/v2\/product"}],"about":[{"href":"https:\/\/boutique-one-piece.com\/pt\/wp-json\/wp\/v2\/types\/product"}],"replies":[{"embeddable":true,"href":"https:\/\/boutique-one-piece.com\/pt\/wp-json\/wp\/v2\/comments?post=12678"}],"wp:featuredmedia":[{"embeddable":true,"href":"https:\/\/boutique-one-piece.com\/pt\/wp-json\/wp\/v2\/media\/19281"}],"wp:attachment":[{"href":"https:\/\/boutique-one-piece.com\/pt\/wp-json\/wp\/v2\/media?parent=12678"}],"wp:term":[{"taxonomy":"product_brand","embeddable":true,"href":"https:\/\/boutique-one-piece.com\/pt\/wp-json\/wp\/v2\/product_brand?post=12678"},{"taxonomy":"product_cat","embeddable":true,"href":"https:\/\/boutique-one-piece.com\/pt\/wp-json\/wp\/v2\/product_cat?post=12678"},{"taxonomy":"product_tag","embeddable":true,"href":"https:\/\/boutique-one-piece.com\/pt\/wp-json\/wp\/v2\/product_tag?post=12678"}],"curies":[{"name":"wp","href":"https:\/\/api.w.org\/{rel}","templated":true}]}}