{"id":12713,"date":"2022-09-27T20:57:40","date_gmt":"2022-09-27T20:57:40","guid":{"rendered":"https:\/\/boutique-one-piece.com\/uncategorized\/embleme-chopper\/"},"modified":"2024-09-16T13:01:19","modified_gmt":"2024-09-16T13:01:19","slug":"emblema-do-helicoptero","status":"publish","type":"product","link":"https:\/\/boutique-one-piece.com\/pt\/produtos-de-one-piece\/tony-goodies-tony-chopper-one-piece\/emblema-do-helicoptero\/","title":{"rendered":"Emblema do helic\u00f3ptero"},"content":{"rendered":"<h2>Jovem Mousillon, adquira j\u00e1 este emblema da Chopper.<\/h2>\n<p><strong>Tony Tony Chopper<\/strong>, Ele \u00e9 o m\u00e9dico da tripula\u00e7\u00e3o do Chap\u00e9u de Palha. Ele tamb\u00e9m \u00e9 uma rena que comeu o <strong>Hito Hito no Mi<\/strong>, permitindo que ele se transforme em humano. Ele \u00e9 origin\u00e1rio da Ilha Drum, o que o torna o primeiro membro de <strong>a tripula\u00e7\u00e3o do Chap\u00e9u de Palha<\/strong> Ter nascido na Estrada de Todos os Perigos.<\/p>\n<p>Ele \u00e9, portanto, o sexto membro da tripula\u00e7\u00e3o. Uma pequena anedota sobre Chopper: ele \u00e9 muito ing\u00eanuo e acredita em todas as hist\u00f3rias mirabolantes de Usopp. Ali\u00e1s, esses dois s\u00e3o considerados os membros mais fracos da tripula\u00e7\u00e3o. Por fim, se voc\u00ea quiser expandir sua cole\u00e7\u00e3o de Jolly Roger, o <a title=\"BANDEIRA USOPP\" href=\"https:\/\/boutique-one-piece.com\/pt\/bandeira-do-usopp\/\" target=\"_blank\" rel=\"noopener\">Bandeira do Usopp<\/a> Est\u00e1 ao seu alcance.<\/p>\n<h3>Ent\u00e3o, voc\u00ea ficou fascinado por esta aut\u00eantica bandeira pirata com o Chopper? Se sim, n\u00e3o espere mais e aproveite a oportunidade para adquiri-la. Preste uma homenagem \u00e0 altura do m\u00e9dico dos Piratas.<\/h3>\n<p><strong>Jovem pirata<\/strong>, Ent\u00e3o, embarque sem mais demora a bordo do Thousand Sunny. Muitas aventuras o aguardam. Seja voc\u00ea um f\u00e3 incondicional ou um colecionador s\u00e9rio, voc\u00ea est\u00e1 no lugar certo. Esses itens lend\u00e1rios s\u00e3o definitivamente para voc\u00ea. Cabe a voc\u00ea vir e expandir sua cole\u00e7\u00e3o. <strong>seu universo de One Piece<\/strong>.<\/p>\n<p>Este mang\u00e1, ambientado em um mundo fict\u00edcio dominado pelos oceanos, onde alguns piratas anseiam por uma era de liberdade e aventura conhecida como a &quot;era de ouro da pirataria&quot;, est\u00e1 esperando por voc\u00ea.\u00a0<\/p>\n<h2>Informa\u00e7\u00f5es sobre a bandeira da equipe de Tony Chopper:<\/h2>\n<ul>\n<li>\n<strong><u>Bandeira de One Piece<\/u><\/strong>\u00a0Uma aut\u00eantica bandeira pirata de One Piece para verdadeiros f\u00e3s.<\/li>\n<\/ul>\n<ul>\n<li>\n<strong>Impress\u00e3o de alta qualidade<\/strong>\u00a0cores precisas<\/li>\n<\/ul>\n<ul>\n<li>\n<strong>Mat\u00e9ria<\/strong> Poli\u00e9ster<\/li>\n<\/ul>\n<ul>\n<li>\n<strong>Dimens\u00e3o<\/strong>\u00a0: 70 cm x 125 cm<\/li>\n<\/ul>\n<ul>\n<li>\n<strong>Peso<\/strong> : 100 gr<\/li>\n<\/ul>\n<ul>\n<li><strong>ENTREGA GR\u00c1TIS<\/strong><\/li>\n<\/ul>","protected":false},"excerpt":{"rendered":"<p>Jovem marinheiro, adquira j\u00e1 este emblema do Chopper! Tony Tony Chopper \u00e9 o m\u00e9dico do Bando do Chap\u00e9u de Palha. Ele tamb\u00e9m \u00e9 uma rena que comeu a Hito Hito no Mi, o que lhe permite se transformar em humano. Ele vem da Ilha Drum, sendo o primeiro membro [\u2026]<\/p>","protected":false},"featured_media":12715,"comment_status":"open","ping_status":"open","template":"","meta":[],"product_brand":[],"product_cat":[212,163],"product_tag":[165],"class_list":{"0":"post-12713","1":"product","2":"type-product","3":"status-publish","4":"has-post-thumbnail","6":"product_cat-drapeaux-one-piece","7":"product_cat-goodies-tony-tony-chopper-one-piece","8":"product_tag-chopper","10":"first","11":"instock","12":"purchasable","13":"product-type-simple"},"yoast_head":"<!-- This site is optimized with the Yoast SEO plugin v27.5 - https:\/\/yoast.com\/product\/yoast-seo-wordpress\/ -->\n<title>Embl\u00e8me Chopper | Boutique One Piece<\/title>\n<meta name=\"description\" content=\"D\u00e9couvrez le Drapeau One Piece Tony Chopper, d\u00e9corez votre pi\u00e8ce en rejoignant la flotte du m\u00e9decin des Mugiwaras ! Commencez votre aventure recherche du One Piece dans l&#039;\u00e9quipage du Chapeau de Paille\" \/>\n<meta name=\"robots\" content=\"index, follow, max-snippet:-1, max-image-preview:large, max-video-preview:-1\" \/>\n<link rel=\"canonical\" href=\"https:\/\/boutique-one-piece.com\/pt\/decoracoes-de-one-piece\/bandeiras-de-one-piece\/emblema-do-helicoptero\/\" \/>\n<meta property=\"og:locale\" content=\"pt_PT\" \/>\n<meta property=\"og:type\" content=\"article\" \/>\n<meta property=\"og:title\" content=\"Embl\u00e8me Chopper | Boutique One Piece\" \/>\n<meta property=\"og:description\" content=\"D\u00e9couvrez le Drapeau One Piece Tony Chopper, d\u00e9corez votre pi\u00e8ce en rejoignant la flotte du m\u00e9decin des Mugiwaras ! Commencez votre aventure recherche du One Piece dans l&#039;\u00e9quipage du Chapeau de Paille\" \/>\n<meta property=\"og:url\" content=\"https:\/\/boutique-one-piece.com\/pt\/decoracoes-de-one-piece\/bandeiras-de-one-piece\/emblema-do-helicoptero\/\" \/>\n<meta property=\"og:site_name\" content=\"Boutique One Piece\" \/>\n<meta property=\"article:modified_time\" content=\"2024-09-16T13:01:19+00:00\" \/>\n<meta property=\"og:image\" content=\"https:\/\/boutique-one-piece.com\/wp-content\/uploads\/2022\/09\/Embleme-Chopper-1.jpg\" \/>\n\t<meta property=\"og:image:width\" content=\"800\" \/>\n\t<meta property=\"og:image:height\" content=\"800\" \/>\n\t<meta property=\"og:image:type\" content=\"image\/jpeg\" \/>\n<meta name=\"twitter:card\" content=\"summary_large_image\" \/>\n<meta name=\"twitter:label1\" content=\"Tempo estimado de leitura\" \/>\n\t<meta name=\"twitter:data1\" content=\"2 minutos\" \/>\n<script type=\"application\/ld+json\" class=\"yoast-schema-graph\">{\"@context\":\"https:\\\/\\\/schema.org\",\"@graph\":[{\"@type\":\"WebPage\",\"@id\":\"https:\\\/\\\/boutique-one-piece.com\\\/decorations-one-piece\\\/drapeaux-one-piece\\\/embleme-chopper\\\/\",\"url\":\"https:\\\/\\\/boutique-one-piece.com\\\/decorations-one-piece\\\/drapeaux-one-piece\\\/embleme-chopper\\\/\",\"name\":\"Embl\u00e8me Chopper | Boutique One Piece\",\"isPartOf\":{\"@id\":\"https:\\\/\\\/boutique-one-piece.com\\\/#website\"},\"primaryImageOfPage\":{\"@id\":\"https:\\\/\\\/boutique-one-piece.com\\\/decorations-one-piece\\\/drapeaux-one-piece\\\/embleme-chopper\\\/#primaryimage\"},\"image\":{\"@id\":\"https:\\\/\\\/boutique-one-piece.com\\\/decorations-one-piece\\\/drapeaux-one-piece\\\/embleme-chopper\\\/#primaryimage\"},\"thumbnailUrl\":\"https:\\\/\\\/boutique-one-piece.com\\\/wp-content\\\/uploads\\\/2022\\\/09\\\/Embleme-Chopper-1.jpg\",\"datePublished\":\"2022-09-27T20:57:40+00:00\",\"dateModified\":\"2024-09-16T13:01:19+00:00\",\"description\":\"D\u00e9couvrez le Drapeau One Piece Tony Chopper, d\u00e9corez votre pi\u00e8ce en rejoignant la flotte du m\u00e9decin des Mugiwaras ! Commencez votre aventure recherche du One Piece dans l'\u00e9quipage du Chapeau de Paille\",\"breadcrumb\":{\"@id\":\"https:\\\/\\\/boutique-one-piece.com\\\/decorations-one-piece\\\/drapeaux-one-piece\\\/embleme-chopper\\\/#breadcrumb\"},\"inLanguage\":\"pt-PT\",\"potentialAction\":[{\"@type\":\"ReadAction\",\"target\":[\"https:\\\/\\\/boutique-one-piece.com\\\/decorations-one-piece\\\/drapeaux-one-piece\\\/embleme-chopper\\\/\"]}]},{\"@type\":\"ImageObject\",\"inLanguage\":\"pt-PT\",\"@id\":\"https:\\\/\\\/boutique-one-piece.com\\\/decorations-one-piece\\\/drapeaux-one-piece\\\/embleme-chopper\\\/#primaryimage\",\"url\":\"https:\\\/\\\/boutique-one-piece.com\\\/wp-content\\\/uploads\\\/2022\\\/09\\\/Embleme-Chopper-1.jpg\",\"contentUrl\":\"https:\\\/\\\/boutique-one-piece.com\\\/wp-content\\\/uploads\\\/2022\\\/09\\\/Embleme-Chopper-1.jpg\",\"width\":800,\"height\":800},{\"@type\":\"BreadcrumbList\",\"@id\":\"https:\\\/\\\/boutique-one-piece.com\\\/decorations-one-piece\\\/drapeaux-one-piece\\\/embleme-chopper\\\/#breadcrumb\",\"itemListElement\":[{\"@type\":\"ListItem\",\"position\":1,\"name\":\"Home\",\"item\":\"https:\\\/\\\/boutique-one-piece.com\\\/\"},{\"@type\":\"ListItem\",\"position\":2,\"name\":\"Shop\",\"item\":\"https:\\\/\\\/boutique-one-piece.com\\\/shop\\\/\"},{\"@type\":\"ListItem\",\"position\":3,\"name\":\"Embl\u00e8me Chopper\"}]},{\"@type\":\"WebSite\",\"@id\":\"https:\\\/\\\/boutique-one-piece.com\\\/#website\",\"url\":\"https:\\\/\\\/boutique-one-piece.com\\\/\",\"name\":\"Boutique One Piece\",\"description\":\"Magasin Sp\u00e9cialis\u00e9 du Manga et l&#039;Anime One Piece\",\"publisher\":{\"@id\":\"https:\\\/\\\/boutique-one-piece.com\\\/#organization\"},\"potentialAction\":[{\"@type\":\"SearchAction\",\"target\":{\"@type\":\"EntryPoint\",\"urlTemplate\":\"https:\\\/\\\/boutique-one-piece.com\\\/?s={search_term_string}\"},\"query-input\":{\"@type\":\"PropertyValueSpecification\",\"valueRequired\":true,\"valueName\":\"search_term_string\"}}],\"inLanguage\":\"pt-PT\"},{\"@type\":\"Organization\",\"@id\":\"https:\\\/\\\/boutique-one-piece.com\\\/#organization\",\"name\":\"Boutique One Piece\",\"url\":\"https:\\\/\\\/boutique-one-piece.com\\\/\",\"logo\":{\"@type\":\"ImageObject\",\"inLanguage\":\"pt-PT\",\"@id\":\"https:\\\/\\\/boutique-one-piece.com\\\/#\\\/schema\\\/logo\\\/image\\\/\",\"url\":\"https:\\\/\\\/boutique-one-piece.com\\\/wp-content\\\/uploads\\\/2022\\\/09\\\/Logo-01.png\",\"contentUrl\":\"https:\\\/\\\/boutique-one-piece.com\\\/wp-content\\\/uploads\\\/2022\\\/09\\\/Logo-01.png\",\"width\":2318,\"height\":957,\"caption\":\"Boutique One Piece\"},\"image\":{\"@id\":\"https:\\\/\\\/boutique-one-piece.com\\\/#\\\/schema\\\/logo\\\/image\\\/\"}}]}<\/script>\n<!-- \/ Yoast SEO plugin. -->","yoast_head_json":{"title":"Emblema do Chopper | Loja One Piece","description":"Descubra a bandeira do Tony Chopper de One Piece, decore seu quarto e junte-se \u00e0 frota m\u00e9dica dos Chap\u00e9us de Palha! Comece sua aventura em busca do One Piece com a tripula\u00e7\u00e3o do Chap\u00e9u de Palha.","robots":{"index":"index","follow":"follow","max-snippet":"max-snippet:-1","max-image-preview":"max-image-preview:large","max-video-preview":"max-video-preview:-1"},"canonical":"https:\/\/boutique-one-piece.com\/pt\/decoracoes-de-one-piece\/bandeiras-de-one-piece\/emblema-do-helicoptero\/","og_locale":"pt_PT","og_type":"article","og_title":"Embl\u00e8me Chopper | Boutique One Piece","og_description":"D\u00e9couvrez le Drapeau One Piece Tony Chopper, d\u00e9corez votre pi\u00e8ce en rejoignant la flotte du m\u00e9decin des Mugiwaras ! Commencez votre aventure recherche du One Piece dans l'\u00e9quipage du Chapeau de Paille","og_url":"https:\/\/boutique-one-piece.com\/pt\/decoracoes-de-one-piece\/bandeiras-de-one-piece\/emblema-do-helicoptero\/","og_site_name":"Boutique One Piece","article_modified_time":"2024-09-16T13:01:19+00:00","og_image":[{"width":800,"height":800,"url":"https:\/\/boutique-one-piece.com\/wp-content\/uploads\/2022\/09\/Embleme-Chopper-1.jpg","type":"image\/jpeg"}],"twitter_card":"summary_large_image","twitter_misc":{"Tempo estimado de leitura":"2 minutos"},"schema":{"@context":"https:\/\/schema.org","@graph":[{"@type":"WebPage","@id":"https:\/\/boutique-one-piece.com\/decorations-one-piece\/drapeaux-one-piece\/embleme-chopper\/","url":"https:\/\/boutique-one-piece.com\/decorations-one-piece\/drapeaux-one-piece\/embleme-chopper\/","name":"Emblema do Chopper | Loja One Piece","isPartOf":{"@id":"https:\/\/boutique-one-piece.com\/#website"},"primaryImageOfPage":{"@id":"https:\/\/boutique-one-piece.com\/decorations-one-piece\/drapeaux-one-piece\/embleme-chopper\/#primaryimage"},"image":{"@id":"https:\/\/boutique-one-piece.com\/decorations-one-piece\/drapeaux-one-piece\/embleme-chopper\/#primaryimage"},"thumbnailUrl":"https:\/\/boutique-one-piece.com\/wp-content\/uploads\/2022\/09\/Embleme-Chopper-1.jpg","datePublished":"2022-09-27T20:57:40+00:00","dateModified":"2024-09-16T13:01:19+00:00","description":"Descubra a bandeira do Tony Chopper de One Piece, decore seu quarto e junte-se \u00e0 frota m\u00e9dica dos Chap\u00e9us de Palha! Comece sua aventura em busca do One Piece com a tripula\u00e7\u00e3o do Chap\u00e9u de Palha.","breadcrumb":{"@id":"https:\/\/boutique-one-piece.com\/decorations-one-piece\/drapeaux-one-piece\/embleme-chopper\/#breadcrumb"},"inLanguage":"pt-PT","potentialAction":[{"@type":"ReadAction","target":["https:\/\/boutique-one-piece.com\/decorations-one-piece\/drapeaux-one-piece\/embleme-chopper\/"]}]},{"@type":"ImageObject","inLanguage":"pt-PT","@id":"https:\/\/boutique-one-piece.com\/decorations-one-piece\/drapeaux-one-piece\/embleme-chopper\/#primaryimage","url":"https:\/\/boutique-one-piece.com\/wp-content\/uploads\/2022\/09\/Embleme-Chopper-1.jpg","contentUrl":"https:\/\/boutique-one-piece.com\/wp-content\/uploads\/2022\/09\/Embleme-Chopper-1.jpg","width":800,"height":800},{"@type":"BreadcrumbList","@id":"https:\/\/boutique-one-piece.com\/decorations-one-piece\/drapeaux-one-piece\/embleme-chopper\/#breadcrumb","itemListElement":[{"@type":"ListItem","position":1,"name":"Home","item":"https:\/\/boutique-one-piece.com\/"},{"@type":"ListItem","position":2,"name":"Shop","item":"https:\/\/boutique-one-piece.com\/shop\/"},{"@type":"ListItem","position":3,"name":"Embl\u00e8me Chopper"}]},{"@type":"WebSite","@id":"https:\/\/boutique-one-piece.com\/#website","url":"https:\/\/boutique-one-piece.com\/","name":"Loja One Piece","description":"Loja especializada em mang\u00e1 e anime de One Piece.","publisher":{"@id":"https:\/\/boutique-one-piece.com\/#organization"},"potentialAction":[{"@type":"SearchAction","target":{"@type":"EntryPoint","urlTemplate":"https:\/\/boutique-one-piece.com\/?s={search_term_string}"},"query-input":{"@type":"PropertyValueSpecification","valueRequired":true,"valueName":"search_term_string"}}],"inLanguage":"pt-PT"},{"@type":"Organization","@id":"https:\/\/boutique-one-piece.com\/#organization","name":"Loja One Piece","url":"https:\/\/boutique-one-piece.com\/","logo":{"@type":"ImageObject","inLanguage":"pt-PT","@id":"https:\/\/boutique-one-piece.com\/#\/schema\/logo\/image\/","url":"https:\/\/boutique-one-piece.com\/wp-content\/uploads\/2022\/09\/Logo-01.png","contentUrl":"https:\/\/boutique-one-piece.com\/wp-content\/uploads\/2022\/09\/Logo-01.png","width":2318,"height":957,"caption":"Boutique One Piece"},"image":{"@id":"https:\/\/boutique-one-piece.com\/#\/schema\/logo\/image\/"}}]}},"_links":{"self":[{"href":"https:\/\/boutique-one-piece.com\/pt\/wp-json\/wp\/v2\/product\/12713","targetHints":{"allow":["GET"]}}],"collection":[{"href":"https:\/\/boutique-one-piece.com\/pt\/wp-json\/wp\/v2\/product"}],"about":[{"href":"https:\/\/boutique-one-piece.com\/pt\/wp-json\/wp\/v2\/types\/product"}],"replies":[{"embeddable":true,"href":"https:\/\/boutique-one-piece.com\/pt\/wp-json\/wp\/v2\/comments?post=12713"}],"wp:featuredmedia":[{"embeddable":true,"href":"https:\/\/boutique-one-piece.com\/pt\/wp-json\/wp\/v2\/media\/12715"}],"wp:attachment":[{"href":"https:\/\/boutique-one-piece.com\/pt\/wp-json\/wp\/v2\/media?parent=12713"}],"wp:term":[{"taxonomy":"product_brand","embeddable":true,"href":"https:\/\/boutique-one-piece.com\/pt\/wp-json\/wp\/v2\/product_brand?post=12713"},{"taxonomy":"product_cat","embeddable":true,"href":"https:\/\/boutique-one-piece.com\/pt\/wp-json\/wp\/v2\/product_cat?post=12713"},{"taxonomy":"product_tag","embeddable":true,"href":"https:\/\/boutique-one-piece.com\/pt\/wp-json\/wp\/v2\/product_tag?post=12713"}],"curies":[{"name":"wp","href":"https:\/\/api.w.org\/{rel}","templated":true}]}}