{"id":12987,"date":"2022-09-27T20:59:43","date_gmt":"2022-09-27T20:59:43","guid":{"rendered":"https:\/\/boutique-one-piece.com\/uncategorized\/figurine-one-piece-la-course-dace\/"},"modified":"2024-09-16T13:07:00","modified_gmt":"2024-09-16T13:07:00","slug":"figura-de-acao-de-uma-peca-da-raca-dace","status":"publish","type":"product","link":"https:\/\/boutique-one-piece.com\/pt\/figuras-de-acao-de-one-piece\/estatuetas-de-portgas-dace\/figura-de-acao-de-uma-peca-da-raca-dace\/","title":{"rendered":"Figura de a\u00e7\u00e3o de Ace em One Piece"},"content":{"rendered":"<h2>Jeune pirate, le moment est venu pour toi de te procurer cette Figurine One Piece La Course d\u2019Ace.<\/h2>\n<p>Tu n\u2019es pas sans savoir que<strong> Portgas D. Ace<\/strong>, Conhecido como &quot;Ace Punho de Fogo&quot;, ele \u00e9 o irm\u00e3o espiritual de Monkey D. Luffy e Sabo. Ele tamb\u00e9m \u00e9 o \u00fanico filho do falecido Rei dos Piratas.<strong> Gol D. Roger<\/strong> et de son \u00e9pouse Portgas D. Rouge. D\u2019ailleurs, si tu souhaites agrandir ta collection de figurines, les <a title=\"Conjunto de 3 figuras dos irm\u00e3os Fire de One Piece\" href=\"https:\/\/boutique-one-piece.com\/pt\/conjunto-de-3-figuras-de-acao-de-one-piece-os-irmaos-do-fogo\/\" target=\"_blank\" rel=\"noopener\">estatuetas dos tr\u00eas irm\u00e3os<\/a> Est\u00e1 ao seu alcance.<\/p>\n<p>Pour en revenir \u00e0 Ace, voici une anecdote concernant ses d\u00e9buts dans la piraterie ; D\u00e8s son d\u00e9part du Village de Fuchsia, il fonde L\u2019\u00c9quipage des Spade. Tr\u00e8s vite, il acqui\u00e8re une tr\u00e8s haute notori\u00e9t\u00e9, \u00e0 tel point que le Gouvernement Mondial lui offre une place de Capitaine Corsaire, qu\u2019il refuse. Sa t\u00eate sera alors mise \u00e0 prix. Il rencontre plus tard Shanks, sur Grand Line. Il le remercie d\u2019avoir sauv\u00e9 Luffy du Monstre de la Baie.<\/p>\n<h3>Alors, conquis par la figurine d\u2019Ace ? Si tel est le cas, rejoins le dans ses p\u00e9riples vers le Nouveau Monde.<\/h3>\n<p><strong>Uma peda\u00e7o<\/strong> \u00c9 o mang\u00e1 mais vendido do mundo. Continue a vivenciar muitas aventuras neste universo de aventuras sem fim. Mergulhe mais uma vez em<strong> l\u2019univers de Luffy<\/strong>, Gra\u00e7as a esses itens lend\u00e1rios. Perfeitos para presentear, decorar ou colecionar, esses itens expandir\u00e3o seu universo de One Piece.<\/p>\n<h2>Information sur Figurine La Course D\u2019Ace\u00a0<\/h2>\n<ul data-mce-fragment=\"1\">\n<li data-mce-fragment=\"1\"><span data-mce-fragment=\"1\"><b data-mce-fragment=\"1\"><u data-mce-fragment=\"1\">Figura de a\u00e7\u00e3o de One Piece<\/u><\/b>\u00a0: Figurine\u00a0 premium de l\u2019univers One Piece pour les vrais pirates<\/span><\/li>\n<\/ul>\n<ul data-mce-fragment=\"1\">\n<li data-mce-fragment=\"1\">\n<b data-mce-fragment=\"1\">Mat\u00e9ria<\/b><span data-mce-fragment=\"1\">\u00a0<\/span>PVC<\/li>\n<\/ul>\n<ul data-mce-fragment=\"1\">\n<li data-mce-fragment=\"1\"><span data-mce-fragment=\"1\"><strong data-mce-fragment=\"1\">Dimens\u00e3o<\/strong>\u00a0: 20 cm<\/span><\/li>\n<\/ul>\n<ul data-mce-fragment=\"1\">\n<li data-mce-fragment=\"1\"><span data-mce-fragment=\"1\"><strong data-mce-fragment=\"1\">ENTREGA GR\u00c1TIS<\/strong><\/span><\/li>\n<\/ul>","protected":false},"excerpt":{"rendered":"<p>Jeune pirate, le moment est venu pour toi de te procurer cette Figurine One Piece La Course d\u2019Ace. Tu n\u2019es pas sans savoir que Portgas D. Ace, connu sous le nom d\u00a0\u00bbAce aux Poings Ardents\u00a0\u00bb est le fr\u00e8re spirituel de Monkey D. Luffy et de Sabo. Il est aussi le seul fils du d\u00e9funt Roi [&hellip;]<\/p>","protected":false},"featured_media":12989,"comment_status":"open","ping_status":"open","template":"","meta":[],"product_brand":[],"product_cat":[76,179],"product_tag":[176],"class_list":{"0":"post-12987","1":"product","2":"type-product","3":"status-publish","4":"has-post-thumbnail","6":"product_cat-figurines-one-piece","7":"product_cat-figurines-portgas-d-ace","8":"product_tag-ace","10":"first","11":"instock","12":"purchasable","13":"product-type-simple"},"yoast_head":"<!-- This site is optimized with the Yoast SEO plugin v27.5 - https:\/\/yoast.com\/product\/yoast-seo-wordpress\/ -->\n<title>Figurine One Piece La Course d&#039;Ace | Figurine One Piece \u2013 Boutique One Piece<\/title>\n<meta name=\"description\" content=\"Jeune pirate, le moment est venu pour toi de te procurer cette Figurine One Piece La Course d&#039;Ace. Tu n&#039;es pas sans savoir que Portgas D. Ace, connu sous le nom d&quot;Ace aux Poings Ardents&quot; est le fr\u00e8re spirituel de Monkey D. Luffy et de Sabo. Il est aussi le seul fils du d\u00e9funt Roi des Pirates Gol D. Roger et de son \u00e9pou\" \/>\n<meta name=\"robots\" content=\"index, follow, max-snippet:-1, max-image-preview:large, max-video-preview:-1\" \/>\n<link rel=\"canonical\" href=\"https:\/\/boutique-one-piece.com\/pt\/figuras-de-acao-de-one-piece\/estatuetas-de-portgas-dace\/figura-de-acao-de-uma-peca-da-raca-dace\/\" \/>\n<meta property=\"og:locale\" content=\"pt_PT\" \/>\n<meta property=\"og:type\" content=\"article\" \/>\n<meta property=\"og:title\" content=\"Figurine One Piece La Course d&#039;Ace | Figurine One Piece \u2013 Boutique One Piece\" \/>\n<meta property=\"og:description\" content=\"Jeune pirate, le moment est venu pour toi de te procurer cette Figurine One Piece La Course d&#039;Ace. Tu n&#039;es pas sans savoir que Portgas D. Ace, connu sous le nom d&quot;Ace aux Poings Ardents&quot; est le fr\u00e8re spirituel de Monkey D. Luffy et de Sabo. Il est aussi le seul fils du d\u00e9funt Roi des Pirates Gol D. Roger et de son \u00e9pou\" \/>\n<meta property=\"og:url\" content=\"https:\/\/boutique-one-piece.com\/pt\/figuras-de-acao-de-one-piece\/estatuetas-de-portgas-dace\/figura-de-acao-de-uma-peca-da-raca-dace\/\" \/>\n<meta property=\"og:site_name\" content=\"Boutique One Piece\" \/>\n<meta property=\"article:modified_time\" content=\"2024-09-16T13:07:00+00:00\" \/>\n<meta property=\"og:image\" content=\"https:\/\/boutique-one-piece.com\/wp-content\/uploads\/2022\/09\/Figurine-One-Piece-La-Course-dAce.jpg\" \/>\n\t<meta property=\"og:image:width\" content=\"640\" \/>\n\t<meta property=\"og:image:height\" content=\"640\" \/>\n\t<meta property=\"og:image:type\" content=\"image\/jpeg\" \/>\n<meta name=\"twitter:card\" content=\"summary_large_image\" \/>\n<meta name=\"twitter:label1\" content=\"Tempo estimado de leitura\" \/>\n\t<meta name=\"twitter:data1\" content=\"1 minuto\" \/>\n<script type=\"application\/ld+json\" class=\"yoast-schema-graph\">{\"@context\":\"https:\\\/\\\/schema.org\",\"@graph\":[{\"@type\":\"WebPage\",\"@id\":\"https:\\\/\\\/boutique-one-piece.com\\\/figurines-one-piece\\\/figurines-portgas-d-ace\\\/figurine-one-piece-la-course-dace\\\/\",\"url\":\"https:\\\/\\\/boutique-one-piece.com\\\/figurines-one-piece\\\/figurines-portgas-d-ace\\\/figurine-one-piece-la-course-dace\\\/\",\"name\":\"Figurine One Piece La Course d'Ace | Figurine One Piece \u2013 Boutique One Piece\",\"isPartOf\":{\"@id\":\"https:\\\/\\\/boutique-one-piece.com\\\/#website\"},\"primaryImageOfPage\":{\"@id\":\"https:\\\/\\\/boutique-one-piece.com\\\/figurines-one-piece\\\/figurines-portgas-d-ace\\\/figurine-one-piece-la-course-dace\\\/#primaryimage\"},\"image\":{\"@id\":\"https:\\\/\\\/boutique-one-piece.com\\\/figurines-one-piece\\\/figurines-portgas-d-ace\\\/figurine-one-piece-la-course-dace\\\/#primaryimage\"},\"thumbnailUrl\":\"https:\\\/\\\/boutique-one-piece.com\\\/wp-content\\\/uploads\\\/2022\\\/09\\\/Figurine-One-Piece-La-Course-dAce.jpg\",\"datePublished\":\"2022-09-27T20:59:43+00:00\",\"dateModified\":\"2024-09-16T13:07:00+00:00\",\"description\":\"Jeune pirate, le moment est venu pour toi de te procurer cette Figurine One Piece La Course d'Ace. Tu n'es pas sans savoir que Portgas D. Ace, connu sous le nom d\\\"Ace aux Poings Ardents\\\" est le fr\u00e8re spirituel de Monkey D. Luffy et de Sabo. Il est aussi le seul fils du d\u00e9funt Roi des Pirates Gol D. Roger et de son \u00e9pou\",\"breadcrumb\":{\"@id\":\"https:\\\/\\\/boutique-one-piece.com\\\/figurines-one-piece\\\/figurines-portgas-d-ace\\\/figurine-one-piece-la-course-dace\\\/#breadcrumb\"},\"inLanguage\":\"pt-PT\",\"potentialAction\":[{\"@type\":\"ReadAction\",\"target\":[\"https:\\\/\\\/boutique-one-piece.com\\\/figurines-one-piece\\\/figurines-portgas-d-ace\\\/figurine-one-piece-la-course-dace\\\/\"]}]},{\"@type\":\"ImageObject\",\"inLanguage\":\"pt-PT\",\"@id\":\"https:\\\/\\\/boutique-one-piece.com\\\/figurines-one-piece\\\/figurines-portgas-d-ace\\\/figurine-one-piece-la-course-dace\\\/#primaryimage\",\"url\":\"https:\\\/\\\/boutique-one-piece.com\\\/wp-content\\\/uploads\\\/2022\\\/09\\\/Figurine-One-Piece-La-Course-dAce.jpg\",\"contentUrl\":\"https:\\\/\\\/boutique-one-piece.com\\\/wp-content\\\/uploads\\\/2022\\\/09\\\/Figurine-One-Piece-La-Course-dAce.jpg\",\"width\":640,\"height\":640,\"caption\":\"Figurine One Piece La Course d'Ace Default Title\"},{\"@type\":\"BreadcrumbList\",\"@id\":\"https:\\\/\\\/boutique-one-piece.com\\\/figurines-one-piece\\\/figurines-portgas-d-ace\\\/figurine-one-piece-la-course-dace\\\/#breadcrumb\",\"itemListElement\":[{\"@type\":\"ListItem\",\"position\":1,\"name\":\"Home\",\"item\":\"https:\\\/\\\/boutique-one-piece.com\\\/\"},{\"@type\":\"ListItem\",\"position\":2,\"name\":\"Shop\",\"item\":\"https:\\\/\\\/boutique-one-piece.com\\\/shop\\\/\"},{\"@type\":\"ListItem\",\"position\":3,\"name\":\"Figurine One Piece La Course d&#8217;Ace\"}]},{\"@type\":\"WebSite\",\"@id\":\"https:\\\/\\\/boutique-one-piece.com\\\/#website\",\"url\":\"https:\\\/\\\/boutique-one-piece.com\\\/\",\"name\":\"Boutique One Piece\",\"description\":\"Magasin Sp\u00e9cialis\u00e9 du Manga et l&#039;Anime One Piece\",\"publisher\":{\"@id\":\"https:\\\/\\\/boutique-one-piece.com\\\/#organization\"},\"potentialAction\":[{\"@type\":\"SearchAction\",\"target\":{\"@type\":\"EntryPoint\",\"urlTemplate\":\"https:\\\/\\\/boutique-one-piece.com\\\/?s={search_term_string}\"},\"query-input\":{\"@type\":\"PropertyValueSpecification\",\"valueRequired\":true,\"valueName\":\"search_term_string\"}}],\"inLanguage\":\"pt-PT\"},{\"@type\":\"Organization\",\"@id\":\"https:\\\/\\\/boutique-one-piece.com\\\/#organization\",\"name\":\"Boutique One Piece\",\"url\":\"https:\\\/\\\/boutique-one-piece.com\\\/\",\"logo\":{\"@type\":\"ImageObject\",\"inLanguage\":\"pt-PT\",\"@id\":\"https:\\\/\\\/boutique-one-piece.com\\\/#\\\/schema\\\/logo\\\/image\\\/\",\"url\":\"https:\\\/\\\/boutique-one-piece.com\\\/wp-content\\\/uploads\\\/2022\\\/09\\\/Logo-01.png\",\"contentUrl\":\"https:\\\/\\\/boutique-one-piece.com\\\/wp-content\\\/uploads\\\/2022\\\/09\\\/Logo-01.png\",\"width\":2318,\"height\":957,\"caption\":\"Boutique One Piece\"},\"image\":{\"@id\":\"https:\\\/\\\/boutique-one-piece.com\\\/#\\\/schema\\\/logo\\\/image\\\/\"}}]}<\/script>\n<!-- \/ Yoast SEO plugin. -->","yoast_head_json":{"title":"Figura de a\u00e7\u00e3o de Ace de One Piece | Figura de a\u00e7\u00e3o de One Piece \u2013 Loja de One Piece","description":"Jovem pirata, chegou a hora de voc\u00ea colocar as m\u00e3os nesta figura da ra\u00e7a Ace de One Piece. Voc\u00ea certamente sabe que Portgas D. Ace, conhecido como &quot;Ace Punho de Fogo&quot;, \u00e9 o irm\u00e3o jurado de Monkey D. Luffy e Sabo. Ele tamb\u00e9m \u00e9 o \u00fanico filho do falecido Rei dos Piratas, Gol D. Roger, e de sua esposa.","robots":{"index":"index","follow":"follow","max-snippet":"max-snippet:-1","max-image-preview":"max-image-preview:large","max-video-preview":"max-video-preview:-1"},"canonical":"https:\/\/boutique-one-piece.com\/pt\/figuras-de-acao-de-one-piece\/estatuetas-de-portgas-dace\/figura-de-acao-de-uma-peca-da-raca-dace\/","og_locale":"pt_PT","og_type":"article","og_title":"Figurine One Piece La Course d'Ace | Figurine One Piece \u2013 Boutique One Piece","og_description":"Jeune pirate, le moment est venu pour toi de te procurer cette Figurine One Piece La Course d'Ace. Tu n'es pas sans savoir que Portgas D. Ace, connu sous le nom d\"Ace aux Poings Ardents\" est le fr\u00e8re spirituel de Monkey D. Luffy et de Sabo. Il est aussi le seul fils du d\u00e9funt Roi des Pirates Gol D. Roger et de son \u00e9pou","og_url":"https:\/\/boutique-one-piece.com\/pt\/figuras-de-acao-de-one-piece\/estatuetas-de-portgas-dace\/figura-de-acao-de-uma-peca-da-raca-dace\/","og_site_name":"Boutique One Piece","article_modified_time":"2024-09-16T13:07:00+00:00","og_image":[{"width":640,"height":640,"url":"https:\/\/boutique-one-piece.com\/wp-content\/uploads\/2022\/09\/Figurine-One-Piece-La-Course-dAce.jpg","type":"image\/jpeg"}],"twitter_card":"summary_large_image","twitter_misc":{"Tempo estimado de leitura":"1 minuto"},"schema":{"@context":"https:\/\/schema.org","@graph":[{"@type":"WebPage","@id":"https:\/\/boutique-one-piece.com\/figurines-one-piece\/figurines-portgas-d-ace\/figurine-one-piece-la-course-dace\/","url":"https:\/\/boutique-one-piece.com\/figurines-one-piece\/figurines-portgas-d-ace\/figurine-one-piece-la-course-dace\/","name":"Figura de a\u00e7\u00e3o de Ace de One Piece | Figura de a\u00e7\u00e3o de One Piece \u2013 Loja de One Piece","isPartOf":{"@id":"https:\/\/boutique-one-piece.com\/#website"},"primaryImageOfPage":{"@id":"https:\/\/boutique-one-piece.com\/figurines-one-piece\/figurines-portgas-d-ace\/figurine-one-piece-la-course-dace\/#primaryimage"},"image":{"@id":"https:\/\/boutique-one-piece.com\/figurines-one-piece\/figurines-portgas-d-ace\/figurine-one-piece-la-course-dace\/#primaryimage"},"thumbnailUrl":"https:\/\/boutique-one-piece.com\/wp-content\/uploads\/2022\/09\/Figurine-One-Piece-La-Course-dAce.jpg","datePublished":"2022-09-27T20:59:43+00:00","dateModified":"2024-09-16T13:07:00+00:00","description":"Jovem pirata, chegou a hora de voc\u00ea colocar as m\u00e3os nesta figura da ra\u00e7a Ace de One Piece. Voc\u00ea certamente sabe que Portgas D. Ace, conhecido como &quot;Ace Punho de Fogo&quot;, \u00e9 o irm\u00e3o jurado de Monkey D. Luffy e Sabo. Ele tamb\u00e9m \u00e9 o \u00fanico filho do falecido Rei dos Piratas, Gol D. Roger, e de sua esposa.","breadcrumb":{"@id":"https:\/\/boutique-one-piece.com\/figurines-one-piece\/figurines-portgas-d-ace\/figurine-one-piece-la-course-dace\/#breadcrumb"},"inLanguage":"pt-PT","potentialAction":[{"@type":"ReadAction","target":["https:\/\/boutique-one-piece.com\/figurines-one-piece\/figurines-portgas-d-ace\/figurine-one-piece-la-course-dace\/"]}]},{"@type":"ImageObject","inLanguage":"pt-PT","@id":"https:\/\/boutique-one-piece.com\/figurines-one-piece\/figurines-portgas-d-ace\/figurine-one-piece-la-course-dace\/#primaryimage","url":"https:\/\/boutique-one-piece.com\/wp-content\/uploads\/2022\/09\/Figurine-One-Piece-La-Course-dAce.jpg","contentUrl":"https:\/\/boutique-one-piece.com\/wp-content\/uploads\/2022\/09\/Figurine-One-Piece-La-Course-dAce.jpg","width":640,"height":640,"caption":"Figurine One Piece La Course d'Ace Default Title"},{"@type":"BreadcrumbList","@id":"https:\/\/boutique-one-piece.com\/figurines-one-piece\/figurines-portgas-d-ace\/figurine-one-piece-la-course-dace\/#breadcrumb","itemListElement":[{"@type":"ListItem","position":1,"name":"Home","item":"https:\/\/boutique-one-piece.com\/"},{"@type":"ListItem","position":2,"name":"Shop","item":"https:\/\/boutique-one-piece.com\/shop\/"},{"@type":"ListItem","position":3,"name":"Figurine One Piece La Course d&#8217;Ace"}]},{"@type":"WebSite","@id":"https:\/\/boutique-one-piece.com\/#website","url":"https:\/\/boutique-one-piece.com\/","name":"Loja One Piece","description":"Loja especializada em mang\u00e1 e anime de One Piece.","publisher":{"@id":"https:\/\/boutique-one-piece.com\/#organization"},"potentialAction":[{"@type":"SearchAction","target":{"@type":"EntryPoint","urlTemplate":"https:\/\/boutique-one-piece.com\/?s={search_term_string}"},"query-input":{"@type":"PropertyValueSpecification","valueRequired":true,"valueName":"search_term_string"}}],"inLanguage":"pt-PT"},{"@type":"Organization","@id":"https:\/\/boutique-one-piece.com\/#organization","name":"Loja One Piece","url":"https:\/\/boutique-one-piece.com\/","logo":{"@type":"ImageObject","inLanguage":"pt-PT","@id":"https:\/\/boutique-one-piece.com\/#\/schema\/logo\/image\/","url":"https:\/\/boutique-one-piece.com\/wp-content\/uploads\/2022\/09\/Logo-01.png","contentUrl":"https:\/\/boutique-one-piece.com\/wp-content\/uploads\/2022\/09\/Logo-01.png","width":2318,"height":957,"caption":"Boutique One Piece"},"image":{"@id":"https:\/\/boutique-one-piece.com\/#\/schema\/logo\/image\/"}}]}},"_links":{"self":[{"href":"https:\/\/boutique-one-piece.com\/pt\/wp-json\/wp\/v2\/product\/12987","targetHints":{"allow":["GET"]}}],"collection":[{"href":"https:\/\/boutique-one-piece.com\/pt\/wp-json\/wp\/v2\/product"}],"about":[{"href":"https:\/\/boutique-one-piece.com\/pt\/wp-json\/wp\/v2\/types\/product"}],"replies":[{"embeddable":true,"href":"https:\/\/boutique-one-piece.com\/pt\/wp-json\/wp\/v2\/comments?post=12987"}],"wp:featuredmedia":[{"embeddable":true,"href":"https:\/\/boutique-one-piece.com\/pt\/wp-json\/wp\/v2\/media\/12989"}],"wp:attachment":[{"href":"https:\/\/boutique-one-piece.com\/pt\/wp-json\/wp\/v2\/media?parent=12987"}],"wp:term":[{"taxonomy":"product_brand","embeddable":true,"href":"https:\/\/boutique-one-piece.com\/pt\/wp-json\/wp\/v2\/product_brand?post=12987"},{"taxonomy":"product_cat","embeddable":true,"href":"https:\/\/boutique-one-piece.com\/pt\/wp-json\/wp\/v2\/product_cat?post=12987"},{"taxonomy":"product_tag","embeddable":true,"href":"https:\/\/boutique-one-piece.com\/pt\/wp-json\/wp\/v2\/product_tag?post=12987"}],"curies":[{"name":"wp","href":"https:\/\/api.w.org\/{rel}","templated":true}]}}