{"id":13428,"date":"2022-09-27T21:03:01","date_gmt":"2022-09-27T21:03:01","guid":{"rendered":"https:\/\/boutique-one-piece.com\/uncategorized\/avis-de-recherche-one-piece-god-usopp-wanted\/"},"modified":"2026-03-23T00:35:10","modified_gmt":"2026-03-23T00:35:10","slug":"aviso-desejado-one-piece-deus-usopp","status":"publish","type":"product","link":"https:\/\/boutique-one-piece.com\/pt\/decoracoes-de-one-piece\/aviso-desejado-one-piece-deus-usopp\/","title":{"rendered":"Deus Usopp Procurado"},"content":{"rendered":"<h2>Si tu pr\u00e9f\u00e8res les tireurs d\u2019\u00e9lite parmi les pirates que la force pure, cet Avis de Recherche God Usopp est fait pour toi.<\/h2>\n<p>Usopp \u00e9 um pirata que \u00e9 o<strong> tireur d\u2019\u00e9lite<\/strong> de l\u2019\u00e9quipage des Mugiwaras. Son pr\u00e9nom vient de \u00ab\u00a0mensonge\u00a0\u00bb en japonais puisque quand il \u00e9tait petit, il adorait racontait des mensonges \u00e0 sa m\u00e8re et aux villageois pour raconter ses aventures, ce qui ravissait sa m\u00e8re, mais aga\u00e7ait les villageois.<\/p>\n<p>Son r\u00eave est de devenir un grand pirate, et \u00e9galement d\u2019aller sur une \u00eele peupl\u00e9e uniquement de g\u00e9ants. Il tire des projectiles \u00e0 l\u2019aide d\u2019une <strong>catapulta<\/strong>, qui, apr\u00e8s l\u2019ellipse, est plus grande pour avoir une plus grande port\u00e9e.<\/p>\n<h3>Mostre o quanto voc\u00ea aprecia o Usopp com este p\u00f4ster de procurado \u00e9pico.<\/h3>\n<p>Ici, on parle de God Ussop, c\u2019est-\u00e0-dire Ussop dans un contexte bien particulier. A <strong>Dressrosa<\/strong>, apr\u00e8s\u00a0qu\u2019il a menti aux\u00a0Tontattas, ils d\u00e9cid\u00e8rent de faire de Usopp leur h\u00e9ros en l\u2019appelant <strong>Ussol\u00e2ndia<\/strong> et en le prenant pour un dieu. Par la suite, les Tontattas vont se rebeller et causer de grands soucis \u00e0 Doflamingo, qui organisera une chasse \u00e0 l\u2019homme dont God Usopp a la plus grosse prime sur sa t\u00eate.<\/p>\n<p>Deus Usopp tem uma recompensa de 200 milh\u00f5es de Berries.<\/p>\n<p>O que voc\u00ea acha de montar uma cole\u00e7\u00e3o com os b\u00f4nus? Nesse caso, voc\u00ea precisa absolutamente disso. <a href=\"https:\/\/boutique-one-piece.com\/pt\/cartaz-de-procurada-de-one-piece-nami-procurada\/\" target=\"_blank\" title=\"Aviso de Procuradoria de Nami\" rel=\"noopener noreferrer\">Cartaz de procurada da Nami<\/a>.<\/p>\n<p>\u00a0<\/p>\n<h2>Informations sur l\u2019Affiche One Piece Wanted\u00a0Usopp<\/h2>\n<ul>\n<li><span><b><u>P\u00f4ster de Procurado de One Piece<\/u><\/b>\u00a0: v\u00e9ritable Avis De Recherche de l\u2019univers One Piece pour les vrais pirates<\/span><\/li>\n<\/ul>\n<ul>\n<li>\n<b><u>Deus Usopp&#039;s Prime<\/u><\/b>\u00a0200.000.000 de bagas<\/li>\n<\/ul>\n<ul>\n<li><span><strong>Impress\u00e3o de alta qualidade<\/strong>\u00a0cores precisas<\/span><\/li>\n<\/ul>\n<ul>\n<li>\n<strong>Dimens\u00e3o<\/strong>\u00a0: 51 cm x 36 cm<\/li>\n<\/ul>\n<ul>\n<li><span><strong>ENTREGA GR\u00c1TIS<\/strong><\/span><\/li>\n<\/ul>\n<div id=\"gtx-trans\" style=\"position: absolute; left: 184px; top: 177.5px;\">\n<div class=\"gtx-trans-icon\"><\/div>\n<\/div>","protected":false},"excerpt":{"rendered":"<p>Si tu pr\u00e9f\u00e8res les tireurs d\u2019\u00e9lite parmi les pirates que la force pure, cet Avis de Recherche God Usopp est fait pour toi. Usopp est un pirate qui est le tireur d\u2019\u00e9lite de l\u2019\u00e9quipage des Mugiwaras. Son pr\u00e9nom vient de \u00ab\u00a0mensonge\u00a0\u00bb en japonais puisque quand il \u00e9tait petit, il adorait racontait des mensonges \u00e0 sa [&hellip;]<\/p>","protected":false},"featured_media":13430,"comment_status":"open","ping_status":"open","template":"","meta":[],"product_brand":[],"product_cat":[171,150],"product_tag":[],"class_list":{"0":"post-13428","1":"product","2":"type-product","3":"status-publish","4":"has-post-thumbnail","6":"product_cat-avis-de-recherche-one-piece","7":"product_cat-decorations-one-piece","9":"first","10":"instock","11":"purchasable","12":"product-type-simple"},"yoast_head":"<!-- This site is optimized with the Yoast SEO plugin v27.5 - https:\/\/yoast.com\/product\/yoast-seo-wordpress\/ -->\n<title>Avis de Recherche One Piece God Usopp Wanted | D\u00e9coration One Piece \u2013 Boutique One Piece<\/title>\n<meta name=\"description\" content=\"Si tu pr\u00e9f\u00e8res les tireurs d&#039;\u00e9lite parmi les pirates que la force pure, cet Avis de Recherche God Usopp est fait pour toi. Usopp est un pirate qui est le tireur d&#039;\u00e9lite de l&#039;\u00e9quipage des Mugiwaras. Son pr\u00e9nom vient de &quot;mensonge&quot; en japonais puisque quand il \u00e9tait petit, il adorait racontait des mensonges \u00e0 sa m\u00e8re et a\" \/>\n<meta name=\"robots\" content=\"index, follow, max-snippet:-1, max-image-preview:large, max-video-preview:-1\" \/>\n<link rel=\"canonical\" href=\"https:\/\/boutique-one-piece.com\/pt\/poster-de-procurado-de-one-piece\/aviso-desejado-one-piece-deus-usopp\/\" \/>\n<meta property=\"og:locale\" content=\"pt_PT\" \/>\n<meta property=\"og:type\" content=\"article\" \/>\n<meta property=\"og:title\" content=\"Avis de Recherche One Piece God Usopp Wanted | D\u00e9coration One Piece \u2013 Boutique One Piece\" \/>\n<meta property=\"og:description\" content=\"Si tu pr\u00e9f\u00e8res les tireurs d&#039;\u00e9lite parmi les pirates que la force pure, cet Avis de Recherche God Usopp est fait pour toi. Usopp est un pirate qui est le tireur d&#039;\u00e9lite de l&#039;\u00e9quipage des Mugiwaras. Son pr\u00e9nom vient de &quot;mensonge&quot; en japonais puisque quand il \u00e9tait petit, il adorait racontait des mensonges \u00e0 sa m\u00e8re et a\" \/>\n<meta property=\"og:url\" content=\"https:\/\/boutique-one-piece.com\/pt\/poster-de-procurado-de-one-piece\/aviso-desejado-one-piece-deus-usopp\/\" \/>\n<meta property=\"og:site_name\" content=\"Boutique One Piece\" \/>\n<meta property=\"article:modified_time\" content=\"2026-03-23T00:35:10+00:00\" \/>\n<meta property=\"og:image\" content=\"https:\/\/boutique-one-piece.com\/wp-content\/uploads\/2022\/09\/Avis-de-Recherche-God-Usopp-Wanted-1.jpg\" \/>\n\t<meta property=\"og:image:width\" content=\"800\" \/>\n\t<meta property=\"og:image:height\" content=\"800\" \/>\n\t<meta property=\"og:image:type\" content=\"image\/jpeg\" \/>\n<meta name=\"twitter:card\" content=\"summary_large_image\" \/>\n<meta name=\"twitter:label1\" content=\"Tempo estimado de leitura\" \/>\n\t<meta name=\"twitter:data1\" content=\"1 minuto\" \/>\n<script type=\"application\/ld+json\" class=\"yoast-schema-graph\">{\"@context\":\"https:\\\/\\\/schema.org\",\"@graph\":[{\"@type\":\"WebPage\",\"@id\":\"https:\\\/\\\/boutique-one-piece.com\\\/avis-de-recherche-one-piece\\\/avis-de-recherche-one-piece-god-usopp-wanted\\\/\",\"url\":\"https:\\\/\\\/boutique-one-piece.com\\\/avis-de-recherche-one-piece\\\/avis-de-recherche-one-piece-god-usopp-wanted\\\/\",\"name\":\"Avis de Recherche One Piece God Usopp Wanted | D\u00e9coration One Piece \u2013 Boutique One Piece\",\"isPartOf\":{\"@id\":\"https:\\\/\\\/boutique-one-piece.com\\\/#website\"},\"primaryImageOfPage\":{\"@id\":\"https:\\\/\\\/boutique-one-piece.com\\\/avis-de-recherche-one-piece\\\/avis-de-recherche-one-piece-god-usopp-wanted\\\/#primaryimage\"},\"image\":{\"@id\":\"https:\\\/\\\/boutique-one-piece.com\\\/avis-de-recherche-one-piece\\\/avis-de-recherche-one-piece-god-usopp-wanted\\\/#primaryimage\"},\"thumbnailUrl\":\"https:\\\/\\\/boutique-one-piece.com\\\/wp-content\\\/uploads\\\/2022\\\/09\\\/Avis-de-Recherche-God-Usopp-Wanted-1.jpg\",\"datePublished\":\"2022-09-27T21:03:01+00:00\",\"dateModified\":\"2026-03-23T00:35:10+00:00\",\"description\":\"Si tu pr\u00e9f\u00e8res les tireurs d'\u00e9lite parmi les pirates que la force pure, cet Avis de Recherche God Usopp est fait pour toi. Usopp est un pirate qui est le tireur d'\u00e9lite de l'\u00e9quipage des Mugiwaras. Son pr\u00e9nom vient de \\\"mensonge\\\" en japonais puisque quand il \u00e9tait petit, il adorait racontait des mensonges \u00e0 sa m\u00e8re et a\",\"breadcrumb\":{\"@id\":\"https:\\\/\\\/boutique-one-piece.com\\\/avis-de-recherche-one-piece\\\/avis-de-recherche-one-piece-god-usopp-wanted\\\/#breadcrumb\"},\"inLanguage\":\"pt-PT\",\"potentialAction\":[{\"@type\":\"ReadAction\",\"target\":[\"https:\\\/\\\/boutique-one-piece.com\\\/avis-de-recherche-one-piece\\\/avis-de-recherche-one-piece-god-usopp-wanted\\\/\"]}]},{\"@type\":\"ImageObject\",\"inLanguage\":\"pt-PT\",\"@id\":\"https:\\\/\\\/boutique-one-piece.com\\\/avis-de-recherche-one-piece\\\/avis-de-recherche-one-piece-god-usopp-wanted\\\/#primaryimage\",\"url\":\"https:\\\/\\\/boutique-one-piece.com\\\/wp-content\\\/uploads\\\/2022\\\/09\\\/Avis-de-Recherche-God-Usopp-Wanted-1.jpg\",\"contentUrl\":\"https:\\\/\\\/boutique-one-piece.com\\\/wp-content\\\/uploads\\\/2022\\\/09\\\/Avis-de-Recherche-God-Usopp-Wanted-1.jpg\",\"width\":800,\"height\":800},{\"@type\":\"BreadcrumbList\",\"@id\":\"https:\\\/\\\/boutique-one-piece.com\\\/avis-de-recherche-one-piece\\\/avis-de-recherche-one-piece-god-usopp-wanted\\\/#breadcrumb\",\"itemListElement\":[{\"@type\":\"ListItem\",\"position\":1,\"name\":\"Home\",\"item\":\"https:\\\/\\\/boutique-one-piece.com\\\/\"},{\"@type\":\"ListItem\",\"position\":2,\"name\":\"Shop\",\"item\":\"https:\\\/\\\/boutique-one-piece.com\\\/shop\\\/\"},{\"@type\":\"ListItem\",\"position\":3,\"name\":\"Avis de Recherche God Usopp Wanted\"}]},{\"@type\":\"WebSite\",\"@id\":\"https:\\\/\\\/boutique-one-piece.com\\\/#website\",\"url\":\"https:\\\/\\\/boutique-one-piece.com\\\/\",\"name\":\"Boutique One Piece\",\"description\":\"Magasin Sp\u00e9cialis\u00e9 du Manga et l&#039;Anime One Piece\",\"publisher\":{\"@id\":\"https:\\\/\\\/boutique-one-piece.com\\\/#organization\"},\"potentialAction\":[{\"@type\":\"SearchAction\",\"target\":{\"@type\":\"EntryPoint\",\"urlTemplate\":\"https:\\\/\\\/boutique-one-piece.com\\\/?s={search_term_string}\"},\"query-input\":{\"@type\":\"PropertyValueSpecification\",\"valueRequired\":true,\"valueName\":\"search_term_string\"}}],\"inLanguage\":\"pt-PT\"},{\"@type\":\"Organization\",\"@id\":\"https:\\\/\\\/boutique-one-piece.com\\\/#organization\",\"name\":\"Boutique One Piece\",\"url\":\"https:\\\/\\\/boutique-one-piece.com\\\/\",\"logo\":{\"@type\":\"ImageObject\",\"inLanguage\":\"pt-PT\",\"@id\":\"https:\\\/\\\/boutique-one-piece.com\\\/#\\\/schema\\\/logo\\\/image\\\/\",\"url\":\"https:\\\/\\\/boutique-one-piece.com\\\/wp-content\\\/uploads\\\/2022\\\/09\\\/Logo-01.png\",\"contentUrl\":\"https:\\\/\\\/boutique-one-piece.com\\\/wp-content\\\/uploads\\\/2022\\\/09\\\/Logo-01.png\",\"width\":2318,\"height\":957,\"caption\":\"Boutique One Piece\"},\"image\":{\"@id\":\"https:\\\/\\\/boutique-one-piece.com\\\/#\\\/schema\\\/logo\\\/image\\\/\"}}]}<\/script>\n<!-- \/ Yoast SEO plugin. -->","yoast_head_json":{"title":"Cartaz de Procurado do Deus Usopp de One Piece | Decora\u00e7\u00f5es de One Piece \u2013 Loja de One Piece","description":"Se voc\u00ea prefere atiradores de elite a for\u00e7a bruta entre os piratas, este p\u00f4ster de procurado do Deus Usopp \u00e9 para voc\u00ea. Usopp \u00e9 um pirata e o atirador de elite dos Piratas do Chap\u00e9u de Palha. Seu nome vem da palavra japonesa para &quot;mentira&quot;, porque quando era pequeno, ele adorava contar mentiras para sua m\u00e3e e...","robots":{"index":"index","follow":"follow","max-snippet":"max-snippet:-1","max-image-preview":"max-image-preview:large","max-video-preview":"max-video-preview:-1"},"canonical":"https:\/\/boutique-one-piece.com\/pt\/poster-de-procurado-de-one-piece\/aviso-desejado-one-piece-deus-usopp\/","og_locale":"pt_PT","og_type":"article","og_title":"Avis de Recherche One Piece God Usopp Wanted | D\u00e9coration One Piece \u2013 Boutique One Piece","og_description":"Si tu pr\u00e9f\u00e8res les tireurs d'\u00e9lite parmi les pirates que la force pure, cet Avis de Recherche God Usopp est fait pour toi. Usopp est un pirate qui est le tireur d'\u00e9lite de l'\u00e9quipage des Mugiwaras. Son pr\u00e9nom vient de \"mensonge\" en japonais puisque quand il \u00e9tait petit, il adorait racontait des mensonges \u00e0 sa m\u00e8re et a","og_url":"https:\/\/boutique-one-piece.com\/pt\/poster-de-procurado-de-one-piece\/aviso-desejado-one-piece-deus-usopp\/","og_site_name":"Boutique One Piece","article_modified_time":"2026-03-23T00:35:10+00:00","og_image":[{"width":800,"height":800,"url":"https:\/\/boutique-one-piece.com\/wp-content\/uploads\/2022\/09\/Avis-de-Recherche-God-Usopp-Wanted-1.jpg","type":"image\/jpeg"}],"twitter_card":"summary_large_image","twitter_misc":{"Tempo estimado de leitura":"1 minuto"},"schema":{"@context":"https:\/\/schema.org","@graph":[{"@type":"WebPage","@id":"https:\/\/boutique-one-piece.com\/avis-de-recherche-one-piece\/avis-de-recherche-one-piece-god-usopp-wanted\/","url":"https:\/\/boutique-one-piece.com\/avis-de-recherche-one-piece\/avis-de-recherche-one-piece-god-usopp-wanted\/","name":"Cartaz de Procurado do Deus Usopp de One Piece | Decora\u00e7\u00f5es de One Piece \u2013 Loja de One Piece","isPartOf":{"@id":"https:\/\/boutique-one-piece.com\/#website"},"primaryImageOfPage":{"@id":"https:\/\/boutique-one-piece.com\/avis-de-recherche-one-piece\/avis-de-recherche-one-piece-god-usopp-wanted\/#primaryimage"},"image":{"@id":"https:\/\/boutique-one-piece.com\/avis-de-recherche-one-piece\/avis-de-recherche-one-piece-god-usopp-wanted\/#primaryimage"},"thumbnailUrl":"https:\/\/boutique-one-piece.com\/wp-content\/uploads\/2022\/09\/Avis-de-Recherche-God-Usopp-Wanted-1.jpg","datePublished":"2022-09-27T21:03:01+00:00","dateModified":"2026-03-23T00:35:10+00:00","description":"Se voc\u00ea prefere atiradores de elite a for\u00e7a bruta entre os piratas, este p\u00f4ster de procurado do Deus Usopp \u00e9 para voc\u00ea. Usopp \u00e9 um pirata e o atirador de elite dos Piratas do Chap\u00e9u de Palha. Seu nome vem da palavra japonesa para &quot;mentira&quot;, porque quando era pequeno, ele adorava contar mentiras para sua m\u00e3e e...","breadcrumb":{"@id":"https:\/\/boutique-one-piece.com\/avis-de-recherche-one-piece\/avis-de-recherche-one-piece-god-usopp-wanted\/#breadcrumb"},"inLanguage":"pt-PT","potentialAction":[{"@type":"ReadAction","target":["https:\/\/boutique-one-piece.com\/avis-de-recherche-one-piece\/avis-de-recherche-one-piece-god-usopp-wanted\/"]}]},{"@type":"ImageObject","inLanguage":"pt-PT","@id":"https:\/\/boutique-one-piece.com\/avis-de-recherche-one-piece\/avis-de-recherche-one-piece-god-usopp-wanted\/#primaryimage","url":"https:\/\/boutique-one-piece.com\/wp-content\/uploads\/2022\/09\/Avis-de-Recherche-God-Usopp-Wanted-1.jpg","contentUrl":"https:\/\/boutique-one-piece.com\/wp-content\/uploads\/2022\/09\/Avis-de-Recherche-God-Usopp-Wanted-1.jpg","width":800,"height":800},{"@type":"BreadcrumbList","@id":"https:\/\/boutique-one-piece.com\/avis-de-recherche-one-piece\/avis-de-recherche-one-piece-god-usopp-wanted\/#breadcrumb","itemListElement":[{"@type":"ListItem","position":1,"name":"Home","item":"https:\/\/boutique-one-piece.com\/"},{"@type":"ListItem","position":2,"name":"Shop","item":"https:\/\/boutique-one-piece.com\/shop\/"},{"@type":"ListItem","position":3,"name":"Avis de Recherche God Usopp Wanted"}]},{"@type":"WebSite","@id":"https:\/\/boutique-one-piece.com\/#website","url":"https:\/\/boutique-one-piece.com\/","name":"Loja One Piece","description":"Loja especializada em mang\u00e1 e anime de One Piece.","publisher":{"@id":"https:\/\/boutique-one-piece.com\/#organization"},"potentialAction":[{"@type":"SearchAction","target":{"@type":"EntryPoint","urlTemplate":"https:\/\/boutique-one-piece.com\/?s={search_term_string}"},"query-input":{"@type":"PropertyValueSpecification","valueRequired":true,"valueName":"search_term_string"}}],"inLanguage":"pt-PT"},{"@type":"Organization","@id":"https:\/\/boutique-one-piece.com\/#organization","name":"Loja One Piece","url":"https:\/\/boutique-one-piece.com\/","logo":{"@type":"ImageObject","inLanguage":"pt-PT","@id":"https:\/\/boutique-one-piece.com\/#\/schema\/logo\/image\/","url":"https:\/\/boutique-one-piece.com\/wp-content\/uploads\/2022\/09\/Logo-01.png","contentUrl":"https:\/\/boutique-one-piece.com\/wp-content\/uploads\/2022\/09\/Logo-01.png","width":2318,"height":957,"caption":"Boutique One Piece"},"image":{"@id":"https:\/\/boutique-one-piece.com\/#\/schema\/logo\/image\/"}}]}},"_links":{"self":[{"href":"https:\/\/boutique-one-piece.com\/pt\/wp-json\/wp\/v2\/product\/13428","targetHints":{"allow":["GET"]}}],"collection":[{"href":"https:\/\/boutique-one-piece.com\/pt\/wp-json\/wp\/v2\/product"}],"about":[{"href":"https:\/\/boutique-one-piece.com\/pt\/wp-json\/wp\/v2\/types\/product"}],"replies":[{"embeddable":true,"href":"https:\/\/boutique-one-piece.com\/pt\/wp-json\/wp\/v2\/comments?post=13428"}],"wp:featuredmedia":[{"embeddable":true,"href":"https:\/\/boutique-one-piece.com\/pt\/wp-json\/wp\/v2\/media\/13430"}],"wp:attachment":[{"href":"https:\/\/boutique-one-piece.com\/pt\/wp-json\/wp\/v2\/media?parent=13428"}],"wp:term":[{"taxonomy":"product_brand","embeddable":true,"href":"https:\/\/boutique-one-piece.com\/pt\/wp-json\/wp\/v2\/product_brand?post=13428"},{"taxonomy":"product_cat","embeddable":true,"href":"https:\/\/boutique-one-piece.com\/pt\/wp-json\/wp\/v2\/product_cat?post=13428"},{"taxonomy":"product_tag","embeddable":true,"href":"https:\/\/boutique-one-piece.com\/pt\/wp-json\/wp\/v2\/product_tag?post=13428"}],"curies":[{"name":"wp","href":"https:\/\/api.w.org\/{rel}","templated":true}]}}