{"id":13452,"date":"2022-09-27T21:20:34","date_gmt":"2022-09-27T21:20:34","guid":{"rendered":"https:\/\/boutique-one-piece.com\/uncategorized\/figurine-one-piece-lhomme-poisson-karateka-jinbe\/"},"modified":"2025-10-03T14:07:55","modified_gmt":"2025-10-03T14:07:55","slug":"figura-de-acao-do-homem-peixe-karateka-jinbe-de-one-piece","status":"publish","type":"product","link":"https:\/\/boutique-one-piece.com\/pt\/figuras-de-acao-de-one-piece\/estatuetas-de-jinbe\/figura-de-acao-do-homem-peixe-karateka-jinbe-de-one-piece\/","title":{"rendered":"Figura de a\u00e7\u00e3o do Karateka Homem-Peixe Jinbe de One Piece"},"content":{"rendered":"<h2>Jovem pirata, adquira j\u00e1 a sua figura do Karateka Jinbe, o Homem-Peixe de One Piece.<\/h2>\n<p>Jinbe tamb\u00e9m conhecido como &quot;\u00ab\u00a0<strong>O Paladino dos Mares<\/strong>\u00a0\u00bb&quot;\u00e9 o timoneiro do Bando do Chap\u00e9u de Palha. Ele \u00e9 oficialmente o d\u00e9cimo membro do Bando do Chap\u00e9u de Palha e o nono a se juntar ao bando de Luffy. Ali\u00e1s, se voc\u00ea quiser expandir sua cole\u00e7\u00e3o de figuras, adquira o <a title=\"FIGURA FOFA DO CHORPER DE ONE PIECE\" href=\"https:\/\/boutique-one-piece.com\/pt\/figura-fofa-do-chopper-de-uma-peca\/\" target=\"_blank\" rel=\"noopener\">A estatueta do Chopper \u00e9 muito &quot;fofa&quot;.\u00ab<\/a>, que \u00e9 outro membro da tripula\u00e7\u00e3o do Chap\u00e9u de Palha.<\/p>\n<p>Voltando a Jinbe, voc\u00ea deve saber que ele \u00e9 um mestre em<strong> Carat\u00ea anf\u00edbio. <\/strong>Ele consegue usar essa arte marcial para derrubar v\u00e1rios homens de uma s\u00f3 vez. Seus golpes s\u00e3o t\u00e3o poderosos que ele n\u00e3o precisa fazer contato f\u00edsico com o inimigo, pois at\u00e9 o ar os repele.<\/p>\n<h3>Ent\u00e3o, voc\u00ea ficou fascinado por essa figura do mestre anf\u00edbio do karat\u00ea? Se sim, n\u00e3o hesite mais e junte-se a ele a bordo do Thousand Sunny. Jinbe pode at\u00e9 lhe ensinar algumas t\u00e9cnicas de luta.<\/h3>\n<p>Seja voc\u00ea um f\u00e3 incondicional ou um colecionador experiente, esses itens lend\u00e1rios s\u00e3o definitivamente para voc\u00ea. Mergulhe nessa experi\u00eancia! <strong>o universo de One Piece<\/strong> Gra\u00e7as aos seus itens excepcionais. Tome as r\u00e9deas do seu destino e junte-se a n\u00f3s. <strong>a tripula\u00e7\u00e3o do Chap\u00e9u de Palha<\/strong>, A era da pirataria n\u00e3o acabou!<\/p>\n<h2>Informa\u00e7\u00f5es sobre a estatueta Jinbe Karateka Fishman\u00a0<\/h2>\n<ul data-mce-fragment=\"1\">\n<li data-mce-fragment=\"1\"><span data-mce-fragment=\"1\"><b data-mce-fragment=\"1\"><u data-mce-fragment=\"1\">Figura de a\u00e7\u00e3o de One Piece<\/u><\/b>\u00a0Figura premium de One Piece para verdadeiros piratas.<\/span><\/li>\n<\/ul>\n<ul data-mce-fragment=\"1\">\n<li data-mce-fragment=\"1\">\n<b data-mce-fragment=\"1\">Mat\u00e9ria<\/b><span data-mce-fragment=\"1\">\u00a0<\/span>PVC<\/li>\n<\/ul>\n<ul data-mce-fragment=\"1\">\n<li data-mce-fragment=\"1\"><span data-mce-fragment=\"1\"><strong data-mce-fragment=\"1\">Dimens\u00e3o<\/strong>\u00a0: 15 cm<\/span><\/li>\n<\/ul>\n<ul data-mce-fragment=\"1\">\n<li data-mce-fragment=\"1\"><span data-mce-fragment=\"1\"><strong data-mce-fragment=\"1\">ENTREGA GR\u00c1TIS<\/strong><\/span><\/li>\n<\/ul>","protected":false},"excerpt":{"rendered":"<p>Jovem pirata, adquira j\u00e1 a figura do Mestre de Karat\u00ea Homem-Peixe Jinbe de One Piece! Jinbe, tamb\u00e9m conhecido como &quot;O Paladino dos Mares&quot;, \u00e9 o timoneiro do Bando do Chap\u00e9u de Palha. Ele \u00e9 oficialmente o d\u00e9cimo membro do bando e o nono a se juntar \u00e0 tripula\u00e7\u00e3o de Luffy. Al\u00e9m disso, se voc\u00ea deseja expandir sua cole\u00e7\u00e3o...<\/p>","protected":false},"featured_media":13454,"comment_status":"open","ping_status":"open","template":"","meta":[],"product_brand":[],"product_cat":[301,76],"product_tag":[274],"class_list":{"0":"post-13452","1":"product","2":"type-product","3":"status-publish","4":"has-post-thumbnail","6":"product_cat-figurines-jinbe","7":"product_cat-figurines-one-piece","8":"product_tag-jinbe","10":"first","11":"instock","12":"purchasable","13":"product-type-simple"},"yoast_head":"<!-- This site is optimized with the Yoast SEO plugin v27.5 - https:\/\/yoast.com\/product\/yoast-seo-wordpress\/ -->\n<title>Figurine One Piece L&#039;Homme Poisson Karat\u00e9ka Jinbe | Figurine One Piece \u2013 Boutique One Piece<\/title>\n<meta name=\"description\" content=\"Jeune pirate, procure-toi d\u00e8s \u00e0 pr\u00e9sent cette Figurine One Piece L&#039;Homme Poisson Karat\u00e9ka Jinbe. Jinbe aka &quot;Le Paladin des Mers&quot; est le timonier de l&#039;\u00c9quipage du Chapeau de Paille. Il est officiellement le dixi\u00e8me membre de l&#039;\u00e9quipage du Chapeau de Paille et le neuvi\u00e8me \u00e0 rejoindre l&#039;\u00e9quipage de Luffy. D&#039;ailleurs, si t\" \/>\n<meta name=\"robots\" content=\"index, follow, max-snippet:-1, max-image-preview:large, max-video-preview:-1\" \/>\n<link rel=\"canonical\" href=\"https:\/\/boutique-one-piece.com\/pt\/figuras-de-acao-de-one-piece\/estatuetas-de-jinbe\/figura-de-acao-do-homem-peixe-karateka-jinbe-de-one-piece\/\" \/>\n<meta property=\"og:locale\" content=\"pt_PT\" \/>\n<meta property=\"og:type\" content=\"article\" \/>\n<meta property=\"og:title\" content=\"Figurine One Piece L&#039;Homme Poisson Karat\u00e9ka Jinbe | Figurine One Piece \u2013 Boutique One Piece\" \/>\n<meta property=\"og:description\" content=\"Jeune pirate, procure-toi d\u00e8s \u00e0 pr\u00e9sent cette Figurine One Piece L&#039;Homme Poisson Karat\u00e9ka Jinbe. Jinbe aka &quot;Le Paladin des Mers&quot; est le timonier de l&#039;\u00c9quipage du Chapeau de Paille. Il est officiellement le dixi\u00e8me membre de l&#039;\u00e9quipage du Chapeau de Paille et le neuvi\u00e8me \u00e0 rejoindre l&#039;\u00e9quipage de Luffy. D&#039;ailleurs, si t\" \/>\n<meta property=\"og:url\" content=\"https:\/\/boutique-one-piece.com\/pt\/figuras-de-acao-de-one-piece\/estatuetas-de-jinbe\/figura-de-acao-do-homem-peixe-karateka-jinbe-de-one-piece\/\" \/>\n<meta property=\"og:site_name\" content=\"Boutique One Piece\" \/>\n<meta property=\"article:modified_time\" content=\"2025-10-03T14:07:55+00:00\" \/>\n<meta property=\"og:image\" content=\"https:\/\/boutique-one-piece.com\/wp-content\/uploads\/2022\/09\/Figurine-One-Piece-LHomme-Poisson-Karateka-Jinbe-1.jpg\" \/>\n\t<meta property=\"og:image:width\" content=\"640\" \/>\n\t<meta property=\"og:image:height\" content=\"640\" \/>\n\t<meta property=\"og:image:type\" content=\"image\/jpeg\" \/>\n<meta name=\"twitter:card\" content=\"summary_large_image\" \/>\n<meta name=\"twitter:label1\" content=\"Tempo estimado de leitura\" \/>\n\t<meta name=\"twitter:data1\" content=\"2 minutos\" \/>\n<script type=\"application\/ld+json\" class=\"yoast-schema-graph\">{\"@context\":\"https:\\\/\\\/schema.org\",\"@graph\":[{\"@type\":\"WebPage\",\"@id\":\"https:\\\/\\\/boutique-one-piece.com\\\/figurines-one-piece\\\/figurines-jinbe\\\/figurine-one-piece-lhomme-poisson-karateka-jinbe\\\/\",\"url\":\"https:\\\/\\\/boutique-one-piece.com\\\/figurines-one-piece\\\/figurines-jinbe\\\/figurine-one-piece-lhomme-poisson-karateka-jinbe\\\/\",\"name\":\"Figurine One Piece L'Homme Poisson Karat\u00e9ka Jinbe | Figurine One Piece \u2013 Boutique One Piece\",\"isPartOf\":{\"@id\":\"https:\\\/\\\/boutique-one-piece.com\\\/#website\"},\"primaryImageOfPage\":{\"@id\":\"https:\\\/\\\/boutique-one-piece.com\\\/figurines-one-piece\\\/figurines-jinbe\\\/figurine-one-piece-lhomme-poisson-karateka-jinbe\\\/#primaryimage\"},\"image\":{\"@id\":\"https:\\\/\\\/boutique-one-piece.com\\\/figurines-one-piece\\\/figurines-jinbe\\\/figurine-one-piece-lhomme-poisson-karateka-jinbe\\\/#primaryimage\"},\"thumbnailUrl\":\"https:\\\/\\\/boutique-one-piece.com\\\/wp-content\\\/uploads\\\/2022\\\/09\\\/Figurine-One-Piece-LHomme-Poisson-Karateka-Jinbe-1.jpg\",\"datePublished\":\"2022-09-27T21:20:34+00:00\",\"dateModified\":\"2025-10-03T14:07:55+00:00\",\"description\":\"Jeune pirate, procure-toi d\u00e8s \u00e0 pr\u00e9sent cette Figurine One Piece L'Homme Poisson Karat\u00e9ka Jinbe. Jinbe aka \\\"Le Paladin des Mers\\\" est le timonier de l'\u00c9quipage du Chapeau de Paille. Il est officiellement le dixi\u00e8me membre de l'\u00e9quipage du Chapeau de Paille et le neuvi\u00e8me \u00e0 rejoindre l'\u00e9quipage de Luffy. D'ailleurs, si t\",\"breadcrumb\":{\"@id\":\"https:\\\/\\\/boutique-one-piece.com\\\/figurines-one-piece\\\/figurines-jinbe\\\/figurine-one-piece-lhomme-poisson-karateka-jinbe\\\/#breadcrumb\"},\"inLanguage\":\"pt-PT\",\"potentialAction\":[{\"@type\":\"ReadAction\",\"target\":[\"https:\\\/\\\/boutique-one-piece.com\\\/figurines-one-piece\\\/figurines-jinbe\\\/figurine-one-piece-lhomme-poisson-karateka-jinbe\\\/\"]}]},{\"@type\":\"ImageObject\",\"inLanguage\":\"pt-PT\",\"@id\":\"https:\\\/\\\/boutique-one-piece.com\\\/figurines-one-piece\\\/figurines-jinbe\\\/figurine-one-piece-lhomme-poisson-karateka-jinbe\\\/#primaryimage\",\"url\":\"https:\\\/\\\/boutique-one-piece.com\\\/wp-content\\\/uploads\\\/2022\\\/09\\\/Figurine-One-Piece-LHomme-Poisson-Karateka-Jinbe-1.jpg\",\"contentUrl\":\"https:\\\/\\\/boutique-one-piece.com\\\/wp-content\\\/uploads\\\/2022\\\/09\\\/Figurine-One-Piece-LHomme-Poisson-Karateka-Jinbe-1.jpg\",\"width\":640,\"height\":640},{\"@type\":\"BreadcrumbList\",\"@id\":\"https:\\\/\\\/boutique-one-piece.com\\\/figurines-one-piece\\\/figurines-jinbe\\\/figurine-one-piece-lhomme-poisson-karateka-jinbe\\\/#breadcrumb\",\"itemListElement\":[{\"@type\":\"ListItem\",\"position\":1,\"name\":\"Home\",\"item\":\"https:\\\/\\\/boutique-one-piece.com\\\/\"},{\"@type\":\"ListItem\",\"position\":2,\"name\":\"Shop\",\"item\":\"https:\\\/\\\/boutique-one-piece.com\\\/shop\\\/\"},{\"@type\":\"ListItem\",\"position\":3,\"name\":\"Figurine One Piece L&#8217;Homme Poisson Karat\u00e9ka Jinbe\"}]},{\"@type\":\"WebSite\",\"@id\":\"https:\\\/\\\/boutique-one-piece.com\\\/#website\",\"url\":\"https:\\\/\\\/boutique-one-piece.com\\\/\",\"name\":\"Boutique One Piece\",\"description\":\"Magasin Sp\u00e9cialis\u00e9 du Manga et l&#039;Anime One Piece\",\"publisher\":{\"@id\":\"https:\\\/\\\/boutique-one-piece.com\\\/#organization\"},\"potentialAction\":[{\"@type\":\"SearchAction\",\"target\":{\"@type\":\"EntryPoint\",\"urlTemplate\":\"https:\\\/\\\/boutique-one-piece.com\\\/?s={search_term_string}\"},\"query-input\":{\"@type\":\"PropertyValueSpecification\",\"valueRequired\":true,\"valueName\":\"search_term_string\"}}],\"inLanguage\":\"pt-PT\"},{\"@type\":\"Organization\",\"@id\":\"https:\\\/\\\/boutique-one-piece.com\\\/#organization\",\"name\":\"Boutique One Piece\",\"url\":\"https:\\\/\\\/boutique-one-piece.com\\\/\",\"logo\":{\"@type\":\"ImageObject\",\"inLanguage\":\"pt-PT\",\"@id\":\"https:\\\/\\\/boutique-one-piece.com\\\/#\\\/schema\\\/logo\\\/image\\\/\",\"url\":\"https:\\\/\\\/boutique-one-piece.com\\\/wp-content\\\/uploads\\\/2022\\\/09\\\/Logo-01.png\",\"contentUrl\":\"https:\\\/\\\/boutique-one-piece.com\\\/wp-content\\\/uploads\\\/2022\\\/09\\\/Logo-01.png\",\"width\":2318,\"height\":957,\"caption\":\"Boutique One Piece\"},\"image\":{\"@id\":\"https:\\\/\\\/boutique-one-piece.com\\\/#\\\/schema\\\/logo\\\/image\\\/\"}}]}<\/script>\n<!-- \/ Yoast SEO plugin. -->","yoast_head_json":{"title":"Figura do Jinbe, o Carateca Homem-Peixe de One Piece | Figura de One Piece \u2013 Loja de One Piece","description":"Jovem pirata, coloque as m\u00e3os agora nesta figura do Jinbe, o Rei do Karat\u00ea Homem-Peixe de One Piece! Jinbe, tamb\u00e9m conhecido como &quot;O Paladino dos Mares&quot;, \u00e9 o timoneiro do Bando do Chap\u00e9u de Palha. Ele \u00e9 oficialmente o d\u00e9cimo membro do Bando do Chap\u00e9u de Palha e o nono a se juntar ao bando de Luffy. Al\u00e9m disso, se voc\u00ea","robots":{"index":"index","follow":"follow","max-snippet":"max-snippet:-1","max-image-preview":"max-image-preview:large","max-video-preview":"max-video-preview:-1"},"canonical":"https:\/\/boutique-one-piece.com\/pt\/figuras-de-acao-de-one-piece\/estatuetas-de-jinbe\/figura-de-acao-do-homem-peixe-karateka-jinbe-de-one-piece\/","og_locale":"pt_PT","og_type":"article","og_title":"Figurine One Piece L'Homme Poisson Karat\u00e9ka Jinbe | Figurine One Piece \u2013 Boutique One Piece","og_description":"Jeune pirate, procure-toi d\u00e8s \u00e0 pr\u00e9sent cette Figurine One Piece L'Homme Poisson Karat\u00e9ka Jinbe. Jinbe aka \"Le Paladin des Mers\" est le timonier de l'\u00c9quipage du Chapeau de Paille. Il est officiellement le dixi\u00e8me membre de l'\u00e9quipage du Chapeau de Paille et le neuvi\u00e8me \u00e0 rejoindre l'\u00e9quipage de Luffy. D'ailleurs, si t","og_url":"https:\/\/boutique-one-piece.com\/pt\/figuras-de-acao-de-one-piece\/estatuetas-de-jinbe\/figura-de-acao-do-homem-peixe-karateka-jinbe-de-one-piece\/","og_site_name":"Boutique One Piece","article_modified_time":"2025-10-03T14:07:55+00:00","og_image":[{"width":640,"height":640,"url":"https:\/\/boutique-one-piece.com\/wp-content\/uploads\/2022\/09\/Figurine-One-Piece-LHomme-Poisson-Karateka-Jinbe-1.jpg","type":"image\/jpeg"}],"twitter_card":"summary_large_image","twitter_misc":{"Tempo estimado de leitura":"2 minutos"},"schema":{"@context":"https:\/\/schema.org","@graph":[{"@type":"WebPage","@id":"https:\/\/boutique-one-piece.com\/figurines-one-piece\/figurines-jinbe\/figurine-one-piece-lhomme-poisson-karateka-jinbe\/","url":"https:\/\/boutique-one-piece.com\/figurines-one-piece\/figurines-jinbe\/figurine-one-piece-lhomme-poisson-karateka-jinbe\/","name":"Figura do Jinbe, o Carateca Homem-Peixe de One Piece | Figura de One Piece \u2013 Loja de One Piece","isPartOf":{"@id":"https:\/\/boutique-one-piece.com\/#website"},"primaryImageOfPage":{"@id":"https:\/\/boutique-one-piece.com\/figurines-one-piece\/figurines-jinbe\/figurine-one-piece-lhomme-poisson-karateka-jinbe\/#primaryimage"},"image":{"@id":"https:\/\/boutique-one-piece.com\/figurines-one-piece\/figurines-jinbe\/figurine-one-piece-lhomme-poisson-karateka-jinbe\/#primaryimage"},"thumbnailUrl":"https:\/\/boutique-one-piece.com\/wp-content\/uploads\/2022\/09\/Figurine-One-Piece-LHomme-Poisson-Karateka-Jinbe-1.jpg","datePublished":"2022-09-27T21:20:34+00:00","dateModified":"2025-10-03T14:07:55+00:00","description":"Jovem pirata, coloque as m\u00e3os agora nesta figura do Jinbe, o Rei do Karat\u00ea Homem-Peixe de One Piece! Jinbe, tamb\u00e9m conhecido como &quot;O Paladino dos Mares&quot;, \u00e9 o timoneiro do Bando do Chap\u00e9u de Palha. Ele \u00e9 oficialmente o d\u00e9cimo membro do Bando do Chap\u00e9u de Palha e o nono a se juntar ao bando de Luffy. Al\u00e9m disso, se voc\u00ea","breadcrumb":{"@id":"https:\/\/boutique-one-piece.com\/figurines-one-piece\/figurines-jinbe\/figurine-one-piece-lhomme-poisson-karateka-jinbe\/#breadcrumb"},"inLanguage":"pt-PT","potentialAction":[{"@type":"ReadAction","target":["https:\/\/boutique-one-piece.com\/figurines-one-piece\/figurines-jinbe\/figurine-one-piece-lhomme-poisson-karateka-jinbe\/"]}]},{"@type":"ImageObject","inLanguage":"pt-PT","@id":"https:\/\/boutique-one-piece.com\/figurines-one-piece\/figurines-jinbe\/figurine-one-piece-lhomme-poisson-karateka-jinbe\/#primaryimage","url":"https:\/\/boutique-one-piece.com\/wp-content\/uploads\/2022\/09\/Figurine-One-Piece-LHomme-Poisson-Karateka-Jinbe-1.jpg","contentUrl":"https:\/\/boutique-one-piece.com\/wp-content\/uploads\/2022\/09\/Figurine-One-Piece-LHomme-Poisson-Karateka-Jinbe-1.jpg","width":640,"height":640},{"@type":"BreadcrumbList","@id":"https:\/\/boutique-one-piece.com\/figurines-one-piece\/figurines-jinbe\/figurine-one-piece-lhomme-poisson-karateka-jinbe\/#breadcrumb","itemListElement":[{"@type":"ListItem","position":1,"name":"Home","item":"https:\/\/boutique-one-piece.com\/"},{"@type":"ListItem","position":2,"name":"Shop","item":"https:\/\/boutique-one-piece.com\/shop\/"},{"@type":"ListItem","position":3,"name":"Figurine One Piece L&#8217;Homme Poisson Karat\u00e9ka Jinbe"}]},{"@type":"WebSite","@id":"https:\/\/boutique-one-piece.com\/#website","url":"https:\/\/boutique-one-piece.com\/","name":"Loja One Piece","description":"Loja especializada em mang\u00e1 e anime de One Piece.","publisher":{"@id":"https:\/\/boutique-one-piece.com\/#organization"},"potentialAction":[{"@type":"SearchAction","target":{"@type":"EntryPoint","urlTemplate":"https:\/\/boutique-one-piece.com\/?s={search_term_string}"},"query-input":{"@type":"PropertyValueSpecification","valueRequired":true,"valueName":"search_term_string"}}],"inLanguage":"pt-PT"},{"@type":"Organization","@id":"https:\/\/boutique-one-piece.com\/#organization","name":"Loja One Piece","url":"https:\/\/boutique-one-piece.com\/","logo":{"@type":"ImageObject","inLanguage":"pt-PT","@id":"https:\/\/boutique-one-piece.com\/#\/schema\/logo\/image\/","url":"https:\/\/boutique-one-piece.com\/wp-content\/uploads\/2022\/09\/Logo-01.png","contentUrl":"https:\/\/boutique-one-piece.com\/wp-content\/uploads\/2022\/09\/Logo-01.png","width":2318,"height":957,"caption":"Boutique One Piece"},"image":{"@id":"https:\/\/boutique-one-piece.com\/#\/schema\/logo\/image\/"}}]}},"_links":{"self":[{"href":"https:\/\/boutique-one-piece.com\/pt\/wp-json\/wp\/v2\/product\/13452","targetHints":{"allow":["GET"]}}],"collection":[{"href":"https:\/\/boutique-one-piece.com\/pt\/wp-json\/wp\/v2\/product"}],"about":[{"href":"https:\/\/boutique-one-piece.com\/pt\/wp-json\/wp\/v2\/types\/product"}],"replies":[{"embeddable":true,"href":"https:\/\/boutique-one-piece.com\/pt\/wp-json\/wp\/v2\/comments?post=13452"}],"wp:featuredmedia":[{"embeddable":true,"href":"https:\/\/boutique-one-piece.com\/pt\/wp-json\/wp\/v2\/media\/13454"}],"wp:attachment":[{"href":"https:\/\/boutique-one-piece.com\/pt\/wp-json\/wp\/v2\/media?parent=13452"}],"wp:term":[{"taxonomy":"product_brand","embeddable":true,"href":"https:\/\/boutique-one-piece.com\/pt\/wp-json\/wp\/v2\/product_brand?post=13452"},{"taxonomy":"product_cat","embeddable":true,"href":"https:\/\/boutique-one-piece.com\/pt\/wp-json\/wp\/v2\/product_cat?post=13452"},{"taxonomy":"product_tag","embeddable":true,"href":"https:\/\/boutique-one-piece.com\/pt\/wp-json\/wp\/v2\/product_tag?post=13452"}],"curies":[{"name":"wp","href":"https:\/\/api.w.org\/{rel}","templated":true}]}}