{"id":13549,"date":"2022-09-27T21:21:16","date_gmt":"2022-09-27T21:21:16","guid":{"rendered":"https:\/\/boutique-one-piece.com\/uncategorized\/figurine-one-piece-ace-accroupi\/"},"modified":"2024-09-16T13:18:32","modified_gmt":"2024-09-16T13:18:32","slug":"figura-do-ace-agachado-de-one-piece","status":"publish","type":"product","link":"https:\/\/boutique-one-piece.com\/pt\/figuras-de-acao-de-one-piece\/estatuetas-de-portgas-dace\/figura-do-ace-agachado-de-one-piece\/","title":{"rendered":"Figura do Ace agachado de One Piece"},"content":{"rendered":"<h2>Jovem treinador, chegou a hora de voc\u00ea adquirir esta estatueta do Ace Agachado de One Piece.<\/h2>\n<p>Eis o que voc\u00ea precisa saber sobre <strong>Ace<\/strong> ; m\u00eame s\u2019ils ne sont pas du m\u00eame sang, Luffy et Ace se consid\u00e8rent comme de vrais fr\u00e8res. Ils ont \u00e9chang\u00e9, avec Sabo, une coupe de sak\u00e9 pour symboliser <strong>sua irmandade<\/strong>. D\u00e9j\u00e0 enfant, Ace battait toujours Luffy quand ils se bagarraient, alors qu\u2019il n\u2019avait aucun pouvoir \u00e0 cette \u00e9poque tandis que Luffy, lui, avait d\u00e9j\u00e0 mang\u00e9 le Gomu Gomu no Mi, ce qui prouve ses \u00e9normes aptitudes au combat.<\/p>\n<p>Cependant, apr\u00e8s l\u2019ellipse, Luffy a beaucoup progress\u00e9, mais reste loin du niveau de son grand fr\u00e8re. Enfin, Ace a \u00e9t\u00e9 tu\u00e9 par l\u2019Amiral Akainu en voulant prot\u00e9ger Luffy durant l\u2019Arc Marineford. D\u2019ailleurs, la <a title=\"FIGURA DE ONE PIECE MONKEY D. LUFFY, REI DOS PIRATAS\" href=\"https:\/\/boutique-one-piece.com\/pt\/figura-de-acao-de-one-piece-monkey-d-luffy-o-rei-dos-piratas\/\" target=\"_blank\" rel=\"noopener\">Estatueta do Monkey D. Luffy<\/a> Est\u00e1 ao seu alcance.<\/p>\n<h3>Alors, conquis par la figurine de Ace ? N\u2019h\u00e9site plus et saisis cette opportunit\u00e9 de rencontrer ce brave Ace. Deviens un combattant aussi agile et puissante que lui.<\/h3>\n<p>Seja voc\u00ea um f\u00e3 incondicional ou um colecionador experiente, esses itens ic\u00f4nicos s\u00e3o definitivamente para voc\u00ea. Perfeitos para presentear, colecionar ou decorar, esses objetos ir\u00e3o enriquecer sua cole\u00e7\u00e3o. <strong>seu universo de One Piece<\/strong>. N\u2019attends plus une seconde et embraque \u00e0 bord du <strong>Mil Sol<\/strong>, bien des aventures t\u2019y attendent !<\/p>\n<h2>Informa\u00e7\u00f5es sobre a estatueta Ace Agachado\u00a0<\/h2>\n<ul>\n<li><span><b><u>Figura de a\u00e7\u00e3o de One Piece<\/u><\/b>\u00a0: Figurine\u00a0 premium de l\u2019univers One Piece pour les vrais pirates<\/span><\/li>\n<\/ul>\n<ul>\n<li>\n<b>Mat\u00e9ria<\/b><span>\u00a0<\/span>PVC<\/li>\n<\/ul>\n<ul>\n<li><span><strong>Dimens\u00e3o<\/strong>\u00a0: 15 cm<\/span><\/li>\n<\/ul>\n<ul>\n<li><span><strong>ENTREGA GR\u00c1TIS<\/strong><\/span><\/li>\n<\/ul>","protected":false},"excerpt":{"rendered":"<p>Jeune dresseur, le moment est venu pour toi de te procurer cette Figurine One Piece Ace Accroupi. Voici ce que tu dois savoir au sujet de Ace ; m\u00eame s\u2019ils ne sont pas du m\u00eame sang, Luffy et Ace se consid\u00e8rent comme de vrais fr\u00e8res. Ils ont \u00e9chang\u00e9, avec Sabo, une coupe de sak\u00e9 pour [&hellip;]<\/p>","protected":false},"featured_media":13551,"comment_status":"open","ping_status":"open","template":"","meta":[],"product_brand":[],"product_cat":[76,179],"product_tag":[176],"class_list":{"0":"post-13549","1":"product","2":"type-product","3":"status-publish","4":"has-post-thumbnail","6":"product_cat-figurines-one-piece","7":"product_cat-figurines-portgas-d-ace","8":"product_tag-ace","10":"first","11":"instock","12":"purchasable","13":"product-type-simple"},"yoast_head":"<!-- This site is optimized with the Yoast SEO plugin v27.5 - https:\/\/yoast.com\/product\/yoast-seo-wordpress\/ -->\n<title>Figurine One Piece Ace Accroupi | Figurine One Piece \u2013 Boutique One Piece<\/title>\n<meta name=\"description\" content=\"Jeune dresseur, le moment est venu pour toi de te procurer cette Figurine One Piece Ace Accroupi. Voici ce que tu dois savoir au sujet de Ace ; m\u00eame s&#039;ils ne sont pas du m\u00eame sang, Luffy et Ace se consid\u00e8rent comme de vrais fr\u00e8res. Ils ont \u00e9chang\u00e9, avec Sabo, une coupe de sak\u00e9 pour symboliser leur fraternit\u00e9. D\u00e9j\u00e0 enfa\" \/>\n<meta name=\"robots\" content=\"index, follow, max-snippet:-1, max-image-preview:large, max-video-preview:-1\" \/>\n<link rel=\"canonical\" href=\"https:\/\/boutique-one-piece.com\/pt\/figuras-de-acao-de-one-piece\/estatuetas-de-portgas-dace\/figura-do-ace-agachado-de-one-piece\/\" \/>\n<meta property=\"og:locale\" content=\"pt_PT\" \/>\n<meta property=\"og:type\" content=\"article\" \/>\n<meta property=\"og:title\" content=\"Figurine One Piece Ace Accroupi | Figurine One Piece \u2013 Boutique One Piece\" \/>\n<meta property=\"og:description\" content=\"Jeune dresseur, le moment est venu pour toi de te procurer cette Figurine One Piece Ace Accroupi. Voici ce que tu dois savoir au sujet de Ace ; m\u00eame s&#039;ils ne sont pas du m\u00eame sang, Luffy et Ace se consid\u00e8rent comme de vrais fr\u00e8res. Ils ont \u00e9chang\u00e9, avec Sabo, une coupe de sak\u00e9 pour symboliser leur fraternit\u00e9. D\u00e9j\u00e0 enfa\" \/>\n<meta property=\"og:url\" content=\"https:\/\/boutique-one-piece.com\/pt\/figuras-de-acao-de-one-piece\/estatuetas-de-portgas-dace\/figura-do-ace-agachado-de-one-piece\/\" \/>\n<meta property=\"og:site_name\" content=\"Boutique One Piece\" \/>\n<meta property=\"article:modified_time\" content=\"2024-09-16T13:18:32+00:00\" \/>\n<meta property=\"og:image\" content=\"https:\/\/boutique-one-piece.com\/wp-content\/uploads\/2022\/09\/Figurine-One-Piece-Ace-Accroupi-1.jpg\" \/>\n\t<meta property=\"og:image:width\" content=\"776\" \/>\n\t<meta property=\"og:image:height\" content=\"721\" \/>\n\t<meta property=\"og:image:type\" content=\"image\/jpeg\" \/>\n<meta name=\"twitter:card\" content=\"summary_large_image\" \/>\n<meta name=\"twitter:label1\" content=\"Tempo estimado de leitura\" \/>\n\t<meta name=\"twitter:data1\" content=\"1 minuto\" \/>\n<script type=\"application\/ld+json\" class=\"yoast-schema-graph\">{\"@context\":\"https:\\\/\\\/schema.org\",\"@graph\":[{\"@type\":\"WebPage\",\"@id\":\"https:\\\/\\\/boutique-one-piece.com\\\/figurines-one-piece\\\/figurines-portgas-d-ace\\\/figurine-one-piece-ace-accroupi\\\/\",\"url\":\"https:\\\/\\\/boutique-one-piece.com\\\/figurines-one-piece\\\/figurines-portgas-d-ace\\\/figurine-one-piece-ace-accroupi\\\/\",\"name\":\"Figurine One Piece Ace Accroupi | Figurine One Piece \u2013 Boutique One Piece\",\"isPartOf\":{\"@id\":\"https:\\\/\\\/boutique-one-piece.com\\\/#website\"},\"primaryImageOfPage\":{\"@id\":\"https:\\\/\\\/boutique-one-piece.com\\\/figurines-one-piece\\\/figurines-portgas-d-ace\\\/figurine-one-piece-ace-accroupi\\\/#primaryimage\"},\"image\":{\"@id\":\"https:\\\/\\\/boutique-one-piece.com\\\/figurines-one-piece\\\/figurines-portgas-d-ace\\\/figurine-one-piece-ace-accroupi\\\/#primaryimage\"},\"thumbnailUrl\":\"https:\\\/\\\/boutique-one-piece.com\\\/wp-content\\\/uploads\\\/2022\\\/09\\\/Figurine-One-Piece-Ace-Accroupi-1.jpg\",\"datePublished\":\"2022-09-27T21:21:16+00:00\",\"dateModified\":\"2024-09-16T13:18:32+00:00\",\"description\":\"Jeune dresseur, le moment est venu pour toi de te procurer cette Figurine One Piece Ace Accroupi. Voici ce que tu dois savoir au sujet de Ace ; m\u00eame s'ils ne sont pas du m\u00eame sang, Luffy et Ace se consid\u00e8rent comme de vrais fr\u00e8res. Ils ont \u00e9chang\u00e9, avec Sabo, une coupe de sak\u00e9 pour symboliser leur fraternit\u00e9. D\u00e9j\u00e0 enfa\",\"breadcrumb\":{\"@id\":\"https:\\\/\\\/boutique-one-piece.com\\\/figurines-one-piece\\\/figurines-portgas-d-ace\\\/figurine-one-piece-ace-accroupi\\\/#breadcrumb\"},\"inLanguage\":\"pt-PT\",\"potentialAction\":[{\"@type\":\"ReadAction\",\"target\":[\"https:\\\/\\\/boutique-one-piece.com\\\/figurines-one-piece\\\/figurines-portgas-d-ace\\\/figurine-one-piece-ace-accroupi\\\/\"]}]},{\"@type\":\"ImageObject\",\"inLanguage\":\"pt-PT\",\"@id\":\"https:\\\/\\\/boutique-one-piece.com\\\/figurines-one-piece\\\/figurines-portgas-d-ace\\\/figurine-one-piece-ace-accroupi\\\/#primaryimage\",\"url\":\"https:\\\/\\\/boutique-one-piece.com\\\/wp-content\\\/uploads\\\/2022\\\/09\\\/Figurine-One-Piece-Ace-Accroupi-1.jpg\",\"contentUrl\":\"https:\\\/\\\/boutique-one-piece.com\\\/wp-content\\\/uploads\\\/2022\\\/09\\\/Figurine-One-Piece-Ace-Accroupi-1.jpg\",\"width\":776,\"height\":721},{\"@type\":\"BreadcrumbList\",\"@id\":\"https:\\\/\\\/boutique-one-piece.com\\\/figurines-one-piece\\\/figurines-portgas-d-ace\\\/figurine-one-piece-ace-accroupi\\\/#breadcrumb\",\"itemListElement\":[{\"@type\":\"ListItem\",\"position\":1,\"name\":\"Home\",\"item\":\"https:\\\/\\\/boutique-one-piece.com\\\/\"},{\"@type\":\"ListItem\",\"position\":2,\"name\":\"Shop\",\"item\":\"https:\\\/\\\/boutique-one-piece.com\\\/shop\\\/\"},{\"@type\":\"ListItem\",\"position\":3,\"name\":\"Figurine One Piece Ace Accroupi\"}]},{\"@type\":\"WebSite\",\"@id\":\"https:\\\/\\\/boutique-one-piece.com\\\/#website\",\"url\":\"https:\\\/\\\/boutique-one-piece.com\\\/\",\"name\":\"Boutique One Piece\",\"description\":\"Magasin Sp\u00e9cialis\u00e9 du Manga et l&#039;Anime One Piece\",\"publisher\":{\"@id\":\"https:\\\/\\\/boutique-one-piece.com\\\/#organization\"},\"potentialAction\":[{\"@type\":\"SearchAction\",\"target\":{\"@type\":\"EntryPoint\",\"urlTemplate\":\"https:\\\/\\\/boutique-one-piece.com\\\/?s={search_term_string}\"},\"query-input\":{\"@type\":\"PropertyValueSpecification\",\"valueRequired\":true,\"valueName\":\"search_term_string\"}}],\"inLanguage\":\"pt-PT\"},{\"@type\":\"Organization\",\"@id\":\"https:\\\/\\\/boutique-one-piece.com\\\/#organization\",\"name\":\"Boutique One Piece\",\"url\":\"https:\\\/\\\/boutique-one-piece.com\\\/\",\"logo\":{\"@type\":\"ImageObject\",\"inLanguage\":\"pt-PT\",\"@id\":\"https:\\\/\\\/boutique-one-piece.com\\\/#\\\/schema\\\/logo\\\/image\\\/\",\"url\":\"https:\\\/\\\/boutique-one-piece.com\\\/wp-content\\\/uploads\\\/2022\\\/09\\\/Logo-01.png\",\"contentUrl\":\"https:\\\/\\\/boutique-one-piece.com\\\/wp-content\\\/uploads\\\/2022\\\/09\\\/Logo-01.png\",\"width\":2318,\"height\":957,\"caption\":\"Boutique One Piece\"},\"image\":{\"@id\":\"https:\\\/\\\/boutique-one-piece.com\\\/#\\\/schema\\\/logo\\\/image\\\/\"}}]}<\/script>\n<!-- \/ Yoast SEO plugin. -->","yoast_head_json":{"title":"Figura do Ace agachado de One Piece | Figura de One Piece \u2013 Loja One Piece","description":"Jovem treinador, chegou a hora de voc\u00ea colocar as m\u00e3os nesta figura do Ace agachado de One Piece. Aqui est\u00e1 o que voc\u00ea precisa saber sobre o Ace: embora n\u00e3o sejam parentes de sangue, Luffy e Ace se consideram verdadeiros irm\u00e3os. Eles compartilharam uma ta\u00e7a de saqu\u00ea com Sabo para simbolizar sua irmandade. Isso j\u00e1 acontecia desde a inf\u00e2ncia.","robots":{"index":"index","follow":"follow","max-snippet":"max-snippet:-1","max-image-preview":"max-image-preview:large","max-video-preview":"max-video-preview:-1"},"canonical":"https:\/\/boutique-one-piece.com\/pt\/figuras-de-acao-de-one-piece\/estatuetas-de-portgas-dace\/figura-do-ace-agachado-de-one-piece\/","og_locale":"pt_PT","og_type":"article","og_title":"Figurine One Piece Ace Accroupi | Figurine One Piece \u2013 Boutique One Piece","og_description":"Jeune dresseur, le moment est venu pour toi de te procurer cette Figurine One Piece Ace Accroupi. Voici ce que tu dois savoir au sujet de Ace ; m\u00eame s'ils ne sont pas du m\u00eame sang, Luffy et Ace se consid\u00e8rent comme de vrais fr\u00e8res. Ils ont \u00e9chang\u00e9, avec Sabo, une coupe de sak\u00e9 pour symboliser leur fraternit\u00e9. D\u00e9j\u00e0 enfa","og_url":"https:\/\/boutique-one-piece.com\/pt\/figuras-de-acao-de-one-piece\/estatuetas-de-portgas-dace\/figura-do-ace-agachado-de-one-piece\/","og_site_name":"Boutique One Piece","article_modified_time":"2024-09-16T13:18:32+00:00","og_image":[{"width":776,"height":721,"url":"https:\/\/boutique-one-piece.com\/wp-content\/uploads\/2022\/09\/Figurine-One-Piece-Ace-Accroupi-1.jpg","type":"image\/jpeg"}],"twitter_card":"summary_large_image","twitter_misc":{"Tempo estimado de leitura":"1 minuto"},"schema":{"@context":"https:\/\/schema.org","@graph":[{"@type":"WebPage","@id":"https:\/\/boutique-one-piece.com\/figurines-one-piece\/figurines-portgas-d-ace\/figurine-one-piece-ace-accroupi\/","url":"https:\/\/boutique-one-piece.com\/figurines-one-piece\/figurines-portgas-d-ace\/figurine-one-piece-ace-accroupi\/","name":"Figura do Ace agachado de One Piece | Figura de One Piece \u2013 Loja One Piece","isPartOf":{"@id":"https:\/\/boutique-one-piece.com\/#website"},"primaryImageOfPage":{"@id":"https:\/\/boutique-one-piece.com\/figurines-one-piece\/figurines-portgas-d-ace\/figurine-one-piece-ace-accroupi\/#primaryimage"},"image":{"@id":"https:\/\/boutique-one-piece.com\/figurines-one-piece\/figurines-portgas-d-ace\/figurine-one-piece-ace-accroupi\/#primaryimage"},"thumbnailUrl":"https:\/\/boutique-one-piece.com\/wp-content\/uploads\/2022\/09\/Figurine-One-Piece-Ace-Accroupi-1.jpg","datePublished":"2022-09-27T21:21:16+00:00","dateModified":"2024-09-16T13:18:32+00:00","description":"Jovem treinador, chegou a hora de voc\u00ea colocar as m\u00e3os nesta figura do Ace agachado de One Piece. Aqui est\u00e1 o que voc\u00ea precisa saber sobre o Ace: embora n\u00e3o sejam parentes de sangue, Luffy e Ace se consideram verdadeiros irm\u00e3os. Eles compartilharam uma ta\u00e7a de saqu\u00ea com Sabo para simbolizar sua irmandade. Isso j\u00e1 acontecia desde a inf\u00e2ncia.","breadcrumb":{"@id":"https:\/\/boutique-one-piece.com\/figurines-one-piece\/figurines-portgas-d-ace\/figurine-one-piece-ace-accroupi\/#breadcrumb"},"inLanguage":"pt-PT","potentialAction":[{"@type":"ReadAction","target":["https:\/\/boutique-one-piece.com\/figurines-one-piece\/figurines-portgas-d-ace\/figurine-one-piece-ace-accroupi\/"]}]},{"@type":"ImageObject","inLanguage":"pt-PT","@id":"https:\/\/boutique-one-piece.com\/figurines-one-piece\/figurines-portgas-d-ace\/figurine-one-piece-ace-accroupi\/#primaryimage","url":"https:\/\/boutique-one-piece.com\/wp-content\/uploads\/2022\/09\/Figurine-One-Piece-Ace-Accroupi-1.jpg","contentUrl":"https:\/\/boutique-one-piece.com\/wp-content\/uploads\/2022\/09\/Figurine-One-Piece-Ace-Accroupi-1.jpg","width":776,"height":721},{"@type":"BreadcrumbList","@id":"https:\/\/boutique-one-piece.com\/figurines-one-piece\/figurines-portgas-d-ace\/figurine-one-piece-ace-accroupi\/#breadcrumb","itemListElement":[{"@type":"ListItem","position":1,"name":"Home","item":"https:\/\/boutique-one-piece.com\/"},{"@type":"ListItem","position":2,"name":"Shop","item":"https:\/\/boutique-one-piece.com\/shop\/"},{"@type":"ListItem","position":3,"name":"Figurine One Piece Ace Accroupi"}]},{"@type":"WebSite","@id":"https:\/\/boutique-one-piece.com\/#website","url":"https:\/\/boutique-one-piece.com\/","name":"Loja One Piece","description":"Loja especializada em mang\u00e1 e anime de One Piece.","publisher":{"@id":"https:\/\/boutique-one-piece.com\/#organization"},"potentialAction":[{"@type":"SearchAction","target":{"@type":"EntryPoint","urlTemplate":"https:\/\/boutique-one-piece.com\/?s={search_term_string}"},"query-input":{"@type":"PropertyValueSpecification","valueRequired":true,"valueName":"search_term_string"}}],"inLanguage":"pt-PT"},{"@type":"Organization","@id":"https:\/\/boutique-one-piece.com\/#organization","name":"Loja One Piece","url":"https:\/\/boutique-one-piece.com\/","logo":{"@type":"ImageObject","inLanguage":"pt-PT","@id":"https:\/\/boutique-one-piece.com\/#\/schema\/logo\/image\/","url":"https:\/\/boutique-one-piece.com\/wp-content\/uploads\/2022\/09\/Logo-01.png","contentUrl":"https:\/\/boutique-one-piece.com\/wp-content\/uploads\/2022\/09\/Logo-01.png","width":2318,"height":957,"caption":"Boutique One Piece"},"image":{"@id":"https:\/\/boutique-one-piece.com\/#\/schema\/logo\/image\/"}}]}},"_links":{"self":[{"href":"https:\/\/boutique-one-piece.com\/pt\/wp-json\/wp\/v2\/product\/13549","targetHints":{"allow":["GET"]}}],"collection":[{"href":"https:\/\/boutique-one-piece.com\/pt\/wp-json\/wp\/v2\/product"}],"about":[{"href":"https:\/\/boutique-one-piece.com\/pt\/wp-json\/wp\/v2\/types\/product"}],"replies":[{"embeddable":true,"href":"https:\/\/boutique-one-piece.com\/pt\/wp-json\/wp\/v2\/comments?post=13549"}],"wp:featuredmedia":[{"embeddable":true,"href":"https:\/\/boutique-one-piece.com\/pt\/wp-json\/wp\/v2\/media\/13551"}],"wp:attachment":[{"href":"https:\/\/boutique-one-piece.com\/pt\/wp-json\/wp\/v2\/media?parent=13549"}],"wp:term":[{"taxonomy":"product_brand","embeddable":true,"href":"https:\/\/boutique-one-piece.com\/pt\/wp-json\/wp\/v2\/product_brand?post=13549"},{"taxonomy":"product_cat","embeddable":true,"href":"https:\/\/boutique-one-piece.com\/pt\/wp-json\/wp\/v2\/product_cat?post=13549"},{"taxonomy":"product_tag","embeddable":true,"href":"https:\/\/boutique-one-piece.com\/pt\/wp-json\/wp\/v2\/product_tag?post=13549"}],"curies":[{"name":"wp","href":"https:\/\/api.w.org\/{rel}","templated":true}]}}