{"id":13605,"date":"2022-09-27T21:21:39","date_gmt":"2022-09-27T21:21:39","guid":{"rendered":"https:\/\/boutique-one-piece.com\/uncategorized\/figurine-one-piece-nico-robin-attaque\/"},"modified":"2024-09-16T13:19:32","modified_gmt":"2024-09-16T13:19:32","slug":"figura-de-acao-de-nico-robin-de-one-piece","status":"publish","type":"product","link":"https:\/\/boutique-one-piece.com\/pt\/produtos-de-one-piece\/produtos-da-nico-robin-de-one-piece\/figura-de-acao-de-nico-robin-de-one-piece\/","title":{"rendered":"Figura de a\u00e7\u00e3o de Nico Robin de One Piece"},"content":{"rendered":"<h2>Jovem pirata, n\u00e3o espere mais e aproveite a oportunidade para adquirir esta figura de a\u00e7\u00e3o da Nico Robin de One Piece.<\/h2>\n<p>Eis o que voc\u00ea precisa saber sobre esse personagem; ; <strong>Nico Robin, tamb\u00e9m conhecida como a Crian\u00e7a Dem\u00f4nio<\/strong>, Ela \u00e9 a arque\u00f3loga do Bando do Chap\u00e9u de Palha. Ela comeu o <strong>Hana Hana no Mi<\/strong> (fruto da eclos\u00e3o) em uma idade muito jovem, j\u00e1 que a vemos usando seus poderes aos oito anos de idade em um de seus flashbacks em Enies Lobby.<\/p>\n<p>\u00c9 uma Akuma no Mi do tipo Paramecia que lhe permite fazer crescer qualquer parte do seu corpo em qualquer superf\u00edcie. Quando usa seus poderes, ela cruza os bra\u00e7os em forma de &quot;X&quot;. Alguns de seus ataques prendem o inimigo, imobilizando-o com as m\u00e3os enquanto as multiplica.<\/p>\n<p>Apesar de ser muito poderoso, suas partes alongadas podem ser atingidas ou esticadas, causando danos ao seu corpo principal, que \u00e9 seu ponto fraco. Al\u00e9m disso, se voc\u00ea quiser expandir sua cole\u00e7\u00e3o de figuras, o <a title=\"FIGURA DA NAMI, A NAVEGADORA, DE ONE PIECE\" href=\"https:\/\/boutique-one-piece.com\/pt\/figura-de-acao-da-nami-a-navegadora-de-one-piece\/\" target=\"_blank\" rel=\"noopener\">Estatueta da Nami, a Navegadora<\/a> Est\u00e1 ao seu alcance.<\/p>\n<h3>Ent\u00e3o, voc\u00ea est\u00e1 fascinado pela figura de Nico Robin em meio a um ataque? Se sim, junte-se a ela a bordo da Thousand Suny. Muitas aventuras o aguardam l\u00e1.<\/h3>\n<p>Seja voc\u00ea um f\u00e3 incondicional ou um colecionador experiente, estes itens s\u00e3o definitivamente para voc\u00ea. Perfeitos para presentear, decorar ou adicionar \u00e0 sua cole\u00e7\u00e3o, estas pe\u00e7as ic\u00f4nicas ir\u00e3o enriquec\u00ea-la. <strong>seu universo de One Piece<\/strong>. Ent\u00e3o n\u00e3o espere mais e aproveite a oportunidade para viver muitas aventuras! <strong>jovem pirata<\/strong>.<\/p>\n<h2>Informa\u00e7\u00f5es sobre a figura de a\u00e7\u00e3o da Nico Robin\u00a0<\/h2>\n<ul>\n<li><span><b><u>Figura de a\u00e7\u00e3o de One Piece<\/u><\/b>\u00a0Figura premium de One Piece para verdadeiros piratas.<\/span><\/li>\n<\/ul>\n<ul>\n<li>\n<b>Mat\u00e9ria<\/b><span>\u00a0<\/span>PVC<\/li>\n<\/ul>\n<ul>\n<li><span><strong>Dimens\u00e3o<\/strong>\u00a0: 15 cm<\/span><\/li>\n<\/ul>\n<ul>\n<li><span><strong>ENTREGA GR\u00c1TIS<\/strong><\/span><\/li>\n<\/ul>","protected":false},"excerpt":{"rendered":"<p>Jovem pirata, n\u00e3o espere mais e aproveite a oportunidade para adquirir esta figura de ataque da Nico Robin de One Piece. Aqui est\u00e1 o que voc\u00ea precisa saber sobre esta personagem: Nico Robin, tamb\u00e9m conhecida como a Crian\u00e7a Dem\u00f4nio, \u00e9 a arque\u00f3loga do Bando do Chap\u00e9u de Palha. Ela comeu a Hana Hana no Mi (Fruta da Flor) em [\u2026]<\/p>","protected":false},"featured_media":13607,"comment_status":"open","ping_status":"open","template":"","meta":[],"product_brand":[],"product_cat":[309,76,198],"product_tag":[205],"class_list":{"0":"post-13605","1":"product","2":"type-product","3":"status-publish","4":"has-post-thumbnail","6":"product_cat-figurines-nico-robin","7":"product_cat-figurines-one-piece","8":"product_cat-goodies-nico-robin-one-piece","9":"product_tag-robin","11":"first","12":"instock","13":"purchasable","14":"product-type-simple"},"yoast_head":"<!-- This site is optimized with the Yoast SEO plugin v27.5 - https:\/\/yoast.com\/product\/yoast-seo-wordpress\/ -->\n<title>Figurine One Piece Nico Robin Attaque | Figurine One Piece \u2013 Boutique One Piece<\/title>\n<meta name=\"description\" content=\"Jeune pirate, n&#039;attends plus et saute sur l&#039;occasion de mettre la main sur cette Figurine One Piece Nico Robin Attaque. Voici ce que tu dois savoir sur ce personnage ; Nico Robin alias l&#039;Enfant D\u00e9moniaque, est l&#039;Arch\u00e9ologue de L&#039;\u00c9quipage du Chapeau de Paille. Elle a mang\u00e9 le Hana Hana no Mi (fruit de l&#039;\u00e9closion) \u00e0 un t\" \/>\n<meta name=\"robots\" content=\"index, follow, max-snippet:-1, max-image-preview:large, max-video-preview:-1\" \/>\n<link rel=\"canonical\" href=\"https:\/\/boutique-one-piece.com\/pt\/figuras-de-acao-de-one-piece\/estatuetas-da-nico-robin\/figura-de-acao-de-nico-robin-de-one-piece\/\" \/>\n<meta property=\"og:locale\" content=\"pt_PT\" \/>\n<meta property=\"og:type\" content=\"article\" \/>\n<meta property=\"og:title\" content=\"Figurine One Piece Nico Robin Attaque | Figurine One Piece \u2013 Boutique One Piece\" \/>\n<meta property=\"og:description\" content=\"Jeune pirate, n&#039;attends plus et saute sur l&#039;occasion de mettre la main sur cette Figurine One Piece Nico Robin Attaque. Voici ce que tu dois savoir sur ce personnage ; Nico Robin alias l&#039;Enfant D\u00e9moniaque, est l&#039;Arch\u00e9ologue de L&#039;\u00c9quipage du Chapeau de Paille. Elle a mang\u00e9 le Hana Hana no Mi (fruit de l&#039;\u00e9closion) \u00e0 un t\" \/>\n<meta property=\"og:url\" content=\"https:\/\/boutique-one-piece.com\/pt\/figuras-de-acao-de-one-piece\/estatuetas-da-nico-robin\/figura-de-acao-de-nico-robin-de-one-piece\/\" \/>\n<meta property=\"og:site_name\" content=\"Boutique One Piece\" \/>\n<meta property=\"article:modified_time\" content=\"2024-09-16T13:19:32+00:00\" \/>\n<meta property=\"og:image\" content=\"https:\/\/boutique-one-piece.com\/wp-content\/uploads\/2022\/09\/Figurine-One-Piece-Nico-Robin-Attaque-1.jpg\" \/>\n\t<meta property=\"og:image:width\" content=\"1080\" \/>\n\t<meta property=\"og:image:height\" content=\"1080\" \/>\n\t<meta property=\"og:image:type\" content=\"image\/jpeg\" \/>\n<meta name=\"twitter:card\" content=\"summary_large_image\" \/>\n<meta name=\"twitter:label1\" content=\"Tempo estimado de leitura\" \/>\n\t<meta name=\"twitter:data1\" content=\"1 minuto\" \/>\n<script type=\"application\/ld+json\" class=\"yoast-schema-graph\">{\"@context\":\"https:\\\/\\\/schema.org\",\"@graph\":[{\"@type\":\"WebPage\",\"@id\":\"https:\\\/\\\/boutique-one-piece.com\\\/figurines-one-piece\\\/figurines-nico-robin\\\/figurine-one-piece-nico-robin-attaque\\\/\",\"url\":\"https:\\\/\\\/boutique-one-piece.com\\\/figurines-one-piece\\\/figurines-nico-robin\\\/figurine-one-piece-nico-robin-attaque\\\/\",\"name\":\"Figurine One Piece Nico Robin Attaque | Figurine One Piece \u2013 Boutique One Piece\",\"isPartOf\":{\"@id\":\"https:\\\/\\\/boutique-one-piece.com\\\/#website\"},\"primaryImageOfPage\":{\"@id\":\"https:\\\/\\\/boutique-one-piece.com\\\/figurines-one-piece\\\/figurines-nico-robin\\\/figurine-one-piece-nico-robin-attaque\\\/#primaryimage\"},\"image\":{\"@id\":\"https:\\\/\\\/boutique-one-piece.com\\\/figurines-one-piece\\\/figurines-nico-robin\\\/figurine-one-piece-nico-robin-attaque\\\/#primaryimage\"},\"thumbnailUrl\":\"https:\\\/\\\/boutique-one-piece.com\\\/wp-content\\\/uploads\\\/2022\\\/09\\\/Figurine-One-Piece-Nico-Robin-Attaque-1.jpg\",\"datePublished\":\"2022-09-27T21:21:39+00:00\",\"dateModified\":\"2024-09-16T13:19:32+00:00\",\"description\":\"Jeune pirate, n'attends plus et saute sur l'occasion de mettre la main sur cette Figurine One Piece Nico Robin Attaque. Voici ce que tu dois savoir sur ce personnage ; Nico Robin alias l'Enfant D\u00e9moniaque, est l'Arch\u00e9ologue de L'\u00c9quipage du Chapeau de Paille. Elle a mang\u00e9 le Hana Hana no Mi (fruit de l'\u00e9closion) \u00e0 un t\",\"breadcrumb\":{\"@id\":\"https:\\\/\\\/boutique-one-piece.com\\\/figurines-one-piece\\\/figurines-nico-robin\\\/figurine-one-piece-nico-robin-attaque\\\/#breadcrumb\"},\"inLanguage\":\"pt-PT\",\"potentialAction\":[{\"@type\":\"ReadAction\",\"target\":[\"https:\\\/\\\/boutique-one-piece.com\\\/figurines-one-piece\\\/figurines-nico-robin\\\/figurine-one-piece-nico-robin-attaque\\\/\"]}]},{\"@type\":\"ImageObject\",\"inLanguage\":\"pt-PT\",\"@id\":\"https:\\\/\\\/boutique-one-piece.com\\\/figurines-one-piece\\\/figurines-nico-robin\\\/figurine-one-piece-nico-robin-attaque\\\/#primaryimage\",\"url\":\"https:\\\/\\\/boutique-one-piece.com\\\/wp-content\\\/uploads\\\/2022\\\/09\\\/Figurine-One-Piece-Nico-Robin-Attaque-1.jpg\",\"contentUrl\":\"https:\\\/\\\/boutique-one-piece.com\\\/wp-content\\\/uploads\\\/2022\\\/09\\\/Figurine-One-Piece-Nico-Robin-Attaque-1.jpg\",\"width\":1080,\"height\":1080},{\"@type\":\"BreadcrumbList\",\"@id\":\"https:\\\/\\\/boutique-one-piece.com\\\/figurines-one-piece\\\/figurines-nico-robin\\\/figurine-one-piece-nico-robin-attaque\\\/#breadcrumb\",\"itemListElement\":[{\"@type\":\"ListItem\",\"position\":1,\"name\":\"Home\",\"item\":\"https:\\\/\\\/boutique-one-piece.com\\\/\"},{\"@type\":\"ListItem\",\"position\":2,\"name\":\"Shop\",\"item\":\"https:\\\/\\\/boutique-one-piece.com\\\/shop\\\/\"},{\"@type\":\"ListItem\",\"position\":3,\"name\":\"Figurine One Piece Nico Robin Attaque\"}]},{\"@type\":\"WebSite\",\"@id\":\"https:\\\/\\\/boutique-one-piece.com\\\/#website\",\"url\":\"https:\\\/\\\/boutique-one-piece.com\\\/\",\"name\":\"Boutique One Piece\",\"description\":\"Magasin Sp\u00e9cialis\u00e9 du Manga et l&#039;Anime One Piece\",\"publisher\":{\"@id\":\"https:\\\/\\\/boutique-one-piece.com\\\/#organization\"},\"potentialAction\":[{\"@type\":\"SearchAction\",\"target\":{\"@type\":\"EntryPoint\",\"urlTemplate\":\"https:\\\/\\\/boutique-one-piece.com\\\/?s={search_term_string}\"},\"query-input\":{\"@type\":\"PropertyValueSpecification\",\"valueRequired\":true,\"valueName\":\"search_term_string\"}}],\"inLanguage\":\"pt-PT\"},{\"@type\":\"Organization\",\"@id\":\"https:\\\/\\\/boutique-one-piece.com\\\/#organization\",\"name\":\"Boutique One Piece\",\"url\":\"https:\\\/\\\/boutique-one-piece.com\\\/\",\"logo\":{\"@type\":\"ImageObject\",\"inLanguage\":\"pt-PT\",\"@id\":\"https:\\\/\\\/boutique-one-piece.com\\\/#\\\/schema\\\/logo\\\/image\\\/\",\"url\":\"https:\\\/\\\/boutique-one-piece.com\\\/wp-content\\\/uploads\\\/2022\\\/09\\\/Logo-01.png\",\"contentUrl\":\"https:\\\/\\\/boutique-one-piece.com\\\/wp-content\\\/uploads\\\/2022\\\/09\\\/Logo-01.png\",\"width\":2318,\"height\":957,\"caption\":\"Boutique One Piece\"},\"image\":{\"@id\":\"https:\\\/\\\/boutique-one-piece.com\\\/#\\\/schema\\\/logo\\\/image\\\/\"}}]}<\/script>\n<!-- \/ Yoast SEO plugin. -->","yoast_head_json":{"title":"Figura de a\u00e7\u00e3o de Nico Robin de One Piece | Figura de a\u00e7\u00e3o de One Piece \u2013 Loja de One Piece","description":"Jovem pirata, n\u00e3o espere mais e aproveite a oportunidade para adquirir esta figura de a\u00e7\u00e3o da Nico Robin de One Piece. Aqui est\u00e1 o que voc\u00ea precisa saber sobre esta personagem: Nico Robin, tamb\u00e9m conhecida como a Crian\u00e7a Dem\u00f4nio, \u00e9 a arque\u00f3loga do Bando do Chap\u00e9u de Palha. Ela comeu a Hana Hana no Mi (Fruta da Flor) ainda muito jovem.","robots":{"index":"index","follow":"follow","max-snippet":"max-snippet:-1","max-image-preview":"max-image-preview:large","max-video-preview":"max-video-preview:-1"},"canonical":"https:\/\/boutique-one-piece.com\/pt\/figuras-de-acao-de-one-piece\/estatuetas-da-nico-robin\/figura-de-acao-de-nico-robin-de-one-piece\/","og_locale":"pt_PT","og_type":"article","og_title":"Figurine One Piece Nico Robin Attaque | Figurine One Piece \u2013 Boutique One Piece","og_description":"Jeune pirate, n'attends plus et saute sur l'occasion de mettre la main sur cette Figurine One Piece Nico Robin Attaque. Voici ce que tu dois savoir sur ce personnage ; Nico Robin alias l'Enfant D\u00e9moniaque, est l'Arch\u00e9ologue de L'\u00c9quipage du Chapeau de Paille. Elle a mang\u00e9 le Hana Hana no Mi (fruit de l'\u00e9closion) \u00e0 un t","og_url":"https:\/\/boutique-one-piece.com\/pt\/figuras-de-acao-de-one-piece\/estatuetas-da-nico-robin\/figura-de-acao-de-nico-robin-de-one-piece\/","og_site_name":"Boutique One Piece","article_modified_time":"2024-09-16T13:19:32+00:00","og_image":[{"width":1080,"height":1080,"url":"https:\/\/boutique-one-piece.com\/wp-content\/uploads\/2022\/09\/Figurine-One-Piece-Nico-Robin-Attaque-1.jpg","type":"image\/jpeg"}],"twitter_card":"summary_large_image","twitter_misc":{"Tempo estimado de leitura":"1 minuto"},"schema":{"@context":"https:\/\/schema.org","@graph":[{"@type":"WebPage","@id":"https:\/\/boutique-one-piece.com\/figurines-one-piece\/figurines-nico-robin\/figurine-one-piece-nico-robin-attaque\/","url":"https:\/\/boutique-one-piece.com\/figurines-one-piece\/figurines-nico-robin\/figurine-one-piece-nico-robin-attaque\/","name":"Figura de a\u00e7\u00e3o de Nico Robin de One Piece | Figura de a\u00e7\u00e3o de One Piece \u2013 Loja de One Piece","isPartOf":{"@id":"https:\/\/boutique-one-piece.com\/#website"},"primaryImageOfPage":{"@id":"https:\/\/boutique-one-piece.com\/figurines-one-piece\/figurines-nico-robin\/figurine-one-piece-nico-robin-attaque\/#primaryimage"},"image":{"@id":"https:\/\/boutique-one-piece.com\/figurines-one-piece\/figurines-nico-robin\/figurine-one-piece-nico-robin-attaque\/#primaryimage"},"thumbnailUrl":"https:\/\/boutique-one-piece.com\/wp-content\/uploads\/2022\/09\/Figurine-One-Piece-Nico-Robin-Attaque-1.jpg","datePublished":"2022-09-27T21:21:39+00:00","dateModified":"2024-09-16T13:19:32+00:00","description":"Jovem pirata, n\u00e3o espere mais e aproveite a oportunidade para adquirir esta figura de a\u00e7\u00e3o da Nico Robin de One Piece. Aqui est\u00e1 o que voc\u00ea precisa saber sobre esta personagem: Nico Robin, tamb\u00e9m conhecida como a Crian\u00e7a Dem\u00f4nio, \u00e9 a arque\u00f3loga do Bando do Chap\u00e9u de Palha. Ela comeu a Hana Hana no Mi (Fruta da Flor) ainda muito jovem.","breadcrumb":{"@id":"https:\/\/boutique-one-piece.com\/figurines-one-piece\/figurines-nico-robin\/figurine-one-piece-nico-robin-attaque\/#breadcrumb"},"inLanguage":"pt-PT","potentialAction":[{"@type":"ReadAction","target":["https:\/\/boutique-one-piece.com\/figurines-one-piece\/figurines-nico-robin\/figurine-one-piece-nico-robin-attaque\/"]}]},{"@type":"ImageObject","inLanguage":"pt-PT","@id":"https:\/\/boutique-one-piece.com\/figurines-one-piece\/figurines-nico-robin\/figurine-one-piece-nico-robin-attaque\/#primaryimage","url":"https:\/\/boutique-one-piece.com\/wp-content\/uploads\/2022\/09\/Figurine-One-Piece-Nico-Robin-Attaque-1.jpg","contentUrl":"https:\/\/boutique-one-piece.com\/wp-content\/uploads\/2022\/09\/Figurine-One-Piece-Nico-Robin-Attaque-1.jpg","width":1080,"height":1080},{"@type":"BreadcrumbList","@id":"https:\/\/boutique-one-piece.com\/figurines-one-piece\/figurines-nico-robin\/figurine-one-piece-nico-robin-attaque\/#breadcrumb","itemListElement":[{"@type":"ListItem","position":1,"name":"Home","item":"https:\/\/boutique-one-piece.com\/"},{"@type":"ListItem","position":2,"name":"Shop","item":"https:\/\/boutique-one-piece.com\/shop\/"},{"@type":"ListItem","position":3,"name":"Figurine One Piece Nico Robin Attaque"}]},{"@type":"WebSite","@id":"https:\/\/boutique-one-piece.com\/#website","url":"https:\/\/boutique-one-piece.com\/","name":"Loja One Piece","description":"Loja especializada em mang\u00e1 e anime de One Piece.","publisher":{"@id":"https:\/\/boutique-one-piece.com\/#organization"},"potentialAction":[{"@type":"SearchAction","target":{"@type":"EntryPoint","urlTemplate":"https:\/\/boutique-one-piece.com\/?s={search_term_string}"},"query-input":{"@type":"PropertyValueSpecification","valueRequired":true,"valueName":"search_term_string"}}],"inLanguage":"pt-PT"},{"@type":"Organization","@id":"https:\/\/boutique-one-piece.com\/#organization","name":"Loja One Piece","url":"https:\/\/boutique-one-piece.com\/","logo":{"@type":"ImageObject","inLanguage":"pt-PT","@id":"https:\/\/boutique-one-piece.com\/#\/schema\/logo\/image\/","url":"https:\/\/boutique-one-piece.com\/wp-content\/uploads\/2022\/09\/Logo-01.png","contentUrl":"https:\/\/boutique-one-piece.com\/wp-content\/uploads\/2022\/09\/Logo-01.png","width":2318,"height":957,"caption":"Boutique One Piece"},"image":{"@id":"https:\/\/boutique-one-piece.com\/#\/schema\/logo\/image\/"}}]}},"_links":{"self":[{"href":"https:\/\/boutique-one-piece.com\/pt\/wp-json\/wp\/v2\/product\/13605","targetHints":{"allow":["GET"]}}],"collection":[{"href":"https:\/\/boutique-one-piece.com\/pt\/wp-json\/wp\/v2\/product"}],"about":[{"href":"https:\/\/boutique-one-piece.com\/pt\/wp-json\/wp\/v2\/types\/product"}],"replies":[{"embeddable":true,"href":"https:\/\/boutique-one-piece.com\/pt\/wp-json\/wp\/v2\/comments?post=13605"}],"wp:featuredmedia":[{"embeddable":true,"href":"https:\/\/boutique-one-piece.com\/pt\/wp-json\/wp\/v2\/media\/13607"}],"wp:attachment":[{"href":"https:\/\/boutique-one-piece.com\/pt\/wp-json\/wp\/v2\/media?parent=13605"}],"wp:term":[{"taxonomy":"product_brand","embeddable":true,"href":"https:\/\/boutique-one-piece.com\/pt\/wp-json\/wp\/v2\/product_brand?post=13605"},{"taxonomy":"product_cat","embeddable":true,"href":"https:\/\/boutique-one-piece.com\/pt\/wp-json\/wp\/v2\/product_cat?post=13605"},{"taxonomy":"product_tag","embeddable":true,"href":"https:\/\/boutique-one-piece.com\/pt\/wp-json\/wp\/v2\/product_tag?post=13605"}],"curies":[{"name":"wp","href":"https:\/\/api.w.org\/{rel}","templated":true}]}}