{"id":13695,"date":"2022-09-27T21:22:12","date_gmt":"2022-09-27T21:22:12","guid":{"rendered":"https:\/\/boutique-one-piece.com\/uncategorized\/figurine-one-piece-tashigi-de-la-marine\/"},"modified":"2024-09-16T13:21:37","modified_gmt":"2024-09-16T13:21:37","slug":"figura-da-tashigi-de-one-piece-da-marinha","status":"publish","type":"product","link":"https:\/\/boutique-one-piece.com\/pt\/figuras-de-acao-de-one-piece\/figura-da-tashigi-de-one-piece-da-marinha\/","title":{"rendered":"Figura da Tashigi de One Piece da Marinha"},"content":{"rendered":"<h2>Jeune pirate, le moment est venu pour toi d\u2019acqu\u00e9rir cette Figurine One Piece Tashigi de la Marine.<\/h2>\n<p>Voc\u00ea deve saber que <strong>Tashigi<\/strong> \u00e9 uma jovem capit\u00e3 da Marinha servindo sob o comando de <strong>Vice-almirante Smoker<\/strong>. C\u2019est \u00e9galement l\u2019un des adversaires r\u00e9currents de l\u2019\u00c9quipage du Chapeau de Paille. D\u2019ailleurs, si tu souhaites agrandir ta collection de figurines, la <a title=\"Figura de One Piece: Smoker da Marinha\" href=\"https:\/\/boutique-one-piece.com\/pt\/estatueta-de-um-fumante-da-marinha-de-uma-peca\/\" target=\"_blank\" rel=\"noopener\">estatueta de fumante<\/a> Est\u00e1 ao seu alcance.<\/p>\n<p>Pour en revenir \u00e0 Tashigi, c\u2019est une femme tr\u00e8s courageuse et t\u00e9m\u00e9raire, lorsqu\u2019elle combat ses adversaires. Elle affronte tous ceux qu\u2019elle consid\u00e8re comme ses ennemis, quelque soit leur r\u00e9putation. Toutefois, elle a \u00e9t\u00e9 souvent battue par ses adversaires, fon\u00e7ant t\u00eate baiss\u00e9e sans r\u00e9fl\u00e9chir, fait que lui reproche souvent Smoker.<\/p>\n<p>Tout comme Kuina, elle a un complexe d\u2019inf\u00e9riorit\u00e9 par rapport aux hommes et regrette d\u2019\u00eatre n\u00e9e femme. Elle d\u00e9teste \u00eatre sous-estim\u00e9e parce qu\u2019elle est une femme et veut \u00eatre trait\u00e9e d\u2019\u00e9gal \u00e0 \u00e9gal avec les hommes. Elle a un c\u00f4t\u00e9 gar\u00e7on manqu\u00e9 dont <strong>seu interesse por espadas<\/strong>.<\/p>\n<h3>Ent\u00e3o, voc\u00ea ficou encantado(a) com a estatueta da Tashigi? Se sim, junte-se a ela na marinha; muitas aventuras o(a) aguardam.<\/h3>\n<p>Que tu sois un fan de la premi\u00e8re heure ou un fin collectionneur, ces objets sont forc\u00e9ment faits pour toi. Ils sont parfaits pour offrir, d\u00e9corer ou encore collectionner. N\u2019attends plus et saisis cette opportunit\u00e9 de pouvoir agrandir <strong>seu universo de One Piece<\/strong>. Uma coisa \u00e9 certa, <strong>pirataria<\/strong> n\u2019est jamais finie !<\/p>\n<h2>Informa\u00e7\u00f5es sobre a figura Tashigi Marine.\u00a0<\/h2>\n<ul data-mce-fragment=\"1\">\n<li data-mce-fragment=\"1\"><span data-mce-fragment=\"1\"><b data-mce-fragment=\"1\"><u data-mce-fragment=\"1\">Figura de a\u00e7\u00e3o de One Piece<\/u><\/b>\u00a0: Figurine\u00a0 premium de l\u2019univers One Piece pour les vrais pirates<\/span><\/li>\n<\/ul>\n<ul data-mce-fragment=\"1\">\n<li data-mce-fragment=\"1\">\n<b data-mce-fragment=\"1\">Mat\u00e9ria<\/b><span data-mce-fragment=\"1\">\u00a0<\/span>PVC<\/li>\n<\/ul>\n<ul data-mce-fragment=\"1\">\n<li data-mce-fragment=\"1\"><span data-mce-fragment=\"1\"><strong data-mce-fragment=\"1\">Dimens\u00e3o<\/strong>\u00a0: 15 cm<\/span><\/li>\n<\/ul>\n<ul data-mce-fragment=\"1\">\n<li data-mce-fragment=\"1\"><span data-mce-fragment=\"1\"><strong data-mce-fragment=\"1\">ENTREGA GR\u00c1TIS<\/strong><\/span><\/li>\n<\/ul>","protected":false},"excerpt":{"rendered":"<p>Jeune pirate, le moment est venu pour toi d\u2019acqu\u00e9rir cette Figurine One Piece Tashigi de la Marine. Tu dois savoir que Tashigi est une jeune femme Capitaine de la Marine servant sous les ordres du Vice-Amiral Smoker. C\u2019est \u00e9galement l\u2019un des adversaires r\u00e9currents de l\u2019\u00c9quipage du Chapeau de Paille. D\u2019ailleurs, si tu souhaites agrandir ta [&hellip;]<\/p>","protected":false},"featured_media":13697,"comment_status":"open","ping_status":"open","template":"","meta":[],"product_brand":[],"product_cat":[76],"product_tag":[397],"class_list":{"0":"post-13695","1":"product","2":"type-product","3":"status-publish","4":"has-post-thumbnail","6":"product_cat-figurines-one-piece","7":"product_tag-tashigi","9":"first","10":"instock","11":"purchasable","12":"product-type-simple"},"yoast_head":"<!-- This site is optimized with the Yoast SEO plugin v27.5 - https:\/\/yoast.com\/product\/yoast-seo-wordpress\/ -->\n<title>Figurine One Piece Tashigi de la Marine | Figurine One Piece \u2013 Boutique One Piece<\/title>\n<meta name=\"description\" content=\"Jeune pirate, le moment est venu pour toi d&#039;acqu\u00e9rir cette Figurine One Piece Tashigi de la Marine. Tu dois savoir que Tashigi est une jeune femme Capitaine de la Marine servant sous les ordres du Vice-Amiral Smoker. C&#039;est \u00e9galement l&#039;un des adversaires r\u00e9currents de l&#039;\u00c9quipage du Chapeau de Paille. D&#039;ailleurs, si tu s\" \/>\n<meta name=\"robots\" content=\"index, follow, max-snippet:-1, max-image-preview:large, max-video-preview:-1\" \/>\n<link rel=\"canonical\" href=\"https:\/\/boutique-one-piece.com\/pt\/figuras-de-acao-de-one-piece\/figura-da-tashigi-de-one-piece-da-marinha\/\" \/>\n<meta property=\"og:locale\" content=\"pt_PT\" \/>\n<meta property=\"og:type\" content=\"article\" \/>\n<meta property=\"og:title\" content=\"Figurine One Piece Tashigi de la Marine | Figurine One Piece \u2013 Boutique One Piece\" \/>\n<meta property=\"og:description\" content=\"Jeune pirate, le moment est venu pour toi d&#039;acqu\u00e9rir cette Figurine One Piece Tashigi de la Marine. Tu dois savoir que Tashigi est une jeune femme Capitaine de la Marine servant sous les ordres du Vice-Amiral Smoker. C&#039;est \u00e9galement l&#039;un des adversaires r\u00e9currents de l&#039;\u00c9quipage du Chapeau de Paille. D&#039;ailleurs, si tu s\" \/>\n<meta property=\"og:url\" content=\"https:\/\/boutique-one-piece.com\/pt\/figuras-de-acao-de-one-piece\/figura-da-tashigi-de-one-piece-da-marinha\/\" \/>\n<meta property=\"og:site_name\" content=\"Boutique One Piece\" \/>\n<meta property=\"article:modified_time\" content=\"2024-09-16T13:21:37+00:00\" \/>\n<meta property=\"og:image\" content=\"https:\/\/boutique-one-piece.com\/wp-content\/uploads\/2022\/09\/Figurine-One-Piece-Tashigi-de-la-Marine-1.jpg\" \/>\n\t<meta property=\"og:image:width\" content=\"640\" \/>\n\t<meta property=\"og:image:height\" content=\"640\" \/>\n\t<meta property=\"og:image:type\" content=\"image\/jpeg\" \/>\n<meta name=\"twitter:card\" content=\"summary_large_image\" \/>\n<meta name=\"twitter:label1\" content=\"Tempo estimado de leitura\" \/>\n\t<meta name=\"twitter:data1\" content=\"1 minuto\" \/>\n<script type=\"application\/ld+json\" class=\"yoast-schema-graph\">{\"@context\":\"https:\\\/\\\/schema.org\",\"@graph\":[{\"@type\":\"WebPage\",\"@id\":\"https:\\\/\\\/boutique-one-piece.com\\\/figurines-one-piece\\\/figurine-one-piece-tashigi-de-la-marine\\\/\",\"url\":\"https:\\\/\\\/boutique-one-piece.com\\\/figurines-one-piece\\\/figurine-one-piece-tashigi-de-la-marine\\\/\",\"name\":\"Figurine One Piece Tashigi de la Marine | Figurine One Piece \u2013 Boutique One Piece\",\"isPartOf\":{\"@id\":\"https:\\\/\\\/boutique-one-piece.com\\\/#website\"},\"primaryImageOfPage\":{\"@id\":\"https:\\\/\\\/boutique-one-piece.com\\\/figurines-one-piece\\\/figurine-one-piece-tashigi-de-la-marine\\\/#primaryimage\"},\"image\":{\"@id\":\"https:\\\/\\\/boutique-one-piece.com\\\/figurines-one-piece\\\/figurine-one-piece-tashigi-de-la-marine\\\/#primaryimage\"},\"thumbnailUrl\":\"https:\\\/\\\/boutique-one-piece.com\\\/wp-content\\\/uploads\\\/2022\\\/09\\\/Figurine-One-Piece-Tashigi-de-la-Marine-1.jpg\",\"datePublished\":\"2022-09-27T21:22:12+00:00\",\"dateModified\":\"2024-09-16T13:21:37+00:00\",\"description\":\"Jeune pirate, le moment est venu pour toi d'acqu\u00e9rir cette Figurine One Piece Tashigi de la Marine. Tu dois savoir que Tashigi est une jeune femme Capitaine de la Marine servant sous les ordres du Vice-Amiral Smoker. C'est \u00e9galement l'un des adversaires r\u00e9currents de l'\u00c9quipage du Chapeau de Paille. D'ailleurs, si tu s\",\"breadcrumb\":{\"@id\":\"https:\\\/\\\/boutique-one-piece.com\\\/figurines-one-piece\\\/figurine-one-piece-tashigi-de-la-marine\\\/#breadcrumb\"},\"inLanguage\":\"pt-PT\",\"potentialAction\":[{\"@type\":\"ReadAction\",\"target\":[\"https:\\\/\\\/boutique-one-piece.com\\\/figurines-one-piece\\\/figurine-one-piece-tashigi-de-la-marine\\\/\"]}]},{\"@type\":\"ImageObject\",\"inLanguage\":\"pt-PT\",\"@id\":\"https:\\\/\\\/boutique-one-piece.com\\\/figurines-one-piece\\\/figurine-one-piece-tashigi-de-la-marine\\\/#primaryimage\",\"url\":\"https:\\\/\\\/boutique-one-piece.com\\\/wp-content\\\/uploads\\\/2022\\\/09\\\/Figurine-One-Piece-Tashigi-de-la-Marine-1.jpg\",\"contentUrl\":\"https:\\\/\\\/boutique-one-piece.com\\\/wp-content\\\/uploads\\\/2022\\\/09\\\/Figurine-One-Piece-Tashigi-de-la-Marine-1.jpg\",\"width\":640,\"height\":640},{\"@type\":\"BreadcrumbList\",\"@id\":\"https:\\\/\\\/boutique-one-piece.com\\\/figurines-one-piece\\\/figurine-one-piece-tashigi-de-la-marine\\\/#breadcrumb\",\"itemListElement\":[{\"@type\":\"ListItem\",\"position\":1,\"name\":\"Home\",\"item\":\"https:\\\/\\\/boutique-one-piece.com\\\/\"},{\"@type\":\"ListItem\",\"position\":2,\"name\":\"Shop\",\"item\":\"https:\\\/\\\/boutique-one-piece.com\\\/shop\\\/\"},{\"@type\":\"ListItem\",\"position\":3,\"name\":\"Figurine One Piece Tashigi de la Marine\"}]},{\"@type\":\"WebSite\",\"@id\":\"https:\\\/\\\/boutique-one-piece.com\\\/#website\",\"url\":\"https:\\\/\\\/boutique-one-piece.com\\\/\",\"name\":\"Boutique One Piece\",\"description\":\"Magasin Sp\u00e9cialis\u00e9 du Manga et l&#039;Anime One Piece\",\"publisher\":{\"@id\":\"https:\\\/\\\/boutique-one-piece.com\\\/#organization\"},\"potentialAction\":[{\"@type\":\"SearchAction\",\"target\":{\"@type\":\"EntryPoint\",\"urlTemplate\":\"https:\\\/\\\/boutique-one-piece.com\\\/?s={search_term_string}\"},\"query-input\":{\"@type\":\"PropertyValueSpecification\",\"valueRequired\":true,\"valueName\":\"search_term_string\"}}],\"inLanguage\":\"pt-PT\"},{\"@type\":\"Organization\",\"@id\":\"https:\\\/\\\/boutique-one-piece.com\\\/#organization\",\"name\":\"Boutique One Piece\",\"url\":\"https:\\\/\\\/boutique-one-piece.com\\\/\",\"logo\":{\"@type\":\"ImageObject\",\"inLanguage\":\"pt-PT\",\"@id\":\"https:\\\/\\\/boutique-one-piece.com\\\/#\\\/schema\\\/logo\\\/image\\\/\",\"url\":\"https:\\\/\\\/boutique-one-piece.com\\\/wp-content\\\/uploads\\\/2022\\\/09\\\/Logo-01.png\",\"contentUrl\":\"https:\\\/\\\/boutique-one-piece.com\\\/wp-content\\\/uploads\\\/2022\\\/09\\\/Logo-01.png\",\"width\":2318,\"height\":957,\"caption\":\"Boutique One Piece\"},\"image\":{\"@id\":\"https:\\\/\\\/boutique-one-piece.com\\\/#\\\/schema\\\/logo\\\/image\\\/\"}}]}<\/script>\n<!-- \/ Yoast SEO plugin. -->","yoast_head_json":{"title":"Figura de a\u00e7\u00e3o da Tashigi da Marinha de One Piece | Figura de a\u00e7\u00e3o de One Piece \u2013 Loja de One Piece","description":"Jovem pirata, chegou a hora de voc\u00ea adquirir esta figura da Tashigi da Marinha de One Piece. Voc\u00ea deve saber que Tashigi \u00e9 uma jovem capit\u00e3 da Marinha que serve sob o comando do Vice-Almirante Smoker. Ela tamb\u00e9m \u00e9 uma das advers\u00e1rias recorrentes do Bando do Chap\u00e9u de Palha. Al\u00e9m disso, se voc\u00ea...","robots":{"index":"index","follow":"follow","max-snippet":"max-snippet:-1","max-image-preview":"max-image-preview:large","max-video-preview":"max-video-preview:-1"},"canonical":"https:\/\/boutique-one-piece.com\/pt\/figuras-de-acao-de-one-piece\/figura-da-tashigi-de-one-piece-da-marinha\/","og_locale":"pt_PT","og_type":"article","og_title":"Figurine One Piece Tashigi de la Marine | Figurine One Piece \u2013 Boutique One Piece","og_description":"Jeune pirate, le moment est venu pour toi d'acqu\u00e9rir cette Figurine One Piece Tashigi de la Marine. Tu dois savoir que Tashigi est une jeune femme Capitaine de la Marine servant sous les ordres du Vice-Amiral Smoker. C'est \u00e9galement l'un des adversaires r\u00e9currents de l'\u00c9quipage du Chapeau de Paille. D'ailleurs, si tu s","og_url":"https:\/\/boutique-one-piece.com\/pt\/figuras-de-acao-de-one-piece\/figura-da-tashigi-de-one-piece-da-marinha\/","og_site_name":"Boutique One Piece","article_modified_time":"2024-09-16T13:21:37+00:00","og_image":[{"width":640,"height":640,"url":"https:\/\/boutique-one-piece.com\/wp-content\/uploads\/2022\/09\/Figurine-One-Piece-Tashigi-de-la-Marine-1.jpg","type":"image\/jpeg"}],"twitter_card":"summary_large_image","twitter_misc":{"Tempo estimado de leitura":"1 minuto"},"schema":{"@context":"https:\/\/schema.org","@graph":[{"@type":"WebPage","@id":"https:\/\/boutique-one-piece.com\/figurines-one-piece\/figurine-one-piece-tashigi-de-la-marine\/","url":"https:\/\/boutique-one-piece.com\/figurines-one-piece\/figurine-one-piece-tashigi-de-la-marine\/","name":"Figura de a\u00e7\u00e3o da Tashigi da Marinha de One Piece | Figura de a\u00e7\u00e3o de One Piece \u2013 Loja de One Piece","isPartOf":{"@id":"https:\/\/boutique-one-piece.com\/#website"},"primaryImageOfPage":{"@id":"https:\/\/boutique-one-piece.com\/figurines-one-piece\/figurine-one-piece-tashigi-de-la-marine\/#primaryimage"},"image":{"@id":"https:\/\/boutique-one-piece.com\/figurines-one-piece\/figurine-one-piece-tashigi-de-la-marine\/#primaryimage"},"thumbnailUrl":"https:\/\/boutique-one-piece.com\/wp-content\/uploads\/2022\/09\/Figurine-One-Piece-Tashigi-de-la-Marine-1.jpg","datePublished":"2022-09-27T21:22:12+00:00","dateModified":"2024-09-16T13:21:37+00:00","description":"Jovem pirata, chegou a hora de voc\u00ea adquirir esta figura da Tashigi da Marinha de One Piece. Voc\u00ea deve saber que Tashigi \u00e9 uma jovem capit\u00e3 da Marinha que serve sob o comando do Vice-Almirante Smoker. Ela tamb\u00e9m \u00e9 uma das advers\u00e1rias recorrentes do Bando do Chap\u00e9u de Palha. Al\u00e9m disso, se voc\u00ea...","breadcrumb":{"@id":"https:\/\/boutique-one-piece.com\/figurines-one-piece\/figurine-one-piece-tashigi-de-la-marine\/#breadcrumb"},"inLanguage":"pt-PT","potentialAction":[{"@type":"ReadAction","target":["https:\/\/boutique-one-piece.com\/figurines-one-piece\/figurine-one-piece-tashigi-de-la-marine\/"]}]},{"@type":"ImageObject","inLanguage":"pt-PT","@id":"https:\/\/boutique-one-piece.com\/figurines-one-piece\/figurine-one-piece-tashigi-de-la-marine\/#primaryimage","url":"https:\/\/boutique-one-piece.com\/wp-content\/uploads\/2022\/09\/Figurine-One-Piece-Tashigi-de-la-Marine-1.jpg","contentUrl":"https:\/\/boutique-one-piece.com\/wp-content\/uploads\/2022\/09\/Figurine-One-Piece-Tashigi-de-la-Marine-1.jpg","width":640,"height":640},{"@type":"BreadcrumbList","@id":"https:\/\/boutique-one-piece.com\/figurines-one-piece\/figurine-one-piece-tashigi-de-la-marine\/#breadcrumb","itemListElement":[{"@type":"ListItem","position":1,"name":"Home","item":"https:\/\/boutique-one-piece.com\/"},{"@type":"ListItem","position":2,"name":"Shop","item":"https:\/\/boutique-one-piece.com\/shop\/"},{"@type":"ListItem","position":3,"name":"Figurine One Piece Tashigi de la Marine"}]},{"@type":"WebSite","@id":"https:\/\/boutique-one-piece.com\/#website","url":"https:\/\/boutique-one-piece.com\/","name":"Loja One Piece","description":"Loja especializada em mang\u00e1 e anime de One Piece.","publisher":{"@id":"https:\/\/boutique-one-piece.com\/#organization"},"potentialAction":[{"@type":"SearchAction","target":{"@type":"EntryPoint","urlTemplate":"https:\/\/boutique-one-piece.com\/?s={search_term_string}"},"query-input":{"@type":"PropertyValueSpecification","valueRequired":true,"valueName":"search_term_string"}}],"inLanguage":"pt-PT"},{"@type":"Organization","@id":"https:\/\/boutique-one-piece.com\/#organization","name":"Loja One Piece","url":"https:\/\/boutique-one-piece.com\/","logo":{"@type":"ImageObject","inLanguage":"pt-PT","@id":"https:\/\/boutique-one-piece.com\/#\/schema\/logo\/image\/","url":"https:\/\/boutique-one-piece.com\/wp-content\/uploads\/2022\/09\/Logo-01.png","contentUrl":"https:\/\/boutique-one-piece.com\/wp-content\/uploads\/2022\/09\/Logo-01.png","width":2318,"height":957,"caption":"Boutique One Piece"},"image":{"@id":"https:\/\/boutique-one-piece.com\/#\/schema\/logo\/image\/"}}]}},"_links":{"self":[{"href":"https:\/\/boutique-one-piece.com\/pt\/wp-json\/wp\/v2\/product\/13695","targetHints":{"allow":["GET"]}}],"collection":[{"href":"https:\/\/boutique-one-piece.com\/pt\/wp-json\/wp\/v2\/product"}],"about":[{"href":"https:\/\/boutique-one-piece.com\/pt\/wp-json\/wp\/v2\/types\/product"}],"replies":[{"embeddable":true,"href":"https:\/\/boutique-one-piece.com\/pt\/wp-json\/wp\/v2\/comments?post=13695"}],"wp:featuredmedia":[{"embeddable":true,"href":"https:\/\/boutique-one-piece.com\/pt\/wp-json\/wp\/v2\/media\/13697"}],"wp:attachment":[{"href":"https:\/\/boutique-one-piece.com\/pt\/wp-json\/wp\/v2\/media?parent=13695"}],"wp:term":[{"taxonomy":"product_brand","embeddable":true,"href":"https:\/\/boutique-one-piece.com\/pt\/wp-json\/wp\/v2\/product_brand?post=13695"},{"taxonomy":"product_cat","embeddable":true,"href":"https:\/\/boutique-one-piece.com\/pt\/wp-json\/wp\/v2\/product_cat?post=13695"},{"taxonomy":"product_tag","embeddable":true,"href":"https:\/\/boutique-one-piece.com\/pt\/wp-json\/wp\/v2\/product_tag?post=13695"}],"curies":[{"name":"wp","href":"https:\/\/api.w.org\/{rel}","templated":true}]}}