{"id":13775,"date":"2022-09-27T21:22:49","date_gmt":"2022-09-27T21:22:49","guid":{"rendered":"https:\/\/boutique-one-piece.com\/uncategorized\/cosplay-one-piece-nami\/"},"modified":"2024-09-16T13:23:29","modified_gmt":"2024-09-16T13:23:29","slug":"cosplay-de-nami-de-one-piece","status":"publish","type":"product","link":"https:\/\/boutique-one-piece.com\/pt\/fantasias-e-cosplays-de-one-piece\/cosplay-de-nami-de-one-piece\/","title":{"rendered":"Cosplay de Nami de One Piece"},"content":{"rendered":"<ul>\n<li><span><b><u>Cosplay de One Piece<\/u><\/b>\u00a0Cosplay do universo de One Piece para verdadeiros piratas, ideal para incorporar seu personagem favorito.<\/span><\/li>\n<\/ul>\n<ul>\n<li>\n<b>Materiais<\/b><span>\u00a0<\/span>Poli\u00e9ster<\/li>\n<\/ul>\n<ul>\n<li>\n<b>Tamanho<\/b><span>\u00a0<\/span>P M G GG\u00a0<\/li>\n<\/ul>\n<ul>\n<li><span><strong>ENTREGA GR\u00c1TIS<\/strong><\/span><\/li>\n<\/ul>","protected":false},"excerpt":{"rendered":"<p>Cosplay de One Piece: Cosplay do universo de One Piece para verdadeiros piratas, ideal para incorporar seu personagem favorito. Materiais: Poli\u00e9ster. Tamanhos: P, M, G, GG. FRETE GR\u00c1TIS<\/p>","protected":false},"featured_media":13777,"comment_status":"open","ping_status":"open","template":"","meta":[],"product_brand":[],"product_cat":[207],"product_tag":[],"class_list":{"0":"post-13775","1":"product","2":"type-product","3":"status-publish","4":"has-post-thumbnail","6":"product_cat-deguisements-et-cosplays-one-piece","8":"first","9":"instock","10":"purchasable","11":"product-type-variable","12":"has-default-attributes"},"yoast_head":"<!-- This site is optimized with the Yoast SEO plugin v27.5 - https:\/\/yoast.com\/product\/yoast-seo-wordpress\/ -->\n<title>Cosplay One Piece Nami | Cosplay One Piece \u2013 Boutique One Piece<\/title>\n<meta name=\"description\" content=\"Cosplay One Piece\u00a0: Cosplay de l&#039;univers One Piece pour les vrais pirates, id\u00e9al pour incarn\u00e9 ton personnage pr\u00e9f\u00e9r\u00e9 Mati\u00e8res\u00a0: Polyester Taille\u00a0: S M L\u00a0XL\u00a0 LIVRAISON OFFERTE\" \/>\n<meta name=\"robots\" content=\"index, follow, max-snippet:-1, max-image-preview:large, max-video-preview:-1\" \/>\n<link rel=\"canonical\" href=\"https:\/\/boutique-one-piece.com\/pt\/fantasias-e-cosplays-de-one-piece\/cosplay-de-nami-de-one-piece\/\" \/>\n<meta property=\"og:locale\" content=\"pt_PT\" \/>\n<meta property=\"og:type\" content=\"article\" \/>\n<meta property=\"og:title\" content=\"Cosplay One Piece Nami | Cosplay One Piece \u2013 Boutique One Piece\" \/>\n<meta property=\"og:description\" content=\"Cosplay One Piece\u00a0: Cosplay de l&#039;univers One Piece pour les vrais pirates, id\u00e9al pour incarn\u00e9 ton personnage pr\u00e9f\u00e9r\u00e9 Mati\u00e8res\u00a0: Polyester Taille\u00a0: S M L\u00a0XL\u00a0 LIVRAISON OFFERTE\" \/>\n<meta property=\"og:url\" content=\"https:\/\/boutique-one-piece.com\/pt\/fantasias-e-cosplays-de-one-piece\/cosplay-de-nami-de-one-piece\/\" \/>\n<meta property=\"og:site_name\" content=\"Boutique One Piece\" \/>\n<meta property=\"article:modified_time\" content=\"2024-09-16T13:23:29+00:00\" \/>\n<meta property=\"og:image\" content=\"https:\/\/boutique-one-piece.com\/wp-content\/uploads\/2022\/09\/Cosplay-One-Piece-Nami-1.jpg\" \/>\n\t<meta property=\"og:image:width\" content=\"800\" \/>\n\t<meta property=\"og:image:height\" content=\"800\" \/>\n\t<meta property=\"og:image:type\" content=\"image\/jpeg\" \/>\n<meta name=\"twitter:card\" content=\"summary_large_image\" \/>\n<script type=\"application\/ld+json\" class=\"yoast-schema-graph\">{\"@context\":\"https:\\\/\\\/schema.org\",\"@graph\":[{\"@type\":\"WebPage\",\"@id\":\"https:\\\/\\\/boutique-one-piece.com\\\/deguisements-et-cosplays-one-piece\\\/cosplay-one-piece-nami\\\/\",\"url\":\"https:\\\/\\\/boutique-one-piece.com\\\/deguisements-et-cosplays-one-piece\\\/cosplay-one-piece-nami\\\/\",\"name\":\"Cosplay One Piece Nami | Cosplay One Piece \u2013 Boutique One Piece\",\"isPartOf\":{\"@id\":\"https:\\\/\\\/boutique-one-piece.com\\\/#website\"},\"primaryImageOfPage\":{\"@id\":\"https:\\\/\\\/boutique-one-piece.com\\\/deguisements-et-cosplays-one-piece\\\/cosplay-one-piece-nami\\\/#primaryimage\"},\"image\":{\"@id\":\"https:\\\/\\\/boutique-one-piece.com\\\/deguisements-et-cosplays-one-piece\\\/cosplay-one-piece-nami\\\/#primaryimage\"},\"thumbnailUrl\":\"https:\\\/\\\/boutique-one-piece.com\\\/wp-content\\\/uploads\\\/2022\\\/09\\\/Cosplay-One-Piece-Nami-1.jpg\",\"datePublished\":\"2022-09-27T21:22:49+00:00\",\"dateModified\":\"2024-09-16T13:23:29+00:00\",\"description\":\"Cosplay One Piece\u00a0: Cosplay de l'univers One Piece pour les vrais pirates, id\u00e9al pour incarn\u00e9 ton personnage pr\u00e9f\u00e9r\u00e9 Mati\u00e8res\u00a0: Polyester Taille\u00a0: S M L\u00a0XL\u00a0 LIVRAISON OFFERTE\",\"breadcrumb\":{\"@id\":\"https:\\\/\\\/boutique-one-piece.com\\\/deguisements-et-cosplays-one-piece\\\/cosplay-one-piece-nami\\\/#breadcrumb\"},\"inLanguage\":\"pt-PT\",\"potentialAction\":[{\"@type\":\"ReadAction\",\"target\":[\"https:\\\/\\\/boutique-one-piece.com\\\/deguisements-et-cosplays-one-piece\\\/cosplay-one-piece-nami\\\/\"]}]},{\"@type\":\"ImageObject\",\"inLanguage\":\"pt-PT\",\"@id\":\"https:\\\/\\\/boutique-one-piece.com\\\/deguisements-et-cosplays-one-piece\\\/cosplay-one-piece-nami\\\/#primaryimage\",\"url\":\"https:\\\/\\\/boutique-one-piece.com\\\/wp-content\\\/uploads\\\/2022\\\/09\\\/Cosplay-One-Piece-Nami-1.jpg\",\"contentUrl\":\"https:\\\/\\\/boutique-one-piece.com\\\/wp-content\\\/uploads\\\/2022\\\/09\\\/Cosplay-One-Piece-Nami-1.jpg\",\"width\":800,\"height\":800},{\"@type\":\"BreadcrumbList\",\"@id\":\"https:\\\/\\\/boutique-one-piece.com\\\/deguisements-et-cosplays-one-piece\\\/cosplay-one-piece-nami\\\/#breadcrumb\",\"itemListElement\":[{\"@type\":\"ListItem\",\"position\":1,\"name\":\"Home\",\"item\":\"https:\\\/\\\/boutique-one-piece.com\\\/\"},{\"@type\":\"ListItem\",\"position\":2,\"name\":\"Shop\",\"item\":\"https:\\\/\\\/boutique-one-piece.com\\\/shop\\\/\"},{\"@type\":\"ListItem\",\"position\":3,\"name\":\"Cosplay One Piece Nami\"}]},{\"@type\":\"WebSite\",\"@id\":\"https:\\\/\\\/boutique-one-piece.com\\\/#website\",\"url\":\"https:\\\/\\\/boutique-one-piece.com\\\/\",\"name\":\"Boutique One Piece\",\"description\":\"Magasin Sp\u00e9cialis\u00e9 du Manga et l&#039;Anime One Piece\",\"publisher\":{\"@id\":\"https:\\\/\\\/boutique-one-piece.com\\\/#organization\"},\"potentialAction\":[{\"@type\":\"SearchAction\",\"target\":{\"@type\":\"EntryPoint\",\"urlTemplate\":\"https:\\\/\\\/boutique-one-piece.com\\\/?s={search_term_string}\"},\"query-input\":{\"@type\":\"PropertyValueSpecification\",\"valueRequired\":true,\"valueName\":\"search_term_string\"}}],\"inLanguage\":\"pt-PT\"},{\"@type\":\"Organization\",\"@id\":\"https:\\\/\\\/boutique-one-piece.com\\\/#organization\",\"name\":\"Boutique One Piece\",\"url\":\"https:\\\/\\\/boutique-one-piece.com\\\/\",\"logo\":{\"@type\":\"ImageObject\",\"inLanguage\":\"pt-PT\",\"@id\":\"https:\\\/\\\/boutique-one-piece.com\\\/#\\\/schema\\\/logo\\\/image\\\/\",\"url\":\"https:\\\/\\\/boutique-one-piece.com\\\/wp-content\\\/uploads\\\/2022\\\/09\\\/Logo-01.png\",\"contentUrl\":\"https:\\\/\\\/boutique-one-piece.com\\\/wp-content\\\/uploads\\\/2022\\\/09\\\/Logo-01.png\",\"width\":2318,\"height\":957,\"caption\":\"Boutique One Piece\"},\"image\":{\"@id\":\"https:\\\/\\\/boutique-one-piece.com\\\/#\\\/schema\\\/logo\\\/image\\\/\"}}]}<\/script>\n<!-- \/ Yoast SEO plugin. -->","yoast_head_json":{"title":"Cosplay da Nami de One Piece | Cosplay de One Piece \u2013 Loja de One Piece","description":"Cosplay de One Piece: Cosplay do universo de One Piece para verdadeiros piratas, ideal para incorporar seu personagem favorito. Materiais: Poli\u00e9ster. Tamanhos: P, M, G, GG. FRETE GR\u00c1TIS","robots":{"index":"index","follow":"follow","max-snippet":"max-snippet:-1","max-image-preview":"max-image-preview:large","max-video-preview":"max-video-preview:-1"},"canonical":"https:\/\/boutique-one-piece.com\/pt\/fantasias-e-cosplays-de-one-piece\/cosplay-de-nami-de-one-piece\/","og_locale":"pt_PT","og_type":"article","og_title":"Cosplay One Piece Nami | Cosplay One Piece \u2013 Boutique One Piece","og_description":"Cosplay One Piece\u00a0: Cosplay de l'univers One Piece pour les vrais pirates, id\u00e9al pour incarn\u00e9 ton personnage pr\u00e9f\u00e9r\u00e9 Mati\u00e8res\u00a0: Polyester Taille\u00a0: S M L\u00a0XL\u00a0 LIVRAISON OFFERTE","og_url":"https:\/\/boutique-one-piece.com\/pt\/fantasias-e-cosplays-de-one-piece\/cosplay-de-nami-de-one-piece\/","og_site_name":"Boutique One Piece","article_modified_time":"2024-09-16T13:23:29+00:00","og_image":[{"width":800,"height":800,"url":"https:\/\/boutique-one-piece.com\/wp-content\/uploads\/2022\/09\/Cosplay-One-Piece-Nami-1.jpg","type":"image\/jpeg"}],"twitter_card":"summary_large_image","schema":{"@context":"https:\/\/schema.org","@graph":[{"@type":"WebPage","@id":"https:\/\/boutique-one-piece.com\/deguisements-et-cosplays-one-piece\/cosplay-one-piece-nami\/","url":"https:\/\/boutique-one-piece.com\/deguisements-et-cosplays-one-piece\/cosplay-one-piece-nami\/","name":"Cosplay da Nami de One Piece | Cosplay de One Piece \u2013 Loja de One Piece","isPartOf":{"@id":"https:\/\/boutique-one-piece.com\/#website"},"primaryImageOfPage":{"@id":"https:\/\/boutique-one-piece.com\/deguisements-et-cosplays-one-piece\/cosplay-one-piece-nami\/#primaryimage"},"image":{"@id":"https:\/\/boutique-one-piece.com\/deguisements-et-cosplays-one-piece\/cosplay-one-piece-nami\/#primaryimage"},"thumbnailUrl":"https:\/\/boutique-one-piece.com\/wp-content\/uploads\/2022\/09\/Cosplay-One-Piece-Nami-1.jpg","datePublished":"2022-09-27T21:22:49+00:00","dateModified":"2024-09-16T13:23:29+00:00","description":"Cosplay de One Piece: Cosplay do universo de One Piece para verdadeiros piratas, ideal para incorporar seu personagem favorito. Materiais: Poli\u00e9ster. Tamanhos: P, M, G, GG. FRETE GR\u00c1TIS","breadcrumb":{"@id":"https:\/\/boutique-one-piece.com\/deguisements-et-cosplays-one-piece\/cosplay-one-piece-nami\/#breadcrumb"},"inLanguage":"pt-PT","potentialAction":[{"@type":"ReadAction","target":["https:\/\/boutique-one-piece.com\/deguisements-et-cosplays-one-piece\/cosplay-one-piece-nami\/"]}]},{"@type":"ImageObject","inLanguage":"pt-PT","@id":"https:\/\/boutique-one-piece.com\/deguisements-et-cosplays-one-piece\/cosplay-one-piece-nami\/#primaryimage","url":"https:\/\/boutique-one-piece.com\/wp-content\/uploads\/2022\/09\/Cosplay-One-Piece-Nami-1.jpg","contentUrl":"https:\/\/boutique-one-piece.com\/wp-content\/uploads\/2022\/09\/Cosplay-One-Piece-Nami-1.jpg","width":800,"height":800},{"@type":"BreadcrumbList","@id":"https:\/\/boutique-one-piece.com\/deguisements-et-cosplays-one-piece\/cosplay-one-piece-nami\/#breadcrumb","itemListElement":[{"@type":"ListItem","position":1,"name":"Home","item":"https:\/\/boutique-one-piece.com\/"},{"@type":"ListItem","position":2,"name":"Shop","item":"https:\/\/boutique-one-piece.com\/shop\/"},{"@type":"ListItem","position":3,"name":"Cosplay One Piece Nami"}]},{"@type":"WebSite","@id":"https:\/\/boutique-one-piece.com\/#website","url":"https:\/\/boutique-one-piece.com\/","name":"Loja One Piece","description":"Loja especializada em mang\u00e1 e anime de One Piece.","publisher":{"@id":"https:\/\/boutique-one-piece.com\/#organization"},"potentialAction":[{"@type":"SearchAction","target":{"@type":"EntryPoint","urlTemplate":"https:\/\/boutique-one-piece.com\/?s={search_term_string}"},"query-input":{"@type":"PropertyValueSpecification","valueRequired":true,"valueName":"search_term_string"}}],"inLanguage":"pt-PT"},{"@type":"Organization","@id":"https:\/\/boutique-one-piece.com\/#organization","name":"Loja One Piece","url":"https:\/\/boutique-one-piece.com\/","logo":{"@type":"ImageObject","inLanguage":"pt-PT","@id":"https:\/\/boutique-one-piece.com\/#\/schema\/logo\/image\/","url":"https:\/\/boutique-one-piece.com\/wp-content\/uploads\/2022\/09\/Logo-01.png","contentUrl":"https:\/\/boutique-one-piece.com\/wp-content\/uploads\/2022\/09\/Logo-01.png","width":2318,"height":957,"caption":"Boutique One Piece"},"image":{"@id":"https:\/\/boutique-one-piece.com\/#\/schema\/logo\/image\/"}}]}},"_links":{"self":[{"href":"https:\/\/boutique-one-piece.com\/pt\/wp-json\/wp\/v2\/product\/13775","targetHints":{"allow":["GET"]}}],"collection":[{"href":"https:\/\/boutique-one-piece.com\/pt\/wp-json\/wp\/v2\/product"}],"about":[{"href":"https:\/\/boutique-one-piece.com\/pt\/wp-json\/wp\/v2\/types\/product"}],"replies":[{"embeddable":true,"href":"https:\/\/boutique-one-piece.com\/pt\/wp-json\/wp\/v2\/comments?post=13775"}],"wp:featuredmedia":[{"embeddable":true,"href":"https:\/\/boutique-one-piece.com\/pt\/wp-json\/wp\/v2\/media\/13777"}],"wp:attachment":[{"href":"https:\/\/boutique-one-piece.com\/pt\/wp-json\/wp\/v2\/media?parent=13775"}],"wp:term":[{"taxonomy":"product_brand","embeddable":true,"href":"https:\/\/boutique-one-piece.com\/pt\/wp-json\/wp\/v2\/product_brand?post=13775"},{"taxonomy":"product_cat","embeddable":true,"href":"https:\/\/boutique-one-piece.com\/pt\/wp-json\/wp\/v2\/product_cat?post=13775"},{"taxonomy":"product_tag","embeddable":true,"href":"https:\/\/boutique-one-piece.com\/pt\/wp-json\/wp\/v2\/product_tag?post=13775"}],"curies":[{"name":"wp","href":"https:\/\/api.w.org\/{rel}","templated":true}]}}