{"id":13828,"date":"2022-09-27T21:23:16","date_gmt":"2022-09-27T21:23:16","guid":{"rendered":"https:\/\/boutique-one-piece.com\/uncategorized\/avis-de-recherche-ener-wanted\/"},"modified":"2024-09-16T13:24:40","modified_gmt":"2024-09-16T13:24:40","slug":"aviso-desejado-ener-desejado","status":"publish","type":"product","link":"https:\/\/boutique-one-piece.com\/pt\/poster-de-procurado-de-one-piece\/aviso-desejado-ener-desejado\/","title":{"rendered":"Aviso de Procuradoria da Enel"},"content":{"rendered":"<h2>Voc\u00ea est\u00e1 ansioso para ver o retorno de um dos antagonistas mais memor\u00e1veis de One Piece? Se sim, este p\u00f4ster de procurado do Enel vai te agradar.<\/h2>\n<p>Enel, tamb\u00e9m grafado Ener dependendo da vers\u00e3o, \u00e9 o <strong>principal antagonista<\/strong> de l\u2019Arc <strong>Skypea<\/strong>. Il est consid\u00e9r\u00e9 comme un dieu par beaucoup d\u2019habitants, car il peut abattre qui il souhaite gr\u00e2ce \u00e0 la foudre. Il se sert de son pouvoir pour viser les personnes qui ne lui apportent pas les offrandes qu\u2019il souhaite. Durant l\u2019arc Skypea, il sera finalement vaincu par Luffy gr\u00e2ce \u00e0 un incroyable concours de circonstances : Luffy \u00e9tant un homme \u00e9lastique, il ne subit aucun d\u00e9g\u00e2t des attaques d\u2019Enel.<\/p>\n<p>Enel comeu a Fruta do Diabo de <strong>Goro Goro no mi<\/strong> qui lui permet de manier la foudre \u00e0 sa guise mais aussi de ne pas \u00eatre touch\u00e9 par des attaques physiques. C\u2019est un Logia, et un des fruits les plus puissants de l\u2019univers de One Piece.\u00a0<\/p>\n<h3>Exiba essa recompensa do Deus Enel em suas paredes com este cartaz de procurado.<\/h3>\n<p>Durant l\u2019ellipse, on suit les aventures de Enel sur la <strong>lua<\/strong> onde ele encontra os Coelhos da Lua e parece fazer algumas descobertas incr\u00edveis. Os f\u00e3s aguardam ansiosamente seu retorno. A recompensa pela cabe\u00e7a de Enel \u00e9 de 500 milh\u00f5es de Berries.<\/p>\n<p>Se voc\u00ea gosta de b\u00f4nus, isto \u00e9 para voc\u00ea. <a href=\"https:\/\/boutique-one-piece.com\/pt\/avis-de-recherche-yasopp-wanted\/\" target=\"_blank\" title=\"Cartaz de procurado de Yasopp\" rel=\"noopener noreferrer\">Cartaz de procurado de Yasopp<\/a> Deveria te fazer feliz.<\/p>\n<h2>Informations sur l\u2019Affiche One Piece Wanted Enel<\/h2>\n<ul>\n<li><span><b><u>P\u00f4ster de Procurado de One Piece<\/u><\/b>\u00a0: v\u00e9ritable Avis De Recherche de l\u2019univers One Piece pour les vrais pirates<\/span><\/li>\n<\/ul>\n<ul>\n<li>\n<b><u>b\u00f4nus da Enel<\/u><\/b>\u00a0500.000.000 de bagas<\/li>\n<\/ul>\n<ul>\n<li><span><strong>Impress\u00e3o de alta qualidade<\/strong>\u00a0cores precisas<\/span><\/li>\n<\/ul>\n<ul>\n<li>\n<strong>Dimens\u00e3o<\/strong>\u00a0: 51 cm x 36 cm<\/li>\n<\/ul>\n<ul>\n<li><span><strong>ENTREGA GR\u00c1TIS<\/strong><\/span><\/li>\n<\/ul>","protected":false},"excerpt":{"rendered":"<p>Es-tu press\u00e9 de voir un des antagonistes les plus marquants de One Piece revenir ? Dans ce cas, cet Avis de Recherche Enel Wanted va te faire plaisir. Enel, aussi \u00e9pel\u00e9 Ener selon les versions est le principal antagoniste de l\u2019Arc Skypea. Il est consid\u00e9r\u00e9 comme un dieu par beaucoup d\u2019habitants, car il peut abattre [&hellip;]<\/p>","protected":false},"featured_media":13830,"comment_status":"open","ping_status":"open","template":"","meta":[],"product_brand":[],"product_cat":[171],"product_tag":[],"class_list":{"0":"post-13828","1":"product","2":"type-product","3":"status-publish","4":"has-post-thumbnail","6":"product_cat-avis-de-recherche-one-piece","8":"first","9":"instock","10":"purchasable","11":"product-type-simple"},"yoast_head":"<!-- This site is optimized with the Yoast SEO plugin v27.5 - https:\/\/yoast.com\/product\/yoast-seo-wordpress\/ -->\n<title>Avis De Recherche Ener Wanted | D\u00e9coration One Piece \u2013 Boutique One Piece<\/title>\n<meta name=\"description\" content=\"Es-tu press\u00e9 de voir un des antagonistes les plus marquants de One Piece revenir ? Dans ce cas, cet Avis de Recherche Enel Wanted va te faire plaisir. Enel, aussi \u00e9pel\u00e9 Ener selon les versions est le principal antagoniste de l&#039;Arc Skypea. Il est consid\u00e9r\u00e9 comme un dieu par beaucoup d&#039;habitants, car il peut abattre qui\" \/>\n<meta name=\"robots\" content=\"index, follow, max-snippet:-1, max-image-preview:large, max-video-preview:-1\" \/>\n<link rel=\"canonical\" href=\"https:\/\/boutique-one-piece.com\/pt\/poster-de-procurado-de-one-piece\/aviso-desejado-ener-desejado\/\" \/>\n<meta property=\"og:locale\" content=\"pt_PT\" \/>\n<meta property=\"og:type\" content=\"article\" \/>\n<meta property=\"og:title\" content=\"Avis De Recherche Ener Wanted | D\u00e9coration One Piece \u2013 Boutique One Piece\" \/>\n<meta property=\"og:description\" content=\"Es-tu press\u00e9 de voir un des antagonistes les plus marquants de One Piece revenir ? Dans ce cas, cet Avis de Recherche Enel Wanted va te faire plaisir. Enel, aussi \u00e9pel\u00e9 Ener selon les versions est le principal antagoniste de l&#039;Arc Skypea. Il est consid\u00e9r\u00e9 comme un dieu par beaucoup d&#039;habitants, car il peut abattre qui\" \/>\n<meta property=\"og:url\" content=\"https:\/\/boutique-one-piece.com\/pt\/poster-de-procurado-de-one-piece\/aviso-desejado-ener-desejado\/\" \/>\n<meta property=\"og:site_name\" content=\"Boutique One Piece\" \/>\n<meta property=\"article:modified_time\" content=\"2024-09-16T13:24:40+00:00\" \/>\n<meta property=\"og:image\" content=\"https:\/\/boutique-one-piece.com\/wp-content\/uploads\/2022\/09\/Avis-De-Recherche-Enel-Wanted-1.jpg\" \/>\n\t<meta property=\"og:image:width\" content=\"797\" \/>\n\t<meta property=\"og:image:height\" content=\"797\" \/>\n\t<meta property=\"og:image:type\" content=\"image\/jpeg\" \/>\n<meta name=\"twitter:card\" content=\"summary_large_image\" \/>\n<meta name=\"twitter:label1\" content=\"Tempo estimado de leitura\" \/>\n\t<meta name=\"twitter:data1\" content=\"1 minuto\" \/>\n<script type=\"application\/ld+json\" class=\"yoast-schema-graph\">{\"@context\":\"https:\\\/\\\/schema.org\",\"@graph\":[{\"@type\":\"WebPage\",\"@id\":\"https:\\\/\\\/boutique-one-piece.com\\\/avis-de-recherche-one-piece\\\/avis-de-recherche-ener-wanted\\\/\",\"url\":\"https:\\\/\\\/boutique-one-piece.com\\\/avis-de-recherche-one-piece\\\/avis-de-recherche-ener-wanted\\\/\",\"name\":\"Avis De Recherche Ener Wanted | D\u00e9coration One Piece \u2013 Boutique One Piece\",\"isPartOf\":{\"@id\":\"https:\\\/\\\/boutique-one-piece.com\\\/#website\"},\"primaryImageOfPage\":{\"@id\":\"https:\\\/\\\/boutique-one-piece.com\\\/avis-de-recherche-one-piece\\\/avis-de-recherche-ener-wanted\\\/#primaryimage\"},\"image\":{\"@id\":\"https:\\\/\\\/boutique-one-piece.com\\\/avis-de-recherche-one-piece\\\/avis-de-recherche-ener-wanted\\\/#primaryimage\"},\"thumbnailUrl\":\"https:\\\/\\\/boutique-one-piece.com\\\/wp-content\\\/uploads\\\/2022\\\/09\\\/Avis-De-Recherche-Enel-Wanted-1.jpg\",\"datePublished\":\"2022-09-27T21:23:16+00:00\",\"dateModified\":\"2024-09-16T13:24:40+00:00\",\"description\":\"Es-tu press\u00e9 de voir un des antagonistes les plus marquants de One Piece revenir ? Dans ce cas, cet Avis de Recherche Enel Wanted va te faire plaisir. Enel, aussi \u00e9pel\u00e9 Ener selon les versions est le principal antagoniste de l'Arc Skypea. Il est consid\u00e9r\u00e9 comme un dieu par beaucoup d'habitants, car il peut abattre qui\",\"breadcrumb\":{\"@id\":\"https:\\\/\\\/boutique-one-piece.com\\\/avis-de-recherche-one-piece\\\/avis-de-recherche-ener-wanted\\\/#breadcrumb\"},\"inLanguage\":\"pt-PT\",\"potentialAction\":[{\"@type\":\"ReadAction\",\"target\":[\"https:\\\/\\\/boutique-one-piece.com\\\/avis-de-recherche-one-piece\\\/avis-de-recherche-ener-wanted\\\/\"]}]},{\"@type\":\"ImageObject\",\"inLanguage\":\"pt-PT\",\"@id\":\"https:\\\/\\\/boutique-one-piece.com\\\/avis-de-recherche-one-piece\\\/avis-de-recherche-ener-wanted\\\/#primaryimage\",\"url\":\"https:\\\/\\\/boutique-one-piece.com\\\/wp-content\\\/uploads\\\/2022\\\/09\\\/Avis-De-Recherche-Enel-Wanted-1.jpg\",\"contentUrl\":\"https:\\\/\\\/boutique-one-piece.com\\\/wp-content\\\/uploads\\\/2022\\\/09\\\/Avis-De-Recherche-Enel-Wanted-1.jpg\",\"width\":797,\"height\":797},{\"@type\":\"BreadcrumbList\",\"@id\":\"https:\\\/\\\/boutique-one-piece.com\\\/avis-de-recherche-one-piece\\\/avis-de-recherche-ener-wanted\\\/#breadcrumb\",\"itemListElement\":[{\"@type\":\"ListItem\",\"position\":1,\"name\":\"Home\",\"item\":\"https:\\\/\\\/boutique-one-piece.com\\\/\"},{\"@type\":\"ListItem\",\"position\":2,\"name\":\"Shop\",\"item\":\"https:\\\/\\\/boutique-one-piece.com\\\/shop\\\/\"},{\"@type\":\"ListItem\",\"position\":3,\"name\":\"Avis De Recherche Enel Wanted\"}]},{\"@type\":\"WebSite\",\"@id\":\"https:\\\/\\\/boutique-one-piece.com\\\/#website\",\"url\":\"https:\\\/\\\/boutique-one-piece.com\\\/\",\"name\":\"Boutique One Piece\",\"description\":\"Magasin Sp\u00e9cialis\u00e9 du Manga et l&#039;Anime One Piece\",\"publisher\":{\"@id\":\"https:\\\/\\\/boutique-one-piece.com\\\/#organization\"},\"potentialAction\":[{\"@type\":\"SearchAction\",\"target\":{\"@type\":\"EntryPoint\",\"urlTemplate\":\"https:\\\/\\\/boutique-one-piece.com\\\/?s={search_term_string}\"},\"query-input\":{\"@type\":\"PropertyValueSpecification\",\"valueRequired\":true,\"valueName\":\"search_term_string\"}}],\"inLanguage\":\"pt-PT\"},{\"@type\":\"Organization\",\"@id\":\"https:\\\/\\\/boutique-one-piece.com\\\/#organization\",\"name\":\"Boutique One Piece\",\"url\":\"https:\\\/\\\/boutique-one-piece.com\\\/\",\"logo\":{\"@type\":\"ImageObject\",\"inLanguage\":\"pt-PT\",\"@id\":\"https:\\\/\\\/boutique-one-piece.com\\\/#\\\/schema\\\/logo\\\/image\\\/\",\"url\":\"https:\\\/\\\/boutique-one-piece.com\\\/wp-content\\\/uploads\\\/2022\\\/09\\\/Logo-01.png\",\"contentUrl\":\"https:\\\/\\\/boutique-one-piece.com\\\/wp-content\\\/uploads\\\/2022\\\/09\\\/Logo-01.png\",\"width\":2318,\"height\":957,\"caption\":\"Boutique One Piece\"},\"image\":{\"@id\":\"https:\\\/\\\/boutique-one-piece.com\\\/#\\\/schema\\\/logo\\\/image\\\/\"}}]}<\/script>\n<!-- \/ Yoast SEO plugin. -->","yoast_head_json":{"title":"Aviso de Procuradoria da Ener | Decora\u00e7\u00e3o de One Piece \u2013 Loja de One Piece","description":"Voc\u00ea est\u00e1 ansioso para ver o retorno de um dos antagonistas mais memor\u00e1veis de One Piece? Se sim, este p\u00f4ster de procurado do Enel vai alegrar o seu dia. Enel, tamb\u00e9m grafado como Ener em algumas vers\u00f5es, \u00e9 o principal antagonista do Arco de Skypiea. Ele \u00e9 considerado um deus por muitos habitantes, pois \u00e9 capaz de derrotar qualquer um.","robots":{"index":"index","follow":"follow","max-snippet":"max-snippet:-1","max-image-preview":"max-image-preview:large","max-video-preview":"max-video-preview:-1"},"canonical":"https:\/\/boutique-one-piece.com\/pt\/poster-de-procurado-de-one-piece\/aviso-desejado-ener-desejado\/","og_locale":"pt_PT","og_type":"article","og_title":"Avis De Recherche Ener Wanted | D\u00e9coration One Piece \u2013 Boutique One Piece","og_description":"Es-tu press\u00e9 de voir un des antagonistes les plus marquants de One Piece revenir ? Dans ce cas, cet Avis de Recherche Enel Wanted va te faire plaisir. Enel, aussi \u00e9pel\u00e9 Ener selon les versions est le principal antagoniste de l'Arc Skypea. Il est consid\u00e9r\u00e9 comme un dieu par beaucoup d'habitants, car il peut abattre qui","og_url":"https:\/\/boutique-one-piece.com\/pt\/poster-de-procurado-de-one-piece\/aviso-desejado-ener-desejado\/","og_site_name":"Boutique One Piece","article_modified_time":"2024-09-16T13:24:40+00:00","og_image":[{"width":797,"height":797,"url":"https:\/\/boutique-one-piece.com\/wp-content\/uploads\/2022\/09\/Avis-De-Recherche-Enel-Wanted-1.jpg","type":"image\/jpeg"}],"twitter_card":"summary_large_image","twitter_misc":{"Tempo estimado de leitura":"1 minuto"},"schema":{"@context":"https:\/\/schema.org","@graph":[{"@type":"WebPage","@id":"https:\/\/boutique-one-piece.com\/avis-de-recherche-one-piece\/avis-de-recherche-ener-wanted\/","url":"https:\/\/boutique-one-piece.com\/avis-de-recherche-one-piece\/avis-de-recherche-ener-wanted\/","name":"Aviso de Procuradoria da Ener | Decora\u00e7\u00e3o de One Piece \u2013 Loja de One Piece","isPartOf":{"@id":"https:\/\/boutique-one-piece.com\/#website"},"primaryImageOfPage":{"@id":"https:\/\/boutique-one-piece.com\/avis-de-recherche-one-piece\/avis-de-recherche-ener-wanted\/#primaryimage"},"image":{"@id":"https:\/\/boutique-one-piece.com\/avis-de-recherche-one-piece\/avis-de-recherche-ener-wanted\/#primaryimage"},"thumbnailUrl":"https:\/\/boutique-one-piece.com\/wp-content\/uploads\/2022\/09\/Avis-De-Recherche-Enel-Wanted-1.jpg","datePublished":"2022-09-27T21:23:16+00:00","dateModified":"2024-09-16T13:24:40+00:00","description":"Voc\u00ea est\u00e1 ansioso para ver o retorno de um dos antagonistas mais memor\u00e1veis de One Piece? Se sim, este p\u00f4ster de procurado do Enel vai alegrar o seu dia. Enel, tamb\u00e9m grafado como Ener em algumas vers\u00f5es, \u00e9 o principal antagonista do Arco de Skypiea. Ele \u00e9 considerado um deus por muitos habitantes, pois \u00e9 capaz de derrotar qualquer um.","breadcrumb":{"@id":"https:\/\/boutique-one-piece.com\/avis-de-recherche-one-piece\/avis-de-recherche-ener-wanted\/#breadcrumb"},"inLanguage":"pt-PT","potentialAction":[{"@type":"ReadAction","target":["https:\/\/boutique-one-piece.com\/avis-de-recherche-one-piece\/avis-de-recherche-ener-wanted\/"]}]},{"@type":"ImageObject","inLanguage":"pt-PT","@id":"https:\/\/boutique-one-piece.com\/avis-de-recherche-one-piece\/avis-de-recherche-ener-wanted\/#primaryimage","url":"https:\/\/boutique-one-piece.com\/wp-content\/uploads\/2022\/09\/Avis-De-Recherche-Enel-Wanted-1.jpg","contentUrl":"https:\/\/boutique-one-piece.com\/wp-content\/uploads\/2022\/09\/Avis-De-Recherche-Enel-Wanted-1.jpg","width":797,"height":797},{"@type":"BreadcrumbList","@id":"https:\/\/boutique-one-piece.com\/avis-de-recherche-one-piece\/avis-de-recherche-ener-wanted\/#breadcrumb","itemListElement":[{"@type":"ListItem","position":1,"name":"Home","item":"https:\/\/boutique-one-piece.com\/"},{"@type":"ListItem","position":2,"name":"Shop","item":"https:\/\/boutique-one-piece.com\/shop\/"},{"@type":"ListItem","position":3,"name":"Avis De Recherche Enel Wanted"}]},{"@type":"WebSite","@id":"https:\/\/boutique-one-piece.com\/#website","url":"https:\/\/boutique-one-piece.com\/","name":"Loja One Piece","description":"Loja especializada em mang\u00e1 e anime de One Piece.","publisher":{"@id":"https:\/\/boutique-one-piece.com\/#organization"},"potentialAction":[{"@type":"SearchAction","target":{"@type":"EntryPoint","urlTemplate":"https:\/\/boutique-one-piece.com\/?s={search_term_string}"},"query-input":{"@type":"PropertyValueSpecification","valueRequired":true,"valueName":"search_term_string"}}],"inLanguage":"pt-PT"},{"@type":"Organization","@id":"https:\/\/boutique-one-piece.com\/#organization","name":"Loja One Piece","url":"https:\/\/boutique-one-piece.com\/","logo":{"@type":"ImageObject","inLanguage":"pt-PT","@id":"https:\/\/boutique-one-piece.com\/#\/schema\/logo\/image\/","url":"https:\/\/boutique-one-piece.com\/wp-content\/uploads\/2022\/09\/Logo-01.png","contentUrl":"https:\/\/boutique-one-piece.com\/wp-content\/uploads\/2022\/09\/Logo-01.png","width":2318,"height":957,"caption":"Boutique One Piece"},"image":{"@id":"https:\/\/boutique-one-piece.com\/#\/schema\/logo\/image\/"}}]}},"_links":{"self":[{"href":"https:\/\/boutique-one-piece.com\/pt\/wp-json\/wp\/v2\/product\/13828","targetHints":{"allow":["GET"]}}],"collection":[{"href":"https:\/\/boutique-one-piece.com\/pt\/wp-json\/wp\/v2\/product"}],"about":[{"href":"https:\/\/boutique-one-piece.com\/pt\/wp-json\/wp\/v2\/types\/product"}],"replies":[{"embeddable":true,"href":"https:\/\/boutique-one-piece.com\/pt\/wp-json\/wp\/v2\/comments?post=13828"}],"wp:featuredmedia":[{"embeddable":true,"href":"https:\/\/boutique-one-piece.com\/pt\/wp-json\/wp\/v2\/media\/13830"}],"wp:attachment":[{"href":"https:\/\/boutique-one-piece.com\/pt\/wp-json\/wp\/v2\/media?parent=13828"}],"wp:term":[{"taxonomy":"product_brand","embeddable":true,"href":"https:\/\/boutique-one-piece.com\/pt\/wp-json\/wp\/v2\/product_brand?post=13828"},{"taxonomy":"product_cat","embeddable":true,"href":"https:\/\/boutique-one-piece.com\/pt\/wp-json\/wp\/v2\/product_cat?post=13828"},{"taxonomy":"product_tag","embeddable":true,"href":"https:\/\/boutique-one-piece.com\/pt\/wp-json\/wp\/v2\/product_tag?post=13828"}],"curies":[{"name":"wp","href":"https:\/\/api.w.org\/{rel}","templated":true}]}}