{"id":14352,"date":"2022-09-27T21:26:27","date_gmt":"2022-09-27T21:26:27","guid":{"rendered":"https:\/\/boutique-one-piece.com\/uncategorized\/coque-one-piece-avis-de-recherche-sabo\/"},"modified":"2024-09-16T13:38:36","modified_gmt":"2024-09-16T13:38:36","slug":"capa-de-celular-one-piece-poster-de-procurado-sabo","status":"publish","type":"product","link":"https:\/\/boutique-one-piece.com\/pt\/acessorios-de-one-piece\/estojo-de-one-piece\/capa-de-celular-one-piece-poster-de-procurado-sabo\/","title":{"rendered":"Estojo para p\u00f4ster de procurado de One Piece da Sabo"},"content":{"rendered":"<p><span><strong>Nome da marca:<\/strong> RETFGTU<\/span><br \/><span><strong>Tipo:<\/strong> Estojo semi-embrulhado<\/span><br \/><span><strong>Caracter\u00edsticas<\/strong> Capa de celular de silicone macia e elegante<\/span><br \/><span><strong>Marca compat\u00edvel:<\/strong> iPhones da Apple<\/span><br \/><span><strong>Modelo de iPhone compat\u00edvel:<\/strong> iPhone 5<\/span><br \/><span><strong>Modelo de iPhone compat\u00edvel:<\/strong> iPhone 6<\/span><br \/><span><strong>Modelo de iPhone compat\u00edvel:<\/strong> iPhone 6 Plus<\/span><br \/><span><strong>Modelo de iPhone compat\u00edvel:<\/strong> iPhone 6S<\/span><br \/><span><strong>Modelo de iPhone compat\u00edvel:<\/strong> iPhone 6s Plus<\/span><br \/><span><strong>Modelo de iPhone compat\u00edvel:<\/strong> iPhone 5s<\/span><br \/><span><strong>Modelo de iPhone compat\u00edvel:<\/strong> iPhone SE<\/span><br \/><span><strong>Modelo de iPhone compat\u00edvel:<\/strong> iPhone 7<\/span><br \/><span><strong>Modelo de iPhone compat\u00edvel:<\/strong> iPhone 7 Plus<\/span><br \/><span><strong>Modelo de iPhone compat\u00edvel:<\/strong> iPhone 8 Plus<\/span><br \/><span><strong>Modelo de iPhone compat\u00edvel:<\/strong> iPhone 8<\/span><br \/><span><strong>Modelo de iPhone compat\u00edvel:<\/strong> iPhone X<\/span><br \/><span><strong>Modelo de iPhone compat\u00edvel:<\/strong> iPhone XS Max<\/span><br \/><span><strong>Modelo de iPhone compat\u00edvel:<\/strong> iPhone XR<\/span><br \/><span><strong>Modelo de iPhone compat\u00edvel:<\/strong> iPhone XS<\/span><br \/><span><strong>Modelo de iPhone compat\u00edvel:<\/strong> iPhone 11<\/span><br \/><span><strong>Modelo de iPhone compat\u00edvel:<\/strong> iPhone 11 Pro Max<\/span><br \/><span><strong>Modelo de iPhone compat\u00edvel:<\/strong> iPhone 11 Pro<\/span><br \/><span><strong>Tamanho:<\/strong> 5.8<\/span><br \/><span><strong>Tamanho:<\/strong> 4.8<\/span><br \/><span><strong>Tamanho:<\/strong> 6.5<\/span><br \/><span><strong>Tamanho:<\/strong> 5.5<\/span><br \/><span><strong>Tamanho:<\/strong> 6.1<\/span><br \/><span><strong>Tamanho:<\/strong> 5<\/span><br \/><span><strong>Projeto:<\/strong> Geom\u00e9trico<\/span><br \/><span><strong>Projeto:<\/strong> Cita\u00e7\u00f5es e mensagens<\/span><br \/><span><strong>Projeto:<\/strong> Fosco<\/span><br \/><span><strong>Projeto:<\/strong> Simples<\/span><br \/><span><strong>Projeto:<\/strong> Animal<\/span><br \/><span><strong>Projeto:<\/strong> Transparente<\/span><br \/><span><strong>Projeto:<\/strong> Floral<\/span><br \/><span><strong>Fun\u00e7\u00e3o:<\/strong> Imperme\u00e1vel<\/span><br \/><span><strong>Fun\u00e7\u00e3o:<\/strong> Resistente \u00e0 sujeira<\/span><br \/><span><strong>Fun\u00e7\u00e3o:<\/strong> Antidetonante<\/span><br \/><span><strong>Material:<\/strong> TPU de silicone macio<\/span><br \/><span><strong>Envio direto (Drop Shipping):<\/strong> Apoiar<\/span><br \/><span><strong>Tipo:<\/strong> Capa traseira para iPhone<\/span><br \/><span><strong>Caracter\u00edsticas<\/strong> Produto de luxo, novidade no mercado, sucesso de vendas.<\/span><br \/><span><strong>Utilizar a multid\u00e3o:<\/strong> Capa para iPhone para meninas e meninos<\/span><br \/><span><strong>M\u00e9todo de Vendas:<\/strong> Atacado e varejo<\/span><br \/><span><strong>Cor:<\/strong> Conforme a imagem do LOGOTIPO do Show<\/span><br \/><span><strong>abrir caminho:<\/strong> Impress\u00e3o inteligente<\/span><\/p>","protected":false},"excerpt":{"rendered":"<p>Marca: RETFGTU Tipo: Capa semi-envolvente Caracter\u00edsticas: Capa de silicone elegante e moderna para celular Compat\u00edvel com: iPhones da Apple Modelos de iPhone compat\u00edveis: iPhone 5 Modelos de iPhone compat\u00edveis: iPhone 6 Modelos de iPhone compat\u00edveis: iPhone 6 Plus Modelos de iPhone compat\u00edveis: iPhone 6S Modelos de iPhone compat\u00edveis: iPhone 6s Plus Modelos de iPhone compat\u00edveis: iPhone 5s Modelos de iPhone compat\u00edveis: iPhone SE Modelos de iPhone compat\u00edveis: iPhone 7 Modelos de iPhone compat\u00edveis: iPhone 7 Plus Modelos de iPhone compat\u00edveis: [\u2026]<\/p>","protected":false},"featured_media":14354,"comment_status":"open","ping_status":"open","template":"","meta":[],"product_brand":[],"product_cat":[700,15],"product_tag":[],"class_list":{"0":"post-14352","1":"product","2":"type-product","3":"status-publish","4":"has-post-thumbnail","6":"product_cat-coque-one-piece","7":"product_cat-manga-one-piece","9":"first","10":"instock","11":"purchasable","12":"product-type-variable","13":"has-default-attributes"},"yoast_head":"<!-- This site is optimized with the Yoast SEO plugin v27.5 - https:\/\/yoast.com\/product\/yoast-seo-wordpress\/ -->\n<title>Coque One Piece Avis De Recherche Sabo<\/title>\n<meta name=\"description\" content=\"Brand Name: RETFGTUType: Half-wrapped CaseFeatures: Fashion Suave silicone phone Case Cover CoqueCompatible Brand: Apple iPhonesCompatible iPhone Model: iPhone 5Compatible iPhone Model: iPhone 6Compatible iPhone Model: iPhone 6 PlusCompatible iPhone Model: IPHONE 6SCompatible iPhone Model: iPhone 6s plusCompatible iPho\" \/>\n<meta name=\"robots\" content=\"index, follow, max-snippet:-1, max-image-preview:large, max-video-preview:-1\" \/>\n<link rel=\"canonical\" href=\"https:\/\/boutique-one-piece.com\/pt\/acessorios-de-one-piece\/estojo-de-one-piece\/capa-de-celular-one-piece-poster-de-procurado-sabo\/\" \/>\n<meta property=\"og:locale\" content=\"pt_PT\" \/>\n<meta property=\"og:type\" content=\"article\" \/>\n<meta property=\"og:title\" content=\"Coque One Piece Avis De Recherche Sabo\" \/>\n<meta property=\"og:description\" content=\"Brand Name: RETFGTUType: Half-wrapped CaseFeatures: Fashion Suave silicone phone Case Cover CoqueCompatible Brand: Apple iPhonesCompatible iPhone Model: iPhone 5Compatible iPhone Model: iPhone 6Compatible iPhone Model: iPhone 6 PlusCompatible iPhone Model: IPHONE 6SCompatible iPhone Model: iPhone 6s plusCompatible iPho\" \/>\n<meta property=\"og:url\" content=\"https:\/\/boutique-one-piece.com\/pt\/acessorios-de-one-piece\/estojo-de-one-piece\/capa-de-celular-one-piece-poster-de-procurado-sabo\/\" \/>\n<meta property=\"og:site_name\" content=\"Boutique One Piece\" \/>\n<meta property=\"article:modified_time\" content=\"2024-09-16T13:38:36+00:00\" \/>\n<meta property=\"og:image\" content=\"https:\/\/boutique-one-piece.com\/wp-content\/uploads\/2022\/09\/Coque-One-Piece-Avis-De-Recherche-Sabo.jpg\" \/>\n\t<meta property=\"og:image:width\" content=\"640\" \/>\n\t<meta property=\"og:image:height\" content=\"640\" \/>\n\t<meta property=\"og:image:type\" content=\"image\/jpeg\" \/>\n<meta name=\"twitter:card\" content=\"summary_large_image\" \/>\n<meta name=\"twitter:label1\" content=\"Tempo estimado de leitura\" \/>\n\t<meta name=\"twitter:data1\" content=\"1 minuto\" \/>\n<script type=\"application\/ld+json\" class=\"yoast-schema-graph\">{\"@context\":\"https:\\\/\\\/schema.org\",\"@graph\":[{\"@type\":\"WebPage\",\"@id\":\"https:\\\/\\\/boutique-one-piece.com\\\/accessoires-one-piece\\\/coque-one-piece\\\/coque-one-piece-avis-de-recherche-sabo\\\/\",\"url\":\"https:\\\/\\\/boutique-one-piece.com\\\/accessoires-one-piece\\\/coque-one-piece\\\/coque-one-piece-avis-de-recherche-sabo\\\/\",\"name\":\"Coque One Piece Avis De Recherche Sabo\",\"isPartOf\":{\"@id\":\"https:\\\/\\\/boutique-one-piece.com\\\/#website\"},\"primaryImageOfPage\":{\"@id\":\"https:\\\/\\\/boutique-one-piece.com\\\/accessoires-one-piece\\\/coque-one-piece\\\/coque-one-piece-avis-de-recherche-sabo\\\/#primaryimage\"},\"image\":{\"@id\":\"https:\\\/\\\/boutique-one-piece.com\\\/accessoires-one-piece\\\/coque-one-piece\\\/coque-one-piece-avis-de-recherche-sabo\\\/#primaryimage\"},\"thumbnailUrl\":\"https:\\\/\\\/boutique-one-piece.com\\\/wp-content\\\/uploads\\\/2022\\\/09\\\/Coque-One-Piece-Avis-De-Recherche-Sabo.jpg\",\"datePublished\":\"2022-09-27T21:26:27+00:00\",\"dateModified\":\"2024-09-16T13:38:36+00:00\",\"description\":\"Brand Name: RETFGTUType: Half-wrapped CaseFeatures: Fashion Suave silicone phone Case Cover CoqueCompatible Brand: Apple iPhonesCompatible iPhone Model: iPhone 5Compatible iPhone Model: iPhone 6Compatible iPhone Model: iPhone 6 PlusCompatible iPhone Model: IPHONE 6SCompatible iPhone Model: iPhone 6s plusCompatible iPho\",\"breadcrumb\":{\"@id\":\"https:\\\/\\\/boutique-one-piece.com\\\/accessoires-one-piece\\\/coque-one-piece\\\/coque-one-piece-avis-de-recherche-sabo\\\/#breadcrumb\"},\"inLanguage\":\"pt-PT\",\"potentialAction\":[{\"@type\":\"ReadAction\",\"target\":[\"https:\\\/\\\/boutique-one-piece.com\\\/accessoires-one-piece\\\/coque-one-piece\\\/coque-one-piece-avis-de-recherche-sabo\\\/\"]}]},{\"@type\":\"ImageObject\",\"inLanguage\":\"pt-PT\",\"@id\":\"https:\\\/\\\/boutique-one-piece.com\\\/accessoires-one-piece\\\/coque-one-piece\\\/coque-one-piece-avis-de-recherche-sabo\\\/#primaryimage\",\"url\":\"https:\\\/\\\/boutique-one-piece.com\\\/wp-content\\\/uploads\\\/2022\\\/09\\\/Coque-One-Piece-Avis-De-Recherche-Sabo.jpg\",\"contentUrl\":\"https:\\\/\\\/boutique-one-piece.com\\\/wp-content\\\/uploads\\\/2022\\\/09\\\/Coque-One-Piece-Avis-De-Recherche-Sabo.jpg\",\"width\":640,\"height\":640,\"caption\":\"Coque One Piece Avis De Recherche Sabo For iphone 11 12 TPU\"},{\"@type\":\"BreadcrumbList\",\"@id\":\"https:\\\/\\\/boutique-one-piece.com\\\/accessoires-one-piece\\\/coque-one-piece\\\/coque-one-piece-avis-de-recherche-sabo\\\/#breadcrumb\",\"itemListElement\":[{\"@type\":\"ListItem\",\"position\":1,\"name\":\"Home\",\"item\":\"https:\\\/\\\/boutique-one-piece.com\\\/\"},{\"@type\":\"ListItem\",\"position\":2,\"name\":\"Shop\",\"item\":\"https:\\\/\\\/boutique-one-piece.com\\\/shop\\\/\"},{\"@type\":\"ListItem\",\"position\":3,\"name\":\"Coque One Piece Avis De Recherche Sabo\"}]},{\"@type\":\"WebSite\",\"@id\":\"https:\\\/\\\/boutique-one-piece.com\\\/#website\",\"url\":\"https:\\\/\\\/boutique-one-piece.com\\\/\",\"name\":\"Boutique One Piece\",\"description\":\"Magasin Sp\u00e9cialis\u00e9 du Manga et l&#039;Anime One Piece\",\"publisher\":{\"@id\":\"https:\\\/\\\/boutique-one-piece.com\\\/#organization\"},\"potentialAction\":[{\"@type\":\"SearchAction\",\"target\":{\"@type\":\"EntryPoint\",\"urlTemplate\":\"https:\\\/\\\/boutique-one-piece.com\\\/?s={search_term_string}\"},\"query-input\":{\"@type\":\"PropertyValueSpecification\",\"valueRequired\":true,\"valueName\":\"search_term_string\"}}],\"inLanguage\":\"pt-PT\"},{\"@type\":\"Organization\",\"@id\":\"https:\\\/\\\/boutique-one-piece.com\\\/#organization\",\"name\":\"Boutique One Piece\",\"url\":\"https:\\\/\\\/boutique-one-piece.com\\\/\",\"logo\":{\"@type\":\"ImageObject\",\"inLanguage\":\"pt-PT\",\"@id\":\"https:\\\/\\\/boutique-one-piece.com\\\/#\\\/schema\\\/logo\\\/image\\\/\",\"url\":\"https:\\\/\\\/boutique-one-piece.com\\\/wp-content\\\/uploads\\\/2022\\\/09\\\/Logo-01.png\",\"contentUrl\":\"https:\\\/\\\/boutique-one-piece.com\\\/wp-content\\\/uploads\\\/2022\\\/09\\\/Logo-01.png\",\"width\":2318,\"height\":957,\"caption\":\"Boutique One Piece\"},\"image\":{\"@id\":\"https:\\\/\\\/boutique-one-piece.com\\\/#\\\/schema\\\/logo\\\/image\\\/\"}}]}<\/script>\n<!-- \/ Yoast SEO plugin. -->","yoast_head_json":{"title":"Estojo para p\u00f4ster de procurado de One Piece da Sabo","description":"Marca: RETFGTU Tipo: Capa semi-envolvente Caracter\u00edsticas: Capa de silicone elegante e moderna para celular Compat\u00edvel com: iPhones da Apple Modelos de iPhone compat\u00edveis: iPhone 5 Modelos de iPhone compat\u00edveis: iPhone 6 Modelos de iPhone compat\u00edveis: iPhone 6 Plus Modelos de iPhone compat\u00edveis: iPhone 6S Modelos de iPhone compat\u00edveis: iPhone 6s Plus","robots":{"index":"index","follow":"follow","max-snippet":"max-snippet:-1","max-image-preview":"max-image-preview:large","max-video-preview":"max-video-preview:-1"},"canonical":"https:\/\/boutique-one-piece.com\/pt\/acessorios-de-one-piece\/estojo-de-one-piece\/capa-de-celular-one-piece-poster-de-procurado-sabo\/","og_locale":"pt_PT","og_type":"article","og_title":"Coque One Piece Avis De Recherche Sabo","og_description":"Brand Name: RETFGTUType: Half-wrapped CaseFeatures: Fashion Suave silicone phone Case Cover CoqueCompatible Brand: Apple iPhonesCompatible iPhone Model: iPhone 5Compatible iPhone Model: iPhone 6Compatible iPhone Model: iPhone 6 PlusCompatible iPhone Model: IPHONE 6SCompatible iPhone Model: iPhone 6s plusCompatible iPho","og_url":"https:\/\/boutique-one-piece.com\/pt\/acessorios-de-one-piece\/estojo-de-one-piece\/capa-de-celular-one-piece-poster-de-procurado-sabo\/","og_site_name":"Boutique One Piece","article_modified_time":"2024-09-16T13:38:36+00:00","og_image":[{"width":640,"height":640,"url":"https:\/\/boutique-one-piece.com\/wp-content\/uploads\/2022\/09\/Coque-One-Piece-Avis-De-Recherche-Sabo.jpg","type":"image\/jpeg"}],"twitter_card":"summary_large_image","twitter_misc":{"Tempo estimado de leitura":"1 minuto"},"schema":{"@context":"https:\/\/schema.org","@graph":[{"@type":"WebPage","@id":"https:\/\/boutique-one-piece.com\/accessoires-one-piece\/coque-one-piece\/coque-one-piece-avis-de-recherche-sabo\/","url":"https:\/\/boutique-one-piece.com\/accessoires-one-piece\/coque-one-piece\/coque-one-piece-avis-de-recherche-sabo\/","name":"Estojo para p\u00f4ster de procurado de One Piece da Sabo","isPartOf":{"@id":"https:\/\/boutique-one-piece.com\/#website"},"primaryImageOfPage":{"@id":"https:\/\/boutique-one-piece.com\/accessoires-one-piece\/coque-one-piece\/coque-one-piece-avis-de-recherche-sabo\/#primaryimage"},"image":{"@id":"https:\/\/boutique-one-piece.com\/accessoires-one-piece\/coque-one-piece\/coque-one-piece-avis-de-recherche-sabo\/#primaryimage"},"thumbnailUrl":"https:\/\/boutique-one-piece.com\/wp-content\/uploads\/2022\/09\/Coque-One-Piece-Avis-De-Recherche-Sabo.jpg","datePublished":"2022-09-27T21:26:27+00:00","dateModified":"2024-09-16T13:38:36+00:00","description":"Marca: RETFGTU Tipo: Capa semi-envolvente Caracter\u00edsticas: Capa de silicone elegante e moderna para celular Compat\u00edvel com: iPhones da Apple Modelos de iPhone compat\u00edveis: iPhone 5 Modelos de iPhone compat\u00edveis: iPhone 6 Modelos de iPhone compat\u00edveis: iPhone 6 Plus Modelos de iPhone compat\u00edveis: iPhone 6S Modelos de iPhone compat\u00edveis: iPhone 6s Plus","breadcrumb":{"@id":"https:\/\/boutique-one-piece.com\/accessoires-one-piece\/coque-one-piece\/coque-one-piece-avis-de-recherche-sabo\/#breadcrumb"},"inLanguage":"pt-PT","potentialAction":[{"@type":"ReadAction","target":["https:\/\/boutique-one-piece.com\/accessoires-one-piece\/coque-one-piece\/coque-one-piece-avis-de-recherche-sabo\/"]}]},{"@type":"ImageObject","inLanguage":"pt-PT","@id":"https:\/\/boutique-one-piece.com\/accessoires-one-piece\/coque-one-piece\/coque-one-piece-avis-de-recherche-sabo\/#primaryimage","url":"https:\/\/boutique-one-piece.com\/wp-content\/uploads\/2022\/09\/Coque-One-Piece-Avis-De-Recherche-Sabo.jpg","contentUrl":"https:\/\/boutique-one-piece.com\/wp-content\/uploads\/2022\/09\/Coque-One-Piece-Avis-De-Recherche-Sabo.jpg","width":640,"height":640,"caption":"Coque One Piece Avis De Recherche Sabo For iphone 11 12 TPU"},{"@type":"BreadcrumbList","@id":"https:\/\/boutique-one-piece.com\/accessoires-one-piece\/coque-one-piece\/coque-one-piece-avis-de-recherche-sabo\/#breadcrumb","itemListElement":[{"@type":"ListItem","position":1,"name":"Home","item":"https:\/\/boutique-one-piece.com\/"},{"@type":"ListItem","position":2,"name":"Shop","item":"https:\/\/boutique-one-piece.com\/shop\/"},{"@type":"ListItem","position":3,"name":"Coque One Piece Avis De Recherche Sabo"}]},{"@type":"WebSite","@id":"https:\/\/boutique-one-piece.com\/#website","url":"https:\/\/boutique-one-piece.com\/","name":"Loja One Piece","description":"Loja especializada em mang\u00e1 e anime de One Piece.","publisher":{"@id":"https:\/\/boutique-one-piece.com\/#organization"},"potentialAction":[{"@type":"SearchAction","target":{"@type":"EntryPoint","urlTemplate":"https:\/\/boutique-one-piece.com\/?s={search_term_string}"},"query-input":{"@type":"PropertyValueSpecification","valueRequired":true,"valueName":"search_term_string"}}],"inLanguage":"pt-PT"},{"@type":"Organization","@id":"https:\/\/boutique-one-piece.com\/#organization","name":"Loja One Piece","url":"https:\/\/boutique-one-piece.com\/","logo":{"@type":"ImageObject","inLanguage":"pt-PT","@id":"https:\/\/boutique-one-piece.com\/#\/schema\/logo\/image\/","url":"https:\/\/boutique-one-piece.com\/wp-content\/uploads\/2022\/09\/Logo-01.png","contentUrl":"https:\/\/boutique-one-piece.com\/wp-content\/uploads\/2022\/09\/Logo-01.png","width":2318,"height":957,"caption":"Boutique One Piece"},"image":{"@id":"https:\/\/boutique-one-piece.com\/#\/schema\/logo\/image\/"}}]}},"_links":{"self":[{"href":"https:\/\/boutique-one-piece.com\/pt\/wp-json\/wp\/v2\/product\/14352","targetHints":{"allow":["GET"]}}],"collection":[{"href":"https:\/\/boutique-one-piece.com\/pt\/wp-json\/wp\/v2\/product"}],"about":[{"href":"https:\/\/boutique-one-piece.com\/pt\/wp-json\/wp\/v2\/types\/product"}],"replies":[{"embeddable":true,"href":"https:\/\/boutique-one-piece.com\/pt\/wp-json\/wp\/v2\/comments?post=14352"}],"wp:featuredmedia":[{"embeddable":true,"href":"https:\/\/boutique-one-piece.com\/pt\/wp-json\/wp\/v2\/media\/14354"}],"wp:attachment":[{"href":"https:\/\/boutique-one-piece.com\/pt\/wp-json\/wp\/v2\/media?parent=14352"}],"wp:term":[{"taxonomy":"product_brand","embeddable":true,"href":"https:\/\/boutique-one-piece.com\/pt\/wp-json\/wp\/v2\/product_brand?post=14352"},{"taxonomy":"product_cat","embeddable":true,"href":"https:\/\/boutique-one-piece.com\/pt\/wp-json\/wp\/v2\/product_cat?post=14352"},{"taxonomy":"product_tag","embeddable":true,"href":"https:\/\/boutique-one-piece.com\/pt\/wp-json\/wp\/v2\/product_tag?post=14352"}],"curies":[{"name":"wp","href":"https:\/\/api.w.org\/{rel}","templated":true}]}}