{"id":14637,"date":"2022-09-27T21:33:27","date_gmt":"2022-09-27T21:33:27","guid":{"rendered":"https:\/\/boutique-one-piece.com\/uncategorized\/tableau-one-piece-corazon-le-frere-de-doflammingo\/"},"modified":"2024-09-16T13:46:29","modified_gmt":"2024-09-16T13:46:29","slug":"pintura-de-one-piece-de-corazon-irmao-de-doflamingo","status":"publish","type":"product","link":"https:\/\/boutique-one-piece.com\/pt\/decoracoes-de-one-piece\/pintura-de-one-piece-de-corazon-irmao-de-doflamingo\/","title":{"rendered":"Pintura de One Piece Corazon: Irm\u00e3o de Doflamingo"},"content":{"rendered":"<p><span><strong>Tipo:<\/strong> Impress\u00f5es em tela<\/span><br \/><span><strong>Assuntos:<\/strong> Anima\u00e7\u00e3o<\/span><br \/><span><strong>Modo de enquadramento:<\/strong> Espelhos emoldurados<\/span><br \/><span><strong>Material:<\/strong> Tela<\/span><br \/><span><strong>Estilo:<\/strong> Cl\u00e1ssico<\/span><br \/><span><strong>Quadro:<\/strong> Sim<\/span><br \/><span><strong>M\u00e9dio:<\/strong> \u00d3leo<\/span><br \/><span><strong>Suporte b\u00e1sico:<\/strong> Tela<\/span><br \/><span><strong>Forma:<\/strong> Combinado<\/span><br \/><span><strong>T\u00e9cnicas:<\/strong> Pintura em spray<\/span><br \/><span><strong>N\u00famero do modelo:<\/strong> Pintura<\/span><br \/><span><strong>Forma:<\/strong> Irregular<\/span><br \/><span><strong>Original:<\/strong> Sim<\/span><br \/><span><strong>Tipo de caligrafia e pintura:<\/strong> Pintura em tela<\/span><br \/><span><strong>Pintura Moderna:<\/strong> Pintura a \u00f3leo impressa<\/span><br \/><span><strong>Estilo e t\u00e9cnica de pintura:<\/strong> Impress\u00f5es art\u00edsticas modernas em tela decorativa<\/span><br \/><span><strong>Estilo de pintura a \u00f3leo:<\/strong> Impress\u00f5es Gicl\u00e9e de Arte de Parede Moderna<\/span><br \/><span><strong>Impress\u00f5es Gicl\u00e9e de Arte de Parede Moderna:<\/strong> Impress\u00e3o em tinta verde sobre tela<\/span><br \/><span><strong>Revestimento:<\/strong> Resistente a raios UV, \u00e0 prova d&#039;\u00e1gua e \u00e0 prova de umidade.<\/span><br \/><span><strong>Quadro:<\/strong> Com moldura<\/span><br \/><span><strong>Material:<\/strong> Tela<\/span><br \/><span><strong>Foto:<\/strong> Arte de parede<\/span><br \/><span><strong>Obra de arte:<\/strong> Impress\u00f5es em tela<\/span><\/p>","protected":false},"excerpt":{"rendered":"<p>Tipo: Impress\u00e3o em TelaAssuntos: Anima\u00e7\u00e3oModo de Moldura: Espelhos EmolduradosMaterial: TelaEstilo: Cl\u00e1ssicoMoldura: SimT\u00e9cnica: \u00d3leoBase de Suporte: TelaFormato: CombinadoT\u00e9cnicas: Pintura em SprayN\u00famero do Modelo: PinturaFormato: IrregularOriginal: SimTipo de caligrafia e pintura: Pintura em TelaPintura Moderna: Pintura a \u00d3leo ImpressaEstilo e T\u00e9cnica de Pintura: Impress\u00f5es de Arte Decorativa Moderna em TelaEstilo de Pintura a \u00d3leo: Impress\u00f5es Gicl\u00e9e de Arte de Parede ModernaImpress\u00f5es Gicl\u00e9e de Arte de Parede Moderna: Impress\u00e3o com Tinta Verde em TelaRevestimento: [\u2026]<\/p>","protected":false},"featured_media":14639,"comment_status":"open","ping_status":"open","template":"","meta":[],"product_brand":[],"product_cat":[150],"product_tag":[],"class_list":{"0":"post-14637","1":"product","2":"type-product","3":"status-publish","4":"has-post-thumbnail","6":"product_cat-decorations-one-piece","8":"first","9":"instock","10":"purchasable","11":"product-type-variable","12":"has-default-attributes"},"yoast_head":"<!-- This site is optimized with the Yoast SEO plugin v27.5 - https:\/\/yoast.com\/product\/yoast-seo-wordpress\/ -->\n<title>Tableau One Piece Corazon Le Fr\u00e8re de Doflammingo \u2013 Boutique One Piece<\/title>\n<meta name=\"description\" content=\"Type: Canvas PrintingsSubjects: AnimationFrame mode: Framed MirrorsMaterial: CanvasStyle: ClassicalFrame: YesMedium: OilSupport Base: CanvasForm: CombinedTechnics: Spray PaintingModel Number: PaintingShape: IrregularOriginal: YesCalligraphy and painting type: Canvas PaintingModern Painting : Printed Oil PaintingPaintin\" \/>\n<meta name=\"robots\" content=\"index, follow, max-snippet:-1, max-image-preview:large, max-video-preview:-1\" \/>\n<link rel=\"canonical\" href=\"https:\/\/boutique-one-piece.com\/pt\/decoracoes-de-one-piece\/pintura-de-one-piece-de-corazon-irmao-de-doflamingo\/\" \/>\n<meta property=\"og:locale\" content=\"pt_PT\" \/>\n<meta property=\"og:type\" content=\"article\" \/>\n<meta property=\"og:title\" content=\"Tableau One Piece Corazon Le Fr\u00e8re de Doflammingo \u2013 Boutique One Piece\" \/>\n<meta property=\"og:description\" content=\"Type: Canvas PrintingsSubjects: AnimationFrame mode: Framed MirrorsMaterial: CanvasStyle: ClassicalFrame: YesMedium: OilSupport Base: CanvasForm: CombinedTechnics: Spray PaintingModel Number: PaintingShape: IrregularOriginal: YesCalligraphy and painting type: Canvas PaintingModern Painting : Printed Oil PaintingPaintin\" \/>\n<meta property=\"og:url\" content=\"https:\/\/boutique-one-piece.com\/pt\/decoracoes-de-one-piece\/pintura-de-one-piece-de-corazon-irmao-de-doflamingo\/\" \/>\n<meta property=\"og:site_name\" content=\"Boutique One Piece\" \/>\n<meta property=\"article:modified_time\" content=\"2024-09-16T13:46:29+00:00\" \/>\n<meta property=\"og:image\" content=\"https:\/\/boutique-one-piece.com\/wp-content\/uploads\/2022\/09\/Tableau-One-Piece-Corazon-Le-Frere-de-Doflammingo-1.jpg\" \/>\n\t<meta property=\"og:image:width\" content=\"800\" \/>\n\t<meta property=\"og:image:height\" content=\"800\" \/>\n\t<meta property=\"og:image:type\" content=\"image\/jpeg\" \/>\n<meta name=\"twitter:card\" content=\"summary_large_image\" \/>\n<script type=\"application\/ld+json\" class=\"yoast-schema-graph\">{\"@context\":\"https:\\\/\\\/schema.org\",\"@graph\":[{\"@type\":\"WebPage\",\"@id\":\"https:\\\/\\\/boutique-one-piece.com\\\/decorations-one-piece\\\/tableau-one-piece-corazon-le-frere-de-doflammingo\\\/\",\"url\":\"https:\\\/\\\/boutique-one-piece.com\\\/decorations-one-piece\\\/tableau-one-piece-corazon-le-frere-de-doflammingo\\\/\",\"name\":\"Tableau One Piece Corazon Le Fr\u00e8re de Doflammingo \u2013 Boutique One Piece\",\"isPartOf\":{\"@id\":\"https:\\\/\\\/boutique-one-piece.com\\\/#website\"},\"primaryImageOfPage\":{\"@id\":\"https:\\\/\\\/boutique-one-piece.com\\\/decorations-one-piece\\\/tableau-one-piece-corazon-le-frere-de-doflammingo\\\/#primaryimage\"},\"image\":{\"@id\":\"https:\\\/\\\/boutique-one-piece.com\\\/decorations-one-piece\\\/tableau-one-piece-corazon-le-frere-de-doflammingo\\\/#primaryimage\"},\"thumbnailUrl\":\"https:\\\/\\\/boutique-one-piece.com\\\/wp-content\\\/uploads\\\/2022\\\/09\\\/Tableau-One-Piece-Corazon-Le-Frere-de-Doflammingo-1.jpg\",\"datePublished\":\"2022-09-27T21:33:27+00:00\",\"dateModified\":\"2024-09-16T13:46:29+00:00\",\"description\":\"Type: Canvas PrintingsSubjects: AnimationFrame mode: Framed MirrorsMaterial: CanvasStyle: ClassicalFrame: YesMedium: OilSupport Base: CanvasForm: CombinedTechnics: Spray PaintingModel Number: PaintingShape: IrregularOriginal: YesCalligraphy and painting type: Canvas PaintingModern Painting : Printed Oil PaintingPaintin\",\"breadcrumb\":{\"@id\":\"https:\\\/\\\/boutique-one-piece.com\\\/decorations-one-piece\\\/tableau-one-piece-corazon-le-frere-de-doflammingo\\\/#breadcrumb\"},\"inLanguage\":\"pt-PT\",\"potentialAction\":[{\"@type\":\"ReadAction\",\"target\":[\"https:\\\/\\\/boutique-one-piece.com\\\/decorations-one-piece\\\/tableau-one-piece-corazon-le-frere-de-doflammingo\\\/\"]}]},{\"@type\":\"ImageObject\",\"inLanguage\":\"pt-PT\",\"@id\":\"https:\\\/\\\/boutique-one-piece.com\\\/decorations-one-piece\\\/tableau-one-piece-corazon-le-frere-de-doflammingo\\\/#primaryimage\",\"url\":\"https:\\\/\\\/boutique-one-piece.com\\\/wp-content\\\/uploads\\\/2022\\\/09\\\/Tableau-One-Piece-Corazon-Le-Frere-de-Doflammingo-1.jpg\",\"contentUrl\":\"https:\\\/\\\/boutique-one-piece.com\\\/wp-content\\\/uploads\\\/2022\\\/09\\\/Tableau-One-Piece-Corazon-Le-Frere-de-Doflammingo-1.jpg\",\"width\":800,\"height\":800},{\"@type\":\"BreadcrumbList\",\"@id\":\"https:\\\/\\\/boutique-one-piece.com\\\/decorations-one-piece\\\/tableau-one-piece-corazon-le-frere-de-doflammingo\\\/#breadcrumb\",\"itemListElement\":[{\"@type\":\"ListItem\",\"position\":1,\"name\":\"Home\",\"item\":\"https:\\\/\\\/boutique-one-piece.com\\\/\"},{\"@type\":\"ListItem\",\"position\":2,\"name\":\"Shop\",\"item\":\"https:\\\/\\\/boutique-one-piece.com\\\/shop\\\/\"},{\"@type\":\"ListItem\",\"position\":3,\"name\":\"Tableau One Piece Corazon Le Fr\u00e8re de Doflammingo\"}]},{\"@type\":\"WebSite\",\"@id\":\"https:\\\/\\\/boutique-one-piece.com\\\/#website\",\"url\":\"https:\\\/\\\/boutique-one-piece.com\\\/\",\"name\":\"Boutique One Piece\",\"description\":\"Magasin Sp\u00e9cialis\u00e9 du Manga et l&#039;Anime One Piece\",\"publisher\":{\"@id\":\"https:\\\/\\\/boutique-one-piece.com\\\/#organization\"},\"potentialAction\":[{\"@type\":\"SearchAction\",\"target\":{\"@type\":\"EntryPoint\",\"urlTemplate\":\"https:\\\/\\\/boutique-one-piece.com\\\/?s={search_term_string}\"},\"query-input\":{\"@type\":\"PropertyValueSpecification\",\"valueRequired\":true,\"valueName\":\"search_term_string\"}}],\"inLanguage\":\"pt-PT\"},{\"@type\":\"Organization\",\"@id\":\"https:\\\/\\\/boutique-one-piece.com\\\/#organization\",\"name\":\"Boutique One Piece\",\"url\":\"https:\\\/\\\/boutique-one-piece.com\\\/\",\"logo\":{\"@type\":\"ImageObject\",\"inLanguage\":\"pt-PT\",\"@id\":\"https:\\\/\\\/boutique-one-piece.com\\\/#\\\/schema\\\/logo\\\/image\\\/\",\"url\":\"https:\\\/\\\/boutique-one-piece.com\\\/wp-content\\\/uploads\\\/2022\\\/09\\\/Logo-01.png\",\"contentUrl\":\"https:\\\/\\\/boutique-one-piece.com\\\/wp-content\\\/uploads\\\/2022\\\/09\\\/Logo-01.png\",\"width\":2318,\"height\":957,\"caption\":\"Boutique One Piece\"},\"image\":{\"@id\":\"https:\\\/\\\/boutique-one-piece.com\\\/#\\\/schema\\\/logo\\\/image\\\/\"}}]}<\/script>\n<!-- \/ Yoast SEO plugin. -->","yoast_head_json":{"title":"Pintura de One Piece Corazon (irm\u00e3o de Doflamingo) \u2013 Loja One Piece","description":"Tipo: Impress\u00e3o em Tela Temas: Anima\u00e7\u00e3o Modo de Moldura: Espelhos Emoldurados Material: Tela Estilo: Cl\u00e1ssico Moldura: Sim T\u00e9cnica: \u00d3leo Base de Suporte: Tela Formato: Combinado T\u00e9cnicas: Pintura em Spray N\u00famero do Modelo: Pintura Formato: Irregular Original: Sim Tipo de caligrafia e pintura: Pintura em Tela Pintura Moderna: Pintura a \u00d3leo Impressa","robots":{"index":"index","follow":"follow","max-snippet":"max-snippet:-1","max-image-preview":"max-image-preview:large","max-video-preview":"max-video-preview:-1"},"canonical":"https:\/\/boutique-one-piece.com\/pt\/decoracoes-de-one-piece\/pintura-de-one-piece-de-corazon-irmao-de-doflamingo\/","og_locale":"pt_PT","og_type":"article","og_title":"Tableau One Piece Corazon Le Fr\u00e8re de Doflammingo \u2013 Boutique One Piece","og_description":"Type: Canvas PrintingsSubjects: AnimationFrame mode: Framed MirrorsMaterial: CanvasStyle: ClassicalFrame: YesMedium: OilSupport Base: CanvasForm: CombinedTechnics: Spray PaintingModel Number: PaintingShape: IrregularOriginal: YesCalligraphy and painting type: Canvas PaintingModern Painting : Printed Oil PaintingPaintin","og_url":"https:\/\/boutique-one-piece.com\/pt\/decoracoes-de-one-piece\/pintura-de-one-piece-de-corazon-irmao-de-doflamingo\/","og_site_name":"Boutique One Piece","article_modified_time":"2024-09-16T13:46:29+00:00","og_image":[{"width":800,"height":800,"url":"https:\/\/boutique-one-piece.com\/wp-content\/uploads\/2022\/09\/Tableau-One-Piece-Corazon-Le-Frere-de-Doflammingo-1.jpg","type":"image\/jpeg"}],"twitter_card":"summary_large_image","schema":{"@context":"https:\/\/schema.org","@graph":[{"@type":"WebPage","@id":"https:\/\/boutique-one-piece.com\/decorations-one-piece\/tableau-one-piece-corazon-le-frere-de-doflammingo\/","url":"https:\/\/boutique-one-piece.com\/decorations-one-piece\/tableau-one-piece-corazon-le-frere-de-doflammingo\/","name":"Pintura de One Piece Corazon (irm\u00e3o de Doflamingo) \u2013 Loja One Piece","isPartOf":{"@id":"https:\/\/boutique-one-piece.com\/#website"},"primaryImageOfPage":{"@id":"https:\/\/boutique-one-piece.com\/decorations-one-piece\/tableau-one-piece-corazon-le-frere-de-doflammingo\/#primaryimage"},"image":{"@id":"https:\/\/boutique-one-piece.com\/decorations-one-piece\/tableau-one-piece-corazon-le-frere-de-doflammingo\/#primaryimage"},"thumbnailUrl":"https:\/\/boutique-one-piece.com\/wp-content\/uploads\/2022\/09\/Tableau-One-Piece-Corazon-Le-Frere-de-Doflammingo-1.jpg","datePublished":"2022-09-27T21:33:27+00:00","dateModified":"2024-09-16T13:46:29+00:00","description":"Tipo: Impress\u00e3o em Tela Temas: Anima\u00e7\u00e3o Modo de Moldura: Espelhos Emoldurados Material: Tela Estilo: Cl\u00e1ssico Moldura: Sim T\u00e9cnica: \u00d3leo Base de Suporte: Tela Formato: Combinado T\u00e9cnicas: Pintura em Spray N\u00famero do Modelo: Pintura Formato: Irregular Original: Sim Tipo de caligrafia e pintura: Pintura em Tela Pintura Moderna: Pintura a \u00d3leo Impressa","breadcrumb":{"@id":"https:\/\/boutique-one-piece.com\/decorations-one-piece\/tableau-one-piece-corazon-le-frere-de-doflammingo\/#breadcrumb"},"inLanguage":"pt-PT","potentialAction":[{"@type":"ReadAction","target":["https:\/\/boutique-one-piece.com\/decorations-one-piece\/tableau-one-piece-corazon-le-frere-de-doflammingo\/"]}]},{"@type":"ImageObject","inLanguage":"pt-PT","@id":"https:\/\/boutique-one-piece.com\/decorations-one-piece\/tableau-one-piece-corazon-le-frere-de-doflammingo\/#primaryimage","url":"https:\/\/boutique-one-piece.com\/wp-content\/uploads\/2022\/09\/Tableau-One-Piece-Corazon-Le-Frere-de-Doflammingo-1.jpg","contentUrl":"https:\/\/boutique-one-piece.com\/wp-content\/uploads\/2022\/09\/Tableau-One-Piece-Corazon-Le-Frere-de-Doflammingo-1.jpg","width":800,"height":800},{"@type":"BreadcrumbList","@id":"https:\/\/boutique-one-piece.com\/decorations-one-piece\/tableau-one-piece-corazon-le-frere-de-doflammingo\/#breadcrumb","itemListElement":[{"@type":"ListItem","position":1,"name":"Home","item":"https:\/\/boutique-one-piece.com\/"},{"@type":"ListItem","position":2,"name":"Shop","item":"https:\/\/boutique-one-piece.com\/shop\/"},{"@type":"ListItem","position":3,"name":"Tableau One Piece Corazon Le Fr\u00e8re de Doflammingo"}]},{"@type":"WebSite","@id":"https:\/\/boutique-one-piece.com\/#website","url":"https:\/\/boutique-one-piece.com\/","name":"Loja One Piece","description":"Loja especializada em mang\u00e1 e anime de One Piece.","publisher":{"@id":"https:\/\/boutique-one-piece.com\/#organization"},"potentialAction":[{"@type":"SearchAction","target":{"@type":"EntryPoint","urlTemplate":"https:\/\/boutique-one-piece.com\/?s={search_term_string}"},"query-input":{"@type":"PropertyValueSpecification","valueRequired":true,"valueName":"search_term_string"}}],"inLanguage":"pt-PT"},{"@type":"Organization","@id":"https:\/\/boutique-one-piece.com\/#organization","name":"Loja One Piece","url":"https:\/\/boutique-one-piece.com\/","logo":{"@type":"ImageObject","inLanguage":"pt-PT","@id":"https:\/\/boutique-one-piece.com\/#\/schema\/logo\/image\/","url":"https:\/\/boutique-one-piece.com\/wp-content\/uploads\/2022\/09\/Logo-01.png","contentUrl":"https:\/\/boutique-one-piece.com\/wp-content\/uploads\/2022\/09\/Logo-01.png","width":2318,"height":957,"caption":"Boutique One Piece"},"image":{"@id":"https:\/\/boutique-one-piece.com\/#\/schema\/logo\/image\/"}}]}},"_links":{"self":[{"href":"https:\/\/boutique-one-piece.com\/pt\/wp-json\/wp\/v2\/product\/14637","targetHints":{"allow":["GET"]}}],"collection":[{"href":"https:\/\/boutique-one-piece.com\/pt\/wp-json\/wp\/v2\/product"}],"about":[{"href":"https:\/\/boutique-one-piece.com\/pt\/wp-json\/wp\/v2\/types\/product"}],"replies":[{"embeddable":true,"href":"https:\/\/boutique-one-piece.com\/pt\/wp-json\/wp\/v2\/comments?post=14637"}],"wp:featuredmedia":[{"embeddable":true,"href":"https:\/\/boutique-one-piece.com\/pt\/wp-json\/wp\/v2\/media\/14639"}],"wp:attachment":[{"href":"https:\/\/boutique-one-piece.com\/pt\/wp-json\/wp\/v2\/media?parent=14637"}],"wp:term":[{"taxonomy":"product_brand","embeddable":true,"href":"https:\/\/boutique-one-piece.com\/pt\/wp-json\/wp\/v2\/product_brand?post=14637"},{"taxonomy":"product_cat","embeddable":true,"href":"https:\/\/boutique-one-piece.com\/pt\/wp-json\/wp\/v2\/product_cat?post=14637"},{"taxonomy":"product_tag","embeddable":true,"href":"https:\/\/boutique-one-piece.com\/pt\/wp-json\/wp\/v2\/product_tag?post=14637"}],"curies":[{"name":"wp","href":"https:\/\/api.w.org\/{rel}","templated":true}]}}