{"id":15196,"date":"2022-09-27T21:36:53","date_gmt":"2022-09-27T21:36:53","guid":{"rendered":"https:\/\/boutique-one-piece.com\/uncategorized\/tableau-one-piece-nakama-2\/"},"modified":"2024-09-16T14:02:55","modified_gmt":"2024-09-16T14:02:55","slug":"pintura-one-piece-nakama-2","status":"publish","type":"product","link":"https:\/\/boutique-one-piece.com\/pt\/decoracoes-de-one-piece\/pintura-one-piece-nakama-2\/","title":{"rendered":"Pintura infantil de One Piece Nakama"},"content":{"rendered":"<p><meta charset=\"utf-8\"><\/p>\n<h2>Impress\u00e3o em tela de 5 pain\u00e9is de One Piece com Luffy, Zoro, Usopp, Nami e o jovem Sanji - Uma impress\u00e3o em tela de alta qualidade para um pirata como voc\u00ea!<\/h2>\n<p>Se voc\u00ea \u00e9 um\u00a0<strong>pirata de verdade<\/strong>, Voc\u00ea vai apreciar o\u00a0<strong>qualidade<\/strong>\u00a0tela, tinta e uma moldura para eles\u00a0<strong>desenhos\u00a0<\/strong>E\u00a0<strong>l\u2019impression 3D Canvas<\/strong>\u00a0disso\u00a0<strong>Pintura de 5 pain\u00e9is de One Piece<\/strong>\u00a0Mas, o mais importante, com este gr\u00e1fico, voc\u00ea far\u00e1 parte de\u00a0<strong>l\u2019\u00e9quipage\u00a0des fans<\/strong>\u00a0de\u00a0<strong>mang\u00e1 de piratas<\/strong>\u00a0e voc\u00ea obter\u00e1:<\/p>\n<ul>\n<li>\u00a0<strong>L\u2019admiration<\/strong>\u00a0de todos os f\u00e3s de\u00a0<strong>Mugiwara<\/strong>\u00a0que voc\u00ea convidar\u00e1 para sua casa<\/li>\n<\/ul>\n<ul>\n<li>Um verdadeiro\u00a0<strong>Gr\u00e1fico impresso de 5 pe\u00e7as<\/strong>\u00a0com o qual voc\u00ea pode<strong>\u00a0t\u2019imaginer <\/strong>com<b>\u00a0l\u2019\u00e9quipage de Chapeau de paille Enfants<\/b>\n<\/li>\n<\/ul>\n<p>Ent\u00e3o, pronto para exibir o\u00a0<strong>cores <\/strong>de<strong><\/strong>s<strong>\u00a0<\/strong><strong>Mugiwaras<\/strong>\u00a0?<\/p>\n<h2>Es-tu un fan du manga ou de l\u2019anim\u00e9 One Piece ? Montre le avec ce Tableau 5 Pi\u00e8ces One Piece !<\/h2>\n<p>Se voc\u00ea\u00a0<strong>ler<\/strong>\u00a0ou onde quer que voc\u00ea olhe\u00a0<strong>l\u2019anim\u00e9\u00a0<\/strong><strong>japon\u00eas<\/strong>, \u00c9 bem prov\u00e1vel que voc\u00ea tenha se tornado\u00a0<strong>Sou louco por One Piece.<\/strong>\u00a0Com isto!\u00a0<strong>Pintura em 5 pain\u00e9is: Crian\u00e7as Nakama<\/strong>, rejoins\u00a0l\u2019<strong>equipe de f\u00e3s da franquia<\/strong><\/p>\n<p>Esse\u00a0<strong>pintura<\/strong>\u00a0est\u00e1 dispon\u00edvel com um\u00a0<strong>moldura de madeira<\/strong>\u00a0a variante &quot;\u00ab\u00a0<strong>Com moldura<\/strong>\u00ab\u00a0, il est \u00e9galement possible d\u2019avoir uniquement la\u00a0<strong>pano<\/strong>\u00a0com a variante &quot;\u00ab\u00a0<strong>Sem moldura<\/strong>\u00abVoc\u00ea encontrar\u00e1 a tabela de tamanhos.\u00a0<strong>Pequeno<\/strong>,<strong>\u00a0M\u00c9DIA<\/strong>,<strong>\u00a0Grande<\/strong>,<strong>\u00a0XL<\/strong>, il conviendra \u00e0 toutes les\u00a0cat\u00e9gories\u00a0de pirates, m\u00eame si tu n\u2019as pas\u00a0<strong>d\u2019\u00e9p\u00e9e<\/strong>\u00a0ou\u00a0<strong>fruta do diabo<\/strong>\u00a0tu peux quand m\u00eame l\u2019accrocher fi\u00e8rement chez toi<\/p>\n<p>Nesta <strong>pintura em cinco partes<\/strong>,\u00a0<strong>Luffy<\/strong>, <strong>Zoro<\/strong>, <strong>Usopp<\/strong>, <strong>Nami<\/strong> E <strong>Sanji<\/strong> s\u00e3o <strong>crian\u00e7as<\/strong>. Eles <strong>correr<\/strong> No <strong>p\u00f4r do sol<\/strong>, <strong>l\u2019\u00e9quipage\u00a0du\u00a0Chapeau de Paille<\/strong> em seus <strong>juventude<\/strong><\/p>\n<h2>Informa\u00e7\u00f5es sobre a pintura:<\/h2>\n<ul>\n<li>\n<strong>Tela impressa de alta qualidade\u00a0<\/strong>: tela de parede feita de <strong>algod\u00e3o<\/strong> e <strong>linho<\/strong>, para obter um <strong>pano<\/strong> digno do nome<\/li>\n<\/ul>\n<ul>\n<li>\n<strong>Pintura de design ultra<\/strong>\u00a0A tabela de cinco partes oferece muitas possibilidades. <strong>estilo<\/strong> para um <strong>peda\u00e7o<\/strong>, les fans ne peuvent qu\u2019adorer<\/li>\n<\/ul>\n<ul style=\"font-weight: 400;\">\n<li>\n<strong>Cor e Impress\u00e3o\u00a0<\/strong>Pintura de One Piece com uma estampa <strong>Canva<\/strong> la r\u00e9f\u00e9rence dans l\u2019impression de toiles<\/li>\n<\/ul>\n<ul style=\"font-weight: 400;\">\n<li>\n<strong>Arte de parede leve<\/strong>\u00a0: cen\u00e1rio excelente <strong>luz,<\/strong> il ne suffit que d\u2019un <strong>unha<\/strong> ou do <strong>perna fixa<\/strong> para o <strong>manter<\/strong> No <strong>parede<\/strong>\n<\/li>\n<\/ul>\n<ul style=\"font-weight: 400;\">\n<li>\n<strong>Moldura de madeira<\/strong>\u00a0: a variante &quot;\u00ab\u00a0<strong>Com moldura<\/strong>\u00a0\u00bb est accompagn\u00e9e d\u2019un <strong>moldura de madeira<\/strong> e a vers\u00e3o &quot;\u00ab\u00a0<strong>Sem moldura<\/strong>\u00a0\u00bb \u00e9 entregue <strong>sem a moldura de madeira<\/strong>\n<\/li>\n<\/ul>\n<ul style=\"font-weight: 400;\">\n<li>\n<strong>Entrega gr\u00e1tis\u00a0<\/strong>para qualquer compra<strong>\u00a0<\/strong>\n<\/li>\n<\/ul>\n<h3>N\u2019oubliez pas de jeter\u00a0un oeil au guide des tailles ci-dessous.<\/h3>\n<h2>\n<strong style=\"font-size: 15px;\">Pintura de 5 pe\u00e7as de One Piece<\/strong><span style=\"font-size: 15px;\">,<\/span><strong style=\"font-size: 15px;\"> <\/strong><span style=\"font-size: 15px;\">Tamanho<\/span><strong style=\"font-size: 15px;\"> <\/strong><span style=\"font-size: 15px;\">: <\/span><strong style=\"font-size: 15px;\">Pequeno<\/strong><br \/>\n<\/h2>\n<p>\u00a0<img decoding=\"async\" src=\"https:\/\/cdn.shopify.com\/s\/files\/1\/0087\/7556\/5348\/files\/guide_taille_tableau_one_piece_petit_boutique_one_piece_large.jpg?v=1560247451\" alt=\"Guia de Tamanhos do Conjunto One Piece de 5 Pe\u00e7as (Pequeno)\"><\/p>\n<p><strong>Pintura de 5 pe\u00e7as de One Piece<\/strong>, Tamanho<strong> <\/strong>:<strong> M\u00c9DIA<\/strong><\/p>\n<p>\u00a0<img decoding=\"async\" src=\"https:\/\/cdn.shopify.com\/s\/files\/1\/0087\/7556\/5348\/files\/guide_taille_tableau_one_piece_moyen_boutique_one_piece_large.jpg?v=1560247519\" alt=\"Guia de tamanhos, pe\u00e7a \u00fanica, 5 pe\u00e7as, M\u00e9dio\"><\/p>\n<p><strong>Pintura de 5 pe\u00e7as de One Piece<\/strong>, Tamanho<strong> <\/strong>: <strong>Grande<\/strong><\/p>\n<p>\u00a0<img decoding=\"async\" src=\"https:\/\/cdn.shopify.com\/s\/files\/1\/0087\/7556\/5348\/files\/guide_taille_tableau_one_piece_grand_boutique_one_piece_large.jpg?v=1560247582\" alt=\"Tabela de tamanhos de One Piece (tamanho grande)\"><\/p>\n<p><strong>Pintura de 5 pe\u00e7as de One Piece<\/strong>, Tamanho: <strong>XL<\/strong><\/p>\n<p><img decoding=\"async\" src=\"https:\/\/cdn.shopify.com\/s\/files\/1\/0087\/7556\/5348\/files\/guide_taille_tableau_one_piece_xl_boutique_one_piece_large.jpg?v=1560247610\" alt=\"Tabela de tamanhos XL do conjunto de 5 pe\u00e7as One Piece\"><\/p>","protected":false},"excerpt":{"rendered":"<p>Tableau One Piece 5 Panneaux avec Luffy, ZOro, Usopp, Nami et Sanji Enfant, Un Tableau de qualit\u00e9 pour un pirate comme\u00a0toi\u00a0! Si tu es un\u00a0v\u00e9ritable pirate, tu sauras appr\u00e9cier la\u00a0qualit\u00e9\u00a0de la toile, de la peinture et du cadre\u00a0pour leurs\u00a0conceptions\u00a0et\u00a0l\u2019impression 3D Canvas\u00a0de ce\u00a0tableau 5 panneaux\u00a0One Piece\u00a0!\u00a0Mais le plus important, avec ce\u00a0tableau\u00a0c\u2019est que tu\u00a0feras partie de\u00a0l\u2019\u00e9quipage\u00a0des fans\u00a0du\u00a0manga [&hellip;]<\/p>","protected":false},"featured_media":11206,"comment_status":"open","ping_status":"open","template":"","meta":[],"product_brand":[],"product_cat":[150],"product_tag":[92,154,112,142,143,144,113],"class_list":{"0":"post-15196","1":"product","2":"type-product","3":"status-publish","4":"has-post-thumbnail","6":"product_cat-decorations-one-piece","7":"product_tag-luffy","8":"product_tag-nami","9":"product_tag-sanji","10":"product_tag-tableau-5-pieces","11":"product_tag-toile","12":"product_tag-usopp","13":"product_tag-zoro","15":"first","16":"instock","17":"purchasable","18":"product-type-variable","19":"has-default-attributes"},"yoast_head":"<!-- This site is optimized with the Yoast SEO plugin v27.5 - https:\/\/yoast.com\/product\/yoast-seo-wordpress\/ -->\n<title>Tableau Cinq Pi\u00e8ces Nakama | Boutique One Piece<\/title>\n<meta name=\"description\" content=\"Tableau 5 Pi\u00e8ces One Piece avec Luffy, Zoro, Usopp, Nami et Sanji Enfants de Tr\u00e8s Haute Qualit\u00e9 : Fan de Pirates ce Tableau 5 Panneaux est Fait Pour Vous !\" \/>\n<meta name=\"robots\" content=\"index, follow, max-snippet:-1, max-image-preview:large, max-video-preview:-1\" \/>\n<link rel=\"canonical\" href=\"https:\/\/boutique-one-piece.com\/pt\/decoracoes-de-one-piece\/pintura-one-piece-nakama-2\/\" \/>\n<meta property=\"og:locale\" content=\"pt_PT\" \/>\n<meta property=\"og:type\" content=\"article\" \/>\n<meta property=\"og:title\" content=\"Tableau Cinq Pi\u00e8ces Nakama | Boutique One Piece\" \/>\n<meta property=\"og:description\" content=\"Tableau 5 Pi\u00e8ces One Piece avec Luffy, Zoro, Usopp, Nami et Sanji Enfants de Tr\u00e8s Haute Qualit\u00e9 : Fan de Pirates ce Tableau 5 Panneaux est Fait Pour Vous !\" \/>\n<meta property=\"og:url\" content=\"https:\/\/boutique-one-piece.com\/pt\/decoracoes-de-one-piece\/pintura-one-piece-nakama-2\/\" \/>\n<meta property=\"og:site_name\" content=\"Boutique One Piece\" \/>\n<meta property=\"article:modified_time\" content=\"2024-09-16T14:02:55+00:00\" \/>\n<meta property=\"og:image\" content=\"https:\/\/boutique-one-piece.com\/wp-content\/uploads\/2022\/09\/Tableau-One-Piece-Nakama-Enfants.jpg\" \/>\n\t<meta property=\"og:image:width\" content=\"600\" \/>\n\t<meta property=\"og:image:height\" content=\"600\" \/>\n\t<meta property=\"og:image:type\" content=\"image\/jpeg\" \/>\n<meta name=\"twitter:card\" content=\"summary_large_image\" \/>\n<meta name=\"twitter:label1\" content=\"Tempo estimado de leitura\" \/>\n\t<meta name=\"twitter:data1\" content=\"2 minutos\" \/>\n<script type=\"application\/ld+json\" class=\"yoast-schema-graph\">{\"@context\":\"https:\\\/\\\/schema.org\",\"@graph\":[{\"@type\":\"WebPage\",\"@id\":\"https:\\\/\\\/boutique-one-piece.com\\\/decorations-one-piece\\\/tableau-one-piece-nakama-2\\\/\",\"url\":\"https:\\\/\\\/boutique-one-piece.com\\\/decorations-one-piece\\\/tableau-one-piece-nakama-2\\\/\",\"name\":\"Tableau Cinq Pi\u00e8ces Nakama | Boutique One Piece\",\"isPartOf\":{\"@id\":\"https:\\\/\\\/boutique-one-piece.com\\\/#website\"},\"primaryImageOfPage\":{\"@id\":\"https:\\\/\\\/boutique-one-piece.com\\\/decorations-one-piece\\\/tableau-one-piece-nakama-2\\\/#primaryimage\"},\"image\":{\"@id\":\"https:\\\/\\\/boutique-one-piece.com\\\/decorations-one-piece\\\/tableau-one-piece-nakama-2\\\/#primaryimage\"},\"thumbnailUrl\":\"https:\\\/\\\/boutique-one-piece.com\\\/wp-content\\\/uploads\\\/2022\\\/09\\\/Tableau-One-Piece-Nakama-Enfants.jpg\",\"datePublished\":\"2022-09-27T21:36:53+00:00\",\"dateModified\":\"2024-09-16T14:02:55+00:00\",\"description\":\"Tableau 5 Pi\u00e8ces One Piece avec Luffy, Zoro, Usopp, Nami et Sanji Enfants de Tr\u00e8s Haute Qualit\u00e9 : Fan de Pirates ce Tableau 5 Panneaux est Fait Pour Vous !\",\"breadcrumb\":{\"@id\":\"https:\\\/\\\/boutique-one-piece.com\\\/decorations-one-piece\\\/tableau-one-piece-nakama-2\\\/#breadcrumb\"},\"inLanguage\":\"pt-PT\",\"potentialAction\":[{\"@type\":\"ReadAction\",\"target\":[\"https:\\\/\\\/boutique-one-piece.com\\\/decorations-one-piece\\\/tableau-one-piece-nakama-2\\\/\"]}]},{\"@type\":\"ImageObject\",\"inLanguage\":\"pt-PT\",\"@id\":\"https:\\\/\\\/boutique-one-piece.com\\\/decorations-one-piece\\\/tableau-one-piece-nakama-2\\\/#primaryimage\",\"url\":\"https:\\\/\\\/boutique-one-piece.com\\\/wp-content\\\/uploads\\\/2022\\\/09\\\/Tableau-One-Piece-Nakama-Enfants.jpg\",\"contentUrl\":\"https:\\\/\\\/boutique-one-piece.com\\\/wp-content\\\/uploads\\\/2022\\\/09\\\/Tableau-One-Piece-Nakama-Enfants.jpg\",\"width\":600,\"height\":600,\"caption\":\"Tableau One Piece Nakama Enfants XL Avec Cadre\"},{\"@type\":\"BreadcrumbList\",\"@id\":\"https:\\\/\\\/boutique-one-piece.com\\\/decorations-one-piece\\\/tableau-one-piece-nakama-2\\\/#breadcrumb\",\"itemListElement\":[{\"@type\":\"ListItem\",\"position\":1,\"name\":\"Home\",\"item\":\"https:\\\/\\\/boutique-one-piece.com\\\/\"},{\"@type\":\"ListItem\",\"position\":2,\"name\":\"Shop\",\"item\":\"https:\\\/\\\/boutique-one-piece.com\\\/shop\\\/\"},{\"@type\":\"ListItem\",\"position\":3,\"name\":\"Tableau One Piece Nakama Enfants\"}]},{\"@type\":\"WebSite\",\"@id\":\"https:\\\/\\\/boutique-one-piece.com\\\/#website\",\"url\":\"https:\\\/\\\/boutique-one-piece.com\\\/\",\"name\":\"Boutique One Piece\",\"description\":\"Magasin Sp\u00e9cialis\u00e9 du Manga et l&#039;Anime One Piece\",\"publisher\":{\"@id\":\"https:\\\/\\\/boutique-one-piece.com\\\/#organization\"},\"potentialAction\":[{\"@type\":\"SearchAction\",\"target\":{\"@type\":\"EntryPoint\",\"urlTemplate\":\"https:\\\/\\\/boutique-one-piece.com\\\/?s={search_term_string}\"},\"query-input\":{\"@type\":\"PropertyValueSpecification\",\"valueRequired\":true,\"valueName\":\"search_term_string\"}}],\"inLanguage\":\"pt-PT\"},{\"@type\":\"Organization\",\"@id\":\"https:\\\/\\\/boutique-one-piece.com\\\/#organization\",\"name\":\"Boutique One Piece\",\"url\":\"https:\\\/\\\/boutique-one-piece.com\\\/\",\"logo\":{\"@type\":\"ImageObject\",\"inLanguage\":\"pt-PT\",\"@id\":\"https:\\\/\\\/boutique-one-piece.com\\\/#\\\/schema\\\/logo\\\/image\\\/\",\"url\":\"https:\\\/\\\/boutique-one-piece.com\\\/wp-content\\\/uploads\\\/2022\\\/09\\\/Logo-01.png\",\"contentUrl\":\"https:\\\/\\\/boutique-one-piece.com\\\/wp-content\\\/uploads\\\/2022\\\/09\\\/Logo-01.png\",\"width\":2318,\"height\":957,\"caption\":\"Boutique One Piece\"},\"image\":{\"@id\":\"https:\\\/\\\/boutique-one-piece.com\\\/#\\\/schema\\\/logo\\\/image\\\/\"}}]}<\/script>\n<!-- \/ Yoast SEO plugin. -->","yoast_head_json":{"title":"Pintura Nakama de Cinco Pe\u00e7as | Loja One Piece","description":"Conjunto de 5 telas impressas de One Piece com Luffy, Zoro, Usopp, Nami e Sanji - Alt\u00edssima qualidade para crian\u00e7as: F\u00e3s de piratas, este conjunto de 5 telas impressas \u00e9 para voc\u00eas!","robots":{"index":"index","follow":"follow","max-snippet":"max-snippet:-1","max-image-preview":"max-image-preview:large","max-video-preview":"max-video-preview:-1"},"canonical":"https:\/\/boutique-one-piece.com\/pt\/decoracoes-de-one-piece\/pintura-one-piece-nakama-2\/","og_locale":"pt_PT","og_type":"article","og_title":"Tableau Cinq Pi\u00e8ces Nakama | Boutique One Piece","og_description":"Tableau 5 Pi\u00e8ces One Piece avec Luffy, Zoro, Usopp, Nami et Sanji Enfants de Tr\u00e8s Haute Qualit\u00e9 : Fan de Pirates ce Tableau 5 Panneaux est Fait Pour Vous !","og_url":"https:\/\/boutique-one-piece.com\/pt\/decoracoes-de-one-piece\/pintura-one-piece-nakama-2\/","og_site_name":"Boutique One Piece","article_modified_time":"2024-09-16T14:02:55+00:00","og_image":[{"width":600,"height":600,"url":"https:\/\/boutique-one-piece.com\/wp-content\/uploads\/2022\/09\/Tableau-One-Piece-Nakama-Enfants.jpg","type":"image\/jpeg"}],"twitter_card":"summary_large_image","twitter_misc":{"Tempo estimado de leitura":"2 minutos"},"schema":{"@context":"https:\/\/schema.org","@graph":[{"@type":"WebPage","@id":"https:\/\/boutique-one-piece.com\/decorations-one-piece\/tableau-one-piece-nakama-2\/","url":"https:\/\/boutique-one-piece.com\/decorations-one-piece\/tableau-one-piece-nakama-2\/","name":"Pintura Nakama de Cinco Pe\u00e7as | Loja One Piece","isPartOf":{"@id":"https:\/\/boutique-one-piece.com\/#website"},"primaryImageOfPage":{"@id":"https:\/\/boutique-one-piece.com\/decorations-one-piece\/tableau-one-piece-nakama-2\/#primaryimage"},"image":{"@id":"https:\/\/boutique-one-piece.com\/decorations-one-piece\/tableau-one-piece-nakama-2\/#primaryimage"},"thumbnailUrl":"https:\/\/boutique-one-piece.com\/wp-content\/uploads\/2022\/09\/Tableau-One-Piece-Nakama-Enfants.jpg","datePublished":"2022-09-27T21:36:53+00:00","dateModified":"2024-09-16T14:02:55+00:00","description":"Conjunto de 5 telas impressas de One Piece com Luffy, Zoro, Usopp, Nami e Sanji - Alt\u00edssima qualidade para crian\u00e7as: F\u00e3s de piratas, este conjunto de 5 telas impressas \u00e9 para voc\u00eas!","breadcrumb":{"@id":"https:\/\/boutique-one-piece.com\/decorations-one-piece\/tableau-one-piece-nakama-2\/#breadcrumb"},"inLanguage":"pt-PT","potentialAction":[{"@type":"ReadAction","target":["https:\/\/boutique-one-piece.com\/decorations-one-piece\/tableau-one-piece-nakama-2\/"]}]},{"@type":"ImageObject","inLanguage":"pt-PT","@id":"https:\/\/boutique-one-piece.com\/decorations-one-piece\/tableau-one-piece-nakama-2\/#primaryimage","url":"https:\/\/boutique-one-piece.com\/wp-content\/uploads\/2022\/09\/Tableau-One-Piece-Nakama-Enfants.jpg","contentUrl":"https:\/\/boutique-one-piece.com\/wp-content\/uploads\/2022\/09\/Tableau-One-Piece-Nakama-Enfants.jpg","width":600,"height":600,"caption":"Tableau One Piece Nakama Enfants XL Avec Cadre"},{"@type":"BreadcrumbList","@id":"https:\/\/boutique-one-piece.com\/decorations-one-piece\/tableau-one-piece-nakama-2\/#breadcrumb","itemListElement":[{"@type":"ListItem","position":1,"name":"Home","item":"https:\/\/boutique-one-piece.com\/"},{"@type":"ListItem","position":2,"name":"Shop","item":"https:\/\/boutique-one-piece.com\/shop\/"},{"@type":"ListItem","position":3,"name":"Tableau One Piece Nakama Enfants"}]},{"@type":"WebSite","@id":"https:\/\/boutique-one-piece.com\/#website","url":"https:\/\/boutique-one-piece.com\/","name":"Loja One Piece","description":"Loja especializada em mang\u00e1 e anime de One Piece.","publisher":{"@id":"https:\/\/boutique-one-piece.com\/#organization"},"potentialAction":[{"@type":"SearchAction","target":{"@type":"EntryPoint","urlTemplate":"https:\/\/boutique-one-piece.com\/?s={search_term_string}"},"query-input":{"@type":"PropertyValueSpecification","valueRequired":true,"valueName":"search_term_string"}}],"inLanguage":"pt-PT"},{"@type":"Organization","@id":"https:\/\/boutique-one-piece.com\/#organization","name":"Loja One Piece","url":"https:\/\/boutique-one-piece.com\/","logo":{"@type":"ImageObject","inLanguage":"pt-PT","@id":"https:\/\/boutique-one-piece.com\/#\/schema\/logo\/image\/","url":"https:\/\/boutique-one-piece.com\/wp-content\/uploads\/2022\/09\/Logo-01.png","contentUrl":"https:\/\/boutique-one-piece.com\/wp-content\/uploads\/2022\/09\/Logo-01.png","width":2318,"height":957,"caption":"Boutique One Piece"},"image":{"@id":"https:\/\/boutique-one-piece.com\/#\/schema\/logo\/image\/"}}]}},"_links":{"self":[{"href":"https:\/\/boutique-one-piece.com\/pt\/wp-json\/wp\/v2\/product\/15196","targetHints":{"allow":["GET"]}}],"collection":[{"href":"https:\/\/boutique-one-piece.com\/pt\/wp-json\/wp\/v2\/product"}],"about":[{"href":"https:\/\/boutique-one-piece.com\/pt\/wp-json\/wp\/v2\/types\/product"}],"replies":[{"embeddable":true,"href":"https:\/\/boutique-one-piece.com\/pt\/wp-json\/wp\/v2\/comments?post=15196"}],"wp:featuredmedia":[{"embeddable":true,"href":"https:\/\/boutique-one-piece.com\/pt\/wp-json\/wp\/v2\/media\/11206"}],"wp:attachment":[{"href":"https:\/\/boutique-one-piece.com\/pt\/wp-json\/wp\/v2\/media?parent=15196"}],"wp:term":[{"taxonomy":"product_brand","embeddable":true,"href":"https:\/\/boutique-one-piece.com\/pt\/wp-json\/wp\/v2\/product_brand?post=15196"},{"taxonomy":"product_cat","embeddable":true,"href":"https:\/\/boutique-one-piece.com\/pt\/wp-json\/wp\/v2\/product_cat?post=15196"},{"taxonomy":"product_tag","embeddable":true,"href":"https:\/\/boutique-one-piece.com\/pt\/wp-json\/wp\/v2\/product_tag?post=15196"}],"curies":[{"name":"wp","href":"https:\/\/api.w.org\/{rel}","templated":true}]}}