{"id":15215,"date":"2022-09-27T21:37:02","date_gmt":"2022-09-27T21:37:02","guid":{"rendered":"https:\/\/boutique-one-piece.com\/uncategorized\/figurine-one-piece-dead-or-alive-mugiwara-no-luffy-et-sa-cicatrice-2\/"},"modified":"2024-09-16T14:03:17","modified_gmt":"2024-09-16T14:03:17","slug":"figura-de-acao-de-one-piece-dead-or-alive-mugiwara-no-luffy-e-sua-cicatriz-2","status":"publish","type":"product","link":"https:\/\/boutique-one-piece.com\/pt\/figuras-de-acao-de-one-piece\/estatuetas-do-monkey-d-luffy\/figura-de-acao-de-one-piece-dead-or-alive-mugiwara-no-luffy-e-sua-cicatriz-2\/","title":{"rendered":"Figura de a\u00e7\u00e3o de One Piece: Dead or Alive - Mugiwara no Luffy e sua cicatriz"},"content":{"rendered":"<h2>Jovem pirata, chegou a hora de voc\u00ea adquirir esta figura do Mugiwara no Luffy de One Piece Dead or Alive com sua cicatriz.<\/h2>\n<p>Pour rappel, lors de l\u2019\u00e9pisode 320, le Gouvernement mondial a mis sur la t\u00eate de l\u2019\u00e9quipage du Chapeau de Paille des primes. Le total de cette prime s\u2019\u00e9l\u00e8ve \u00e0 600 000 050 Berrys. Celle de <strong>Macaco D. Luffy<\/strong> s\u2019\u00e9l\u00e8ve \u00e0 300 000 000 Berrys. Concernant les cicatrices de Monkey D Luffy, voici ce que tu dois savoir ;<strong> Luffy tem duas cicatrizes.<\/strong> : une sous l\u2019\u0153il gauche, qu\u2019il s\u2019est donn\u00e9 \u00e0 lui-m\u00eame avec un couteau en essayant de prouver son courage \u00e0 Shanks et \u00e0 son \u00e9quipe lorsqu\u2019il \u00e9tait enfant et une sur le torse, qui r\u00e9sulte d\u2019un combat avec l\u2019amiral Akainu.<\/p>\n<p>En effet, cet Amiral a transperc\u00e9 Jinbe et Luffy d\u2019un poing de magma, dont une grande partie a heureusement \u00e9t\u00e9 prise par Jinbe. Apr\u00e8s cette attaque, Luffy a \u00e9t\u00e9 gravement bless\u00e9 par Akainu, lui laissant une \u00e9norme cicatrice en forme de X sur la poitrine. D\u2019ailleurs, tu peux agrandir ta collection de figurine avec <a title=\"Figura do Zoro de One Piece Dead or Alive - Novo Mundo\" href=\"https:\/\/boutique-one-piece.fr\/products\/figurine-one-piece-dead-or-alive-%20zoro-nouveau-monde\" target=\"_blank\" rel=\"noopener\">aquela estatueta do Zoro e seu pre\u00e7o.<\/a>.<\/p>\n<h3>Alors, conquis par la figurine \u00ab\u00a0Dead or Alive\u00a0\u00bb de Monkey D Luffy ? Si tel est le cas, n\u2019h\u00e9site plus et rejoins l\u2019\u00e9quipage de Mugiwara No Luffy.<\/h3>\n<p>Seja voc\u00ea um f\u00e3 incondicional ou um colecionador experiente, estes itens s\u00e3o definitivamente para voc\u00ea. Perfeitos para presentear, decorar ou colecionar, eles ir\u00e3o enriquecer sua cole\u00e7\u00e3o. <strong>seu universo de One Piece<\/strong>. Assuma o controle do seu destino. <strong>jovem pirata<\/strong>, le moment est venu pour toi d\u2019embarquer au sein du Thousand Sunny. Bien des aventures t\u2019y attendent.<\/p>\n<h2>Informa\u00e7\u00f5es sobre a figura de a\u00e7\u00e3o de Luffy, o Ladr\u00e3o de Chap\u00e9us Vivo, e sua cicatriz.\u00a0<\/h2>\n<ul>\n<li><span><b><u>Figura de a\u00e7\u00e3o de One Piece<\/u><\/b>\u00a0: Figurine\u00a0 premium de l\u2019univers One Piece pour les vrais pirates<\/span><\/li>\n<\/ul>\n<ul>\n<li>\n<b>Mat\u00e9ria<\/b><span>\u00a0<\/span>PVC<\/li>\n<\/ul>\n<ul>\n<li><span><strong>Dimens\u00e3o<\/strong>\u00a0: 12 cm<\/span><\/li>\n<\/ul>\n<ul>\n<li><span><strong>ENTREGA GR\u00c1TIS<\/strong><\/span><\/li>\n<\/ul>","protected":false},"excerpt":{"rendered":"<p>Jeune pirate, le moment est venu pour toi de te procurer cette Figurine One Piece Dead or Alive Mugiwara No Luffy Et Sa Cicatrice. Pour rappel, lors de l\u2019\u00e9pisode 320, le Gouvernement mondial a mis sur la t\u00eate de l\u2019\u00e9quipage du Chapeau de Paille des primes. Le total de cette prime s\u2019\u00e9l\u00e8ve \u00e0 600 000 [&hellip;]<\/p>","protected":false},"featured_media":12540,"comment_status":"open","ping_status":"open","template":"","meta":[],"product_brand":[],"product_cat":[181],"product_tag":[92],"class_list":{"0":"post-15215","1":"product","2":"type-product","3":"status-publish","4":"has-post-thumbnail","6":"product_cat-figurines-monkey-d-luffy","7":"product_tag-luffy","9":"first","10":"instock","11":"purchasable","12":"product-type-simple"},"yoast_head":"<!-- This site is optimized with the Yoast SEO plugin v27.5 - https:\/\/yoast.com\/product\/yoast-seo-wordpress\/ -->\n<title>Figurine One Piece Dead or Alive Mugiwara No Luffy Et Sa Cicatrice | Figurine One Piece \u2013 Boutique One Piece<\/title>\n<meta name=\"description\" content=\"Jeune pirate, le moment est venu pour toi de te procurer cette Figurine One Piece Dead or Alive Mugiwara No Luffy Et Sa Cicatrice. Pour rappel, lors de l&#039;\u00e9pisode 320, le Gouvernement mondial a mis sur la t\u00eate de l&#039;\u00e9quipage du Chapeau de Paille des primes. Le total de cette prime s&#039;\u00e9l\u00e8ve \u00e0 600 000 050 Berrys. Celle de M\" \/>\n<meta name=\"robots\" content=\"index, follow, max-snippet:-1, max-image-preview:large, max-video-preview:-1\" \/>\n<link rel=\"canonical\" href=\"https:\/\/boutique-one-piece.com\/pt\/figuras-de-acao-de-one-piece\/estatuetas-do-monkey-d-luffy\/figura-de-acao-de-one-piece-dead-or-alive-mugiwara-no-luffy-e-sua-cicatriz-2\/\" \/>\n<meta property=\"og:locale\" content=\"pt_PT\" \/>\n<meta property=\"og:type\" content=\"article\" \/>\n<meta property=\"og:title\" content=\"Figurine One Piece Dead or Alive Mugiwara No Luffy Et Sa Cicatrice | Figurine One Piece \u2013 Boutique One Piece\" \/>\n<meta property=\"og:description\" content=\"Jeune pirate, le moment est venu pour toi de te procurer cette Figurine One Piece Dead or Alive Mugiwara No Luffy Et Sa Cicatrice. Pour rappel, lors de l&#039;\u00e9pisode 320, le Gouvernement mondial a mis sur la t\u00eate de l&#039;\u00e9quipage du Chapeau de Paille des primes. Le total de cette prime s&#039;\u00e9l\u00e8ve \u00e0 600 000 050 Berrys. Celle de M\" \/>\n<meta property=\"og:url\" content=\"https:\/\/boutique-one-piece.com\/pt\/figuras-de-acao-de-one-piece\/estatuetas-do-monkey-d-luffy\/figura-de-acao-de-one-piece-dead-or-alive-mugiwara-no-luffy-e-sua-cicatriz-2\/\" \/>\n<meta property=\"og:site_name\" content=\"Boutique One Piece\" \/>\n<meta property=\"article:modified_time\" content=\"2024-09-16T14:03:17+00:00\" \/>\n<meta property=\"og:image\" content=\"https:\/\/boutique-one-piece.com\/wp-content\/uploads\/2022\/09\/Figurine-One-Piece-Dead-or-Alive-Mugiwara-No-Luffy-Et-Sa-Cicatrice.jpg\" \/>\n\t<meta property=\"og:image:width\" content=\"640\" \/>\n\t<meta property=\"og:image:height\" content=\"640\" \/>\n\t<meta property=\"og:image:type\" content=\"image\/jpeg\" \/>\n<meta name=\"twitter:card\" content=\"summary_large_image\" \/>\n<meta name=\"twitter:label1\" content=\"Tempo estimado de leitura\" \/>\n\t<meta name=\"twitter:data1\" content=\"2 minutos\" \/>\n<script type=\"application\/ld+json\" class=\"yoast-schema-graph\">{\"@context\":\"https:\\\/\\\/schema.org\",\"@graph\":[{\"@type\":\"WebPage\",\"@id\":\"https:\\\/\\\/boutique-one-piece.com\\\/figurines-one-piece\\\/figurines-monkey-d-luffy\\\/figurine-one-piece-dead-or-alive-mugiwara-no-luffy-et-sa-cicatrice-2\\\/\",\"url\":\"https:\\\/\\\/boutique-one-piece.com\\\/figurines-one-piece\\\/figurines-monkey-d-luffy\\\/figurine-one-piece-dead-or-alive-mugiwara-no-luffy-et-sa-cicatrice-2\\\/\",\"name\":\"Figurine One Piece Dead or Alive Mugiwara No Luffy Et Sa Cicatrice | Figurine One Piece \u2013 Boutique One Piece\",\"isPartOf\":{\"@id\":\"https:\\\/\\\/boutique-one-piece.com\\\/#website\"},\"primaryImageOfPage\":{\"@id\":\"https:\\\/\\\/boutique-one-piece.com\\\/figurines-one-piece\\\/figurines-monkey-d-luffy\\\/figurine-one-piece-dead-or-alive-mugiwara-no-luffy-et-sa-cicatrice-2\\\/#primaryimage\"},\"image\":{\"@id\":\"https:\\\/\\\/boutique-one-piece.com\\\/figurines-one-piece\\\/figurines-monkey-d-luffy\\\/figurine-one-piece-dead-or-alive-mugiwara-no-luffy-et-sa-cicatrice-2\\\/#primaryimage\"},\"thumbnailUrl\":\"https:\\\/\\\/boutique-one-piece.com\\\/wp-content\\\/uploads\\\/2022\\\/09\\\/Figurine-One-Piece-Dead-or-Alive-Mugiwara-No-Luffy-Et-Sa-Cicatrice.jpg\",\"datePublished\":\"2022-09-27T21:37:02+00:00\",\"dateModified\":\"2024-09-16T14:03:17+00:00\",\"description\":\"Jeune pirate, le moment est venu pour toi de te procurer cette Figurine One Piece Dead or Alive Mugiwara No Luffy Et Sa Cicatrice. Pour rappel, lors de l'\u00e9pisode 320, le Gouvernement mondial a mis sur la t\u00eate de l'\u00e9quipage du Chapeau de Paille des primes. Le total de cette prime s'\u00e9l\u00e8ve \u00e0 600 000 050 Berrys. Celle de M\",\"breadcrumb\":{\"@id\":\"https:\\\/\\\/boutique-one-piece.com\\\/figurines-one-piece\\\/figurines-monkey-d-luffy\\\/figurine-one-piece-dead-or-alive-mugiwara-no-luffy-et-sa-cicatrice-2\\\/#breadcrumb\"},\"inLanguage\":\"pt-PT\",\"potentialAction\":[{\"@type\":\"ReadAction\",\"target\":[\"https:\\\/\\\/boutique-one-piece.com\\\/figurines-one-piece\\\/figurines-monkey-d-luffy\\\/figurine-one-piece-dead-or-alive-mugiwara-no-luffy-et-sa-cicatrice-2\\\/\"]}]},{\"@type\":\"ImageObject\",\"inLanguage\":\"pt-PT\",\"@id\":\"https:\\\/\\\/boutique-one-piece.com\\\/figurines-one-piece\\\/figurines-monkey-d-luffy\\\/figurine-one-piece-dead-or-alive-mugiwara-no-luffy-et-sa-cicatrice-2\\\/#primaryimage\",\"url\":\"https:\\\/\\\/boutique-one-piece.com\\\/wp-content\\\/uploads\\\/2022\\\/09\\\/Figurine-One-Piece-Dead-or-Alive-Mugiwara-No-Luffy-Et-Sa-Cicatrice.jpg\",\"contentUrl\":\"https:\\\/\\\/boutique-one-piece.com\\\/wp-content\\\/uploads\\\/2022\\\/09\\\/Figurine-One-Piece-Dead-or-Alive-Mugiwara-No-Luffy-Et-Sa-Cicatrice.jpg\",\"width\":640,\"height\":640,\"caption\":\"Figurine One Piece Dead or Alive Mugiwara No Luffy Et Sa Cicatrice Default Title\"},{\"@type\":\"BreadcrumbList\",\"@id\":\"https:\\\/\\\/boutique-one-piece.com\\\/figurines-one-piece\\\/figurines-monkey-d-luffy\\\/figurine-one-piece-dead-or-alive-mugiwara-no-luffy-et-sa-cicatrice-2\\\/#breadcrumb\",\"itemListElement\":[{\"@type\":\"ListItem\",\"position\":1,\"name\":\"Home\",\"item\":\"https:\\\/\\\/boutique-one-piece.com\\\/\"},{\"@type\":\"ListItem\",\"position\":2,\"name\":\"Shop\",\"item\":\"https:\\\/\\\/boutique-one-piece.com\\\/shop\\\/\"},{\"@type\":\"ListItem\",\"position\":3,\"name\":\"Figurine One Piece Dead or Alive Mugiwara No Luffy Et Sa Cicatrice\"}]},{\"@type\":\"WebSite\",\"@id\":\"https:\\\/\\\/boutique-one-piece.com\\\/#website\",\"url\":\"https:\\\/\\\/boutique-one-piece.com\\\/\",\"name\":\"Boutique One Piece\",\"description\":\"Magasin Sp\u00e9cialis\u00e9 du Manga et l&#039;Anime One Piece\",\"publisher\":{\"@id\":\"https:\\\/\\\/boutique-one-piece.com\\\/#organization\"},\"potentialAction\":[{\"@type\":\"SearchAction\",\"target\":{\"@type\":\"EntryPoint\",\"urlTemplate\":\"https:\\\/\\\/boutique-one-piece.com\\\/?s={search_term_string}\"},\"query-input\":{\"@type\":\"PropertyValueSpecification\",\"valueRequired\":true,\"valueName\":\"search_term_string\"}}],\"inLanguage\":\"pt-PT\"},{\"@type\":\"Organization\",\"@id\":\"https:\\\/\\\/boutique-one-piece.com\\\/#organization\",\"name\":\"Boutique One Piece\",\"url\":\"https:\\\/\\\/boutique-one-piece.com\\\/\",\"logo\":{\"@type\":\"ImageObject\",\"inLanguage\":\"pt-PT\",\"@id\":\"https:\\\/\\\/boutique-one-piece.com\\\/#\\\/schema\\\/logo\\\/image\\\/\",\"url\":\"https:\\\/\\\/boutique-one-piece.com\\\/wp-content\\\/uploads\\\/2022\\\/09\\\/Logo-01.png\",\"contentUrl\":\"https:\\\/\\\/boutique-one-piece.com\\\/wp-content\\\/uploads\\\/2022\\\/09\\\/Logo-01.png\",\"width\":2318,\"height\":957,\"caption\":\"Boutique One Piece\"},\"image\":{\"@id\":\"https:\\\/\\\/boutique-one-piece.com\\\/#\\\/schema\\\/logo\\\/image\\\/\"}}]}<\/script>\n<!-- \/ Yoast SEO plugin. -->","yoast_head_json":{"title":"Figura de a\u00e7\u00e3o de One Piece: Dead or Alive - Mugiwara no Luffy e sua cicatriz | Figura de One Piece \u2013 Loja One Piece","description":"Jovem pirata, chegou a hora de voc\u00ea colocar as m\u00e3os nesta figura do Luffy com sua cicatriz, inspirada em One Piece Dead or Alive. Lembrando que, no epis\u00f3dio 320, o Governo Mundial colocou recompensas pela cabe\u00e7a do bando do Chap\u00e9u de Palha. A recompensa total chega a 600.000.050 Berries. (A frase termina abruptamente, sem contexto suficiente para tradu\u00e7\u00e3o precisa.)","robots":{"index":"index","follow":"follow","max-snippet":"max-snippet:-1","max-image-preview":"max-image-preview:large","max-video-preview":"max-video-preview:-1"},"canonical":"https:\/\/boutique-one-piece.com\/pt\/figuras-de-acao-de-one-piece\/estatuetas-do-monkey-d-luffy\/figura-de-acao-de-one-piece-dead-or-alive-mugiwara-no-luffy-e-sua-cicatriz-2\/","og_locale":"pt_PT","og_type":"article","og_title":"Figurine One Piece Dead or Alive Mugiwara No Luffy Et Sa Cicatrice | Figurine One Piece \u2013 Boutique One Piece","og_description":"Jeune pirate, le moment est venu pour toi de te procurer cette Figurine One Piece Dead or Alive Mugiwara No Luffy Et Sa Cicatrice. Pour rappel, lors de l'\u00e9pisode 320, le Gouvernement mondial a mis sur la t\u00eate de l'\u00e9quipage du Chapeau de Paille des primes. Le total de cette prime s'\u00e9l\u00e8ve \u00e0 600 000 050 Berrys. Celle de M","og_url":"https:\/\/boutique-one-piece.com\/pt\/figuras-de-acao-de-one-piece\/estatuetas-do-monkey-d-luffy\/figura-de-acao-de-one-piece-dead-or-alive-mugiwara-no-luffy-e-sua-cicatriz-2\/","og_site_name":"Boutique One Piece","article_modified_time":"2024-09-16T14:03:17+00:00","og_image":[{"width":640,"height":640,"url":"https:\/\/boutique-one-piece.com\/wp-content\/uploads\/2022\/09\/Figurine-One-Piece-Dead-or-Alive-Mugiwara-No-Luffy-Et-Sa-Cicatrice.jpg","type":"image\/jpeg"}],"twitter_card":"summary_large_image","twitter_misc":{"Tempo estimado de leitura":"2 minutos"},"schema":{"@context":"https:\/\/schema.org","@graph":[{"@type":"WebPage","@id":"https:\/\/boutique-one-piece.com\/figurines-one-piece\/figurines-monkey-d-luffy\/figurine-one-piece-dead-or-alive-mugiwara-no-luffy-et-sa-cicatrice-2\/","url":"https:\/\/boutique-one-piece.com\/figurines-one-piece\/figurines-monkey-d-luffy\/figurine-one-piece-dead-or-alive-mugiwara-no-luffy-et-sa-cicatrice-2\/","name":"Figura de a\u00e7\u00e3o de One Piece: Dead or Alive - Mugiwara no Luffy e sua cicatriz | Figura de One Piece \u2013 Loja One Piece","isPartOf":{"@id":"https:\/\/boutique-one-piece.com\/#website"},"primaryImageOfPage":{"@id":"https:\/\/boutique-one-piece.com\/figurines-one-piece\/figurines-monkey-d-luffy\/figurine-one-piece-dead-or-alive-mugiwara-no-luffy-et-sa-cicatrice-2\/#primaryimage"},"image":{"@id":"https:\/\/boutique-one-piece.com\/figurines-one-piece\/figurines-monkey-d-luffy\/figurine-one-piece-dead-or-alive-mugiwara-no-luffy-et-sa-cicatrice-2\/#primaryimage"},"thumbnailUrl":"https:\/\/boutique-one-piece.com\/wp-content\/uploads\/2022\/09\/Figurine-One-Piece-Dead-or-Alive-Mugiwara-No-Luffy-Et-Sa-Cicatrice.jpg","datePublished":"2022-09-27T21:37:02+00:00","dateModified":"2024-09-16T14:03:17+00:00","description":"Jovem pirata, chegou a hora de voc\u00ea colocar as m\u00e3os nesta figura do Luffy com sua cicatriz, inspirada em One Piece Dead or Alive. Lembrando que, no epis\u00f3dio 320, o Governo Mundial colocou recompensas pela cabe\u00e7a do bando do Chap\u00e9u de Palha. A recompensa total chega a 600.000.050 Berries. (A frase termina abruptamente, sem contexto suficiente para tradu\u00e7\u00e3o precisa.)","breadcrumb":{"@id":"https:\/\/boutique-one-piece.com\/figurines-one-piece\/figurines-monkey-d-luffy\/figurine-one-piece-dead-or-alive-mugiwara-no-luffy-et-sa-cicatrice-2\/#breadcrumb"},"inLanguage":"pt-PT","potentialAction":[{"@type":"ReadAction","target":["https:\/\/boutique-one-piece.com\/figurines-one-piece\/figurines-monkey-d-luffy\/figurine-one-piece-dead-or-alive-mugiwara-no-luffy-et-sa-cicatrice-2\/"]}]},{"@type":"ImageObject","inLanguage":"pt-PT","@id":"https:\/\/boutique-one-piece.com\/figurines-one-piece\/figurines-monkey-d-luffy\/figurine-one-piece-dead-or-alive-mugiwara-no-luffy-et-sa-cicatrice-2\/#primaryimage","url":"https:\/\/boutique-one-piece.com\/wp-content\/uploads\/2022\/09\/Figurine-One-Piece-Dead-or-Alive-Mugiwara-No-Luffy-Et-Sa-Cicatrice.jpg","contentUrl":"https:\/\/boutique-one-piece.com\/wp-content\/uploads\/2022\/09\/Figurine-One-Piece-Dead-or-Alive-Mugiwara-No-Luffy-Et-Sa-Cicatrice.jpg","width":640,"height":640,"caption":"Figurine One Piece Dead or Alive Mugiwara No Luffy Et Sa Cicatrice Default Title"},{"@type":"BreadcrumbList","@id":"https:\/\/boutique-one-piece.com\/figurines-one-piece\/figurines-monkey-d-luffy\/figurine-one-piece-dead-or-alive-mugiwara-no-luffy-et-sa-cicatrice-2\/#breadcrumb","itemListElement":[{"@type":"ListItem","position":1,"name":"Home","item":"https:\/\/boutique-one-piece.com\/"},{"@type":"ListItem","position":2,"name":"Shop","item":"https:\/\/boutique-one-piece.com\/shop\/"},{"@type":"ListItem","position":3,"name":"Figurine One Piece Dead or Alive Mugiwara No Luffy Et Sa Cicatrice"}]},{"@type":"WebSite","@id":"https:\/\/boutique-one-piece.com\/#website","url":"https:\/\/boutique-one-piece.com\/","name":"Loja One Piece","description":"Loja especializada em mang\u00e1 e anime de One Piece.","publisher":{"@id":"https:\/\/boutique-one-piece.com\/#organization"},"potentialAction":[{"@type":"SearchAction","target":{"@type":"EntryPoint","urlTemplate":"https:\/\/boutique-one-piece.com\/?s={search_term_string}"},"query-input":{"@type":"PropertyValueSpecification","valueRequired":true,"valueName":"search_term_string"}}],"inLanguage":"pt-PT"},{"@type":"Organization","@id":"https:\/\/boutique-one-piece.com\/#organization","name":"Loja One Piece","url":"https:\/\/boutique-one-piece.com\/","logo":{"@type":"ImageObject","inLanguage":"pt-PT","@id":"https:\/\/boutique-one-piece.com\/#\/schema\/logo\/image\/","url":"https:\/\/boutique-one-piece.com\/wp-content\/uploads\/2022\/09\/Logo-01.png","contentUrl":"https:\/\/boutique-one-piece.com\/wp-content\/uploads\/2022\/09\/Logo-01.png","width":2318,"height":957,"caption":"Boutique One Piece"},"image":{"@id":"https:\/\/boutique-one-piece.com\/#\/schema\/logo\/image\/"}}]}},"_links":{"self":[{"href":"https:\/\/boutique-one-piece.com\/pt\/wp-json\/wp\/v2\/product\/15215","targetHints":{"allow":["GET"]}}],"collection":[{"href":"https:\/\/boutique-one-piece.com\/pt\/wp-json\/wp\/v2\/product"}],"about":[{"href":"https:\/\/boutique-one-piece.com\/pt\/wp-json\/wp\/v2\/types\/product"}],"replies":[{"embeddable":true,"href":"https:\/\/boutique-one-piece.com\/pt\/wp-json\/wp\/v2\/comments?post=15215"}],"wp:featuredmedia":[{"embeddable":true,"href":"https:\/\/boutique-one-piece.com\/pt\/wp-json\/wp\/v2\/media\/12540"}],"wp:attachment":[{"href":"https:\/\/boutique-one-piece.com\/pt\/wp-json\/wp\/v2\/media?parent=15215"}],"wp:term":[{"taxonomy":"product_brand","embeddable":true,"href":"https:\/\/boutique-one-piece.com\/pt\/wp-json\/wp\/v2\/product_brand?post=15215"},{"taxonomy":"product_cat","embeddable":true,"href":"https:\/\/boutique-one-piece.com\/pt\/wp-json\/wp\/v2\/product_cat?post=15215"},{"taxonomy":"product_tag","embeddable":true,"href":"https:\/\/boutique-one-piece.com\/pt\/wp-json\/wp\/v2\/product_tag?post=15215"}],"curies":[{"name":"wp","href":"https:\/\/api.w.org\/{rel}","templated":true}]}}