{"id":15642,"date":"2022-09-27T21:39:51","date_gmt":"2022-09-27T21:39:51","guid":{"rendered":"https:\/\/boutique-one-piece.com\/uncategorized\/veste-one-piece-pavillon-des-chapeaux-de-paille-2\/"},"modified":"2026-03-04T16:48:57","modified_gmt":"2026-03-04T16:48:57","slug":"jaqueta-one-piece-do-pavilhao-2-do-chapeu-de-palha","status":"publish","type":"product","link":"https:\/\/boutique-one-piece.com\/pt\/roupas-de-uma-peca\/jaquetas-de-uma-peca\/jaqueta-one-piece-do-pavilhao-2-do-chapeu-de-palha\/","title":{"rendered":"Jaqueta do Pavilh\u00e3o do Chap\u00e9u de Palha de One Piece"},"content":{"rendered":"<h2>Informa\u00e7\u00f5es sobre a jaqueta:&nbsp;<\/h2>\n<ul>\n<li>&nbsp;<strong>Jaqueta com capuz de qualidade premium&nbsp;<\/strong>: tem um&nbsp;<strong>gramagem alta<\/strong>, com materiais de qualidade<\/li>\n<\/ul>\n<ul>\n<li>\n<strong>Muito confort\u00e1vel&nbsp;<\/strong>: com<span>&nbsp;<\/span>dele&nbsp;<strong>fibras<\/strong>&nbsp;de&nbsp;<strong>algod\u00e3o<\/strong>&nbsp;\u00f3timo&nbsp;<strong>macio<\/strong>, n\u00e3o h\u00e1&nbsp;<strong>atrito<\/strong><\/li>\n<\/ul>\n<ul>\n<li>\n<strong>impress\u00e3o digital 3D<\/strong>&nbsp;:&nbsp;<strong>jaqueta estampada<\/strong>&nbsp;com um design original,&nbsp;<strong>Impress\u00e3o em tela<\/strong><\/li>\n<\/ul>\n<ul>\n<li>\n<strong>Algod\u00e3o org\u00e2nico&nbsp;<\/strong>: algod\u00e3o de qualidade com&nbsp;<strong>fibras extra longas<\/strong><\/li>\n<\/ul>\n<ul>\n<li>\n<strong>Entrega gr\u00e1tis&nbsp;<\/strong>para qualquer compra<\/li>\n<\/ul>","protected":false},"excerpt":{"rendered":"<p>Informa\u00e7\u00f5es sobre a jaqueta: Jaqueta com capuz premium: tecido de alta qualidade e gramatura. Muito confort\u00e1vel: fibras de algod\u00e3o supermacias que evitam irrita\u00e7\u00f5es. Estampa digital 3D: jaqueta estampada com um design original. Estampa em tela. Algod\u00e3o org\u00e2nico: algod\u00e3o de alta qualidade com fibras extralongas. Frete gr\u00e1tis para todas as compras.<\/p>","protected":false},"featured_media":10868,"comment_status":"open","ping_status":"open","template":"","meta":[],"product_brand":[],"product_cat":[183],"product_tag":[],"class_list":{"0":"post-15642","1":"product","2":"type-product","3":"status-publish","4":"has-post-thumbnail","6":"product_cat-vestes-one-piece","8":"first","9":"outofstock","10":"purchasable","11":"product-type-variable"},"yoast_head":"<!-- This site is optimized with the Yoast SEO plugin v27.5 - https:\/\/yoast.com\/product\/yoast-seo-wordpress\/ -->\n<title>Veste One Piece Pavillon des Chapeaux de Paille | Veste One Piece<\/title>\n<meta name=\"description\" content=\"Informations sur la Veste :\u00a0 \u00a0Veste \u00e0 capuche\u00a0de qualit\u00e9 sup\u00e9rieure\u00a0:\u00a0poss\u00e8de un\u00a0grammage \u00e9lev\u00e9, avec des mat\u00e9riaux de qualit\u00e9s Tr\u00e8s confortable\u00a0: avec\u00a0ses\u00a0fibres\u00a0de\u00a0coton\u00a0super\u00a0doux, il n&#039;y a pas\u00a0de\u00a0frottements Impression digitale 3D\u00a0:\u00a0veste\u00a0imprim\u00e9e\u00a0avec un design original,\u00a0Impression Canvas Coton\u00a0organique\u00a0: coton d\" \/>\n<meta name=\"robots\" content=\"index, follow, max-snippet:-1, max-image-preview:large, max-video-preview:-1\" \/>\n<link rel=\"canonical\" href=\"https:\/\/boutique-one-piece.com\/pt\/roupas-de-uma-peca\/jaquetas-de-uma-peca\/jaqueta-one-piece-do-pavilhao-2-do-chapeu-de-palha\/\" \/>\n<meta property=\"og:locale\" content=\"pt_PT\" \/>\n<meta property=\"og:type\" content=\"article\" \/>\n<meta property=\"og:title\" content=\"Veste One Piece Pavillon des Chapeaux de Paille | Veste One Piece\" \/>\n<meta property=\"og:description\" content=\"Informations sur la Veste :\u00a0 \u00a0Veste \u00e0 capuche\u00a0de qualit\u00e9 sup\u00e9rieure\u00a0:\u00a0poss\u00e8de un\u00a0grammage \u00e9lev\u00e9, avec des mat\u00e9riaux de qualit\u00e9s Tr\u00e8s confortable\u00a0: avec\u00a0ses\u00a0fibres\u00a0de\u00a0coton\u00a0super\u00a0doux, il n&#039;y a pas\u00a0de\u00a0frottements Impression digitale 3D\u00a0:\u00a0veste\u00a0imprim\u00e9e\u00a0avec un design original,\u00a0Impression Canvas Coton\u00a0organique\u00a0: coton d\" \/>\n<meta property=\"og:url\" content=\"https:\/\/boutique-one-piece.com\/pt\/roupas-de-uma-peca\/jaquetas-de-uma-peca\/jaqueta-one-piece-do-pavilhao-2-do-chapeu-de-palha\/\" \/>\n<meta property=\"og:site_name\" content=\"Boutique One Piece\" \/>\n<meta property=\"article:modified_time\" content=\"2026-03-04T16:48:57+00:00\" \/>\n<meta property=\"og:image\" content=\"https:\/\/boutique-one-piece.com\/wp-content\/uploads\/2022\/09\/Veste-One-Piece-Pavillon-des-Chapeaux-de-Paille.jpg\" \/>\n\t<meta property=\"og:image:width\" content=\"640\" \/>\n\t<meta property=\"og:image:height\" content=\"640\" \/>\n\t<meta property=\"og:image:type\" content=\"image\/jpeg\" \/>\n<meta name=\"twitter:card\" content=\"summary_large_image\" \/>\n<meta name=\"twitter:label1\" content=\"Tempo estimado de leitura\" \/>\n\t<meta name=\"twitter:data1\" content=\"1 minuto\" \/>\n<script type=\"application\/ld+json\" class=\"yoast-schema-graph\">{\"@context\":\"https:\\\/\\\/schema.org\",\"@graph\":[{\"@type\":\"WebPage\",\"@id\":\"https:\\\/\\\/boutique-one-piece.com\\\/vetements-one-piece\\\/vestes-one-piece\\\/veste-one-piece-pavillon-des-chapeaux-de-paille-2\\\/\",\"url\":\"https:\\\/\\\/boutique-one-piece.com\\\/vetements-one-piece\\\/vestes-one-piece\\\/veste-one-piece-pavillon-des-chapeaux-de-paille-2\\\/\",\"name\":\"Veste One Piece Pavillon des Chapeaux de Paille | Veste One Piece\",\"isPartOf\":{\"@id\":\"https:\\\/\\\/boutique-one-piece.com\\\/#website\"},\"primaryImageOfPage\":{\"@id\":\"https:\\\/\\\/boutique-one-piece.com\\\/vetements-one-piece\\\/vestes-one-piece\\\/veste-one-piece-pavillon-des-chapeaux-de-paille-2\\\/#primaryimage\"},\"image\":{\"@id\":\"https:\\\/\\\/boutique-one-piece.com\\\/vetements-one-piece\\\/vestes-one-piece\\\/veste-one-piece-pavillon-des-chapeaux-de-paille-2\\\/#primaryimage\"},\"thumbnailUrl\":\"https:\\\/\\\/boutique-one-piece.com\\\/wp-content\\\/uploads\\\/2022\\\/09\\\/Veste-One-Piece-Pavillon-des-Chapeaux-de-Paille.jpg\",\"datePublished\":\"2022-09-27T21:39:51+00:00\",\"dateModified\":\"2026-03-04T16:48:57+00:00\",\"description\":\"Informations sur la Veste :\u00a0 \u00a0Veste \u00e0 capuche\u00a0de qualit\u00e9 sup\u00e9rieure\u00a0:\u00a0poss\u00e8de un\u00a0grammage \u00e9lev\u00e9, avec des mat\u00e9riaux de qualit\u00e9s Tr\u00e8s confortable\u00a0: avec\u00a0ses\u00a0fibres\u00a0de\u00a0coton\u00a0super\u00a0doux, il n'y a pas\u00a0de\u00a0frottements Impression digitale 3D\u00a0:\u00a0veste\u00a0imprim\u00e9e\u00a0avec un design original,\u00a0Impression Canvas Coton\u00a0organique\u00a0: coton d\",\"breadcrumb\":{\"@id\":\"https:\\\/\\\/boutique-one-piece.com\\\/vetements-one-piece\\\/vestes-one-piece\\\/veste-one-piece-pavillon-des-chapeaux-de-paille-2\\\/#breadcrumb\"},\"inLanguage\":\"pt-PT\",\"potentialAction\":[{\"@type\":\"ReadAction\",\"target\":[\"https:\\\/\\\/boutique-one-piece.com\\\/vetements-one-piece\\\/vestes-one-piece\\\/veste-one-piece-pavillon-des-chapeaux-de-paille-2\\\/\"]}]},{\"@type\":\"ImageObject\",\"inLanguage\":\"pt-PT\",\"@id\":\"https:\\\/\\\/boutique-one-piece.com\\\/vetements-one-piece\\\/vestes-one-piece\\\/veste-one-piece-pavillon-des-chapeaux-de-paille-2\\\/#primaryimage\",\"url\":\"https:\\\/\\\/boutique-one-piece.com\\\/wp-content\\\/uploads\\\/2022\\\/09\\\/Veste-One-Piece-Pavillon-des-Chapeaux-de-Paille.jpg\",\"contentUrl\":\"https:\\\/\\\/boutique-one-piece.com\\\/wp-content\\\/uploads\\\/2022\\\/09\\\/Veste-One-Piece-Pavillon-des-Chapeaux-de-Paille.jpg\",\"width\":640,\"height\":640,\"caption\":\"Veste One Piece Pavillon des Chapeaux de Paille Noire 5XL\"},{\"@type\":\"BreadcrumbList\",\"@id\":\"https:\\\/\\\/boutique-one-piece.com\\\/vetements-one-piece\\\/vestes-one-piece\\\/veste-one-piece-pavillon-des-chapeaux-de-paille-2\\\/#breadcrumb\",\"itemListElement\":[{\"@type\":\"ListItem\",\"position\":1,\"name\":\"Home\",\"item\":\"https:\\\/\\\/boutique-one-piece.com\\\/\"},{\"@type\":\"ListItem\",\"position\":2,\"name\":\"Shop\",\"item\":\"https:\\\/\\\/boutique-one-piece.com\\\/shop\\\/\"},{\"@type\":\"ListItem\",\"position\":3,\"name\":\"Veste One Piece Pavillon des Chapeaux de Paille\"}]},{\"@type\":\"WebSite\",\"@id\":\"https:\\\/\\\/boutique-one-piece.com\\\/#website\",\"url\":\"https:\\\/\\\/boutique-one-piece.com\\\/\",\"name\":\"Boutique One Piece\",\"description\":\"Magasin Sp\u00e9cialis\u00e9 du Manga et l&#039;Anime One Piece\",\"publisher\":{\"@id\":\"https:\\\/\\\/boutique-one-piece.com\\\/#organization\"},\"potentialAction\":[{\"@type\":\"SearchAction\",\"target\":{\"@type\":\"EntryPoint\",\"urlTemplate\":\"https:\\\/\\\/boutique-one-piece.com\\\/?s={search_term_string}\"},\"query-input\":{\"@type\":\"PropertyValueSpecification\",\"valueRequired\":true,\"valueName\":\"search_term_string\"}}],\"inLanguage\":\"pt-PT\"},{\"@type\":\"Organization\",\"@id\":\"https:\\\/\\\/boutique-one-piece.com\\\/#organization\",\"name\":\"Boutique One Piece\",\"url\":\"https:\\\/\\\/boutique-one-piece.com\\\/\",\"logo\":{\"@type\":\"ImageObject\",\"inLanguage\":\"pt-PT\",\"@id\":\"https:\\\/\\\/boutique-one-piece.com\\\/#\\\/schema\\\/logo\\\/image\\\/\",\"url\":\"https:\\\/\\\/boutique-one-piece.com\\\/wp-content\\\/uploads\\\/2022\\\/09\\\/Logo-01.png\",\"contentUrl\":\"https:\\\/\\\/boutique-one-piece.com\\\/wp-content\\\/uploads\\\/2022\\\/09\\\/Logo-01.png\",\"width\":2318,\"height\":957,\"caption\":\"Boutique One Piece\"},\"image\":{\"@id\":\"https:\\\/\\\/boutique-one-piece.com\\\/#\\\/schema\\\/logo\\\/image\\\/\"}}]}<\/script>\n<!-- \/ Yoast SEO plugin. -->","yoast_head_json":{"title":"Jaqueta do Pavilh\u00e3o do Chap\u00e9u de Palha de One Piece | Jaqueta de One Piece","description":"Informa\u00e7\u00f5es sobre a jaqueta: Jaqueta com capuz premium: possui um peso elevado, com materiais de alta qualidade. Muito confort\u00e1vel: com suas fibras de algod\u00e3o supermacias, n\u00e3o causa irrita\u00e7\u00e3o. Estampa digital 3D: jaqueta estampada com um design original, impress\u00e3o em tela. Algod\u00e3o org\u00e2nico: algod\u00e3o de","robots":{"index":"index","follow":"follow","max-snippet":"max-snippet:-1","max-image-preview":"max-image-preview:large","max-video-preview":"max-video-preview:-1"},"canonical":"https:\/\/boutique-one-piece.com\/pt\/roupas-de-uma-peca\/jaquetas-de-uma-peca\/jaqueta-one-piece-do-pavilhao-2-do-chapeu-de-palha\/","og_locale":"pt_PT","og_type":"article","og_title":"Veste One Piece Pavillon des Chapeaux de Paille | Veste One Piece","og_description":"Informations sur la Veste :\u00a0 \u00a0Veste \u00e0 capuche\u00a0de qualit\u00e9 sup\u00e9rieure\u00a0:\u00a0poss\u00e8de un\u00a0grammage \u00e9lev\u00e9, avec des mat\u00e9riaux de qualit\u00e9s Tr\u00e8s confortable\u00a0: avec\u00a0ses\u00a0fibres\u00a0de\u00a0coton\u00a0super\u00a0doux, il n'y a pas\u00a0de\u00a0frottements Impression digitale 3D\u00a0:\u00a0veste\u00a0imprim\u00e9e\u00a0avec un design original,\u00a0Impression Canvas Coton\u00a0organique\u00a0: coton d","og_url":"https:\/\/boutique-one-piece.com\/pt\/roupas-de-uma-peca\/jaquetas-de-uma-peca\/jaqueta-one-piece-do-pavilhao-2-do-chapeu-de-palha\/","og_site_name":"Boutique One Piece","article_modified_time":"2026-03-04T16:48:57+00:00","og_image":[{"width":640,"height":640,"url":"https:\/\/boutique-one-piece.com\/wp-content\/uploads\/2022\/09\/Veste-One-Piece-Pavillon-des-Chapeaux-de-Paille.jpg","type":"image\/jpeg"}],"twitter_card":"summary_large_image","twitter_misc":{"Tempo estimado de leitura":"1 minuto"},"schema":{"@context":"https:\/\/schema.org","@graph":[{"@type":"WebPage","@id":"https:\/\/boutique-one-piece.com\/vetements-one-piece\/vestes-one-piece\/veste-one-piece-pavillon-des-chapeaux-de-paille-2\/","url":"https:\/\/boutique-one-piece.com\/vetements-one-piece\/vestes-one-piece\/veste-one-piece-pavillon-des-chapeaux-de-paille-2\/","name":"Jaqueta do Pavilh\u00e3o do Chap\u00e9u de Palha de One Piece | Jaqueta de One Piece","isPartOf":{"@id":"https:\/\/boutique-one-piece.com\/#website"},"primaryImageOfPage":{"@id":"https:\/\/boutique-one-piece.com\/vetements-one-piece\/vestes-one-piece\/veste-one-piece-pavillon-des-chapeaux-de-paille-2\/#primaryimage"},"image":{"@id":"https:\/\/boutique-one-piece.com\/vetements-one-piece\/vestes-one-piece\/veste-one-piece-pavillon-des-chapeaux-de-paille-2\/#primaryimage"},"thumbnailUrl":"https:\/\/boutique-one-piece.com\/wp-content\/uploads\/2022\/09\/Veste-One-Piece-Pavillon-des-Chapeaux-de-Paille.jpg","datePublished":"2022-09-27T21:39:51+00:00","dateModified":"2026-03-04T16:48:57+00:00","description":"Informa\u00e7\u00f5es sobre a jaqueta: Jaqueta com capuz premium: possui um peso elevado, com materiais de alta qualidade. Muito confort\u00e1vel: com suas fibras de algod\u00e3o supermacias, n\u00e3o causa irrita\u00e7\u00e3o. Estampa digital 3D: jaqueta estampada com um design original, impress\u00e3o em tela. Algod\u00e3o org\u00e2nico: algod\u00e3o de","breadcrumb":{"@id":"https:\/\/boutique-one-piece.com\/vetements-one-piece\/vestes-one-piece\/veste-one-piece-pavillon-des-chapeaux-de-paille-2\/#breadcrumb"},"inLanguage":"pt-PT","potentialAction":[{"@type":"ReadAction","target":["https:\/\/boutique-one-piece.com\/vetements-one-piece\/vestes-one-piece\/veste-one-piece-pavillon-des-chapeaux-de-paille-2\/"]}]},{"@type":"ImageObject","inLanguage":"pt-PT","@id":"https:\/\/boutique-one-piece.com\/vetements-one-piece\/vestes-one-piece\/veste-one-piece-pavillon-des-chapeaux-de-paille-2\/#primaryimage","url":"https:\/\/boutique-one-piece.com\/wp-content\/uploads\/2022\/09\/Veste-One-Piece-Pavillon-des-Chapeaux-de-Paille.jpg","contentUrl":"https:\/\/boutique-one-piece.com\/wp-content\/uploads\/2022\/09\/Veste-One-Piece-Pavillon-des-Chapeaux-de-Paille.jpg","width":640,"height":640,"caption":"Veste One Piece Pavillon des Chapeaux de Paille Noire 5XL"},{"@type":"BreadcrumbList","@id":"https:\/\/boutique-one-piece.com\/vetements-one-piece\/vestes-one-piece\/veste-one-piece-pavillon-des-chapeaux-de-paille-2\/#breadcrumb","itemListElement":[{"@type":"ListItem","position":1,"name":"Home","item":"https:\/\/boutique-one-piece.com\/"},{"@type":"ListItem","position":2,"name":"Shop","item":"https:\/\/boutique-one-piece.com\/shop\/"},{"@type":"ListItem","position":3,"name":"Veste One Piece Pavillon des Chapeaux de Paille"}]},{"@type":"WebSite","@id":"https:\/\/boutique-one-piece.com\/#website","url":"https:\/\/boutique-one-piece.com\/","name":"Loja One Piece","description":"Loja especializada em mang\u00e1 e anime de One Piece.","publisher":{"@id":"https:\/\/boutique-one-piece.com\/#organization"},"potentialAction":[{"@type":"SearchAction","target":{"@type":"EntryPoint","urlTemplate":"https:\/\/boutique-one-piece.com\/?s={search_term_string}"},"query-input":{"@type":"PropertyValueSpecification","valueRequired":true,"valueName":"search_term_string"}}],"inLanguage":"pt-PT"},{"@type":"Organization","@id":"https:\/\/boutique-one-piece.com\/#organization","name":"Loja One Piece","url":"https:\/\/boutique-one-piece.com\/","logo":{"@type":"ImageObject","inLanguage":"pt-PT","@id":"https:\/\/boutique-one-piece.com\/#\/schema\/logo\/image\/","url":"https:\/\/boutique-one-piece.com\/wp-content\/uploads\/2022\/09\/Logo-01.png","contentUrl":"https:\/\/boutique-one-piece.com\/wp-content\/uploads\/2022\/09\/Logo-01.png","width":2318,"height":957,"caption":"Boutique One Piece"},"image":{"@id":"https:\/\/boutique-one-piece.com\/#\/schema\/logo\/image\/"}}]}},"_links":{"self":[{"href":"https:\/\/boutique-one-piece.com\/pt\/wp-json\/wp\/v2\/product\/15642","targetHints":{"allow":["GET"]}}],"collection":[{"href":"https:\/\/boutique-one-piece.com\/pt\/wp-json\/wp\/v2\/product"}],"about":[{"href":"https:\/\/boutique-one-piece.com\/pt\/wp-json\/wp\/v2\/types\/product"}],"replies":[{"embeddable":true,"href":"https:\/\/boutique-one-piece.com\/pt\/wp-json\/wp\/v2\/comments?post=15642"}],"wp:featuredmedia":[{"embeddable":true,"href":"https:\/\/boutique-one-piece.com\/pt\/wp-json\/wp\/v2\/media\/10868"}],"wp:attachment":[{"href":"https:\/\/boutique-one-piece.com\/pt\/wp-json\/wp\/v2\/media?parent=15642"}],"wp:term":[{"taxonomy":"product_brand","embeddable":true,"href":"https:\/\/boutique-one-piece.com\/pt\/wp-json\/wp\/v2\/product_brand?post=15642"},{"taxonomy":"product_cat","embeddable":true,"href":"https:\/\/boutique-one-piece.com\/pt\/wp-json\/wp\/v2\/product_cat?post=15642"},{"taxonomy":"product_tag","embeddable":true,"href":"https:\/\/boutique-one-piece.com\/pt\/wp-json\/wp\/v2\/product_tag?post=15642"}],"curies":[{"name":"wp","href":"https:\/\/api.w.org\/{rel}","templated":true}]}}