{"id":16135,"date":"2022-09-27T21:42:48","date_gmt":"2022-09-27T21:42:48","guid":{"rendered":"https:\/\/boutique-one-piece.com\/uncategorized\/tableau-one-piece-supernova-manga-2\/"},"modified":"2024-09-16T15:23:29","modified_gmt":"2024-09-16T15:23:29","slug":"pintura-de-one-piece-supernova-manga-2","status":"publish","type":"product","link":"https:\/\/boutique-one-piece.com\/pt\/produtos-de-one-piece\/roronoa-zoro-guloseimas-de-uma-peca\/pintura-de-one-piece-supernova-manga-2\/","title":{"rendered":"Pintura do mang\u00e1 One Piece Supernova"},"content":{"rendered":"<h2>Quadro em tela de 5 pain\u00e9is de One Piece apresentando os membros da Pior Gera\u00e7\u00e3o. Uma tela de alta qualidade para um pirata como voc\u00ea!<\/h2>\n<p>Se voc\u00ea \u00e9 um&nbsp;<strong>pirata de verdade<\/strong>, Voc\u00ea vai apreciar o&nbsp;<strong>qualidade<\/strong>&nbsp;tela, tinta e uma moldura para eles&nbsp;<strong>desenhos&nbsp;<\/strong>E&nbsp;<strong>Impress\u00e3o em tela 3D<\/strong>&nbsp;disso&nbsp;<strong>Pintura de 5 pain\u00e9is de One Piece<\/strong>&nbsp;Mas, o mais importante, com este gr\u00e1fico, voc\u00ea far\u00e1 parte de&nbsp;<strong>a equipe de f\u00e3s<\/strong>&nbsp;de&nbsp;<strong>mang\u00e1 de piratas<\/strong>&nbsp;e voc\u00ea obter\u00e1:<\/p>\n<ul>\n<li>&nbsp;<strong>Admira\u00e7\u00e3o<\/strong>&nbsp;de todos os f\u00e3s de&nbsp;<strong>Mugiwara<\/strong>&nbsp;que voc\u00ea convidar\u00e1 para sua casa<\/li>\n<\/ul>\n<ul>\n<li>Um verdadeiro&nbsp;<strong>Gr\u00e1fico impresso de 5 pe\u00e7as<\/strong>&nbsp;com o qual voc\u00ea pode<strong>&nbsp;imaginar&nbsp;<\/strong>lutar com&nbsp;<b>Supernovas<\/b><\/li>\n<\/ul>\n<p>Ent\u00e3o, pronto para exibir o&nbsp;<strong>cores <\/strong>do <strong>Gera\u00e7\u00e3o Terr\u00edvel<\/strong>&nbsp;?<\/p>\n<h2>Voc\u00ea \u00e9 f\u00e3 do mang\u00e1 ou anime One Piece? Mostre seu apoio com este conjunto de 5 telas impressas de One Piece!<\/h2>\n<p>Se voc\u00ea&nbsp;<strong>ler<\/strong>&nbsp;ou onde quer que voc\u00ea olhe&nbsp;<strong>o anime&nbsp;<\/strong><strong>japon\u00eas<\/strong>, \u00c9 bem prov\u00e1vel que voc\u00ea tenha se tornado&nbsp;<strong>Sou louco por One Piece.<\/strong>&nbsp;Com isto!&nbsp;<strong>Pintura de mang\u00e1 Supernova em 5 pain\u00e9is<\/strong>, junte-se ao\u2019<strong>equipe de f\u00e3s da franquia<\/strong><\/p>\n<p>Esse&nbsp;<strong>pintura<\/strong>&nbsp;est\u00e1 dispon\u00edvel com um&nbsp;<strong>moldura de madeira<\/strong>&nbsp;a variante &quot;\u00ab\u00a0<strong>Com moldura<\/strong>\u00ab&quot;Tamb\u00e9m \u00e9 poss\u00edvel ter apenas o&nbsp;<strong>pano<\/strong>&nbsp;com a variante &quot;\u00ab\u00a0<strong>Sem moldura<\/strong>\u00abVoc\u00ea encontrar\u00e1 a tabela de tamanhos.&nbsp;<strong>Pequeno<\/strong>,<strong>&nbsp;M\u00c9DIA<\/strong>,<strong>&nbsp;Grande<\/strong>,<strong>&nbsp;XL<\/strong>, Vai servir para todos os tipos de piratas, mesmo que voc\u00ea n\u00e3o tenha&nbsp;<strong>espada<\/strong>&nbsp;ou&nbsp;<strong>fruta do diabo<\/strong>&nbsp;Voc\u00ea ainda pode pendur\u00e1-lo com orgulho em casa.<\/p>\n<p>O nome &quot;\u00ab\u00a0<strong>Supernova<\/strong>\u00ab&quot;, \u00e9 usado para o <strong>onze piratas<\/strong> do <strong>Gera\u00e7\u00e3o Terr\u00edvel<\/strong> chegaram ao mesmo tempo em <strong>o Arquip\u00e9lago Sabaody<\/strong>. Esses <strong>piratas<\/strong> ter um <strong>reputa\u00e7\u00e3o global<\/strong>,com um <strong>melhor<\/strong> que excede <strong>100 milh\u00f5es<\/strong>, eles s\u00e3o <strong>medos<\/strong> E <strong>respeitado<\/strong> no <strong>mares<\/strong><\/p>\n<h2>Informa\u00e7\u00f5es sobre a pintura:<\/h2>\n<ul>\n<li>\n<strong>Tela impressa de alta qualidade&nbsp;<\/strong>: tela de parede feita de <strong>algod\u00e3o<\/strong> e <strong>linho<\/strong>, para obter um <strong>pano<\/strong> digno do nome<\/li>\n<\/ul>\n<ul>\n<li>\n<strong>Pintura de design ultra<\/strong>&nbsp;A tabela de cinco partes oferece muitas possibilidades. <strong>estilo<\/strong> para um <strong>peda\u00e7o<\/strong>, Os f\u00e3s simplesmente adoram.<\/li>\n<\/ul>\n<ul style=\"font-weight: 400\">\n<li>\n<strong>Cor e Impress\u00e3o&nbsp;<\/strong>Pintura de One Piece com uma estampa <strong>Canva<\/strong> a refer\u00eancia em impress\u00e3o em tela<\/li>\n<\/ul>\n<ul style=\"font-weight: 400\">\n<li>\n<strong>Arte de parede leve<\/strong>&nbsp;: cen\u00e1rio excelente <strong>luz,<\/strong> Basta um <strong>unha<\/strong> ou do <strong>perna fixa<\/strong> para o <strong>manter<\/strong> No <strong>parede<\/strong><\/li>\n<\/ul>\n<ul style=\"font-weight: 400\">\n<li>\n<strong>Moldura de madeira<\/strong>&nbsp;: a variante &quot;\u00ab\u00a0<strong>Com moldura<\/strong>\u00a0\u00bb \u00e9 acompanhado por um <strong>moldura de madeira<\/strong> e a vers\u00e3o &quot;\u00ab\u00a0<strong>Sem moldura<\/strong>\u00a0\u00bb \u00e9 entregue <strong>sem a moldura de madeira<\/strong><\/li>\n<\/ul>\n<ul style=\"font-weight: 400\">\n<li>\n<strong>Entrega gr\u00e1tis&nbsp;<\/strong>para qualquer compra<strong>&nbsp;<\/strong><\/li>\n<\/ul>\n<h3>N\u00e3o se esque\u00e7a de consultar o guia de tamanhos abaixo.<\/h3>\n<h2>\n<strong style=\"font-size: 15px\">Pintura de 5 pe\u00e7as de One Piece<\/strong><span style=\"font-size: 15px\">,<\/span><strong style=\"font-size: 15px\"> <\/strong><span style=\"font-size: 15px\">Tamanho<\/span><strong style=\"font-size: 15px\"> <\/strong><span style=\"font-size: 15px\">: <\/span><strong style=\"font-size: 15px\">Pequeno<\/strong><\/h2>\n<p>&nbsp;<img decoding=\"async\" src=\"https:\/\/cdn.shopify.com\/s\/files\/1\/0087\/7556\/5348\/files\/guide_taille_tableau_one_piece_petit_boutique_one_piece_large.jpg?v=1560247451\" alt=\"Guia de Tamanhos do Conjunto One Piece de 5 Pe\u00e7as (Pequeno)\"><\/p>\n<p><strong>Pintura de 5 pe\u00e7as de One Piece<\/strong>, Tamanho<strong> <\/strong>:<strong> M\u00c9DIA<\/strong><\/p>\n<p>&nbsp;<img decoding=\"async\" src=\"https:\/\/cdn.shopify.com\/s\/files\/1\/0087\/7556\/5348\/files\/guide_taille_tableau_one_piece_moyen_boutique_one_piece_large.jpg?v=1560247519\" alt=\"Guia de tamanhos, pe\u00e7a \u00fanica, 5 pe\u00e7as, M\u00e9dio\"><\/p>\n<p><strong>Pintura de 5 pe\u00e7as de One Piece<\/strong>, Tamanho<strong> <\/strong>: <strong>Grande<\/strong><\/p>\n<p>&nbsp;<img decoding=\"async\" src=\"https:\/\/cdn.shopify.com\/s\/files\/1\/0087\/7556\/5348\/files\/guide_taille_tableau_one_piece_grand_boutique_one_piece_large.jpg?v=1560247582\" alt=\"Tabela de tamanhos de One Piece (tamanho grande)\"><\/p>\n<p><strong>Pintura de 5 pe\u00e7as de One Piece<\/strong>, Tamanho: <strong>XL<\/strong><\/p>\n<p><img decoding=\"async\" src=\"https:\/\/cdn.shopify.com\/s\/files\/1\/0087\/7556\/5348\/files\/guide_taille_tableau_one_piece_xl_boutique_one_piece_large.jpg?v=1560247610\" alt=\"Tabela de tamanhos XL do conjunto de 5 pe\u00e7as One Piece\"><\/p>","protected":false},"excerpt":{"rendered":"<p>Quadro em tela de 5 pain\u00e9is de One Piece com os membros da Pior Gera\u00e7\u00e3o: Uma impress\u00e3o de alta qualidade para um pirata como voc\u00ea! Se voc\u00ea \u00e9 um verdadeiro pirata, vai apreciar a qualidade da tela, da pintura e da moldura, bem como a impress\u00e3o em 3D deste quadro de 5 pain\u00e9is de One Piece! Mas o mais importante \u00e9 que, com esta impress\u00e3o, voc\u00ea far\u00e1 parte da tripula\u00e7\u00e3o de f\u00e3s do mang\u00e1...<\/p>","protected":false},"featured_media":19255,"comment_status":"open","ping_status":"open","template":"","meta":[],"product_brand":[],"product_cat":[151],"product_tag":[280,201,202,92,142,143,113],"class_list":{"0":"post-16135","1":"product","2":"type-product","3":"status-publish","4":"has-post-thumbnail","6":"product_cat-goodies-roronoa-zoro-one-piece","7":"product_tag-bepo","8":"product_tag-kid","9":"product_tag-law","10":"product_tag-luffy","11":"product_tag-tableau-5-pieces","12":"product_tag-toile","13":"product_tag-zoro","14":"pa_color-9105xx01","15":"pa_size-inch-size-1-no-framed","17":"first","18":"instock","19":"purchasable","20":"product-type-variable"},"yoast_head":"<!-- This site is optimized with the Yoast SEO plugin v27.5 - https:\/\/yoast.com\/product\/yoast-seo-wordpress\/ -->\n<title>Tableau Supernova Manga | Boutique One Piece<\/title>\n<meta name=\"description\" content=\"Tableau 5 Pi\u00e8ces One Piece avec Zoro, Luffy, Law et Kid de la G\u00e9n\u00e9ration Terrible Tr\u00e8s Haute Qualit\u00e9 Fan du Manga de Pirates ce Tableau 5 Panneaux est Pour Vous\" \/>\n<meta name=\"robots\" content=\"index, follow, max-snippet:-1, max-image-preview:large, max-video-preview:-1\" \/>\n<link rel=\"canonical\" href=\"https:\/\/boutique-one-piece.com\/pt\/produtos-de-one-piece\/roronoa-zoro-guloseimas-de-uma-peca\/pintura-de-one-piece-supernova-manga-2\/\" \/>\n<meta property=\"og:locale\" content=\"pt_PT\" \/>\n<meta property=\"og:type\" content=\"article\" \/>\n<meta property=\"og:title\" content=\"Tableau Supernova Manga | Boutique One Piece\" \/>\n<meta property=\"og:description\" content=\"Tableau 5 Pi\u00e8ces One Piece avec Zoro, Luffy, Law et Kid de la G\u00e9n\u00e9ration Terrible Tr\u00e8s Haute Qualit\u00e9 Fan du Manga de Pirates ce Tableau 5 Panneaux est Pour Vous\" \/>\n<meta property=\"og:url\" content=\"https:\/\/boutique-one-piece.com\/pt\/produtos-de-one-piece\/roronoa-zoro-guloseimas-de-uma-peca\/pintura-de-one-piece-supernova-manga-2\/\" \/>\n<meta property=\"og:site_name\" content=\"Boutique One Piece\" \/>\n<meta property=\"article:modified_time\" content=\"2024-09-16T15:23:29+00:00\" \/>\n<meta property=\"og:image\" content=\"https:\/\/boutique-one-piece.com\/wp-content\/uploads\/2022\/09\/Une-pi-ce-Anime-toile-peinture-mur-Art-d-cor-la-maison-pour-salon-5-pi.jpg_.jpg\" \/>\n\t<meta property=\"og:image:width\" content=\"850\" \/>\n\t<meta property=\"og:image:height\" content=\"850\" \/>\n\t<meta property=\"og:image:type\" content=\"image\/jpeg\" \/>\n<meta name=\"twitter:card\" content=\"summary_large_image\" \/>\n<meta name=\"twitter:label1\" content=\"Tempo estimado de leitura\" \/>\n\t<meta name=\"twitter:data1\" content=\"4 minutos\" \/>\n<script type=\"application\/ld+json\" class=\"yoast-schema-graph\">{\"@context\":\"https:\\\/\\\/schema.org\",\"@graph\":[{\"@type\":\"WebPage\",\"@id\":\"https:\\\/\\\/boutique-one-piece.com\\\/goodies-one-piece\\\/goodies-roronoa-zoro-one-piece\\\/tableau-one-piece-supernova-manga-2\\\/\",\"url\":\"https:\\\/\\\/boutique-one-piece.com\\\/goodies-one-piece\\\/goodies-roronoa-zoro-one-piece\\\/tableau-one-piece-supernova-manga-2\\\/\",\"name\":\"Tableau Supernova Manga | Boutique One Piece\",\"isPartOf\":{\"@id\":\"https:\\\/\\\/boutique-one-piece.com\\\/#website\"},\"primaryImageOfPage\":{\"@id\":\"https:\\\/\\\/boutique-one-piece.com\\\/goodies-one-piece\\\/goodies-roronoa-zoro-one-piece\\\/tableau-one-piece-supernova-manga-2\\\/#primaryimage\"},\"image\":{\"@id\":\"https:\\\/\\\/boutique-one-piece.com\\\/goodies-one-piece\\\/goodies-roronoa-zoro-one-piece\\\/tableau-one-piece-supernova-manga-2\\\/#primaryimage\"},\"thumbnailUrl\":\"https:\\\/\\\/boutique-one-piece.com\\\/wp-content\\\/uploads\\\/2022\\\/09\\\/Une-pi-ce-Anime-toile-peinture-mur-Art-d-cor-la-maison-pour-salon-5-pi.jpg_.jpg\",\"datePublished\":\"2022-09-27T21:42:48+00:00\",\"dateModified\":\"2024-09-16T15:23:29+00:00\",\"description\":\"Tableau 5 Pi\u00e8ces One Piece avec Zoro, Luffy, Law et Kid de la G\u00e9n\u00e9ration Terrible Tr\u00e8s Haute Qualit\u00e9 Fan du Manga de Pirates ce Tableau 5 Panneaux est Pour Vous\",\"breadcrumb\":{\"@id\":\"https:\\\/\\\/boutique-one-piece.com\\\/goodies-one-piece\\\/goodies-roronoa-zoro-one-piece\\\/tableau-one-piece-supernova-manga-2\\\/#breadcrumb\"},\"inLanguage\":\"pt-PT\",\"potentialAction\":[{\"@type\":\"ReadAction\",\"target\":[\"https:\\\/\\\/boutique-one-piece.com\\\/goodies-one-piece\\\/goodies-roronoa-zoro-one-piece\\\/tableau-one-piece-supernova-manga-2\\\/\"]}]},{\"@type\":\"ImageObject\",\"inLanguage\":\"pt-PT\",\"@id\":\"https:\\\/\\\/boutique-one-piece.com\\\/goodies-one-piece\\\/goodies-roronoa-zoro-one-piece\\\/tableau-one-piece-supernova-manga-2\\\/#primaryimage\",\"url\":\"https:\\\/\\\/boutique-one-piece.com\\\/wp-content\\\/uploads\\\/2022\\\/09\\\/Une-pi-ce-Anime-toile-peinture-mur-Art-d-cor-la-maison-pour-salon-5-pi.jpg_.jpg\",\"contentUrl\":\"https:\\\/\\\/boutique-one-piece.com\\\/wp-content\\\/uploads\\\/2022\\\/09\\\/Une-pi-ce-Anime-toile-peinture-mur-Art-d-cor-la-maison-pour-salon-5-pi.jpg_.jpg\",\"width\":850,\"height\":850},{\"@type\":\"BreadcrumbList\",\"@id\":\"https:\\\/\\\/boutique-one-piece.com\\\/goodies-one-piece\\\/goodies-roronoa-zoro-one-piece\\\/tableau-one-piece-supernova-manga-2\\\/#breadcrumb\",\"itemListElement\":[{\"@type\":\"ListItem\",\"position\":1,\"name\":\"Home\",\"item\":\"https:\\\/\\\/boutique-one-piece.com\\\/\"},{\"@type\":\"ListItem\",\"position\":2,\"name\":\"Shop\",\"item\":\"https:\\\/\\\/boutique-one-piece.com\\\/shop\\\/\"},{\"@type\":\"ListItem\",\"position\":3,\"name\":\"Tableau One Piece Supernova Manga\"}]},{\"@type\":\"WebSite\",\"@id\":\"https:\\\/\\\/boutique-one-piece.com\\\/#website\",\"url\":\"https:\\\/\\\/boutique-one-piece.com\\\/\",\"name\":\"Boutique One Piece\",\"description\":\"Magasin Sp\u00e9cialis\u00e9 du Manga et l&#039;Anime One Piece\",\"publisher\":{\"@id\":\"https:\\\/\\\/boutique-one-piece.com\\\/#organization\"},\"potentialAction\":[{\"@type\":\"SearchAction\",\"target\":{\"@type\":\"EntryPoint\",\"urlTemplate\":\"https:\\\/\\\/boutique-one-piece.com\\\/?s={search_term_string}\"},\"query-input\":{\"@type\":\"PropertyValueSpecification\",\"valueRequired\":true,\"valueName\":\"search_term_string\"}}],\"inLanguage\":\"pt-PT\"},{\"@type\":\"Organization\",\"@id\":\"https:\\\/\\\/boutique-one-piece.com\\\/#organization\",\"name\":\"Boutique One Piece\",\"url\":\"https:\\\/\\\/boutique-one-piece.com\\\/\",\"logo\":{\"@type\":\"ImageObject\",\"inLanguage\":\"pt-PT\",\"@id\":\"https:\\\/\\\/boutique-one-piece.com\\\/#\\\/schema\\\/logo\\\/image\\\/\",\"url\":\"https:\\\/\\\/boutique-one-piece.com\\\/wp-content\\\/uploads\\\/2022\\\/09\\\/Logo-01.png\",\"contentUrl\":\"https:\\\/\\\/boutique-one-piece.com\\\/wp-content\\\/uploads\\\/2022\\\/09\\\/Logo-01.png\",\"width\":2318,\"height\":957,\"caption\":\"Boutique One Piece\"},\"image\":{\"@id\":\"https:\\\/\\\/boutique-one-piece.com\\\/#\\\/schema\\\/logo\\\/image\\\/\"}}]}<\/script>\n<!-- \/ Yoast SEO plugin. -->","yoast_head_json":{"title":"Pintura de mang\u00e1 Supernova | Loja One Piece","description":"Conjunto de 5 telas impressas de One Piece com Zoro, Luffy, Law e Kid da Gera\u00e7\u00e3o Terr\u00edvel. Alt\u00edssima qualidade. Item indispens\u00e1vel para f\u00e3s do mang\u00e1 de piratas!","robots":{"index":"index","follow":"follow","max-snippet":"max-snippet:-1","max-image-preview":"max-image-preview:large","max-video-preview":"max-video-preview:-1"},"canonical":"https:\/\/boutique-one-piece.com\/pt\/produtos-de-one-piece\/roronoa-zoro-guloseimas-de-uma-peca\/pintura-de-one-piece-supernova-manga-2\/","og_locale":"pt_PT","og_type":"article","og_title":"Tableau Supernova Manga | Boutique One Piece","og_description":"Tableau 5 Pi\u00e8ces One Piece avec Zoro, Luffy, Law et Kid de la G\u00e9n\u00e9ration Terrible Tr\u00e8s Haute Qualit\u00e9 Fan du Manga de Pirates ce Tableau 5 Panneaux est Pour Vous","og_url":"https:\/\/boutique-one-piece.com\/pt\/produtos-de-one-piece\/roronoa-zoro-guloseimas-de-uma-peca\/pintura-de-one-piece-supernova-manga-2\/","og_site_name":"Boutique One Piece","article_modified_time":"2024-09-16T15:23:29+00:00","og_image":[{"width":850,"height":850,"url":"https:\/\/boutique-one-piece.com\/wp-content\/uploads\/2022\/09\/Une-pi-ce-Anime-toile-peinture-mur-Art-d-cor-la-maison-pour-salon-5-pi.jpg_.jpg","type":"image\/jpeg"}],"twitter_card":"summary_large_image","twitter_misc":{"Tempo estimado de leitura":"4 minutos"},"schema":{"@context":"https:\/\/schema.org","@graph":[{"@type":"WebPage","@id":"https:\/\/boutique-one-piece.com\/goodies-one-piece\/goodies-roronoa-zoro-one-piece\/tableau-one-piece-supernova-manga-2\/","url":"https:\/\/boutique-one-piece.com\/goodies-one-piece\/goodies-roronoa-zoro-one-piece\/tableau-one-piece-supernova-manga-2\/","name":"Pintura de mang\u00e1 Supernova | Loja One Piece","isPartOf":{"@id":"https:\/\/boutique-one-piece.com\/#website"},"primaryImageOfPage":{"@id":"https:\/\/boutique-one-piece.com\/goodies-one-piece\/goodies-roronoa-zoro-one-piece\/tableau-one-piece-supernova-manga-2\/#primaryimage"},"image":{"@id":"https:\/\/boutique-one-piece.com\/goodies-one-piece\/goodies-roronoa-zoro-one-piece\/tableau-one-piece-supernova-manga-2\/#primaryimage"},"thumbnailUrl":"https:\/\/boutique-one-piece.com\/wp-content\/uploads\/2022\/09\/Une-pi-ce-Anime-toile-peinture-mur-Art-d-cor-la-maison-pour-salon-5-pi.jpg_.jpg","datePublished":"2022-09-27T21:42:48+00:00","dateModified":"2024-09-16T15:23:29+00:00","description":"Conjunto de 5 telas impressas de One Piece com Zoro, Luffy, Law e Kid da Gera\u00e7\u00e3o Terr\u00edvel. Alt\u00edssima qualidade. Item indispens\u00e1vel para f\u00e3s do mang\u00e1 de piratas!","breadcrumb":{"@id":"https:\/\/boutique-one-piece.com\/goodies-one-piece\/goodies-roronoa-zoro-one-piece\/tableau-one-piece-supernova-manga-2\/#breadcrumb"},"inLanguage":"pt-PT","potentialAction":[{"@type":"ReadAction","target":["https:\/\/boutique-one-piece.com\/goodies-one-piece\/goodies-roronoa-zoro-one-piece\/tableau-one-piece-supernova-manga-2\/"]}]},{"@type":"ImageObject","inLanguage":"pt-PT","@id":"https:\/\/boutique-one-piece.com\/goodies-one-piece\/goodies-roronoa-zoro-one-piece\/tableau-one-piece-supernova-manga-2\/#primaryimage","url":"https:\/\/boutique-one-piece.com\/wp-content\/uploads\/2022\/09\/Une-pi-ce-Anime-toile-peinture-mur-Art-d-cor-la-maison-pour-salon-5-pi.jpg_.jpg","contentUrl":"https:\/\/boutique-one-piece.com\/wp-content\/uploads\/2022\/09\/Une-pi-ce-Anime-toile-peinture-mur-Art-d-cor-la-maison-pour-salon-5-pi.jpg_.jpg","width":850,"height":850},{"@type":"BreadcrumbList","@id":"https:\/\/boutique-one-piece.com\/goodies-one-piece\/goodies-roronoa-zoro-one-piece\/tableau-one-piece-supernova-manga-2\/#breadcrumb","itemListElement":[{"@type":"ListItem","position":1,"name":"Home","item":"https:\/\/boutique-one-piece.com\/"},{"@type":"ListItem","position":2,"name":"Shop","item":"https:\/\/boutique-one-piece.com\/shop\/"},{"@type":"ListItem","position":3,"name":"Tableau One Piece Supernova Manga"}]},{"@type":"WebSite","@id":"https:\/\/boutique-one-piece.com\/#website","url":"https:\/\/boutique-one-piece.com\/","name":"Loja One Piece","description":"Loja especializada em mang\u00e1 e anime de One Piece.","publisher":{"@id":"https:\/\/boutique-one-piece.com\/#organization"},"potentialAction":[{"@type":"SearchAction","target":{"@type":"EntryPoint","urlTemplate":"https:\/\/boutique-one-piece.com\/?s={search_term_string}"},"query-input":{"@type":"PropertyValueSpecification","valueRequired":true,"valueName":"search_term_string"}}],"inLanguage":"pt-PT"},{"@type":"Organization","@id":"https:\/\/boutique-one-piece.com\/#organization","name":"Loja One Piece","url":"https:\/\/boutique-one-piece.com\/","logo":{"@type":"ImageObject","inLanguage":"pt-PT","@id":"https:\/\/boutique-one-piece.com\/#\/schema\/logo\/image\/","url":"https:\/\/boutique-one-piece.com\/wp-content\/uploads\/2022\/09\/Logo-01.png","contentUrl":"https:\/\/boutique-one-piece.com\/wp-content\/uploads\/2022\/09\/Logo-01.png","width":2318,"height":957,"caption":"Boutique One Piece"},"image":{"@id":"https:\/\/boutique-one-piece.com\/#\/schema\/logo\/image\/"}}]}},"_links":{"self":[{"href":"https:\/\/boutique-one-piece.com\/pt\/wp-json\/wp\/v2\/product\/16135","targetHints":{"allow":["GET"]}}],"collection":[{"href":"https:\/\/boutique-one-piece.com\/pt\/wp-json\/wp\/v2\/product"}],"about":[{"href":"https:\/\/boutique-one-piece.com\/pt\/wp-json\/wp\/v2\/types\/product"}],"replies":[{"embeddable":true,"href":"https:\/\/boutique-one-piece.com\/pt\/wp-json\/wp\/v2\/comments?post=16135"}],"wp:featuredmedia":[{"embeddable":true,"href":"https:\/\/boutique-one-piece.com\/pt\/wp-json\/wp\/v2\/media\/19255"}],"wp:attachment":[{"href":"https:\/\/boutique-one-piece.com\/pt\/wp-json\/wp\/v2\/media?parent=16135"}],"wp:term":[{"taxonomy":"product_brand","embeddable":true,"href":"https:\/\/boutique-one-piece.com\/pt\/wp-json\/wp\/v2\/product_brand?post=16135"},{"taxonomy":"product_cat","embeddable":true,"href":"https:\/\/boutique-one-piece.com\/pt\/wp-json\/wp\/v2\/product_cat?post=16135"},{"taxonomy":"product_tag","embeddable":true,"href":"https:\/\/boutique-one-piece.com\/pt\/wp-json\/wp\/v2\/product_tag?post=16135"}],"curies":[{"name":"wp","href":"https:\/\/api.w.org\/{rel}","templated":true}]}}