{"id":16308,"date":"2022-09-27T21:43:57","date_gmt":"2022-09-27T21:43:57","guid":{"rendered":"https:\/\/boutique-one-piece.com\/uncategorized\/tableau-one-piece-nami-la-chatte-voleuse\/"},"modified":"2024-09-16T14:35:39","modified_gmt":"2024-09-16T14:35:39","slug":"pintura-de-one-piece-da-nami-a-ladra-de-gatos","status":"publish","type":"product","link":"https:\/\/boutique-one-piece.com\/pt\/decoracoes-de-one-piece\/pinturas-de-one-piece\/pintura-de-one-piece-da-nami-a-ladra-de-gatos\/","title":{"rendered":"Pintura de Nami, a Gata Ladra, de One Piece"},"content":{"rendered":"<p><span><strong>Tipo:<\/strong> Impress\u00f5es em tela<\/span><br \/><span><strong>Assuntos:<\/strong> Anima\u00e7\u00e3o<\/span><br \/><span><strong>Modo de enquadramento:<\/strong> Sem moldura<\/span><br \/><span><strong>Material:<\/strong> Tela<\/span><br \/><span><strong>Estilo:<\/strong> Cl\u00e1ssico<\/span><br \/><span><strong>Quadro:<\/strong> Sim<\/span><br \/><span><strong>M\u00e9dio:<\/strong> \u00d3leo<\/span><br \/><span><strong>Suporte b\u00e1sico:<\/strong> Tela<\/span><br \/><span><strong>Forma:<\/strong> Combinado<\/span><br \/><span><strong>T\u00e9cnicas:<\/strong> Pintura em spray<\/span><br \/><span><strong>N\u00famero do modelo:<\/strong> Pintura<\/span><br \/><span><strong>Forma:<\/strong> Irregular<\/span><br \/><span><strong>Original:<\/strong> Sim<\/span><br \/><span><strong>Material:<\/strong> Tela de alta qualidade<\/span><br \/><span><strong>Estilo de pintura a \u00f3leo:<\/strong> Impress\u00f5es Gicl\u00e9e de Arte de Parede Moderna<\/span><br \/><span><strong>Material da imagem:<\/strong> Impress\u00e3o em tinta verde sobre tela<\/span><br \/><span><strong>Com ou sem moldura:<\/strong> Somente tela (entre em contato para telas emolduradas)<\/span><br \/><span><strong>Estilo e t\u00e9cnica de pintura:<\/strong> Impress\u00f5es art\u00edsticas modernas em tela decorativa<\/span><br \/><span><strong>Revestimento:<\/strong> Resistente a raios UV, \u00e0 prova d&#039;\u00e1gua e \u00e0 prova de umidade.<\/span><br \/><span><strong>Decora\u00e7\u00e3o:<\/strong> Salas de estar, quartos, quartos de beb\u00eas, escrit\u00f3rios, caf\u00e9s, hot\u00e9is, restaurantes<\/span><br \/><span><strong>Pintura Moderna:<\/strong> Pintura a \u00f3leo impressa<\/span><br \/><span><strong>Forma:<\/strong> Ret\u00e2ngulo<\/span><br \/><span><strong>Obra de arte:<\/strong> Impress\u00f5es em tela<\/span><\/p>","protected":false},"excerpt":{"rendered":"<p>Tipo: Impress\u00e3o em TelaAssuntos: Anima\u00e7\u00e3oModo de Moldura: Sem MolduraMaterial: TelaEstilo: Cl\u00e1ssicoMoldura: SimT\u00e9cnica: \u00d3leoBase de Suporte: TelaFormato: CombinadoT\u00e9cnicas: Pintura em SprayN\u00famero do Modelo: PinturaFormato: IrregularOriginal: SimMaterial: Tela de Alta QualidadeEstilo de Pintura a \u00d3leo: Impress\u00f5es Gicl\u00e9e de Arte de Parede ModernaMaterial da Imagem: Impress\u00e3o com Tinta Verde sobre TelaCom Moldura ou sem Moldura: Somente Tela (Entre em contato conosco para op\u00e7\u00f5es com moldura)Estilo e T\u00e9cnica da Pintura: Impress\u00f5es de Arte Decorativa Moderna em TelaRevestimento: UV, \u00c0 Prova d&#039;\u00c1gua, Resistente \u00e0 UmidadeDecora\u00e7\u00e3o: Salas de Estar, [\u2026]<\/p>","protected":false},"featured_media":16310,"comment_status":"open","ping_status":"closed","template":"","meta":[],"product_brand":[],"product_cat":[141],"product_tag":[],"class_list":{"0":"post-16308","1":"product","2":"type-product","3":"status-publish","4":"has-post-thumbnail","6":"product_cat-tableaux-one-piece","8":"first","9":"instock","10":"purchasable","11":"product-type-variable","12":"has-default-attributes"},"yoast_head":"<!-- This site is optimized with the Yoast SEO plugin v27.5 - https:\/\/yoast.com\/product\/yoast-seo-wordpress\/ -->\n<title>Tableau One Piece Nami La Chatte Voleuse<\/title>\n<meta name=\"description\" content=\"Type: Canvas PrintingsSubjects: AnimationFrame mode: UnframedMaterial: CanvasStyle: ClassicalFrame: YesMedium: OilSupport Base: CanvasForm: CombinedTechnics: Spray PaintingModel Number: PaintingShape: IrregularOriginal: YesMeterial: High Quality CanvasOil Painting Style: Modern Wall Art Giclee PrintsPicure Material: Gr\" \/>\n<meta name=\"robots\" content=\"index, follow, max-snippet:-1, max-image-preview:large, max-video-preview:-1\" \/>\n<link rel=\"canonical\" href=\"https:\/\/boutique-one-piece.com\/pt\/decoracoes-de-one-piece\/pinturas-de-one-piece\/pintura-de-one-piece-da-nami-a-ladra-de-gatos\/\" \/>\n<meta property=\"og:locale\" content=\"pt_PT\" \/>\n<meta property=\"og:type\" content=\"article\" \/>\n<meta property=\"og:title\" content=\"Tableau One Piece Nami La Chatte Voleuse\" \/>\n<meta property=\"og:description\" content=\"Type: Canvas PrintingsSubjects: AnimationFrame mode: UnframedMaterial: CanvasStyle: ClassicalFrame: YesMedium: OilSupport Base: CanvasForm: CombinedTechnics: Spray PaintingModel Number: PaintingShape: IrregularOriginal: YesMeterial: High Quality CanvasOil Painting Style: Modern Wall Art Giclee PrintsPicure Material: Gr\" \/>\n<meta property=\"og:url\" content=\"https:\/\/boutique-one-piece.com\/pt\/decoracoes-de-one-piece\/pinturas-de-one-piece\/pintura-de-one-piece-da-nami-a-ladra-de-gatos\/\" \/>\n<meta property=\"og:site_name\" content=\"Boutique One Piece\" \/>\n<meta property=\"article:modified_time\" content=\"2024-09-16T14:35:39+00:00\" \/>\n<meta property=\"og:image\" content=\"https:\/\/boutique-one-piece.com\/wp-content\/uploads\/2022\/09\/Tableau-One-Piece-Nami-La-Chatte-Voleuse.jpg\" \/>\n\t<meta property=\"og:image:width\" content=\"640\" \/>\n\t<meta property=\"og:image:height\" content=\"640\" \/>\n\t<meta property=\"og:image:type\" content=\"image\/jpeg\" \/>\n<meta name=\"twitter:card\" content=\"summary_large_image\" \/>\n<script type=\"application\/ld+json\" class=\"yoast-schema-graph\">{\"@context\":\"https:\\\/\\\/schema.org\",\"@graph\":[{\"@type\":\"WebPage\",\"@id\":\"https:\\\/\\\/boutique-one-piece.com\\\/decorations-one-piece\\\/tableaux-one-piece\\\/tableau-one-piece-nami-la-chatte-voleuse\\\/\",\"url\":\"https:\\\/\\\/boutique-one-piece.com\\\/decorations-one-piece\\\/tableaux-one-piece\\\/tableau-one-piece-nami-la-chatte-voleuse\\\/\",\"name\":\"Tableau One Piece Nami La Chatte Voleuse\",\"isPartOf\":{\"@id\":\"https:\\\/\\\/boutique-one-piece.com\\\/#website\"},\"primaryImageOfPage\":{\"@id\":\"https:\\\/\\\/boutique-one-piece.com\\\/decorations-one-piece\\\/tableaux-one-piece\\\/tableau-one-piece-nami-la-chatte-voleuse\\\/#primaryimage\"},\"image\":{\"@id\":\"https:\\\/\\\/boutique-one-piece.com\\\/decorations-one-piece\\\/tableaux-one-piece\\\/tableau-one-piece-nami-la-chatte-voleuse\\\/#primaryimage\"},\"thumbnailUrl\":\"https:\\\/\\\/boutique-one-piece.com\\\/wp-content\\\/uploads\\\/2022\\\/09\\\/Tableau-One-Piece-Nami-La-Chatte-Voleuse.jpg\",\"datePublished\":\"2022-09-27T21:43:57+00:00\",\"dateModified\":\"2024-09-16T14:35:39+00:00\",\"description\":\"Type: Canvas PrintingsSubjects: AnimationFrame mode: UnframedMaterial: CanvasStyle: ClassicalFrame: YesMedium: OilSupport Base: CanvasForm: CombinedTechnics: Spray PaintingModel Number: PaintingShape: IrregularOriginal: YesMeterial: High Quality CanvasOil Painting Style: Modern Wall Art Giclee PrintsPicure Material: Gr\",\"breadcrumb\":{\"@id\":\"https:\\\/\\\/boutique-one-piece.com\\\/decorations-one-piece\\\/tableaux-one-piece\\\/tableau-one-piece-nami-la-chatte-voleuse\\\/#breadcrumb\"},\"inLanguage\":\"pt-PT\",\"potentialAction\":[{\"@type\":\"ReadAction\",\"target\":[\"https:\\\/\\\/boutique-one-piece.com\\\/decorations-one-piece\\\/tableaux-one-piece\\\/tableau-one-piece-nami-la-chatte-voleuse\\\/\"]}]},{\"@type\":\"ImageObject\",\"inLanguage\":\"pt-PT\",\"@id\":\"https:\\\/\\\/boutique-one-piece.com\\\/decorations-one-piece\\\/tableaux-one-piece\\\/tableau-one-piece-nami-la-chatte-voleuse\\\/#primaryimage\",\"url\":\"https:\\\/\\\/boutique-one-piece.com\\\/wp-content\\\/uploads\\\/2022\\\/09\\\/Tableau-One-Piece-Nami-La-Chatte-Voleuse.jpg\",\"contentUrl\":\"https:\\\/\\\/boutique-one-piece.com\\\/wp-content\\\/uploads\\\/2022\\\/09\\\/Tableau-One-Piece-Nami-La-Chatte-Voleuse.jpg\",\"width\":640,\"height\":640,\"caption\":\"Tableau One Piece Nami La Chatte Voleuse 60x85cm Frame HE2981-03\"},{\"@type\":\"BreadcrumbList\",\"@id\":\"https:\\\/\\\/boutique-one-piece.com\\\/decorations-one-piece\\\/tableaux-one-piece\\\/tableau-one-piece-nami-la-chatte-voleuse\\\/#breadcrumb\",\"itemListElement\":[{\"@type\":\"ListItem\",\"position\":1,\"name\":\"Home\",\"item\":\"https:\\\/\\\/boutique-one-piece.com\\\/\"},{\"@type\":\"ListItem\",\"position\":2,\"name\":\"Shop\",\"item\":\"https:\\\/\\\/boutique-one-piece.com\\\/shop\\\/\"},{\"@type\":\"ListItem\",\"position\":3,\"name\":\"Tableau One Piece Nami La Chatte Voleuse\"}]},{\"@type\":\"WebSite\",\"@id\":\"https:\\\/\\\/boutique-one-piece.com\\\/#website\",\"url\":\"https:\\\/\\\/boutique-one-piece.com\\\/\",\"name\":\"Boutique One Piece\",\"description\":\"Magasin Sp\u00e9cialis\u00e9 du Manga et l&#039;Anime One Piece\",\"publisher\":{\"@id\":\"https:\\\/\\\/boutique-one-piece.com\\\/#organization\"},\"potentialAction\":[{\"@type\":\"SearchAction\",\"target\":{\"@type\":\"EntryPoint\",\"urlTemplate\":\"https:\\\/\\\/boutique-one-piece.com\\\/?s={search_term_string}\"},\"query-input\":{\"@type\":\"PropertyValueSpecification\",\"valueRequired\":true,\"valueName\":\"search_term_string\"}}],\"inLanguage\":\"pt-PT\"},{\"@type\":\"Organization\",\"@id\":\"https:\\\/\\\/boutique-one-piece.com\\\/#organization\",\"name\":\"Boutique One Piece\",\"url\":\"https:\\\/\\\/boutique-one-piece.com\\\/\",\"logo\":{\"@type\":\"ImageObject\",\"inLanguage\":\"pt-PT\",\"@id\":\"https:\\\/\\\/boutique-one-piece.com\\\/#\\\/schema\\\/logo\\\/image\\\/\",\"url\":\"https:\\\/\\\/boutique-one-piece.com\\\/wp-content\\\/uploads\\\/2022\\\/09\\\/Logo-01.png\",\"contentUrl\":\"https:\\\/\\\/boutique-one-piece.com\\\/wp-content\\\/uploads\\\/2022\\\/09\\\/Logo-01.png\",\"width\":2318,\"height\":957,\"caption\":\"Boutique One Piece\"},\"image\":{\"@id\":\"https:\\\/\\\/boutique-one-piece.com\\\/#\\\/schema\\\/logo\\\/image\\\/\"}}]}<\/script>\n<!-- \/ Yoast SEO plugin. -->","yoast_head_json":{"title":"Pintura de Nami, a Gata Ladra, de One Piece","description":"Tipo: Impress\u00e3o em tela Temas: Anima\u00e7\u00e3o Modo de moldura: Sem moldura Material: Tela Estilo: Cl\u00e1ssico Moldura: Sim T\u00e9cnica: Pintura a \u00f3leo Base de suporte: Tela Formato: Combinado T\u00e9cnicas: Pintura em spray N\u00famero do modelo: Pintura Formato: Irregular Original: Sim Material: Tela de alta qualidade Estilo de pintura a \u00f3leo: Arte de parede moderna, Impress\u00f5es Gicl\u00e9e Material da imagem: Gr","robots":{"index":"index","follow":"follow","max-snippet":"max-snippet:-1","max-image-preview":"max-image-preview:large","max-video-preview":"max-video-preview:-1"},"canonical":"https:\/\/boutique-one-piece.com\/pt\/decoracoes-de-one-piece\/pinturas-de-one-piece\/pintura-de-one-piece-da-nami-a-ladra-de-gatos\/","og_locale":"pt_PT","og_type":"article","og_title":"Tableau One Piece Nami La Chatte Voleuse","og_description":"Type: Canvas PrintingsSubjects: AnimationFrame mode: UnframedMaterial: CanvasStyle: ClassicalFrame: YesMedium: OilSupport Base: CanvasForm: CombinedTechnics: Spray PaintingModel Number: PaintingShape: IrregularOriginal: YesMeterial: High Quality CanvasOil Painting Style: Modern Wall Art Giclee PrintsPicure Material: Gr","og_url":"https:\/\/boutique-one-piece.com\/pt\/decoracoes-de-one-piece\/pinturas-de-one-piece\/pintura-de-one-piece-da-nami-a-ladra-de-gatos\/","og_site_name":"Boutique One Piece","article_modified_time":"2024-09-16T14:35:39+00:00","og_image":[{"width":640,"height":640,"url":"https:\/\/boutique-one-piece.com\/wp-content\/uploads\/2022\/09\/Tableau-One-Piece-Nami-La-Chatte-Voleuse.jpg","type":"image\/jpeg"}],"twitter_card":"summary_large_image","schema":{"@context":"https:\/\/schema.org","@graph":[{"@type":"WebPage","@id":"https:\/\/boutique-one-piece.com\/decorations-one-piece\/tableaux-one-piece\/tableau-one-piece-nami-la-chatte-voleuse\/","url":"https:\/\/boutique-one-piece.com\/decorations-one-piece\/tableaux-one-piece\/tableau-one-piece-nami-la-chatte-voleuse\/","name":"Pintura de Nami, a Gata Ladra, de One Piece","isPartOf":{"@id":"https:\/\/boutique-one-piece.com\/#website"},"primaryImageOfPage":{"@id":"https:\/\/boutique-one-piece.com\/decorations-one-piece\/tableaux-one-piece\/tableau-one-piece-nami-la-chatte-voleuse\/#primaryimage"},"image":{"@id":"https:\/\/boutique-one-piece.com\/decorations-one-piece\/tableaux-one-piece\/tableau-one-piece-nami-la-chatte-voleuse\/#primaryimage"},"thumbnailUrl":"https:\/\/boutique-one-piece.com\/wp-content\/uploads\/2022\/09\/Tableau-One-Piece-Nami-La-Chatte-Voleuse.jpg","datePublished":"2022-09-27T21:43:57+00:00","dateModified":"2024-09-16T14:35:39+00:00","description":"Tipo: Impress\u00e3o em tela Temas: Anima\u00e7\u00e3o Modo de moldura: Sem moldura Material: Tela Estilo: Cl\u00e1ssico Moldura: Sim T\u00e9cnica: Pintura a \u00f3leo Base de suporte: Tela Formato: Combinado T\u00e9cnicas: Pintura em spray N\u00famero do modelo: Pintura Formato: Irregular Original: Sim Material: Tela de alta qualidade Estilo de pintura a \u00f3leo: Arte de parede moderna, Impress\u00f5es Gicl\u00e9e Material da imagem: Gr","breadcrumb":{"@id":"https:\/\/boutique-one-piece.com\/decorations-one-piece\/tableaux-one-piece\/tableau-one-piece-nami-la-chatte-voleuse\/#breadcrumb"},"inLanguage":"pt-PT","potentialAction":[{"@type":"ReadAction","target":["https:\/\/boutique-one-piece.com\/decorations-one-piece\/tableaux-one-piece\/tableau-one-piece-nami-la-chatte-voleuse\/"]}]},{"@type":"ImageObject","inLanguage":"pt-PT","@id":"https:\/\/boutique-one-piece.com\/decorations-one-piece\/tableaux-one-piece\/tableau-one-piece-nami-la-chatte-voleuse\/#primaryimage","url":"https:\/\/boutique-one-piece.com\/wp-content\/uploads\/2022\/09\/Tableau-One-Piece-Nami-La-Chatte-Voleuse.jpg","contentUrl":"https:\/\/boutique-one-piece.com\/wp-content\/uploads\/2022\/09\/Tableau-One-Piece-Nami-La-Chatte-Voleuse.jpg","width":640,"height":640,"caption":"Tableau One Piece Nami La Chatte Voleuse 60x85cm Frame HE2981-03"},{"@type":"BreadcrumbList","@id":"https:\/\/boutique-one-piece.com\/decorations-one-piece\/tableaux-one-piece\/tableau-one-piece-nami-la-chatte-voleuse\/#breadcrumb","itemListElement":[{"@type":"ListItem","position":1,"name":"Home","item":"https:\/\/boutique-one-piece.com\/"},{"@type":"ListItem","position":2,"name":"Shop","item":"https:\/\/boutique-one-piece.com\/shop\/"},{"@type":"ListItem","position":3,"name":"Tableau One Piece Nami La Chatte Voleuse"}]},{"@type":"WebSite","@id":"https:\/\/boutique-one-piece.com\/#website","url":"https:\/\/boutique-one-piece.com\/","name":"Loja One Piece","description":"Loja especializada em mang\u00e1 e anime de One Piece.","publisher":{"@id":"https:\/\/boutique-one-piece.com\/#organization"},"potentialAction":[{"@type":"SearchAction","target":{"@type":"EntryPoint","urlTemplate":"https:\/\/boutique-one-piece.com\/?s={search_term_string}"},"query-input":{"@type":"PropertyValueSpecification","valueRequired":true,"valueName":"search_term_string"}}],"inLanguage":"pt-PT"},{"@type":"Organization","@id":"https:\/\/boutique-one-piece.com\/#organization","name":"Loja One Piece","url":"https:\/\/boutique-one-piece.com\/","logo":{"@type":"ImageObject","inLanguage":"pt-PT","@id":"https:\/\/boutique-one-piece.com\/#\/schema\/logo\/image\/","url":"https:\/\/boutique-one-piece.com\/wp-content\/uploads\/2022\/09\/Logo-01.png","contentUrl":"https:\/\/boutique-one-piece.com\/wp-content\/uploads\/2022\/09\/Logo-01.png","width":2318,"height":957,"caption":"Boutique One Piece"},"image":{"@id":"https:\/\/boutique-one-piece.com\/#\/schema\/logo\/image\/"}}]}},"_links":{"self":[{"href":"https:\/\/boutique-one-piece.com\/pt\/wp-json\/wp\/v2\/product\/16308","targetHints":{"allow":["GET"]}}],"collection":[{"href":"https:\/\/boutique-one-piece.com\/pt\/wp-json\/wp\/v2\/product"}],"about":[{"href":"https:\/\/boutique-one-piece.com\/pt\/wp-json\/wp\/v2\/types\/product"}],"replies":[{"embeddable":true,"href":"https:\/\/boutique-one-piece.com\/pt\/wp-json\/wp\/v2\/comments?post=16308"}],"wp:featuredmedia":[{"embeddable":true,"href":"https:\/\/boutique-one-piece.com\/pt\/wp-json\/wp\/v2\/media\/16310"}],"wp:attachment":[{"href":"https:\/\/boutique-one-piece.com\/pt\/wp-json\/wp\/v2\/media?parent=16308"}],"wp:term":[{"taxonomy":"product_brand","embeddable":true,"href":"https:\/\/boutique-one-piece.com\/pt\/wp-json\/wp\/v2\/product_brand?post=16308"},{"taxonomy":"product_cat","embeddable":true,"href":"https:\/\/boutique-one-piece.com\/pt\/wp-json\/wp\/v2\/product_cat?post=16308"},{"taxonomy":"product_tag","embeddable":true,"href":"https:\/\/boutique-one-piece.com\/pt\/wp-json\/wp\/v2\/product_tag?post=16308"}],"curies":[{"name":"wp","href":"https:\/\/api.w.org\/{rel}","templated":true}]}}