{"id":16381,"date":"2022-09-27T21:53:06","date_gmt":"2022-09-27T21:53:06","guid":{"rendered":"https:\/\/boutique-one-piece.com\/uncategorized\/figurine-one-piece-nami-chapeau-de-chopper-2\/"},"modified":"2024-09-16T14:37:18","modified_gmt":"2024-09-16T14:37:18","slug":"figura-de-acao-de-one-piece-com-chapeu-da-nami-e-do-chopper-2","status":"publish","type":"product","link":"https:\/\/boutique-one-piece.com\/pt\/figuras-de-acao-de-one-piece\/estatuetas-da-nami\/figura-de-acao-de-one-piece-com-chapeu-da-nami-e-do-chopper-2\/","title":{"rendered":"Figura de One Piece Nami Chopper com Chap\u00e9u"},"content":{"rendered":"<h2>Jovem pirata, chegou a hora de voc\u00ea adquirir esta estatueta do chap\u00e9u da Nami e do Chopper de One Piece.<\/h2>\n<p>S\u00f3 para lembrar, <strong>Nami<\/strong> \u00e9 a navegadora do Bando do Chap\u00e9u de Palha. Ela foi a segunda pessoa a se juntar ao bando depois de Zoro. Seu sonho \u00e9 desenhar um mapa completo do mundo. Sua recompensa atual \u00e9 de 66.000.000 Berries. Quanto a Chopper, tamb\u00e9m conhecido como<strong> Tony Tony Chopper<\/strong> ; Ele \u00e9 o m\u00e9dico do Bando do Chap\u00e9u de Palha. Chopper \u00e9 uma rena que comeu a Hito Hito no Mi, o que lhe permite se transformar em humano.<\/p>\n<p>Ele \u00e9 origin\u00e1rio da Ilha Drum, o que o torna o primeiro membro da tripula\u00e7\u00e3o do Chap\u00e9u de Palha nascido na Grand Line. Ele \u00e9 o sexto membro da tripula\u00e7\u00e3o e o quinto a se juntar a ela. Ali\u00e1s, se voc\u00ea quiser expandir sua cole\u00e7\u00e3o de figuras, o <a title=\"Figura da Nami de One Piece com vestido dourado\" href=\"https:\/\/boutique-one-piece.fr\/products\/figurine-one-piece-nami-robe-doree\" target=\"_blank\" rel=\"noopener\">Estatueta da Nami vestida de dourado<\/a> Est\u00e1 ao seu alcance.<\/p>\n<h3>Ent\u00e3o, voc\u00ea ficou encantado com a estatueta da Nami com o chap\u00e9u do Tony Tony Chopper? Se sim, n\u00e3o hesite mais e embarque no Thousand Sunny, a tripula\u00e7\u00e3o do Luffy est\u00e1 esperando por voc\u00ea.<\/h3>\n<p>Seja voc\u00ea um f\u00e3 incondicional ou um colecionador experiente, esses itens lend\u00e1rios s\u00e3o definitivamente para voc\u00ea. N\u00e3o hesite mais e venha expandir sua cole\u00e7\u00e3o! <strong>seu universo de One Piece<\/strong>. Esses itens tamb\u00e9m s\u00e3o \u00f3timas ideias para presentes. Ent\u00e3o, presenteie-se ou presenteie algu\u00e9m especial. Uma coisa \u00e9 certa: a era de <strong>pirataria<\/strong> Ainda n\u00e3o acabou!<\/p>\n<h2>Informa\u00e7\u00f5es sobre a estatueta do chap\u00e9u da Nami Chopper\u00a0<\/h2>\n<ul>\n<li><span><b><u>Figura de a\u00e7\u00e3o de One Piece<\/u><\/b>\u00a0Figura premium de One Piece para verdadeiros piratas.<\/span><\/li>\n<\/ul>\n<ul>\n<li>\n<b>Mat\u00e9ria<\/b><span>\u00a0<\/span>PVC<\/li>\n<\/ul>\n<ul>\n<li><span><strong>Dimens\u00e3o<\/strong>\u00a0: 23 cm<\/span><\/li>\n<\/ul>\n<ul>\n<li><span><strong>ENTREGA GR\u00c1TIS<\/strong><\/span><\/li>\n<\/ul>","protected":false},"excerpt":{"rendered":"<p>Jovem pirata, chegou a hora de voc\u00ea colocar as m\u00e3os nesta figura da Nami de One Piece com o chap\u00e9u do Chopper. Lembrando que Nami \u00e9 a navegadora do Bando do Chap\u00e9u de Palha. Ela foi a segunda pessoa a se juntar \u00e0 tripula\u00e7\u00e3o depois de Zoro. Seu sonho \u00e9 desenhar um mapa completo do mundo. Sua recompensa [\u2026]<\/p>","protected":false},"featured_media":11376,"comment_status":"open","ping_status":"open","template":"","meta":[],"product_brand":[],"product_cat":[152],"product_tag":[154],"class_list":{"0":"post-16381","1":"product","2":"type-product","3":"status-publish","4":"has-post-thumbnail","6":"product_cat-figurines-nami","7":"product_tag-nami","9":"first","10":"instock","11":"purchasable","12":"product-type-simple"},"yoast_head":"<!-- This site is optimized with the Yoast SEO plugin v27.5 - https:\/\/yoast.com\/product\/yoast-seo-wordpress\/ -->\n<title>Figurine One Piece Nami Chapeau De Chopper | Figurine One Piece \u2013 Boutique One Piece<\/title>\n<meta name=\"description\" content=\"Jeune pirate, le moment est venu pour toi de te procurer cette Figurine One Piece Nami Chapeau De Chopper. Pour rappel, Nami est la navigatrice de L&#039;\u00c9quipage du Chapeau de Paille. Elle est la deuxi\u00e8me personne \u00e0 se joindre \u00e0 l&#039;\u00e9quipage apr\u00e8s Zoro. Son r\u00eave est de dessiner une carte compl\u00e8te du monde. Sa prime actuelle\" \/>\n<meta name=\"robots\" content=\"index, follow, max-snippet:-1, max-image-preview:large, max-video-preview:-1\" \/>\n<link rel=\"canonical\" href=\"https:\/\/boutique-one-piece.com\/pt\/figuras-de-acao-de-one-piece\/estatuetas-da-nami\/figura-de-acao-de-one-piece-com-chapeu-da-nami-e-do-chopper-2\/\" \/>\n<meta property=\"og:locale\" content=\"pt_PT\" \/>\n<meta property=\"og:type\" content=\"article\" \/>\n<meta property=\"og:title\" content=\"Figurine One Piece Nami Chapeau De Chopper | Figurine One Piece \u2013 Boutique One Piece\" \/>\n<meta property=\"og:description\" content=\"Jeune pirate, le moment est venu pour toi de te procurer cette Figurine One Piece Nami Chapeau De Chopper. Pour rappel, Nami est la navigatrice de L&#039;\u00c9quipage du Chapeau de Paille. Elle est la deuxi\u00e8me personne \u00e0 se joindre \u00e0 l&#039;\u00e9quipage apr\u00e8s Zoro. Son r\u00eave est de dessiner une carte compl\u00e8te du monde. Sa prime actuelle\" \/>\n<meta property=\"og:url\" content=\"https:\/\/boutique-one-piece.com\/pt\/figuras-de-acao-de-one-piece\/estatuetas-da-nami\/figura-de-acao-de-one-piece-com-chapeu-da-nami-e-do-chopper-2\/\" \/>\n<meta property=\"og:site_name\" content=\"Boutique One Piece\" \/>\n<meta property=\"article:modified_time\" content=\"2024-09-16T14:37:18+00:00\" \/>\n<meta property=\"og:image\" content=\"https:\/\/boutique-one-piece.com\/wp-content\/uploads\/2022\/09\/Figurine-One-Piece-Nami-Chapeau-De-Chopper-1.jpg\" \/>\n\t<meta property=\"og:image:width\" content=\"800\" \/>\n\t<meta property=\"og:image:height\" content=\"800\" \/>\n\t<meta property=\"og:image:type\" content=\"image\/jpeg\" \/>\n<meta name=\"twitter:card\" content=\"summary_large_image\" \/>\n<meta name=\"twitter:label1\" content=\"Tempo estimado de leitura\" \/>\n\t<meta name=\"twitter:data1\" content=\"1 minuto\" \/>\n<script type=\"application\/ld+json\" class=\"yoast-schema-graph\">{\"@context\":\"https:\\\/\\\/schema.org\",\"@graph\":[{\"@type\":\"WebPage\",\"@id\":\"https:\\\/\\\/boutique-one-piece.com\\\/figurines-one-piece\\\/figurines-nami\\\/figurine-one-piece-nami-chapeau-de-chopper-2\\\/\",\"url\":\"https:\\\/\\\/boutique-one-piece.com\\\/figurines-one-piece\\\/figurines-nami\\\/figurine-one-piece-nami-chapeau-de-chopper-2\\\/\",\"name\":\"Figurine One Piece Nami Chapeau De Chopper | Figurine One Piece \u2013 Boutique One Piece\",\"isPartOf\":{\"@id\":\"https:\\\/\\\/boutique-one-piece.com\\\/#website\"},\"primaryImageOfPage\":{\"@id\":\"https:\\\/\\\/boutique-one-piece.com\\\/figurines-one-piece\\\/figurines-nami\\\/figurine-one-piece-nami-chapeau-de-chopper-2\\\/#primaryimage\"},\"image\":{\"@id\":\"https:\\\/\\\/boutique-one-piece.com\\\/figurines-one-piece\\\/figurines-nami\\\/figurine-one-piece-nami-chapeau-de-chopper-2\\\/#primaryimage\"},\"thumbnailUrl\":\"https:\\\/\\\/boutique-one-piece.com\\\/wp-content\\\/uploads\\\/2022\\\/09\\\/Figurine-One-Piece-Nami-Chapeau-De-Chopper-1.jpg\",\"datePublished\":\"2022-09-27T21:53:06+00:00\",\"dateModified\":\"2024-09-16T14:37:18+00:00\",\"description\":\"Jeune pirate, le moment est venu pour toi de te procurer cette Figurine One Piece Nami Chapeau De Chopper. Pour rappel, Nami est la navigatrice de L'\u00c9quipage du Chapeau de Paille. Elle est la deuxi\u00e8me personne \u00e0 se joindre \u00e0 l'\u00e9quipage apr\u00e8s Zoro. Son r\u00eave est de dessiner une carte compl\u00e8te du monde. Sa prime actuelle\",\"breadcrumb\":{\"@id\":\"https:\\\/\\\/boutique-one-piece.com\\\/figurines-one-piece\\\/figurines-nami\\\/figurine-one-piece-nami-chapeau-de-chopper-2\\\/#breadcrumb\"},\"inLanguage\":\"pt-PT\",\"potentialAction\":[{\"@type\":\"ReadAction\",\"target\":[\"https:\\\/\\\/boutique-one-piece.com\\\/figurines-one-piece\\\/figurines-nami\\\/figurine-one-piece-nami-chapeau-de-chopper-2\\\/\"]}]},{\"@type\":\"ImageObject\",\"inLanguage\":\"pt-PT\",\"@id\":\"https:\\\/\\\/boutique-one-piece.com\\\/figurines-one-piece\\\/figurines-nami\\\/figurine-one-piece-nami-chapeau-de-chopper-2\\\/#primaryimage\",\"url\":\"https:\\\/\\\/boutique-one-piece.com\\\/wp-content\\\/uploads\\\/2022\\\/09\\\/Figurine-One-Piece-Nami-Chapeau-De-Chopper-1.jpg\",\"contentUrl\":\"https:\\\/\\\/boutique-one-piece.com\\\/wp-content\\\/uploads\\\/2022\\\/09\\\/Figurine-One-Piece-Nami-Chapeau-De-Chopper-1.jpg\",\"width\":800,\"height\":800},{\"@type\":\"BreadcrumbList\",\"@id\":\"https:\\\/\\\/boutique-one-piece.com\\\/figurines-one-piece\\\/figurines-nami\\\/figurine-one-piece-nami-chapeau-de-chopper-2\\\/#breadcrumb\",\"itemListElement\":[{\"@type\":\"ListItem\",\"position\":1,\"name\":\"Home\",\"item\":\"https:\\\/\\\/boutique-one-piece.com\\\/\"},{\"@type\":\"ListItem\",\"position\":2,\"name\":\"Shop\",\"item\":\"https:\\\/\\\/boutique-one-piece.com\\\/shop\\\/\"},{\"@type\":\"ListItem\",\"position\":3,\"name\":\"Figurine One Piece Nami Chapeau De Chopper\"}]},{\"@type\":\"WebSite\",\"@id\":\"https:\\\/\\\/boutique-one-piece.com\\\/#website\",\"url\":\"https:\\\/\\\/boutique-one-piece.com\\\/\",\"name\":\"Boutique One Piece\",\"description\":\"Magasin Sp\u00e9cialis\u00e9 du Manga et l&#039;Anime One Piece\",\"publisher\":{\"@id\":\"https:\\\/\\\/boutique-one-piece.com\\\/#organization\"},\"potentialAction\":[{\"@type\":\"SearchAction\",\"target\":{\"@type\":\"EntryPoint\",\"urlTemplate\":\"https:\\\/\\\/boutique-one-piece.com\\\/?s={search_term_string}\"},\"query-input\":{\"@type\":\"PropertyValueSpecification\",\"valueRequired\":true,\"valueName\":\"search_term_string\"}}],\"inLanguage\":\"pt-PT\"},{\"@type\":\"Organization\",\"@id\":\"https:\\\/\\\/boutique-one-piece.com\\\/#organization\",\"name\":\"Boutique One Piece\",\"url\":\"https:\\\/\\\/boutique-one-piece.com\\\/\",\"logo\":{\"@type\":\"ImageObject\",\"inLanguage\":\"pt-PT\",\"@id\":\"https:\\\/\\\/boutique-one-piece.com\\\/#\\\/schema\\\/logo\\\/image\\\/\",\"url\":\"https:\\\/\\\/boutique-one-piece.com\\\/wp-content\\\/uploads\\\/2022\\\/09\\\/Logo-01.png\",\"contentUrl\":\"https:\\\/\\\/boutique-one-piece.com\\\/wp-content\\\/uploads\\\/2022\\\/09\\\/Logo-01.png\",\"width\":2318,\"height\":957,\"caption\":\"Boutique One Piece\"},\"image\":{\"@id\":\"https:\\\/\\\/boutique-one-piece.com\\\/#\\\/schema\\\/logo\\\/image\\\/\"}}]}<\/script>\n<!-- \/ Yoast SEO plugin. -->","yoast_head_json":{"title":"Figura de a\u00e7\u00e3o da Nami com chap\u00e9u do Chopper de One Piece | Figura de a\u00e7\u00e3o de One Piece \u2013 Loja de One Piece","description":"Jovem pirata, chegou a hora de voc\u00ea colocar as m\u00e3os nesta figura da Nami de One Piece com o chap\u00e9u do Chopper. Lembrando que Nami \u00e9 a navegadora do Bando do Chap\u00e9u de Palha. Ela foi a segunda pessoa a se juntar ao bando, depois de Zoro. Seu sonho \u00e9 desenhar um mapa completo do mundo. Sua recompensa atual \u00e9 de...","robots":{"index":"index","follow":"follow","max-snippet":"max-snippet:-1","max-image-preview":"max-image-preview:large","max-video-preview":"max-video-preview:-1"},"canonical":"https:\/\/boutique-one-piece.com\/pt\/figuras-de-acao-de-one-piece\/estatuetas-da-nami\/figura-de-acao-de-one-piece-com-chapeu-da-nami-e-do-chopper-2\/","og_locale":"pt_PT","og_type":"article","og_title":"Figurine One Piece Nami Chapeau De Chopper | Figurine One Piece \u2013 Boutique One Piece","og_description":"Jeune pirate, le moment est venu pour toi de te procurer cette Figurine One Piece Nami Chapeau De Chopper. Pour rappel, Nami est la navigatrice de L'\u00c9quipage du Chapeau de Paille. Elle est la deuxi\u00e8me personne \u00e0 se joindre \u00e0 l'\u00e9quipage apr\u00e8s Zoro. Son r\u00eave est de dessiner une carte compl\u00e8te du monde. Sa prime actuelle","og_url":"https:\/\/boutique-one-piece.com\/pt\/figuras-de-acao-de-one-piece\/estatuetas-da-nami\/figura-de-acao-de-one-piece-com-chapeu-da-nami-e-do-chopper-2\/","og_site_name":"Boutique One Piece","article_modified_time":"2024-09-16T14:37:18+00:00","og_image":[{"width":800,"height":800,"url":"https:\/\/boutique-one-piece.com\/wp-content\/uploads\/2022\/09\/Figurine-One-Piece-Nami-Chapeau-De-Chopper-1.jpg","type":"image\/jpeg"}],"twitter_card":"summary_large_image","twitter_misc":{"Tempo estimado de leitura":"1 minuto"},"schema":{"@context":"https:\/\/schema.org","@graph":[{"@type":"WebPage","@id":"https:\/\/boutique-one-piece.com\/figurines-one-piece\/figurines-nami\/figurine-one-piece-nami-chapeau-de-chopper-2\/","url":"https:\/\/boutique-one-piece.com\/figurines-one-piece\/figurines-nami\/figurine-one-piece-nami-chapeau-de-chopper-2\/","name":"Figura de a\u00e7\u00e3o da Nami com chap\u00e9u do Chopper de One Piece | Figura de a\u00e7\u00e3o de One Piece \u2013 Loja de One Piece","isPartOf":{"@id":"https:\/\/boutique-one-piece.com\/#website"},"primaryImageOfPage":{"@id":"https:\/\/boutique-one-piece.com\/figurines-one-piece\/figurines-nami\/figurine-one-piece-nami-chapeau-de-chopper-2\/#primaryimage"},"image":{"@id":"https:\/\/boutique-one-piece.com\/figurines-one-piece\/figurines-nami\/figurine-one-piece-nami-chapeau-de-chopper-2\/#primaryimage"},"thumbnailUrl":"https:\/\/boutique-one-piece.com\/wp-content\/uploads\/2022\/09\/Figurine-One-Piece-Nami-Chapeau-De-Chopper-1.jpg","datePublished":"2022-09-27T21:53:06+00:00","dateModified":"2024-09-16T14:37:18+00:00","description":"Jovem pirata, chegou a hora de voc\u00ea colocar as m\u00e3os nesta figura da Nami de One Piece com o chap\u00e9u do Chopper. Lembrando que Nami \u00e9 a navegadora do Bando do Chap\u00e9u de Palha. Ela foi a segunda pessoa a se juntar ao bando, depois de Zoro. Seu sonho \u00e9 desenhar um mapa completo do mundo. Sua recompensa atual \u00e9 de...","breadcrumb":{"@id":"https:\/\/boutique-one-piece.com\/figurines-one-piece\/figurines-nami\/figurine-one-piece-nami-chapeau-de-chopper-2\/#breadcrumb"},"inLanguage":"pt-PT","potentialAction":[{"@type":"ReadAction","target":["https:\/\/boutique-one-piece.com\/figurines-one-piece\/figurines-nami\/figurine-one-piece-nami-chapeau-de-chopper-2\/"]}]},{"@type":"ImageObject","inLanguage":"pt-PT","@id":"https:\/\/boutique-one-piece.com\/figurines-one-piece\/figurines-nami\/figurine-one-piece-nami-chapeau-de-chopper-2\/#primaryimage","url":"https:\/\/boutique-one-piece.com\/wp-content\/uploads\/2022\/09\/Figurine-One-Piece-Nami-Chapeau-De-Chopper-1.jpg","contentUrl":"https:\/\/boutique-one-piece.com\/wp-content\/uploads\/2022\/09\/Figurine-One-Piece-Nami-Chapeau-De-Chopper-1.jpg","width":800,"height":800},{"@type":"BreadcrumbList","@id":"https:\/\/boutique-one-piece.com\/figurines-one-piece\/figurines-nami\/figurine-one-piece-nami-chapeau-de-chopper-2\/#breadcrumb","itemListElement":[{"@type":"ListItem","position":1,"name":"Home","item":"https:\/\/boutique-one-piece.com\/"},{"@type":"ListItem","position":2,"name":"Shop","item":"https:\/\/boutique-one-piece.com\/shop\/"},{"@type":"ListItem","position":3,"name":"Figurine One Piece Nami Chapeau De Chopper"}]},{"@type":"WebSite","@id":"https:\/\/boutique-one-piece.com\/#website","url":"https:\/\/boutique-one-piece.com\/","name":"Loja One Piece","description":"Loja especializada em mang\u00e1 e anime de One Piece.","publisher":{"@id":"https:\/\/boutique-one-piece.com\/#organization"},"potentialAction":[{"@type":"SearchAction","target":{"@type":"EntryPoint","urlTemplate":"https:\/\/boutique-one-piece.com\/?s={search_term_string}"},"query-input":{"@type":"PropertyValueSpecification","valueRequired":true,"valueName":"search_term_string"}}],"inLanguage":"pt-PT"},{"@type":"Organization","@id":"https:\/\/boutique-one-piece.com\/#organization","name":"Loja One Piece","url":"https:\/\/boutique-one-piece.com\/","logo":{"@type":"ImageObject","inLanguage":"pt-PT","@id":"https:\/\/boutique-one-piece.com\/#\/schema\/logo\/image\/","url":"https:\/\/boutique-one-piece.com\/wp-content\/uploads\/2022\/09\/Logo-01.png","contentUrl":"https:\/\/boutique-one-piece.com\/wp-content\/uploads\/2022\/09\/Logo-01.png","width":2318,"height":957,"caption":"Boutique One Piece"},"image":{"@id":"https:\/\/boutique-one-piece.com\/#\/schema\/logo\/image\/"}}]}},"_links":{"self":[{"href":"https:\/\/boutique-one-piece.com\/pt\/wp-json\/wp\/v2\/product\/16381","targetHints":{"allow":["GET"]}}],"collection":[{"href":"https:\/\/boutique-one-piece.com\/pt\/wp-json\/wp\/v2\/product"}],"about":[{"href":"https:\/\/boutique-one-piece.com\/pt\/wp-json\/wp\/v2\/types\/product"}],"replies":[{"embeddable":true,"href":"https:\/\/boutique-one-piece.com\/pt\/wp-json\/wp\/v2\/comments?post=16381"}],"wp:featuredmedia":[{"embeddable":true,"href":"https:\/\/boutique-one-piece.com\/pt\/wp-json\/wp\/v2\/media\/11376"}],"wp:attachment":[{"href":"https:\/\/boutique-one-piece.com\/pt\/wp-json\/wp\/v2\/media?parent=16381"}],"wp:term":[{"taxonomy":"product_brand","embeddable":true,"href":"https:\/\/boutique-one-piece.com\/pt\/wp-json\/wp\/v2\/product_brand?post=16381"},{"taxonomy":"product_cat","embeddable":true,"href":"https:\/\/boutique-one-piece.com\/pt\/wp-json\/wp\/v2\/product_cat?post=16381"},{"taxonomy":"product_tag","embeddable":true,"href":"https:\/\/boutique-one-piece.com\/pt\/wp-json\/wp\/v2\/product_tag?post=16381"}],"curies":[{"name":"wp","href":"https:\/\/api.w.org\/{rel}","templated":true}]}}