{"id":16551,"date":"2022-09-27T21:54:12","date_gmt":"2022-09-27T21:54:12","guid":{"rendered":"https:\/\/boutique-one-piece.com\/uncategorized\/porte-feuille-one-piece-drapeau-des-mugiwara\/"},"modified":"2024-09-16T14:42:16","modified_gmt":"2024-09-16T14:42:16","slug":"carteira-one-piece-com-a-bandeira-do-chapeu-de-palha","status":"publish","type":"product","link":"https:\/\/boutique-one-piece.com\/pt\/acessorios-de-one-piece\/carteira-one-piece-com-a-bandeira-do-chapeu-de-palha\/","title":{"rendered":"Carteira One Piece com bandeira do Chap\u00e9u de Palha"},"content":{"rendered":"<p><span><strong>Tipo de item:<\/strong> Carteira<\/span><br \/><span><strong>N\u00famero do modelo:<\/strong> 01 SAO Harry Potter Death Note Pok\u00e9mon Totoro Ataque dos Tit\u00e3s<\/span><br \/><span><strong>Altura do item:<\/strong> 12 cm<\/span><br \/><span><strong>Composi\u00e7\u00e3o do material:<\/strong> Couro<\/span><br \/><span><strong>Material do forro:<\/strong> Nylon<\/span><br \/><span><strong>Material principal:<\/strong> Couro dividido<\/span><br \/><span><strong>Carteiras:<\/strong> Carteiras padr\u00e3o<\/span><br \/><span><strong>G\u00eanero:<\/strong> Unissex<\/span><br \/><span><strong>Interior:<\/strong> Porta-moedas, Compartimento interno, Porta-fotos, Compartimento para notas, Porta-cart\u00f5es<\/span><br \/><span><strong>Comprimento do item:<\/strong> 10 cm<\/span><br \/><span><strong>Nome da marca:<\/strong> XAXBXC<\/span><br \/><span><strong>Peso do item:<\/strong> 150g<\/span><br \/><span><strong>Tipo de fechamento<\/strong> Sem z\u00edper<\/span><br \/><span><strong>Estilo:<\/strong> Moda<\/span><br \/><span><strong>Comprimento da carteira:<\/strong> Shorts<\/span><br \/><span><strong>Tipo de padr\u00e3o<\/strong> Desenho animado<\/span><br \/><span><strong>Decora\u00e7\u00e3o:<\/strong> Carta<\/span><br \/><span><strong>Largura do item:<\/strong> 2<\/span><\/p>","protected":false},"excerpt":{"rendered":"<p>Tipo de Item: Carteira N\u00famero do Modelo: 01 SAO Harry Potter Death Note Pokemon Totoro Attack on Titan Altura do Item: 12cm Composi\u00e7\u00e3o do Material: Couro Material do Forro: Nylon Material Principal: Couro Dividido Carteiras: Carteiras Padr\u00e3o G\u00eanero: Unissex Interior: Bolso para Moedas, Compartimento Interno, Porta-Fotos, Compartimento para Notas, Porta-Cart\u00f5es Comprimento do Item: 10cm Marca: XAXBXC Peso do Item: 150g Tipo de Fecho: Sem Z\u00edper Estilo: Fashion Comprimento da Carteira: Curta Tipo de Estampa: Desenho Animado Decora\u00e7\u00e3o: Letras Largura do Item: 2<\/p>","protected":false},"featured_media":16553,"comment_status":"open","ping_status":"closed","template":"","meta":[],"product_brand":[],"product_cat":[409],"product_tag":[],"class_list":{"0":"post-16551","1":"product","2":"type-product","3":"status-publish","4":"has-post-thumbnail","6":"product_cat-accessoires-one-piece","8":"first","9":"instock","10":"purchasable","11":"product-type-simple"},"yoast_head":"<!-- This site is optimized with the Yoast SEO plugin v27.5 - https:\/\/yoast.com\/product\/yoast-seo-wordpress\/ -->\n<title>Porte Feuille One Piece Drapeau Des Mugiwara<\/title>\n<meta name=\"description\" content=\"Item Type: WalletModel Number: 01 SAO Harry Potter Death Note Pokemon Totoro Attack on TitanItem Height: 12cmMaterial Composition: LeatherLining Material: NylonMain Material: Split LeatherWallets: Standard WalletsGender: UnisexInterior: Coin Pocket,Interior Compartment,Photo Holder,Note Compartment,Card HolderItem Leng\" \/>\n<meta name=\"robots\" content=\"index, follow, max-snippet:-1, max-image-preview:large, max-video-preview:-1\" \/>\n<link rel=\"canonical\" href=\"https:\/\/boutique-one-piece.com\/pt\/acessorios-de-one-piece\/carteira-one-piece-com-a-bandeira-do-chapeu-de-palha\/\" \/>\n<meta property=\"og:locale\" content=\"pt_PT\" \/>\n<meta property=\"og:type\" content=\"article\" \/>\n<meta property=\"og:title\" content=\"Porte Feuille One Piece Drapeau Des Mugiwara\" \/>\n<meta property=\"og:description\" content=\"Item Type: WalletModel Number: 01 SAO Harry Potter Death Note Pokemon Totoro Attack on TitanItem Height: 12cmMaterial Composition: LeatherLining Material: NylonMain Material: Split LeatherWallets: Standard WalletsGender: UnisexInterior: Coin Pocket,Interior Compartment,Photo Holder,Note Compartment,Card HolderItem Leng\" \/>\n<meta property=\"og:url\" content=\"https:\/\/boutique-one-piece.com\/pt\/acessorios-de-one-piece\/carteira-one-piece-com-a-bandeira-do-chapeu-de-palha\/\" \/>\n<meta property=\"og:site_name\" content=\"Boutique One Piece\" \/>\n<meta property=\"article:modified_time\" content=\"2024-09-16T14:42:16+00:00\" \/>\n<meta property=\"og:image\" content=\"https:\/\/boutique-one-piece.com\/wp-content\/uploads\/2022\/09\/Porte-Feuille-One-Piece-Drapeau-Des-Mugiwara-1.jpg\" \/>\n\t<meta property=\"og:image:width\" content=\"780\" \/>\n\t<meta property=\"og:image:height\" content=\"780\" \/>\n\t<meta property=\"og:image:type\" content=\"image\/jpeg\" \/>\n<meta name=\"twitter:card\" content=\"summary_large_image\" \/>\n<meta name=\"twitter:label1\" content=\"Tempo estimado de leitura\" \/>\n\t<meta name=\"twitter:data1\" content=\"1 minuto\" \/>\n<script type=\"application\/ld+json\" class=\"yoast-schema-graph\">{\"@context\":\"https:\\\/\\\/schema.org\",\"@graph\":[{\"@type\":\"WebPage\",\"@id\":\"https:\\\/\\\/boutique-one-piece.com\\\/accessoires-one-piece\\\/porte-feuille-one-piece-drapeau-des-mugiwara\\\/\",\"url\":\"https:\\\/\\\/boutique-one-piece.com\\\/accessoires-one-piece\\\/porte-feuille-one-piece-drapeau-des-mugiwara\\\/\",\"name\":\"Porte Feuille One Piece Drapeau Des Mugiwara\",\"isPartOf\":{\"@id\":\"https:\\\/\\\/boutique-one-piece.com\\\/#website\"},\"primaryImageOfPage\":{\"@id\":\"https:\\\/\\\/boutique-one-piece.com\\\/accessoires-one-piece\\\/porte-feuille-one-piece-drapeau-des-mugiwara\\\/#primaryimage\"},\"image\":{\"@id\":\"https:\\\/\\\/boutique-one-piece.com\\\/accessoires-one-piece\\\/porte-feuille-one-piece-drapeau-des-mugiwara\\\/#primaryimage\"},\"thumbnailUrl\":\"https:\\\/\\\/boutique-one-piece.com\\\/wp-content\\\/uploads\\\/2022\\\/09\\\/Porte-Feuille-One-Piece-Drapeau-Des-Mugiwara-1.jpg\",\"datePublished\":\"2022-09-27T21:54:12+00:00\",\"dateModified\":\"2024-09-16T14:42:16+00:00\",\"description\":\"Item Type: WalletModel Number: 01 SAO Harry Potter Death Note Pokemon Totoro Attack on TitanItem Height: 12cmMaterial Composition: LeatherLining Material: NylonMain Material: Split LeatherWallets: Standard WalletsGender: UnisexInterior: Coin Pocket,Interior Compartment,Photo Holder,Note Compartment,Card HolderItem Leng\",\"breadcrumb\":{\"@id\":\"https:\\\/\\\/boutique-one-piece.com\\\/accessoires-one-piece\\\/porte-feuille-one-piece-drapeau-des-mugiwara\\\/#breadcrumb\"},\"inLanguage\":\"pt-PT\",\"potentialAction\":[{\"@type\":\"ReadAction\",\"target\":[\"https:\\\/\\\/boutique-one-piece.com\\\/accessoires-one-piece\\\/porte-feuille-one-piece-drapeau-des-mugiwara\\\/\"]}]},{\"@type\":\"ImageObject\",\"inLanguage\":\"pt-PT\",\"@id\":\"https:\\\/\\\/boutique-one-piece.com\\\/accessoires-one-piece\\\/porte-feuille-one-piece-drapeau-des-mugiwara\\\/#primaryimage\",\"url\":\"https:\\\/\\\/boutique-one-piece.com\\\/wp-content\\\/uploads\\\/2022\\\/09\\\/Porte-Feuille-One-Piece-Drapeau-Des-Mugiwara-1.jpg\",\"contentUrl\":\"https:\\\/\\\/boutique-one-piece.com\\\/wp-content\\\/uploads\\\/2022\\\/09\\\/Porte-Feuille-One-Piece-Drapeau-Des-Mugiwara-1.jpg\",\"width\":780,\"height\":780},{\"@type\":\"BreadcrumbList\",\"@id\":\"https:\\\/\\\/boutique-one-piece.com\\\/accessoires-one-piece\\\/porte-feuille-one-piece-drapeau-des-mugiwara\\\/#breadcrumb\",\"itemListElement\":[{\"@type\":\"ListItem\",\"position\":1,\"name\":\"Home\",\"item\":\"https:\\\/\\\/boutique-one-piece.com\\\/\"},{\"@type\":\"ListItem\",\"position\":2,\"name\":\"Shop\",\"item\":\"https:\\\/\\\/boutique-one-piece.com\\\/shop\\\/\"},{\"@type\":\"ListItem\",\"position\":3,\"name\":\"Porte Feuille One Piece Drapeau Des Mugiwara\"}]},{\"@type\":\"WebSite\",\"@id\":\"https:\\\/\\\/boutique-one-piece.com\\\/#website\",\"url\":\"https:\\\/\\\/boutique-one-piece.com\\\/\",\"name\":\"Boutique One Piece\",\"description\":\"Magasin Sp\u00e9cialis\u00e9 du Manga et l&#039;Anime One Piece\",\"publisher\":{\"@id\":\"https:\\\/\\\/boutique-one-piece.com\\\/#organization\"},\"potentialAction\":[{\"@type\":\"SearchAction\",\"target\":{\"@type\":\"EntryPoint\",\"urlTemplate\":\"https:\\\/\\\/boutique-one-piece.com\\\/?s={search_term_string}\"},\"query-input\":{\"@type\":\"PropertyValueSpecification\",\"valueRequired\":true,\"valueName\":\"search_term_string\"}}],\"inLanguage\":\"pt-PT\"},{\"@type\":\"Organization\",\"@id\":\"https:\\\/\\\/boutique-one-piece.com\\\/#organization\",\"name\":\"Boutique One Piece\",\"url\":\"https:\\\/\\\/boutique-one-piece.com\\\/\",\"logo\":{\"@type\":\"ImageObject\",\"inLanguage\":\"pt-PT\",\"@id\":\"https:\\\/\\\/boutique-one-piece.com\\\/#\\\/schema\\\/logo\\\/image\\\/\",\"url\":\"https:\\\/\\\/boutique-one-piece.com\\\/wp-content\\\/uploads\\\/2022\\\/09\\\/Logo-01.png\",\"contentUrl\":\"https:\\\/\\\/boutique-one-piece.com\\\/wp-content\\\/uploads\\\/2022\\\/09\\\/Logo-01.png\",\"width\":2318,\"height\":957,\"caption\":\"Boutique One Piece\"},\"image\":{\"@id\":\"https:\\\/\\\/boutique-one-piece.com\\\/#\\\/schema\\\/logo\\\/image\\\/\"}}]}<\/script>\n<!-- \/ Yoast SEO plugin. -->","yoast_head_json":{"title":"Carteira One Piece com bandeira do Chap\u00e9u de Palha","description":"Tipo de Item: Carteira N\u00famero do Modelo: 01 SAO Harry Potter Death Note Pokemon Totoro Attack on Titan Altura do Item: 12cm Composi\u00e7\u00e3o do Material: Couro Material do Forro: Nylon Material Principal: Couro Dividido Carteiras: Carteiras Padr\u00e3o G\u00eanero: Unissex Interior: Bolso para Moedas, Compartimento Interno, Porta-Fotos, Compartimento para Notas, Porta-Cart\u00f5es Comprimento do Item","robots":{"index":"index","follow":"follow","max-snippet":"max-snippet:-1","max-image-preview":"max-image-preview:large","max-video-preview":"max-video-preview:-1"},"canonical":"https:\/\/boutique-one-piece.com\/pt\/acessorios-de-one-piece\/carteira-one-piece-com-a-bandeira-do-chapeu-de-palha\/","og_locale":"pt_PT","og_type":"article","og_title":"Porte Feuille One Piece Drapeau Des Mugiwara","og_description":"Item Type: WalletModel Number: 01 SAO Harry Potter Death Note Pokemon Totoro Attack on TitanItem Height: 12cmMaterial Composition: LeatherLining Material: NylonMain Material: Split LeatherWallets: Standard WalletsGender: UnisexInterior: Coin Pocket,Interior Compartment,Photo Holder,Note Compartment,Card HolderItem Leng","og_url":"https:\/\/boutique-one-piece.com\/pt\/acessorios-de-one-piece\/carteira-one-piece-com-a-bandeira-do-chapeu-de-palha\/","og_site_name":"Boutique One Piece","article_modified_time":"2024-09-16T14:42:16+00:00","og_image":[{"width":780,"height":780,"url":"https:\/\/boutique-one-piece.com\/wp-content\/uploads\/2022\/09\/Porte-Feuille-One-Piece-Drapeau-Des-Mugiwara-1.jpg","type":"image\/jpeg"}],"twitter_card":"summary_large_image","twitter_misc":{"Tempo estimado de leitura":"1 minuto"},"schema":{"@context":"https:\/\/schema.org","@graph":[{"@type":"WebPage","@id":"https:\/\/boutique-one-piece.com\/accessoires-one-piece\/porte-feuille-one-piece-drapeau-des-mugiwara\/","url":"https:\/\/boutique-one-piece.com\/accessoires-one-piece\/porte-feuille-one-piece-drapeau-des-mugiwara\/","name":"Carteira One Piece com bandeira do Chap\u00e9u de Palha","isPartOf":{"@id":"https:\/\/boutique-one-piece.com\/#website"},"primaryImageOfPage":{"@id":"https:\/\/boutique-one-piece.com\/accessoires-one-piece\/porte-feuille-one-piece-drapeau-des-mugiwara\/#primaryimage"},"image":{"@id":"https:\/\/boutique-one-piece.com\/accessoires-one-piece\/porte-feuille-one-piece-drapeau-des-mugiwara\/#primaryimage"},"thumbnailUrl":"https:\/\/boutique-one-piece.com\/wp-content\/uploads\/2022\/09\/Porte-Feuille-One-Piece-Drapeau-Des-Mugiwara-1.jpg","datePublished":"2022-09-27T21:54:12+00:00","dateModified":"2024-09-16T14:42:16+00:00","description":"Tipo de Item: Carteira N\u00famero do Modelo: 01 SAO Harry Potter Death Note Pokemon Totoro Attack on Titan Altura do Item: 12cm Composi\u00e7\u00e3o do Material: Couro Material do Forro: Nylon Material Principal: Couro Dividido Carteiras: Carteiras Padr\u00e3o G\u00eanero: Unissex Interior: Bolso para Moedas, Compartimento Interno, Porta-Fotos, Compartimento para Notas, Porta-Cart\u00f5es Comprimento do Item","breadcrumb":{"@id":"https:\/\/boutique-one-piece.com\/accessoires-one-piece\/porte-feuille-one-piece-drapeau-des-mugiwara\/#breadcrumb"},"inLanguage":"pt-PT","potentialAction":[{"@type":"ReadAction","target":["https:\/\/boutique-one-piece.com\/accessoires-one-piece\/porte-feuille-one-piece-drapeau-des-mugiwara\/"]}]},{"@type":"ImageObject","inLanguage":"pt-PT","@id":"https:\/\/boutique-one-piece.com\/accessoires-one-piece\/porte-feuille-one-piece-drapeau-des-mugiwara\/#primaryimage","url":"https:\/\/boutique-one-piece.com\/wp-content\/uploads\/2022\/09\/Porte-Feuille-One-Piece-Drapeau-Des-Mugiwara-1.jpg","contentUrl":"https:\/\/boutique-one-piece.com\/wp-content\/uploads\/2022\/09\/Porte-Feuille-One-Piece-Drapeau-Des-Mugiwara-1.jpg","width":780,"height":780},{"@type":"BreadcrumbList","@id":"https:\/\/boutique-one-piece.com\/accessoires-one-piece\/porte-feuille-one-piece-drapeau-des-mugiwara\/#breadcrumb","itemListElement":[{"@type":"ListItem","position":1,"name":"Home","item":"https:\/\/boutique-one-piece.com\/"},{"@type":"ListItem","position":2,"name":"Shop","item":"https:\/\/boutique-one-piece.com\/shop\/"},{"@type":"ListItem","position":3,"name":"Porte Feuille One Piece Drapeau Des Mugiwara"}]},{"@type":"WebSite","@id":"https:\/\/boutique-one-piece.com\/#website","url":"https:\/\/boutique-one-piece.com\/","name":"Loja One Piece","description":"Loja especializada em mang\u00e1 e anime de One Piece.","publisher":{"@id":"https:\/\/boutique-one-piece.com\/#organization"},"potentialAction":[{"@type":"SearchAction","target":{"@type":"EntryPoint","urlTemplate":"https:\/\/boutique-one-piece.com\/?s={search_term_string}"},"query-input":{"@type":"PropertyValueSpecification","valueRequired":true,"valueName":"search_term_string"}}],"inLanguage":"pt-PT"},{"@type":"Organization","@id":"https:\/\/boutique-one-piece.com\/#organization","name":"Loja One Piece","url":"https:\/\/boutique-one-piece.com\/","logo":{"@type":"ImageObject","inLanguage":"pt-PT","@id":"https:\/\/boutique-one-piece.com\/#\/schema\/logo\/image\/","url":"https:\/\/boutique-one-piece.com\/wp-content\/uploads\/2022\/09\/Logo-01.png","contentUrl":"https:\/\/boutique-one-piece.com\/wp-content\/uploads\/2022\/09\/Logo-01.png","width":2318,"height":957,"caption":"Boutique One Piece"},"image":{"@id":"https:\/\/boutique-one-piece.com\/#\/schema\/logo\/image\/"}}]}},"_links":{"self":[{"href":"https:\/\/boutique-one-piece.com\/pt\/wp-json\/wp\/v2\/product\/16551","targetHints":{"allow":["GET"]}}],"collection":[{"href":"https:\/\/boutique-one-piece.com\/pt\/wp-json\/wp\/v2\/product"}],"about":[{"href":"https:\/\/boutique-one-piece.com\/pt\/wp-json\/wp\/v2\/types\/product"}],"replies":[{"embeddable":true,"href":"https:\/\/boutique-one-piece.com\/pt\/wp-json\/wp\/v2\/comments?post=16551"}],"wp:featuredmedia":[{"embeddable":true,"href":"https:\/\/boutique-one-piece.com\/pt\/wp-json\/wp\/v2\/media\/16553"}],"wp:attachment":[{"href":"https:\/\/boutique-one-piece.com\/pt\/wp-json\/wp\/v2\/media?parent=16551"}],"wp:term":[{"taxonomy":"product_brand","embeddable":true,"href":"https:\/\/boutique-one-piece.com\/pt\/wp-json\/wp\/v2\/product_brand?post=16551"},{"taxonomy":"product_cat","embeddable":true,"href":"https:\/\/boutique-one-piece.com\/pt\/wp-json\/wp\/v2\/product_cat?post=16551"},{"taxonomy":"product_tag","embeddable":true,"href":"https:\/\/boutique-one-piece.com\/pt\/wp-json\/wp\/v2\/product_tag?post=16551"}],"curies":[{"name":"wp","href":"https:\/\/api.w.org\/{rel}","templated":true}]}}