{"id":16805,"date":"2022-09-27T21:55:52","date_gmt":"2022-09-27T21:55:52","guid":{"rendered":"https:\/\/boutique-one-piece.com\/uncategorized\/new-japan-anime-one-piece-nami-pendu\/"},"modified":"2024-09-16T14:49:38","modified_gmt":"2024-09-16T14:49:38","slug":"novo-anime-japones-one-piece-nami-enforcada","status":"publish","type":"product","link":"https:\/\/boutique-one-piece.com\/pt\/acessorios-de-one-piece\/novo-anime-japones-one-piece-nami-enforcada\/","title":{"rendered":"Novo anime japon\u00eas One Piece Nami Hangman"},"content":{"rendered":"<p><span><strong>Nome da marca:<\/strong> alegre<\/span><br \/><span><strong>Tipo de item:<\/strong> Marionetes<\/span><br \/><span><strong>N\u00famero de s\u00e9rie do fabricante:<\/strong> Modelo<\/span><br \/><span><strong>Acess\u00f3rios para soldados<\/strong> Soldado Produto Acabado<\/span><br \/><span><strong>Grau de conclus\u00e3o:<\/strong> Produtos acabados<\/span><br \/><span><strong>Controle remoto:<\/strong> N\u00e3o<\/span><br \/><span><strong>G\u00eanero:<\/strong> Unissex<\/span><br \/><span><strong>Tamanho:<\/strong> &lt;8cm<\/span><br \/><span><strong>Tamanho:<\/strong> M<\/span><br \/><span><strong>Material:<\/strong> Pl\u00e1stico<\/span><br \/><span><strong>Aviso:<\/strong> n\u00e3o<\/span><br \/><span><strong>Dimens\u00f5es:<\/strong> aproximadamente 55*3 mm<\/span><br \/><span><strong>Escala:<\/strong> 1\/200<\/span><br \/><span><strong>Por Animation Source:<\/strong> Jap\u00e3o<\/span><br \/><span><strong>Tipo de vers\u00e3o:<\/strong> Vers\u00e3o remasterizada<\/span><br \/><span><strong>Faixa et\u00e1ria:<\/strong> 8-11 anos<\/span><br \/><span><strong>Faixa et\u00e1ria:<\/strong> 12-15 anos<\/span><br \/><span><strong>Faixa et\u00e1ria:<\/strong> Adultos<\/span><br \/><span><strong>Faixa et\u00e1ria:<\/strong> &gt; 14 anos de idade<\/span><br \/><span><strong>Faixa et\u00e1ria:<\/strong> &gt; 8 anos de idade<\/span><br \/><span><strong>Atributo da mercadoria:<\/strong> Perif\u00e9ricos<\/span><br \/><span><strong>N\u00famero do modelo:<\/strong> Chaveiro com figura do One Piece - Brinquedo infantil<\/span><br \/><span><strong>Embalagem original:<\/strong> n\u00e3o<\/span><br \/><span><strong>Doen\u00e7a:<\/strong> Produtos em estoque<\/span><br \/><span><strong>Tipo de marionetes:<\/strong> Modelo<\/span><br \/><span><strong>Tema:<\/strong> Filmes e TV<\/span><br \/><span><strong>Aviso:<\/strong> n\u00e3o<\/span><br \/><span><strong>N\u00famero do modelo:<\/strong> Figura de a\u00e7\u00e3o de One Piece<\/span><br \/><span><strong>Dimens\u00f5es:<\/strong> cerca de 5-6 cm<\/span><br \/><span><strong>1:<\/strong> Chaveiro com figura do One Piece, brinquedo do grupo Leisure Life Pirates.<\/span><br \/><span><strong>2:<\/strong> Figura de a\u00e7\u00e3o do anime japon\u00eas One Piece<\/span><br \/><span><strong>3:<\/strong> chaveiro de boneco de a\u00e7\u00e3o de One Piece<\/span><br \/><span><strong>5:<\/strong> Lote de figuras de a\u00e7\u00e3o de One Piece: Akatsuki Madara, Zoro e Pandent.<\/span><br \/><span><strong>6:<\/strong> figura de uma pe\u00e7a figura figurine kids tpys<\/span><br \/><span><strong>7:<\/strong> Bonecos de a\u00e7\u00e3o de One Piece em PVC, brinquedos de 2016: Sasuke, Luffy, Roronoa e Zoro.<\/span><br \/><span><strong>8:<\/strong> Chaveiro com boneco de a\u00e7\u00e3o do Luffy, Roronoa, Zoro, Nami, Usopp e Sanji<\/span><br \/><span><strong>9:<\/strong> Chaveiro luminoso de acr\u00edlico em cores vibrantes com pingente de dupla face.<\/span><br \/><span><strong>10:<\/strong> figura de a\u00e7\u00e3o de uma pe\u00e7aTony Chopper Nico Franky Brook estatueta figurza<\/span><\/p>","protected":false},"excerpt":{"rendered":"<p>Marca: gleeooy Tipo de Item: Bonecos N\u00famero da S\u00e9rie do Fabricante: Modelo Acess\u00f3rios do Soldado: Soldado Produto Acabado Grau de Conclus\u00e3o: Produto Acabado Controle Remoto: N\u00e3o G\u00eanero: Unissex Tamanho: &lt;8cm Tamanho: M Material: Pl\u00e1stico Aviso: n\u00e3o Dimens\u00f5es: cerca de 55*3 mm Escala: 1\/200 Fonte da Anima\u00e7\u00e3o: Jap\u00e3o Tipo de Vers\u00e3o: Vers\u00e3o Remasterizada Faixa Et\u00e1ria: 8-11 anos Faixa Et\u00e1ria: 12-15 anos Faixa Et\u00e1ria: Adultos Faixa Et\u00e1ria: &gt; 14 anos Faixa Et\u00e1ria: &gt; 8 anos Atributo do Produto: Perif\u00e9ricos N\u00famero do Modelo: one piece [\u2026]<\/p>","protected":false},"featured_media":16807,"comment_status":"open","ping_status":"open","template":"","meta":[],"product_brand":[],"product_cat":[409],"product_tag":[],"class_list":{"0":"post-16805","1":"product","2":"type-product","3":"status-publish","4":"has-post-thumbnail","6":"product_cat-accessoires-one-piece","8":"first","9":"instock","10":"purchasable","11":"product-type-simple"},"yoast_head":"<!-- This site is optimized with the Yoast SEO plugin v27.5 - https:\/\/yoast.com\/product\/yoast-seo-wordpress\/ -->\n<title>New Japan Anime One Piece Nami Pendu \u2013 Boutique One Piece<\/title>\n<meta name=\"description\" content=\"Brand Name: gleeooyItem Type: PuppetsMfg Series Number: ModelSoldier Accessories: Soldier Finished ProductCompletion Degree: Finished GoodsRemote Control: NoGender: UnisexSize: &lt;8cmSize: MMaterial: PlasticWarning: noDimensions: about 55*3 mmScale: 1\/200By Animation Source: JapanVersion Type: Remastered VersionAge Ra\" \/>\n<meta name=\"robots\" content=\"index, follow, max-snippet:-1, max-image-preview:large, max-video-preview:-1\" \/>\n<link rel=\"canonical\" href=\"https:\/\/boutique-one-piece.com\/pt\/acessorios-de-one-piece\/novo-anime-japones-one-piece-nami-enforcada\/\" \/>\n<meta property=\"og:locale\" content=\"pt_PT\" \/>\n<meta property=\"og:type\" content=\"article\" \/>\n<meta property=\"og:title\" content=\"New Japan Anime One Piece Nami Pendu \u2013 Boutique One Piece\" \/>\n<meta property=\"og:description\" content=\"Brand Name: gleeooyItem Type: PuppetsMfg Series Number: ModelSoldier Accessories: Soldier Finished ProductCompletion Degree: Finished GoodsRemote Control: NoGender: UnisexSize: &lt;8cmSize: MMaterial: PlasticWarning: noDimensions: about 55*3 mmScale: 1\/200By Animation Source: JapanVersion Type: Remastered VersionAge Ra\" \/>\n<meta property=\"og:url\" content=\"https:\/\/boutique-one-piece.com\/pt\/acessorios-de-one-piece\/novo-anime-japones-one-piece-nami-enforcada\/\" \/>\n<meta property=\"og:site_name\" content=\"Boutique One Piece\" \/>\n<meta property=\"article:modified_time\" content=\"2024-09-16T14:49:38+00:00\" \/>\n<meta property=\"og:image\" content=\"https:\/\/boutique-one-piece.com\/wp-content\/uploads\/2022\/09\/New-Japan-Anime-One-Piece-Nami-Pendu.jpg\" \/>\n\t<meta property=\"og:image:width\" content=\"640\" \/>\n\t<meta property=\"og:image:height\" content=\"640\" \/>\n\t<meta property=\"og:image:type\" content=\"image\/jpeg\" \/>\n<meta name=\"twitter:card\" content=\"summary_large_image\" \/>\n<meta name=\"twitter:label1\" content=\"Tempo estimado de leitura\" \/>\n\t<meta name=\"twitter:data1\" content=\"1 minuto\" \/>\n<script type=\"application\/ld+json\" class=\"yoast-schema-graph\">{\"@context\":\"https:\\\/\\\/schema.org\",\"@graph\":[{\"@type\":\"WebPage\",\"@id\":\"https:\\\/\\\/boutique-one-piece.com\\\/accessoires-one-piece\\\/new-japan-anime-one-piece-nami-pendu\\\/\",\"url\":\"https:\\\/\\\/boutique-one-piece.com\\\/accessoires-one-piece\\\/new-japan-anime-one-piece-nami-pendu\\\/\",\"name\":\"New Japan Anime One Piece Nami Pendu \u2013 Boutique One Piece\",\"isPartOf\":{\"@id\":\"https:\\\/\\\/boutique-one-piece.com\\\/#website\"},\"primaryImageOfPage\":{\"@id\":\"https:\\\/\\\/boutique-one-piece.com\\\/accessoires-one-piece\\\/new-japan-anime-one-piece-nami-pendu\\\/#primaryimage\"},\"image\":{\"@id\":\"https:\\\/\\\/boutique-one-piece.com\\\/accessoires-one-piece\\\/new-japan-anime-one-piece-nami-pendu\\\/#primaryimage\"},\"thumbnailUrl\":\"https:\\\/\\\/boutique-one-piece.com\\\/wp-content\\\/uploads\\\/2022\\\/09\\\/New-Japan-Anime-One-Piece-Nami-Pendu.jpg\",\"datePublished\":\"2022-09-27T21:55:52+00:00\",\"dateModified\":\"2024-09-16T14:49:38+00:00\",\"description\":\"Brand Name: gleeooyItem Type: PuppetsMfg Series Number: ModelSoldier Accessories: Soldier Finished ProductCompletion Degree: Finished GoodsRemote Control: NoGender: UnisexSize: &lt;8cmSize: MMaterial: PlasticWarning: noDimensions: about 55*3 mmScale: 1\\\/200By Animation Source: JapanVersion Type: Remastered VersionAge Ra\",\"breadcrumb\":{\"@id\":\"https:\\\/\\\/boutique-one-piece.com\\\/accessoires-one-piece\\\/new-japan-anime-one-piece-nami-pendu\\\/#breadcrumb\"},\"inLanguage\":\"pt-PT\",\"potentialAction\":[{\"@type\":\"ReadAction\",\"target\":[\"https:\\\/\\\/boutique-one-piece.com\\\/accessoires-one-piece\\\/new-japan-anime-one-piece-nami-pendu\\\/\"]}]},{\"@type\":\"ImageObject\",\"inLanguage\":\"pt-PT\",\"@id\":\"https:\\\/\\\/boutique-one-piece.com\\\/accessoires-one-piece\\\/new-japan-anime-one-piece-nami-pendu\\\/#primaryimage\",\"url\":\"https:\\\/\\\/boutique-one-piece.com\\\/wp-content\\\/uploads\\\/2022\\\/09\\\/New-Japan-Anime-One-Piece-Nami-Pendu.jpg\",\"contentUrl\":\"https:\\\/\\\/boutique-one-piece.com\\\/wp-content\\\/uploads\\\/2022\\\/09\\\/New-Japan-Anime-One-Piece-Nami-Pendu.jpg\",\"width\":640,\"height\":640,\"caption\":\"New Japan Anime One Piece Nami Pendu Default Title\"},{\"@type\":\"BreadcrumbList\",\"@id\":\"https:\\\/\\\/boutique-one-piece.com\\\/accessoires-one-piece\\\/new-japan-anime-one-piece-nami-pendu\\\/#breadcrumb\",\"itemListElement\":[{\"@type\":\"ListItem\",\"position\":1,\"name\":\"Home\",\"item\":\"https:\\\/\\\/boutique-one-piece.com\\\/\"},{\"@type\":\"ListItem\",\"position\":2,\"name\":\"Shop\",\"item\":\"https:\\\/\\\/boutique-one-piece.com\\\/shop\\\/\"},{\"@type\":\"ListItem\",\"position\":3,\"name\":\"New Japan Anime One Piece Nami Pendu\"}]},{\"@type\":\"WebSite\",\"@id\":\"https:\\\/\\\/boutique-one-piece.com\\\/#website\",\"url\":\"https:\\\/\\\/boutique-one-piece.com\\\/\",\"name\":\"Boutique One Piece\",\"description\":\"Magasin Sp\u00e9cialis\u00e9 du Manga et l&#039;Anime One Piece\",\"publisher\":{\"@id\":\"https:\\\/\\\/boutique-one-piece.com\\\/#organization\"},\"potentialAction\":[{\"@type\":\"SearchAction\",\"target\":{\"@type\":\"EntryPoint\",\"urlTemplate\":\"https:\\\/\\\/boutique-one-piece.com\\\/?s={search_term_string}\"},\"query-input\":{\"@type\":\"PropertyValueSpecification\",\"valueRequired\":true,\"valueName\":\"search_term_string\"}}],\"inLanguage\":\"pt-PT\"},{\"@type\":\"Organization\",\"@id\":\"https:\\\/\\\/boutique-one-piece.com\\\/#organization\",\"name\":\"Boutique One Piece\",\"url\":\"https:\\\/\\\/boutique-one-piece.com\\\/\",\"logo\":{\"@type\":\"ImageObject\",\"inLanguage\":\"pt-PT\",\"@id\":\"https:\\\/\\\/boutique-one-piece.com\\\/#\\\/schema\\\/logo\\\/image\\\/\",\"url\":\"https:\\\/\\\/boutique-one-piece.com\\\/wp-content\\\/uploads\\\/2022\\\/09\\\/Logo-01.png\",\"contentUrl\":\"https:\\\/\\\/boutique-one-piece.com\\\/wp-content\\\/uploads\\\/2022\\\/09\\\/Logo-01.png\",\"width\":2318,\"height\":957,\"caption\":\"Boutique One Piece\"},\"image\":{\"@id\":\"https:\\\/\\\/boutique-one-piece.com\\\/#\\\/schema\\\/logo\\\/image\\\/\"}}]}<\/script>\n<!-- \/ Yoast SEO plugin. -->","yoast_head_json":{"title":"Novo anime japon\u00eas One Piece Nami Hangman \u2013 Loja One Piece","description":"Marca: gleeooy Tipo de Item: Marionetes N\u00famero da S\u00e9rie do Fabricante: Modelo Acess\u00f3rios para Soldado: Soldado Produto Acabado Grau de Conclus\u00e3o: Produto Acabado Controle Remoto: N\u00e3o G\u00eanero: Unissex Tamanho: &lt;8cm Tamanho: M Material: Pl\u00e1stico Aviso: n\u00e3o Dimens\u00f5es: cerca de 55*3 mm Escala: 1\/200 Fonte da Anima\u00e7\u00e3o: Jap\u00e3o Tipo de Vers\u00e3o: Vers\u00e3o Remasterizada Classifica\u00e7\u00e3o Indicativa: Livre","robots":{"index":"index","follow":"follow","max-snippet":"max-snippet:-1","max-image-preview":"max-image-preview:large","max-video-preview":"max-video-preview:-1"},"canonical":"https:\/\/boutique-one-piece.com\/pt\/acessorios-de-one-piece\/novo-anime-japones-one-piece-nami-enforcada\/","og_locale":"pt_PT","og_type":"article","og_title":"New Japan Anime One Piece Nami Pendu \u2013 Boutique One Piece","og_description":"Brand Name: gleeooyItem Type: PuppetsMfg Series Number: ModelSoldier Accessories: Soldier Finished ProductCompletion Degree: Finished GoodsRemote Control: NoGender: UnisexSize: &lt;8cmSize: MMaterial: PlasticWarning: noDimensions: about 55*3 mmScale: 1\/200By Animation Source: JapanVersion Type: Remastered VersionAge Ra","og_url":"https:\/\/boutique-one-piece.com\/pt\/acessorios-de-one-piece\/novo-anime-japones-one-piece-nami-enforcada\/","og_site_name":"Boutique One Piece","article_modified_time":"2024-09-16T14:49:38+00:00","og_image":[{"width":640,"height":640,"url":"https:\/\/boutique-one-piece.com\/wp-content\/uploads\/2022\/09\/New-Japan-Anime-One-Piece-Nami-Pendu.jpg","type":"image\/jpeg"}],"twitter_card":"summary_large_image","twitter_misc":{"Tempo estimado de leitura":"1 minuto"},"schema":{"@context":"https:\/\/schema.org","@graph":[{"@type":"WebPage","@id":"https:\/\/boutique-one-piece.com\/accessoires-one-piece\/new-japan-anime-one-piece-nami-pendu\/","url":"https:\/\/boutique-one-piece.com\/accessoires-one-piece\/new-japan-anime-one-piece-nami-pendu\/","name":"Novo anime japon\u00eas One Piece Nami Hangman \u2013 Loja One Piece","isPartOf":{"@id":"https:\/\/boutique-one-piece.com\/#website"},"primaryImageOfPage":{"@id":"https:\/\/boutique-one-piece.com\/accessoires-one-piece\/new-japan-anime-one-piece-nami-pendu\/#primaryimage"},"image":{"@id":"https:\/\/boutique-one-piece.com\/accessoires-one-piece\/new-japan-anime-one-piece-nami-pendu\/#primaryimage"},"thumbnailUrl":"https:\/\/boutique-one-piece.com\/wp-content\/uploads\/2022\/09\/New-Japan-Anime-One-Piece-Nami-Pendu.jpg","datePublished":"2022-09-27T21:55:52+00:00","dateModified":"2024-09-16T14:49:38+00:00","description":"Marca: gleeooy Tipo de Item: Marionetes N\u00famero da S\u00e9rie do Fabricante: Modelo Acess\u00f3rios para Soldado: Soldado Produto Acabado Grau de Conclus\u00e3o: Produto Acabado Controle Remoto: N\u00e3o G\u00eanero: Unissex Tamanho: &lt;8cm Tamanho: M Material: Pl\u00e1stico Aviso: n\u00e3o Dimens\u00f5es: cerca de 55*3 mm Escala: 1\/200 Fonte da Anima\u00e7\u00e3o: Jap\u00e3o Tipo de Vers\u00e3o: Vers\u00e3o Remasterizada Classifica\u00e7\u00e3o Indicativa: Livre","breadcrumb":{"@id":"https:\/\/boutique-one-piece.com\/accessoires-one-piece\/new-japan-anime-one-piece-nami-pendu\/#breadcrumb"},"inLanguage":"pt-PT","potentialAction":[{"@type":"ReadAction","target":["https:\/\/boutique-one-piece.com\/accessoires-one-piece\/new-japan-anime-one-piece-nami-pendu\/"]}]},{"@type":"ImageObject","inLanguage":"pt-PT","@id":"https:\/\/boutique-one-piece.com\/accessoires-one-piece\/new-japan-anime-one-piece-nami-pendu\/#primaryimage","url":"https:\/\/boutique-one-piece.com\/wp-content\/uploads\/2022\/09\/New-Japan-Anime-One-Piece-Nami-Pendu.jpg","contentUrl":"https:\/\/boutique-one-piece.com\/wp-content\/uploads\/2022\/09\/New-Japan-Anime-One-Piece-Nami-Pendu.jpg","width":640,"height":640,"caption":"New Japan Anime One Piece Nami Pendu Default Title"},{"@type":"BreadcrumbList","@id":"https:\/\/boutique-one-piece.com\/accessoires-one-piece\/new-japan-anime-one-piece-nami-pendu\/#breadcrumb","itemListElement":[{"@type":"ListItem","position":1,"name":"Home","item":"https:\/\/boutique-one-piece.com\/"},{"@type":"ListItem","position":2,"name":"Shop","item":"https:\/\/boutique-one-piece.com\/shop\/"},{"@type":"ListItem","position":3,"name":"New Japan Anime One Piece Nami Pendu"}]},{"@type":"WebSite","@id":"https:\/\/boutique-one-piece.com\/#website","url":"https:\/\/boutique-one-piece.com\/","name":"Loja One Piece","description":"Loja especializada em mang\u00e1 e anime de One Piece.","publisher":{"@id":"https:\/\/boutique-one-piece.com\/#organization"},"potentialAction":[{"@type":"SearchAction","target":{"@type":"EntryPoint","urlTemplate":"https:\/\/boutique-one-piece.com\/?s={search_term_string}"},"query-input":{"@type":"PropertyValueSpecification","valueRequired":true,"valueName":"search_term_string"}}],"inLanguage":"pt-PT"},{"@type":"Organization","@id":"https:\/\/boutique-one-piece.com\/#organization","name":"Loja One Piece","url":"https:\/\/boutique-one-piece.com\/","logo":{"@type":"ImageObject","inLanguage":"pt-PT","@id":"https:\/\/boutique-one-piece.com\/#\/schema\/logo\/image\/","url":"https:\/\/boutique-one-piece.com\/wp-content\/uploads\/2022\/09\/Logo-01.png","contentUrl":"https:\/\/boutique-one-piece.com\/wp-content\/uploads\/2022\/09\/Logo-01.png","width":2318,"height":957,"caption":"Boutique One Piece"},"image":{"@id":"https:\/\/boutique-one-piece.com\/#\/schema\/logo\/image\/"}}]}},"_links":{"self":[{"href":"https:\/\/boutique-one-piece.com\/pt\/wp-json\/wp\/v2\/product\/16805","targetHints":{"allow":["GET"]}}],"collection":[{"href":"https:\/\/boutique-one-piece.com\/pt\/wp-json\/wp\/v2\/product"}],"about":[{"href":"https:\/\/boutique-one-piece.com\/pt\/wp-json\/wp\/v2\/types\/product"}],"replies":[{"embeddable":true,"href":"https:\/\/boutique-one-piece.com\/pt\/wp-json\/wp\/v2\/comments?post=16805"}],"wp:featuredmedia":[{"embeddable":true,"href":"https:\/\/boutique-one-piece.com\/pt\/wp-json\/wp\/v2\/media\/16807"}],"wp:attachment":[{"href":"https:\/\/boutique-one-piece.com\/pt\/wp-json\/wp\/v2\/media?parent=16805"}],"wp:term":[{"taxonomy":"product_brand","embeddable":true,"href":"https:\/\/boutique-one-piece.com\/pt\/wp-json\/wp\/v2\/product_brand?post=16805"},{"taxonomy":"product_cat","embeddable":true,"href":"https:\/\/boutique-one-piece.com\/pt\/wp-json\/wp\/v2\/product_cat?post=16805"},{"taxonomy":"product_tag","embeddable":true,"href":"https:\/\/boutique-one-piece.com\/pt\/wp-json\/wp\/v2\/product_tag?post=16805"}],"curies":[{"name":"wp","href":"https:\/\/api.w.org\/{rel}","templated":true}]}}