{"id":17109,"date":"2022-09-27T21:57:41","date_gmt":"2022-09-27T21:57:41","guid":{"rendered":"https:\/\/boutique-one-piece.com\/uncategorized\/avis-de-recherche-zeff-wanted\/"},"modified":"2024-09-16T14:58:47","modified_gmt":"2024-09-16T14:58:47","slug":"zeff-queria-aviso","status":"publish","type":"product","link":"https:\/\/boutique-one-piece.com\/pt\/poster-de-procurado-de-one-piece\/zeff-queria-aviso\/","title":{"rendered":"Aviso de Procuradoria de Zeff"},"content":{"rendered":"<h2>D\u00e9core ton bureau avec le poster d\u2019un homme attachant de ton manga pr\u00e9f\u00e9r\u00e9. Cet Avis de Recherche Zeff Wanted est parfait pour ceux qui ont aim\u00e9 l\u2019arc Baratie.<\/h2>\n<p>Zeff de patas vermelhas \u00e9 o <strong>chefe<\/strong> do restaurante que \u00e9 um barco, o <strong>Baratie<\/strong>. C\u2019est un homme avec une longue moustache tress\u00e9e qui est le <strong>Mentor de Sanji<\/strong>. On peut dire qu\u2019ils ont une v\u00e9ritable relation p\u00e8re-fils et que Sanji sera toujours reconnaissant envers lui. Quand on compare les surnoms de ces deux personnages, Sanji la Jambe Noire et Zeff aux Pieds Rouges, on comprend que c\u2019est Zeff qui a enseign\u00e9 son style de combat \u00e0 Sanji et qu\u2019il se bat avec les pieds pour ne pas se blesser \u00e0 la main, car les mains sont faites pour cuisiner selon lui.<\/p>\n<h3>Montre \u00e0 quel point ta passion pour One piece est forte avec cet Avis de Recherche d\u2019un personnage sympathique.<\/h3>\n<p>Avant de tenir le Baratie, le navire de Zeff a coul\u00e9 apr\u00e8s une temp\u00eate et Zeff f\u00fbt le seul rescap\u00e9 sur une \u00eele d\u00e9serte avec Sanji, qu\u2019il a sauv\u00e9 de la noyade. Il va donner le peu de nourriture dans un sac \u00e0 Sanji en lui faisant croire qu\u2019il a partag\u00e9 ce qu\u2019il avait en nourriture en une moiti\u00e9 chacun, mais quand Sanji, affam\u00e9 h\u00e9site \u00e0 lui voler son sac, il se rend compte qu\u2019il n\u2019y avait rien dedans et qu\u2019il a mang\u00e9 sa jambe pour survivre.<\/p>\n<p>Isso \u00e9 <strong>melhor<\/strong> est\u00e1 em 60 milh\u00f5es de Berries.<\/p>\n<p>Se voc\u00ea gostou dos nossos p\u00f4steres, vai gostar deste tamb\u00e9m. <a href=\"https:\/\/boutique-one-piece.com\/pt\/poster-de-procurado-de-one-piece\/produtos\/cartaz-de-procurado-de-one-piece-portgas-d-ace\/\" target=\"_blank\" title=\"Aviso de Procurado Ace\" rel=\"noopener noreferrer\">Cartaz de procurado do Ace<\/a>.<\/p>\n<h2>Informations sur l\u2019Affiche One Piece Wanted Zeff<\/h2>\n<ul>\n<li><span><b><u>P\u00f4ster de Procurado de One Piece<\/u><\/b>\u00a0: v\u00e9ritable Avis De Recherche de l\u2019univers One Piece pour les vrais pirates<\/span><\/li>\n<\/ul>\n<ul>\n<li>\n<b><u>B\u00f4nus de Zeff<\/u><\/b>\u00a060.000.000 de bagas<\/li>\n<\/ul>\n<ul>\n<li><span><strong>Impress\u00e3o de alta qualidade<\/strong>\u00a0cores precisas<\/span><\/li>\n<\/ul>\n<ul>\n<li>\n<strong>Dimens\u00e3o<\/strong>\u00a0: 30 cm x 21 cm e 42 cm x 30 cm<\/li>\n<\/ul>\n<ul>\n<li><span><strong>ENTREGA GR\u00c1TIS<\/strong><\/span><\/li>\n<\/ul>","protected":false},"excerpt":{"rendered":"<p>D\u00e9core ton bureau avec le poster d\u2019un homme attachant de ton manga pr\u00e9f\u00e9r\u00e9. Cet Avis de Recherche Zeff Wanted est parfait pour ceux qui ont aim\u00e9 l\u2019arc Baratie. Zeff aux pieds rouges est le chef du restaurant qui est un bateau, le Baratie. C\u2019est un homme avec une longue moustache tress\u00e9e qui est le mentor [&hellip;]<\/p>","protected":false},"featured_media":19279,"comment_status":"open","ping_status":"open","template":"","meta":[],"product_brand":[],"product_cat":[171],"product_tag":[],"class_list":{"0":"post-17109","1":"product","2":"type-product","3":"status-publish","4":"has-post-thumbnail","6":"product_cat-avis-de-recherche-one-piece","8":"first","9":"outofstock","10":"purchasable","11":"product-type-variable"},"yoast_head":"<!-- This site is optimized with the Yoast SEO plugin v27.5 - https:\/\/yoast.com\/product\/yoast-seo-wordpress\/ -->\n<title>Avis De Recherche Zeff Wanted | D\u00e9coration One Piece \u2013 Boutique One Piece<\/title>\n<meta name=\"description\" content=\"D\u00e9core ton bureau avec le poster d&#039;un homme attachant de ton manga pr\u00e9f\u00e9r\u00e9. Cet Avis de Recherche Zeff Wanted est parfait pour ceux qui ont aim\u00e9 l&#039;arc Baratie. Zeff aux pieds rouges est le chef du restaurant qui est un bateau, le Baratie. C&#039;est un homme avec une longue moustache tress\u00e9e qui est le mentor de Sanji. On p\" \/>\n<meta name=\"robots\" content=\"index, follow, max-snippet:-1, max-image-preview:large, max-video-preview:-1\" \/>\n<link rel=\"canonical\" href=\"https:\/\/boutique-one-piece.com\/pt\/poster-de-procurado-de-one-piece\/zeff-queria-aviso\/\" \/>\n<meta property=\"og:locale\" content=\"pt_PT\" \/>\n<meta property=\"og:type\" content=\"article\" \/>\n<meta property=\"og:title\" content=\"Avis De Recherche Zeff Wanted | D\u00e9coration One Piece \u2013 Boutique One Piece\" \/>\n<meta property=\"og:description\" content=\"D\u00e9core ton bureau avec le poster d&#039;un homme attachant de ton manga pr\u00e9f\u00e9r\u00e9. Cet Avis de Recherche Zeff Wanted est parfait pour ceux qui ont aim\u00e9 l&#039;arc Baratie. Zeff aux pieds rouges est le chef du restaurant qui est un bateau, le Baratie. C&#039;est un homme avec une longue moustache tress\u00e9e qui est le mentor de Sanji. On p\" \/>\n<meta property=\"og:url\" content=\"https:\/\/boutique-one-piece.com\/pt\/poster-de-procurado-de-one-piece\/zeff-queria-aviso\/\" \/>\n<meta property=\"og:site_name\" content=\"Boutique One Piece\" \/>\n<meta property=\"article:modified_time\" content=\"2024-09-16T14:58:47+00:00\" \/>\n<meta property=\"og:image\" content=\"https:\/\/boutique-one-piece.com\/wp-content\/uploads\/2022\/09\/Affiche-murale-imprim-e-en-papier-kraft-Luffy-Zoro-Nami-Franky-Boa-Law-Wanted-affiche-d.jpg_640x640.jpg\" \/>\n\t<meta property=\"og:image:width\" content=\"453\" \/>\n\t<meta property=\"og:image:height\" content=\"640\" \/>\n\t<meta property=\"og:image:type\" content=\"image\/jpeg\" \/>\n<meta name=\"twitter:card\" content=\"summary_large_image\" \/>\n<meta name=\"twitter:label1\" content=\"Tempo estimado de leitura\" \/>\n\t<meta name=\"twitter:data1\" content=\"3 minutos\" \/>\n<script type=\"application\/ld+json\" class=\"yoast-schema-graph\">{\"@context\":\"https:\\\/\\\/schema.org\",\"@graph\":[{\"@type\":\"WebPage\",\"@id\":\"https:\\\/\\\/boutique-one-piece.com\\\/avis-de-recherche-one-piece\\\/avis-de-recherche-zeff-wanted\\\/\",\"url\":\"https:\\\/\\\/boutique-one-piece.com\\\/avis-de-recherche-one-piece\\\/avis-de-recherche-zeff-wanted\\\/\",\"name\":\"Avis De Recherche Zeff Wanted | D\u00e9coration One Piece \u2013 Boutique One Piece\",\"isPartOf\":{\"@id\":\"https:\\\/\\\/boutique-one-piece.com\\\/#website\"},\"primaryImageOfPage\":{\"@id\":\"https:\\\/\\\/boutique-one-piece.com\\\/avis-de-recherche-one-piece\\\/avis-de-recherche-zeff-wanted\\\/#primaryimage\"},\"image\":{\"@id\":\"https:\\\/\\\/boutique-one-piece.com\\\/avis-de-recherche-one-piece\\\/avis-de-recherche-zeff-wanted\\\/#primaryimage\"},\"thumbnailUrl\":\"https:\\\/\\\/boutique-one-piece.com\\\/wp-content\\\/uploads\\\/2022\\\/09\\\/Affiche-murale-imprim-e-en-papier-kraft-Luffy-Zoro-Nami-Franky-Boa-Law-Wanted-affiche-d.jpg_640x640.jpg\",\"datePublished\":\"2022-09-27T21:57:41+00:00\",\"dateModified\":\"2024-09-16T14:58:47+00:00\",\"description\":\"D\u00e9core ton bureau avec le poster d'un homme attachant de ton manga pr\u00e9f\u00e9r\u00e9. Cet Avis de Recherche Zeff Wanted est parfait pour ceux qui ont aim\u00e9 l'arc Baratie. Zeff aux pieds rouges est le chef du restaurant qui est un bateau, le Baratie. C'est un homme avec une longue moustache tress\u00e9e qui est le mentor de Sanji. On p\",\"breadcrumb\":{\"@id\":\"https:\\\/\\\/boutique-one-piece.com\\\/avis-de-recherche-one-piece\\\/avis-de-recherche-zeff-wanted\\\/#breadcrumb\"},\"inLanguage\":\"pt-PT\",\"potentialAction\":[{\"@type\":\"ReadAction\",\"target\":[\"https:\\\/\\\/boutique-one-piece.com\\\/avis-de-recherche-one-piece\\\/avis-de-recherche-zeff-wanted\\\/\"]}]},{\"@type\":\"ImageObject\",\"inLanguage\":\"pt-PT\",\"@id\":\"https:\\\/\\\/boutique-one-piece.com\\\/avis-de-recherche-one-piece\\\/avis-de-recherche-zeff-wanted\\\/#primaryimage\",\"url\":\"https:\\\/\\\/boutique-one-piece.com\\\/wp-content\\\/uploads\\\/2022\\\/09\\\/Affiche-murale-imprim-e-en-papier-kraft-Luffy-Zoro-Nami-Franky-Boa-Law-Wanted-affiche-d.jpg_640x640.jpg\",\"contentUrl\":\"https:\\\/\\\/boutique-one-piece.com\\\/wp-content\\\/uploads\\\/2022\\\/09\\\/Affiche-murale-imprim-e-en-papier-kraft-Luffy-Zoro-Nami-Franky-Boa-Law-Wanted-affiche-d.jpg_640x640.jpg\",\"width\":453,\"height\":640},{\"@type\":\"BreadcrumbList\",\"@id\":\"https:\\\/\\\/boutique-one-piece.com\\\/avis-de-recherche-one-piece\\\/avis-de-recherche-zeff-wanted\\\/#breadcrumb\",\"itemListElement\":[{\"@type\":\"ListItem\",\"position\":1,\"name\":\"Home\",\"item\":\"https:\\\/\\\/boutique-one-piece.com\\\/\"},{\"@type\":\"ListItem\",\"position\":2,\"name\":\"Shop\",\"item\":\"https:\\\/\\\/boutique-one-piece.com\\\/shop\\\/\"},{\"@type\":\"ListItem\",\"position\":3,\"name\":\"Avis De Recherche Zeff Wanted\"}]},{\"@type\":\"WebSite\",\"@id\":\"https:\\\/\\\/boutique-one-piece.com\\\/#website\",\"url\":\"https:\\\/\\\/boutique-one-piece.com\\\/\",\"name\":\"Boutique One Piece\",\"description\":\"Magasin Sp\u00e9cialis\u00e9 du Manga et l&#039;Anime One Piece\",\"publisher\":{\"@id\":\"https:\\\/\\\/boutique-one-piece.com\\\/#organization\"},\"potentialAction\":[{\"@type\":\"SearchAction\",\"target\":{\"@type\":\"EntryPoint\",\"urlTemplate\":\"https:\\\/\\\/boutique-one-piece.com\\\/?s={search_term_string}\"},\"query-input\":{\"@type\":\"PropertyValueSpecification\",\"valueRequired\":true,\"valueName\":\"search_term_string\"}}],\"inLanguage\":\"pt-PT\"},{\"@type\":\"Organization\",\"@id\":\"https:\\\/\\\/boutique-one-piece.com\\\/#organization\",\"name\":\"Boutique One Piece\",\"url\":\"https:\\\/\\\/boutique-one-piece.com\\\/\",\"logo\":{\"@type\":\"ImageObject\",\"inLanguage\":\"pt-PT\",\"@id\":\"https:\\\/\\\/boutique-one-piece.com\\\/#\\\/schema\\\/logo\\\/image\\\/\",\"url\":\"https:\\\/\\\/boutique-one-piece.com\\\/wp-content\\\/uploads\\\/2022\\\/09\\\/Logo-01.png\",\"contentUrl\":\"https:\\\/\\\/boutique-one-piece.com\\\/wp-content\\\/uploads\\\/2022\\\/09\\\/Logo-01.png\",\"width\":2318,\"height\":957,\"caption\":\"Boutique One Piece\"},\"image\":{\"@id\":\"https:\\\/\\\/boutique-one-piece.com\\\/#\\\/schema\\\/logo\\\/image\\\/\"}}]}<\/script>\n<!-- \/ Yoast SEO plugin. -->","yoast_head_json":{"title":"Aviso de Procurado Zeff | Decora\u00e7\u00f5es de One Piece \u2013 Loja de One Piece","description":"Decore sua mesa com um p\u00f4ster de um personagem cativante do seu mang\u00e1 favorito. Este p\u00f4ster de &quot;Procurado&quot; do Zeff \u00e9 perfeito para quem amou o arco do Baratie. Zeff, o P\u00e9 Vermelho, \u00e9 o chef do restaurante flutuante chamado Baratie. Ele tem um longo bigode tran\u00e7ado e \u00e9 o mentor do Sanji.","robots":{"index":"index","follow":"follow","max-snippet":"max-snippet:-1","max-image-preview":"max-image-preview:large","max-video-preview":"max-video-preview:-1"},"canonical":"https:\/\/boutique-one-piece.com\/pt\/poster-de-procurado-de-one-piece\/zeff-queria-aviso\/","og_locale":"pt_PT","og_type":"article","og_title":"Avis De Recherche Zeff Wanted | D\u00e9coration One Piece \u2013 Boutique One Piece","og_description":"D\u00e9core ton bureau avec le poster d'un homme attachant de ton manga pr\u00e9f\u00e9r\u00e9. Cet Avis de Recherche Zeff Wanted est parfait pour ceux qui ont aim\u00e9 l'arc Baratie. Zeff aux pieds rouges est le chef du restaurant qui est un bateau, le Baratie. C'est un homme avec une longue moustache tress\u00e9e qui est le mentor de Sanji. On p","og_url":"https:\/\/boutique-one-piece.com\/pt\/poster-de-procurado-de-one-piece\/zeff-queria-aviso\/","og_site_name":"Boutique One Piece","article_modified_time":"2024-09-16T14:58:47+00:00","og_image":[{"width":453,"height":640,"url":"https:\/\/boutique-one-piece.com\/wp-content\/uploads\/2022\/09\/Affiche-murale-imprim-e-en-papier-kraft-Luffy-Zoro-Nami-Franky-Boa-Law-Wanted-affiche-d.jpg_640x640.jpg","type":"image\/jpeg"}],"twitter_card":"summary_large_image","twitter_misc":{"Tempo estimado de leitura":"3 minutos"},"schema":{"@context":"https:\/\/schema.org","@graph":[{"@type":"WebPage","@id":"https:\/\/boutique-one-piece.com\/avis-de-recherche-one-piece\/avis-de-recherche-zeff-wanted\/","url":"https:\/\/boutique-one-piece.com\/avis-de-recherche-one-piece\/avis-de-recherche-zeff-wanted\/","name":"Aviso de Procurado Zeff | Decora\u00e7\u00f5es de One Piece \u2013 Loja de One Piece","isPartOf":{"@id":"https:\/\/boutique-one-piece.com\/#website"},"primaryImageOfPage":{"@id":"https:\/\/boutique-one-piece.com\/avis-de-recherche-one-piece\/avis-de-recherche-zeff-wanted\/#primaryimage"},"image":{"@id":"https:\/\/boutique-one-piece.com\/avis-de-recherche-one-piece\/avis-de-recherche-zeff-wanted\/#primaryimage"},"thumbnailUrl":"https:\/\/boutique-one-piece.com\/wp-content\/uploads\/2022\/09\/Affiche-murale-imprim-e-en-papier-kraft-Luffy-Zoro-Nami-Franky-Boa-Law-Wanted-affiche-d.jpg_640x640.jpg","datePublished":"2022-09-27T21:57:41+00:00","dateModified":"2024-09-16T14:58:47+00:00","description":"Decore sua mesa com um p\u00f4ster de um personagem cativante do seu mang\u00e1 favorito. Este p\u00f4ster de &quot;Procurado&quot; do Zeff \u00e9 perfeito para quem amou o arco do Baratie. Zeff, o P\u00e9 Vermelho, \u00e9 o chef do restaurante flutuante chamado Baratie. Ele tem um longo bigode tran\u00e7ado e \u00e9 o mentor do Sanji.","breadcrumb":{"@id":"https:\/\/boutique-one-piece.com\/avis-de-recherche-one-piece\/avis-de-recherche-zeff-wanted\/#breadcrumb"},"inLanguage":"pt-PT","potentialAction":[{"@type":"ReadAction","target":["https:\/\/boutique-one-piece.com\/avis-de-recherche-one-piece\/avis-de-recherche-zeff-wanted\/"]}]},{"@type":"ImageObject","inLanguage":"pt-PT","@id":"https:\/\/boutique-one-piece.com\/avis-de-recherche-one-piece\/avis-de-recherche-zeff-wanted\/#primaryimage","url":"https:\/\/boutique-one-piece.com\/wp-content\/uploads\/2022\/09\/Affiche-murale-imprim-e-en-papier-kraft-Luffy-Zoro-Nami-Franky-Boa-Law-Wanted-affiche-d.jpg_640x640.jpg","contentUrl":"https:\/\/boutique-one-piece.com\/wp-content\/uploads\/2022\/09\/Affiche-murale-imprim-e-en-papier-kraft-Luffy-Zoro-Nami-Franky-Boa-Law-Wanted-affiche-d.jpg_640x640.jpg","width":453,"height":640},{"@type":"BreadcrumbList","@id":"https:\/\/boutique-one-piece.com\/avis-de-recherche-one-piece\/avis-de-recherche-zeff-wanted\/#breadcrumb","itemListElement":[{"@type":"ListItem","position":1,"name":"Home","item":"https:\/\/boutique-one-piece.com\/"},{"@type":"ListItem","position":2,"name":"Shop","item":"https:\/\/boutique-one-piece.com\/shop\/"},{"@type":"ListItem","position":3,"name":"Avis De Recherche Zeff Wanted"}]},{"@type":"WebSite","@id":"https:\/\/boutique-one-piece.com\/#website","url":"https:\/\/boutique-one-piece.com\/","name":"Loja One Piece","description":"Loja especializada em mang\u00e1 e anime de One Piece.","publisher":{"@id":"https:\/\/boutique-one-piece.com\/#organization"},"potentialAction":[{"@type":"SearchAction","target":{"@type":"EntryPoint","urlTemplate":"https:\/\/boutique-one-piece.com\/?s={search_term_string}"},"query-input":{"@type":"PropertyValueSpecification","valueRequired":true,"valueName":"search_term_string"}}],"inLanguage":"pt-PT"},{"@type":"Organization","@id":"https:\/\/boutique-one-piece.com\/#organization","name":"Loja One Piece","url":"https:\/\/boutique-one-piece.com\/","logo":{"@type":"ImageObject","inLanguage":"pt-PT","@id":"https:\/\/boutique-one-piece.com\/#\/schema\/logo\/image\/","url":"https:\/\/boutique-one-piece.com\/wp-content\/uploads\/2022\/09\/Logo-01.png","contentUrl":"https:\/\/boutique-one-piece.com\/wp-content\/uploads\/2022\/09\/Logo-01.png","width":2318,"height":957,"caption":"Boutique One Piece"},"image":{"@id":"https:\/\/boutique-one-piece.com\/#\/schema\/logo\/image\/"}}]}},"_links":{"self":[{"href":"https:\/\/boutique-one-piece.com\/pt\/wp-json\/wp\/v2\/product\/17109","targetHints":{"allow":["GET"]}}],"collection":[{"href":"https:\/\/boutique-one-piece.com\/pt\/wp-json\/wp\/v2\/product"}],"about":[{"href":"https:\/\/boutique-one-piece.com\/pt\/wp-json\/wp\/v2\/types\/product"}],"replies":[{"embeddable":true,"href":"https:\/\/boutique-one-piece.com\/pt\/wp-json\/wp\/v2\/comments?post=17109"}],"wp:featuredmedia":[{"embeddable":true,"href":"https:\/\/boutique-one-piece.com\/pt\/wp-json\/wp\/v2\/media\/19279"}],"wp:attachment":[{"href":"https:\/\/boutique-one-piece.com\/pt\/wp-json\/wp\/v2\/media?parent=17109"}],"wp:term":[{"taxonomy":"product_brand","embeddable":true,"href":"https:\/\/boutique-one-piece.com\/pt\/wp-json\/wp\/v2\/product_brand?post=17109"},{"taxonomy":"product_cat","embeddable":true,"href":"https:\/\/boutique-one-piece.com\/pt\/wp-json\/wp\/v2\/product_cat?post=17109"},{"taxonomy":"product_tag","embeddable":true,"href":"https:\/\/boutique-one-piece.com\/pt\/wp-json\/wp\/v2\/product_tag?post=17109"}],"curies":[{"name":"wp","href":"https:\/\/api.w.org\/{rel}","templated":true}]}}