{"id":17177,"date":"2022-09-27T21:58:10","date_gmt":"2022-09-27T21:58:10","guid":{"rendered":"https:\/\/boutique-one-piece.com\/uncategorized\/coque-one-piece-trafalgar-law\/"},"modified":"2024-09-16T15:00:51","modified_gmt":"2024-09-16T15:00:51","slug":"caso-trafalgar-de-one-piece","status":"publish","type":"product","link":"https:\/\/boutique-one-piece.com\/pt\/acessorios-de-one-piece\/caso-trafalgar-de-one-piece\/","title":{"rendered":"Caso Trafalgar de One Piece"},"content":{"rendered":"<p><span><strong>Nome da marca:<\/strong> MaiYaCa<\/span><br \/><span><strong>Fun\u00e7\u00e3o:<\/strong> Resistente \u00e0 sujeira<\/span><br \/><span><strong>Fun\u00e7\u00e3o:<\/strong> Antidetonante<\/span><br \/><span><strong>Tipo:<\/strong> Estojo semi-embrulhado<\/span><br \/><span><strong>Caracter\u00edsticas<\/strong> capa preta de TPU macio<\/span><br \/><span><strong>Marca compat\u00edvel:<\/strong> iPhones da Apple<\/span><br \/><span><strong>Modelo de iPhone compat\u00edvel:<\/strong> iPhone 7 Plus<\/span><br \/><span><strong>Modelo de iPhone compat\u00edvel:<\/strong> iPhone 5c<\/span><br \/><span><strong>Modelo de iPhone compat\u00edvel:<\/strong> iPhone 6s Plus<\/span><br \/><span><strong>Modelo de iPhone compat\u00edvel:<\/strong> iPhone 5<\/span><br \/><span><strong>Modelo de iPhone compat\u00edvel:<\/strong> iPhone 6 Plus<\/span><br \/><span><strong>Modelo de iPhone compat\u00edvel:<\/strong> iPhone 6S<\/span><br \/><span><strong>Modelo de iPhone compat\u00edvel:<\/strong> iPhone 5s<\/span><br \/><span><strong>Modelo de iPhone compat\u00edvel:<\/strong> iPhone 8 Plus<\/span><br \/><span><strong>Modelo de iPhone compat\u00edvel:<\/strong> iPhone 8<\/span><br \/><span><strong>Modelo de iPhone compat\u00edvel:<\/strong> iPhone 6<\/span><br \/><span><strong>Modelo de iPhone compat\u00edvel:<\/strong> iPhone X<\/span><br \/><span><strong>Modelo de iPhone compat\u00edvel:<\/strong> iPhone SE<\/span><br \/><span><strong>Modelo de iPhone compat\u00edvel:<\/strong> iPhone 7<\/span><br \/><span><strong>Modelo de iPhone compat\u00edvel:<\/strong> iPhone XR<\/span><br \/><span><strong>Modelo de iPhone compat\u00edvel:<\/strong> iPhone XS Max<\/span><br \/><span><strong>Modelo de iPhone compat\u00edvel:<\/strong> iPhone XS<\/span><br \/><span><strong>Modelo de iPhone compat\u00edvel:<\/strong> iPhone 11<\/span><br \/><span><strong>Modelo de iPhone compat\u00edvel:<\/strong> iPhone 11 Pro<\/span><br \/><span><strong>Modelo de iPhone compat\u00edvel:<\/strong> iPhone 11 Pro Max<\/span><br \/><span><strong>Tamanho:<\/strong> 5.5<\/span><br \/><span><strong>Tamanho:<\/strong> 4.7<\/span><br \/><span><strong>Tamanho:<\/strong> 4<\/span><br \/><span><strong>Projeto:<\/strong> Cita\u00e7\u00f5es e mensagens<\/span><br \/><span><strong>Projeto:<\/strong> Fosco<\/span><br \/><span><strong>Projeto:<\/strong> Simples<\/span><br \/><span><strong>Projeto:<\/strong> Geom\u00e9trico<\/span><br \/><span><strong>Sujo:<\/strong> Qualidade para atacado e varejo<\/span><br \/><span><strong>Material:<\/strong> TPU macio de silicone preto<\/span><br \/><span><strong>Categoria:<\/strong> acess\u00f3rios para celular<\/span><br \/><span><strong>Capa para celular compat\u00edvel com iPhone 7 e 8 Plus:<\/strong> Capa para iPhone 8\/7 Plus<\/span><br \/><span><strong>Capa para iPhone X XS MAX XR:<\/strong> Capa para iPhone 8 5S 6S 7<\/span><br \/><span><strong>Capa para iPhone 8\/8 Plus:<\/strong> Capa para iPhone 5S 6S Plus<\/span><br \/><span><strong>Capa para iPhone 6 Plus\/6S:<\/strong> Capa para iPhone 6 Plus, 6S, 7 e 7 Plus<\/span><br \/><span><strong>Capa para iPhone X\/XS Max:<\/strong> Capa para celular compat\u00edvel com iPhone XS, XR, XS Max, 11 e 11 Pro Max.<\/span><br \/><span><strong>Item:<\/strong> Papel de parede do anime japon\u00eas One Piece com Luffy, Tony e Chopper.<\/span><br \/><span><strong>Elemento:<\/strong> Caso do anime japon\u00eas One Piece com Luffy e Tony Chopper<\/span><\/p>","protected":false},"excerpt":{"rendered":"<p>Marca: MaiYaCaFun\u00e7\u00e3o: Resistente \u00e0 sujeiraFun\u00e7\u00e3o: Anti-impactoTipo: Capa semi-envolventeCaracter\u00edsticas: Capa preta de TPU macioMarca compat\u00edvel: Apple iPhonesModelo de iPhone compat\u00edvel: iPhone 7 PlusModelo de iPhone compat\u00edvel: iPhone 5cModelo de iPhone compat\u00edvel: iPhone 6s PlusModelo de iPhone compat\u00edvel: iPhone 5Modelo de iPhone compat\u00edvel: iPhone 6 PlusModelo de iPhone compat\u00edvel: iPhone 6SModelo de iPhone compat\u00edvel: iPhone 5sModelo de iPhone compat\u00edvel: iPhone 8 PlusModelo de iPhone compat\u00edvel: iPhone 8Modelo de iPhone compat\u00edvel: [\u2026]<\/p>","protected":false},"featured_media":18180,"comment_status":"open","ping_status":"open","template":"","meta":[],"product_brand":[],"product_cat":[409],"product_tag":[],"class_list":{"0":"post-17177","1":"product","2":"type-product","3":"status-publish","4":"has-post-thumbnail","6":"product_cat-accessoires-one-piece","8":"first","9":"instock","10":"purchasable","11":"product-type-variable","12":"has-default-attributes"},"yoast_head":"<!-- This site is optimized with the Yoast SEO plugin v27.5 - https:\/\/yoast.com\/product\/yoast-seo-wordpress\/ -->\n<title>Coque One Piece Trafalgar Law \u2013 Boutique One Piece<\/title>\n<meta name=\"description\" content=\"Brand Name: MaiYaCaFunction: Dirt-resistantFunction: Anti-knockType: Half-wrapped CaseFeatures: black soft tpu caseCompatible Brand: Apple iPhonesCompatible iPhone Model: iPhone 7 PlusCompatible iPhone Model: iPhone5cCompatible iPhone Model: iPhone 6s plusCompatible iPhone Model: iPhone 5Compatible iPhone Model: iPhone\" \/>\n<meta name=\"robots\" content=\"index, follow, max-snippet:-1, max-image-preview:large, max-video-preview:-1\" \/>\n<link rel=\"canonical\" href=\"https:\/\/boutique-one-piece.com\/pt\/acessorios-de-one-piece\/caso-trafalgar-de-one-piece\/\" \/>\n<meta property=\"og:locale\" content=\"pt_PT\" \/>\n<meta property=\"og:type\" content=\"article\" \/>\n<meta property=\"og:title\" content=\"Coque One Piece Trafalgar Law \u2013 Boutique One Piece\" \/>\n<meta property=\"og:description\" content=\"Brand Name: MaiYaCaFunction: Dirt-resistantFunction: Anti-knockType: Half-wrapped CaseFeatures: black soft tpu caseCompatible Brand: Apple iPhonesCompatible iPhone Model: iPhone 7 PlusCompatible iPhone Model: iPhone5cCompatible iPhone Model: iPhone 6s plusCompatible iPhone Model: iPhone 5Compatible iPhone Model: iPhone\" \/>\n<meta property=\"og:url\" content=\"https:\/\/boutique-one-piece.com\/pt\/acessorios-de-one-piece\/caso-trafalgar-de-one-piece\/\" \/>\n<meta property=\"og:site_name\" content=\"Boutique One Piece\" \/>\n<meta property=\"article:modified_time\" content=\"2024-09-16T15:00:51+00:00\" \/>\n<meta property=\"og:image\" content=\"https:\/\/boutique-one-piece.com\/wp-content\/uploads\/2022\/09\/coque-one-piece-trafalgar-law-15030449078308.jpg\" \/>\n\t<meta property=\"og:image:width\" content=\"640\" \/>\n\t<meta property=\"og:image:height\" content=\"640\" \/>\n\t<meta property=\"og:image:type\" content=\"image\/jpeg\" \/>\n<meta name=\"twitter:card\" content=\"summary_large_image\" \/>\n<meta name=\"twitter:label1\" content=\"Tempo estimado de leitura\" \/>\n\t<meta name=\"twitter:data1\" content=\"2 minutos\" \/>\n<script type=\"application\/ld+json\" class=\"yoast-schema-graph\">{\"@context\":\"https:\\\/\\\/schema.org\",\"@graph\":[{\"@type\":\"WebPage\",\"@id\":\"https:\\\/\\\/boutique-one-piece.com\\\/accessoires-one-piece\\\/coque-one-piece-trafalgar-law\\\/\",\"url\":\"https:\\\/\\\/boutique-one-piece.com\\\/accessoires-one-piece\\\/coque-one-piece-trafalgar-law\\\/\",\"name\":\"Coque One Piece Trafalgar Law \u2013 Boutique One Piece\",\"isPartOf\":{\"@id\":\"https:\\\/\\\/boutique-one-piece.com\\\/#website\"},\"primaryImageOfPage\":{\"@id\":\"https:\\\/\\\/boutique-one-piece.com\\\/accessoires-one-piece\\\/coque-one-piece-trafalgar-law\\\/#primaryimage\"},\"image\":{\"@id\":\"https:\\\/\\\/boutique-one-piece.com\\\/accessoires-one-piece\\\/coque-one-piece-trafalgar-law\\\/#primaryimage\"},\"thumbnailUrl\":\"https:\\\/\\\/boutique-one-piece.com\\\/wp-content\\\/uploads\\\/2022\\\/09\\\/coque-one-piece-trafalgar-law-15030449078308.jpg\",\"datePublished\":\"2022-09-27T21:58:10+00:00\",\"dateModified\":\"2024-09-16T15:00:51+00:00\",\"description\":\"Brand Name: MaiYaCaFunction: Dirt-resistantFunction: Anti-knockType: Half-wrapped CaseFeatures: black soft tpu caseCompatible Brand: Apple iPhonesCompatible iPhone Model: iPhone 7 PlusCompatible iPhone Model: iPhone5cCompatible iPhone Model: iPhone 6s plusCompatible iPhone Model: iPhone 5Compatible iPhone Model: iPhone\",\"breadcrumb\":{\"@id\":\"https:\\\/\\\/boutique-one-piece.com\\\/accessoires-one-piece\\\/coque-one-piece-trafalgar-law\\\/#breadcrumb\"},\"inLanguage\":\"pt-PT\",\"potentialAction\":[{\"@type\":\"ReadAction\",\"target\":[\"https:\\\/\\\/boutique-one-piece.com\\\/accessoires-one-piece\\\/coque-one-piece-trafalgar-law\\\/\"]}]},{\"@type\":\"ImageObject\",\"inLanguage\":\"pt-PT\",\"@id\":\"https:\\\/\\\/boutique-one-piece.com\\\/accessoires-one-piece\\\/coque-one-piece-trafalgar-law\\\/#primaryimage\",\"url\":\"https:\\\/\\\/boutique-one-piece.com\\\/wp-content\\\/uploads\\\/2022\\\/09\\\/coque-one-piece-trafalgar-law-15030449078308.jpg\",\"contentUrl\":\"https:\\\/\\\/boutique-one-piece.com\\\/wp-content\\\/uploads\\\/2022\\\/09\\\/coque-one-piece-trafalgar-law-15030449078308.jpg\",\"width\":640,\"height\":640},{\"@type\":\"BreadcrumbList\",\"@id\":\"https:\\\/\\\/boutique-one-piece.com\\\/accessoires-one-piece\\\/coque-one-piece-trafalgar-law\\\/#breadcrumb\",\"itemListElement\":[{\"@type\":\"ListItem\",\"position\":1,\"name\":\"Home\",\"item\":\"https:\\\/\\\/boutique-one-piece.com\\\/\"},{\"@type\":\"ListItem\",\"position\":2,\"name\":\"Shop\",\"item\":\"https:\\\/\\\/boutique-one-piece.com\\\/shop\\\/\"},{\"@type\":\"ListItem\",\"position\":3,\"name\":\"Coque One Piece Trafalgar Law\"}]},{\"@type\":\"WebSite\",\"@id\":\"https:\\\/\\\/boutique-one-piece.com\\\/#website\",\"url\":\"https:\\\/\\\/boutique-one-piece.com\\\/\",\"name\":\"Boutique One Piece\",\"description\":\"Magasin Sp\u00e9cialis\u00e9 du Manga et l&#039;Anime One Piece\",\"publisher\":{\"@id\":\"https:\\\/\\\/boutique-one-piece.com\\\/#organization\"},\"potentialAction\":[{\"@type\":\"SearchAction\",\"target\":{\"@type\":\"EntryPoint\",\"urlTemplate\":\"https:\\\/\\\/boutique-one-piece.com\\\/?s={search_term_string}\"},\"query-input\":{\"@type\":\"PropertyValueSpecification\",\"valueRequired\":true,\"valueName\":\"search_term_string\"}}],\"inLanguage\":\"pt-PT\"},{\"@type\":\"Organization\",\"@id\":\"https:\\\/\\\/boutique-one-piece.com\\\/#organization\",\"name\":\"Boutique One Piece\",\"url\":\"https:\\\/\\\/boutique-one-piece.com\\\/\",\"logo\":{\"@type\":\"ImageObject\",\"inLanguage\":\"pt-PT\",\"@id\":\"https:\\\/\\\/boutique-one-piece.com\\\/#\\\/schema\\\/logo\\\/image\\\/\",\"url\":\"https:\\\/\\\/boutique-one-piece.com\\\/wp-content\\\/uploads\\\/2022\\\/09\\\/Logo-01.png\",\"contentUrl\":\"https:\\\/\\\/boutique-one-piece.com\\\/wp-content\\\/uploads\\\/2022\\\/09\\\/Logo-01.png\",\"width\":2318,\"height\":957,\"caption\":\"Boutique One Piece\"},\"image\":{\"@id\":\"https:\\\/\\\/boutique-one-piece.com\\\/#\\\/schema\\\/logo\\\/image\\\/\"}}]}<\/script>\n<!-- \/ Yoast SEO plugin. -->","yoast_head_json":{"title":"Caso Trafalgar de One Piece \u2013 Loja de One Piece","description":"Marca: MaiYaCaFun\u00e7\u00e3o: Resistente \u00e0 sujeiraFun\u00e7\u00e3o: Anti-impactoTipo: Capa semi-envolventeCaracter\u00edsticas: Capa preta de TPU macioMarca compat\u00edvel: Apple iPhonesModelo de iPhone compat\u00edvel: iPhone 7 PlusModelo de iPhone compat\u00edvel: iPhone 5cModelo de iPhone compat\u00edvel: iPhone 6s PlusModelo de iPhone compat\u00edvel: iPhone 5Modelo de iPhone compat\u00edvel: iPhone","robots":{"index":"index","follow":"follow","max-snippet":"max-snippet:-1","max-image-preview":"max-image-preview:large","max-video-preview":"max-video-preview:-1"},"canonical":"https:\/\/boutique-one-piece.com\/pt\/acessorios-de-one-piece\/caso-trafalgar-de-one-piece\/","og_locale":"pt_PT","og_type":"article","og_title":"Coque One Piece Trafalgar Law \u2013 Boutique One Piece","og_description":"Brand Name: MaiYaCaFunction: Dirt-resistantFunction: Anti-knockType: Half-wrapped CaseFeatures: black soft tpu caseCompatible Brand: Apple iPhonesCompatible iPhone Model: iPhone 7 PlusCompatible iPhone Model: iPhone5cCompatible iPhone Model: iPhone 6s plusCompatible iPhone Model: iPhone 5Compatible iPhone Model: iPhone","og_url":"https:\/\/boutique-one-piece.com\/pt\/acessorios-de-one-piece\/caso-trafalgar-de-one-piece\/","og_site_name":"Boutique One Piece","article_modified_time":"2024-09-16T15:00:51+00:00","og_image":[{"width":640,"height":640,"url":"https:\/\/boutique-one-piece.com\/wp-content\/uploads\/2022\/09\/coque-one-piece-trafalgar-law-15030449078308.jpg","type":"image\/jpeg"}],"twitter_card":"summary_large_image","twitter_misc":{"Tempo estimado de leitura":"2 minutos"},"schema":{"@context":"https:\/\/schema.org","@graph":[{"@type":"WebPage","@id":"https:\/\/boutique-one-piece.com\/accessoires-one-piece\/coque-one-piece-trafalgar-law\/","url":"https:\/\/boutique-one-piece.com\/accessoires-one-piece\/coque-one-piece-trafalgar-law\/","name":"Caso Trafalgar de One Piece \u2013 Loja de One Piece","isPartOf":{"@id":"https:\/\/boutique-one-piece.com\/#website"},"primaryImageOfPage":{"@id":"https:\/\/boutique-one-piece.com\/accessoires-one-piece\/coque-one-piece-trafalgar-law\/#primaryimage"},"image":{"@id":"https:\/\/boutique-one-piece.com\/accessoires-one-piece\/coque-one-piece-trafalgar-law\/#primaryimage"},"thumbnailUrl":"https:\/\/boutique-one-piece.com\/wp-content\/uploads\/2022\/09\/coque-one-piece-trafalgar-law-15030449078308.jpg","datePublished":"2022-09-27T21:58:10+00:00","dateModified":"2024-09-16T15:00:51+00:00","description":"Marca: MaiYaCaFun\u00e7\u00e3o: Resistente \u00e0 sujeiraFun\u00e7\u00e3o: Anti-impactoTipo: Capa semi-envolventeCaracter\u00edsticas: Capa preta de TPU macioMarca compat\u00edvel: Apple iPhonesModelo de iPhone compat\u00edvel: iPhone 7 PlusModelo de iPhone compat\u00edvel: iPhone 5cModelo de iPhone compat\u00edvel: iPhone 6s PlusModelo de iPhone compat\u00edvel: iPhone 5Modelo de iPhone compat\u00edvel: iPhone","breadcrumb":{"@id":"https:\/\/boutique-one-piece.com\/accessoires-one-piece\/coque-one-piece-trafalgar-law\/#breadcrumb"},"inLanguage":"pt-PT","potentialAction":[{"@type":"ReadAction","target":["https:\/\/boutique-one-piece.com\/accessoires-one-piece\/coque-one-piece-trafalgar-law\/"]}]},{"@type":"ImageObject","inLanguage":"pt-PT","@id":"https:\/\/boutique-one-piece.com\/accessoires-one-piece\/coque-one-piece-trafalgar-law\/#primaryimage","url":"https:\/\/boutique-one-piece.com\/wp-content\/uploads\/2022\/09\/coque-one-piece-trafalgar-law-15030449078308.jpg","contentUrl":"https:\/\/boutique-one-piece.com\/wp-content\/uploads\/2022\/09\/coque-one-piece-trafalgar-law-15030449078308.jpg","width":640,"height":640},{"@type":"BreadcrumbList","@id":"https:\/\/boutique-one-piece.com\/accessoires-one-piece\/coque-one-piece-trafalgar-law\/#breadcrumb","itemListElement":[{"@type":"ListItem","position":1,"name":"Home","item":"https:\/\/boutique-one-piece.com\/"},{"@type":"ListItem","position":2,"name":"Shop","item":"https:\/\/boutique-one-piece.com\/shop\/"},{"@type":"ListItem","position":3,"name":"Coque One Piece Trafalgar Law"}]},{"@type":"WebSite","@id":"https:\/\/boutique-one-piece.com\/#website","url":"https:\/\/boutique-one-piece.com\/","name":"Loja One Piece","description":"Loja especializada em mang\u00e1 e anime de One Piece.","publisher":{"@id":"https:\/\/boutique-one-piece.com\/#organization"},"potentialAction":[{"@type":"SearchAction","target":{"@type":"EntryPoint","urlTemplate":"https:\/\/boutique-one-piece.com\/?s={search_term_string}"},"query-input":{"@type":"PropertyValueSpecification","valueRequired":true,"valueName":"search_term_string"}}],"inLanguage":"pt-PT"},{"@type":"Organization","@id":"https:\/\/boutique-one-piece.com\/#organization","name":"Loja One Piece","url":"https:\/\/boutique-one-piece.com\/","logo":{"@type":"ImageObject","inLanguage":"pt-PT","@id":"https:\/\/boutique-one-piece.com\/#\/schema\/logo\/image\/","url":"https:\/\/boutique-one-piece.com\/wp-content\/uploads\/2022\/09\/Logo-01.png","contentUrl":"https:\/\/boutique-one-piece.com\/wp-content\/uploads\/2022\/09\/Logo-01.png","width":2318,"height":957,"caption":"Boutique One Piece"},"image":{"@id":"https:\/\/boutique-one-piece.com\/#\/schema\/logo\/image\/"}}]}},"_links":{"self":[{"href":"https:\/\/boutique-one-piece.com\/pt\/wp-json\/wp\/v2\/product\/17177","targetHints":{"allow":["GET"]}}],"collection":[{"href":"https:\/\/boutique-one-piece.com\/pt\/wp-json\/wp\/v2\/product"}],"about":[{"href":"https:\/\/boutique-one-piece.com\/pt\/wp-json\/wp\/v2\/types\/product"}],"replies":[{"embeddable":true,"href":"https:\/\/boutique-one-piece.com\/pt\/wp-json\/wp\/v2\/comments?post=17177"}],"wp:featuredmedia":[{"embeddable":true,"href":"https:\/\/boutique-one-piece.com\/pt\/wp-json\/wp\/v2\/media\/18180"}],"wp:attachment":[{"href":"https:\/\/boutique-one-piece.com\/pt\/wp-json\/wp\/v2\/media?parent=17177"}],"wp:term":[{"taxonomy":"product_brand","embeddable":true,"href":"https:\/\/boutique-one-piece.com\/pt\/wp-json\/wp\/v2\/product_brand?post=17177"},{"taxonomy":"product_cat","embeddable":true,"href":"https:\/\/boutique-one-piece.com\/pt\/wp-json\/wp\/v2\/product_cat?post=17177"},{"taxonomy":"product_tag","embeddable":true,"href":"https:\/\/boutique-one-piece.com\/pt\/wp-json\/wp\/v2\/product_tag?post=17177"}],"curies":[{"name":"wp","href":"https:\/\/api.w.org\/{rel}","templated":true}]}}