{"id":17396,"date":"2022-09-27T22:01:17","date_gmt":"2022-09-27T22:01:17","guid":{"rendered":"https:\/\/boutique-one-piece.com\/uncategorized\/tableau-one-piece-3-piece-ace-aux-poing-ardent\/"},"modified":"2024-09-16T15:07:12","modified_gmt":"2024-09-16T15:07:12","slug":"pintura-de-one-piece-3-ace-com-o-punho-flamejante","status":"publish","type":"product","link":"https:\/\/boutique-one-piece.com\/pt\/decoracoes-de-one-piece\/pintura-de-one-piece-3-ace-com-o-punho-flamejante\/","title":{"rendered":"Pintura do Ace de 3 pe\u00e7as de One Piece com Punhos de Fogo"},"content":{"rendered":"<p><span><strong>N\u00famero do modelo:<\/strong> 3PS-08<\/span><br \/><span><strong>Material:<\/strong> Tela<\/span><br \/><span><strong>Estilo:<\/strong> Moderno<\/span><br \/><span><strong>M\u00e9dio:<\/strong> Tinta \u00e0 prova d&#039;\u00e1gua<\/span><br \/><span><strong>Quadro:<\/strong> Sim<\/span><br \/><span><strong>Modo de enquadramento:<\/strong> Espelhos emoldurados<\/span><br \/><span><strong>Forma:<\/strong> Combinado<\/span><br \/><span><strong>T\u00e9cnicas:<\/strong> Pintura em spray<\/span><br \/><span><strong>Forma:<\/strong> Ret\u00e2ngulo horizontal<\/span><br \/><span><strong>Suporte b\u00e1sico:<\/strong> Tela<\/span><br \/><span><strong>Original:<\/strong> Sim<\/span><br \/><span><strong>Tipo:<\/strong> Impress\u00f5es em tela<\/span><br \/><span><strong>Nome da marca:<\/strong> Chambotrade<\/span><br \/><span><strong>Assuntos:<\/strong> 3P<\/span><br \/><span><strong>Assuntos:<\/strong> Pintura 3PS-01<\/span><br \/><span><strong>Tipo:<\/strong> Impresso<\/span><br \/><span><strong>T\u00e9cnicas:<\/strong> Pintura em spray<\/span><br \/><span><strong>Forma:<\/strong> Irregular<\/span><br \/><span><strong>Obra de arte:<\/strong> Impress\u00f5es em tela<\/span><br \/><span><strong>Emoldurado:<\/strong> Sem moldura\/Com moldura<\/span><br \/><span><strong>Revestimento:<\/strong> Resistente a raios UV, \u00e0 prova d&#039;\u00e1gua e \u00e0 prova de umidade.<\/span><br \/><span><strong>Estilo e t\u00e9cnica de pintura:<\/strong> Impress\u00f5es art\u00edsticas modernas em tela decorativa<\/span><br \/><span><strong>Dropshipping:<\/strong> Sim, suporte<\/span><br \/><span><strong>N\u00famero do modelo:<\/strong> 3PS-08<\/span><\/p>","protected":false},"excerpt":{"rendered":"<p>N\u00famero do modelo: 3PS-08Material: TelaEstilo: ModernoT\u00e9cnica: Tinta \u00e0 prova d&#039;\u00e1guaMoldura: SimModo de moldura: Espelhado com molduraFormato: CombinadoT\u00e9cnica: Pintura em sprayFormato: Ret\u00e2ngulo horizontalBase de suporte: TelaOriginal: SimTipo: Impress\u00f5es em telaMarca: ChambotradeAssuntos: 3PAssuntos: 3PS-01 Tipo de pintura: ImpressoT\u00e9cnica: Pintura em sprayFormato: IrregularObra de arte: Impress\u00f5es em telaCom moldura: Sem moldura\/Com molduraRevestimento: UV, \u00e0 prova d&#039;\u00e1gua, resistente \u00e0 umidadeEstilo e t\u00e9cnica de pintura: Impress\u00f5es de arte em tela decorativas modernasDropshipping: Sim, dispon\u00edvelN\u00famero do modelo: 3PS-08<\/p>","protected":false},"featured_media":17398,"comment_status":"open","ping_status":"open","template":"","meta":[],"product_brand":[],"product_cat":[150],"product_tag":[],"class_list":{"0":"post-17396","1":"product","2":"type-product","3":"status-publish","4":"has-post-thumbnail","6":"product_cat-decorations-one-piece","8":"first","9":"instock","10":"purchasable","11":"product-type-variable","12":"has-default-attributes"},"yoast_head":"<!-- This site is optimized with the Yoast SEO plugin v27.5 - https:\/\/yoast.com\/product\/yoast-seo-wordpress\/ -->\n<title>Tableau One Piece 3 Piece Ace Aux Poing Ardent \u2013 Boutique One Piece<\/title>\n<meta name=\"description\" content=\"Model Number: 3PS-08Material: CanvasStyle: ModernMedium: Waterproof InkFrame: YesFrame mode: Framed MirrorsForm: CombinedTechnics: Spray PaintingShape: Horizontal RectangleSupport Base: CanvasOriginal: YesType: Canvas PrintingsBrand Name: ChambotradeSubjects: 3PSubjects: 3PS-01 PaintingType: PrintedTechnics: Spray Pain\" \/>\n<meta name=\"robots\" content=\"index, follow, max-snippet:-1, max-image-preview:large, max-video-preview:-1\" \/>\n<link rel=\"canonical\" href=\"https:\/\/boutique-one-piece.com\/pt\/decoracoes-de-one-piece\/pintura-de-one-piece-3-ace-com-o-punho-flamejante\/\" \/>\n<meta property=\"og:locale\" content=\"pt_PT\" \/>\n<meta property=\"og:type\" content=\"article\" \/>\n<meta property=\"og:title\" content=\"Tableau One Piece 3 Piece Ace Aux Poing Ardent \u2013 Boutique One Piece\" \/>\n<meta property=\"og:description\" content=\"Model Number: 3PS-08Material: CanvasStyle: ModernMedium: Waterproof InkFrame: YesFrame mode: Framed MirrorsForm: CombinedTechnics: Spray PaintingShape: Horizontal RectangleSupport Base: CanvasOriginal: YesType: Canvas PrintingsBrand Name: ChambotradeSubjects: 3PSubjects: 3PS-01 PaintingType: PrintedTechnics: Spray Pain\" \/>\n<meta property=\"og:url\" content=\"https:\/\/boutique-one-piece.com\/pt\/decoracoes-de-one-piece\/pintura-de-one-piece-3-ace-com-o-punho-flamejante\/\" \/>\n<meta property=\"og:site_name\" content=\"Boutique One Piece\" \/>\n<meta property=\"article:modified_time\" content=\"2024-09-16T15:07:12+00:00\" \/>\n<meta property=\"og:image\" content=\"https:\/\/boutique-one-piece.com\/wp-content\/uploads\/2022\/09\/Tableau-One-Piece-3-Piece-Ace-Aux-Poing-Ardent-1.jpg\" \/>\n\t<meta property=\"og:image:width\" content=\"1000\" \/>\n\t<meta property=\"og:image:height\" content=\"1000\" \/>\n\t<meta property=\"og:image:type\" content=\"image\/jpeg\" \/>\n<meta name=\"twitter:card\" content=\"summary_large_image\" \/>\n<script type=\"application\/ld+json\" class=\"yoast-schema-graph\">{\"@context\":\"https:\\\/\\\/schema.org\",\"@graph\":[{\"@type\":\"WebPage\",\"@id\":\"https:\\\/\\\/boutique-one-piece.com\\\/decorations-one-piece\\\/tableau-one-piece-3-piece-ace-aux-poing-ardent\\\/\",\"url\":\"https:\\\/\\\/boutique-one-piece.com\\\/decorations-one-piece\\\/tableau-one-piece-3-piece-ace-aux-poing-ardent\\\/\",\"name\":\"Tableau One Piece 3 Piece Ace Aux Poing Ardent \u2013 Boutique One Piece\",\"isPartOf\":{\"@id\":\"https:\\\/\\\/boutique-one-piece.com\\\/#website\"},\"primaryImageOfPage\":{\"@id\":\"https:\\\/\\\/boutique-one-piece.com\\\/decorations-one-piece\\\/tableau-one-piece-3-piece-ace-aux-poing-ardent\\\/#primaryimage\"},\"image\":{\"@id\":\"https:\\\/\\\/boutique-one-piece.com\\\/decorations-one-piece\\\/tableau-one-piece-3-piece-ace-aux-poing-ardent\\\/#primaryimage\"},\"thumbnailUrl\":\"https:\\\/\\\/boutique-one-piece.com\\\/wp-content\\\/uploads\\\/2022\\\/09\\\/Tableau-One-Piece-3-Piece-Ace-Aux-Poing-Ardent-1.jpg\",\"datePublished\":\"2022-09-27T22:01:17+00:00\",\"dateModified\":\"2024-09-16T15:07:12+00:00\",\"description\":\"Model Number: 3PS-08Material: CanvasStyle: ModernMedium: Waterproof InkFrame: YesFrame mode: Framed MirrorsForm: CombinedTechnics: Spray PaintingShape: Horizontal RectangleSupport Base: CanvasOriginal: YesType: Canvas PrintingsBrand Name: ChambotradeSubjects: 3PSubjects: 3PS-01 PaintingType: PrintedTechnics: Spray Pain\",\"breadcrumb\":{\"@id\":\"https:\\\/\\\/boutique-one-piece.com\\\/decorations-one-piece\\\/tableau-one-piece-3-piece-ace-aux-poing-ardent\\\/#breadcrumb\"},\"inLanguage\":\"pt-PT\",\"potentialAction\":[{\"@type\":\"ReadAction\",\"target\":[\"https:\\\/\\\/boutique-one-piece.com\\\/decorations-one-piece\\\/tableau-one-piece-3-piece-ace-aux-poing-ardent\\\/\"]}]},{\"@type\":\"ImageObject\",\"inLanguage\":\"pt-PT\",\"@id\":\"https:\\\/\\\/boutique-one-piece.com\\\/decorations-one-piece\\\/tableau-one-piece-3-piece-ace-aux-poing-ardent\\\/#primaryimage\",\"url\":\"https:\\\/\\\/boutique-one-piece.com\\\/wp-content\\\/uploads\\\/2022\\\/09\\\/Tableau-One-Piece-3-Piece-Ace-Aux-Poing-Ardent-1.jpg\",\"contentUrl\":\"https:\\\/\\\/boutique-one-piece.com\\\/wp-content\\\/uploads\\\/2022\\\/09\\\/Tableau-One-Piece-3-Piece-Ace-Aux-Poing-Ardent-1.jpg\",\"width\":1000,\"height\":1000},{\"@type\":\"BreadcrumbList\",\"@id\":\"https:\\\/\\\/boutique-one-piece.com\\\/decorations-one-piece\\\/tableau-one-piece-3-piece-ace-aux-poing-ardent\\\/#breadcrumb\",\"itemListElement\":[{\"@type\":\"ListItem\",\"position\":1,\"name\":\"Home\",\"item\":\"https:\\\/\\\/boutique-one-piece.com\\\/\"},{\"@type\":\"ListItem\",\"position\":2,\"name\":\"Shop\",\"item\":\"https:\\\/\\\/boutique-one-piece.com\\\/shop\\\/\"},{\"@type\":\"ListItem\",\"position\":3,\"name\":\"Tableau One Piece 3 Piece Ace Aux Poing Ardent\"}]},{\"@type\":\"WebSite\",\"@id\":\"https:\\\/\\\/boutique-one-piece.com\\\/#website\",\"url\":\"https:\\\/\\\/boutique-one-piece.com\\\/\",\"name\":\"Boutique One Piece\",\"description\":\"Magasin Sp\u00e9cialis\u00e9 du Manga et l&#039;Anime One Piece\",\"publisher\":{\"@id\":\"https:\\\/\\\/boutique-one-piece.com\\\/#organization\"},\"potentialAction\":[{\"@type\":\"SearchAction\",\"target\":{\"@type\":\"EntryPoint\",\"urlTemplate\":\"https:\\\/\\\/boutique-one-piece.com\\\/?s={search_term_string}\"},\"query-input\":{\"@type\":\"PropertyValueSpecification\",\"valueRequired\":true,\"valueName\":\"search_term_string\"}}],\"inLanguage\":\"pt-PT\"},{\"@type\":\"Organization\",\"@id\":\"https:\\\/\\\/boutique-one-piece.com\\\/#organization\",\"name\":\"Boutique One Piece\",\"url\":\"https:\\\/\\\/boutique-one-piece.com\\\/\",\"logo\":{\"@type\":\"ImageObject\",\"inLanguage\":\"pt-PT\",\"@id\":\"https:\\\/\\\/boutique-one-piece.com\\\/#\\\/schema\\\/logo\\\/image\\\/\",\"url\":\"https:\\\/\\\/boutique-one-piece.com\\\/wp-content\\\/uploads\\\/2022\\\/09\\\/Logo-01.png\",\"contentUrl\":\"https:\\\/\\\/boutique-one-piece.com\\\/wp-content\\\/uploads\\\/2022\\\/09\\\/Logo-01.png\",\"width\":2318,\"height\":957,\"caption\":\"Boutique One Piece\"},\"image\":{\"@id\":\"https:\\\/\\\/boutique-one-piece.com\\\/#\\\/schema\\\/logo\\\/image\\\/\"}}]}<\/script>\n<!-- \/ Yoast SEO plugin. -->","yoast_head_json":{"title":"Pintura de Ace com Punhos de Fogo em 3 Pe\u00e7as de One Piece \u2013 Loja One Piece","description":"N\u00famero do modelo: 3PS-08Material: TelaEstilo: ModernoT\u00e9cnica: Tinta \u00e0 prova d&#039;\u00e1guaMoldura: SimModo de moldura: Espelhos emolduradosFormato: CombinadoT\u00e9cnica: Pintura em sprayFormato: Ret\u00e2ngulo horizontalBase de suporte: TelaOriginal: SimTipo: Impress\u00e3o em telaMarca: ChambotradeAssuntos: 3PSAssuntos: 3PS-01Tipo de pintura: ImpressoT\u00e9cnica: Pintura em spray","robots":{"index":"index","follow":"follow","max-snippet":"max-snippet:-1","max-image-preview":"max-image-preview:large","max-video-preview":"max-video-preview:-1"},"canonical":"https:\/\/boutique-one-piece.com\/pt\/decoracoes-de-one-piece\/pintura-de-one-piece-3-ace-com-o-punho-flamejante\/","og_locale":"pt_PT","og_type":"article","og_title":"Tableau One Piece 3 Piece Ace Aux Poing Ardent \u2013 Boutique One Piece","og_description":"Model Number: 3PS-08Material: CanvasStyle: ModernMedium: Waterproof InkFrame: YesFrame mode: Framed MirrorsForm: CombinedTechnics: Spray PaintingShape: Horizontal RectangleSupport Base: CanvasOriginal: YesType: Canvas PrintingsBrand Name: ChambotradeSubjects: 3PSubjects: 3PS-01 PaintingType: PrintedTechnics: Spray Pain","og_url":"https:\/\/boutique-one-piece.com\/pt\/decoracoes-de-one-piece\/pintura-de-one-piece-3-ace-com-o-punho-flamejante\/","og_site_name":"Boutique One Piece","article_modified_time":"2024-09-16T15:07:12+00:00","og_image":[{"width":1000,"height":1000,"url":"https:\/\/boutique-one-piece.com\/wp-content\/uploads\/2022\/09\/Tableau-One-Piece-3-Piece-Ace-Aux-Poing-Ardent-1.jpg","type":"image\/jpeg"}],"twitter_card":"summary_large_image","schema":{"@context":"https:\/\/schema.org","@graph":[{"@type":"WebPage","@id":"https:\/\/boutique-one-piece.com\/decorations-one-piece\/tableau-one-piece-3-piece-ace-aux-poing-ardent\/","url":"https:\/\/boutique-one-piece.com\/decorations-one-piece\/tableau-one-piece-3-piece-ace-aux-poing-ardent\/","name":"Pintura de Ace com Punhos de Fogo em 3 Pe\u00e7as de One Piece \u2013 Loja One Piece","isPartOf":{"@id":"https:\/\/boutique-one-piece.com\/#website"},"primaryImageOfPage":{"@id":"https:\/\/boutique-one-piece.com\/decorations-one-piece\/tableau-one-piece-3-piece-ace-aux-poing-ardent\/#primaryimage"},"image":{"@id":"https:\/\/boutique-one-piece.com\/decorations-one-piece\/tableau-one-piece-3-piece-ace-aux-poing-ardent\/#primaryimage"},"thumbnailUrl":"https:\/\/boutique-one-piece.com\/wp-content\/uploads\/2022\/09\/Tableau-One-Piece-3-Piece-Ace-Aux-Poing-Ardent-1.jpg","datePublished":"2022-09-27T22:01:17+00:00","dateModified":"2024-09-16T15:07:12+00:00","description":"N\u00famero do modelo: 3PS-08Material: TelaEstilo: ModernoT\u00e9cnica: Tinta \u00e0 prova d&#039;\u00e1guaMoldura: SimModo de moldura: Espelhos emolduradosFormato: CombinadoT\u00e9cnica: Pintura em sprayFormato: Ret\u00e2ngulo horizontalBase de suporte: TelaOriginal: SimTipo: Impress\u00e3o em telaMarca: ChambotradeAssuntos: 3PSAssuntos: 3PS-01Tipo de pintura: ImpressoT\u00e9cnica: Pintura em spray","breadcrumb":{"@id":"https:\/\/boutique-one-piece.com\/decorations-one-piece\/tableau-one-piece-3-piece-ace-aux-poing-ardent\/#breadcrumb"},"inLanguage":"pt-PT","potentialAction":[{"@type":"ReadAction","target":["https:\/\/boutique-one-piece.com\/decorations-one-piece\/tableau-one-piece-3-piece-ace-aux-poing-ardent\/"]}]},{"@type":"ImageObject","inLanguage":"pt-PT","@id":"https:\/\/boutique-one-piece.com\/decorations-one-piece\/tableau-one-piece-3-piece-ace-aux-poing-ardent\/#primaryimage","url":"https:\/\/boutique-one-piece.com\/wp-content\/uploads\/2022\/09\/Tableau-One-Piece-3-Piece-Ace-Aux-Poing-Ardent-1.jpg","contentUrl":"https:\/\/boutique-one-piece.com\/wp-content\/uploads\/2022\/09\/Tableau-One-Piece-3-Piece-Ace-Aux-Poing-Ardent-1.jpg","width":1000,"height":1000},{"@type":"BreadcrumbList","@id":"https:\/\/boutique-one-piece.com\/decorations-one-piece\/tableau-one-piece-3-piece-ace-aux-poing-ardent\/#breadcrumb","itemListElement":[{"@type":"ListItem","position":1,"name":"Home","item":"https:\/\/boutique-one-piece.com\/"},{"@type":"ListItem","position":2,"name":"Shop","item":"https:\/\/boutique-one-piece.com\/shop\/"},{"@type":"ListItem","position":3,"name":"Tableau One Piece 3 Piece Ace Aux Poing Ardent"}]},{"@type":"WebSite","@id":"https:\/\/boutique-one-piece.com\/#website","url":"https:\/\/boutique-one-piece.com\/","name":"Loja One Piece","description":"Loja especializada em mang\u00e1 e anime de One Piece.","publisher":{"@id":"https:\/\/boutique-one-piece.com\/#organization"},"potentialAction":[{"@type":"SearchAction","target":{"@type":"EntryPoint","urlTemplate":"https:\/\/boutique-one-piece.com\/?s={search_term_string}"},"query-input":{"@type":"PropertyValueSpecification","valueRequired":true,"valueName":"search_term_string"}}],"inLanguage":"pt-PT"},{"@type":"Organization","@id":"https:\/\/boutique-one-piece.com\/#organization","name":"Loja One Piece","url":"https:\/\/boutique-one-piece.com\/","logo":{"@type":"ImageObject","inLanguage":"pt-PT","@id":"https:\/\/boutique-one-piece.com\/#\/schema\/logo\/image\/","url":"https:\/\/boutique-one-piece.com\/wp-content\/uploads\/2022\/09\/Logo-01.png","contentUrl":"https:\/\/boutique-one-piece.com\/wp-content\/uploads\/2022\/09\/Logo-01.png","width":2318,"height":957,"caption":"Boutique One Piece"},"image":{"@id":"https:\/\/boutique-one-piece.com\/#\/schema\/logo\/image\/"}}]}},"_links":{"self":[{"href":"https:\/\/boutique-one-piece.com\/pt\/wp-json\/wp\/v2\/product\/17396","targetHints":{"allow":["GET"]}}],"collection":[{"href":"https:\/\/boutique-one-piece.com\/pt\/wp-json\/wp\/v2\/product"}],"about":[{"href":"https:\/\/boutique-one-piece.com\/pt\/wp-json\/wp\/v2\/types\/product"}],"replies":[{"embeddable":true,"href":"https:\/\/boutique-one-piece.com\/pt\/wp-json\/wp\/v2\/comments?post=17396"}],"wp:featuredmedia":[{"embeddable":true,"href":"https:\/\/boutique-one-piece.com\/pt\/wp-json\/wp\/v2\/media\/17398"}],"wp:attachment":[{"href":"https:\/\/boutique-one-piece.com\/pt\/wp-json\/wp\/v2\/media?parent=17396"}],"wp:term":[{"taxonomy":"product_brand","embeddable":true,"href":"https:\/\/boutique-one-piece.com\/pt\/wp-json\/wp\/v2\/product_brand?post=17396"},{"taxonomy":"product_cat","embeddable":true,"href":"https:\/\/boutique-one-piece.com\/pt\/wp-json\/wp\/v2\/product_cat?post=17396"},{"taxonomy":"product_tag","embeddable":true,"href":"https:\/\/boutique-one-piece.com\/pt\/wp-json\/wp\/v2\/product_tag?post=17396"}],"curies":[{"name":"wp","href":"https:\/\/api.w.org\/{rel}","templated":true}]}}