{"id":17480,"date":"2022-09-27T22:01:49","date_gmt":"2022-09-27T22:01:49","guid":{"rendered":"https:\/\/boutique-one-piece.com\/uncategorized\/avis-de-recherche-capone-bege-wanted\/"},"modified":"2024-09-16T15:09:34","modified_gmt":"2024-09-16T15:09:34","slug":"cartaz-de-procurado-de-capone-bege","status":"publish","type":"product","link":"https:\/\/boutique-one-piece.com\/pt\/poster-de-procurado-de-one-piece\/cartaz-de-procurado-de-capone-bege\/","title":{"rendered":"Aviso de Procurado Capone Bege"},"content":{"rendered":"<h2>Misture m\u00e1fia e pirataria com este cartaz de procurado do Capone Bege.<\/h2>\n<p>Capone Gang Bege \u00e9 um dos <strong>supernova<\/strong> da pior gera\u00e7\u00e3o. Ele \u00e9, portanto, o capit\u00e3o de sua pr\u00f3pria tripula\u00e7\u00e3o, o <strong>Tanques de inc\u00eandio<\/strong>. Com um design fortemente inspirado na m\u00e1fia, assim como seu nome, ele \u00e9 inspirado no bandido.<strong> Al Capone<\/strong>. Ele \u00e9 um pirata que gosta de ficar longe dos holofotes e operar nas sombras.<\/p>\n<p>Ele n\u00e3o \u00e9 covarde, por\u00e9m; faz parte de sua estrat\u00e9gia, que \u00e9 surpreender seus inimigos e elimin\u00e1-los rapidamente. Capone Bege \u00e9 implac\u00e1vel e s\u00e1dico, mas conhece as boas maneiras e espera que os outros sejam irrepreens\u00edveis.<\/p>\n<h3>Mostre sua admira\u00e7\u00e3o por um pirata implac\u00e1vel de One Piece com este cartaz de procurado do Capone Gang Bege.<\/h3>\n<p>Capone Bege comeu a Fruta do Diabo de <strong>Shiro Shiro no mi<\/strong>, O que o torna um homem-fortaleza. Embora possa ficar furioso se seus homens n\u00e3o respeitarem sua vontade, seu fruto lhe permite abrigar um grande n\u00famero deles, que ele miniaturiza em seu corpo.<\/p>\n<p>Eles retornam \u00e0 sua apar\u00eancia normal quando esses homens deixam seu corpo. Isso \u00e9 fundamental para sua estrat\u00e9gia, que, como mencionado acima, consiste em surpreender seus advers\u00e1rios para execut\u00e1-los rapidamente. Uma recompensa de 300 milh\u00f5es de Berries foi oferecida por sua cabe\u00e7a.<\/p>\n<p>Se voc\u00ea \u00e9 apaixonado por b\u00f4nus, isto \u00e9 para voc\u00ea. <a href=\"https:\/\/boutique-one-piece.com\/pt\/cartaz-de-procurado-de-one-piece-tony-tony-chopper\/\" target=\"_blank\" title=\"Tony Tony Chopper queria\" rel=\"noopener noreferrer\">Cartaz de procurado do helic\u00f3ptero<\/a> Isso pode lhe interessar.<\/p>\n<p>\u00a0<\/p>\n<h2>Informa\u00e7\u00f5es sobre o p\u00f4ster de One Piece Wanted Capone Bege<\/h2>\n<ul>\n<li><span><b><u>P\u00f4ster de Procurado de One Piece<\/u><\/b>\u00a0Um aut\u00eantico cartaz de procurado de One Piece para verdadeiros piratas.<\/span><\/li>\n<\/ul>\n<ul>\n<li>\n<b><u>A recompensa de Capone Bege<\/u><\/b>\u00a0: 300.000.000 Berrys e 180.000.000 Berrys<\/li>\n<\/ul>\n<ul>\n<li><span><strong>Impress\u00e3o de alta qualidade<\/strong>\u00a0cores precisas<\/span><\/li>\n<\/ul>\n<ul>\n<li>\n<strong>Dimens\u00e3o<\/strong>\u00a0300 milh\u00f5es de bagas (51 cm x 36 cm) e 180 milh\u00f5es de bagas (42 cm x 30 cm)<\/li>\n<\/ul>\n<ul>\n<li><span><strong>ENTREGA GR\u00c1TIS<\/strong><\/span><\/li>\n<\/ul>","protected":false},"excerpt":{"rendered":"<p>Misture m\u00e1fia e pirataria e garanta j\u00e1 este p\u00f4ster de procurado do Capone Bege. Capone Gang Bege \u00e9 um dos Supernovas da Pior Gera\u00e7\u00e3o. Ele \u00e9 o capit\u00e3o de sua pr\u00f3pria tripula\u00e7\u00e3o, os Tanques de Fogo. Com seu design fortemente inspirado em mafiosos, assim como seu nome, ele \u00e9 baseado no not\u00f3rio gangster [\u2026]<\/p>","protected":false},"featured_media":17482,"comment_status":"open","ping_status":"open","template":"","meta":[],"product_brand":[],"product_cat":[171],"product_tag":[],"class_list":{"0":"post-17480","1":"product","2":"type-product","3":"status-publish","4":"has-post-thumbnail","6":"product_cat-avis-de-recherche-one-piece","8":"first","9":"instock","10":"purchasable","11":"product-type-variable","12":"has-default-attributes"},"yoast_head":"<!-- This site is optimized with the Yoast SEO plugin v27.5 - https:\/\/yoast.com\/product\/yoast-seo-wordpress\/ -->\n<title>Avis De Recherche Capone Bege Wanted | D\u00e9coration One Piece \u2013 Boutique One Piece<\/title>\n<meta name=\"description\" content=\"M\u00eale la mafia et la piraterie en craquant pour cet Avis de Recherche Capone Bege Wanted. Capone Gang Bege est un des supernovae de la pire g\u00e9n\u00e9ration. Il est donc le capitaine de son propre \u00e9quipage, les Fire Tanks. Avec son design fortement inspir\u00e9 des mafieux, ainsi que son nom, il est inspir\u00e9 du bandit Al Capone. C&#039;\" \/>\n<meta name=\"robots\" content=\"index, follow, max-snippet:-1, max-image-preview:large, max-video-preview:-1\" \/>\n<link rel=\"canonical\" href=\"https:\/\/boutique-one-piece.com\/pt\/poster-de-procurado-de-one-piece\/cartaz-de-procurado-de-capone-bege\/\" \/>\n<meta property=\"og:locale\" content=\"pt_PT\" \/>\n<meta property=\"og:type\" content=\"article\" \/>\n<meta property=\"og:title\" content=\"Avis De Recherche Capone Bege Wanted | D\u00e9coration One Piece \u2013 Boutique One Piece\" \/>\n<meta property=\"og:description\" content=\"M\u00eale la mafia et la piraterie en craquant pour cet Avis de Recherche Capone Bege Wanted. Capone Gang Bege est un des supernovae de la pire g\u00e9n\u00e9ration. Il est donc le capitaine de son propre \u00e9quipage, les Fire Tanks. Avec son design fortement inspir\u00e9 des mafieux, ainsi que son nom, il est inspir\u00e9 du bandit Al Capone. C&#039;\" \/>\n<meta property=\"og:url\" content=\"https:\/\/boutique-one-piece.com\/pt\/poster-de-procurado-de-one-piece\/cartaz-de-procurado-de-capone-bege\/\" \/>\n<meta property=\"og:site_name\" content=\"Boutique One Piece\" \/>\n<meta property=\"article:modified_time\" content=\"2024-09-16T15:09:34+00:00\" \/>\n<meta property=\"og:image\" content=\"https:\/\/boutique-one-piece.com\/wp-content\/uploads\/2022\/09\/Avis-De-Recherche-Capone-Bege-Wanted.jpg\" \/>\n\t<meta property=\"og:image:width\" content=\"800\" \/>\n\t<meta property=\"og:image:height\" content=\"800\" \/>\n\t<meta property=\"og:image:type\" content=\"image\/jpeg\" \/>\n<meta name=\"twitter:card\" content=\"summary_large_image\" \/>\n<meta name=\"twitter:label1\" content=\"Tempo estimado de leitura\" \/>\n\t<meta name=\"twitter:data1\" content=\"2 minutos\" \/>\n<script type=\"application\/ld+json\" class=\"yoast-schema-graph\">{\"@context\":\"https:\\\/\\\/schema.org\",\"@graph\":[{\"@type\":\"WebPage\",\"@id\":\"https:\\\/\\\/boutique-one-piece.com\\\/avis-de-recherche-one-piece\\\/avis-de-recherche-capone-bege-wanted\\\/\",\"url\":\"https:\\\/\\\/boutique-one-piece.com\\\/avis-de-recherche-one-piece\\\/avis-de-recherche-capone-bege-wanted\\\/\",\"name\":\"Avis De Recherche Capone Bege Wanted | D\u00e9coration One Piece \u2013 Boutique One Piece\",\"isPartOf\":{\"@id\":\"https:\\\/\\\/boutique-one-piece.com\\\/#website\"},\"primaryImageOfPage\":{\"@id\":\"https:\\\/\\\/boutique-one-piece.com\\\/avis-de-recherche-one-piece\\\/avis-de-recherche-capone-bege-wanted\\\/#primaryimage\"},\"image\":{\"@id\":\"https:\\\/\\\/boutique-one-piece.com\\\/avis-de-recherche-one-piece\\\/avis-de-recherche-capone-bege-wanted\\\/#primaryimage\"},\"thumbnailUrl\":\"https:\\\/\\\/boutique-one-piece.com\\\/wp-content\\\/uploads\\\/2022\\\/09\\\/Avis-De-Recherche-Capone-Bege-Wanted.jpg\",\"datePublished\":\"2022-09-27T22:01:49+00:00\",\"dateModified\":\"2024-09-16T15:09:34+00:00\",\"description\":\"M\u00eale la mafia et la piraterie en craquant pour cet Avis de Recherche Capone Bege Wanted. Capone Gang Bege est un des supernovae de la pire g\u00e9n\u00e9ration. Il est donc le capitaine de son propre \u00e9quipage, les Fire Tanks. Avec son design fortement inspir\u00e9 des mafieux, ainsi que son nom, il est inspir\u00e9 du bandit Al Capone. C'\",\"breadcrumb\":{\"@id\":\"https:\\\/\\\/boutique-one-piece.com\\\/avis-de-recherche-one-piece\\\/avis-de-recherche-capone-bege-wanted\\\/#breadcrumb\"},\"inLanguage\":\"pt-PT\",\"potentialAction\":[{\"@type\":\"ReadAction\",\"target\":[\"https:\\\/\\\/boutique-one-piece.com\\\/avis-de-recherche-one-piece\\\/avis-de-recherche-capone-bege-wanted\\\/\"]}]},{\"@type\":\"ImageObject\",\"inLanguage\":\"pt-PT\",\"@id\":\"https:\\\/\\\/boutique-one-piece.com\\\/avis-de-recherche-one-piece\\\/avis-de-recherche-capone-bege-wanted\\\/#primaryimage\",\"url\":\"https:\\\/\\\/boutique-one-piece.com\\\/wp-content\\\/uploads\\\/2022\\\/09\\\/Avis-De-Recherche-Capone-Bege-Wanted.jpg\",\"contentUrl\":\"https:\\\/\\\/boutique-one-piece.com\\\/wp-content\\\/uploads\\\/2022\\\/09\\\/Avis-De-Recherche-Capone-Bege-Wanted.jpg\",\"width\":800,\"height\":800,\"caption\":\"000\"},{\"@type\":\"BreadcrumbList\",\"@id\":\"https:\\\/\\\/boutique-one-piece.com\\\/avis-de-recherche-one-piece\\\/avis-de-recherche-capone-bege-wanted\\\/#breadcrumb\",\"itemListElement\":[{\"@type\":\"ListItem\",\"position\":1,\"name\":\"Home\",\"item\":\"https:\\\/\\\/boutique-one-piece.com\\\/\"},{\"@type\":\"ListItem\",\"position\":2,\"name\":\"Shop\",\"item\":\"https:\\\/\\\/boutique-one-piece.com\\\/shop\\\/\"},{\"@type\":\"ListItem\",\"position\":3,\"name\":\"Avis De Recherche Capone Bege Wanted\"}]},{\"@type\":\"WebSite\",\"@id\":\"https:\\\/\\\/boutique-one-piece.com\\\/#website\",\"url\":\"https:\\\/\\\/boutique-one-piece.com\\\/\",\"name\":\"Boutique One Piece\",\"description\":\"Magasin Sp\u00e9cialis\u00e9 du Manga et l&#039;Anime One Piece\",\"publisher\":{\"@id\":\"https:\\\/\\\/boutique-one-piece.com\\\/#organization\"},\"potentialAction\":[{\"@type\":\"SearchAction\",\"target\":{\"@type\":\"EntryPoint\",\"urlTemplate\":\"https:\\\/\\\/boutique-one-piece.com\\\/?s={search_term_string}\"},\"query-input\":{\"@type\":\"PropertyValueSpecification\",\"valueRequired\":true,\"valueName\":\"search_term_string\"}}],\"inLanguage\":\"pt-PT\"},{\"@type\":\"Organization\",\"@id\":\"https:\\\/\\\/boutique-one-piece.com\\\/#organization\",\"name\":\"Boutique One Piece\",\"url\":\"https:\\\/\\\/boutique-one-piece.com\\\/\",\"logo\":{\"@type\":\"ImageObject\",\"inLanguage\":\"pt-PT\",\"@id\":\"https:\\\/\\\/boutique-one-piece.com\\\/#\\\/schema\\\/logo\\\/image\\\/\",\"url\":\"https:\\\/\\\/boutique-one-piece.com\\\/wp-content\\\/uploads\\\/2022\\\/09\\\/Logo-01.png\",\"contentUrl\":\"https:\\\/\\\/boutique-one-piece.com\\\/wp-content\\\/uploads\\\/2022\\\/09\\\/Logo-01.png\",\"width\":2318,\"height\":957,\"caption\":\"Boutique One Piece\"},\"image\":{\"@id\":\"https:\\\/\\\/boutique-one-piece.com\\\/#\\\/schema\\\/logo\\\/image\\\/\"}}]}<\/script>\n<!-- \/ Yoast SEO plugin. -->","yoast_head_json":{"title":"Cartaz de Procurado de Capone Bege | Decora\u00e7\u00e3o de One Piece \u2013 Loja de One Piece","description":"Misture m\u00e1fia e pirataria e garanta j\u00e1 este p\u00f4ster de procurado do Capone Bege. Capone Gang Bege \u00e9 um dos Supernovas da Pior Gera\u00e7\u00e3o. Ele \u00e9 o capit\u00e3o de sua pr\u00f3pria tripula\u00e7\u00e3o, os Tanques de Fogo. Com seu design fortemente inspirado em mafiosos, assim como seu nome, ele \u00e9 baseado no gangster Al Capone.'","robots":{"index":"index","follow":"follow","max-snippet":"max-snippet:-1","max-image-preview":"max-image-preview:large","max-video-preview":"max-video-preview:-1"},"canonical":"https:\/\/boutique-one-piece.com\/pt\/poster-de-procurado-de-one-piece\/cartaz-de-procurado-de-capone-bege\/","og_locale":"pt_PT","og_type":"article","og_title":"Avis De Recherche Capone Bege Wanted | D\u00e9coration One Piece \u2013 Boutique One Piece","og_description":"M\u00eale la mafia et la piraterie en craquant pour cet Avis de Recherche Capone Bege Wanted. Capone Gang Bege est un des supernovae de la pire g\u00e9n\u00e9ration. Il est donc le capitaine de son propre \u00e9quipage, les Fire Tanks. Avec son design fortement inspir\u00e9 des mafieux, ainsi que son nom, il est inspir\u00e9 du bandit Al Capone. C'","og_url":"https:\/\/boutique-one-piece.com\/pt\/poster-de-procurado-de-one-piece\/cartaz-de-procurado-de-capone-bege\/","og_site_name":"Boutique One Piece","article_modified_time":"2024-09-16T15:09:34+00:00","og_image":[{"width":800,"height":800,"url":"https:\/\/boutique-one-piece.com\/wp-content\/uploads\/2022\/09\/Avis-De-Recherche-Capone-Bege-Wanted.jpg","type":"image\/jpeg"}],"twitter_card":"summary_large_image","twitter_misc":{"Tempo estimado de leitura":"2 minutos"},"schema":{"@context":"https:\/\/schema.org","@graph":[{"@type":"WebPage","@id":"https:\/\/boutique-one-piece.com\/avis-de-recherche-one-piece\/avis-de-recherche-capone-bege-wanted\/","url":"https:\/\/boutique-one-piece.com\/avis-de-recherche-one-piece\/avis-de-recherche-capone-bege-wanted\/","name":"Cartaz de Procurado de Capone Bege | Decora\u00e7\u00e3o de One Piece \u2013 Loja de One Piece","isPartOf":{"@id":"https:\/\/boutique-one-piece.com\/#website"},"primaryImageOfPage":{"@id":"https:\/\/boutique-one-piece.com\/avis-de-recherche-one-piece\/avis-de-recherche-capone-bege-wanted\/#primaryimage"},"image":{"@id":"https:\/\/boutique-one-piece.com\/avis-de-recherche-one-piece\/avis-de-recherche-capone-bege-wanted\/#primaryimage"},"thumbnailUrl":"https:\/\/boutique-one-piece.com\/wp-content\/uploads\/2022\/09\/Avis-De-Recherche-Capone-Bege-Wanted.jpg","datePublished":"2022-09-27T22:01:49+00:00","dateModified":"2024-09-16T15:09:34+00:00","description":"Misture m\u00e1fia e pirataria e garanta j\u00e1 este p\u00f4ster de procurado do Capone Bege. Capone Gang Bege \u00e9 um dos Supernovas da Pior Gera\u00e7\u00e3o. Ele \u00e9 o capit\u00e3o de sua pr\u00f3pria tripula\u00e7\u00e3o, os Tanques de Fogo. Com seu design fortemente inspirado em mafiosos, assim como seu nome, ele \u00e9 baseado no gangster Al Capone.'","breadcrumb":{"@id":"https:\/\/boutique-one-piece.com\/avis-de-recherche-one-piece\/avis-de-recherche-capone-bege-wanted\/#breadcrumb"},"inLanguage":"pt-PT","potentialAction":[{"@type":"ReadAction","target":["https:\/\/boutique-one-piece.com\/avis-de-recherche-one-piece\/avis-de-recherche-capone-bege-wanted\/"]}]},{"@type":"ImageObject","inLanguage":"pt-PT","@id":"https:\/\/boutique-one-piece.com\/avis-de-recherche-one-piece\/avis-de-recherche-capone-bege-wanted\/#primaryimage","url":"https:\/\/boutique-one-piece.com\/wp-content\/uploads\/2022\/09\/Avis-De-Recherche-Capone-Bege-Wanted.jpg","contentUrl":"https:\/\/boutique-one-piece.com\/wp-content\/uploads\/2022\/09\/Avis-De-Recherche-Capone-Bege-Wanted.jpg","width":800,"height":800,"caption":"000"},{"@type":"BreadcrumbList","@id":"https:\/\/boutique-one-piece.com\/avis-de-recherche-one-piece\/avis-de-recherche-capone-bege-wanted\/#breadcrumb","itemListElement":[{"@type":"ListItem","position":1,"name":"Home","item":"https:\/\/boutique-one-piece.com\/"},{"@type":"ListItem","position":2,"name":"Shop","item":"https:\/\/boutique-one-piece.com\/shop\/"},{"@type":"ListItem","position":3,"name":"Avis De Recherche Capone Bege Wanted"}]},{"@type":"WebSite","@id":"https:\/\/boutique-one-piece.com\/#website","url":"https:\/\/boutique-one-piece.com\/","name":"Loja One Piece","description":"Loja especializada em mang\u00e1 e anime de One Piece.","publisher":{"@id":"https:\/\/boutique-one-piece.com\/#organization"},"potentialAction":[{"@type":"SearchAction","target":{"@type":"EntryPoint","urlTemplate":"https:\/\/boutique-one-piece.com\/?s={search_term_string}"},"query-input":{"@type":"PropertyValueSpecification","valueRequired":true,"valueName":"search_term_string"}}],"inLanguage":"pt-PT"},{"@type":"Organization","@id":"https:\/\/boutique-one-piece.com\/#organization","name":"Loja One Piece","url":"https:\/\/boutique-one-piece.com\/","logo":{"@type":"ImageObject","inLanguage":"pt-PT","@id":"https:\/\/boutique-one-piece.com\/#\/schema\/logo\/image\/","url":"https:\/\/boutique-one-piece.com\/wp-content\/uploads\/2022\/09\/Logo-01.png","contentUrl":"https:\/\/boutique-one-piece.com\/wp-content\/uploads\/2022\/09\/Logo-01.png","width":2318,"height":957,"caption":"Boutique One Piece"},"image":{"@id":"https:\/\/boutique-one-piece.com\/#\/schema\/logo\/image\/"}}]}},"_links":{"self":[{"href":"https:\/\/boutique-one-piece.com\/pt\/wp-json\/wp\/v2\/product\/17480","targetHints":{"allow":["GET"]}}],"collection":[{"href":"https:\/\/boutique-one-piece.com\/pt\/wp-json\/wp\/v2\/product"}],"about":[{"href":"https:\/\/boutique-one-piece.com\/pt\/wp-json\/wp\/v2\/types\/product"}],"replies":[{"embeddable":true,"href":"https:\/\/boutique-one-piece.com\/pt\/wp-json\/wp\/v2\/comments?post=17480"}],"wp:featuredmedia":[{"embeddable":true,"href":"https:\/\/boutique-one-piece.com\/pt\/wp-json\/wp\/v2\/media\/17482"}],"wp:attachment":[{"href":"https:\/\/boutique-one-piece.com\/pt\/wp-json\/wp\/v2\/media?parent=17480"}],"wp:term":[{"taxonomy":"product_brand","embeddable":true,"href":"https:\/\/boutique-one-piece.com\/pt\/wp-json\/wp\/v2\/product_brand?post=17480"},{"taxonomy":"product_cat","embeddable":true,"href":"https:\/\/boutique-one-piece.com\/pt\/wp-json\/wp\/v2\/product_cat?post=17480"},{"taxonomy":"product_tag","embeddable":true,"href":"https:\/\/boutique-one-piece.com\/pt\/wp-json\/wp\/v2\/product_tag?post=17480"}],"curies":[{"name":"wp","href":"https:\/\/api.w.org\/{rel}","templated":true}]}}