{"id":17519,"date":"2022-09-27T22:02:05","date_gmt":"2022-09-27T22:02:05","guid":{"rendered":"https:\/\/boutique-one-piece.com\/uncategorized\/coque-one-piece-le-repos-de-monkey-d-luffy\/"},"modified":"2024-09-16T15:10:58","modified_gmt":"2024-09-16T15:10:58","slug":"caso-one-piece-o-descanso-de-monkey-d-luffy","status":"publish","type":"product","link":"https:\/\/boutique-one-piece.com\/pt\/acessorios-de-one-piece\/caso-one-piece-o-descanso-de-monkey-d-luffy\/","title":{"rendered":"Caso One Piece: O Descanso de Monkey D. Luffy"},"content":{"rendered":"<p><span><strong>Nome da marca:<\/strong> IMIDO<\/span><br \/><span><strong>Tipo:<\/strong> Estojo semi-embrulhado<\/span><br \/><span><strong>Caracter\u00edsticas<\/strong> One Piece Monkey D. Luffy<\/span><br \/><span><strong>Marca compat\u00edvel:<\/strong> Huawei<\/span><br \/><span><strong>Modelos Huawei compat\u00edveis:<\/strong> P30 Lite<\/span><br \/><span><strong>Projeto:<\/strong> Geom\u00e9trico<\/span><br \/><span><strong>Projeto:<\/strong> Quotes & Messages<\/span><br \/><span><strong>Projeto:<\/strong> Simples<\/span><br \/><span><strong>Projeto:<\/strong> Animal<\/span><br \/><span><strong>Projeto:<\/strong> Transparente<\/span><br \/><span><strong>Projeto:<\/strong> unic\u00f3rnio<\/span><br \/><span><strong>Projeto:<\/strong> Floral<\/span><br \/><span><strong>Projeto:<\/strong> M\u00e1rmore<\/span><br \/><span><strong>Projeto:<\/strong> Flamingo<\/span><br \/><span><strong>Projeto:<\/strong> Desenho animado<\/span><br \/><span><strong>Fun\u00e7\u00e3o:<\/strong> Resistente \u00e0 sujeira<\/span><br \/><span><strong>Fun\u00e7\u00e3o:<\/strong> Antidetonante<\/span><br \/><span><strong>Projeto:<\/strong> Pintura original em HD (alta defini\u00e7\u00e3o)<\/span><br \/><span><strong>Material:<\/strong> Silicone TPU macio de alta qualidade 100% Novo<\/span><br \/><span><strong>Caracter\u00edsticas 1:<\/strong> Capa de celular exclusiva e personaliz\u00e1vel em borracha macia<\/span><br \/><span><strong>Caracter\u00edsticas 2:<\/strong> Capa estampada com padr\u00f5es da moda<\/span><br \/><span><strong>Capa protetora moderna para Huawei P40PRO:<\/strong> Capa de celular popular para Huawei P30PRO P30LITE P20PRO P20LITE P10LITE<\/span><br \/><span><strong>Capa protetora para presente para MATE20LITE:<\/strong> Capa protetora para celular Huawei MATE10LITE MATE10PRO MATE20PRO<\/span><br \/><span><strong>Capas para MATE30LITE:<\/strong> Capas protetoras Hull Shell para HUAWEI MATE30PRO PSMARTZ PSMART2019 2018+<\/span><br \/><span><strong>Mais modelos de telefone:<\/strong> Entre em contato conosco.<\/span><br \/><span><strong>Em estoque<\/strong> Sim<\/span><br \/><span><strong>Modalidade de vendas:<\/strong> Varejo ou atacado<\/span><\/p>","protected":false},"excerpt":{"rendered":"<p>Brand Name: IMIDOType: Half-wrapped CaseFeatures: One Piece Monkey D LuffyCompatible Brand: HuaweiCompatible Huawei Model: P30 LiteDesign: GeometricDesign: Quotes &#038; MessagesDesign: PlainDesign: AnimalDesign: TransparentDesign: unicornDesign: FloralDesign: MarbleDesign: FlamingoDesign: CartoonFunction: Dirt-resistantFunction: Anti-knockDesign: Original Painting HD (high definition)Material: High Quality Silicome Soft TPU 100% NewFeatures1: Unique Customizable Soft Rubber Mobile ShellFeatures2: Fashion Patterned Printing CaseTrend Case Cover for [&hellip;]<\/p>","protected":false},"featured_media":17521,"comment_status":"open","ping_status":"open","template":"","meta":[],"product_brand":[],"product_cat":[409],"product_tag":[],"class_list":{"0":"post-17519","1":"product","2":"type-product","3":"status-publish","4":"has-post-thumbnail","6":"product_cat-accessoires-one-piece","8":"first","9":"instock","10":"purchasable","11":"product-type-variable","12":"has-default-attributes"},"yoast_head":"<!-- This site is optimized with the Yoast SEO plugin v27.5 - https:\/\/yoast.com\/product\/yoast-seo-wordpress\/ -->\n<title>Coque One Piece Le Repos De Monkey D Luffy \u2013 Boutique One Piece<\/title>\n<meta name=\"description\" content=\"Brand Name: IMIDOType: Half-wrapped CaseFeatures: One Piece Monkey D LuffyCompatible Brand: HuaweiCompatible Huawei Model: P30 LiteDesign: GeometricDesign: Quotes &amp; MessagesDesign: PlainDesign: AnimalDesign: TransparentDesign: unicornDesign: FloralDesign: MarbleDesign: FlamingoDesign: CartoonFunction: Dirt-resistan\" \/>\n<meta name=\"robots\" content=\"index, follow, max-snippet:-1, max-image-preview:large, max-video-preview:-1\" \/>\n<link rel=\"canonical\" href=\"https:\/\/boutique-one-piece.com\/pt\/acessorios-de-one-piece\/caso-one-piece-o-descanso-de-monkey-d-luffy\/\" \/>\n<meta property=\"og:locale\" content=\"pt_PT\" \/>\n<meta property=\"og:type\" content=\"article\" \/>\n<meta property=\"og:title\" content=\"Coque One Piece Le Repos De Monkey D Luffy \u2013 Boutique One Piece\" \/>\n<meta property=\"og:description\" content=\"Brand Name: IMIDOType: Half-wrapped CaseFeatures: One Piece Monkey D LuffyCompatible Brand: HuaweiCompatible Huawei Model: P30 LiteDesign: GeometricDesign: Quotes &amp; MessagesDesign: PlainDesign: AnimalDesign: TransparentDesign: unicornDesign: FloralDesign: MarbleDesign: FlamingoDesign: CartoonFunction: Dirt-resistan\" \/>\n<meta property=\"og:url\" content=\"https:\/\/boutique-one-piece.com\/pt\/acessorios-de-one-piece\/caso-one-piece-o-descanso-de-monkey-d-luffy\/\" \/>\n<meta property=\"og:site_name\" content=\"Boutique One Piece\" \/>\n<meta property=\"article:modified_time\" content=\"2024-09-16T15:10:58+00:00\" \/>\n<meta property=\"og:image\" content=\"https:\/\/boutique-one-piece.com\/wp-content\/uploads\/2022\/09\/Coque-One-Piece-Le-Repos-De-Monkey-D-Luffy.jpg\" \/>\n\t<meta property=\"og:image:width\" content=\"640\" \/>\n\t<meta property=\"og:image:height\" content=\"640\" \/>\n\t<meta property=\"og:image:type\" content=\"image\/jpeg\" \/>\n<meta name=\"twitter:card\" content=\"summary_large_image\" \/>\n<meta name=\"twitter:label1\" content=\"Tempo estimado de leitura\" \/>\n\t<meta name=\"twitter:data1\" content=\"1 minuto\" \/>\n<script type=\"application\/ld+json\" class=\"yoast-schema-graph\">{\"@context\":\"https:\\\/\\\/schema.org\",\"@graph\":[{\"@type\":\"WebPage\",\"@id\":\"https:\\\/\\\/boutique-one-piece.com\\\/accessoires-one-piece\\\/coque-one-piece-le-repos-de-monkey-d-luffy\\\/\",\"url\":\"https:\\\/\\\/boutique-one-piece.com\\\/accessoires-one-piece\\\/coque-one-piece-le-repos-de-monkey-d-luffy\\\/\",\"name\":\"Coque One Piece Le Repos De Monkey D Luffy \u2013 Boutique One Piece\",\"isPartOf\":{\"@id\":\"https:\\\/\\\/boutique-one-piece.com\\\/#website\"},\"primaryImageOfPage\":{\"@id\":\"https:\\\/\\\/boutique-one-piece.com\\\/accessoires-one-piece\\\/coque-one-piece-le-repos-de-monkey-d-luffy\\\/#primaryimage\"},\"image\":{\"@id\":\"https:\\\/\\\/boutique-one-piece.com\\\/accessoires-one-piece\\\/coque-one-piece-le-repos-de-monkey-d-luffy\\\/#primaryimage\"},\"thumbnailUrl\":\"https:\\\/\\\/boutique-one-piece.com\\\/wp-content\\\/uploads\\\/2022\\\/09\\\/Coque-One-Piece-Le-Repos-De-Monkey-D-Luffy.jpg\",\"datePublished\":\"2022-09-27T22:02:05+00:00\",\"dateModified\":\"2024-09-16T15:10:58+00:00\",\"description\":\"Brand Name: IMIDOType: Half-wrapped CaseFeatures: One Piece Monkey D LuffyCompatible Brand: HuaweiCompatible Huawei Model: P30 LiteDesign: GeometricDesign: Quotes & MessagesDesign: PlainDesign: AnimalDesign: TransparentDesign: unicornDesign: FloralDesign: MarbleDesign: FlamingoDesign: CartoonFunction: Dirt-resistan\",\"breadcrumb\":{\"@id\":\"https:\\\/\\\/boutique-one-piece.com\\\/accessoires-one-piece\\\/coque-one-piece-le-repos-de-monkey-d-luffy\\\/#breadcrumb\"},\"inLanguage\":\"pt-PT\",\"potentialAction\":[{\"@type\":\"ReadAction\",\"target\":[\"https:\\\/\\\/boutique-one-piece.com\\\/accessoires-one-piece\\\/coque-one-piece-le-repos-de-monkey-d-luffy\\\/\"]}]},{\"@type\":\"ImageObject\",\"inLanguage\":\"pt-PT\",\"@id\":\"https:\\\/\\\/boutique-one-piece.com\\\/accessoires-one-piece\\\/coque-one-piece-le-repos-de-monkey-d-luffy\\\/#primaryimage\",\"url\":\"https:\\\/\\\/boutique-one-piece.com\\\/wp-content\\\/uploads\\\/2022\\\/09\\\/Coque-One-Piece-Le-Repos-De-Monkey-D-Luffy.jpg\",\"contentUrl\":\"https:\\\/\\\/boutique-one-piece.com\\\/wp-content\\\/uploads\\\/2022\\\/09\\\/Coque-One-Piece-Le-Repos-De-Monkey-D-Luffy.jpg\",\"width\":640,\"height\":640,\"caption\":\"Coque One Piece Le Repos De Monkey D Luffy For Huawei P20 TZ096-3\"},{\"@type\":\"BreadcrumbList\",\"@id\":\"https:\\\/\\\/boutique-one-piece.com\\\/accessoires-one-piece\\\/coque-one-piece-le-repos-de-monkey-d-luffy\\\/#breadcrumb\",\"itemListElement\":[{\"@type\":\"ListItem\",\"position\":1,\"name\":\"Home\",\"item\":\"https:\\\/\\\/boutique-one-piece.com\\\/\"},{\"@type\":\"ListItem\",\"position\":2,\"name\":\"Shop\",\"item\":\"https:\\\/\\\/boutique-one-piece.com\\\/shop\\\/\"},{\"@type\":\"ListItem\",\"position\":3,\"name\":\"Coque One Piece Le Repos De Monkey D Luffy\"}]},{\"@type\":\"WebSite\",\"@id\":\"https:\\\/\\\/boutique-one-piece.com\\\/#website\",\"url\":\"https:\\\/\\\/boutique-one-piece.com\\\/\",\"name\":\"Boutique One Piece\",\"description\":\"Magasin Sp\u00e9cialis\u00e9 du Manga et l&#039;Anime One Piece\",\"publisher\":{\"@id\":\"https:\\\/\\\/boutique-one-piece.com\\\/#organization\"},\"potentialAction\":[{\"@type\":\"SearchAction\",\"target\":{\"@type\":\"EntryPoint\",\"urlTemplate\":\"https:\\\/\\\/boutique-one-piece.com\\\/?s={search_term_string}\"},\"query-input\":{\"@type\":\"PropertyValueSpecification\",\"valueRequired\":true,\"valueName\":\"search_term_string\"}}],\"inLanguage\":\"pt-PT\"},{\"@type\":\"Organization\",\"@id\":\"https:\\\/\\\/boutique-one-piece.com\\\/#organization\",\"name\":\"Boutique One Piece\",\"url\":\"https:\\\/\\\/boutique-one-piece.com\\\/\",\"logo\":{\"@type\":\"ImageObject\",\"inLanguage\":\"pt-PT\",\"@id\":\"https:\\\/\\\/boutique-one-piece.com\\\/#\\\/schema\\\/logo\\\/image\\\/\",\"url\":\"https:\\\/\\\/boutique-one-piece.com\\\/wp-content\\\/uploads\\\/2022\\\/09\\\/Logo-01.png\",\"contentUrl\":\"https:\\\/\\\/boutique-one-piece.com\\\/wp-content\\\/uploads\\\/2022\\\/09\\\/Logo-01.png\",\"width\":2318,\"height\":957,\"caption\":\"Boutique One Piece\"},\"image\":{\"@id\":\"https:\\\/\\\/boutique-one-piece.com\\\/#\\\/schema\\\/logo\\\/image\\\/\"}}]}<\/script>\n<!-- \/ Yoast SEO plugin. -->","yoast_head_json":{"title":"Caso One Piece: O Local de Descanso de Monkey D. Luffy \u2013 Loja One Piece","description":"Marca: IMIDO Tipo: Capa semi-envolvente Caracter\u00edsticas: One Piece Monkey D Luffy Marca compat\u00edvel: Huawei Modelo Huawei compat\u00edvel: P30 Lite Design: Geom\u00e9trico Design: Frases e mensagens Design: Liso Design: Animal Design: Transparente Design: Unic\u00f3rnio Design: Floral Design: M\u00e1rmore Design: Flamingo Design: Desenho animado Fun\u00e7\u00e3o: Resistente \u00e0 sujeira","robots":{"index":"index","follow":"follow","max-snippet":"max-snippet:-1","max-image-preview":"max-image-preview:large","max-video-preview":"max-video-preview:-1"},"canonical":"https:\/\/boutique-one-piece.com\/pt\/acessorios-de-one-piece\/caso-one-piece-o-descanso-de-monkey-d-luffy\/","og_locale":"pt_PT","og_type":"article","og_title":"Coque One Piece Le Repos De Monkey D Luffy \u2013 Boutique One Piece","og_description":"Brand Name: IMIDOType: Half-wrapped CaseFeatures: One Piece Monkey D LuffyCompatible Brand: HuaweiCompatible Huawei Model: P30 LiteDesign: GeometricDesign: Quotes & MessagesDesign: PlainDesign: AnimalDesign: TransparentDesign: unicornDesign: FloralDesign: MarbleDesign: FlamingoDesign: CartoonFunction: Dirt-resistan","og_url":"https:\/\/boutique-one-piece.com\/pt\/acessorios-de-one-piece\/caso-one-piece-o-descanso-de-monkey-d-luffy\/","og_site_name":"Boutique One Piece","article_modified_time":"2024-09-16T15:10:58+00:00","og_image":[{"width":640,"height":640,"url":"https:\/\/boutique-one-piece.com\/wp-content\/uploads\/2022\/09\/Coque-One-Piece-Le-Repos-De-Monkey-D-Luffy.jpg","type":"image\/jpeg"}],"twitter_card":"summary_large_image","twitter_misc":{"Tempo estimado de leitura":"1 minuto"},"schema":{"@context":"https:\/\/schema.org","@graph":[{"@type":"WebPage","@id":"https:\/\/boutique-one-piece.com\/accessoires-one-piece\/coque-one-piece-le-repos-de-monkey-d-luffy\/","url":"https:\/\/boutique-one-piece.com\/accessoires-one-piece\/coque-one-piece-le-repos-de-monkey-d-luffy\/","name":"Caso One Piece: O Local de Descanso de Monkey D. Luffy \u2013 Loja One Piece","isPartOf":{"@id":"https:\/\/boutique-one-piece.com\/#website"},"primaryImageOfPage":{"@id":"https:\/\/boutique-one-piece.com\/accessoires-one-piece\/coque-one-piece-le-repos-de-monkey-d-luffy\/#primaryimage"},"image":{"@id":"https:\/\/boutique-one-piece.com\/accessoires-one-piece\/coque-one-piece-le-repos-de-monkey-d-luffy\/#primaryimage"},"thumbnailUrl":"https:\/\/boutique-one-piece.com\/wp-content\/uploads\/2022\/09\/Coque-One-Piece-Le-Repos-De-Monkey-D-Luffy.jpg","datePublished":"2022-09-27T22:02:05+00:00","dateModified":"2024-09-16T15:10:58+00:00","description":"Marca: IMIDO Tipo: Capa semi-envolvente Caracter\u00edsticas: One Piece Monkey D Luffy Marca compat\u00edvel: Huawei Modelo Huawei compat\u00edvel: P30 Lite Design: Geom\u00e9trico Design: Frases e mensagens Design: Liso Design: Animal Design: Transparente Design: Unic\u00f3rnio Design: Floral Design: M\u00e1rmore Design: Flamingo Design: Desenho animado Fun\u00e7\u00e3o: Resistente \u00e0 sujeira","breadcrumb":{"@id":"https:\/\/boutique-one-piece.com\/accessoires-one-piece\/coque-one-piece-le-repos-de-monkey-d-luffy\/#breadcrumb"},"inLanguage":"pt-PT","potentialAction":[{"@type":"ReadAction","target":["https:\/\/boutique-one-piece.com\/accessoires-one-piece\/coque-one-piece-le-repos-de-monkey-d-luffy\/"]}]},{"@type":"ImageObject","inLanguage":"pt-PT","@id":"https:\/\/boutique-one-piece.com\/accessoires-one-piece\/coque-one-piece-le-repos-de-monkey-d-luffy\/#primaryimage","url":"https:\/\/boutique-one-piece.com\/wp-content\/uploads\/2022\/09\/Coque-One-Piece-Le-Repos-De-Monkey-D-Luffy.jpg","contentUrl":"https:\/\/boutique-one-piece.com\/wp-content\/uploads\/2022\/09\/Coque-One-Piece-Le-Repos-De-Monkey-D-Luffy.jpg","width":640,"height":640,"caption":"Coque One Piece Le Repos De Monkey D Luffy For Huawei P20 TZ096-3"},{"@type":"BreadcrumbList","@id":"https:\/\/boutique-one-piece.com\/accessoires-one-piece\/coque-one-piece-le-repos-de-monkey-d-luffy\/#breadcrumb","itemListElement":[{"@type":"ListItem","position":1,"name":"Home","item":"https:\/\/boutique-one-piece.com\/"},{"@type":"ListItem","position":2,"name":"Shop","item":"https:\/\/boutique-one-piece.com\/shop\/"},{"@type":"ListItem","position":3,"name":"Coque One Piece Le Repos De Monkey D Luffy"}]},{"@type":"WebSite","@id":"https:\/\/boutique-one-piece.com\/#website","url":"https:\/\/boutique-one-piece.com\/","name":"Loja One Piece","description":"Loja especializada em mang\u00e1 e anime de One Piece.","publisher":{"@id":"https:\/\/boutique-one-piece.com\/#organization"},"potentialAction":[{"@type":"SearchAction","target":{"@type":"EntryPoint","urlTemplate":"https:\/\/boutique-one-piece.com\/?s={search_term_string}"},"query-input":{"@type":"PropertyValueSpecification","valueRequired":true,"valueName":"search_term_string"}}],"inLanguage":"pt-PT"},{"@type":"Organization","@id":"https:\/\/boutique-one-piece.com\/#organization","name":"Loja One Piece","url":"https:\/\/boutique-one-piece.com\/","logo":{"@type":"ImageObject","inLanguage":"pt-PT","@id":"https:\/\/boutique-one-piece.com\/#\/schema\/logo\/image\/","url":"https:\/\/boutique-one-piece.com\/wp-content\/uploads\/2022\/09\/Logo-01.png","contentUrl":"https:\/\/boutique-one-piece.com\/wp-content\/uploads\/2022\/09\/Logo-01.png","width":2318,"height":957,"caption":"Boutique One Piece"},"image":{"@id":"https:\/\/boutique-one-piece.com\/#\/schema\/logo\/image\/"}}]}},"_links":{"self":[{"href":"https:\/\/boutique-one-piece.com\/pt\/wp-json\/wp\/v2\/product\/17519","targetHints":{"allow":["GET"]}}],"collection":[{"href":"https:\/\/boutique-one-piece.com\/pt\/wp-json\/wp\/v2\/product"}],"about":[{"href":"https:\/\/boutique-one-piece.com\/pt\/wp-json\/wp\/v2\/types\/product"}],"replies":[{"embeddable":true,"href":"https:\/\/boutique-one-piece.com\/pt\/wp-json\/wp\/v2\/comments?post=17519"}],"wp:featuredmedia":[{"embeddable":true,"href":"https:\/\/boutique-one-piece.com\/pt\/wp-json\/wp\/v2\/media\/17521"}],"wp:attachment":[{"href":"https:\/\/boutique-one-piece.com\/pt\/wp-json\/wp\/v2\/media?parent=17519"}],"wp:term":[{"taxonomy":"product_brand","embeddable":true,"href":"https:\/\/boutique-one-piece.com\/pt\/wp-json\/wp\/v2\/product_brand?post=17519"},{"taxonomy":"product_cat","embeddable":true,"href":"https:\/\/boutique-one-piece.com\/pt\/wp-json\/wp\/v2\/product_cat?post=17519"},{"taxonomy":"product_tag","embeddable":true,"href":"https:\/\/boutique-one-piece.com\/pt\/wp-json\/wp\/v2\/product_tag?post=17519"}],"curies":[{"name":"wp","href":"https:\/\/api.w.org\/{rel}","templated":true}]}}