{"id":17878,"date":"2022-09-27T22:04:39","date_gmt":"2022-09-27T22:04:39","guid":{"rendered":"https:\/\/boutique-one-piece.com\/uncategorized\/avis-de-recherche-kuma-wanted\/"},"modified":"2024-09-16T15:20:40","modified_gmt":"2024-09-16T15:20:40","slug":"cartaz-de-procurado-de-kuma","status":"publish","type":"product","link":"https:\/\/boutique-one-piece.com\/pt\/poster-de-procurado-de-one-piece\/cartaz-de-procurado-de-kuma\/","title":{"rendered":"Aviso de Procuradoria de Kuma"},"content":{"rendered":"<h2>D\u00ea um toque de frescor \u00e0 decora\u00e7\u00e3o do seu quarto com este p\u00f4ster de Kuma Procurado.<\/h2>\n<p>Use este p\u00f4ster sobre a recompensa pela captura ou morte de Kuma para dar um toque especial ao seu quarto ou escrit\u00f3rio. Kuma \u00e9 um personagem que se destacou particularmente na primeira parte de One Piece, sendo um <strong>Shichibukai<\/strong>, um status especial porque significa que ele \u00e9 um pirata que tem deveres para com a Marinha e o Governo Mundial.<\/p>\n<p>Kuma faz diversas apari\u00e7\u00f5es not\u00e1veis durante a aventura de Luffy, particularmente em <strong>Sabaody<\/strong>, onde ele derrota facilmente todos os Chap\u00e9us de Palha. Ele \u00e9 um personagem cujas motiva\u00e7\u00f5es s\u00e3o dif\u00edceis de decifrar, j\u00e1 que \u00e9 um ex-revolucion\u00e1rio que concordou em ser transformado em um ciborgue pelo maior cientista sob as ordens da Marinha, Vegapunk, para ser transformado em uma arma de guerra a ser usada contra outros piratas.<\/p>\n<h3>Exiba com orgulho em casa a bela cole\u00e7\u00e3o do antigo revolucion\u00e1rio Kuma.<\/h3>\n<p>De fato, a cabe\u00e7a de Bartholomew Kuma vale 296 milh\u00f5es de Berries, uma quantia consider\u00e1vel no mundo do mang\u00e1 One Piece. O detentor da <strong>Nikyu Nikyu<\/strong> No Mi \u00e9 uma personagem misteriosa e muito poderosa, cujas verdadeiras motiva\u00e7\u00f5es todos gostariam de conhecer.<\/p>\n<p>Se voc\u00ea gostou dos nossos p\u00f4steres, talvez goste tamb\u00e9m do p\u00f4ster de procurado da [nome da empresa\/organiza\u00e7\u00e3o]. <a href=\"https:\/\/boutique-one-piece.com\/pt\/poster-de-procurado-de-one-piece\/produtos\/aviso-de-procurado-one-piece-roronoa-zoro-procurado\/\" target=\"_blank\" title=\"Roronoa Zoro procurado\" rel=\"noopener noreferrer\">Roronoa Zoro<\/a>.<\/p>\n<p>\u00a0<\/p>\n<h2>Informa\u00e7\u00f5es sobre o p\u00f4ster de One Piece Wanted Bartholomew Kuma<\/h2>\n<ul>\n<li><span><b><u>P\u00f4ster de Procurado de One Piece<\/u><\/b>\u00a0Um aut\u00eantico cartaz de procurado de One Piece para verdadeiros piratas.<\/span><\/li>\n<\/ul>\n<ul>\n<li>\n<b><u>A recompensa de Bartolomeu Kuma<\/u><\/b>\u00a0296.000.000 de bagas<\/li>\n<\/ul>\n<ul>\n<li><span><strong>Impress\u00e3o de alta qualidade<\/strong>\u00a0cores precisas<\/span><\/li>\n<\/ul>\n<ul>\n<li>\n<strong>Dimens\u00e3o<\/strong>\u00a0: 51 cm x 36 cm<\/li>\n<\/ul>\n<ul>\n<li><span><strong>ENTREGA GR\u00c1TIS<\/strong><\/span><\/li>\n<\/ul>","protected":false},"excerpt":{"rendered":"<p>D\u00ea um toque especial ao seu quarto com este p\u00f4ster de &quot;Procurado&quot; do Kuma. Use este p\u00f4ster, que anuncia a recompensa pela captura ou morte do Kuma, para adicionar um toque diferente \u00e0 decora\u00e7\u00e3o do seu quarto ou escrit\u00f3rio. Kuma \u00e9 um personagem [\u2026]<\/p>","protected":false},"featured_media":17880,"comment_status":"open","ping_status":"open","template":"","meta":[],"product_brand":[],"product_cat":[171],"product_tag":[],"class_list":{"0":"post-17878","1":"product","2":"type-product","3":"status-publish","4":"has-post-thumbnail","6":"product_cat-avis-de-recherche-one-piece","8":"first","9":"instock","10":"purchasable","11":"product-type-simple"},"yoast_head":"<!-- This site is optimized with the Yoast SEO plugin v27.5 - https:\/\/yoast.com\/product\/yoast-seo-wordpress\/ -->\n<title>Avis De Recherche Kuma Wanted | D\u00e9coration One Piece \u2013 Boutique One Piece<\/title>\n<meta name=\"description\" content=\"Donne un nouveau souffle \u00e0 la d\u00e9coration de ta pi\u00e8ce gr\u00e2ce \u00e0 cet Avis de Recherche Kuma Wanted. Profite de cette affiche \u00e0 propos de la prime attribu\u00e9e pour la capture ou la mort de Kuma pour donner un nouvel \u00e9lan \u00e0 la d\u00e9coration de ta chambre ou de ton bureau. Kuma est un personnage qui a surtout marqu\u00e9 la premi\u00e8re pa\" \/>\n<meta name=\"robots\" content=\"index, follow, max-snippet:-1, max-image-preview:large, max-video-preview:-1\" \/>\n<link rel=\"canonical\" href=\"https:\/\/boutique-one-piece.com\/pt\/poster-de-procurado-de-one-piece\/cartaz-de-procurado-de-kuma\/\" \/>\n<meta property=\"og:locale\" content=\"pt_PT\" \/>\n<meta property=\"og:type\" content=\"article\" \/>\n<meta property=\"og:title\" content=\"Avis De Recherche Kuma Wanted | D\u00e9coration One Piece \u2013 Boutique One Piece\" \/>\n<meta property=\"og:description\" content=\"Donne un nouveau souffle \u00e0 la d\u00e9coration de ta pi\u00e8ce gr\u00e2ce \u00e0 cet Avis de Recherche Kuma Wanted. Profite de cette affiche \u00e0 propos de la prime attribu\u00e9e pour la capture ou la mort de Kuma pour donner un nouvel \u00e9lan \u00e0 la d\u00e9coration de ta chambre ou de ton bureau. Kuma est un personnage qui a surtout marqu\u00e9 la premi\u00e8re pa\" \/>\n<meta property=\"og:url\" content=\"https:\/\/boutique-one-piece.com\/pt\/poster-de-procurado-de-one-piece\/cartaz-de-procurado-de-kuma\/\" \/>\n<meta property=\"og:site_name\" content=\"Boutique One Piece\" \/>\n<meta property=\"article:modified_time\" content=\"2024-09-16T15:20:40+00:00\" \/>\n<meta property=\"og:image\" content=\"https:\/\/boutique-one-piece.com\/wp-content\/uploads\/2022\/09\/Avis-De-Recherche-Kuma-Wanted-1.jpg\" \/>\n\t<meta property=\"og:image:width\" content=\"800\" \/>\n\t<meta property=\"og:image:height\" content=\"800\" \/>\n\t<meta property=\"og:image:type\" content=\"image\/jpeg\" \/>\n<meta name=\"twitter:card\" content=\"summary_large_image\" \/>\n<meta name=\"twitter:label1\" content=\"Tempo estimado de leitura\" \/>\n\t<meta name=\"twitter:data1\" content=\"1 minuto\" \/>\n<script type=\"application\/ld+json\" class=\"yoast-schema-graph\">{\"@context\":\"https:\\\/\\\/schema.org\",\"@graph\":[{\"@type\":\"WebPage\",\"@id\":\"https:\\\/\\\/boutique-one-piece.com\\\/avis-de-recherche-one-piece\\\/avis-de-recherche-kuma-wanted\\\/\",\"url\":\"https:\\\/\\\/boutique-one-piece.com\\\/avis-de-recherche-one-piece\\\/avis-de-recherche-kuma-wanted\\\/\",\"name\":\"Avis De Recherche Kuma Wanted | D\u00e9coration One Piece \u2013 Boutique One Piece\",\"isPartOf\":{\"@id\":\"https:\\\/\\\/boutique-one-piece.com\\\/#website\"},\"primaryImageOfPage\":{\"@id\":\"https:\\\/\\\/boutique-one-piece.com\\\/avis-de-recherche-one-piece\\\/avis-de-recherche-kuma-wanted\\\/#primaryimage\"},\"image\":{\"@id\":\"https:\\\/\\\/boutique-one-piece.com\\\/avis-de-recherche-one-piece\\\/avis-de-recherche-kuma-wanted\\\/#primaryimage\"},\"thumbnailUrl\":\"https:\\\/\\\/boutique-one-piece.com\\\/wp-content\\\/uploads\\\/2022\\\/09\\\/Avis-De-Recherche-Kuma-Wanted-1.jpg\",\"datePublished\":\"2022-09-27T22:04:39+00:00\",\"dateModified\":\"2024-09-16T15:20:40+00:00\",\"description\":\"Donne un nouveau souffle \u00e0 la d\u00e9coration de ta pi\u00e8ce gr\u00e2ce \u00e0 cet Avis de Recherche Kuma Wanted. Profite de cette affiche \u00e0 propos de la prime attribu\u00e9e pour la capture ou la mort de Kuma pour donner un nouvel \u00e9lan \u00e0 la d\u00e9coration de ta chambre ou de ton bureau. Kuma est un personnage qui a surtout marqu\u00e9 la premi\u00e8re pa\",\"breadcrumb\":{\"@id\":\"https:\\\/\\\/boutique-one-piece.com\\\/avis-de-recherche-one-piece\\\/avis-de-recherche-kuma-wanted\\\/#breadcrumb\"},\"inLanguage\":\"pt-PT\",\"potentialAction\":[{\"@type\":\"ReadAction\",\"target\":[\"https:\\\/\\\/boutique-one-piece.com\\\/avis-de-recherche-one-piece\\\/avis-de-recherche-kuma-wanted\\\/\"]}]},{\"@type\":\"ImageObject\",\"inLanguage\":\"pt-PT\",\"@id\":\"https:\\\/\\\/boutique-one-piece.com\\\/avis-de-recherche-one-piece\\\/avis-de-recherche-kuma-wanted\\\/#primaryimage\",\"url\":\"https:\\\/\\\/boutique-one-piece.com\\\/wp-content\\\/uploads\\\/2022\\\/09\\\/Avis-De-Recherche-Kuma-Wanted-1.jpg\",\"contentUrl\":\"https:\\\/\\\/boutique-one-piece.com\\\/wp-content\\\/uploads\\\/2022\\\/09\\\/Avis-De-Recherche-Kuma-Wanted-1.jpg\",\"width\":800,\"height\":800},{\"@type\":\"BreadcrumbList\",\"@id\":\"https:\\\/\\\/boutique-one-piece.com\\\/avis-de-recherche-one-piece\\\/avis-de-recherche-kuma-wanted\\\/#breadcrumb\",\"itemListElement\":[{\"@type\":\"ListItem\",\"position\":1,\"name\":\"Home\",\"item\":\"https:\\\/\\\/boutique-one-piece.com\\\/\"},{\"@type\":\"ListItem\",\"position\":2,\"name\":\"Shop\",\"item\":\"https:\\\/\\\/boutique-one-piece.com\\\/shop\\\/\"},{\"@type\":\"ListItem\",\"position\":3,\"name\":\"Avis De Recherche Kuma Wanted\"}]},{\"@type\":\"WebSite\",\"@id\":\"https:\\\/\\\/boutique-one-piece.com\\\/#website\",\"url\":\"https:\\\/\\\/boutique-one-piece.com\\\/\",\"name\":\"Boutique One Piece\",\"description\":\"Magasin Sp\u00e9cialis\u00e9 du Manga et l&#039;Anime One Piece\",\"publisher\":{\"@id\":\"https:\\\/\\\/boutique-one-piece.com\\\/#organization\"},\"potentialAction\":[{\"@type\":\"SearchAction\",\"target\":{\"@type\":\"EntryPoint\",\"urlTemplate\":\"https:\\\/\\\/boutique-one-piece.com\\\/?s={search_term_string}\"},\"query-input\":{\"@type\":\"PropertyValueSpecification\",\"valueRequired\":true,\"valueName\":\"search_term_string\"}}],\"inLanguage\":\"pt-PT\"},{\"@type\":\"Organization\",\"@id\":\"https:\\\/\\\/boutique-one-piece.com\\\/#organization\",\"name\":\"Boutique One Piece\",\"url\":\"https:\\\/\\\/boutique-one-piece.com\\\/\",\"logo\":{\"@type\":\"ImageObject\",\"inLanguage\":\"pt-PT\",\"@id\":\"https:\\\/\\\/boutique-one-piece.com\\\/#\\\/schema\\\/logo\\\/image\\\/\",\"url\":\"https:\\\/\\\/boutique-one-piece.com\\\/wp-content\\\/uploads\\\/2022\\\/09\\\/Logo-01.png\",\"contentUrl\":\"https:\\\/\\\/boutique-one-piece.com\\\/wp-content\\\/uploads\\\/2022\\\/09\\\/Logo-01.png\",\"width\":2318,\"height\":957,\"caption\":\"Boutique One Piece\"},\"image\":{\"@id\":\"https:\\\/\\\/boutique-one-piece.com\\\/#\\\/schema\\\/logo\\\/image\\\/\"}}]}<\/script>\n<!-- \/ Yoast SEO plugin. -->","yoast_head_json":{"title":"Aviso de Procurado Kuma | Decora\u00e7\u00f5es de One Piece \u2013 Loja de One Piece","description":"D\u00ea um toque especial ao seu quarto com este p\u00f4ster de &quot;Procurado&quot; do Kuma. Use este p\u00f4ster, que anuncia a recompensa pela captura ou morte do Kuma, para adicionar um novo estilo \u00e0 decora\u00e7\u00e3o do seu quarto ou escrit\u00f3rio. Kuma \u00e9 um personagem que teve um impacto significativo, especialmente na primeira parte da s\u00e9rie.","robots":{"index":"index","follow":"follow","max-snippet":"max-snippet:-1","max-image-preview":"max-image-preview:large","max-video-preview":"max-video-preview:-1"},"canonical":"https:\/\/boutique-one-piece.com\/pt\/poster-de-procurado-de-one-piece\/cartaz-de-procurado-de-kuma\/","og_locale":"pt_PT","og_type":"article","og_title":"Avis De Recherche Kuma Wanted | D\u00e9coration One Piece \u2013 Boutique One Piece","og_description":"Donne un nouveau souffle \u00e0 la d\u00e9coration de ta pi\u00e8ce gr\u00e2ce \u00e0 cet Avis de Recherche Kuma Wanted. Profite de cette affiche \u00e0 propos de la prime attribu\u00e9e pour la capture ou la mort de Kuma pour donner un nouvel \u00e9lan \u00e0 la d\u00e9coration de ta chambre ou de ton bureau. Kuma est un personnage qui a surtout marqu\u00e9 la premi\u00e8re pa","og_url":"https:\/\/boutique-one-piece.com\/pt\/poster-de-procurado-de-one-piece\/cartaz-de-procurado-de-kuma\/","og_site_name":"Boutique One Piece","article_modified_time":"2024-09-16T15:20:40+00:00","og_image":[{"width":800,"height":800,"url":"https:\/\/boutique-one-piece.com\/wp-content\/uploads\/2022\/09\/Avis-De-Recherche-Kuma-Wanted-1.jpg","type":"image\/jpeg"}],"twitter_card":"summary_large_image","twitter_misc":{"Tempo estimado de leitura":"1 minuto"},"schema":{"@context":"https:\/\/schema.org","@graph":[{"@type":"WebPage","@id":"https:\/\/boutique-one-piece.com\/avis-de-recherche-one-piece\/avis-de-recherche-kuma-wanted\/","url":"https:\/\/boutique-one-piece.com\/avis-de-recherche-one-piece\/avis-de-recherche-kuma-wanted\/","name":"Aviso de Procurado Kuma | Decora\u00e7\u00f5es de One Piece \u2013 Loja de One Piece","isPartOf":{"@id":"https:\/\/boutique-one-piece.com\/#website"},"primaryImageOfPage":{"@id":"https:\/\/boutique-one-piece.com\/avis-de-recherche-one-piece\/avis-de-recherche-kuma-wanted\/#primaryimage"},"image":{"@id":"https:\/\/boutique-one-piece.com\/avis-de-recherche-one-piece\/avis-de-recherche-kuma-wanted\/#primaryimage"},"thumbnailUrl":"https:\/\/boutique-one-piece.com\/wp-content\/uploads\/2022\/09\/Avis-De-Recherche-Kuma-Wanted-1.jpg","datePublished":"2022-09-27T22:04:39+00:00","dateModified":"2024-09-16T15:20:40+00:00","description":"D\u00ea um toque especial ao seu quarto com este p\u00f4ster de &quot;Procurado&quot; do Kuma. Use este p\u00f4ster, que anuncia a recompensa pela captura ou morte do Kuma, para adicionar um novo estilo \u00e0 decora\u00e7\u00e3o do seu quarto ou escrit\u00f3rio. Kuma \u00e9 um personagem que teve um impacto significativo, especialmente na primeira parte da s\u00e9rie.","breadcrumb":{"@id":"https:\/\/boutique-one-piece.com\/avis-de-recherche-one-piece\/avis-de-recherche-kuma-wanted\/#breadcrumb"},"inLanguage":"pt-PT","potentialAction":[{"@type":"ReadAction","target":["https:\/\/boutique-one-piece.com\/avis-de-recherche-one-piece\/avis-de-recherche-kuma-wanted\/"]}]},{"@type":"ImageObject","inLanguage":"pt-PT","@id":"https:\/\/boutique-one-piece.com\/avis-de-recherche-one-piece\/avis-de-recherche-kuma-wanted\/#primaryimage","url":"https:\/\/boutique-one-piece.com\/wp-content\/uploads\/2022\/09\/Avis-De-Recherche-Kuma-Wanted-1.jpg","contentUrl":"https:\/\/boutique-one-piece.com\/wp-content\/uploads\/2022\/09\/Avis-De-Recherche-Kuma-Wanted-1.jpg","width":800,"height":800},{"@type":"BreadcrumbList","@id":"https:\/\/boutique-one-piece.com\/avis-de-recherche-one-piece\/avis-de-recherche-kuma-wanted\/#breadcrumb","itemListElement":[{"@type":"ListItem","position":1,"name":"Home","item":"https:\/\/boutique-one-piece.com\/"},{"@type":"ListItem","position":2,"name":"Shop","item":"https:\/\/boutique-one-piece.com\/shop\/"},{"@type":"ListItem","position":3,"name":"Avis De Recherche Kuma Wanted"}]},{"@type":"WebSite","@id":"https:\/\/boutique-one-piece.com\/#website","url":"https:\/\/boutique-one-piece.com\/","name":"Loja One Piece","description":"Loja especializada em mang\u00e1 e anime de One Piece.","publisher":{"@id":"https:\/\/boutique-one-piece.com\/#organization"},"potentialAction":[{"@type":"SearchAction","target":{"@type":"EntryPoint","urlTemplate":"https:\/\/boutique-one-piece.com\/?s={search_term_string}"},"query-input":{"@type":"PropertyValueSpecification","valueRequired":true,"valueName":"search_term_string"}}],"inLanguage":"pt-PT"},{"@type":"Organization","@id":"https:\/\/boutique-one-piece.com\/#organization","name":"Loja One Piece","url":"https:\/\/boutique-one-piece.com\/","logo":{"@type":"ImageObject","inLanguage":"pt-PT","@id":"https:\/\/boutique-one-piece.com\/#\/schema\/logo\/image\/","url":"https:\/\/boutique-one-piece.com\/wp-content\/uploads\/2022\/09\/Logo-01.png","contentUrl":"https:\/\/boutique-one-piece.com\/wp-content\/uploads\/2022\/09\/Logo-01.png","width":2318,"height":957,"caption":"Boutique One Piece"},"image":{"@id":"https:\/\/boutique-one-piece.com\/#\/schema\/logo\/image\/"}}]}},"_links":{"self":[{"href":"https:\/\/boutique-one-piece.com\/pt\/wp-json\/wp\/v2\/product\/17878","targetHints":{"allow":["GET"]}}],"collection":[{"href":"https:\/\/boutique-one-piece.com\/pt\/wp-json\/wp\/v2\/product"}],"about":[{"href":"https:\/\/boutique-one-piece.com\/pt\/wp-json\/wp\/v2\/types\/product"}],"replies":[{"embeddable":true,"href":"https:\/\/boutique-one-piece.com\/pt\/wp-json\/wp\/v2\/comments?post=17878"}],"wp:featuredmedia":[{"embeddable":true,"href":"https:\/\/boutique-one-piece.com\/pt\/wp-json\/wp\/v2\/media\/17880"}],"wp:attachment":[{"href":"https:\/\/boutique-one-piece.com\/pt\/wp-json\/wp\/v2\/media?parent=17878"}],"wp:term":[{"taxonomy":"product_brand","embeddable":true,"href":"https:\/\/boutique-one-piece.com\/pt\/wp-json\/wp\/v2\/product_brand?post=17878"},{"taxonomy":"product_cat","embeddable":true,"href":"https:\/\/boutique-one-piece.com\/pt\/wp-json\/wp\/v2\/product_cat?post=17878"},{"taxonomy":"product_tag","embeddable":true,"href":"https:\/\/boutique-one-piece.com\/pt\/wp-json\/wp\/v2\/product_tag?post=17878"}],"curies":[{"name":"wp","href":"https:\/\/api.w.org\/{rel}","templated":true}]}}