{"id":8140,"date":"2022-09-27T18:53:09","date_gmt":"2022-09-27T18:53:09","guid":{"rendered":"https:\/\/boutique-one-piece.com\/uncategorized\/short-de-bain-one-piece-aokiji-vs-akainu\/"},"modified":"2024-09-16T11:12:02","modified_gmt":"2024-09-16T11:12:02","slug":"shorts-de-banho-de-uma-peca-aokiji-vs-akainu","status":"publish","type":"product","link":"https:\/\/boutique-one-piece.com\/pt\/roupas-de-uma-peca\/calcoes-de-banho-de-uma-peca\/shorts-de-banho-de-uma-peca-aokiji-vs-akainu\/","title":{"rendered":"Cal\u00e7\u00e3o de banho de uma pe\u00e7a Aokiji vs Akainu"},"content":{"rendered":"<p><meta charset=\"utf-8\"><meta charset=\"utf-8\"><meta charset=\"utf-8\"><\/p>\n<h2>Cal\u00e7\u00e3o de banho One Piece com estampa de Kuzan vs. Sakazuki, um traje de banho de qualidade para um pirata como voc\u00ea!<\/h2>\n<p>Se voc\u00ea \u00e9 um<span>\u00a0<\/span><strong>pirata de verdade<\/strong>, Voc\u00ea ser\u00e1 muito apreciado(a).<span>\u00a0<\/span><strong>qualidade dos materiais,<\/strong>\u00a0do<span>\u00a0<\/span><strong>projeto<span>\u00a0<\/span><\/strong>e<strong><span>\u00a0<\/span>Impress\u00e3o 3D<\/strong>\u00a0disso<span>\u00a0<\/span><strong>Cal\u00e7\u00e3o de banho de uma pe\u00e7a<\/strong><span>\u00a0<\/span>Mas o mais importante \u00e9 que, com esses shorts, voc\u00ea far\u00e1 parte de<span>\u00a0<\/span><strong>a equipe de f\u00e3s<\/strong><span>\u00a0<\/span>de<span>\u00a0<\/span><strong>mang\u00e1 de piratas<\/strong><span>\u00a0<\/span>e voc\u00ea obter\u00e1:<\/p>\n<ul>\n<li>\u00a0<strong>Admira\u00e7\u00e3o<\/strong><span>\u00a0<\/span>de todos os f\u00e3s de<span>\u00a0<\/span><strong>Mugiwara<\/strong><span>\u00a0<\/span>que voc\u00ea encontrar\u00e1<\/li>\n<\/ul>\n<ul>\n<li>Um verdadeiro<span>\u00a0<\/span><strong>cal\u00e7\u00f5es de banho estampados<\/strong><span>\u00a0<\/span>com as quais voc\u00ea pode nadar em<span>\u00a0<\/span><strong>Grand Line<\/strong>, Mas tenha cuidado, n\u00e3o \u00e9 recomend\u00e1vel entrar no mar depois de ter comido um.<span>\u00a0<\/span><strong>fruta do diabo<\/strong>\n<\/li>\n<\/ul>\n<p>Ent\u00e3o, pronto para colocar o<span>\u00a0<\/span><strong>cores <\/strong>do seu<strong> mang\u00e1 favorito<\/strong><span>\u00a0<\/span>?<\/p>\n<h2>Voc\u00ea \u00e9 f\u00e3 do mang\u00e1 ou anime One Piece? Mostre isso com estes shorts de banho!<\/h2>\n<p>Se voc\u00ea<span>\u00a0<\/span><strong>ler<\/strong><span>\u00a0<\/span>ou onde quer que voc\u00ea olhe<span>\u00a0<\/span><strong>anime japon\u00eas<\/strong>, \u00c9 bem prov\u00e1vel que voc\u00ea tenha se tornado<span>\u00a0<\/span><strong>Sou louco por One Piece.<\/strong><span>\u00a0<\/span>Com isto!<span>\u00a0<\/span><strong>cal\u00e7\u00f5es de banho<\/strong><span>\u00a0<\/span><strong>Akainu contra Aokiji<\/strong>, junte-se a ele<span>\u00a0<\/span><strong>equipe<\/strong><\/p>\n<p>Estes cal\u00e7\u00f5es est\u00e3o dispon\u00edveis nos tamanhos<span>\u00a0<\/span><strong>XXS, XS, S, M, L, XL<\/strong>, Vai servir para todos os tipos de piratas, mesmo que voc\u00ea n\u00e3o tenha<span>\u00a0<\/span><strong>espada<\/strong>\u00a0ou<span>\u00a0<\/span><strong>fruta do diabo<\/strong><span>\u00a0<\/span>Voc\u00ea ainda pode us\u00e1-lo\u00a0<\/p>\n<p><strong>Sakasuki <\/strong>E <strong>Kuzan<\/strong> eram <strong>dois almirantes<\/strong> da Marinha, ap\u00f3s a partida de <strong>Sengoku<\/strong> em seu posto <strong>do Almirante-Chefe<\/strong>, A <strong>lutar<\/strong> ocorreu entre <strong>Aokiji e Akainu, o C\u00e3o Vermelho<\/strong>. O confronto durou <strong>10 dias<\/strong> e aconteceu na ilha de <strong>Punk Hazard<\/strong>, A ilha foi devastada pelo <strong>poder<\/strong> libertado por esses dois personagens. Finalmente, ap\u00f3s essa luta incr\u00edvel. <strong>Sakasuki saiu vitorioso.<\/strong>, Ele recebeu, portanto, o cargo de Almirante-Chefe e <strong>Kuzan deixou a marinha.<\/strong>.<\/p>\n<h3><span>N\u00e3o se esque\u00e7a de consultar o guia de tamanhos abaixo.<\/span><\/h3>\n<p><span><img decoding=\"async\" alt=\"Tabela de tamanhos de shorts de uma pe\u00e7a Baim: XXS, XS, S, M, L, XL\" src=\"https:\/\/cdn.shopify.com\/s\/files\/1\/0087\/7556\/5348\/files\/boutque_one__piece_tableau_taille_short_de_bain_large.jpg?v=1560446518\"><\/span><\/p>\n<h3>Instru\u00e7\u00f5es de lavagem:<\/h3>\n<ul>\n<li>Lavar \u00e0 m\u00e1quina a 30 \u00b0C, ciclo delicado.<\/li>\n<\/ul>\n<ul>\n<li>Passar a ferro pelo avesso<\/li>\n<\/ul>\n<p>Para<span>\u00a0<\/span><strong>preservar a qualidade<\/strong><span>\u00a0<\/span>disso\u00a0<strong>Cal\u00e7\u00e3o de banho de uma pe\u00e7a<\/strong>, Recomendamos que voc\u00ea<span>\u00a0<\/span><strong>respeito<\/strong><span>\u00a0<\/span>O<span>\u00a0<\/span><strong>instru\u00e7\u00f5es de lavagem<\/strong>.<\/p>\n<ul><\/ul>\n<ul><\/ul>\n<ul><\/ul>","protected":false},"excerpt":{"rendered":"<p>Cal\u00e7\u00e3o de Banho One Piece com Kuzan vs. Sakazuki: Cal\u00e7\u00e3o de banho de alta qualidade para um pirata como voc\u00ea! Se voc\u00ea \u00e9 um verdadeiro pirata, vai apreciar a qualidade dos materiais, o design e a impress\u00e3o 3D deste cal\u00e7\u00e3o de banho One Piece! Mas o mais importante \u00e9 que, com este cal\u00e7\u00e3o, voc\u00ea far\u00e1 parte da tripula\u00e7\u00e3o de f\u00e3s do mang\u00e1 de piratas e ganhar\u00e1: A admira\u00e7\u00e3o de todos os f\u00e3s [\u2026]<\/p>","protected":false},"featured_media":8142,"comment_status":"open","ping_status":"open","template":"","meta":[],"product_brand":[],"product_cat":[66],"product_tag":[67,68],"class_list":{"0":"post-8140","1":"product","2":"type-product","3":"status-publish","4":"has-post-thumbnail","6":"product_cat-shorts-de-bain-one-piece","7":"product_tag-akainu","8":"product_tag-aokiji","10":"first","11":"instock","12":"purchasable","13":"product-type-variable","14":"has-default-attributes"},"yoast_head":"<!-- This site is optimized with the Yoast SEO plugin v27.5 - https:\/\/yoast.com\/product\/yoast-seo-wordpress\/ -->\n<title>Short De Bain Aokiji Vs Akainu | Boutique One Piece<\/title>\n<meta name=\"description\" content=\"Short Imprim\u00e9 One Piece avec Sakasuki et Kuzane l&#039;Affrontement \u00c9pic Fan de l&#039;Univers du Manga de Pirates Portez ce Short de Bain de Votre Licence Pr\u00e9f\u00e9r\u00e9\" \/>\n<meta name=\"robots\" content=\"index, follow, max-snippet:-1, max-image-preview:large, max-video-preview:-1\" \/>\n<link rel=\"canonical\" href=\"https:\/\/boutique-one-piece.com\/pt\/roupas-de-uma-peca\/calcoes-de-banho-de-uma-peca\/shorts-de-banho-de-uma-peca-aokiji-vs-akainu\/\" \/>\n<meta property=\"og:locale\" content=\"pt_PT\" \/>\n<meta property=\"og:type\" content=\"article\" \/>\n<meta property=\"og:title\" content=\"Short De Bain Aokiji Vs Akainu | Boutique One Piece\" \/>\n<meta property=\"og:description\" content=\"Short Imprim\u00e9 One Piece avec Sakasuki et Kuzane l&#039;Affrontement \u00c9pic Fan de l&#039;Univers du Manga de Pirates Portez ce Short de Bain de Votre Licence Pr\u00e9f\u00e9r\u00e9\" \/>\n<meta property=\"og:url\" content=\"https:\/\/boutique-one-piece.com\/pt\/roupas-de-uma-peca\/calcoes-de-banho-de-uma-peca\/shorts-de-banho-de-uma-peca-aokiji-vs-akainu\/\" \/>\n<meta property=\"og:site_name\" content=\"Boutique One Piece\" \/>\n<meta property=\"article:modified_time\" content=\"2024-09-16T11:12:02+00:00\" \/>\n<meta property=\"og:image\" content=\"https:\/\/boutique-one-piece.com\/wp-content\/uploads\/2022\/09\/Short-De-Bain-One-Piece-Aokiji-Vs-Akainu-1.jpg\" \/>\n\t<meta property=\"og:image:width\" content=\"800\" \/>\n\t<meta property=\"og:image:height\" content=\"800\" \/>\n\t<meta property=\"og:image:type\" content=\"image\/jpeg\" \/>\n<meta name=\"twitter:card\" content=\"summary_large_image\" \/>\n<meta name=\"twitter:label1\" content=\"Tempo estimado de leitura\" \/>\n\t<meta name=\"twitter:data1\" content=\"2 minutos\" \/>\n<script type=\"application\/ld+json\" class=\"yoast-schema-graph\">{\"@context\":\"https:\\\/\\\/schema.org\",\"@graph\":[{\"@type\":\"WebPage\",\"@id\":\"https:\\\/\\\/boutique-one-piece.com\\\/vetements-one-piece\\\/shorts-de-bain-one-piece\\\/short-de-bain-one-piece-aokiji-vs-akainu\\\/\",\"url\":\"https:\\\/\\\/boutique-one-piece.com\\\/vetements-one-piece\\\/shorts-de-bain-one-piece\\\/short-de-bain-one-piece-aokiji-vs-akainu\\\/\",\"name\":\"Short De Bain Aokiji Vs Akainu | Boutique One Piece\",\"isPartOf\":{\"@id\":\"https:\\\/\\\/boutique-one-piece.com\\\/#website\"},\"primaryImageOfPage\":{\"@id\":\"https:\\\/\\\/boutique-one-piece.com\\\/vetements-one-piece\\\/shorts-de-bain-one-piece\\\/short-de-bain-one-piece-aokiji-vs-akainu\\\/#primaryimage\"},\"image\":{\"@id\":\"https:\\\/\\\/boutique-one-piece.com\\\/vetements-one-piece\\\/shorts-de-bain-one-piece\\\/short-de-bain-one-piece-aokiji-vs-akainu\\\/#primaryimage\"},\"thumbnailUrl\":\"https:\\\/\\\/boutique-one-piece.com\\\/wp-content\\\/uploads\\\/2022\\\/09\\\/Short-De-Bain-One-Piece-Aokiji-Vs-Akainu-1.jpg\",\"datePublished\":\"2022-09-27T18:53:09+00:00\",\"dateModified\":\"2024-09-16T11:12:02+00:00\",\"description\":\"Short Imprim\u00e9 One Piece avec Sakasuki et Kuzane l'Affrontement \u00c9pic Fan de l'Univers du Manga de Pirates Portez ce Short de Bain de Votre Licence Pr\u00e9f\u00e9r\u00e9\",\"breadcrumb\":{\"@id\":\"https:\\\/\\\/boutique-one-piece.com\\\/vetements-one-piece\\\/shorts-de-bain-one-piece\\\/short-de-bain-one-piece-aokiji-vs-akainu\\\/#breadcrumb\"},\"inLanguage\":\"pt-PT\",\"potentialAction\":[{\"@type\":\"ReadAction\",\"target\":[\"https:\\\/\\\/boutique-one-piece.com\\\/vetements-one-piece\\\/shorts-de-bain-one-piece\\\/short-de-bain-one-piece-aokiji-vs-akainu\\\/\"]}]},{\"@type\":\"ImageObject\",\"inLanguage\":\"pt-PT\",\"@id\":\"https:\\\/\\\/boutique-one-piece.com\\\/vetements-one-piece\\\/shorts-de-bain-one-piece\\\/short-de-bain-one-piece-aokiji-vs-akainu\\\/#primaryimage\",\"url\":\"https:\\\/\\\/boutique-one-piece.com\\\/wp-content\\\/uploads\\\/2022\\\/09\\\/Short-De-Bain-One-Piece-Aokiji-Vs-Akainu-1.jpg\",\"contentUrl\":\"https:\\\/\\\/boutique-one-piece.com\\\/wp-content\\\/uploads\\\/2022\\\/09\\\/Short-De-Bain-One-Piece-Aokiji-Vs-Akainu-1.jpg\",\"width\":800,\"height\":800},{\"@type\":\"BreadcrumbList\",\"@id\":\"https:\\\/\\\/boutique-one-piece.com\\\/vetements-one-piece\\\/shorts-de-bain-one-piece\\\/short-de-bain-one-piece-aokiji-vs-akainu\\\/#breadcrumb\",\"itemListElement\":[{\"@type\":\"ListItem\",\"position\":1,\"name\":\"Home\",\"item\":\"https:\\\/\\\/boutique-one-piece.com\\\/\"},{\"@type\":\"ListItem\",\"position\":2,\"name\":\"Shop\",\"item\":\"https:\\\/\\\/boutique-one-piece.com\\\/shop\\\/\"},{\"@type\":\"ListItem\",\"position\":3,\"name\":\"Short De Bain One Piece Aokiji Vs Akainu\"}]},{\"@type\":\"WebSite\",\"@id\":\"https:\\\/\\\/boutique-one-piece.com\\\/#website\",\"url\":\"https:\\\/\\\/boutique-one-piece.com\\\/\",\"name\":\"Boutique One Piece\",\"description\":\"Magasin Sp\u00e9cialis\u00e9 du Manga et l&#039;Anime One Piece\",\"publisher\":{\"@id\":\"https:\\\/\\\/boutique-one-piece.com\\\/#organization\"},\"potentialAction\":[{\"@type\":\"SearchAction\",\"target\":{\"@type\":\"EntryPoint\",\"urlTemplate\":\"https:\\\/\\\/boutique-one-piece.com\\\/?s={search_term_string}\"},\"query-input\":{\"@type\":\"PropertyValueSpecification\",\"valueRequired\":true,\"valueName\":\"search_term_string\"}}],\"inLanguage\":\"pt-PT\"},{\"@type\":\"Organization\",\"@id\":\"https:\\\/\\\/boutique-one-piece.com\\\/#organization\",\"name\":\"Boutique One Piece\",\"url\":\"https:\\\/\\\/boutique-one-piece.com\\\/\",\"logo\":{\"@type\":\"ImageObject\",\"inLanguage\":\"pt-PT\",\"@id\":\"https:\\\/\\\/boutique-one-piece.com\\\/#\\\/schema\\\/logo\\\/image\\\/\",\"url\":\"https:\\\/\\\/boutique-one-piece.com\\\/wp-content\\\/uploads\\\/2022\\\/09\\\/Logo-01.png\",\"contentUrl\":\"https:\\\/\\\/boutique-one-piece.com\\\/wp-content\\\/uploads\\\/2022\\\/09\\\/Logo-01.png\",\"width\":2318,\"height\":957,\"caption\":\"Boutique One Piece\"},\"image\":{\"@id\":\"https:\\\/\\\/boutique-one-piece.com\\\/#\\\/schema\\\/logo\\\/image\\\/\"}}]}<\/script>\n<!-- \/ Yoast SEO plugin. -->","yoast_head_json":{"title":"Cal\u00e7\u00f5es de banho Aokiji vs. Akainu | Loja One Piece","description":"Cal\u00e7\u00f5es de banho estampados de One Piece com Sakasuki e Kuzane do \u00e9pico confronto. F\u00e3s do universo do mang\u00e1 de piratas n\u00e3o podem perder estes cal\u00e7\u00f5es de banho da sua franquia favorita.","robots":{"index":"index","follow":"follow","max-snippet":"max-snippet:-1","max-image-preview":"max-image-preview:large","max-video-preview":"max-video-preview:-1"},"canonical":"https:\/\/boutique-one-piece.com\/pt\/roupas-de-uma-peca\/calcoes-de-banho-de-uma-peca\/shorts-de-banho-de-uma-peca-aokiji-vs-akainu\/","og_locale":"pt_PT","og_type":"article","og_title":"Short De Bain Aokiji Vs Akainu | Boutique One Piece","og_description":"Short Imprim\u00e9 One Piece avec Sakasuki et Kuzane l'Affrontement \u00c9pic Fan de l'Univers du Manga de Pirates Portez ce Short de Bain de Votre Licence Pr\u00e9f\u00e9r\u00e9","og_url":"https:\/\/boutique-one-piece.com\/pt\/roupas-de-uma-peca\/calcoes-de-banho-de-uma-peca\/shorts-de-banho-de-uma-peca-aokiji-vs-akainu\/","og_site_name":"Boutique One Piece","article_modified_time":"2024-09-16T11:12:02+00:00","og_image":[{"width":800,"height":800,"url":"https:\/\/boutique-one-piece.com\/wp-content\/uploads\/2022\/09\/Short-De-Bain-One-Piece-Aokiji-Vs-Akainu-1.jpg","type":"image\/jpeg"}],"twitter_card":"summary_large_image","twitter_misc":{"Tempo estimado de leitura":"2 minutos"},"schema":{"@context":"https:\/\/schema.org","@graph":[{"@type":"WebPage","@id":"https:\/\/boutique-one-piece.com\/vetements-one-piece\/shorts-de-bain-one-piece\/short-de-bain-one-piece-aokiji-vs-akainu\/","url":"https:\/\/boutique-one-piece.com\/vetements-one-piece\/shorts-de-bain-one-piece\/short-de-bain-one-piece-aokiji-vs-akainu\/","name":"Cal\u00e7\u00f5es de banho Aokiji vs. Akainu | Loja One Piece","isPartOf":{"@id":"https:\/\/boutique-one-piece.com\/#website"},"primaryImageOfPage":{"@id":"https:\/\/boutique-one-piece.com\/vetements-one-piece\/shorts-de-bain-one-piece\/short-de-bain-one-piece-aokiji-vs-akainu\/#primaryimage"},"image":{"@id":"https:\/\/boutique-one-piece.com\/vetements-one-piece\/shorts-de-bain-one-piece\/short-de-bain-one-piece-aokiji-vs-akainu\/#primaryimage"},"thumbnailUrl":"https:\/\/boutique-one-piece.com\/wp-content\/uploads\/2022\/09\/Short-De-Bain-One-Piece-Aokiji-Vs-Akainu-1.jpg","datePublished":"2022-09-27T18:53:09+00:00","dateModified":"2024-09-16T11:12:02+00:00","description":"Cal\u00e7\u00f5es de banho estampados de One Piece com Sakasuki e Kuzane do \u00e9pico confronto. F\u00e3s do universo do mang\u00e1 de piratas n\u00e3o podem perder estes cal\u00e7\u00f5es de banho da sua franquia favorita.","breadcrumb":{"@id":"https:\/\/boutique-one-piece.com\/vetements-one-piece\/shorts-de-bain-one-piece\/short-de-bain-one-piece-aokiji-vs-akainu\/#breadcrumb"},"inLanguage":"pt-PT","potentialAction":[{"@type":"ReadAction","target":["https:\/\/boutique-one-piece.com\/vetements-one-piece\/shorts-de-bain-one-piece\/short-de-bain-one-piece-aokiji-vs-akainu\/"]}]},{"@type":"ImageObject","inLanguage":"pt-PT","@id":"https:\/\/boutique-one-piece.com\/vetements-one-piece\/shorts-de-bain-one-piece\/short-de-bain-one-piece-aokiji-vs-akainu\/#primaryimage","url":"https:\/\/boutique-one-piece.com\/wp-content\/uploads\/2022\/09\/Short-De-Bain-One-Piece-Aokiji-Vs-Akainu-1.jpg","contentUrl":"https:\/\/boutique-one-piece.com\/wp-content\/uploads\/2022\/09\/Short-De-Bain-One-Piece-Aokiji-Vs-Akainu-1.jpg","width":800,"height":800},{"@type":"BreadcrumbList","@id":"https:\/\/boutique-one-piece.com\/vetements-one-piece\/shorts-de-bain-one-piece\/short-de-bain-one-piece-aokiji-vs-akainu\/#breadcrumb","itemListElement":[{"@type":"ListItem","position":1,"name":"Home","item":"https:\/\/boutique-one-piece.com\/"},{"@type":"ListItem","position":2,"name":"Shop","item":"https:\/\/boutique-one-piece.com\/shop\/"},{"@type":"ListItem","position":3,"name":"Short De Bain One Piece Aokiji Vs Akainu"}]},{"@type":"WebSite","@id":"https:\/\/boutique-one-piece.com\/#website","url":"https:\/\/boutique-one-piece.com\/","name":"Loja One Piece","description":"Loja especializada em mang\u00e1 e anime de One Piece.","publisher":{"@id":"https:\/\/boutique-one-piece.com\/#organization"},"potentialAction":[{"@type":"SearchAction","target":{"@type":"EntryPoint","urlTemplate":"https:\/\/boutique-one-piece.com\/?s={search_term_string}"},"query-input":{"@type":"PropertyValueSpecification","valueRequired":true,"valueName":"search_term_string"}}],"inLanguage":"pt-PT"},{"@type":"Organization","@id":"https:\/\/boutique-one-piece.com\/#organization","name":"Loja One Piece","url":"https:\/\/boutique-one-piece.com\/","logo":{"@type":"ImageObject","inLanguage":"pt-PT","@id":"https:\/\/boutique-one-piece.com\/#\/schema\/logo\/image\/","url":"https:\/\/boutique-one-piece.com\/wp-content\/uploads\/2022\/09\/Logo-01.png","contentUrl":"https:\/\/boutique-one-piece.com\/wp-content\/uploads\/2022\/09\/Logo-01.png","width":2318,"height":957,"caption":"Boutique One Piece"},"image":{"@id":"https:\/\/boutique-one-piece.com\/#\/schema\/logo\/image\/"}}]}},"_links":{"self":[{"href":"https:\/\/boutique-one-piece.com\/pt\/wp-json\/wp\/v2\/product\/8140","targetHints":{"allow":["GET"]}}],"collection":[{"href":"https:\/\/boutique-one-piece.com\/pt\/wp-json\/wp\/v2\/product"}],"about":[{"href":"https:\/\/boutique-one-piece.com\/pt\/wp-json\/wp\/v2\/types\/product"}],"replies":[{"embeddable":true,"href":"https:\/\/boutique-one-piece.com\/pt\/wp-json\/wp\/v2\/comments?post=8140"}],"wp:featuredmedia":[{"embeddable":true,"href":"https:\/\/boutique-one-piece.com\/pt\/wp-json\/wp\/v2\/media\/8142"}],"wp:attachment":[{"href":"https:\/\/boutique-one-piece.com\/pt\/wp-json\/wp\/v2\/media?parent=8140"}],"wp:term":[{"taxonomy":"product_brand","embeddable":true,"href":"https:\/\/boutique-one-piece.com\/pt\/wp-json\/wp\/v2\/product_brand?post=8140"},{"taxonomy":"product_cat","embeddable":true,"href":"https:\/\/boutique-one-piece.com\/pt\/wp-json\/wp\/v2\/product_cat?post=8140"},{"taxonomy":"product_tag","embeddable":true,"href":"https:\/\/boutique-one-piece.com\/pt\/wp-json\/wp\/v2\/product_tag?post=8140"}],"curies":[{"name":"wp","href":"https:\/\/api.w.org\/{rel}","templated":true}]}}