{"id":8204,"date":"2022-09-27T18:53:36","date_gmt":"2022-09-27T18:53:36","guid":{"rendered":"https:\/\/boutique-one-piece.com\/uncategorized\/figurine-one-piece-shanks-le-yonko\/"},"modified":"2024-09-16T11:13:28","modified_gmt":"2024-09-16T11:13:28","slug":"figura-de-acao-de-uma-peca-do-shanks-o-yonkou","status":"publish","type":"product","link":"https:\/\/boutique-one-piece.com\/pt\/figuras-de-acao-de-one-piece\/estatuetas-shanks\/figura-de-acao-de-uma-peca-do-shanks-o-yonkou\/","title":{"rendered":"Figura de One Piece Shanks, o Yonkou"},"content":{"rendered":"<h2>Jovem pirata, chegou a hora de voc\u00ea adquirir esta estatueta do Shanks, o Yonkou, de One Piece.<\/h2>\n<p>Eis o que voc\u00ea precisa saber sobre <strong>Shanks<\/strong>, dit Le Roux ; c\u2019est le capitaine de l\u2019\u00c9quipage du Roux et l\u2019un des Quatre Empereurs. Il est \u00e9galement un ancien membre du l\u00e9gendaire \u00e9quipage des Pirates Roger, le seul groupe \u00e0 avoir conquis avec succ\u00e8s Grand Line.<\/p>\n<p>C\u2019est aussi lui qui a inspir\u00e9<strong> Luffy<\/strong> dans son voyage en tant que pirate. En effet, c\u2019est lui qui a trouv\u00e9 le Gomu Gomu no Mi qui a \u00e9t\u00e9 accidentellement mang\u00e9 par Luffy. Enfin, Shanks est l\u2019avant-dernier empereur \u00e0 avoir int\u00e9gr\u00e9 le groupuscule. Il est le plus jeune des quatre. D\u2019ailleurs, si tu souhaites agrandir ta collection de figurines, la <a title=\"Figura Pok\u00e9mon do Capit\u00e3o Luffy do Chap\u00e9u de Palha\" href=\"https:\/\/boutique-one-piece.com\/pt\/figura-pokemon-do-capitao-luffy-com-o-chapeu-de-palha\/\" target=\"_blank\" rel=\"noopener\">Estatueta do Luffy, o capit\u00e3o do chap\u00e9u de palha.<\/a> Est\u00e1 ao seu alcance.<\/p>\n<h3>Alors, conquis par la figurine de Shanks ? Si tel est le cas, n\u2019h\u00e9site plus et rejoins l\u2019\u00e9quipage du Roux. Bien des aventures t\u2019y attendent.<\/h3>\n<p>Seja voc\u00ea um f\u00e3 incondicional ou um colecionador experiente, estes itens s\u00e3o definitivamente para voc\u00ea. Perfeitos para decorar, colecionar ou presentear, eles ir\u00e3o enriquecer sua cole\u00e7\u00e3o.<strong> seu universo de One Piece<\/strong>. Tome as r\u00e9deas do seu destino, jovem pirata., <strong>o tesouro<\/strong> du One Piece n\u2019attend que toi.<\/p>\n<h2>Informa\u00e7\u00f5es sobre a figura de Shanks, o Yonkou\u00a0<\/h2>\n<ul>\n<li><span><b><u>Figura de a\u00e7\u00e3o de One Piece<\/u><\/b>\u00a0: Figurine\u00a0 premium de l\u2019univers One Piece pour les vrais pirates<\/span><\/li>\n<\/ul>\n<ul>\n<li>\n<b>Mat\u00e9ria<\/b><span>\u00a0<\/span>PVC<\/li>\n<\/ul>\n<ul>\n<li><span><strong>Dimens\u00e3o<\/strong>\u00a0: 20 cm<\/span><\/li>\n<\/ul>\n<ul>\n<li><span><strong>ENTREGA GR\u00c1TIS<\/strong><\/span><\/li>\n<\/ul>","protected":false},"excerpt":{"rendered":"<p>Jeune pirate, le moment est venu pour toi de te procurer cette Figurine One Piece Shanks Le Yonko. Voici ce que tu dois savoir \u00e0 propos de Shanks, dit Le Roux ; c\u2019est le capitaine de l\u2019\u00c9quipage du Roux et l\u2019un des Quatre Empereurs. Il est \u00e9galement un ancien membre du l\u00e9gendaire \u00e9quipage des Pirates [&hellip;]<\/p>","protected":false},"featured_media":8206,"comment_status":"open","ping_status":"open","template":"","meta":[],"product_brand":[],"product_cat":[76,126],"product_tag":[127],"class_list":{"0":"post-8204","1":"product","2":"type-product","3":"status-publish","4":"has-post-thumbnail","6":"product_cat-figurines-one-piece","7":"product_cat-figurines-shanks","8":"product_tag-shanks","10":"first","11":"instock","12":"purchasable","13":"product-type-simple"},"yoast_head":"<!-- This site is optimized with the Yoast SEO plugin v27.5 - https:\/\/yoast.com\/product\/yoast-seo-wordpress\/ -->\n<title>Figurine One Piece Shanks Le Yonko | Figurine One Piece \u2013 Boutique One Piece<\/title>\n<meta name=\"description\" content=\"Jeune pirate, le moment est venu pour toi de te procurer cette Figurine One Piece Shanks Le Yonko. Voici ce que tu dois savoir \u00e0 propos de Shanks, dit Le Roux ; c&#039;est le capitaine de l&#039;\u00c9quipage du Roux et l&#039;un des Quatre Empereurs. Il est \u00e9galement un ancien membre du l\u00e9gendaire \u00e9quipage des Pirates Roger, le seul grou\" \/>\n<meta name=\"robots\" content=\"index, follow, max-snippet:-1, max-image-preview:large, max-video-preview:-1\" \/>\n<link rel=\"canonical\" href=\"https:\/\/boutique-one-piece.com\/pt\/figuras-de-acao-de-one-piece\/estatuetas-shanks\/figura-de-acao-de-uma-peca-do-shanks-o-yonkou\/\" \/>\n<meta property=\"og:locale\" content=\"pt_PT\" \/>\n<meta property=\"og:type\" content=\"article\" \/>\n<meta property=\"og:title\" content=\"Figurine One Piece Shanks Le Yonko | Figurine One Piece \u2013 Boutique One Piece\" \/>\n<meta property=\"og:description\" content=\"Jeune pirate, le moment est venu pour toi de te procurer cette Figurine One Piece Shanks Le Yonko. Voici ce que tu dois savoir \u00e0 propos de Shanks, dit Le Roux ; c&#039;est le capitaine de l&#039;\u00c9quipage du Roux et l&#039;un des Quatre Empereurs. Il est \u00e9galement un ancien membre du l\u00e9gendaire \u00e9quipage des Pirates Roger, le seul grou\" \/>\n<meta property=\"og:url\" content=\"https:\/\/boutique-one-piece.com\/pt\/figuras-de-acao-de-one-piece\/estatuetas-shanks\/figura-de-acao-de-uma-peca-do-shanks-o-yonkou\/\" \/>\n<meta property=\"og:site_name\" content=\"Boutique One Piece\" \/>\n<meta property=\"article:modified_time\" content=\"2024-09-16T11:13:28+00:00\" \/>\n<meta property=\"og:image\" content=\"https:\/\/boutique-one-piece.com\/wp-content\/uploads\/2022\/09\/Figurine-One-Piece-Shanks-Le-Yonko-1.jpg\" \/>\n\t<meta property=\"og:image:width\" content=\"1080\" \/>\n\t<meta property=\"og:image:height\" content=\"1080\" \/>\n\t<meta property=\"og:image:type\" content=\"image\/jpeg\" \/>\n<meta name=\"twitter:card\" content=\"summary_large_image\" \/>\n<meta name=\"twitter:label1\" content=\"Tempo estimado de leitura\" \/>\n\t<meta name=\"twitter:data1\" content=\"1 minuto\" \/>\n<script type=\"application\/ld+json\" class=\"yoast-schema-graph\">{\"@context\":\"https:\\\/\\\/schema.org\",\"@graph\":[{\"@type\":\"WebPage\",\"@id\":\"https:\\\/\\\/boutique-one-piece.com\\\/figurines-one-piece\\\/figurines-shanks\\\/figurine-one-piece-shanks-le-yonko\\\/\",\"url\":\"https:\\\/\\\/boutique-one-piece.com\\\/figurines-one-piece\\\/figurines-shanks\\\/figurine-one-piece-shanks-le-yonko\\\/\",\"name\":\"Figurine One Piece Shanks Le Yonko | Figurine One Piece \u2013 Boutique One Piece\",\"isPartOf\":{\"@id\":\"https:\\\/\\\/boutique-one-piece.com\\\/#website\"},\"primaryImageOfPage\":{\"@id\":\"https:\\\/\\\/boutique-one-piece.com\\\/figurines-one-piece\\\/figurines-shanks\\\/figurine-one-piece-shanks-le-yonko\\\/#primaryimage\"},\"image\":{\"@id\":\"https:\\\/\\\/boutique-one-piece.com\\\/figurines-one-piece\\\/figurines-shanks\\\/figurine-one-piece-shanks-le-yonko\\\/#primaryimage\"},\"thumbnailUrl\":\"https:\\\/\\\/boutique-one-piece.com\\\/wp-content\\\/uploads\\\/2022\\\/09\\\/Figurine-One-Piece-Shanks-Le-Yonko-1.jpg\",\"datePublished\":\"2022-09-27T18:53:36+00:00\",\"dateModified\":\"2024-09-16T11:13:28+00:00\",\"description\":\"Jeune pirate, le moment est venu pour toi de te procurer cette Figurine One Piece Shanks Le Yonko. Voici ce que tu dois savoir \u00e0 propos de Shanks, dit Le Roux ; c'est le capitaine de l'\u00c9quipage du Roux et l'un des Quatre Empereurs. Il est \u00e9galement un ancien membre du l\u00e9gendaire \u00e9quipage des Pirates Roger, le seul grou\",\"breadcrumb\":{\"@id\":\"https:\\\/\\\/boutique-one-piece.com\\\/figurines-one-piece\\\/figurines-shanks\\\/figurine-one-piece-shanks-le-yonko\\\/#breadcrumb\"},\"inLanguage\":\"pt-PT\",\"potentialAction\":[{\"@type\":\"ReadAction\",\"target\":[\"https:\\\/\\\/boutique-one-piece.com\\\/figurines-one-piece\\\/figurines-shanks\\\/figurine-one-piece-shanks-le-yonko\\\/\"]}]},{\"@type\":\"ImageObject\",\"inLanguage\":\"pt-PT\",\"@id\":\"https:\\\/\\\/boutique-one-piece.com\\\/figurines-one-piece\\\/figurines-shanks\\\/figurine-one-piece-shanks-le-yonko\\\/#primaryimage\",\"url\":\"https:\\\/\\\/boutique-one-piece.com\\\/wp-content\\\/uploads\\\/2022\\\/09\\\/Figurine-One-Piece-Shanks-Le-Yonko-1.jpg\",\"contentUrl\":\"https:\\\/\\\/boutique-one-piece.com\\\/wp-content\\\/uploads\\\/2022\\\/09\\\/Figurine-One-Piece-Shanks-Le-Yonko-1.jpg\",\"width\":1080,\"height\":1080},{\"@type\":\"BreadcrumbList\",\"@id\":\"https:\\\/\\\/boutique-one-piece.com\\\/figurines-one-piece\\\/figurines-shanks\\\/figurine-one-piece-shanks-le-yonko\\\/#breadcrumb\",\"itemListElement\":[{\"@type\":\"ListItem\",\"position\":1,\"name\":\"Home\",\"item\":\"https:\\\/\\\/boutique-one-piece.com\\\/\"},{\"@type\":\"ListItem\",\"position\":2,\"name\":\"Shop\",\"item\":\"https:\\\/\\\/boutique-one-piece.com\\\/shop\\\/\"},{\"@type\":\"ListItem\",\"position\":3,\"name\":\"Figurine One Piece Shanks Le Yonko\"}]},{\"@type\":\"WebSite\",\"@id\":\"https:\\\/\\\/boutique-one-piece.com\\\/#website\",\"url\":\"https:\\\/\\\/boutique-one-piece.com\\\/\",\"name\":\"Boutique One Piece\",\"description\":\"Magasin Sp\u00e9cialis\u00e9 du Manga et l&#039;Anime One Piece\",\"publisher\":{\"@id\":\"https:\\\/\\\/boutique-one-piece.com\\\/#organization\"},\"potentialAction\":[{\"@type\":\"SearchAction\",\"target\":{\"@type\":\"EntryPoint\",\"urlTemplate\":\"https:\\\/\\\/boutique-one-piece.com\\\/?s={search_term_string}\"},\"query-input\":{\"@type\":\"PropertyValueSpecification\",\"valueRequired\":true,\"valueName\":\"search_term_string\"}}],\"inLanguage\":\"pt-PT\"},{\"@type\":\"Organization\",\"@id\":\"https:\\\/\\\/boutique-one-piece.com\\\/#organization\",\"name\":\"Boutique One Piece\",\"url\":\"https:\\\/\\\/boutique-one-piece.com\\\/\",\"logo\":{\"@type\":\"ImageObject\",\"inLanguage\":\"pt-PT\",\"@id\":\"https:\\\/\\\/boutique-one-piece.com\\\/#\\\/schema\\\/logo\\\/image\\\/\",\"url\":\"https:\\\/\\\/boutique-one-piece.com\\\/wp-content\\\/uploads\\\/2022\\\/09\\\/Logo-01.png\",\"contentUrl\":\"https:\\\/\\\/boutique-one-piece.com\\\/wp-content\\\/uploads\\\/2022\\\/09\\\/Logo-01.png\",\"width\":2318,\"height\":957,\"caption\":\"Boutique One Piece\"},\"image\":{\"@id\":\"https:\\\/\\\/boutique-one-piece.com\\\/#\\\/schema\\\/logo\\\/image\\\/\"}}]}<\/script>\n<!-- \/ Yoast SEO plugin. -->","yoast_head_json":{"title":"Figura do Shanks, o Yonkou de One Piece | Figura de One Piece \u2013 Loja de One Piece","description":"Jovem pirata, chegou a hora de voc\u00ea colocar as m\u00e3os nesta figura do Shanks, o Yonkou de One Piece. Aqui est\u00e1 o que voc\u00ea precisa saber sobre Shanks, tamb\u00e9m conhecido como Shanks Ruivo: ele \u00e9 o capit\u00e3o dos Piratas Ruivos e um dos Quatro Imperadores. Ele tamb\u00e9m \u00e9 um ex-membro dos lend\u00e1rios Piratas do Roger, o \u00fanico grupo...","robots":{"index":"index","follow":"follow","max-snippet":"max-snippet:-1","max-image-preview":"max-image-preview:large","max-video-preview":"max-video-preview:-1"},"canonical":"https:\/\/boutique-one-piece.com\/pt\/figuras-de-acao-de-one-piece\/estatuetas-shanks\/figura-de-acao-de-uma-peca-do-shanks-o-yonkou\/","og_locale":"pt_PT","og_type":"article","og_title":"Figurine One Piece Shanks Le Yonko | Figurine One Piece \u2013 Boutique One Piece","og_description":"Jeune pirate, le moment est venu pour toi de te procurer cette Figurine One Piece Shanks Le Yonko. Voici ce que tu dois savoir \u00e0 propos de Shanks, dit Le Roux ; c'est le capitaine de l'\u00c9quipage du Roux et l'un des Quatre Empereurs. Il est \u00e9galement un ancien membre du l\u00e9gendaire \u00e9quipage des Pirates Roger, le seul grou","og_url":"https:\/\/boutique-one-piece.com\/pt\/figuras-de-acao-de-one-piece\/estatuetas-shanks\/figura-de-acao-de-uma-peca-do-shanks-o-yonkou\/","og_site_name":"Boutique One Piece","article_modified_time":"2024-09-16T11:13:28+00:00","og_image":[{"width":1080,"height":1080,"url":"https:\/\/boutique-one-piece.com\/wp-content\/uploads\/2022\/09\/Figurine-One-Piece-Shanks-Le-Yonko-1.jpg","type":"image\/jpeg"}],"twitter_card":"summary_large_image","twitter_misc":{"Tempo estimado de leitura":"1 minuto"},"schema":{"@context":"https:\/\/schema.org","@graph":[{"@type":"WebPage","@id":"https:\/\/boutique-one-piece.com\/figurines-one-piece\/figurines-shanks\/figurine-one-piece-shanks-le-yonko\/","url":"https:\/\/boutique-one-piece.com\/figurines-one-piece\/figurines-shanks\/figurine-one-piece-shanks-le-yonko\/","name":"Figura do Shanks, o Yonkou de One Piece | Figura de One Piece \u2013 Loja de One Piece","isPartOf":{"@id":"https:\/\/boutique-one-piece.com\/#website"},"primaryImageOfPage":{"@id":"https:\/\/boutique-one-piece.com\/figurines-one-piece\/figurines-shanks\/figurine-one-piece-shanks-le-yonko\/#primaryimage"},"image":{"@id":"https:\/\/boutique-one-piece.com\/figurines-one-piece\/figurines-shanks\/figurine-one-piece-shanks-le-yonko\/#primaryimage"},"thumbnailUrl":"https:\/\/boutique-one-piece.com\/wp-content\/uploads\/2022\/09\/Figurine-One-Piece-Shanks-Le-Yonko-1.jpg","datePublished":"2022-09-27T18:53:36+00:00","dateModified":"2024-09-16T11:13:28+00:00","description":"Jovem pirata, chegou a hora de voc\u00ea colocar as m\u00e3os nesta figura do Shanks, o Yonkou de One Piece. Aqui est\u00e1 o que voc\u00ea precisa saber sobre Shanks, tamb\u00e9m conhecido como Shanks Ruivo: ele \u00e9 o capit\u00e3o dos Piratas Ruivos e um dos Quatro Imperadores. Ele tamb\u00e9m \u00e9 um ex-membro dos lend\u00e1rios Piratas do Roger, o \u00fanico grupo...","breadcrumb":{"@id":"https:\/\/boutique-one-piece.com\/figurines-one-piece\/figurines-shanks\/figurine-one-piece-shanks-le-yonko\/#breadcrumb"},"inLanguage":"pt-PT","potentialAction":[{"@type":"ReadAction","target":["https:\/\/boutique-one-piece.com\/figurines-one-piece\/figurines-shanks\/figurine-one-piece-shanks-le-yonko\/"]}]},{"@type":"ImageObject","inLanguage":"pt-PT","@id":"https:\/\/boutique-one-piece.com\/figurines-one-piece\/figurines-shanks\/figurine-one-piece-shanks-le-yonko\/#primaryimage","url":"https:\/\/boutique-one-piece.com\/wp-content\/uploads\/2022\/09\/Figurine-One-Piece-Shanks-Le-Yonko-1.jpg","contentUrl":"https:\/\/boutique-one-piece.com\/wp-content\/uploads\/2022\/09\/Figurine-One-Piece-Shanks-Le-Yonko-1.jpg","width":1080,"height":1080},{"@type":"BreadcrumbList","@id":"https:\/\/boutique-one-piece.com\/figurines-one-piece\/figurines-shanks\/figurine-one-piece-shanks-le-yonko\/#breadcrumb","itemListElement":[{"@type":"ListItem","position":1,"name":"Home","item":"https:\/\/boutique-one-piece.com\/"},{"@type":"ListItem","position":2,"name":"Shop","item":"https:\/\/boutique-one-piece.com\/shop\/"},{"@type":"ListItem","position":3,"name":"Figurine One Piece Shanks Le Yonko"}]},{"@type":"WebSite","@id":"https:\/\/boutique-one-piece.com\/#website","url":"https:\/\/boutique-one-piece.com\/","name":"Loja One Piece","description":"Loja especializada em mang\u00e1 e anime de One Piece.","publisher":{"@id":"https:\/\/boutique-one-piece.com\/#organization"},"potentialAction":[{"@type":"SearchAction","target":{"@type":"EntryPoint","urlTemplate":"https:\/\/boutique-one-piece.com\/?s={search_term_string}"},"query-input":{"@type":"PropertyValueSpecification","valueRequired":true,"valueName":"search_term_string"}}],"inLanguage":"pt-PT"},{"@type":"Organization","@id":"https:\/\/boutique-one-piece.com\/#organization","name":"Loja One Piece","url":"https:\/\/boutique-one-piece.com\/","logo":{"@type":"ImageObject","inLanguage":"pt-PT","@id":"https:\/\/boutique-one-piece.com\/#\/schema\/logo\/image\/","url":"https:\/\/boutique-one-piece.com\/wp-content\/uploads\/2022\/09\/Logo-01.png","contentUrl":"https:\/\/boutique-one-piece.com\/wp-content\/uploads\/2022\/09\/Logo-01.png","width":2318,"height":957,"caption":"Boutique One Piece"},"image":{"@id":"https:\/\/boutique-one-piece.com\/#\/schema\/logo\/image\/"}}]}},"_links":{"self":[{"href":"https:\/\/boutique-one-piece.com\/pt\/wp-json\/wp\/v2\/product\/8204","targetHints":{"allow":["GET"]}}],"collection":[{"href":"https:\/\/boutique-one-piece.com\/pt\/wp-json\/wp\/v2\/product"}],"about":[{"href":"https:\/\/boutique-one-piece.com\/pt\/wp-json\/wp\/v2\/types\/product"}],"replies":[{"embeddable":true,"href":"https:\/\/boutique-one-piece.com\/pt\/wp-json\/wp\/v2\/comments?post=8204"}],"wp:featuredmedia":[{"embeddable":true,"href":"https:\/\/boutique-one-piece.com\/pt\/wp-json\/wp\/v2\/media\/8206"}],"wp:attachment":[{"href":"https:\/\/boutique-one-piece.com\/pt\/wp-json\/wp\/v2\/media?parent=8204"}],"wp:term":[{"taxonomy":"product_brand","embeddable":true,"href":"https:\/\/boutique-one-piece.com\/pt\/wp-json\/wp\/v2\/product_brand?post=8204"},{"taxonomy":"product_cat","embeddable":true,"href":"https:\/\/boutique-one-piece.com\/pt\/wp-json\/wp\/v2\/product_cat?post=8204"},{"taxonomy":"product_tag","embeddable":true,"href":"https:\/\/boutique-one-piece.com\/pt\/wp-json\/wp\/v2\/product_tag?post=8204"}],"curies":[{"name":"wp","href":"https:\/\/api.w.org\/{rel}","templated":true}]}}