{"id":8385,"date":"2022-09-27T18:54:22","date_gmt":"2022-09-27T18:54:22","guid":{"rendered":"https:\/\/boutique-one-piece.com\/uncategorized\/lot-de-3-figurine-one-piece-les-freres-du-feu\/"},"modified":"2025-12-22T15:28:19","modified_gmt":"2025-12-22T15:28:19","slug":"conjunto-de-3-figuras-de-acao-de-one-piece-os-irmaos-do-fogo","status":"publish","type":"product","link":"https:\/\/boutique-one-piece.com\/pt\/figuras-de-acao-de-one-piece\/estatuetas-sabo\/conjunto-de-3-figuras-de-acao-de-one-piece-os-irmaos-do-fogo\/","title":{"rendered":"Conjunto de 3 figuras dos Irm\u00e3os do Fogo de One Piece"},"content":{"rendered":"<ul>\n<li><span><b><u>Figura de a\u00e7\u00e3o de One Piece<\/u><\/b>\u00a0: Figurine\u00a0 premium de l\u2019univers One Piece pour les vrais pirates<\/span><\/li>\n<\/ul>\n<ul>\n<li>\n<b>Mat\u00e9ria<\/b><span>\u00a0<\/span>PVC<\/li>\n<\/ul>\n<ul>\n<li><span><strong>Dimens\u00e3o<\/strong>\u00a0: 13 cm<\/span><\/li>\n<\/ul>\n<ul>\n<li><span><strong>ENTREGA GR\u00c1TIS<\/strong><\/span><\/li>\n<\/ul>","protected":false},"excerpt":{"rendered":"<p>Figurine One Piece\u00a0: Figurine\u00a0 premium de l\u2019univers One Piece pour les vrais pirates Mati\u00e8re\u00a0: P.V.C Dimension\u00a0: 13 cm LIVRAISON OFFERTE<\/p>","protected":false},"featured_media":8387,"comment_status":"open","ping_status":"open","template":"","meta":[],"product_brand":[],"product_cat":[76,179,178],"product_tag":[176,180],"class_list":{"0":"post-8385","1":"product","2":"type-product","3":"status-publish","4":"has-post-thumbnail","6":"product_cat-figurines-one-piece","7":"product_cat-figurines-portgas-d-ace","8":"product_cat-figurines-sabo","9":"product_tag-ace","10":"product_tag-sabo","12":"first","13":"instock","14":"purchasable","15":"product-type-simple"},"yoast_head":"<!-- This site is optimized with the Yoast SEO plugin v27.5 - https:\/\/yoast.com\/product\/yoast-seo-wordpress\/ -->\n<title>Lot De 3 Figurine One Piece Les Fr\u00e8res Du Feu | Figurine One Piece \u2013 Boutique One Piece<\/title>\n<meta name=\"description\" content=\"Jeune flibustier, le moment est venu pour toi de te procurer ce Lot De 3 Figurine One Piece Les Fr\u00e8res Du Feu. Tu n&#039;es pas sans savoir que les fr\u00e8res de Luffy ont fait parler d&#039;eux dans tout le monde. L&#039;un est devenu un r\u00e9volutionnaire (Sabo) et l&#039;autre un membre haut plac\u00e9 dans l&#039;\u00e9quipage de Barbe Blanche (Ace), l&#039;hom\" \/>\n<meta name=\"robots\" content=\"index, follow, max-snippet:-1, max-image-preview:large, max-video-preview:-1\" \/>\n<link rel=\"canonical\" href=\"https:\/\/boutique-one-piece.com\/pt\/figuras-de-acao-de-one-piece\/estatuetas-de-portgas-dace\/conjunto-de-3-figuras-de-acao-de-one-piece-os-irmaos-do-fogo\/\" \/>\n<meta property=\"og:locale\" content=\"pt_PT\" \/>\n<meta property=\"og:type\" content=\"article\" \/>\n<meta property=\"og:title\" content=\"Lot De 3 Figurine One Piece Les Fr\u00e8res Du Feu | Figurine One Piece \u2013 Boutique One Piece\" \/>\n<meta property=\"og:description\" content=\"Jeune flibustier, le moment est venu pour toi de te procurer ce Lot De 3 Figurine One Piece Les Fr\u00e8res Du Feu. Tu n&#039;es pas sans savoir que les fr\u00e8res de Luffy ont fait parler d&#039;eux dans tout le monde. L&#039;un est devenu un r\u00e9volutionnaire (Sabo) et l&#039;autre un membre haut plac\u00e9 dans l&#039;\u00e9quipage de Barbe Blanche (Ace), l&#039;hom\" \/>\n<meta property=\"og:url\" content=\"https:\/\/boutique-one-piece.com\/pt\/figuras-de-acao-de-one-piece\/estatuetas-de-portgas-dace\/conjunto-de-3-figuras-de-acao-de-one-piece-os-irmaos-do-fogo\/\" \/>\n<meta property=\"og:site_name\" content=\"Boutique One Piece\" \/>\n<meta property=\"article:modified_time\" content=\"2025-12-22T15:28:19+00:00\" \/>\n<meta property=\"og:image\" content=\"https:\/\/boutique-one-piece.com\/wp-content\/uploads\/2022\/09\/Lot-De-3-Figurine-One-Piece-Les-Freres-Du-Feu-1.jpg\" \/>\n\t<meta property=\"og:image:width\" content=\"560\" \/>\n\t<meta property=\"og:image:height\" content=\"560\" \/>\n\t<meta property=\"og:image:type\" content=\"image\/jpeg\" \/>\n<meta name=\"twitter:card\" content=\"summary_large_image\" \/>\n<meta name=\"twitter:label1\" content=\"Tempo estimado de leitura\" \/>\n\t<meta name=\"twitter:data1\" content=\"1 minuto\" \/>\n<script type=\"application\/ld+json\" class=\"yoast-schema-graph\">{\"@context\":\"https:\\\/\\\/schema.org\",\"@graph\":[{\"@type\":\"WebPage\",\"@id\":\"https:\\\/\\\/boutique-one-piece.com\\\/figurines-one-piece\\\/figurines-portgas-d-ace\\\/lot-de-3-figurine-one-piece-les-freres-du-feu\\\/\",\"url\":\"https:\\\/\\\/boutique-one-piece.com\\\/figurines-one-piece\\\/figurines-portgas-d-ace\\\/lot-de-3-figurine-one-piece-les-freres-du-feu\\\/\",\"name\":\"Lot De 3 Figurine One Piece Les Fr\u00e8res Du Feu | Figurine One Piece \u2013 Boutique One Piece\",\"isPartOf\":{\"@id\":\"https:\\\/\\\/boutique-one-piece.com\\\/#website\"},\"primaryImageOfPage\":{\"@id\":\"https:\\\/\\\/boutique-one-piece.com\\\/figurines-one-piece\\\/figurines-portgas-d-ace\\\/lot-de-3-figurine-one-piece-les-freres-du-feu\\\/#primaryimage\"},\"image\":{\"@id\":\"https:\\\/\\\/boutique-one-piece.com\\\/figurines-one-piece\\\/figurines-portgas-d-ace\\\/lot-de-3-figurine-one-piece-les-freres-du-feu\\\/#primaryimage\"},\"thumbnailUrl\":\"https:\\\/\\\/boutique-one-piece.com\\\/wp-content\\\/uploads\\\/2022\\\/09\\\/Lot-De-3-Figurine-One-Piece-Les-Freres-Du-Feu-1.jpg\",\"datePublished\":\"2022-09-27T18:54:22+00:00\",\"dateModified\":\"2025-12-22T15:28:19+00:00\",\"description\":\"Jeune flibustier, le moment est venu pour toi de te procurer ce Lot De 3 Figurine One Piece Les Fr\u00e8res Du Feu. Tu n'es pas sans savoir que les fr\u00e8res de Luffy ont fait parler d'eux dans tout le monde. L'un est devenu un r\u00e9volutionnaire (Sabo) et l'autre un membre haut plac\u00e9 dans l'\u00e9quipage de Barbe Blanche (Ace), l'hom\",\"breadcrumb\":{\"@id\":\"https:\\\/\\\/boutique-one-piece.com\\\/figurines-one-piece\\\/figurines-portgas-d-ace\\\/lot-de-3-figurine-one-piece-les-freres-du-feu\\\/#breadcrumb\"},\"inLanguage\":\"pt-PT\",\"potentialAction\":[{\"@type\":\"ReadAction\",\"target\":[\"https:\\\/\\\/boutique-one-piece.com\\\/figurines-one-piece\\\/figurines-portgas-d-ace\\\/lot-de-3-figurine-one-piece-les-freres-du-feu\\\/\"]}]},{\"@type\":\"ImageObject\",\"inLanguage\":\"pt-PT\",\"@id\":\"https:\\\/\\\/boutique-one-piece.com\\\/figurines-one-piece\\\/figurines-portgas-d-ace\\\/lot-de-3-figurine-one-piece-les-freres-du-feu\\\/#primaryimage\",\"url\":\"https:\\\/\\\/boutique-one-piece.com\\\/wp-content\\\/uploads\\\/2022\\\/09\\\/Lot-De-3-Figurine-One-Piece-Les-Freres-Du-Feu-1.jpg\",\"contentUrl\":\"https:\\\/\\\/boutique-one-piece.com\\\/wp-content\\\/uploads\\\/2022\\\/09\\\/Lot-De-3-Figurine-One-Piece-Les-Freres-Du-Feu-1.jpg\",\"width\":560,\"height\":560},{\"@type\":\"BreadcrumbList\",\"@id\":\"https:\\\/\\\/boutique-one-piece.com\\\/figurines-one-piece\\\/figurines-portgas-d-ace\\\/lot-de-3-figurine-one-piece-les-freres-du-feu\\\/#breadcrumb\",\"itemListElement\":[{\"@type\":\"ListItem\",\"position\":1,\"name\":\"Home\",\"item\":\"https:\\\/\\\/boutique-one-piece.com\\\/\"},{\"@type\":\"ListItem\",\"position\":2,\"name\":\"Shop\",\"item\":\"https:\\\/\\\/boutique-one-piece.com\\\/shop\\\/\"},{\"@type\":\"ListItem\",\"position\":3,\"name\":\"Lot De 3 Figurine One Piece Les Fr\u00e8res Du Feu\"}]},{\"@type\":\"WebSite\",\"@id\":\"https:\\\/\\\/boutique-one-piece.com\\\/#website\",\"url\":\"https:\\\/\\\/boutique-one-piece.com\\\/\",\"name\":\"Boutique One Piece\",\"description\":\"Magasin Sp\u00e9cialis\u00e9 du Manga et l&#039;Anime One Piece\",\"publisher\":{\"@id\":\"https:\\\/\\\/boutique-one-piece.com\\\/#organization\"},\"potentialAction\":[{\"@type\":\"SearchAction\",\"target\":{\"@type\":\"EntryPoint\",\"urlTemplate\":\"https:\\\/\\\/boutique-one-piece.com\\\/?s={search_term_string}\"},\"query-input\":{\"@type\":\"PropertyValueSpecification\",\"valueRequired\":true,\"valueName\":\"search_term_string\"}}],\"inLanguage\":\"pt-PT\"},{\"@type\":\"Organization\",\"@id\":\"https:\\\/\\\/boutique-one-piece.com\\\/#organization\",\"name\":\"Boutique One Piece\",\"url\":\"https:\\\/\\\/boutique-one-piece.com\\\/\",\"logo\":{\"@type\":\"ImageObject\",\"inLanguage\":\"pt-PT\",\"@id\":\"https:\\\/\\\/boutique-one-piece.com\\\/#\\\/schema\\\/logo\\\/image\\\/\",\"url\":\"https:\\\/\\\/boutique-one-piece.com\\\/wp-content\\\/uploads\\\/2022\\\/09\\\/Logo-01.png\",\"contentUrl\":\"https:\\\/\\\/boutique-one-piece.com\\\/wp-content\\\/uploads\\\/2022\\\/09\\\/Logo-01.png\",\"width\":2318,\"height\":957,\"caption\":\"Boutique One Piece\"},\"image\":{\"@id\":\"https:\\\/\\\/boutique-one-piece.com\\\/#\\\/schema\\\/logo\\\/image\\\/\"}}]}<\/script>\n<!-- \/ Yoast SEO plugin. -->","yoast_head_json":{"title":"Conjunto de 3 figuras dos Irm\u00e3os do Fogo de One Piece | Figuras de One Piece \u2013 Loja One Piece","description":"Jovem bucaneiro, chegou a hora de voc\u00ea colocar as m\u00e3os neste conjunto de 3 figuras dos Irm\u00e3os do Fogo de One Piece. Voc\u00ea certamente sabe que os irm\u00e3os de Luffy conquistaram fama mundial. Um se tornou um revolucion\u00e1rio (Sabo) e o outro um membro de alto escal\u00e3o da tripula\u00e7\u00e3o do Barba Branca (Ace), o her\u00f3i.","robots":{"index":"index","follow":"follow","max-snippet":"max-snippet:-1","max-image-preview":"max-image-preview:large","max-video-preview":"max-video-preview:-1"},"canonical":"https:\/\/boutique-one-piece.com\/pt\/figuras-de-acao-de-one-piece\/estatuetas-de-portgas-dace\/conjunto-de-3-figuras-de-acao-de-one-piece-os-irmaos-do-fogo\/","og_locale":"pt_PT","og_type":"article","og_title":"Lot De 3 Figurine One Piece Les Fr\u00e8res Du Feu | Figurine One Piece \u2013 Boutique One Piece","og_description":"Jeune flibustier, le moment est venu pour toi de te procurer ce Lot De 3 Figurine One Piece Les Fr\u00e8res Du Feu. Tu n'es pas sans savoir que les fr\u00e8res de Luffy ont fait parler d'eux dans tout le monde. L'un est devenu un r\u00e9volutionnaire (Sabo) et l'autre un membre haut plac\u00e9 dans l'\u00e9quipage de Barbe Blanche (Ace), l'hom","og_url":"https:\/\/boutique-one-piece.com\/pt\/figuras-de-acao-de-one-piece\/estatuetas-de-portgas-dace\/conjunto-de-3-figuras-de-acao-de-one-piece-os-irmaos-do-fogo\/","og_site_name":"Boutique One Piece","article_modified_time":"2025-12-22T15:28:19+00:00","og_image":[{"width":560,"height":560,"url":"https:\/\/boutique-one-piece.com\/wp-content\/uploads\/2022\/09\/Lot-De-3-Figurine-One-Piece-Les-Freres-Du-Feu-1.jpg","type":"image\/jpeg"}],"twitter_card":"summary_large_image","twitter_misc":{"Tempo estimado de leitura":"1 minuto"},"schema":{"@context":"https:\/\/schema.org","@graph":[{"@type":"WebPage","@id":"https:\/\/boutique-one-piece.com\/figurines-one-piece\/figurines-portgas-d-ace\/lot-de-3-figurine-one-piece-les-freres-du-feu\/","url":"https:\/\/boutique-one-piece.com\/figurines-one-piece\/figurines-portgas-d-ace\/lot-de-3-figurine-one-piece-les-freres-du-feu\/","name":"Conjunto de 3 figuras dos Irm\u00e3os do Fogo de One Piece | Figuras de One Piece \u2013 Loja One Piece","isPartOf":{"@id":"https:\/\/boutique-one-piece.com\/#website"},"primaryImageOfPage":{"@id":"https:\/\/boutique-one-piece.com\/figurines-one-piece\/figurines-portgas-d-ace\/lot-de-3-figurine-one-piece-les-freres-du-feu\/#primaryimage"},"image":{"@id":"https:\/\/boutique-one-piece.com\/figurines-one-piece\/figurines-portgas-d-ace\/lot-de-3-figurine-one-piece-les-freres-du-feu\/#primaryimage"},"thumbnailUrl":"https:\/\/boutique-one-piece.com\/wp-content\/uploads\/2022\/09\/Lot-De-3-Figurine-One-Piece-Les-Freres-Du-Feu-1.jpg","datePublished":"2022-09-27T18:54:22+00:00","dateModified":"2025-12-22T15:28:19+00:00","description":"Jovem bucaneiro, chegou a hora de voc\u00ea colocar as m\u00e3os neste conjunto de 3 figuras dos Irm\u00e3os do Fogo de One Piece. Voc\u00ea certamente sabe que os irm\u00e3os de Luffy conquistaram fama mundial. Um se tornou um revolucion\u00e1rio (Sabo) e o outro um membro de alto escal\u00e3o da tripula\u00e7\u00e3o do Barba Branca (Ace), o her\u00f3i.","breadcrumb":{"@id":"https:\/\/boutique-one-piece.com\/figurines-one-piece\/figurines-portgas-d-ace\/lot-de-3-figurine-one-piece-les-freres-du-feu\/#breadcrumb"},"inLanguage":"pt-PT","potentialAction":[{"@type":"ReadAction","target":["https:\/\/boutique-one-piece.com\/figurines-one-piece\/figurines-portgas-d-ace\/lot-de-3-figurine-one-piece-les-freres-du-feu\/"]}]},{"@type":"ImageObject","inLanguage":"pt-PT","@id":"https:\/\/boutique-one-piece.com\/figurines-one-piece\/figurines-portgas-d-ace\/lot-de-3-figurine-one-piece-les-freres-du-feu\/#primaryimage","url":"https:\/\/boutique-one-piece.com\/wp-content\/uploads\/2022\/09\/Lot-De-3-Figurine-One-Piece-Les-Freres-Du-Feu-1.jpg","contentUrl":"https:\/\/boutique-one-piece.com\/wp-content\/uploads\/2022\/09\/Lot-De-3-Figurine-One-Piece-Les-Freres-Du-Feu-1.jpg","width":560,"height":560},{"@type":"BreadcrumbList","@id":"https:\/\/boutique-one-piece.com\/figurines-one-piece\/figurines-portgas-d-ace\/lot-de-3-figurine-one-piece-les-freres-du-feu\/#breadcrumb","itemListElement":[{"@type":"ListItem","position":1,"name":"Home","item":"https:\/\/boutique-one-piece.com\/"},{"@type":"ListItem","position":2,"name":"Shop","item":"https:\/\/boutique-one-piece.com\/shop\/"},{"@type":"ListItem","position":3,"name":"Lot De 3 Figurine One Piece Les Fr\u00e8res Du Feu"}]},{"@type":"WebSite","@id":"https:\/\/boutique-one-piece.com\/#website","url":"https:\/\/boutique-one-piece.com\/","name":"Loja One Piece","description":"Loja especializada em mang\u00e1 e anime de One Piece.","publisher":{"@id":"https:\/\/boutique-one-piece.com\/#organization"},"potentialAction":[{"@type":"SearchAction","target":{"@type":"EntryPoint","urlTemplate":"https:\/\/boutique-one-piece.com\/?s={search_term_string}"},"query-input":{"@type":"PropertyValueSpecification","valueRequired":true,"valueName":"search_term_string"}}],"inLanguage":"pt-PT"},{"@type":"Organization","@id":"https:\/\/boutique-one-piece.com\/#organization","name":"Loja One Piece","url":"https:\/\/boutique-one-piece.com\/","logo":{"@type":"ImageObject","inLanguage":"pt-PT","@id":"https:\/\/boutique-one-piece.com\/#\/schema\/logo\/image\/","url":"https:\/\/boutique-one-piece.com\/wp-content\/uploads\/2022\/09\/Logo-01.png","contentUrl":"https:\/\/boutique-one-piece.com\/wp-content\/uploads\/2022\/09\/Logo-01.png","width":2318,"height":957,"caption":"Boutique One Piece"},"image":{"@id":"https:\/\/boutique-one-piece.com\/#\/schema\/logo\/image\/"}}]}},"_links":{"self":[{"href":"https:\/\/boutique-one-piece.com\/pt\/wp-json\/wp\/v2\/product\/8385","targetHints":{"allow":["GET"]}}],"collection":[{"href":"https:\/\/boutique-one-piece.com\/pt\/wp-json\/wp\/v2\/product"}],"about":[{"href":"https:\/\/boutique-one-piece.com\/pt\/wp-json\/wp\/v2\/types\/product"}],"replies":[{"embeddable":true,"href":"https:\/\/boutique-one-piece.com\/pt\/wp-json\/wp\/v2\/comments?post=8385"}],"wp:featuredmedia":[{"embeddable":true,"href":"https:\/\/boutique-one-piece.com\/pt\/wp-json\/wp\/v2\/media\/8387"}],"wp:attachment":[{"href":"https:\/\/boutique-one-piece.com\/pt\/wp-json\/wp\/v2\/media?parent=8385"}],"wp:term":[{"taxonomy":"product_brand","embeddable":true,"href":"https:\/\/boutique-one-piece.com\/pt\/wp-json\/wp\/v2\/product_brand?post=8385"},{"taxonomy":"product_cat","embeddable":true,"href":"https:\/\/boutique-one-piece.com\/pt\/wp-json\/wp\/v2\/product_cat?post=8385"},{"taxonomy":"product_tag","embeddable":true,"href":"https:\/\/boutique-one-piece.com\/pt\/wp-json\/wp\/v2\/product_tag?post=8385"}],"curies":[{"name":"wp","href":"https:\/\/api.w.org\/{rel}","templated":true}]}}