{"id":8465,"date":"2022-09-27T20:13:08","date_gmt":"2022-09-27T20:13:08","guid":{"rendered":"https:\/\/boutique-one-piece.com\/uncategorized\/avis-de-recherche-one-piece-kaido-wanted\/"},"modified":"2024-09-16T11:19:26","modified_gmt":"2024-09-16T11:19:26","slug":"aviso-desejado-one-piece-kaido-queria","status":"publish","type":"product","link":"https:\/\/boutique-one-piece.com\/pt\/decoracoes-de-one-piece\/aviso-desejado-one-piece-kaido-queria\/","title":{"rendered":"Aviso de procurado de Kaido"},"content":{"rendered":"<h2>Se voc\u00ea gosta de piratas com for\u00e7a descomunal, d\u00ea uma olhada neste p\u00f4ster de procurado do Kaido.<\/h2>\n<p>Kaido \u00e9 um <strong>imperador<\/strong> do Novo Mundo, o que o torna um dos piratas mais fortes e temidos do mundo. Ele \u00e9 conhecido como o <strong>a besta mais poderosa<\/strong> neste mundo.<\/p>\n<p>Kaido est\u00e1 em busca de uma forma de morrer; vale ressaltar que ele j\u00e1 foi condenado \u00e0 execu\u00e7\u00e3o diversas vezes sem nunca ter morrido. A primeira vez que o vemos, ele se atira de uma ilha flutuante (a 10 km acima da Terra) porque Barba Branca o aconselhou a tentar isso como forma de suic\u00eddio. Ele aterrissa no quartel-general de Eustass Kid e o derrota rapidamente, aprisionando-o junto com sua tripula\u00e7\u00e3o.<\/p>\n<h3>N\u00e3o se deixe intimidar pela enorme recompensa no cartaz de procurado do Kaido.<\/h3>\n<p>Kaido luta com uma ma\u00e7a com espinhos, uma <strong>Kanabo<\/strong> Gigantesco. Ele \u00e9 quem governa o Pa\u00eds de Wano com Orochi e ser\u00e1 o principal antagonista do arco do Pa\u00eds de Wano. Ele comeu a Akuma no Mi de... <strong>Uo Uo no mi<\/strong> que \u00e9 uma Zoan Ancestral, permitindo que ele se transforme em um drag\u00e3o. A recompensa pela cabe\u00e7a de Kaido \u00e9 de 4.611.100.000 Berries.<\/p>\n<p>Se voc\u00ea \u00e9 apaixonado por grandes somas de dinheiro, isto \u00e9 para voc\u00ea. <a href=\"https:\/\/boutique-one-piece.com\/pt\/cartaz-de-procurada-de-one-piece-charlotte-linlin\/\" target=\"_blank\" title=\"Charlotte Linlin queria\" rel=\"noopener noreferrer\">Aviso de procura\u00e7\u00e3o de Charlotte Linlin<\/a> V\u00e1 e se d\u00ea um presente.<\/p>\n<h2>Informa\u00e7\u00f5es sobre o p\u00f4ster de One Piece &quot;Kaido das Cem Feras Procurado&quot;<\/h2>\n<ul>\n<li><span><b><u>P\u00f4ster de Procurado de One Piece<\/u><\/b>\u00a0Um aut\u00eantico cartaz de procurado de One Piece para verdadeiros piratas.<\/span><\/li>\n<\/ul>\n<ul>\n<li>\n<b><u>Recompensa de Kaido<\/u><\/b>\u00a04.611.100.000 bagas<\/li>\n<\/ul>\n<ul>\n<li><span><strong>Impress\u00e3o de alta qualidade<\/strong>\u00a0cores precisas<\/span><\/li>\n<\/ul>\n<ul>\n<li>\n<strong>Dimens\u00e3o<\/strong>\u00a0: 30 cm x 21 cm e 42 cm x 30 cm<\/li>\n<\/ul>\n<ul>\n<li><span><strong>ENTREGA GR\u00c1TIS<\/strong><\/span><\/li>\n<\/ul>\n<div id=\"gtx-trans\" style=\"position: absolute; left: 673px; top: 49px;\">\n<div class=\"gtx-trans-icon\"><\/div>\n<\/div>","protected":false},"excerpt":{"rendered":"<p>Se voc\u00ea gosta de piratas com for\u00e7a monstruosa, ent\u00e3o este cartaz de procurado do Kaido \u00e9 para voc\u00ea. Kaido \u00e9 um imperador do Novo Mundo, o que o torna um dos piratas mais fortes e temidos do mundo. Ele \u00e9 conhecido como a besta mais poderosa deste mundo. Kaido \u00e9 [\u2026]<\/p>","protected":false},"featured_media":8467,"comment_status":"open","ping_status":"open","template":"","meta":[],"product_brand":[],"product_cat":[171,150],"product_tag":[],"class_list":{"0":"post-8465","1":"product","2":"type-product","3":"status-publish","4":"has-post-thumbnail","6":"product_cat-avis-de-recherche-one-piece","7":"product_cat-decorations-one-piece","9":"first","10":"instock","11":"purchasable","12":"product-type-variable","13":"has-default-attributes"},"yoast_head":"<!-- This site is optimized with the Yoast SEO plugin v27.5 - https:\/\/yoast.com\/product\/yoast-seo-wordpress\/ -->\n<title>Avis de Recherche One Piece Kaido Wanted | D\u00e9coration One Piece \u2013 Boutique One Piece<\/title>\n<meta name=\"description\" content=\"Si tu aimes les pirates \u00e0 la force monstrueuse, laisse-toi tenter par cet Avis de Recherche Kaido Wanted. Kaido est un empereur du Nouveau Monde, ce qui en fait un des pirates les plus forts du monde et les plus craints. Il est connu comme la b\u00eate la plus puissante en ce monde. Kaido est \u00e0 la recherche d&#039;une mani\u00e8re de\" \/>\n<meta name=\"robots\" content=\"index, follow, max-snippet:-1, max-image-preview:large, max-video-preview:-1\" \/>\n<link rel=\"canonical\" href=\"https:\/\/boutique-one-piece.com\/pt\/poster-de-procurado-de-one-piece\/aviso-desejado-one-piece-kaido-queria\/\" \/>\n<meta property=\"og:locale\" content=\"pt_PT\" \/>\n<meta property=\"og:type\" content=\"article\" \/>\n<meta property=\"og:title\" content=\"Avis de Recherche One Piece Kaido Wanted | D\u00e9coration One Piece \u2013 Boutique One Piece\" \/>\n<meta property=\"og:description\" content=\"Si tu aimes les pirates \u00e0 la force monstrueuse, laisse-toi tenter par cet Avis de Recherche Kaido Wanted. Kaido est un empereur du Nouveau Monde, ce qui en fait un des pirates les plus forts du monde et les plus craints. Il est connu comme la b\u00eate la plus puissante en ce monde. Kaido est \u00e0 la recherche d&#039;une mani\u00e8re de\" \/>\n<meta property=\"og:url\" content=\"https:\/\/boutique-one-piece.com\/pt\/poster-de-procurado-de-one-piece\/aviso-desejado-one-piece-kaido-queria\/\" \/>\n<meta property=\"og:site_name\" content=\"Boutique One Piece\" \/>\n<meta property=\"article:modified_time\" content=\"2024-09-16T11:19:26+00:00\" \/>\n<meta property=\"og:image\" content=\"https:\/\/boutique-one-piece.com\/wp-content\/uploads\/2022\/09\/Avis-de-Recherche-Kaido-Wanted.jpg\" \/>\n\t<meta property=\"og:image:width\" content=\"800\" \/>\n\t<meta property=\"og:image:height\" content=\"800\" \/>\n\t<meta property=\"og:image:type\" content=\"image\/jpeg\" \/>\n<meta name=\"twitter:card\" content=\"summary_large_image\" \/>\n<meta name=\"twitter:label1\" content=\"Tempo estimado de leitura\" \/>\n\t<meta name=\"twitter:data1\" content=\"1 minuto\" \/>\n<script type=\"application\/ld+json\" class=\"yoast-schema-graph\">{\"@context\":\"https:\\\/\\\/schema.org\",\"@graph\":[{\"@type\":\"WebPage\",\"@id\":\"https:\\\/\\\/boutique-one-piece.com\\\/avis-de-recherche-one-piece\\\/avis-de-recherche-one-piece-kaido-wanted\\\/\",\"url\":\"https:\\\/\\\/boutique-one-piece.com\\\/avis-de-recherche-one-piece\\\/avis-de-recherche-one-piece-kaido-wanted\\\/\",\"name\":\"Avis de Recherche One Piece Kaido Wanted | D\u00e9coration One Piece \u2013 Boutique One Piece\",\"isPartOf\":{\"@id\":\"https:\\\/\\\/boutique-one-piece.com\\\/#website\"},\"primaryImageOfPage\":{\"@id\":\"https:\\\/\\\/boutique-one-piece.com\\\/avis-de-recherche-one-piece\\\/avis-de-recherche-one-piece-kaido-wanted\\\/#primaryimage\"},\"image\":{\"@id\":\"https:\\\/\\\/boutique-one-piece.com\\\/avis-de-recherche-one-piece\\\/avis-de-recherche-one-piece-kaido-wanted\\\/#primaryimage\"},\"thumbnailUrl\":\"https:\\\/\\\/boutique-one-piece.com\\\/wp-content\\\/uploads\\\/2022\\\/09\\\/Avis-de-Recherche-Kaido-Wanted.jpg\",\"datePublished\":\"2022-09-27T20:13:08+00:00\",\"dateModified\":\"2024-09-16T11:19:26+00:00\",\"description\":\"Si tu aimes les pirates \u00e0 la force monstrueuse, laisse-toi tenter par cet Avis de Recherche Kaido Wanted. Kaido est un empereur du Nouveau Monde, ce qui en fait un des pirates les plus forts du monde et les plus craints. Il est connu comme la b\u00eate la plus puissante en ce monde. Kaido est \u00e0 la recherche d'une mani\u00e8re de\",\"breadcrumb\":{\"@id\":\"https:\\\/\\\/boutique-one-piece.com\\\/avis-de-recherche-one-piece\\\/avis-de-recherche-one-piece-kaido-wanted\\\/#breadcrumb\"},\"inLanguage\":\"pt-PT\",\"potentialAction\":[{\"@type\":\"ReadAction\",\"target\":[\"https:\\\/\\\/boutique-one-piece.com\\\/avis-de-recherche-one-piece\\\/avis-de-recherche-one-piece-kaido-wanted\\\/\"]}]},{\"@type\":\"ImageObject\",\"inLanguage\":\"pt-PT\",\"@id\":\"https:\\\/\\\/boutique-one-piece.com\\\/avis-de-recherche-one-piece\\\/avis-de-recherche-one-piece-kaido-wanted\\\/#primaryimage\",\"url\":\"https:\\\/\\\/boutique-one-piece.com\\\/wp-content\\\/uploads\\\/2022\\\/09\\\/Avis-de-Recherche-Kaido-Wanted.jpg\",\"contentUrl\":\"https:\\\/\\\/boutique-one-piece.com\\\/wp-content\\\/uploads\\\/2022\\\/09\\\/Avis-de-Recherche-Kaido-Wanted.jpg\",\"width\":800,\"height\":800,\"caption\":\"Avis de Recherche Kaido Wanted 42 x 30 cm\"},{\"@type\":\"BreadcrumbList\",\"@id\":\"https:\\\/\\\/boutique-one-piece.com\\\/avis-de-recherche-one-piece\\\/avis-de-recherche-one-piece-kaido-wanted\\\/#breadcrumb\",\"itemListElement\":[{\"@type\":\"ListItem\",\"position\":1,\"name\":\"Home\",\"item\":\"https:\\\/\\\/boutique-one-piece.com\\\/\"},{\"@type\":\"ListItem\",\"position\":2,\"name\":\"Shop\",\"item\":\"https:\\\/\\\/boutique-one-piece.com\\\/shop\\\/\"},{\"@type\":\"ListItem\",\"position\":3,\"name\":\"Avis de Recherche Kaido Wanted\"}]},{\"@type\":\"WebSite\",\"@id\":\"https:\\\/\\\/boutique-one-piece.com\\\/#website\",\"url\":\"https:\\\/\\\/boutique-one-piece.com\\\/\",\"name\":\"Boutique One Piece\",\"description\":\"Magasin Sp\u00e9cialis\u00e9 du Manga et l&#039;Anime One Piece\",\"publisher\":{\"@id\":\"https:\\\/\\\/boutique-one-piece.com\\\/#organization\"},\"potentialAction\":[{\"@type\":\"SearchAction\",\"target\":{\"@type\":\"EntryPoint\",\"urlTemplate\":\"https:\\\/\\\/boutique-one-piece.com\\\/?s={search_term_string}\"},\"query-input\":{\"@type\":\"PropertyValueSpecification\",\"valueRequired\":true,\"valueName\":\"search_term_string\"}}],\"inLanguage\":\"pt-PT\"},{\"@type\":\"Organization\",\"@id\":\"https:\\\/\\\/boutique-one-piece.com\\\/#organization\",\"name\":\"Boutique One Piece\",\"url\":\"https:\\\/\\\/boutique-one-piece.com\\\/\",\"logo\":{\"@type\":\"ImageObject\",\"inLanguage\":\"pt-PT\",\"@id\":\"https:\\\/\\\/boutique-one-piece.com\\\/#\\\/schema\\\/logo\\\/image\\\/\",\"url\":\"https:\\\/\\\/boutique-one-piece.com\\\/wp-content\\\/uploads\\\/2022\\\/09\\\/Logo-01.png\",\"contentUrl\":\"https:\\\/\\\/boutique-one-piece.com\\\/wp-content\\\/uploads\\\/2022\\\/09\\\/Logo-01.png\",\"width\":2318,\"height\":957,\"caption\":\"Boutique One Piece\"},\"image\":{\"@id\":\"https:\\\/\\\/boutique-one-piece.com\\\/#\\\/schema\\\/logo\\\/image\\\/\"}}]}<\/script>\n<!-- \/ Yoast SEO plugin. -->","yoast_head_json":{"title":"Cartaz de Procurado de One Piece: Kaido Procurado | Decora\u00e7\u00f5es de One Piece \u2013 Loja de One Piece","description":"Se voc\u00ea adora piratas com for\u00e7a monstruosa, ent\u00e3o este cartaz de procurado do Kaido \u00e9 para voc\u00ea. Kaido \u00e9 um imperador do Novo Mundo, o que o torna um dos piratas mais fortes e temidos do mundo. Ele \u00e9 conhecido como a besta mais poderosa deste mundo. Kaido est\u00e1 procurando uma maneira de...","robots":{"index":"index","follow":"follow","max-snippet":"max-snippet:-1","max-image-preview":"max-image-preview:large","max-video-preview":"max-video-preview:-1"},"canonical":"https:\/\/boutique-one-piece.com\/pt\/poster-de-procurado-de-one-piece\/aviso-desejado-one-piece-kaido-queria\/","og_locale":"pt_PT","og_type":"article","og_title":"Avis de Recherche One Piece Kaido Wanted | D\u00e9coration One Piece \u2013 Boutique One Piece","og_description":"Si tu aimes les pirates \u00e0 la force monstrueuse, laisse-toi tenter par cet Avis de Recherche Kaido Wanted. Kaido est un empereur du Nouveau Monde, ce qui en fait un des pirates les plus forts du monde et les plus craints. Il est connu comme la b\u00eate la plus puissante en ce monde. Kaido est \u00e0 la recherche d'une mani\u00e8re de","og_url":"https:\/\/boutique-one-piece.com\/pt\/poster-de-procurado-de-one-piece\/aviso-desejado-one-piece-kaido-queria\/","og_site_name":"Boutique One Piece","article_modified_time":"2024-09-16T11:19:26+00:00","og_image":[{"width":800,"height":800,"url":"https:\/\/boutique-one-piece.com\/wp-content\/uploads\/2022\/09\/Avis-de-Recherche-Kaido-Wanted.jpg","type":"image\/jpeg"}],"twitter_card":"summary_large_image","twitter_misc":{"Tempo estimado de leitura":"1 minuto"},"schema":{"@context":"https:\/\/schema.org","@graph":[{"@type":"WebPage","@id":"https:\/\/boutique-one-piece.com\/avis-de-recherche-one-piece\/avis-de-recherche-one-piece-kaido-wanted\/","url":"https:\/\/boutique-one-piece.com\/avis-de-recherche-one-piece\/avis-de-recherche-one-piece-kaido-wanted\/","name":"Cartaz de Procurado de One Piece: Kaido Procurado | Decora\u00e7\u00f5es de One Piece \u2013 Loja de One Piece","isPartOf":{"@id":"https:\/\/boutique-one-piece.com\/#website"},"primaryImageOfPage":{"@id":"https:\/\/boutique-one-piece.com\/avis-de-recherche-one-piece\/avis-de-recherche-one-piece-kaido-wanted\/#primaryimage"},"image":{"@id":"https:\/\/boutique-one-piece.com\/avis-de-recherche-one-piece\/avis-de-recherche-one-piece-kaido-wanted\/#primaryimage"},"thumbnailUrl":"https:\/\/boutique-one-piece.com\/wp-content\/uploads\/2022\/09\/Avis-de-Recherche-Kaido-Wanted.jpg","datePublished":"2022-09-27T20:13:08+00:00","dateModified":"2024-09-16T11:19:26+00:00","description":"Se voc\u00ea adora piratas com for\u00e7a monstruosa, ent\u00e3o este cartaz de procurado do Kaido \u00e9 para voc\u00ea. Kaido \u00e9 um imperador do Novo Mundo, o que o torna um dos piratas mais fortes e temidos do mundo. Ele \u00e9 conhecido como a besta mais poderosa deste mundo. Kaido est\u00e1 procurando uma maneira de...","breadcrumb":{"@id":"https:\/\/boutique-one-piece.com\/avis-de-recherche-one-piece\/avis-de-recherche-one-piece-kaido-wanted\/#breadcrumb"},"inLanguage":"pt-PT","potentialAction":[{"@type":"ReadAction","target":["https:\/\/boutique-one-piece.com\/avis-de-recherche-one-piece\/avis-de-recherche-one-piece-kaido-wanted\/"]}]},{"@type":"ImageObject","inLanguage":"pt-PT","@id":"https:\/\/boutique-one-piece.com\/avis-de-recherche-one-piece\/avis-de-recherche-one-piece-kaido-wanted\/#primaryimage","url":"https:\/\/boutique-one-piece.com\/wp-content\/uploads\/2022\/09\/Avis-de-Recherche-Kaido-Wanted.jpg","contentUrl":"https:\/\/boutique-one-piece.com\/wp-content\/uploads\/2022\/09\/Avis-de-Recherche-Kaido-Wanted.jpg","width":800,"height":800,"caption":"Avis de Recherche Kaido Wanted 42 x 30 cm"},{"@type":"BreadcrumbList","@id":"https:\/\/boutique-one-piece.com\/avis-de-recherche-one-piece\/avis-de-recherche-one-piece-kaido-wanted\/#breadcrumb","itemListElement":[{"@type":"ListItem","position":1,"name":"Home","item":"https:\/\/boutique-one-piece.com\/"},{"@type":"ListItem","position":2,"name":"Shop","item":"https:\/\/boutique-one-piece.com\/shop\/"},{"@type":"ListItem","position":3,"name":"Avis de Recherche Kaido Wanted"}]},{"@type":"WebSite","@id":"https:\/\/boutique-one-piece.com\/#website","url":"https:\/\/boutique-one-piece.com\/","name":"Loja One Piece","description":"Loja especializada em mang\u00e1 e anime de One Piece.","publisher":{"@id":"https:\/\/boutique-one-piece.com\/#organization"},"potentialAction":[{"@type":"SearchAction","target":{"@type":"EntryPoint","urlTemplate":"https:\/\/boutique-one-piece.com\/?s={search_term_string}"},"query-input":{"@type":"PropertyValueSpecification","valueRequired":true,"valueName":"search_term_string"}}],"inLanguage":"pt-PT"},{"@type":"Organization","@id":"https:\/\/boutique-one-piece.com\/#organization","name":"Loja One Piece","url":"https:\/\/boutique-one-piece.com\/","logo":{"@type":"ImageObject","inLanguage":"pt-PT","@id":"https:\/\/boutique-one-piece.com\/#\/schema\/logo\/image\/","url":"https:\/\/boutique-one-piece.com\/wp-content\/uploads\/2022\/09\/Logo-01.png","contentUrl":"https:\/\/boutique-one-piece.com\/wp-content\/uploads\/2022\/09\/Logo-01.png","width":2318,"height":957,"caption":"Boutique One Piece"},"image":{"@id":"https:\/\/boutique-one-piece.com\/#\/schema\/logo\/image\/"}}]}},"_links":{"self":[{"href":"https:\/\/boutique-one-piece.com\/pt\/wp-json\/wp\/v2\/product\/8465","targetHints":{"allow":["GET"]}}],"collection":[{"href":"https:\/\/boutique-one-piece.com\/pt\/wp-json\/wp\/v2\/product"}],"about":[{"href":"https:\/\/boutique-one-piece.com\/pt\/wp-json\/wp\/v2\/types\/product"}],"replies":[{"embeddable":true,"href":"https:\/\/boutique-one-piece.com\/pt\/wp-json\/wp\/v2\/comments?post=8465"}],"wp:featuredmedia":[{"embeddable":true,"href":"https:\/\/boutique-one-piece.com\/pt\/wp-json\/wp\/v2\/media\/8467"}],"wp:attachment":[{"href":"https:\/\/boutique-one-piece.com\/pt\/wp-json\/wp\/v2\/media?parent=8465"}],"wp:term":[{"taxonomy":"product_brand","embeddable":true,"href":"https:\/\/boutique-one-piece.com\/pt\/wp-json\/wp\/v2\/product_brand?post=8465"},{"taxonomy":"product_cat","embeddable":true,"href":"https:\/\/boutique-one-piece.com\/pt\/wp-json\/wp\/v2\/product_cat?post=8465"},{"taxonomy":"product_tag","embeddable":true,"href":"https:\/\/boutique-one-piece.com\/pt\/wp-json\/wp\/v2\/product_tag?post=8465"}],"curies":[{"name":"wp","href":"https:\/\/api.w.org\/{rel}","templated":true}]}}