{"id":8578,"date":"2022-09-27T20:13:41","date_gmt":"2022-09-27T20:13:41","guid":{"rendered":"https:\/\/boutique-one-piece.com\/uncategorized\/drapeau-edward-newgate\/"},"modified":"2024-09-16T15:24:38","modified_gmt":"2024-09-16T15:24:38","slug":"bandeira-de-edward-newgate","status":"publish","type":"product","link":"https:\/\/boutique-one-piece.com\/pt\/decoracoes-de-one-piece\/bandeiras-de-one-piece\/bandeira-de-edward-newgate\/","title":{"rendered":"Bandeira de Edward Newgate"},"content":{"rendered":"<h2>Jeune pirate, aujourd\u2019hui c\u2019est ton jour de chance. En effet, l\u2019opportunit\u00e9 se pr\u00e9sente pour toi de pouvoir te procurer ce Drapeau Edward Newgate.<\/h2>\n<p>Tu n\u2019es pas sans savoir qu\u0092<strong>Eduardo Newgate<\/strong>, aussi appel\u00e9 Barbe Blanche ou \u00ab\u00a0L\u2019Homme le Plus Fort au Monde\u00a0\u00bb, est \u00e9galement consid\u00e9r\u00e9 comme \u00e9tant l\u2019homme \u00ab\u00a0le plus proche du One Piece. Il \u00e9tait donc le capitaine de L\u2019\u00c9quipage de Barbe Blanche. Il faisait partie des Quatre Empereurs de son vivant mais, il a \u00e9t\u00e9 tu\u00e9 dans la Bataille de Marine Ford par son ancien subordonn\u00e9 Marshall D. Teach (et son \u00e9quipage).<\/p>\n<p>D\u2019ailleurs, le <a title=\"BANDEIRA DA TRIPULA\u00c7\u00c3O DO BARBA NEGRA\" href=\"https:\/\/boutique-one-piece.com\/pt\/bandeira-da-tripulacao-do-barba-negra\/\" target=\"_blank\" rel=\"noopener\">drapeau de l\u2019Equipage de Barbe Noire<\/a> est \u00e0 ta port\u00e9e de main. Pour en revenir \u00e0 Barbe Blanche, sache qu\u2019il repr\u00e9sentait symboliquement par sa seule pr\u00e9sence tous les Pirates libres dont les Empereurs, le Nouveau Monde, mais aussi l\u2019ancienne \u00e8re de Roger ainsi que la nouvelle \u00e8re difficile qui d\u00e9bute suite \u00e0 sa mort.<\/p>\n<h3>Alors, moussaillon, conquis par le drapeau de Barbe Blanche ? Si tel est le cas, tu sais ce qu\u2019il te reste \u00e0 faire. Procure-toi le d\u00e8s \u00e0 pr\u00e9sent et arbore fi\u00e8rement l\u2019embl\u00e8me de l\u2019homme le plus fort au monde.<\/h3>\n<p><strong>Jovem pirata<\/strong>, ne cherche plus. Tu es au bon endroit. Ces objets mythiques sont forc\u00e9ment faits pour toi. Parfaits pour offrir, d\u00e9corer ou encore t\u2019amuser, il n\u2019appartient qu\u2019\u00e0 toi de venir agrandir<strong> seu universo de One Piece<\/strong>. Dans tous les cas, une chose est s\u00fbre, l\u2019\u00e8re de la piraterie n\u2019est jamais finie.<\/p>\n<h2>Informa\u00e7\u00f5es sobre a bandeira do Barba Branca:<\/h2>\n<ul>\n<li>\n<strong><u>Bandeira de One Piece<\/u><\/strong>\u00a0Uma aut\u00eantica bandeira pirata de One Piece para verdadeiros f\u00e3s.<\/li>\n<\/ul>\n<ul>\n<li>\n<strong>Impress\u00e3o de alta qualidade<\/strong>\u00a0cores precisas<\/li>\n<\/ul>\n<ul>\n<li>\n<strong>Mat\u00e9ria<\/strong>\u00a0Poli\u00e9ster<\/li>\n<\/ul>\n<ul>\n<li>\n<strong>Dimens\u00e3o<\/strong>\u00a0: 100 cm x 100 cm ou 90 cm x 150 cm<\/li>\n<\/ul>\n<ul>\n<li><strong>ENTREGA GR\u00c1TIS<\/strong><\/li>\n<\/ul>","protected":false},"excerpt":{"rendered":"<p>Jeune pirate, aujourd\u2019hui c\u2019est ton jour de chance. En effet, l\u2019opportunit\u00e9 se pr\u00e9sente pour toi de pouvoir te procurer ce Drapeau Edward Newgate. Tu n\u2019es pas sans savoir qu\u0092Edward Newgate, aussi appel\u00e9 Barbe Blanche ou \u00ab\u00a0L\u2019Homme le Plus Fort au Monde\u00a0\u00bb, est \u00e9galement consid\u00e9r\u00e9 comme \u00e9tant l\u2019homme \u00ab\u00a0le plus proche du One Piece. Il \u00e9tait [&hellip;]<\/p>","protected":false},"featured_media":8580,"comment_status":"open","ping_status":"open","template":"","meta":[],"product_brand":[],"product_cat":[212],"product_tag":[199],"class_list":{"0":"post-8578","1":"product","2":"type-product","3":"status-publish","4":"has-post-thumbnail","6":"product_cat-drapeaux-one-piece","7":"product_tag-barbe-blanche","9":"first","10":"instock","11":"purchasable","12":"product-type-variable","13":"has-default-attributes"},"yoast_head":"<!-- This site is optimized with the Yoast SEO plugin v27.5 - https:\/\/yoast.com\/product\/yoast-seo-wordpress\/ -->\n<title>Drapeau Edward Newgate | Boutique One Piece<\/title>\n<meta name=\"description\" content=\"D\u00e9couvrez le Drapeau One Piece Barbe Blanche, d\u00e9corez votre pi\u00e8ce en rejoignant la flotte de l&#039;Empereur Edward Newgate ! Commencez votre aventure recherche du One Piece dans l&#039;\u00e9quipage de Barbe Blanche\" \/>\n<meta name=\"robots\" content=\"index, follow, max-snippet:-1, max-image-preview:large, max-video-preview:-1\" \/>\n<link rel=\"canonical\" href=\"https:\/\/boutique-one-piece.com\/pt\/decoracoes-de-one-piece\/bandeiras-de-one-piece\/bandeira-de-edward-newgate\/\" \/>\n<meta property=\"og:locale\" content=\"pt_PT\" \/>\n<meta property=\"og:type\" content=\"article\" \/>\n<meta property=\"og:title\" content=\"Drapeau Edward Newgate | Boutique One Piece\" \/>\n<meta property=\"og:description\" content=\"D\u00e9couvrez le Drapeau One Piece Barbe Blanche, d\u00e9corez votre pi\u00e8ce en rejoignant la flotte de l&#039;Empereur Edward Newgate ! Commencez votre aventure recherche du One Piece dans l&#039;\u00e9quipage de Barbe Blanche\" \/>\n<meta property=\"og:url\" content=\"https:\/\/boutique-one-piece.com\/pt\/decoracoes-de-one-piece\/bandeiras-de-one-piece\/bandeira-de-edward-newgate\/\" \/>\n<meta property=\"og:site_name\" content=\"Boutique One Piece\" \/>\n<meta property=\"article:modified_time\" content=\"2024-09-16T15:24:38+00:00\" \/>\n<meta property=\"og:image\" content=\"https:\/\/boutique-one-piece.com\/wp-content\/uploads\/2022\/09\/Drapeau-Edward-Newgate.jpg\" \/>\n\t<meta property=\"og:image:width\" content=\"717\" \/>\n\t<meta property=\"og:image:height\" content=\"602\" \/>\n\t<meta property=\"og:image:type\" content=\"image\/jpeg\" \/>\n<meta name=\"twitter:card\" content=\"summary_large_image\" \/>\n<meta name=\"twitter:label1\" content=\"Tempo estimado de leitura\" \/>\n\t<meta name=\"twitter:data1\" content=\"2 minutos\" \/>\n<script type=\"application\/ld+json\" class=\"yoast-schema-graph\">{\"@context\":\"https:\\\/\\\/schema.org\",\"@graph\":[{\"@type\":\"WebPage\",\"@id\":\"https:\\\/\\\/boutique-one-piece.com\\\/decorations-one-piece\\\/drapeaux-one-piece\\\/drapeau-edward-newgate\\\/\",\"url\":\"https:\\\/\\\/boutique-one-piece.com\\\/decorations-one-piece\\\/drapeaux-one-piece\\\/drapeau-edward-newgate\\\/\",\"name\":\"Drapeau Edward Newgate | Boutique One Piece\",\"isPartOf\":{\"@id\":\"https:\\\/\\\/boutique-one-piece.com\\\/#website\"},\"primaryImageOfPage\":{\"@id\":\"https:\\\/\\\/boutique-one-piece.com\\\/decorations-one-piece\\\/drapeaux-one-piece\\\/drapeau-edward-newgate\\\/#primaryimage\"},\"image\":{\"@id\":\"https:\\\/\\\/boutique-one-piece.com\\\/decorations-one-piece\\\/drapeaux-one-piece\\\/drapeau-edward-newgate\\\/#primaryimage\"},\"thumbnailUrl\":\"https:\\\/\\\/boutique-one-piece.com\\\/wp-content\\\/uploads\\\/2022\\\/09\\\/Drapeau-Edward-Newgate.jpg\",\"datePublished\":\"2022-09-27T20:13:41+00:00\",\"dateModified\":\"2024-09-16T15:24:38+00:00\",\"description\":\"D\u00e9couvrez le Drapeau One Piece Barbe Blanche, d\u00e9corez votre pi\u00e8ce en rejoignant la flotte de l'Empereur Edward Newgate ! Commencez votre aventure recherche du One Piece dans l'\u00e9quipage de Barbe Blanche\",\"breadcrumb\":{\"@id\":\"https:\\\/\\\/boutique-one-piece.com\\\/decorations-one-piece\\\/drapeaux-one-piece\\\/drapeau-edward-newgate\\\/#breadcrumb\"},\"inLanguage\":\"pt-PT\",\"potentialAction\":[{\"@type\":\"ReadAction\",\"target\":[\"https:\\\/\\\/boutique-one-piece.com\\\/decorations-one-piece\\\/drapeaux-one-piece\\\/drapeau-edward-newgate\\\/\"]}]},{\"@type\":\"ImageObject\",\"inLanguage\":\"pt-PT\",\"@id\":\"https:\\\/\\\/boutique-one-piece.com\\\/decorations-one-piece\\\/drapeaux-one-piece\\\/drapeau-edward-newgate\\\/#primaryimage\",\"url\":\"https:\\\/\\\/boutique-one-piece.com\\\/wp-content\\\/uploads\\\/2022\\\/09\\\/Drapeau-Edward-Newgate.jpg\",\"contentUrl\":\"https:\\\/\\\/boutique-one-piece.com\\\/wp-content\\\/uploads\\\/2022\\\/09\\\/Drapeau-Edward-Newgate.jpg\",\"width\":717,\"height\":602,\"caption\":\"Drapeau Edward Newgate 90x150cm\"},{\"@type\":\"BreadcrumbList\",\"@id\":\"https:\\\/\\\/boutique-one-piece.com\\\/decorations-one-piece\\\/drapeaux-one-piece\\\/drapeau-edward-newgate\\\/#breadcrumb\",\"itemListElement\":[{\"@type\":\"ListItem\",\"position\":1,\"name\":\"Home\",\"item\":\"https:\\\/\\\/boutique-one-piece.com\\\/\"},{\"@type\":\"ListItem\",\"position\":2,\"name\":\"Shop\",\"item\":\"https:\\\/\\\/boutique-one-piece.com\\\/shop\\\/\"},{\"@type\":\"ListItem\",\"position\":3,\"name\":\"Drapeau Edward Newgate\"}]},{\"@type\":\"WebSite\",\"@id\":\"https:\\\/\\\/boutique-one-piece.com\\\/#website\",\"url\":\"https:\\\/\\\/boutique-one-piece.com\\\/\",\"name\":\"Boutique One Piece\",\"description\":\"Magasin Sp\u00e9cialis\u00e9 du Manga et l&#039;Anime One Piece\",\"publisher\":{\"@id\":\"https:\\\/\\\/boutique-one-piece.com\\\/#organization\"},\"potentialAction\":[{\"@type\":\"SearchAction\",\"target\":{\"@type\":\"EntryPoint\",\"urlTemplate\":\"https:\\\/\\\/boutique-one-piece.com\\\/?s={search_term_string}\"},\"query-input\":{\"@type\":\"PropertyValueSpecification\",\"valueRequired\":true,\"valueName\":\"search_term_string\"}}],\"inLanguage\":\"pt-PT\"},{\"@type\":\"Organization\",\"@id\":\"https:\\\/\\\/boutique-one-piece.com\\\/#organization\",\"name\":\"Boutique One Piece\",\"url\":\"https:\\\/\\\/boutique-one-piece.com\\\/\",\"logo\":{\"@type\":\"ImageObject\",\"inLanguage\":\"pt-PT\",\"@id\":\"https:\\\/\\\/boutique-one-piece.com\\\/#\\\/schema\\\/logo\\\/image\\\/\",\"url\":\"https:\\\/\\\/boutique-one-piece.com\\\/wp-content\\\/uploads\\\/2022\\\/09\\\/Logo-01.png\",\"contentUrl\":\"https:\\\/\\\/boutique-one-piece.com\\\/wp-content\\\/uploads\\\/2022\\\/09\\\/Logo-01.png\",\"width\":2318,\"height\":957,\"caption\":\"Boutique One Piece\"},\"image\":{\"@id\":\"https:\\\/\\\/boutique-one-piece.com\\\/#\\\/schema\\\/logo\\\/image\\\/\"}}]}<\/script>\n<!-- \/ Yoast SEO plugin. -->","yoast_head_json":{"title":"Bandeira de Edward Newgate | Loja One Piece","description":"Descubra a Bandeira do Barba Branca, decore seu quarto e junte-se \u00e0 frota do Imperador Edward Newgate! Comece sua aventura em busca do One Piece com a tripula\u00e7\u00e3o do Barba Branca.","robots":{"index":"index","follow":"follow","max-snippet":"max-snippet:-1","max-image-preview":"max-image-preview:large","max-video-preview":"max-video-preview:-1"},"canonical":"https:\/\/boutique-one-piece.com\/pt\/decoracoes-de-one-piece\/bandeiras-de-one-piece\/bandeira-de-edward-newgate\/","og_locale":"pt_PT","og_type":"article","og_title":"Drapeau Edward Newgate | Boutique One Piece","og_description":"D\u00e9couvrez le Drapeau One Piece Barbe Blanche, d\u00e9corez votre pi\u00e8ce en rejoignant la flotte de l'Empereur Edward Newgate ! Commencez votre aventure recherche du One Piece dans l'\u00e9quipage de Barbe Blanche","og_url":"https:\/\/boutique-one-piece.com\/pt\/decoracoes-de-one-piece\/bandeiras-de-one-piece\/bandeira-de-edward-newgate\/","og_site_name":"Boutique One Piece","article_modified_time":"2024-09-16T15:24:38+00:00","og_image":[{"width":717,"height":602,"url":"https:\/\/boutique-one-piece.com\/wp-content\/uploads\/2022\/09\/Drapeau-Edward-Newgate.jpg","type":"image\/jpeg"}],"twitter_card":"summary_large_image","twitter_misc":{"Tempo estimado de leitura":"2 minutos"},"schema":{"@context":"https:\/\/schema.org","@graph":[{"@type":"WebPage","@id":"https:\/\/boutique-one-piece.com\/decorations-one-piece\/drapeaux-one-piece\/drapeau-edward-newgate\/","url":"https:\/\/boutique-one-piece.com\/decorations-one-piece\/drapeaux-one-piece\/drapeau-edward-newgate\/","name":"Bandeira de Edward Newgate | Loja One Piece","isPartOf":{"@id":"https:\/\/boutique-one-piece.com\/#website"},"primaryImageOfPage":{"@id":"https:\/\/boutique-one-piece.com\/decorations-one-piece\/drapeaux-one-piece\/drapeau-edward-newgate\/#primaryimage"},"image":{"@id":"https:\/\/boutique-one-piece.com\/decorations-one-piece\/drapeaux-one-piece\/drapeau-edward-newgate\/#primaryimage"},"thumbnailUrl":"https:\/\/boutique-one-piece.com\/wp-content\/uploads\/2022\/09\/Drapeau-Edward-Newgate.jpg","datePublished":"2022-09-27T20:13:41+00:00","dateModified":"2024-09-16T15:24:38+00:00","description":"Descubra a Bandeira do Barba Branca, decore seu quarto e junte-se \u00e0 frota do Imperador Edward Newgate! Comece sua aventura em busca do One Piece com a tripula\u00e7\u00e3o do Barba Branca.","breadcrumb":{"@id":"https:\/\/boutique-one-piece.com\/decorations-one-piece\/drapeaux-one-piece\/drapeau-edward-newgate\/#breadcrumb"},"inLanguage":"pt-PT","potentialAction":[{"@type":"ReadAction","target":["https:\/\/boutique-one-piece.com\/decorations-one-piece\/drapeaux-one-piece\/drapeau-edward-newgate\/"]}]},{"@type":"ImageObject","inLanguage":"pt-PT","@id":"https:\/\/boutique-one-piece.com\/decorations-one-piece\/drapeaux-one-piece\/drapeau-edward-newgate\/#primaryimage","url":"https:\/\/boutique-one-piece.com\/wp-content\/uploads\/2022\/09\/Drapeau-Edward-Newgate.jpg","contentUrl":"https:\/\/boutique-one-piece.com\/wp-content\/uploads\/2022\/09\/Drapeau-Edward-Newgate.jpg","width":717,"height":602,"caption":"Drapeau Edward Newgate 90x150cm"},{"@type":"BreadcrumbList","@id":"https:\/\/boutique-one-piece.com\/decorations-one-piece\/drapeaux-one-piece\/drapeau-edward-newgate\/#breadcrumb","itemListElement":[{"@type":"ListItem","position":1,"name":"Home","item":"https:\/\/boutique-one-piece.com\/"},{"@type":"ListItem","position":2,"name":"Shop","item":"https:\/\/boutique-one-piece.com\/shop\/"},{"@type":"ListItem","position":3,"name":"Drapeau Edward Newgate"}]},{"@type":"WebSite","@id":"https:\/\/boutique-one-piece.com\/#website","url":"https:\/\/boutique-one-piece.com\/","name":"Loja One Piece","description":"Loja especializada em mang\u00e1 e anime de One Piece.","publisher":{"@id":"https:\/\/boutique-one-piece.com\/#organization"},"potentialAction":[{"@type":"SearchAction","target":{"@type":"EntryPoint","urlTemplate":"https:\/\/boutique-one-piece.com\/?s={search_term_string}"},"query-input":{"@type":"PropertyValueSpecification","valueRequired":true,"valueName":"search_term_string"}}],"inLanguage":"pt-PT"},{"@type":"Organization","@id":"https:\/\/boutique-one-piece.com\/#organization","name":"Loja One Piece","url":"https:\/\/boutique-one-piece.com\/","logo":{"@type":"ImageObject","inLanguage":"pt-PT","@id":"https:\/\/boutique-one-piece.com\/#\/schema\/logo\/image\/","url":"https:\/\/boutique-one-piece.com\/wp-content\/uploads\/2022\/09\/Logo-01.png","contentUrl":"https:\/\/boutique-one-piece.com\/wp-content\/uploads\/2022\/09\/Logo-01.png","width":2318,"height":957,"caption":"Boutique One Piece"},"image":{"@id":"https:\/\/boutique-one-piece.com\/#\/schema\/logo\/image\/"}}]}},"_links":{"self":[{"href":"https:\/\/boutique-one-piece.com\/pt\/wp-json\/wp\/v2\/product\/8578","targetHints":{"allow":["GET"]}}],"collection":[{"href":"https:\/\/boutique-one-piece.com\/pt\/wp-json\/wp\/v2\/product"}],"about":[{"href":"https:\/\/boutique-one-piece.com\/pt\/wp-json\/wp\/v2\/types\/product"}],"replies":[{"embeddable":true,"href":"https:\/\/boutique-one-piece.com\/pt\/wp-json\/wp\/v2\/comments?post=8578"}],"wp:featuredmedia":[{"embeddable":true,"href":"https:\/\/boutique-one-piece.com\/pt\/wp-json\/wp\/v2\/media\/8580"}],"wp:attachment":[{"href":"https:\/\/boutique-one-piece.com\/pt\/wp-json\/wp\/v2\/media?parent=8578"}],"wp:term":[{"taxonomy":"product_brand","embeddable":true,"href":"https:\/\/boutique-one-piece.com\/pt\/wp-json\/wp\/v2\/product_brand?post=8578"},{"taxonomy":"product_cat","embeddable":true,"href":"https:\/\/boutique-one-piece.com\/pt\/wp-json\/wp\/v2\/product_cat?post=8578"},{"taxonomy":"product_tag","embeddable":true,"href":"https:\/\/boutique-one-piece.com\/pt\/wp-json\/wp\/v2\/product_tag?post=8578"}],"curies":[{"name":"wp","href":"https:\/\/api.w.org\/{rel}","templated":true}]}}