{"id":8638,"date":"2022-09-27T20:14:12","date_gmt":"2022-09-27T20:14:12","guid":{"rendered":"https:\/\/boutique-one-piece.com\/uncategorized\/peluche-chopper-kawai\/"},"modified":"2026-03-26T21:31:45","modified_gmt":"2026-03-26T21:31:45","slug":"pelucia-kawaii-do-chopper","status":"publish","type":"product","link":"https:\/\/boutique-one-piece.com\/pt\/produtos-de-one-piece\/tony-goodies-tony-chopper-one-piece\/pelucia-kawaii-do-chopper\/","title":{"rendered":"Pel\u00facia Kawaii Chopper"},"content":{"rendered":"<h2>Jovem pirata, deixe-se encantar por este Chopper de pel\u00facia kawaii.<\/h2>\n<p>S\u00f3 para lembrar, <strong>Chopper<\/strong> est le docteur de l\u2019\u00c9quipage du Chapeau de Paille. D\u2019ailleurs, tu peux retrouver la <a href=\"https:\/\/boutique-one-piece.com\/pt\/pelucia-do-chopper-para-cosplay-do-luffy\/\" title=\"Pel\u00facia Cosplay de Chopper Luffy\" target=\"_blank\" rel=\"noopener\">Pel\u00facia do Chopper para cosplay do Luffy<\/a>. Ceci \u00e9tant dit, son r\u00eave est de r\u00e9aliser le r\u00eave de son d\u00e9funt mentor. En effet, la croyance d\u2019<strong>Hiluluk<\/strong>, dit qu\u2019il n\u2019y a aucune maladie incurable et que devenir un m\u00e9decin qui peut gu\u00e9rir toute maladie est possible.<\/p>\n<p>\u00c0 cette fin, sa nature enfantine dispara\u00eet chaque fois que ses comp\u00e9tences sont n\u00e9cessaires ; il ne craint pas le moins du monde dans toutes les actions concernant le bien-\u00eatre de ses patients. Enfin, il est le sixi\u00e8me membre de\u00a0l\u2019\u00e9quipage, mais le cinqui\u00e8me \u00e0 se joindre \u00e0 avoir rejoint les rangs.<\/p>\n<h3>Alors, conquis par la peluche de Chopper dans sa version Kawai ? Comment ne pas l\u2019\u00eatre ? Il ne te reste plus qu\u2019\u00e0 adopter le gentil Tony Tony Chopper.<\/h3>\n<p><strong>Uma peda\u00e7o<\/strong> est le manga le plus vendu au monde. Il ne tient qu\u2019\u00e0 toi de rejoindre l\u2019univers fantastique de Luffy. Ces objets mythiques te plongeront ou te replongeront au sein de ton univers favori. Parfaits pour offrir, collectionner ou t\u2019amuser, ces objets sont forc\u00e9ment faits pour toi. Alors, saute sur l\u2019occasion d\u2019embarquer \u00e0 bord du <strong>Mil Sol<\/strong>, l\u2019\u00c9quipage au Chapeau de Paille t\u2019y attend.<\/p>\n<h2>Informa\u00e7\u00f5es sobre o boneco de pel\u00facia do Chopper de One Piece:<\/h2>\n<ul>\n<li>\u00a0<b>Tipo de produto<\/b><span>\u00a0<\/span>brinquedo de pel\u00facia do mang\u00e1 One Piece<\/li>\n<\/ul>\n<ul>\n<li>\n<b>Uso do Peluce<\/b>\u00a0Brinquedos, decora\u00e7\u00f5es, itens de colecionador, presentes<\/li>\n<\/ul>\n<ul>\n<li>\n<b>Nome do personagem<\/b>\u00a0Tony Chopper<\/li>\n<\/ul>\n<ul>\n<li>\n<b>tamanho do brinquedo de pel\u00facia<\/b>\u00a025 ou 30 cent\u00edmetros<\/li>\n<\/ul>\n<ul>\n<li>\n<b>Mat\u00e9ria<\/b>\u00a0: Algod\u00e3o<\/li>\n<\/ul>\n<ul>\n<li>\n<b>Idade recomendada<\/b>\u00a0: mais de 3 anos<\/li>\n<\/ul>\n<ul>\n<li>\n<b>Entrega gr\u00e1tis<\/b> para qualquer compra<\/li>\n<\/ul>","protected":false},"excerpt":{"rendered":"<p>Jeune pirate, laisse-toi attendrir par cette Peluche Chopper Kawai. Pour rappel, Chopper est le docteur de l\u2019\u00c9quipage du Chapeau de Paille. D\u2019ailleurs, tu peux retrouver la peluche Chopper cosplay Luffy. Ceci \u00e9tant dit, son r\u00eave est de r\u00e9aliser le r\u00eave de son d\u00e9funt mentor. En effet, la croyance d\u2019Hiluluk, dit qu\u2019il n\u2019y a aucune maladie [&hellip;]<\/p>","protected":false},"featured_media":8640,"comment_status":"open","ping_status":"open","template":"","meta":[],"product_brand":[],"product_cat":[163,177],"product_tag":[165],"class_list":{"0":"post-8638","1":"product","2":"type-product","3":"status-publish","4":"has-post-thumbnail","6":"product_cat-goodies-tony-tony-chopper-one-piece","7":"product_cat-peluches-one-piece","8":"product_tag-chopper","10":"first","11":"outofstock","12":"purchasable","13":"product-type-simple"},"yoast_head":"<!-- This site is optimized with the Yoast SEO plugin v27.5 - https:\/\/yoast.com\/product\/yoast-seo-wordpress\/ -->\n<title>Peluche Chopper Kawai | Boutique One Piece<\/title>\n<meta name=\"description\" content=\"D\u00e9couvrez la peluche One Piece Tony Chopper Kawai, elle est aussi douce que mignonne ! Commencez votre aventure de pirate \u00e0 la recherche du One Piece dans l&#039;\u00e9quipage du Chapeau de Paille\" \/>\n<meta name=\"robots\" content=\"index, follow, max-snippet:-1, max-image-preview:large, max-video-preview:-1\" \/>\n<link rel=\"canonical\" href=\"https:\/\/boutique-one-piece.com\/pt\/produtos-de-one-piece\/tony-goodies-tony-chopper-one-piece\/pelucia-kawaii-do-chopper\/\" \/>\n<meta property=\"og:locale\" content=\"pt_PT\" \/>\n<meta property=\"og:type\" content=\"article\" \/>\n<meta property=\"og:title\" content=\"Peluche Chopper Kawai | Boutique One Piece\" \/>\n<meta property=\"og:description\" content=\"D\u00e9couvrez la peluche One Piece Tony Chopper Kawai, elle est aussi douce que mignonne ! Commencez votre aventure de pirate \u00e0 la recherche du One Piece dans l&#039;\u00e9quipage du Chapeau de Paille\" \/>\n<meta property=\"og:url\" content=\"https:\/\/boutique-one-piece.com\/pt\/produtos-de-one-piece\/tony-goodies-tony-chopper-one-piece\/pelucia-kawaii-do-chopper\/\" \/>\n<meta property=\"og:site_name\" content=\"Boutique One Piece\" \/>\n<meta property=\"article:modified_time\" content=\"2026-03-26T21:31:45+00:00\" \/>\n<meta property=\"og:image\" content=\"https:\/\/boutique-one-piece.com\/wp-content\/uploads\/2022\/09\/Peluche-Chopper-Kawai-1.png\" \/>\n\t<meta property=\"og:image:width\" content=\"500\" \/>\n\t<meta property=\"og:image:height\" content=\"500\" \/>\n\t<meta property=\"og:image:type\" content=\"image\/png\" \/>\n<meta name=\"twitter:card\" content=\"summary_large_image\" \/>\n<meta name=\"twitter:label1\" content=\"Tempo estimado de leitura\" \/>\n\t<meta name=\"twitter:data1\" content=\"2 minutos\" \/>\n<script type=\"application\/ld+json\" class=\"yoast-schema-graph\">{\"@context\":\"https:\\\/\\\/schema.org\",\"@graph\":[{\"@type\":\"WebPage\",\"@id\":\"https:\\\/\\\/boutique-one-piece.com\\\/goodies-one-piece\\\/goodies-tony-tony-chopper-one-piece\\\/peluche-chopper-kawai\\\/\",\"url\":\"https:\\\/\\\/boutique-one-piece.com\\\/goodies-one-piece\\\/goodies-tony-tony-chopper-one-piece\\\/peluche-chopper-kawai\\\/\",\"name\":\"Peluche Chopper Kawai | Boutique One Piece\",\"isPartOf\":{\"@id\":\"https:\\\/\\\/boutique-one-piece.com\\\/#website\"},\"primaryImageOfPage\":{\"@id\":\"https:\\\/\\\/boutique-one-piece.com\\\/goodies-one-piece\\\/goodies-tony-tony-chopper-one-piece\\\/peluche-chopper-kawai\\\/#primaryimage\"},\"image\":{\"@id\":\"https:\\\/\\\/boutique-one-piece.com\\\/goodies-one-piece\\\/goodies-tony-tony-chopper-one-piece\\\/peluche-chopper-kawai\\\/#primaryimage\"},\"thumbnailUrl\":\"https:\\\/\\\/boutique-one-piece.com\\\/wp-content\\\/uploads\\\/2022\\\/09\\\/Peluche-Chopper-Kawai-1.png\",\"datePublished\":\"2022-09-27T20:14:12+00:00\",\"dateModified\":\"2026-03-26T21:31:45+00:00\",\"description\":\"D\u00e9couvrez la peluche One Piece Tony Chopper Kawai, elle est aussi douce que mignonne ! Commencez votre aventure de pirate \u00e0 la recherche du One Piece dans l'\u00e9quipage du Chapeau de Paille\",\"breadcrumb\":{\"@id\":\"https:\\\/\\\/boutique-one-piece.com\\\/goodies-one-piece\\\/goodies-tony-tony-chopper-one-piece\\\/peluche-chopper-kawai\\\/#breadcrumb\"},\"inLanguage\":\"pt-PT\",\"potentialAction\":[{\"@type\":\"ReadAction\",\"target\":[\"https:\\\/\\\/boutique-one-piece.com\\\/goodies-one-piece\\\/goodies-tony-tony-chopper-one-piece\\\/peluche-chopper-kawai\\\/\"]}]},{\"@type\":\"ImageObject\",\"inLanguage\":\"pt-PT\",\"@id\":\"https:\\\/\\\/boutique-one-piece.com\\\/goodies-one-piece\\\/goodies-tony-tony-chopper-one-piece\\\/peluche-chopper-kawai\\\/#primaryimage\",\"url\":\"https:\\\/\\\/boutique-one-piece.com\\\/wp-content\\\/uploads\\\/2022\\\/09\\\/Peluche-Chopper-Kawai-1.png\",\"contentUrl\":\"https:\\\/\\\/boutique-one-piece.com\\\/wp-content\\\/uploads\\\/2022\\\/09\\\/Peluche-Chopper-Kawai-1.png\",\"width\":500,\"height\":500},{\"@type\":\"BreadcrumbList\",\"@id\":\"https:\\\/\\\/boutique-one-piece.com\\\/goodies-one-piece\\\/goodies-tony-tony-chopper-one-piece\\\/peluche-chopper-kawai\\\/#breadcrumb\",\"itemListElement\":[{\"@type\":\"ListItem\",\"position\":1,\"name\":\"Home\",\"item\":\"https:\\\/\\\/boutique-one-piece.com\\\/\"},{\"@type\":\"ListItem\",\"position\":2,\"name\":\"Shop\",\"item\":\"https:\\\/\\\/boutique-one-piece.com\\\/shop\\\/\"},{\"@type\":\"ListItem\",\"position\":3,\"name\":\"Peluche Chopper Kawai\"}]},{\"@type\":\"WebSite\",\"@id\":\"https:\\\/\\\/boutique-one-piece.com\\\/#website\",\"url\":\"https:\\\/\\\/boutique-one-piece.com\\\/\",\"name\":\"Boutique One Piece\",\"description\":\"Magasin Sp\u00e9cialis\u00e9 du Manga et l&#039;Anime One Piece\",\"publisher\":{\"@id\":\"https:\\\/\\\/boutique-one-piece.com\\\/#organization\"},\"potentialAction\":[{\"@type\":\"SearchAction\",\"target\":{\"@type\":\"EntryPoint\",\"urlTemplate\":\"https:\\\/\\\/boutique-one-piece.com\\\/?s={search_term_string}\"},\"query-input\":{\"@type\":\"PropertyValueSpecification\",\"valueRequired\":true,\"valueName\":\"search_term_string\"}}],\"inLanguage\":\"pt-PT\"},{\"@type\":\"Organization\",\"@id\":\"https:\\\/\\\/boutique-one-piece.com\\\/#organization\",\"name\":\"Boutique One Piece\",\"url\":\"https:\\\/\\\/boutique-one-piece.com\\\/\",\"logo\":{\"@type\":\"ImageObject\",\"inLanguage\":\"pt-PT\",\"@id\":\"https:\\\/\\\/boutique-one-piece.com\\\/#\\\/schema\\\/logo\\\/image\\\/\",\"url\":\"https:\\\/\\\/boutique-one-piece.com\\\/wp-content\\\/uploads\\\/2022\\\/09\\\/Logo-01.png\",\"contentUrl\":\"https:\\\/\\\/boutique-one-piece.com\\\/wp-content\\\/uploads\\\/2022\\\/09\\\/Logo-01.png\",\"width\":2318,\"height\":957,\"caption\":\"Boutique One Piece\"},\"image\":{\"@id\":\"https:\\\/\\\/boutique-one-piece.com\\\/#\\\/schema\\\/logo\\\/image\\\/\"}}]}<\/script>\n<!-- \/ Yoast SEO plugin. -->","yoast_head_json":{"title":"Pel\u00facia Kawai Chopper | Loja One Piece","description":"Descubra o pel\u00facia kawaii do Tony Chopper de One Piece \u2013 t\u00e3o macio quanto fofo! Comece sua aventura pirata em busca do One Piece com a tripula\u00e7\u00e3o do Chap\u00e9u de Palha.","robots":{"index":"index","follow":"follow","max-snippet":"max-snippet:-1","max-image-preview":"max-image-preview:large","max-video-preview":"max-video-preview:-1"},"canonical":"https:\/\/boutique-one-piece.com\/pt\/produtos-de-one-piece\/tony-goodies-tony-chopper-one-piece\/pelucia-kawaii-do-chopper\/","og_locale":"pt_PT","og_type":"article","og_title":"Peluche Chopper Kawai | Boutique One Piece","og_description":"D\u00e9couvrez la peluche One Piece Tony Chopper Kawai, elle est aussi douce que mignonne ! Commencez votre aventure de pirate \u00e0 la recherche du One Piece dans l'\u00e9quipage du Chapeau de Paille","og_url":"https:\/\/boutique-one-piece.com\/pt\/produtos-de-one-piece\/tony-goodies-tony-chopper-one-piece\/pelucia-kawaii-do-chopper\/","og_site_name":"Boutique One Piece","article_modified_time":"2026-03-26T21:31:45+00:00","og_image":[{"width":500,"height":500,"url":"https:\/\/boutique-one-piece.com\/wp-content\/uploads\/2022\/09\/Peluche-Chopper-Kawai-1.png","type":"image\/png"}],"twitter_card":"summary_large_image","twitter_misc":{"Tempo estimado de leitura":"2 minutos"},"schema":{"@context":"https:\/\/schema.org","@graph":[{"@type":"WebPage","@id":"https:\/\/boutique-one-piece.com\/goodies-one-piece\/goodies-tony-tony-chopper-one-piece\/peluche-chopper-kawai\/","url":"https:\/\/boutique-one-piece.com\/goodies-one-piece\/goodies-tony-tony-chopper-one-piece\/peluche-chopper-kawai\/","name":"Pel\u00facia Kawai Chopper | Loja One Piece","isPartOf":{"@id":"https:\/\/boutique-one-piece.com\/#website"},"primaryImageOfPage":{"@id":"https:\/\/boutique-one-piece.com\/goodies-one-piece\/goodies-tony-tony-chopper-one-piece\/peluche-chopper-kawai\/#primaryimage"},"image":{"@id":"https:\/\/boutique-one-piece.com\/goodies-one-piece\/goodies-tony-tony-chopper-one-piece\/peluche-chopper-kawai\/#primaryimage"},"thumbnailUrl":"https:\/\/boutique-one-piece.com\/wp-content\/uploads\/2022\/09\/Peluche-Chopper-Kawai-1.png","datePublished":"2022-09-27T20:14:12+00:00","dateModified":"2026-03-26T21:31:45+00:00","description":"Descubra o pel\u00facia kawaii do Tony Chopper de One Piece \u2013 t\u00e3o macio quanto fofo! Comece sua aventura pirata em busca do One Piece com a tripula\u00e7\u00e3o do Chap\u00e9u de Palha.","breadcrumb":{"@id":"https:\/\/boutique-one-piece.com\/goodies-one-piece\/goodies-tony-tony-chopper-one-piece\/peluche-chopper-kawai\/#breadcrumb"},"inLanguage":"pt-PT","potentialAction":[{"@type":"ReadAction","target":["https:\/\/boutique-one-piece.com\/goodies-one-piece\/goodies-tony-tony-chopper-one-piece\/peluche-chopper-kawai\/"]}]},{"@type":"ImageObject","inLanguage":"pt-PT","@id":"https:\/\/boutique-one-piece.com\/goodies-one-piece\/goodies-tony-tony-chopper-one-piece\/peluche-chopper-kawai\/#primaryimage","url":"https:\/\/boutique-one-piece.com\/wp-content\/uploads\/2022\/09\/Peluche-Chopper-Kawai-1.png","contentUrl":"https:\/\/boutique-one-piece.com\/wp-content\/uploads\/2022\/09\/Peluche-Chopper-Kawai-1.png","width":500,"height":500},{"@type":"BreadcrumbList","@id":"https:\/\/boutique-one-piece.com\/goodies-one-piece\/goodies-tony-tony-chopper-one-piece\/peluche-chopper-kawai\/#breadcrumb","itemListElement":[{"@type":"ListItem","position":1,"name":"Home","item":"https:\/\/boutique-one-piece.com\/"},{"@type":"ListItem","position":2,"name":"Shop","item":"https:\/\/boutique-one-piece.com\/shop\/"},{"@type":"ListItem","position":3,"name":"Peluche Chopper Kawai"}]},{"@type":"WebSite","@id":"https:\/\/boutique-one-piece.com\/#website","url":"https:\/\/boutique-one-piece.com\/","name":"Loja One Piece","description":"Loja especializada em mang\u00e1 e anime de One Piece.","publisher":{"@id":"https:\/\/boutique-one-piece.com\/#organization"},"potentialAction":[{"@type":"SearchAction","target":{"@type":"EntryPoint","urlTemplate":"https:\/\/boutique-one-piece.com\/?s={search_term_string}"},"query-input":{"@type":"PropertyValueSpecification","valueRequired":true,"valueName":"search_term_string"}}],"inLanguage":"pt-PT"},{"@type":"Organization","@id":"https:\/\/boutique-one-piece.com\/#organization","name":"Loja One Piece","url":"https:\/\/boutique-one-piece.com\/","logo":{"@type":"ImageObject","inLanguage":"pt-PT","@id":"https:\/\/boutique-one-piece.com\/#\/schema\/logo\/image\/","url":"https:\/\/boutique-one-piece.com\/wp-content\/uploads\/2022\/09\/Logo-01.png","contentUrl":"https:\/\/boutique-one-piece.com\/wp-content\/uploads\/2022\/09\/Logo-01.png","width":2318,"height":957,"caption":"Boutique One Piece"},"image":{"@id":"https:\/\/boutique-one-piece.com\/#\/schema\/logo\/image\/"}}]}},"_links":{"self":[{"href":"https:\/\/boutique-one-piece.com\/pt\/wp-json\/wp\/v2\/product\/8638","targetHints":{"allow":["GET"]}}],"collection":[{"href":"https:\/\/boutique-one-piece.com\/pt\/wp-json\/wp\/v2\/product"}],"about":[{"href":"https:\/\/boutique-one-piece.com\/pt\/wp-json\/wp\/v2\/types\/product"}],"replies":[{"embeddable":true,"href":"https:\/\/boutique-one-piece.com\/pt\/wp-json\/wp\/v2\/comments?post=8638"}],"wp:featuredmedia":[{"embeddable":true,"href":"https:\/\/boutique-one-piece.com\/pt\/wp-json\/wp\/v2\/media\/8640"}],"wp:attachment":[{"href":"https:\/\/boutique-one-piece.com\/pt\/wp-json\/wp\/v2\/media?parent=8638"}],"wp:term":[{"taxonomy":"product_brand","embeddable":true,"href":"https:\/\/boutique-one-piece.com\/pt\/wp-json\/wp\/v2\/product_brand?post=8638"},{"taxonomy":"product_cat","embeddable":true,"href":"https:\/\/boutique-one-piece.com\/pt\/wp-json\/wp\/v2\/product_cat?post=8638"},{"taxonomy":"product_tag","embeddable":true,"href":"https:\/\/boutique-one-piece.com\/pt\/wp-json\/wp\/v2\/product_tag?post=8638"}],"curies":[{"name":"wp","href":"https:\/\/api.w.org\/{rel}","templated":true}]}}