{"id":9147,"date":"2022-09-27T20:17:47","date_gmt":"2022-09-27T20:17:47","guid":{"rendered":"https:\/\/boutique-one-piece.com\/uncategorized\/puzzle-1000-pieeces-one-piece-jinbe\/"},"modified":"2024-09-16T11:36:16","modified_gmt":"2024-09-16T11:36:16","slug":"quebra-cabeca-de-1000-pecas-one-piece-jinbe","status":"publish","type":"product","link":"https:\/\/boutique-one-piece.com\/pt\/quebra-cabecas-de-one-piece\/quebra-cabeca-de-1000-pecas-one-piece-jinbe\/","title":{"rendered":"Quebra-cabe\u00e7a de 1000 pe\u00e7as One Piece Jinbe"},"content":{"rendered":"<p><meta charset=\"utf-8\"><\/p>\n<h2>\n<b>Quebra-cabe\u00e7a impresso de 1000 pe\u00e7as de One Piece apresentando Jinbe, o antigo Shichibukai, que se juntou oficialmente aos Piratas do Chap\u00e9u de Palha.<\/b><b>,\u00a0<\/b>Um jogo incr\u00edvel para um pirata como voc\u00ea!<\/h2>\n<p>Se voc\u00ea \u00e9 um\u00a0<strong>pirata de verdade<\/strong>,\u00a0<strong>pequeno<\/strong>\u00a0Ou\u00a0<strong>grande<\/strong>,Voc\u00ea vai gostar disso.<span>\u00a0<\/span>l\u00e1\u00a0<strong>qualidade<\/strong>\u00a0do\u00a0<strong>pe\u00e7as de madeira<\/strong>, do\u00a0<strong>pintar<\/strong>\u00a0E\u00a0<strong>Impress\u00e3o 3D<\/strong>\u00a0disso\u00a0<strong>Quebra-cabe\u00e7a de 1000 pe\u00e7as de One Piece<\/strong>\u00a0Mas o mais importante \u00e9 que, com este jogo de quebra-cabe\u00e7a, voc\u00ea far\u00e1 parte de\u00a0<strong>a equipe de f\u00e3s<\/strong>\u00a0de\u00a0<strong>mang\u00e1 de piratas<\/strong>\u00a0e voc\u00ea obter\u00e1:<\/p>\n<ul>\n<li>\u00a0<strong>Admira\u00e7\u00e3o<\/strong>\u00a0de todos os f\u00e3s de\u00a0<strong>Mugiwara<\/strong>\u00a0que voc\u00ea convidar\u00e1 para brincar na sua casa<\/li>\n<\/ul>\n<ul>\n<li>Um verdadeiro\u00a0<strong>quebra-cabe\u00e7a impresso<\/strong>\u00a0com o qual voc\u00ea pode<strong>\u00a0divirta-se<\/strong><span>\u00a0<\/span>reunir todas as pe\u00e7as para<strong>\u00a0Apresentando Jinbe, o Paladino dos Mares<\/strong>\n<\/li>\n<\/ul>\n<p>\u00a0Ent\u00e3o, pronto para<span>\u00a0<\/span><strong>jogar<\/strong><span>\u00a0<\/span>com um jogo<span>\u00a0<\/span><strong>Uma peda\u00e7o<\/strong>\u00a0?<\/p>\n<h2>Voc\u00ea \u00e9 f\u00e3 do mang\u00e1 ou anime One Piece? Mostre isso com isto!<span>\u00a0<\/span>Quebra-cabe\u00e7a de 1000 pe\u00e7as de One Piece!<\/h2>\n<p>Se voc\u00ea\u00a0<strong>ler<\/strong>\u00a0ou onde quer que voc\u00ea olhe\u00a0<strong>o anime\u00a0<\/strong><strong>japon\u00eas<\/strong>, \u00c9 bem prov\u00e1vel que voc\u00ea tenha se tornado\u00a0<strong>Sou louco por One Piece.<\/strong>\u00a0Com isto!\u00a0<strong>Quebra-cabe\u00e7a de 1000 pe\u00e7as do Jinbe de One Piece<\/strong>, junte-se ao\u2019<strong>equipe de f\u00e3s da franquia<\/strong><\/p>\n<h2><strong>Informa\u00e7\u00f5es sobre o quebra-cabe\u00e7a:<\/strong><\/h2>\n<ul>\n<li>\n<strong>Quebra-cabe\u00e7a impresso de alta qualidade\u00a0<\/strong>As pe\u00e7as s\u00e3o feitas de madeira.<\/li>\n<\/ul>\n<ul>\n<li>\n<strong>Quebra-cabe\u00e7a Ultra Design<\/strong>\u00a0Este quebra-cabe\u00e7a de 1000 pe\u00e7as fica absolutamente lindo depois de montado.\u00a0<strong>finalizado<\/strong>\u00a0Voc\u00ea pode us\u00e1-lo como\u00a0<strong>pintura<\/strong>, Os f\u00e3s simplesmente adoram.<\/li>\n<\/ul>\n<ul>\n<li>\n<strong>Cor e Impress\u00e3o\u00a0<\/strong>Quebra-cabe\u00e7a de One Piece com estampa\u00a0<strong>Tela<\/strong>\u00a0a refer\u00eancia em impress\u00e3o<\/li>\n<\/ul>\n<ul>\n<li>\n<strong>Dificuldade m\u00e9dia<\/strong>\u00a0: perfeitamente adequado para crian\u00e7as a partir de\u00a0<strong>6 anos<\/strong>. Antes dessa idade, o\u00a0<strong>monitoramento<\/strong>\u00a0de um\u00a0<strong>adulto<\/strong>\u00a0Leste\u00a0<strong>recomendado<\/strong>\n<\/li>\n<\/ul>\n<ul>\n<li>\n<strong>Para crian\u00e7as e adultos<\/strong>\u00a0Esta \u00e9 uma boa oportunidade para fazer um\u00a0<strong>atividade divertida<\/strong>\u00a0E\u00a0<strong>excitante<\/strong>\u00a0com o seu\u00a0<strong>crian\u00e7a<\/strong>\u00a0ou com o seu\u00a0<strong>pais<\/strong>\n<\/li>\n<\/ul>\n<ul>\n<li>\n<strong>Dimens\u00e3o\u00a0<\/strong>: altura\u00a0<strong>50 cm<\/strong>, largura\u00a0<strong>75 cm<\/strong>, grossura\u00a0<strong>2 mm<\/strong>\n<\/li>\n<\/ul>\n<ul>\n<li>\n<strong>Entrega gr\u00e1tis\u00a0<\/strong>para qualquer compra<\/li>\n<\/ul>\n<h2><b><img fetchpriority=\"high\" decoding=\"async\" src=\"https:\/\/cdn.shopify.com\/s\/files\/1\/0087\/7556\/5348\/files\/puzzle_one_piece_1000_pieces_en_bois_large.jpg?v=1561382263\" alt=\"Jogo de madeira One Piece\" width=\"287\" height=\"283\"><\/b><\/h2>\n<ul><\/ul>","protected":false},"excerpt":{"rendered":"<p>Quebra-cabe\u00e7a impresso de 1000 pe\u00e7as de One Piece com Jinbe, o antigo Shichibukai. Ele se juntou oficialmente aos Piratas do Chap\u00e9u de Palha! Um \u00f3timo jogo para um pirata como voc\u00ea! Se voc\u00ea \u00e9 um verdadeiro pirata, jovem ou velho, vai apreciar a qualidade das pe\u00e7as de madeira, a pintura e a impress\u00e3o 3D deste quebra-cabe\u00e7a de 1000 pe\u00e7as de One Piece! Mas o mais importante \u00e9 que, com este quebra-cabe\u00e7a, voc\u00ea far\u00e1 parte da tripula\u00e7\u00e3o de f\u00e3s do mang\u00e1 de piratas e poder\u00e1 [\u2026]<\/p>","protected":false},"featured_media":9149,"comment_status":"open","ping_status":"open","template":"","meta":[],"product_brand":[],"product_cat":[197],"product_tag":[274,203],"class_list":{"0":"post-9147","1":"product","2":"type-product","3":"status-publish","4":"has-post-thumbnail","6":"product_cat-puzzles-one-piece","7":"product_tag-jinbe","8":"product_tag-puzzle-1000-pieces","10":"first","11":"instock","12":"purchasable","13":"product-type-simple"},"yoast_head":"<!-- This site is optimized with the Yoast SEO plugin v27.5 - https:\/\/yoast.com\/product\/yoast-seo-wordpress\/ -->\n<title>Puzzle 1000 Pi\u00e8eces One Piece Jinbe | Boutique One Piece<\/title>\n<meta name=\"description\" content=\"Puzzle Imprim\u00e9 1000 Pi\u00e8ces One Piece avec Jinbe Ancien Grand Corssaire, Il a Officiellement Rejoint l&#039;\u00c9quipage des Mugiwara Jeux Puzzle de Tr\u00e8s Haute Qualit\u00e9\" \/>\n<meta name=\"robots\" content=\"index, follow, max-snippet:-1, max-image-preview:large, max-video-preview:-1\" \/>\n<link rel=\"canonical\" href=\"https:\/\/boutique-one-piece.com\/pt\/quebra-cabecas-de-one-piece\/quebra-cabeca-de-1000-pecas-one-piece-jinbe\/\" \/>\n<meta property=\"og:locale\" content=\"pt_PT\" \/>\n<meta property=\"og:type\" content=\"article\" \/>\n<meta property=\"og:title\" content=\"Puzzle 1000 Pi\u00e8eces One Piece Jinbe | Boutique One Piece\" \/>\n<meta property=\"og:description\" content=\"Puzzle Imprim\u00e9 1000 Pi\u00e8ces One Piece avec Jinbe Ancien Grand Corssaire, Il a Officiellement Rejoint l&#039;\u00c9quipage des Mugiwara Jeux Puzzle de Tr\u00e8s Haute Qualit\u00e9\" \/>\n<meta property=\"og:url\" content=\"https:\/\/boutique-one-piece.com\/pt\/quebra-cabecas-de-one-piece\/quebra-cabeca-de-1000-pecas-one-piece-jinbe\/\" \/>\n<meta property=\"og:site_name\" content=\"Boutique One Piece\" \/>\n<meta property=\"article:modified_time\" content=\"2024-09-16T11:36:16+00:00\" \/>\n<meta property=\"og:image\" content=\"https:\/\/boutique-one-piece.com\/wp-content\/uploads\/2022\/09\/Puzzle-1000-Pieeces-One-Piece-Jinbe-1.jpg\" \/>\n\t<meta property=\"og:image:width\" content=\"599\" \/>\n\t<meta property=\"og:image:height\" content=\"399\" \/>\n\t<meta property=\"og:image:type\" content=\"image\/jpeg\" \/>\n<meta name=\"twitter:card\" content=\"summary_large_image\" \/>\n<meta name=\"twitter:label1\" content=\"Tempo estimado de leitura\" \/>\n\t<meta name=\"twitter:data1\" content=\"2 minutos\" \/>\n<script type=\"application\/ld+json\" class=\"yoast-schema-graph\">{\"@context\":\"https:\\\/\\\/schema.org\",\"@graph\":[{\"@type\":\"WebPage\",\"@id\":\"https:\\\/\\\/boutique-one-piece.com\\\/puzzles-one-piece\\\/puzzle-1000-pieeces-one-piece-jinbe\\\/\",\"url\":\"https:\\\/\\\/boutique-one-piece.com\\\/puzzles-one-piece\\\/puzzle-1000-pieeces-one-piece-jinbe\\\/\",\"name\":\"Puzzle 1000 Pi\u00e8eces One Piece Jinbe | Boutique One Piece\",\"isPartOf\":{\"@id\":\"https:\\\/\\\/boutique-one-piece.com\\\/#website\"},\"primaryImageOfPage\":{\"@id\":\"https:\\\/\\\/boutique-one-piece.com\\\/puzzles-one-piece\\\/puzzle-1000-pieeces-one-piece-jinbe\\\/#primaryimage\"},\"image\":{\"@id\":\"https:\\\/\\\/boutique-one-piece.com\\\/puzzles-one-piece\\\/puzzle-1000-pieeces-one-piece-jinbe\\\/#primaryimage\"},\"thumbnailUrl\":\"https:\\\/\\\/boutique-one-piece.com\\\/wp-content\\\/uploads\\\/2022\\\/09\\\/Puzzle-1000-Pieeces-One-Piece-Jinbe-1.jpg\",\"datePublished\":\"2022-09-27T20:17:47+00:00\",\"dateModified\":\"2024-09-16T11:36:16+00:00\",\"description\":\"Puzzle Imprim\u00e9 1000 Pi\u00e8ces One Piece avec Jinbe Ancien Grand Corssaire, Il a Officiellement Rejoint l'\u00c9quipage des Mugiwara Jeux Puzzle de Tr\u00e8s Haute Qualit\u00e9\",\"breadcrumb\":{\"@id\":\"https:\\\/\\\/boutique-one-piece.com\\\/puzzles-one-piece\\\/puzzle-1000-pieeces-one-piece-jinbe\\\/#breadcrumb\"},\"inLanguage\":\"pt-PT\",\"potentialAction\":[{\"@type\":\"ReadAction\",\"target\":[\"https:\\\/\\\/boutique-one-piece.com\\\/puzzles-one-piece\\\/puzzle-1000-pieeces-one-piece-jinbe\\\/\"]}]},{\"@type\":\"ImageObject\",\"inLanguage\":\"pt-PT\",\"@id\":\"https:\\\/\\\/boutique-one-piece.com\\\/puzzles-one-piece\\\/puzzle-1000-pieeces-one-piece-jinbe\\\/#primaryimage\",\"url\":\"https:\\\/\\\/boutique-one-piece.com\\\/wp-content\\\/uploads\\\/2022\\\/09\\\/Puzzle-1000-Pieeces-One-Piece-Jinbe-1.jpg\",\"contentUrl\":\"https:\\\/\\\/boutique-one-piece.com\\\/wp-content\\\/uploads\\\/2022\\\/09\\\/Puzzle-1000-Pieeces-One-Piece-Jinbe-1.jpg\",\"width\":599,\"height\":399},{\"@type\":\"BreadcrumbList\",\"@id\":\"https:\\\/\\\/boutique-one-piece.com\\\/puzzles-one-piece\\\/puzzle-1000-pieeces-one-piece-jinbe\\\/#breadcrumb\",\"itemListElement\":[{\"@type\":\"ListItem\",\"position\":1,\"name\":\"Home\",\"item\":\"https:\\\/\\\/boutique-one-piece.com\\\/\"},{\"@type\":\"ListItem\",\"position\":2,\"name\":\"Shop\",\"item\":\"https:\\\/\\\/boutique-one-piece.com\\\/shop\\\/\"},{\"@type\":\"ListItem\",\"position\":3,\"name\":\"Puzzle 1000 Pi\u00e8eces One Piece Jinbe\"}]},{\"@type\":\"WebSite\",\"@id\":\"https:\\\/\\\/boutique-one-piece.com\\\/#website\",\"url\":\"https:\\\/\\\/boutique-one-piece.com\\\/\",\"name\":\"Boutique One Piece\",\"description\":\"Magasin Sp\u00e9cialis\u00e9 du Manga et l&#039;Anime One Piece\",\"publisher\":{\"@id\":\"https:\\\/\\\/boutique-one-piece.com\\\/#organization\"},\"potentialAction\":[{\"@type\":\"SearchAction\",\"target\":{\"@type\":\"EntryPoint\",\"urlTemplate\":\"https:\\\/\\\/boutique-one-piece.com\\\/?s={search_term_string}\"},\"query-input\":{\"@type\":\"PropertyValueSpecification\",\"valueRequired\":true,\"valueName\":\"search_term_string\"}}],\"inLanguage\":\"pt-PT\"},{\"@type\":\"Organization\",\"@id\":\"https:\\\/\\\/boutique-one-piece.com\\\/#organization\",\"name\":\"Boutique One Piece\",\"url\":\"https:\\\/\\\/boutique-one-piece.com\\\/\",\"logo\":{\"@type\":\"ImageObject\",\"inLanguage\":\"pt-PT\",\"@id\":\"https:\\\/\\\/boutique-one-piece.com\\\/#\\\/schema\\\/logo\\\/image\\\/\",\"url\":\"https:\\\/\\\/boutique-one-piece.com\\\/wp-content\\\/uploads\\\/2022\\\/09\\\/Logo-01.png\",\"contentUrl\":\"https:\\\/\\\/boutique-one-piece.com\\\/wp-content\\\/uploads\\\/2022\\\/09\\\/Logo-01.png\",\"width\":2318,\"height\":957,\"caption\":\"Boutique One Piece\"},\"image\":{\"@id\":\"https:\\\/\\\/boutique-one-piece.com\\\/#\\\/schema\\\/logo\\\/image\\\/\"}}]}<\/script>\n<!-- \/ Yoast SEO plugin. -->","yoast_head_json":{"title":"Quebra-cabe\u00e7a de 1000 pe\u00e7as do Jinbe de One Piece | Loja One Piece","description":"Quebra-cabe\u00e7a impresso de 1000 pe\u00e7as de One Piece com Jinbe, o antigo Shichibukai, que agora faz parte dos Piratas do Chap\u00e9u de Palha. Quebra-cabe\u00e7a de alt\u00edssima qualidade.","robots":{"index":"index","follow":"follow","max-snippet":"max-snippet:-1","max-image-preview":"max-image-preview:large","max-video-preview":"max-video-preview:-1"},"canonical":"https:\/\/boutique-one-piece.com\/pt\/quebra-cabecas-de-one-piece\/quebra-cabeca-de-1000-pecas-one-piece-jinbe\/","og_locale":"pt_PT","og_type":"article","og_title":"Puzzle 1000 Pi\u00e8eces One Piece Jinbe | Boutique One Piece","og_description":"Puzzle Imprim\u00e9 1000 Pi\u00e8ces One Piece avec Jinbe Ancien Grand Corssaire, Il a Officiellement Rejoint l'\u00c9quipage des Mugiwara Jeux Puzzle de Tr\u00e8s Haute Qualit\u00e9","og_url":"https:\/\/boutique-one-piece.com\/pt\/quebra-cabecas-de-one-piece\/quebra-cabeca-de-1000-pecas-one-piece-jinbe\/","og_site_name":"Boutique One Piece","article_modified_time":"2024-09-16T11:36:16+00:00","og_image":[{"width":599,"height":399,"url":"https:\/\/boutique-one-piece.com\/wp-content\/uploads\/2022\/09\/Puzzle-1000-Pieeces-One-Piece-Jinbe-1.jpg","type":"image\/jpeg"}],"twitter_card":"summary_large_image","twitter_misc":{"Tempo estimado de leitura":"2 minutos"},"schema":{"@context":"https:\/\/schema.org","@graph":[{"@type":"WebPage","@id":"https:\/\/boutique-one-piece.com\/puzzles-one-piece\/puzzle-1000-pieeces-one-piece-jinbe\/","url":"https:\/\/boutique-one-piece.com\/puzzles-one-piece\/puzzle-1000-pieeces-one-piece-jinbe\/","name":"Quebra-cabe\u00e7a de 1000 pe\u00e7as do Jinbe de One Piece | Loja One Piece","isPartOf":{"@id":"https:\/\/boutique-one-piece.com\/#website"},"primaryImageOfPage":{"@id":"https:\/\/boutique-one-piece.com\/puzzles-one-piece\/puzzle-1000-pieeces-one-piece-jinbe\/#primaryimage"},"image":{"@id":"https:\/\/boutique-one-piece.com\/puzzles-one-piece\/puzzle-1000-pieeces-one-piece-jinbe\/#primaryimage"},"thumbnailUrl":"https:\/\/boutique-one-piece.com\/wp-content\/uploads\/2022\/09\/Puzzle-1000-Pieeces-One-Piece-Jinbe-1.jpg","datePublished":"2022-09-27T20:17:47+00:00","dateModified":"2024-09-16T11:36:16+00:00","description":"Quebra-cabe\u00e7a impresso de 1000 pe\u00e7as de One Piece com Jinbe, o antigo Shichibukai, que agora faz parte dos Piratas do Chap\u00e9u de Palha. Quebra-cabe\u00e7a de alt\u00edssima qualidade.","breadcrumb":{"@id":"https:\/\/boutique-one-piece.com\/puzzles-one-piece\/puzzle-1000-pieeces-one-piece-jinbe\/#breadcrumb"},"inLanguage":"pt-PT","potentialAction":[{"@type":"ReadAction","target":["https:\/\/boutique-one-piece.com\/puzzles-one-piece\/puzzle-1000-pieeces-one-piece-jinbe\/"]}]},{"@type":"ImageObject","inLanguage":"pt-PT","@id":"https:\/\/boutique-one-piece.com\/puzzles-one-piece\/puzzle-1000-pieeces-one-piece-jinbe\/#primaryimage","url":"https:\/\/boutique-one-piece.com\/wp-content\/uploads\/2022\/09\/Puzzle-1000-Pieeces-One-Piece-Jinbe-1.jpg","contentUrl":"https:\/\/boutique-one-piece.com\/wp-content\/uploads\/2022\/09\/Puzzle-1000-Pieeces-One-Piece-Jinbe-1.jpg","width":599,"height":399},{"@type":"BreadcrumbList","@id":"https:\/\/boutique-one-piece.com\/puzzles-one-piece\/puzzle-1000-pieeces-one-piece-jinbe\/#breadcrumb","itemListElement":[{"@type":"ListItem","position":1,"name":"Home","item":"https:\/\/boutique-one-piece.com\/"},{"@type":"ListItem","position":2,"name":"Shop","item":"https:\/\/boutique-one-piece.com\/shop\/"},{"@type":"ListItem","position":3,"name":"Puzzle 1000 Pi\u00e8eces One Piece Jinbe"}]},{"@type":"WebSite","@id":"https:\/\/boutique-one-piece.com\/#website","url":"https:\/\/boutique-one-piece.com\/","name":"Loja One Piece","description":"Loja especializada em mang\u00e1 e anime de One Piece.","publisher":{"@id":"https:\/\/boutique-one-piece.com\/#organization"},"potentialAction":[{"@type":"SearchAction","target":{"@type":"EntryPoint","urlTemplate":"https:\/\/boutique-one-piece.com\/?s={search_term_string}"},"query-input":{"@type":"PropertyValueSpecification","valueRequired":true,"valueName":"search_term_string"}}],"inLanguage":"pt-PT"},{"@type":"Organization","@id":"https:\/\/boutique-one-piece.com\/#organization","name":"Loja One Piece","url":"https:\/\/boutique-one-piece.com\/","logo":{"@type":"ImageObject","inLanguage":"pt-PT","@id":"https:\/\/boutique-one-piece.com\/#\/schema\/logo\/image\/","url":"https:\/\/boutique-one-piece.com\/wp-content\/uploads\/2022\/09\/Logo-01.png","contentUrl":"https:\/\/boutique-one-piece.com\/wp-content\/uploads\/2022\/09\/Logo-01.png","width":2318,"height":957,"caption":"Boutique One Piece"},"image":{"@id":"https:\/\/boutique-one-piece.com\/#\/schema\/logo\/image\/"}}]}},"_links":{"self":[{"href":"https:\/\/boutique-one-piece.com\/pt\/wp-json\/wp\/v2\/product\/9147","targetHints":{"allow":["GET"]}}],"collection":[{"href":"https:\/\/boutique-one-piece.com\/pt\/wp-json\/wp\/v2\/product"}],"about":[{"href":"https:\/\/boutique-one-piece.com\/pt\/wp-json\/wp\/v2\/types\/product"}],"replies":[{"embeddable":true,"href":"https:\/\/boutique-one-piece.com\/pt\/wp-json\/wp\/v2\/comments?post=9147"}],"wp:featuredmedia":[{"embeddable":true,"href":"https:\/\/boutique-one-piece.com\/pt\/wp-json\/wp\/v2\/media\/9149"}],"wp:attachment":[{"href":"https:\/\/boutique-one-piece.com\/pt\/wp-json\/wp\/v2\/media?parent=9147"}],"wp:term":[{"taxonomy":"product_brand","embeddable":true,"href":"https:\/\/boutique-one-piece.com\/pt\/wp-json\/wp\/v2\/product_brand?post=9147"},{"taxonomy":"product_cat","embeddable":true,"href":"https:\/\/boutique-one-piece.com\/pt\/wp-json\/wp\/v2\/product_cat?post=9147"},{"taxonomy":"product_tag","embeddable":true,"href":"https:\/\/boutique-one-piece.com\/pt\/wp-json\/wp\/v2\/product_tag?post=9147"}],"curies":[{"name":"wp","href":"https:\/\/api.w.org\/{rel}","templated":true}]}}