{"id":9358,"date":"2022-09-27T20:19:24","date_gmt":"2022-09-27T20:19:24","guid":{"rendered":"https:\/\/boutique-one-piece.com\/uncategorized\/embleme-equipage-de-barbe-noire\/"},"modified":"2024-09-16T11:41:03","modified_gmt":"2024-09-16T11:41:03","slug":"emblema-da-tripulacao-do-barba-negra","status":"publish","type":"product","link":"https:\/\/boutique-one-piece.com\/pt\/decoracoes-de-one-piece\/bandeiras-de-one-piece\/emblema-da-tripulacao-do-barba-negra\/","title":{"rendered":"Emblema dos Piratas do Barba Negra"},"content":{"rendered":"<h2>Jovem Nakama, garanta j\u00e1 o seu emblema da tripula\u00e7\u00e3o do Barba Negra!.<\/h2>\n<p>Voc\u00ea deve saber que <strong>Marshall D. Teach<\/strong>, mais conhecido como Barba Negra, \u00e9 o Almirante dos Piratas do Barba Negra e atualmente \u00e9 um dos Quatro Imperadores. Este Almirante est\u00e1 disposto a tudo para conseguir o que quer, visto que\u2019<strong>Ele matou Thatch<\/strong> e Edward Newgate por seus respectivos poderes, (o <strong>Yami Yami no Mi<\/strong> e a Gura Gura no Mi).<\/p>\n<p>Ele possui uma ambi\u00e7\u00e3o e uma vontade muito fortes, n\u00e3o hesitando em antagonizar um Imperador Pirata se isso lhe permitir alcan\u00e7ar seus objetivos. Ele tem um forte senso de contrariedade e aparenta ser<strong> o oposto de Luffy<\/strong>. Al\u00e9m disso, se desejar expandir sua cole\u00e7\u00e3o de bandeiras, <a title=\"BANDEIRA DA TRIPULA\u00c7\u00c3O DO CHAP\u00c9U DE PALHA\" href=\"https:\/\/boutique-one-piece.com\/pt\/drapeau-equipage-du-chapeau-de-paille\/\" target=\"_blank\" rel=\"noopener\">Bandeira da Tripula\u00e7\u00e3o do Chap\u00e9u de Palha<\/a> Est\u00e1 ao seu alcance.<\/p>\n<h3>Ent\u00e3o, ficou fascinado pelo emblema da tripula\u00e7\u00e3o de Marshall D. Teach? Se sim, junte-se aos Piratas do Barba Negra e embarque ao lado daquele que ser\u00e1 seu novo capit\u00e3o.<\/h3>\n<p>Seja voc\u00ea um f\u00e3 incondicional ou um colecionador experiente, n\u00e3o precisa procurar mais, voc\u00ea chegou ao lugar certo. Esses itens ic\u00f4nicos s\u00e3o definitivamente para voc\u00ea. Perfeitos para presentear, decorar ou adicionar \u00e0 sua cole\u00e7\u00e3o, essas pe\u00e7as ir\u00e3o valoriz\u00e1-la.<strong> seu universo de One Piece<\/strong>. Se voc\u00ea tamb\u00e9m sonha com um mundo onde a era de ouro da pirataria est\u00e1 no auge, saiba que suas aventuras est\u00e3o apenas no come\u00e7o, jovem marinheiro!<\/p>\n<h2>Informa\u00e7\u00f5es sobre a bandeira da equipe Marshall D. Teach:<\/h2>\n<ul>\n<li>\n<strong><u>Bandeira de One Piece<\/u><\/strong>\u00a0Uma aut\u00eantica bandeira pirata de One Piece para verdadeiros f\u00e3s.<\/li>\n<\/ul>\n<ul>\n<li>\n<strong>Impress\u00e3o de alta qualidade<\/strong>\u00a0cores precisas<\/li>\n<\/ul>\n<ul>\n<li>\n<strong>Mat\u00e9ria<\/strong> Poli\u00e9ster<\/li>\n<\/ul>\n<ul>\n<li>\n<strong>Dimens\u00e3o<\/strong>\u00a0: 70 cm x 125 cm<\/li>\n<\/ul>\n<ul>\n<li>\n<strong>Peso<\/strong> : 100 gr<\/li>\n<\/ul>\n<ul>\n<li><strong>ENTREGA GR\u00c1TIS<\/strong><\/li>\n<\/ul>","protected":false},"excerpt":{"rendered":"<p>Jovem Nakama, adquira este emblema dos Piratas do Barba Negra sem demora. Saiba que Marshall D. Teach, mais conhecido como Barba Negra, \u00e9 o Almirante dos Piratas do Barba Negra e atualmente um dos Quatro Imperadores. Este Almirante est\u00e1 disposto a tudo para conseguir o que quer, especialmente depois de ter matado Thatch [\u2026]<\/p>","protected":false},"featured_media":9360,"comment_status":"open","ping_status":"open","template":"","meta":[],"product_brand":[],"product_cat":[212],"product_tag":[286],"class_list":{"0":"post-9358","1":"product","2":"type-product","3":"status-publish","4":"has-post-thumbnail","6":"product_cat-drapeaux-one-piece","7":"product_tag-barbe-noire","9":"first","10":"instock","11":"purchasable","12":"product-type-simple"},"yoast_head":"<!-- This site is optimized with the Yoast SEO plugin v27.5 - https:\/\/yoast.com\/product\/yoast-seo-wordpress\/ -->\n<title>Embl\u00e8me \u00c9quipage de Barbe Noire | Boutique One Piece<\/title>\n<meta name=\"description\" content=\"D\u00e9couvrez l&#039;Embl\u00e8me One Piece Barbe Noire, d\u00e9corez votre pi\u00e8ce en portant les couleurs de Marshall D. Teach ! Commencez votre aventure recherche du One Piece dans l&#039;\u00e9quipage de Barbe Noire\" \/>\n<meta name=\"robots\" content=\"index, follow, max-snippet:-1, max-image-preview:large, max-video-preview:-1\" \/>\n<link rel=\"canonical\" href=\"https:\/\/boutique-one-piece.com\/pt\/decoracoes-de-one-piece\/bandeiras-de-one-piece\/emblema-da-tripulacao-do-barba-negra\/\" \/>\n<meta property=\"og:locale\" content=\"pt_PT\" \/>\n<meta property=\"og:type\" content=\"article\" \/>\n<meta property=\"og:title\" content=\"Embl\u00e8me \u00c9quipage de Barbe Noire | Boutique One Piece\" \/>\n<meta property=\"og:description\" content=\"D\u00e9couvrez l&#039;Embl\u00e8me One Piece Barbe Noire, d\u00e9corez votre pi\u00e8ce en portant les couleurs de Marshall D. Teach ! Commencez votre aventure recherche du One Piece dans l&#039;\u00e9quipage de Barbe Noire\" \/>\n<meta property=\"og:url\" content=\"https:\/\/boutique-one-piece.com\/pt\/decoracoes-de-one-piece\/bandeiras-de-one-piece\/emblema-da-tripulacao-do-barba-negra\/\" \/>\n<meta property=\"og:site_name\" content=\"Boutique One Piece\" \/>\n<meta property=\"article:modified_time\" content=\"2024-09-16T11:41:03+00:00\" \/>\n<meta property=\"og:image\" content=\"https:\/\/boutique-one-piece.com\/wp-content\/uploads\/2022\/09\/Embleme-Equipage-de-Barbe-Noire-1.jpg\" \/>\n\t<meta property=\"og:image:width\" content=\"800\" \/>\n\t<meta property=\"og:image:height\" content=\"800\" \/>\n\t<meta property=\"og:image:type\" content=\"image\/jpeg\" \/>\n<meta name=\"twitter:card\" content=\"summary_large_image\" \/>\n<meta name=\"twitter:label1\" content=\"Tempo estimado de leitura\" \/>\n\t<meta name=\"twitter:data1\" content=\"1 minuto\" \/>\n<script type=\"application\/ld+json\" class=\"yoast-schema-graph\">{\"@context\":\"https:\\\/\\\/schema.org\",\"@graph\":[{\"@type\":\"WebPage\",\"@id\":\"https:\\\/\\\/boutique-one-piece.com\\\/decorations-one-piece\\\/drapeaux-one-piece\\\/embleme-equipage-de-barbe-noire\\\/\",\"url\":\"https:\\\/\\\/boutique-one-piece.com\\\/decorations-one-piece\\\/drapeaux-one-piece\\\/embleme-equipage-de-barbe-noire\\\/\",\"name\":\"Embl\u00e8me \u00c9quipage de Barbe Noire | Boutique One Piece\",\"isPartOf\":{\"@id\":\"https:\\\/\\\/boutique-one-piece.com\\\/#website\"},\"primaryImageOfPage\":{\"@id\":\"https:\\\/\\\/boutique-one-piece.com\\\/decorations-one-piece\\\/drapeaux-one-piece\\\/embleme-equipage-de-barbe-noire\\\/#primaryimage\"},\"image\":{\"@id\":\"https:\\\/\\\/boutique-one-piece.com\\\/decorations-one-piece\\\/drapeaux-one-piece\\\/embleme-equipage-de-barbe-noire\\\/#primaryimage\"},\"thumbnailUrl\":\"https:\\\/\\\/boutique-one-piece.com\\\/wp-content\\\/uploads\\\/2022\\\/09\\\/Embleme-Equipage-de-Barbe-Noire-1.jpg\",\"datePublished\":\"2022-09-27T20:19:24+00:00\",\"dateModified\":\"2024-09-16T11:41:03+00:00\",\"description\":\"D\u00e9couvrez l'Embl\u00e8me One Piece Barbe Noire, d\u00e9corez votre pi\u00e8ce en portant les couleurs de Marshall D. Teach ! Commencez votre aventure recherche du One Piece dans l'\u00e9quipage de Barbe Noire\",\"breadcrumb\":{\"@id\":\"https:\\\/\\\/boutique-one-piece.com\\\/decorations-one-piece\\\/drapeaux-one-piece\\\/embleme-equipage-de-barbe-noire\\\/#breadcrumb\"},\"inLanguage\":\"pt-PT\",\"potentialAction\":[{\"@type\":\"ReadAction\",\"target\":[\"https:\\\/\\\/boutique-one-piece.com\\\/decorations-one-piece\\\/drapeaux-one-piece\\\/embleme-equipage-de-barbe-noire\\\/\"]}]},{\"@type\":\"ImageObject\",\"inLanguage\":\"pt-PT\",\"@id\":\"https:\\\/\\\/boutique-one-piece.com\\\/decorations-one-piece\\\/drapeaux-one-piece\\\/embleme-equipage-de-barbe-noire\\\/#primaryimage\",\"url\":\"https:\\\/\\\/boutique-one-piece.com\\\/wp-content\\\/uploads\\\/2022\\\/09\\\/Embleme-Equipage-de-Barbe-Noire-1.jpg\",\"contentUrl\":\"https:\\\/\\\/boutique-one-piece.com\\\/wp-content\\\/uploads\\\/2022\\\/09\\\/Embleme-Equipage-de-Barbe-Noire-1.jpg\",\"width\":800,\"height\":800},{\"@type\":\"BreadcrumbList\",\"@id\":\"https:\\\/\\\/boutique-one-piece.com\\\/decorations-one-piece\\\/drapeaux-one-piece\\\/embleme-equipage-de-barbe-noire\\\/#breadcrumb\",\"itemListElement\":[{\"@type\":\"ListItem\",\"position\":1,\"name\":\"Home\",\"item\":\"https:\\\/\\\/boutique-one-piece.com\\\/\"},{\"@type\":\"ListItem\",\"position\":2,\"name\":\"Shop\",\"item\":\"https:\\\/\\\/boutique-one-piece.com\\\/shop\\\/\"},{\"@type\":\"ListItem\",\"position\":3,\"name\":\"Embl\u00e8me \u00c9quipage de Barbe Noire\"}]},{\"@type\":\"WebSite\",\"@id\":\"https:\\\/\\\/boutique-one-piece.com\\\/#website\",\"url\":\"https:\\\/\\\/boutique-one-piece.com\\\/\",\"name\":\"Boutique One Piece\",\"description\":\"Magasin Sp\u00e9cialis\u00e9 du Manga et l&#039;Anime One Piece\",\"publisher\":{\"@id\":\"https:\\\/\\\/boutique-one-piece.com\\\/#organization\"},\"potentialAction\":[{\"@type\":\"SearchAction\",\"target\":{\"@type\":\"EntryPoint\",\"urlTemplate\":\"https:\\\/\\\/boutique-one-piece.com\\\/?s={search_term_string}\"},\"query-input\":{\"@type\":\"PropertyValueSpecification\",\"valueRequired\":true,\"valueName\":\"search_term_string\"}}],\"inLanguage\":\"pt-PT\"},{\"@type\":\"Organization\",\"@id\":\"https:\\\/\\\/boutique-one-piece.com\\\/#organization\",\"name\":\"Boutique One Piece\",\"url\":\"https:\\\/\\\/boutique-one-piece.com\\\/\",\"logo\":{\"@type\":\"ImageObject\",\"inLanguage\":\"pt-PT\",\"@id\":\"https:\\\/\\\/boutique-one-piece.com\\\/#\\\/schema\\\/logo\\\/image\\\/\",\"url\":\"https:\\\/\\\/boutique-one-piece.com\\\/wp-content\\\/uploads\\\/2022\\\/09\\\/Logo-01.png\",\"contentUrl\":\"https:\\\/\\\/boutique-one-piece.com\\\/wp-content\\\/uploads\\\/2022\\\/09\\\/Logo-01.png\",\"width\":2318,\"height\":957,\"caption\":\"Boutique One Piece\"},\"image\":{\"@id\":\"https:\\\/\\\/boutique-one-piece.com\\\/#\\\/schema\\\/logo\\\/image\\\/\"}}]}<\/script>\n<!-- \/ Yoast SEO plugin. -->","yoast_head_json":{"title":"Emblema dos Piratas do Barba Negra | Loja One Piece","description":"Descubra o emblema do Barba Negra em One Piece e decore seu quarto com as cores de Marshall D. Teach! Comece sua aventura em One Piece com a tripula\u00e7\u00e3o do Barba Negra.","robots":{"index":"index","follow":"follow","max-snippet":"max-snippet:-1","max-image-preview":"max-image-preview:large","max-video-preview":"max-video-preview:-1"},"canonical":"https:\/\/boutique-one-piece.com\/pt\/decoracoes-de-one-piece\/bandeiras-de-one-piece\/emblema-da-tripulacao-do-barba-negra\/","og_locale":"pt_PT","og_type":"article","og_title":"Embl\u00e8me \u00c9quipage de Barbe Noire | Boutique One Piece","og_description":"D\u00e9couvrez l'Embl\u00e8me One Piece Barbe Noire, d\u00e9corez votre pi\u00e8ce en portant les couleurs de Marshall D. Teach ! Commencez votre aventure recherche du One Piece dans l'\u00e9quipage de Barbe Noire","og_url":"https:\/\/boutique-one-piece.com\/pt\/decoracoes-de-one-piece\/bandeiras-de-one-piece\/emblema-da-tripulacao-do-barba-negra\/","og_site_name":"Boutique One Piece","article_modified_time":"2024-09-16T11:41:03+00:00","og_image":[{"width":800,"height":800,"url":"https:\/\/boutique-one-piece.com\/wp-content\/uploads\/2022\/09\/Embleme-Equipage-de-Barbe-Noire-1.jpg","type":"image\/jpeg"}],"twitter_card":"summary_large_image","twitter_misc":{"Tempo estimado de leitura":"1 minuto"},"schema":{"@context":"https:\/\/schema.org","@graph":[{"@type":"WebPage","@id":"https:\/\/boutique-one-piece.com\/decorations-one-piece\/drapeaux-one-piece\/embleme-equipage-de-barbe-noire\/","url":"https:\/\/boutique-one-piece.com\/decorations-one-piece\/drapeaux-one-piece\/embleme-equipage-de-barbe-noire\/","name":"Emblema dos Piratas do Barba Negra | Loja One Piece","isPartOf":{"@id":"https:\/\/boutique-one-piece.com\/#website"},"primaryImageOfPage":{"@id":"https:\/\/boutique-one-piece.com\/decorations-one-piece\/drapeaux-one-piece\/embleme-equipage-de-barbe-noire\/#primaryimage"},"image":{"@id":"https:\/\/boutique-one-piece.com\/decorations-one-piece\/drapeaux-one-piece\/embleme-equipage-de-barbe-noire\/#primaryimage"},"thumbnailUrl":"https:\/\/boutique-one-piece.com\/wp-content\/uploads\/2022\/09\/Embleme-Equipage-de-Barbe-Noire-1.jpg","datePublished":"2022-09-27T20:19:24+00:00","dateModified":"2024-09-16T11:41:03+00:00","description":"Descubra o emblema do Barba Negra em One Piece e decore seu quarto com as cores de Marshall D. Teach! Comece sua aventura em One Piece com a tripula\u00e7\u00e3o do Barba Negra.","breadcrumb":{"@id":"https:\/\/boutique-one-piece.com\/decorations-one-piece\/drapeaux-one-piece\/embleme-equipage-de-barbe-noire\/#breadcrumb"},"inLanguage":"pt-PT","potentialAction":[{"@type":"ReadAction","target":["https:\/\/boutique-one-piece.com\/decorations-one-piece\/drapeaux-one-piece\/embleme-equipage-de-barbe-noire\/"]}]},{"@type":"ImageObject","inLanguage":"pt-PT","@id":"https:\/\/boutique-one-piece.com\/decorations-one-piece\/drapeaux-one-piece\/embleme-equipage-de-barbe-noire\/#primaryimage","url":"https:\/\/boutique-one-piece.com\/wp-content\/uploads\/2022\/09\/Embleme-Equipage-de-Barbe-Noire-1.jpg","contentUrl":"https:\/\/boutique-one-piece.com\/wp-content\/uploads\/2022\/09\/Embleme-Equipage-de-Barbe-Noire-1.jpg","width":800,"height":800},{"@type":"BreadcrumbList","@id":"https:\/\/boutique-one-piece.com\/decorations-one-piece\/drapeaux-one-piece\/embleme-equipage-de-barbe-noire\/#breadcrumb","itemListElement":[{"@type":"ListItem","position":1,"name":"Home","item":"https:\/\/boutique-one-piece.com\/"},{"@type":"ListItem","position":2,"name":"Shop","item":"https:\/\/boutique-one-piece.com\/shop\/"},{"@type":"ListItem","position":3,"name":"Embl\u00e8me \u00c9quipage de Barbe Noire"}]},{"@type":"WebSite","@id":"https:\/\/boutique-one-piece.com\/#website","url":"https:\/\/boutique-one-piece.com\/","name":"Loja One Piece","description":"Loja especializada em mang\u00e1 e anime de One Piece.","publisher":{"@id":"https:\/\/boutique-one-piece.com\/#organization"},"potentialAction":[{"@type":"SearchAction","target":{"@type":"EntryPoint","urlTemplate":"https:\/\/boutique-one-piece.com\/?s={search_term_string}"},"query-input":{"@type":"PropertyValueSpecification","valueRequired":true,"valueName":"search_term_string"}}],"inLanguage":"pt-PT"},{"@type":"Organization","@id":"https:\/\/boutique-one-piece.com\/#organization","name":"Loja One Piece","url":"https:\/\/boutique-one-piece.com\/","logo":{"@type":"ImageObject","inLanguage":"pt-PT","@id":"https:\/\/boutique-one-piece.com\/#\/schema\/logo\/image\/","url":"https:\/\/boutique-one-piece.com\/wp-content\/uploads\/2022\/09\/Logo-01.png","contentUrl":"https:\/\/boutique-one-piece.com\/wp-content\/uploads\/2022\/09\/Logo-01.png","width":2318,"height":957,"caption":"Boutique One Piece"},"image":{"@id":"https:\/\/boutique-one-piece.com\/#\/schema\/logo\/image\/"}}]}},"_links":{"self":[{"href":"https:\/\/boutique-one-piece.com\/pt\/wp-json\/wp\/v2\/product\/9358","targetHints":{"allow":["GET"]}}],"collection":[{"href":"https:\/\/boutique-one-piece.com\/pt\/wp-json\/wp\/v2\/product"}],"about":[{"href":"https:\/\/boutique-one-piece.com\/pt\/wp-json\/wp\/v2\/types\/product"}],"replies":[{"embeddable":true,"href":"https:\/\/boutique-one-piece.com\/pt\/wp-json\/wp\/v2\/comments?post=9358"}],"wp:featuredmedia":[{"embeddable":true,"href":"https:\/\/boutique-one-piece.com\/pt\/wp-json\/wp\/v2\/media\/9360"}],"wp:attachment":[{"href":"https:\/\/boutique-one-piece.com\/pt\/wp-json\/wp\/v2\/media?parent=9358"}],"wp:term":[{"taxonomy":"product_brand","embeddable":true,"href":"https:\/\/boutique-one-piece.com\/pt\/wp-json\/wp\/v2\/product_brand?post=9358"},{"taxonomy":"product_cat","embeddable":true,"href":"https:\/\/boutique-one-piece.com\/pt\/wp-json\/wp\/v2\/product_cat?post=9358"},{"taxonomy":"product_tag","embeddable":true,"href":"https:\/\/boutique-one-piece.com\/pt\/wp-json\/wp\/v2\/product_tag?post=9358"}],"curies":[{"name":"wp","href":"https:\/\/api.w.org\/{rel}","templated":true}]}}