{"id":9361,"date":"2022-09-27T20:19:24","date_gmt":"2022-09-27T20:19:24","guid":{"rendered":"https:\/\/boutique-one-piece.com\/uncategorized\/tee-shirt-one-piece-sanji-la-jambe-noire\/"},"modified":"2024-09-16T11:41:18","modified_gmt":"2024-09-16T11:41:18","slug":"camiseta-one-piece-sanji-black-leg","status":"publish","type":"product","link":"https:\/\/boutique-one-piece.com\/pt\/produtos-de-one-piece\/guloseimas-vinsmoke-sanji-one-piece\/camiseta-one-piece-sanji-black-leg\/","title":{"rendered":"Camiseta One Piece Sanji the Black Leg"},"content":{"rendered":"<p><meta charset=\"utf-8\"><\/p>\n<h2>\n<b>Camiseta One Piece\u00a0<\/b><b>Sanji Diable Jambe, seu<\/b>\u00a0Chef favorito e seu chute lend\u00e1rio, nesta magn\u00edfica camiseta de qualidade premium.<\/h2>\n<p>Se voc\u00ea \u00e9 um\u00a0<strong>pirata de verdade<\/strong>, Voc\u00ea vai apreciar o\u00a0<strong>qualidade<\/strong>\u00a0tecido e\u00a0<strong>Impress\u00e3o em tela 3D<\/strong>\u00a0disso\u00a0<strong>Camiseta One Piece<\/strong>\u00a0Mas, o mais importante, com isto\u00a0<strong>camisa estampada<\/strong>\u00a0Isso porque voc\u00ea far\u00e1 parte de\u00a0<strong>a equipe de f\u00e3s<\/strong>\u00a0de\u00a0<strong>mang\u00e1 de piratas<\/strong>\u00a0e voc\u00ea obter\u00e1:<\/p>\n<ul>\n<li>\u00a0<strong>Admira\u00e7\u00e3o<\/strong>\u00a0de todos os f\u00e3s de\u00a0<strong>Mugiwara<\/strong>\u00a0que voc\u00ea encontrar\u00e1<\/li>\n<\/ul>\n<ul>\n<li>Um verdadeiro\u00a0<strong>camiseta estampada<\/strong>\u00a0com o qual voc\u00ea pode\u00a0<strong>compartilhar<\/strong><span>\u00a0<\/span>seu<span>\u00a0<\/span><strong>paix\u00e3o<\/strong><span>\u00a0<\/span>Para<span>\u00a0<\/span><strong>o universo<\/strong><span>\u00a0<\/span>do<span>\u00a0<\/span><strong>Licen\u00e7a de One Piece<\/strong>\n<\/li>\n<\/ul>\n<p>Ent\u00e3o, pronta para usar o\u00a0<strong>cores\u00a0<\/strong>de<b>\u00a0<\/b>seu<b><span>\u00a0<\/span>mang\u00e1 favorito<\/b>\u00a0?<\/p>\n<h2>Voc\u00ea \u00e9 f\u00e3 do mang\u00e1 ou anime One Piece? Mostre isso com esta camiseta estampada de One Piece!<\/h2>\n<p>Se voc\u00ea\u00a0<strong>ler<\/strong>\u00a0ou onde quer que voc\u00ea olhe\u00a0<span>\u00a0<\/span><strong>anime japon\u00eas<\/strong>, \u00c9 bem prov\u00e1vel que voc\u00ea tenha se tornado\u00a0<strong>Sou louco por One Piece.<\/strong>\u00a0Com isto!<span>\u00a0<\/span><strong>Camiseta One Piece<span>\u00a0Sanji, o Perna Negra\u00a0<\/span><\/strong>, junte-se ao\u2019<strong>equipe de f\u00e3s da franquia<\/strong><\/p>\n<p>Esse\u00a0<strong>camiseta branca<\/strong>\u00a0est\u00e1 dispon\u00edvel nos tamanhos\u00a0<strong>XS<\/strong>,<strong>\u00a0S<\/strong>,<strong>\u00a0M<\/strong>,<strong>\u00a0L<\/strong>,\u00a0<strong>XL<\/strong>,\u00a0<strong>XXL<\/strong>, Vai agradar a todos os tipos de piratas.,<span>\u00a0<\/span><strong>homem<\/strong>\u00a0Ou<span>\u00a0<\/span><strong>mulheres<\/strong>, mesmo que voc\u00ea n\u00e3o tenha\u00a0<strong>espada<\/strong>\u00a0ou\u00a0<strong>fruta do diabo<\/strong>\u00a0Voc\u00ea ainda pode us\u00e1-lo com orgulho.<\/p>\n<h2>Informa\u00e7\u00f5es sobre a camiseta:\u00a0<\/h2>\n<ul>\n<li>\u00a0<strong>Camisa de qualidade premium\u00a0<\/strong>: tem um\u00a0<strong>gramagem alta<\/strong>, com materiais de qualidade<\/li>\n<\/ul>\n<ul>\n<li>\n<strong>Ajuste folgado<\/strong>\u00a0:\u00a0\u00a0<strong>camiseta<\/strong>\u00a0com um\u00a0<strong>corte largo<\/strong>, para maior conforto<\/li>\n<\/ul>\n<ul>\n<li>\n<strong>Muito confort\u00e1vel\u00a0<\/strong>com estes\u00a0<strong>fibras<\/strong>\u00a0de\u00a0<strong>algod\u00e3o<\/strong>\u00a0\u00f3timo\u00a0<strong>macio<\/strong>, n\u00e3o h\u00e1\u00a0<strong>atrito<\/strong>\n<\/li>\n<\/ul>\n<ul>\n<li>\n<strong>impress\u00e3o digital 3D<\/strong>\u00a0:\u00a0<strong>camiseta estampada<\/strong>\u00a0com um design original,\u00a0<strong>Impress\u00e3o em tela<\/strong>\n<\/li>\n<\/ul>\n<ul>\n<li>\n<strong>Algod\u00e3o org\u00e2nico\u00a0<\/strong>algod\u00e3o de qualidade com\u00a0<strong>fibras extra longas<\/strong>\n<\/li>\n<\/ul>\n<ul>\n<li>\n<strong>Entrega gr\u00e1tis\u00a0<\/strong>para qualquer compra<\/li>\n<\/ul>\n<h2><strong>N\u00e3o se esque\u00e7a de consultar o guia de tamanhos abaixo.<\/strong><\/h2>\n<p><span><img decoding=\"async\" alt=\"Guia de Tamanhos de Camisetas de One Piece\" src=\"https:\/\/cdn.shopify.com\/s\/files\/1\/0087\/7556\/5348\/files\/boutque__one__piece__tableau__taille__t-shirt_large.jpg?v=1559655065\"><\/span><\/p>\n<p><meta charset=\"utf-8\"><\/p>\n<h3>Instru\u00e7\u00f5es de lavagem:<\/h3>\n<ul>\n<li>Lavar \u00e0 m\u00e1quina a 30 \u00b0C, ciclo delicado.<\/li>\n<\/ul>\n<ul>\n<li>Voltar para<span>\u00a0<\/span>o inverso<\/li>\n<\/ul>\n<p>Para<span>\u00a0<\/span><strong>preservar a qualidade<\/strong><span>\u00a0<\/span>disso<span>\u00a0<\/span><strong>Camiseta One Piece<\/strong>, recomendamos que voc\u00ea<span>\u00a0<\/span><strong>respeito<\/strong><span>\u00a0<\/span>O<span>\u00a0<\/span><strong>instru\u00e7\u00f5es de lavagem<\/strong>.<\/p>","protected":false},"excerpt":{"rendered":"<p>Camiseta One Piece Sanji Diable Jambe, com seu cozinheiro favorito e seu lend\u00e1rio chute, nesta magn\u00edfica camiseta de alta qualidade. Se voc\u00ea \u00e9 um verdadeiro pirata, vai apreciar a qualidade do tecido e a estampa 3D desta camiseta de One Piece! Mas o mais importante \u00e9 que, com esta camiseta estampada, voc\u00ea far\u00e1 parte da tripula\u00e7\u00e3o de f\u00e3s do mang\u00e1 de piratas e ganhar\u00e1: A admira\u00e7\u00e3o de todos os f\u00e3s [\u2026]<\/p>","protected":false},"featured_media":9363,"comment_status":"open","ping_status":"open","template":"","meta":[],"product_brand":[],"product_cat":[164,53],"product_tag":[112],"class_list":{"0":"post-9361","1":"product","2":"type-product","3":"status-publish","4":"has-post-thumbnail","6":"product_cat-goodies-vinsmoke-sanji-one-piece","7":"product_cat-t-shirts-one-piece","8":"product_tag-sanji","10":"first","11":"instock","12":"purchasable","13":"product-type-variable","14":"has-default-attributes"},"yoast_head":"<!-- This site is optimized with the Yoast SEO plugin v27.5 - https:\/\/yoast.com\/product\/yoast-seo-wordpress\/ -->\n<title>T-Shirt Sanji la Jambe Noire | Boutique One Piece<\/title>\n<meta name=\"description\" content=\"T-Shirt One Piece Sanji Jambe \u00e0 la Diable de Tr\u00e8s Haute Qualit\u00e9 :T-shirt de qualit\u00e9 sup\u00e9rieur : Retrouvez votre Cuistot Pr\u00e9f\u00e9r\u00e9 et son Coup de Pied L\u00e9gendaire\" \/>\n<meta name=\"robots\" content=\"index, follow, max-snippet:-1, max-image-preview:large, max-video-preview:-1\" \/>\n<link rel=\"canonical\" href=\"https:\/\/boutique-one-piece.com\/pt\/produtos-de-one-piece\/guloseimas-vinsmoke-sanji-one-piece\/camiseta-one-piece-sanji-black-leg\/\" \/>\n<meta property=\"og:locale\" content=\"pt_PT\" \/>\n<meta property=\"og:type\" content=\"article\" \/>\n<meta property=\"og:title\" content=\"T-Shirt Sanji la Jambe Noire | Boutique One Piece\" \/>\n<meta property=\"og:description\" content=\"T-Shirt One Piece Sanji Jambe \u00e0 la Diable de Tr\u00e8s Haute Qualit\u00e9 :T-shirt de qualit\u00e9 sup\u00e9rieur : Retrouvez votre Cuistot Pr\u00e9f\u00e9r\u00e9 et son Coup de Pied L\u00e9gendaire\" \/>\n<meta property=\"og:url\" content=\"https:\/\/boutique-one-piece.com\/pt\/produtos-de-one-piece\/guloseimas-vinsmoke-sanji-one-piece\/camiseta-one-piece-sanji-black-leg\/\" \/>\n<meta property=\"og:site_name\" content=\"Boutique One Piece\" \/>\n<meta property=\"article:modified_time\" content=\"2024-09-16T11:41:18+00:00\" \/>\n<meta property=\"og:image\" content=\"https:\/\/boutique-one-piece.com\/wp-content\/uploads\/2022\/09\/T-Shirt-One-Piece-Sanji-la-Jambe-Noire.jpg\" \/>\n\t<meta property=\"og:image:width\" content=\"600\" \/>\n\t<meta property=\"og:image:height\" content=\"600\" \/>\n\t<meta property=\"og:image:type\" content=\"image\/jpeg\" \/>\n<meta name=\"twitter:card\" content=\"summary_large_image\" \/>\n<meta name=\"twitter:label1\" content=\"Tempo estimado de leitura\" \/>\n\t<meta name=\"twitter:data1\" content=\"2 minutos\" \/>\n<script type=\"application\/ld+json\" class=\"yoast-schema-graph\">{\"@context\":\"https:\\\/\\\/schema.org\",\"@graph\":[{\"@type\":\"WebPage\",\"@id\":\"https:\\\/\\\/boutique-one-piece.com\\\/goodies-one-piece\\\/goodies-vinsmoke-sanji-one-piece\\\/tee-shirt-one-piece-sanji-la-jambe-noire\\\/\",\"url\":\"https:\\\/\\\/boutique-one-piece.com\\\/goodies-one-piece\\\/goodies-vinsmoke-sanji-one-piece\\\/tee-shirt-one-piece-sanji-la-jambe-noire\\\/\",\"name\":\"T-Shirt Sanji la Jambe Noire | Boutique One Piece\",\"isPartOf\":{\"@id\":\"https:\\\/\\\/boutique-one-piece.com\\\/#website\"},\"primaryImageOfPage\":{\"@id\":\"https:\\\/\\\/boutique-one-piece.com\\\/goodies-one-piece\\\/goodies-vinsmoke-sanji-one-piece\\\/tee-shirt-one-piece-sanji-la-jambe-noire\\\/#primaryimage\"},\"image\":{\"@id\":\"https:\\\/\\\/boutique-one-piece.com\\\/goodies-one-piece\\\/goodies-vinsmoke-sanji-one-piece\\\/tee-shirt-one-piece-sanji-la-jambe-noire\\\/#primaryimage\"},\"thumbnailUrl\":\"https:\\\/\\\/boutique-one-piece.com\\\/wp-content\\\/uploads\\\/2022\\\/09\\\/T-Shirt-One-Piece-Sanji-la-Jambe-Noire.jpg\",\"datePublished\":\"2022-09-27T20:19:24+00:00\",\"dateModified\":\"2024-09-16T11:41:18+00:00\",\"description\":\"T-Shirt One Piece Sanji Jambe \u00e0 la Diable de Tr\u00e8s Haute Qualit\u00e9 :T-shirt de qualit\u00e9 sup\u00e9rieur : Retrouvez votre Cuistot Pr\u00e9f\u00e9r\u00e9 et son Coup de Pied L\u00e9gendaire\",\"breadcrumb\":{\"@id\":\"https:\\\/\\\/boutique-one-piece.com\\\/goodies-one-piece\\\/goodies-vinsmoke-sanji-one-piece\\\/tee-shirt-one-piece-sanji-la-jambe-noire\\\/#breadcrumb\"},\"inLanguage\":\"pt-PT\",\"potentialAction\":[{\"@type\":\"ReadAction\",\"target\":[\"https:\\\/\\\/boutique-one-piece.com\\\/goodies-one-piece\\\/goodies-vinsmoke-sanji-one-piece\\\/tee-shirt-one-piece-sanji-la-jambe-noire\\\/\"]}]},{\"@type\":\"ImageObject\",\"inLanguage\":\"pt-PT\",\"@id\":\"https:\\\/\\\/boutique-one-piece.com\\\/goodies-one-piece\\\/goodies-vinsmoke-sanji-one-piece\\\/tee-shirt-one-piece-sanji-la-jambe-noire\\\/#primaryimage\",\"url\":\"https:\\\/\\\/boutique-one-piece.com\\\/wp-content\\\/uploads\\\/2022\\\/09\\\/T-Shirt-One-Piece-Sanji-la-Jambe-Noire.jpg\",\"contentUrl\":\"https:\\\/\\\/boutique-one-piece.com\\\/wp-content\\\/uploads\\\/2022\\\/09\\\/T-Shirt-One-Piece-Sanji-la-Jambe-Noire.jpg\",\"width\":600,\"height\":600,\"caption\":\"T-Shirt One Piece Sanji la Jambe Noire xxl\"},{\"@type\":\"BreadcrumbList\",\"@id\":\"https:\\\/\\\/boutique-one-piece.com\\\/goodies-one-piece\\\/goodies-vinsmoke-sanji-one-piece\\\/tee-shirt-one-piece-sanji-la-jambe-noire\\\/#breadcrumb\",\"itemListElement\":[{\"@type\":\"ListItem\",\"position\":1,\"name\":\"Home\",\"item\":\"https:\\\/\\\/boutique-one-piece.com\\\/\"},{\"@type\":\"ListItem\",\"position\":2,\"name\":\"Shop\",\"item\":\"https:\\\/\\\/boutique-one-piece.com\\\/shop\\\/\"},{\"@type\":\"ListItem\",\"position\":3,\"name\":\"T-Shirt One Piece Sanji la Jambe Noire\"}]},{\"@type\":\"WebSite\",\"@id\":\"https:\\\/\\\/boutique-one-piece.com\\\/#website\",\"url\":\"https:\\\/\\\/boutique-one-piece.com\\\/\",\"name\":\"Boutique One Piece\",\"description\":\"Magasin Sp\u00e9cialis\u00e9 du Manga et l&#039;Anime One Piece\",\"publisher\":{\"@id\":\"https:\\\/\\\/boutique-one-piece.com\\\/#organization\"},\"potentialAction\":[{\"@type\":\"SearchAction\",\"target\":{\"@type\":\"EntryPoint\",\"urlTemplate\":\"https:\\\/\\\/boutique-one-piece.com\\\/?s={search_term_string}\"},\"query-input\":{\"@type\":\"PropertyValueSpecification\",\"valueRequired\":true,\"valueName\":\"search_term_string\"}}],\"inLanguage\":\"pt-PT\"},{\"@type\":\"Organization\",\"@id\":\"https:\\\/\\\/boutique-one-piece.com\\\/#organization\",\"name\":\"Boutique One Piece\",\"url\":\"https:\\\/\\\/boutique-one-piece.com\\\/\",\"logo\":{\"@type\":\"ImageObject\",\"inLanguage\":\"pt-PT\",\"@id\":\"https:\\\/\\\/boutique-one-piece.com\\\/#\\\/schema\\\/logo\\\/image\\\/\",\"url\":\"https:\\\/\\\/boutique-one-piece.com\\\/wp-content\\\/uploads\\\/2022\\\/09\\\/Logo-01.png\",\"contentUrl\":\"https:\\\/\\\/boutique-one-piece.com\\\/wp-content\\\/uploads\\\/2022\\\/09\\\/Logo-01.png\",\"width\":2318,\"height\":957,\"caption\":\"Boutique One Piece\"},\"image\":{\"@id\":\"https:\\\/\\\/boutique-one-piece.com\\\/#\\\/schema\\\/logo\\\/image\\\/\"}}]}<\/script>\n<!-- \/ Yoast SEO plugin. -->","yoast_head_json":{"title":"Camiseta Sanji the Black Leg | Loja One Piece","description":"Camiseta One Piece Sanji Diable Jambe - Alta Qualidade: Camiseta de qualidade premium: Encontre seu chef favorito e seu chute lend\u00e1rio!","robots":{"index":"index","follow":"follow","max-snippet":"max-snippet:-1","max-image-preview":"max-image-preview:large","max-video-preview":"max-video-preview:-1"},"canonical":"https:\/\/boutique-one-piece.com\/pt\/produtos-de-one-piece\/guloseimas-vinsmoke-sanji-one-piece\/camiseta-one-piece-sanji-black-leg\/","og_locale":"pt_PT","og_type":"article","og_title":"T-Shirt Sanji la Jambe Noire | Boutique One Piece","og_description":"T-Shirt One Piece Sanji Jambe \u00e0 la Diable de Tr\u00e8s Haute Qualit\u00e9 :T-shirt de qualit\u00e9 sup\u00e9rieur : Retrouvez votre Cuistot Pr\u00e9f\u00e9r\u00e9 et son Coup de Pied L\u00e9gendaire","og_url":"https:\/\/boutique-one-piece.com\/pt\/produtos-de-one-piece\/guloseimas-vinsmoke-sanji-one-piece\/camiseta-one-piece-sanji-black-leg\/","og_site_name":"Boutique One Piece","article_modified_time":"2024-09-16T11:41:18+00:00","og_image":[{"width":600,"height":600,"url":"https:\/\/boutique-one-piece.com\/wp-content\/uploads\/2022\/09\/T-Shirt-One-Piece-Sanji-la-Jambe-Noire.jpg","type":"image\/jpeg"}],"twitter_card":"summary_large_image","twitter_misc":{"Tempo estimado de leitura":"2 minutos"},"schema":{"@context":"https:\/\/schema.org","@graph":[{"@type":"WebPage","@id":"https:\/\/boutique-one-piece.com\/goodies-one-piece\/goodies-vinsmoke-sanji-one-piece\/tee-shirt-one-piece-sanji-la-jambe-noire\/","url":"https:\/\/boutique-one-piece.com\/goodies-one-piece\/goodies-vinsmoke-sanji-one-piece\/tee-shirt-one-piece-sanji-la-jambe-noire\/","name":"Camiseta Sanji the Black Leg | Loja One Piece","isPartOf":{"@id":"https:\/\/boutique-one-piece.com\/#website"},"primaryImageOfPage":{"@id":"https:\/\/boutique-one-piece.com\/goodies-one-piece\/goodies-vinsmoke-sanji-one-piece\/tee-shirt-one-piece-sanji-la-jambe-noire\/#primaryimage"},"image":{"@id":"https:\/\/boutique-one-piece.com\/goodies-one-piece\/goodies-vinsmoke-sanji-one-piece\/tee-shirt-one-piece-sanji-la-jambe-noire\/#primaryimage"},"thumbnailUrl":"https:\/\/boutique-one-piece.com\/wp-content\/uploads\/2022\/09\/T-Shirt-One-Piece-Sanji-la-Jambe-Noire.jpg","datePublished":"2022-09-27T20:19:24+00:00","dateModified":"2024-09-16T11:41:18+00:00","description":"Camiseta One Piece Sanji Diable Jambe - Alta Qualidade: Camiseta de qualidade premium: Encontre seu chef favorito e seu chute lend\u00e1rio!","breadcrumb":{"@id":"https:\/\/boutique-one-piece.com\/goodies-one-piece\/goodies-vinsmoke-sanji-one-piece\/tee-shirt-one-piece-sanji-la-jambe-noire\/#breadcrumb"},"inLanguage":"pt-PT","potentialAction":[{"@type":"ReadAction","target":["https:\/\/boutique-one-piece.com\/goodies-one-piece\/goodies-vinsmoke-sanji-one-piece\/tee-shirt-one-piece-sanji-la-jambe-noire\/"]}]},{"@type":"ImageObject","inLanguage":"pt-PT","@id":"https:\/\/boutique-one-piece.com\/goodies-one-piece\/goodies-vinsmoke-sanji-one-piece\/tee-shirt-one-piece-sanji-la-jambe-noire\/#primaryimage","url":"https:\/\/boutique-one-piece.com\/wp-content\/uploads\/2022\/09\/T-Shirt-One-Piece-Sanji-la-Jambe-Noire.jpg","contentUrl":"https:\/\/boutique-one-piece.com\/wp-content\/uploads\/2022\/09\/T-Shirt-One-Piece-Sanji-la-Jambe-Noire.jpg","width":600,"height":600,"caption":"T-Shirt One Piece Sanji la Jambe Noire xxl"},{"@type":"BreadcrumbList","@id":"https:\/\/boutique-one-piece.com\/goodies-one-piece\/goodies-vinsmoke-sanji-one-piece\/tee-shirt-one-piece-sanji-la-jambe-noire\/#breadcrumb","itemListElement":[{"@type":"ListItem","position":1,"name":"Home","item":"https:\/\/boutique-one-piece.com\/"},{"@type":"ListItem","position":2,"name":"Shop","item":"https:\/\/boutique-one-piece.com\/shop\/"},{"@type":"ListItem","position":3,"name":"T-Shirt One Piece Sanji la Jambe Noire"}]},{"@type":"WebSite","@id":"https:\/\/boutique-one-piece.com\/#website","url":"https:\/\/boutique-one-piece.com\/","name":"Loja One Piece","description":"Loja especializada em mang\u00e1 e anime de One Piece.","publisher":{"@id":"https:\/\/boutique-one-piece.com\/#organization"},"potentialAction":[{"@type":"SearchAction","target":{"@type":"EntryPoint","urlTemplate":"https:\/\/boutique-one-piece.com\/?s={search_term_string}"},"query-input":{"@type":"PropertyValueSpecification","valueRequired":true,"valueName":"search_term_string"}}],"inLanguage":"pt-PT"},{"@type":"Organization","@id":"https:\/\/boutique-one-piece.com\/#organization","name":"Loja One Piece","url":"https:\/\/boutique-one-piece.com\/","logo":{"@type":"ImageObject","inLanguage":"pt-PT","@id":"https:\/\/boutique-one-piece.com\/#\/schema\/logo\/image\/","url":"https:\/\/boutique-one-piece.com\/wp-content\/uploads\/2022\/09\/Logo-01.png","contentUrl":"https:\/\/boutique-one-piece.com\/wp-content\/uploads\/2022\/09\/Logo-01.png","width":2318,"height":957,"caption":"Boutique One Piece"},"image":{"@id":"https:\/\/boutique-one-piece.com\/#\/schema\/logo\/image\/"}}]}},"_links":{"self":[{"href":"https:\/\/boutique-one-piece.com\/pt\/wp-json\/wp\/v2\/product\/9361","targetHints":{"allow":["GET"]}}],"collection":[{"href":"https:\/\/boutique-one-piece.com\/pt\/wp-json\/wp\/v2\/product"}],"about":[{"href":"https:\/\/boutique-one-piece.com\/pt\/wp-json\/wp\/v2\/types\/product"}],"replies":[{"embeddable":true,"href":"https:\/\/boutique-one-piece.com\/pt\/wp-json\/wp\/v2\/comments?post=9361"}],"wp:featuredmedia":[{"embeddable":true,"href":"https:\/\/boutique-one-piece.com\/pt\/wp-json\/wp\/v2\/media\/9363"}],"wp:attachment":[{"href":"https:\/\/boutique-one-piece.com\/pt\/wp-json\/wp\/v2\/media?parent=9361"}],"wp:term":[{"taxonomy":"product_brand","embeddable":true,"href":"https:\/\/boutique-one-piece.com\/pt\/wp-json\/wp\/v2\/product_brand?post=9361"},{"taxonomy":"product_cat","embeddable":true,"href":"https:\/\/boutique-one-piece.com\/pt\/wp-json\/wp\/v2\/product_cat?post=9361"},{"taxonomy":"product_tag","embeddable":true,"href":"https:\/\/boutique-one-piece.com\/pt\/wp-json\/wp\/v2\/product_tag?post=9361"}],"curies":[{"name":"wp","href":"https:\/\/api.w.org\/{rel}","templated":true}]}}