{"id":9395,"date":"2022-09-27T20:19:39","date_gmt":"2022-09-27T20:19:39","guid":{"rendered":"https:\/\/boutique-one-piece.com\/uncategorized\/figurine-one-piece-lattaque-de-luffy\/"},"modified":"2024-09-16T11:42:07","modified_gmt":"2024-09-16T11:42:07","slug":"figura-de-acao-de-one-piece-atacando-luffy","status":"publish","type":"product","link":"https:\/\/boutique-one-piece.com\/pt\/figuras-de-acao-de-one-piece\/estatuetas-do-monkey-d-luffy\/figura-de-acao-de-one-piece-atacando-luffy\/","title":{"rendered":"Figura de a\u00e7\u00e3o de One Piece: Ataque de Luffy"},"content":{"rendered":"<h2>Jeune pirate, le moment est venu pour toi d\u2019acqu\u00e9rir cette Figurine One Piece L\u2019Attaque de Luffy.<\/h2>\n<p>\u00c9tant le h\u00e9ros du manga, il a souvent d\u00e9montr\u00e9 \u00eatre \u00e0 m\u00eame de briser de la roche \u00e0 coups de poing, voire de briser des lames d\u2019\u00e9p\u00e9es avec les dents. Luffy ne semble pas pratiquer un quelconque art martial comme le font Zoro et Sanji. Il se bat avec toutes les parties de son corps comme bon lui semble. Son style est improvis\u00e9 et assez impr\u00e9visible, ce qui le rend \u00e0 m\u00eame de surprendre ses ennemis.<strong> Luffy<\/strong> utiliza principalmente os poderes do<strong> Gomu Gomu no Mi<\/strong> lutar.<\/p>\n<p>Toutes ses attaques suivent le sch\u00e9ma suivant : elles commencent par \u00ab\u00a0Gomu Gomu no\u00a0\u00bb puis se terminent par un mot ayant un rapport avec la dite attaque (exemple : Gomu Gomu no Pistol). La plupart de ses attaques sont bas\u00e9es sur les pistolets et autres armes \u00e0 feu. Certaines de ses attaques sont en revanche bas\u00e9es sur d\u2019autres concepts ou des objets. D\u2019ailleurs, la <a title=\"Figura do Luffy com a Jet Gun de One Piece\" href=\"https:\/\/boutique-one-piece.com\/pt\/figura-de-acao-do-luffy-com-a-arma-a-jato-de-one-piece\/\" target=\"_blank\" rel=\"noopener\">Estatueta do Luffy e seu ataque Gomu Gomu no Pistol<\/a> Est\u00e1 ao seu alcance.<\/p>\n<h3>Alors, conquis par la figurine de Luffy en action d\u2019une attaque ? Si tel est le cas, apprends \u00e0 ses c\u00f4t\u00e9s. Luffy est un adversaire redoutable.<\/h3>\n<p><strong>Jovem pirata<\/strong>, qu\u2019attends-tu ? Embarque \u00e0 bord du Thousand Sunny. Luffy et son \u00e9quipage n\u2019attendent que toi. Replonge-toi au sein de cet anim\u00e9 gr\u00e2ce \u00e0 ces objets mythiques. Parfaits pour offrir, d\u00e9corer ou encore collectionner, ces objets viendront agrandir <strong>seu universo de One Piece<\/strong>. L\u2019\u00e8re de la piraterie n\u2019est jamais finie !<\/p>\n<h2>Information sur Figurine L\u2019Attaque de Luffy\u00a0<\/h2>\n<ul data-mce-fragment=\"1\">\n<li data-mce-fragment=\"1\"><span data-mce-fragment=\"1\"><b data-mce-fragment=\"1\"><u data-mce-fragment=\"1\">Figura de a\u00e7\u00e3o de One Piece<\/u><\/b>\u00a0: Figurine\u00a0 premium de l\u2019univers One Piece pour les vrais pirates<\/span><\/li>\n<\/ul>\n<ul data-mce-fragment=\"1\">\n<li data-mce-fragment=\"1\">\n<b data-mce-fragment=\"1\">Mat\u00e9ria<\/b><span data-mce-fragment=\"1\">\u00a0<\/span>PVC<\/li>\n<\/ul>\n<ul data-mce-fragment=\"1\">\n<li data-mce-fragment=\"1\"><span data-mce-fragment=\"1\"><strong data-mce-fragment=\"1\">Dimens\u00e3o<\/strong>\u00a0: 16 cm<\/span><\/li>\n<\/ul>\n<ul data-mce-fragment=\"1\">\n<li data-mce-fragment=\"1\"><span data-mce-fragment=\"1\"><strong data-mce-fragment=\"1\">ENTREGA GR\u00c1TIS<\/strong><\/span><\/li>\n<\/ul>","protected":false},"excerpt":{"rendered":"<p>Jeune pirate, le moment est venu pour toi d\u2019acqu\u00e9rir cette Figurine One Piece L\u2019Attaque de Luffy. \u00c9tant le h\u00e9ros du manga, il a souvent d\u00e9montr\u00e9 \u00eatre \u00e0 m\u00eame de briser de la roche \u00e0 coups de poing, voire de briser des lames d\u2019\u00e9p\u00e9es avec les dents. Luffy ne semble pas pratiquer un quelconque art martial [&hellip;]<\/p>","protected":false},"featured_media":9397,"comment_status":"open","ping_status":"open","template":"","meta":[],"product_brand":[],"product_cat":[181,76],"product_tag":[92],"class_list":{"0":"post-9395","1":"product","2":"type-product","3":"status-publish","4":"has-post-thumbnail","6":"product_cat-figurines-monkey-d-luffy","7":"product_cat-figurines-one-piece","8":"product_tag-luffy","10":"first","11":"instock","12":"purchasable","13":"product-type-simple"},"yoast_head":"<!-- This site is optimized with the Yoast SEO plugin v27.5 - https:\/\/yoast.com\/product\/yoast-seo-wordpress\/ -->\n<title>Figurine One Piece L&#039;Attaque de Luffy | Figurine One Piece \u2013 Boutique One Piece<\/title>\n<meta name=\"description\" content=\"Jeune pirate, le moment est venu pour toi d&#039;acqu\u00e9rir cette Figurine One Piece L&#039;Attaque de Luffy. \u00c9tant le h\u00e9ros du manga, il a souvent d\u00e9montr\u00e9 \u00eatre \u00e0 m\u00eame de briser de la roche \u00e0 coups de poing, voire de briser des lames d&#039;\u00e9p\u00e9es avec les dents. Luffy ne semble pas pratiquer un quelconque art martial comme le font Zor\" \/>\n<meta name=\"robots\" content=\"index, follow, max-snippet:-1, max-image-preview:large, max-video-preview:-1\" \/>\n<link rel=\"canonical\" href=\"https:\/\/boutique-one-piece.com\/pt\/figuras-de-acao-de-one-piece\/estatuetas-do-monkey-d-luffy\/figura-de-acao-de-one-piece-atacando-luffy\/\" \/>\n<meta property=\"og:locale\" content=\"pt_PT\" \/>\n<meta property=\"og:type\" content=\"article\" \/>\n<meta property=\"og:title\" content=\"Figurine One Piece L&#039;Attaque de Luffy | Figurine One Piece \u2013 Boutique One Piece\" \/>\n<meta property=\"og:description\" content=\"Jeune pirate, le moment est venu pour toi d&#039;acqu\u00e9rir cette Figurine One Piece L&#039;Attaque de Luffy. \u00c9tant le h\u00e9ros du manga, il a souvent d\u00e9montr\u00e9 \u00eatre \u00e0 m\u00eame de briser de la roche \u00e0 coups de poing, voire de briser des lames d&#039;\u00e9p\u00e9es avec les dents. Luffy ne semble pas pratiquer un quelconque art martial comme le font Zor\" \/>\n<meta property=\"og:url\" content=\"https:\/\/boutique-one-piece.com\/pt\/figuras-de-acao-de-one-piece\/estatuetas-do-monkey-d-luffy\/figura-de-acao-de-one-piece-atacando-luffy\/\" \/>\n<meta property=\"og:site_name\" content=\"Boutique One Piece\" \/>\n<meta property=\"article:modified_time\" content=\"2024-09-16T11:42:07+00:00\" \/>\n<meta property=\"og:image\" content=\"https:\/\/boutique-one-piece.com\/wp-content\/uploads\/2022\/09\/Figurine-One-Piece-LAttaque-de-Luffy-1.jpg\" \/>\n\t<meta property=\"og:image:width\" content=\"640\" \/>\n\t<meta property=\"og:image:height\" content=\"640\" \/>\n\t<meta property=\"og:image:type\" content=\"image\/jpeg\" \/>\n<meta name=\"twitter:card\" content=\"summary_large_image\" \/>\n<meta name=\"twitter:label1\" content=\"Tempo estimado de leitura\" \/>\n\t<meta name=\"twitter:data1\" content=\"1 minuto\" \/>\n<script type=\"application\/ld+json\" class=\"yoast-schema-graph\">{\"@context\":\"https:\\\/\\\/schema.org\",\"@graph\":[{\"@type\":\"WebPage\",\"@id\":\"https:\\\/\\\/boutique-one-piece.com\\\/figurines-one-piece\\\/figurines-monkey-d-luffy\\\/figurine-one-piece-lattaque-de-luffy\\\/\",\"url\":\"https:\\\/\\\/boutique-one-piece.com\\\/figurines-one-piece\\\/figurines-monkey-d-luffy\\\/figurine-one-piece-lattaque-de-luffy\\\/\",\"name\":\"Figurine One Piece L'Attaque de Luffy | Figurine One Piece \u2013 Boutique One Piece\",\"isPartOf\":{\"@id\":\"https:\\\/\\\/boutique-one-piece.com\\\/#website\"},\"primaryImageOfPage\":{\"@id\":\"https:\\\/\\\/boutique-one-piece.com\\\/figurines-one-piece\\\/figurines-monkey-d-luffy\\\/figurine-one-piece-lattaque-de-luffy\\\/#primaryimage\"},\"image\":{\"@id\":\"https:\\\/\\\/boutique-one-piece.com\\\/figurines-one-piece\\\/figurines-monkey-d-luffy\\\/figurine-one-piece-lattaque-de-luffy\\\/#primaryimage\"},\"thumbnailUrl\":\"https:\\\/\\\/boutique-one-piece.com\\\/wp-content\\\/uploads\\\/2022\\\/09\\\/Figurine-One-Piece-LAttaque-de-Luffy-1.jpg\",\"datePublished\":\"2022-09-27T20:19:39+00:00\",\"dateModified\":\"2024-09-16T11:42:07+00:00\",\"description\":\"Jeune pirate, le moment est venu pour toi d'acqu\u00e9rir cette Figurine One Piece L'Attaque de Luffy. \u00c9tant le h\u00e9ros du manga, il a souvent d\u00e9montr\u00e9 \u00eatre \u00e0 m\u00eame de briser de la roche \u00e0 coups de poing, voire de briser des lames d'\u00e9p\u00e9es avec les dents. Luffy ne semble pas pratiquer un quelconque art martial comme le font Zor\",\"breadcrumb\":{\"@id\":\"https:\\\/\\\/boutique-one-piece.com\\\/figurines-one-piece\\\/figurines-monkey-d-luffy\\\/figurine-one-piece-lattaque-de-luffy\\\/#breadcrumb\"},\"inLanguage\":\"pt-PT\",\"potentialAction\":[{\"@type\":\"ReadAction\",\"target\":[\"https:\\\/\\\/boutique-one-piece.com\\\/figurines-one-piece\\\/figurines-monkey-d-luffy\\\/figurine-one-piece-lattaque-de-luffy\\\/\"]}]},{\"@type\":\"ImageObject\",\"inLanguage\":\"pt-PT\",\"@id\":\"https:\\\/\\\/boutique-one-piece.com\\\/figurines-one-piece\\\/figurines-monkey-d-luffy\\\/figurine-one-piece-lattaque-de-luffy\\\/#primaryimage\",\"url\":\"https:\\\/\\\/boutique-one-piece.com\\\/wp-content\\\/uploads\\\/2022\\\/09\\\/Figurine-One-Piece-LAttaque-de-Luffy-1.jpg\",\"contentUrl\":\"https:\\\/\\\/boutique-one-piece.com\\\/wp-content\\\/uploads\\\/2022\\\/09\\\/Figurine-One-Piece-LAttaque-de-Luffy-1.jpg\",\"width\":640,\"height\":640},{\"@type\":\"BreadcrumbList\",\"@id\":\"https:\\\/\\\/boutique-one-piece.com\\\/figurines-one-piece\\\/figurines-monkey-d-luffy\\\/figurine-one-piece-lattaque-de-luffy\\\/#breadcrumb\",\"itemListElement\":[{\"@type\":\"ListItem\",\"position\":1,\"name\":\"Home\",\"item\":\"https:\\\/\\\/boutique-one-piece.com\\\/\"},{\"@type\":\"ListItem\",\"position\":2,\"name\":\"Shop\",\"item\":\"https:\\\/\\\/boutique-one-piece.com\\\/shop\\\/\"},{\"@type\":\"ListItem\",\"position\":3,\"name\":\"Figurine One Piece L&#8217;Attaque de Luffy\"}]},{\"@type\":\"WebSite\",\"@id\":\"https:\\\/\\\/boutique-one-piece.com\\\/#website\",\"url\":\"https:\\\/\\\/boutique-one-piece.com\\\/\",\"name\":\"Boutique One Piece\",\"description\":\"Magasin Sp\u00e9cialis\u00e9 du Manga et l&#039;Anime One Piece\",\"publisher\":{\"@id\":\"https:\\\/\\\/boutique-one-piece.com\\\/#organization\"},\"potentialAction\":[{\"@type\":\"SearchAction\",\"target\":{\"@type\":\"EntryPoint\",\"urlTemplate\":\"https:\\\/\\\/boutique-one-piece.com\\\/?s={search_term_string}\"},\"query-input\":{\"@type\":\"PropertyValueSpecification\",\"valueRequired\":true,\"valueName\":\"search_term_string\"}}],\"inLanguage\":\"pt-PT\"},{\"@type\":\"Organization\",\"@id\":\"https:\\\/\\\/boutique-one-piece.com\\\/#organization\",\"name\":\"Boutique One Piece\",\"url\":\"https:\\\/\\\/boutique-one-piece.com\\\/\",\"logo\":{\"@type\":\"ImageObject\",\"inLanguage\":\"pt-PT\",\"@id\":\"https:\\\/\\\/boutique-one-piece.com\\\/#\\\/schema\\\/logo\\\/image\\\/\",\"url\":\"https:\\\/\\\/boutique-one-piece.com\\\/wp-content\\\/uploads\\\/2022\\\/09\\\/Logo-01.png\",\"contentUrl\":\"https:\\\/\\\/boutique-one-piece.com\\\/wp-content\\\/uploads\\\/2022\\\/09\\\/Logo-01.png\",\"width\":2318,\"height\":957,\"caption\":\"Boutique One Piece\"},\"image\":{\"@id\":\"https:\\\/\\\/boutique-one-piece.com\\\/#\\\/schema\\\/logo\\\/image\\\/\"}}]}<\/script>\n<!-- \/ Yoast SEO plugin. -->","yoast_head_json":{"title":"Figura de a\u00e7\u00e3o de One Piece do Luffy | Figura de a\u00e7\u00e3o de One Piece \u2013 Loja de One Piece","description":"Jovem pirata, chegou a hora de voc\u00ea adquirir esta figura de a\u00e7\u00e3o do Luffy de One Piece. Como her\u00f3i do mang\u00e1, ele frequentemente demonstra sua habilidade de quebrar rochas com os punhos e at\u00e9 mesmo estilha\u00e7ar l\u00e2minas de espadas com os dentes. Luffy n\u00e3o parece praticar artes marciais como Zoro.","robots":{"index":"index","follow":"follow","max-snippet":"max-snippet:-1","max-image-preview":"max-image-preview:large","max-video-preview":"max-video-preview:-1"},"canonical":"https:\/\/boutique-one-piece.com\/pt\/figuras-de-acao-de-one-piece\/estatuetas-do-monkey-d-luffy\/figura-de-acao-de-one-piece-atacando-luffy\/","og_locale":"pt_PT","og_type":"article","og_title":"Figurine One Piece L'Attaque de Luffy | Figurine One Piece \u2013 Boutique One Piece","og_description":"Jeune pirate, le moment est venu pour toi d'acqu\u00e9rir cette Figurine One Piece L'Attaque de Luffy. \u00c9tant le h\u00e9ros du manga, il a souvent d\u00e9montr\u00e9 \u00eatre \u00e0 m\u00eame de briser de la roche \u00e0 coups de poing, voire de briser des lames d'\u00e9p\u00e9es avec les dents. Luffy ne semble pas pratiquer un quelconque art martial comme le font Zor","og_url":"https:\/\/boutique-one-piece.com\/pt\/figuras-de-acao-de-one-piece\/estatuetas-do-monkey-d-luffy\/figura-de-acao-de-one-piece-atacando-luffy\/","og_site_name":"Boutique One Piece","article_modified_time":"2024-09-16T11:42:07+00:00","og_image":[{"width":640,"height":640,"url":"https:\/\/boutique-one-piece.com\/wp-content\/uploads\/2022\/09\/Figurine-One-Piece-LAttaque-de-Luffy-1.jpg","type":"image\/jpeg"}],"twitter_card":"summary_large_image","twitter_misc":{"Tempo estimado de leitura":"1 minuto"},"schema":{"@context":"https:\/\/schema.org","@graph":[{"@type":"WebPage","@id":"https:\/\/boutique-one-piece.com\/figurines-one-piece\/figurines-monkey-d-luffy\/figurine-one-piece-lattaque-de-luffy\/","url":"https:\/\/boutique-one-piece.com\/figurines-one-piece\/figurines-monkey-d-luffy\/figurine-one-piece-lattaque-de-luffy\/","name":"Figura de a\u00e7\u00e3o de One Piece do Luffy | Figura de a\u00e7\u00e3o de One Piece \u2013 Loja de One Piece","isPartOf":{"@id":"https:\/\/boutique-one-piece.com\/#website"},"primaryImageOfPage":{"@id":"https:\/\/boutique-one-piece.com\/figurines-one-piece\/figurines-monkey-d-luffy\/figurine-one-piece-lattaque-de-luffy\/#primaryimage"},"image":{"@id":"https:\/\/boutique-one-piece.com\/figurines-one-piece\/figurines-monkey-d-luffy\/figurine-one-piece-lattaque-de-luffy\/#primaryimage"},"thumbnailUrl":"https:\/\/boutique-one-piece.com\/wp-content\/uploads\/2022\/09\/Figurine-One-Piece-LAttaque-de-Luffy-1.jpg","datePublished":"2022-09-27T20:19:39+00:00","dateModified":"2024-09-16T11:42:07+00:00","description":"Jovem pirata, chegou a hora de voc\u00ea adquirir esta figura de a\u00e7\u00e3o do Luffy de One Piece. Como her\u00f3i do mang\u00e1, ele frequentemente demonstra sua habilidade de quebrar rochas com os punhos e at\u00e9 mesmo estilha\u00e7ar l\u00e2minas de espadas com os dentes. Luffy n\u00e3o parece praticar artes marciais como Zoro.","breadcrumb":{"@id":"https:\/\/boutique-one-piece.com\/figurines-one-piece\/figurines-monkey-d-luffy\/figurine-one-piece-lattaque-de-luffy\/#breadcrumb"},"inLanguage":"pt-PT","potentialAction":[{"@type":"ReadAction","target":["https:\/\/boutique-one-piece.com\/figurines-one-piece\/figurines-monkey-d-luffy\/figurine-one-piece-lattaque-de-luffy\/"]}]},{"@type":"ImageObject","inLanguage":"pt-PT","@id":"https:\/\/boutique-one-piece.com\/figurines-one-piece\/figurines-monkey-d-luffy\/figurine-one-piece-lattaque-de-luffy\/#primaryimage","url":"https:\/\/boutique-one-piece.com\/wp-content\/uploads\/2022\/09\/Figurine-One-Piece-LAttaque-de-Luffy-1.jpg","contentUrl":"https:\/\/boutique-one-piece.com\/wp-content\/uploads\/2022\/09\/Figurine-One-Piece-LAttaque-de-Luffy-1.jpg","width":640,"height":640},{"@type":"BreadcrumbList","@id":"https:\/\/boutique-one-piece.com\/figurines-one-piece\/figurines-monkey-d-luffy\/figurine-one-piece-lattaque-de-luffy\/#breadcrumb","itemListElement":[{"@type":"ListItem","position":1,"name":"Home","item":"https:\/\/boutique-one-piece.com\/"},{"@type":"ListItem","position":2,"name":"Shop","item":"https:\/\/boutique-one-piece.com\/shop\/"},{"@type":"ListItem","position":3,"name":"Figurine One Piece L&#8217;Attaque de Luffy"}]},{"@type":"WebSite","@id":"https:\/\/boutique-one-piece.com\/#website","url":"https:\/\/boutique-one-piece.com\/","name":"Loja One Piece","description":"Loja especializada em mang\u00e1 e anime de One Piece.","publisher":{"@id":"https:\/\/boutique-one-piece.com\/#organization"},"potentialAction":[{"@type":"SearchAction","target":{"@type":"EntryPoint","urlTemplate":"https:\/\/boutique-one-piece.com\/?s={search_term_string}"},"query-input":{"@type":"PropertyValueSpecification","valueRequired":true,"valueName":"search_term_string"}}],"inLanguage":"pt-PT"},{"@type":"Organization","@id":"https:\/\/boutique-one-piece.com\/#organization","name":"Loja One Piece","url":"https:\/\/boutique-one-piece.com\/","logo":{"@type":"ImageObject","inLanguage":"pt-PT","@id":"https:\/\/boutique-one-piece.com\/#\/schema\/logo\/image\/","url":"https:\/\/boutique-one-piece.com\/wp-content\/uploads\/2022\/09\/Logo-01.png","contentUrl":"https:\/\/boutique-one-piece.com\/wp-content\/uploads\/2022\/09\/Logo-01.png","width":2318,"height":957,"caption":"Boutique One Piece"},"image":{"@id":"https:\/\/boutique-one-piece.com\/#\/schema\/logo\/image\/"}}]}},"_links":{"self":[{"href":"https:\/\/boutique-one-piece.com\/pt\/wp-json\/wp\/v2\/product\/9395","targetHints":{"allow":["GET"]}}],"collection":[{"href":"https:\/\/boutique-one-piece.com\/pt\/wp-json\/wp\/v2\/product"}],"about":[{"href":"https:\/\/boutique-one-piece.com\/pt\/wp-json\/wp\/v2\/types\/product"}],"replies":[{"embeddable":true,"href":"https:\/\/boutique-one-piece.com\/pt\/wp-json\/wp\/v2\/comments?post=9395"}],"wp:featuredmedia":[{"embeddable":true,"href":"https:\/\/boutique-one-piece.com\/pt\/wp-json\/wp\/v2\/media\/9397"}],"wp:attachment":[{"href":"https:\/\/boutique-one-piece.com\/pt\/wp-json\/wp\/v2\/media?parent=9395"}],"wp:term":[{"taxonomy":"product_brand","embeddable":true,"href":"https:\/\/boutique-one-piece.com\/pt\/wp-json\/wp\/v2\/product_brand?post=9395"},{"taxonomy":"product_cat","embeddable":true,"href":"https:\/\/boutique-one-piece.com\/pt\/wp-json\/wp\/v2\/product_cat?post=9395"},{"taxonomy":"product_tag","embeddable":true,"href":"https:\/\/boutique-one-piece.com\/pt\/wp-json\/wp\/v2\/product_tag?post=9395"}],"curies":[{"name":"wp","href":"https:\/\/api.w.org\/{rel}","templated":true}]}}