{"id":9747,"date":"2022-09-27T20:22:08","date_gmt":"2022-09-27T20:22:08","guid":{"rendered":"https:\/\/boutique-one-piece.com\/uncategorized\/peluche-chopper-ancien-chapeau\/"},"modified":"2025-07-26T20:31:53","modified_gmt":"2025-07-26T20:31:53","slug":"chapeu-de-pelucia-vintage-chopper","status":"publish","type":"product","link":"https:\/\/boutique-one-piece.com\/pt\/produtos-de-one-piece\/tony-goodies-tony-chopper-one-piece\/chapeu-de-pelucia-vintage-chopper\/","title":{"rendered":"Chap\u00e9u de pel\u00facia antigo do Chopper"},"content":{"rendered":"<h2>Jovem pirata, venha expandir sua cole\u00e7\u00e3o de pel\u00facias de One Piece. Para isso, adquira j\u00e1 esta pel\u00facia do Old Hat Chopper.<\/h2>\n<p>Tu n\u2019es pas sans savoir que <strong>Tony Tony Chopper<\/strong> est le docteur de l\u2019\u00c9quipage du Chapeau de Paille. Concernant son apparence, Chopper est un renne qui porte un grand chapeau de couleur rose surmont\u00e9 d\u2019une petite croix blanche. Il lui a \u00e9t\u00e9 offert par le <strong>Dr. Hiluluk<\/strong> quand celui-ci a retrouv\u00e9 le petit renne et l\u2019a \u00ab\u00a0adopt\u00e9\u00a0\u00bb. Ses bois ressortent des c\u00f4t\u00e9s de son chapeau. Il porte \u00e9galement un short rouge. Ce sont les habits que Chopper va porter la plupart du temps avant l\u2019Ellipse. Une de ses grandes particularit\u00e9s est qu\u2019il a une truffe bleue.<\/p>\n<p>Apr\u00e8s l\u2019Ellipse, <strong>Chopper est\u00e1 usando um chap\u00e9u azul claro e, por baixo, seu antigo chap\u00e9u rosa.<\/strong>, celui-ci laisse passer ses bois. Il porte aussi un d\u00e9bardeur ray\u00e9 jaune et blanc ainsi qu\u2019un short rouge. Ce sont les habits que Chopper va porter la plupart du temps apr\u00e8s l\u2019Ellipse. D\u2019ailleurs, tu peux d\u2019ores et d\u00e9j\u00e0 te procurer la <a title=\"BRINQUEDO DE PEL\u00daCIA DO Chopper\" href=\"https:\/\/boutique-one-piece.com\/pt\/pelucia-do-helicoptero\/\" target=\"_blank\" rel=\"noopener\">Pel\u00facia do Chopper com seu chap\u00e9u azul.<\/a>.<\/p>\n<h3>Jeune pirate, deviens un membre \u00e0 part enti\u00e8re de l\u2019\u00e9quipage au Chapeau de Paille. N\u2019h\u00e9site plus un instant et procure-toi cette peluche de Chopper v\u00eatu de son ancien chapeau. Le docteur de l\u2019\u00e9quipage t\u2019attend \u00e0 bord du Thousand Sunny.<\/h3>\n<p><strong>Uma peda\u00e7o<\/strong> est le manga le plus lu au monde. Sois fier de faire partie du monde fantastique de Luffy. Ce monde o\u00f9 la piraterie n\u2019est jamais finie ! Prends ton destin entre tes mains et pars \u00e0 la conqu\u00eate du tr\u00e9sor One Piece. Dans tous les cas, sache que tu es au bon endroit pour commencer ton aventure ou la continuer. Ces <strong>objetos m\u00edticos<\/strong> S\u00e3o definitivamente feitas para voc\u00ea.<\/p>\n<h2>Informa\u00e7\u00f5es sobre o boneco de pel\u00facia do Chopper de One Piece:<\/h2>\n<ul>\n<li>\u00a0<b>Tipo de produto<\/b><span>\u00a0<\/span>brinquedo de pel\u00facia do mang\u00e1 One Piece<\/li>\n<\/ul>\n<ul>\n<li>\n<b>Uso do Peluce<\/b>\u00a0Brinquedos, decora\u00e7\u00f5es, itens de colecionador, presentes<\/li>\n<\/ul>\n<ul>\n<li>\n<b>Nome do personagem<\/b>\u00a0Tony Chopper<\/li>\n<\/ul>\n<ul>\n<li>\n<b>tamanho do brinquedo de pel\u00facia<\/b>\u00a0: 30 cent\u00edmetros<\/li>\n<\/ul>\n<ul>\n<li>\n<b>Mat\u00e9ria<\/b>\u00a0: Algod\u00e3o<\/li>\n<\/ul>\n<ul>\n<li>\n<b>Idade recomendada<\/b>\u00a0: mais de 3 anos<\/li>\n<\/ul>\n<ul>\n<li>\n<b>Entrega gr\u00e1tis<\/b> para qualquer compra<\/li>\n<\/ul>","protected":false},"excerpt":{"rendered":"<p>Jeune pirate, viens agrandir ta collection de peluche One Piece. Pour ce faire, procure-toi d\u00e8s maintenant, cette Peluche Chopper Ancien Chapeau. Tu n\u2019es pas sans savoir que Tony Tony Chopper est le docteur de l\u2019\u00c9quipage du Chapeau de Paille. Concernant son apparence, Chopper est un renne qui porte un grand chapeau de couleur rose surmont\u00e9 [&hellip;]<\/p>","protected":false},"featured_media":9749,"comment_status":"open","ping_status":"open","template":"","meta":[],"product_brand":[],"product_cat":[163,177],"product_tag":[165],"class_list":{"0":"post-9747","1":"product","2":"type-product","3":"status-publish","4":"has-post-thumbnail","6":"product_cat-goodies-tony-tony-chopper-one-piece","7":"product_cat-peluches-one-piece","8":"product_tag-chopper","10":"first","11":"instock","12":"purchasable","13":"product-type-simple"},"yoast_head":"<!-- This site is optimized with the Yoast SEO plugin v27.5 - https:\/\/yoast.com\/product\/yoast-seo-wordpress\/ -->\n<title>Peluche Chopper Ancien Chapeau | Boutique One Piece<\/title>\n<meta name=\"description\" content=\"D\u00e9couvrez la peluche One Piece Tony Chopper avec son ancien design de chapeau, elle est aussi douce que mignonne ! Commencez votre aventure de pirate \u00e0 la recherche du One Piece dans l&#039;\u00e9quipage du Chapeau de Paille\" \/>\n<meta name=\"robots\" content=\"index, follow, max-snippet:-1, max-image-preview:large, max-video-preview:-1\" \/>\n<link rel=\"canonical\" href=\"https:\/\/boutique-one-piece.com\/pt\/brinquedos-de-pelucia-de-one-piece\/chapeu-de-pelucia-vintage-chopper\/\" \/>\n<meta property=\"og:locale\" content=\"pt_PT\" \/>\n<meta property=\"og:type\" content=\"article\" \/>\n<meta property=\"og:title\" content=\"Peluche Chopper Ancien Chapeau | Boutique One Piece\" \/>\n<meta property=\"og:description\" content=\"D\u00e9couvrez la peluche One Piece Tony Chopper avec son ancien design de chapeau, elle est aussi douce que mignonne ! Commencez votre aventure de pirate \u00e0 la recherche du One Piece dans l&#039;\u00e9quipage du Chapeau de Paille\" \/>\n<meta property=\"og:url\" content=\"https:\/\/boutique-one-piece.com\/pt\/brinquedos-de-pelucia-de-one-piece\/chapeu-de-pelucia-vintage-chopper\/\" \/>\n<meta property=\"og:site_name\" content=\"Boutique One Piece\" \/>\n<meta property=\"article:modified_time\" content=\"2025-07-26T20:31:53+00:00\" \/>\n<meta property=\"og:image\" content=\"https:\/\/boutique-one-piece.com\/wp-content\/uploads\/2022\/09\/Peluche-Chopper-Ancien-Chapeau-1.png\" \/>\n\t<meta property=\"og:image:width\" content=\"500\" \/>\n\t<meta property=\"og:image:height\" content=\"500\" \/>\n\t<meta property=\"og:image:type\" content=\"image\/png\" \/>\n<meta name=\"twitter:card\" content=\"summary_large_image\" \/>\n<meta name=\"twitter:label1\" content=\"Tempo estimado de leitura\" \/>\n\t<meta name=\"twitter:data1\" content=\"2 minutos\" \/>\n<script type=\"application\/ld+json\" class=\"yoast-schema-graph\">{\"@context\":\"https:\\\/\\\/schema.org\",\"@graph\":[{\"@type\":\"WebPage\",\"@id\":\"https:\\\/\\\/boutique-one-piece.com\\\/peluches-one-piece\\\/peluche-chopper-ancien-chapeau\\\/\",\"url\":\"https:\\\/\\\/boutique-one-piece.com\\\/peluches-one-piece\\\/peluche-chopper-ancien-chapeau\\\/\",\"name\":\"Peluche Chopper Ancien Chapeau | Boutique One Piece\",\"isPartOf\":{\"@id\":\"https:\\\/\\\/boutique-one-piece.com\\\/#website\"},\"primaryImageOfPage\":{\"@id\":\"https:\\\/\\\/boutique-one-piece.com\\\/peluches-one-piece\\\/peluche-chopper-ancien-chapeau\\\/#primaryimage\"},\"image\":{\"@id\":\"https:\\\/\\\/boutique-one-piece.com\\\/peluches-one-piece\\\/peluche-chopper-ancien-chapeau\\\/#primaryimage\"},\"thumbnailUrl\":\"https:\\\/\\\/boutique-one-piece.com\\\/wp-content\\\/uploads\\\/2022\\\/09\\\/Peluche-Chopper-Ancien-Chapeau-1.png\",\"datePublished\":\"2022-09-27T20:22:08+00:00\",\"dateModified\":\"2025-07-26T20:31:53+00:00\",\"description\":\"D\u00e9couvrez la peluche One Piece Tony Chopper avec son ancien design de chapeau, elle est aussi douce que mignonne ! Commencez votre aventure de pirate \u00e0 la recherche du One Piece dans l'\u00e9quipage du Chapeau de Paille\",\"breadcrumb\":{\"@id\":\"https:\\\/\\\/boutique-one-piece.com\\\/peluches-one-piece\\\/peluche-chopper-ancien-chapeau\\\/#breadcrumb\"},\"inLanguage\":\"pt-PT\",\"potentialAction\":[{\"@type\":\"ReadAction\",\"target\":[\"https:\\\/\\\/boutique-one-piece.com\\\/peluches-one-piece\\\/peluche-chopper-ancien-chapeau\\\/\"]}]},{\"@type\":\"ImageObject\",\"inLanguage\":\"pt-PT\",\"@id\":\"https:\\\/\\\/boutique-one-piece.com\\\/peluches-one-piece\\\/peluche-chopper-ancien-chapeau\\\/#primaryimage\",\"url\":\"https:\\\/\\\/boutique-one-piece.com\\\/wp-content\\\/uploads\\\/2022\\\/09\\\/Peluche-Chopper-Ancien-Chapeau-1.png\",\"contentUrl\":\"https:\\\/\\\/boutique-one-piece.com\\\/wp-content\\\/uploads\\\/2022\\\/09\\\/Peluche-Chopper-Ancien-Chapeau-1.png\",\"width\":500,\"height\":500},{\"@type\":\"BreadcrumbList\",\"@id\":\"https:\\\/\\\/boutique-one-piece.com\\\/peluches-one-piece\\\/peluche-chopper-ancien-chapeau\\\/#breadcrumb\",\"itemListElement\":[{\"@type\":\"ListItem\",\"position\":1,\"name\":\"Home\",\"item\":\"https:\\\/\\\/boutique-one-piece.com\\\/\"},{\"@type\":\"ListItem\",\"position\":2,\"name\":\"Shop\",\"item\":\"https:\\\/\\\/boutique-one-piece.com\\\/shop\\\/\"},{\"@type\":\"ListItem\",\"position\":3,\"name\":\"Peluche Chopper Ancien Chapeau\"}]},{\"@type\":\"WebSite\",\"@id\":\"https:\\\/\\\/boutique-one-piece.com\\\/#website\",\"url\":\"https:\\\/\\\/boutique-one-piece.com\\\/\",\"name\":\"Boutique One Piece\",\"description\":\"Magasin Sp\u00e9cialis\u00e9 du Manga et l&#039;Anime One Piece\",\"publisher\":{\"@id\":\"https:\\\/\\\/boutique-one-piece.com\\\/#organization\"},\"potentialAction\":[{\"@type\":\"SearchAction\",\"target\":{\"@type\":\"EntryPoint\",\"urlTemplate\":\"https:\\\/\\\/boutique-one-piece.com\\\/?s={search_term_string}\"},\"query-input\":{\"@type\":\"PropertyValueSpecification\",\"valueRequired\":true,\"valueName\":\"search_term_string\"}}],\"inLanguage\":\"pt-PT\"},{\"@type\":\"Organization\",\"@id\":\"https:\\\/\\\/boutique-one-piece.com\\\/#organization\",\"name\":\"Boutique One Piece\",\"url\":\"https:\\\/\\\/boutique-one-piece.com\\\/\",\"logo\":{\"@type\":\"ImageObject\",\"inLanguage\":\"pt-PT\",\"@id\":\"https:\\\/\\\/boutique-one-piece.com\\\/#\\\/schema\\\/logo\\\/image\\\/\",\"url\":\"https:\\\/\\\/boutique-one-piece.com\\\/wp-content\\\/uploads\\\/2022\\\/09\\\/Logo-01.png\",\"contentUrl\":\"https:\\\/\\\/boutique-one-piece.com\\\/wp-content\\\/uploads\\\/2022\\\/09\\\/Logo-01.png\",\"width\":2318,\"height\":957,\"caption\":\"Boutique One Piece\"},\"image\":{\"@id\":\"https:\\\/\\\/boutique-one-piece.com\\\/#\\\/schema\\\/logo\\\/image\\\/\"}}]}<\/script>\n<!-- \/ Yoast SEO plugin. -->","yoast_head_json":{"title":"Chap\u00e9u de Pel\u00facia do Velho Chopper | Loja One Piece","description":"Descubra o boneco de pel\u00facia do Tony Chopper de One Piece com seu design cl\u00e1ssico de chap\u00e9u \u2013 ele \u00e9 t\u00e3o macio quanto fofo! Comece sua aventura pirata em busca do One Piece com a tripula\u00e7\u00e3o do Chap\u00e9u de Palha.","robots":{"index":"index","follow":"follow","max-snippet":"max-snippet:-1","max-image-preview":"max-image-preview:large","max-video-preview":"max-video-preview:-1"},"canonical":"https:\/\/boutique-one-piece.com\/pt\/brinquedos-de-pelucia-de-one-piece\/chapeu-de-pelucia-vintage-chopper\/","og_locale":"pt_PT","og_type":"article","og_title":"Peluche Chopper Ancien Chapeau | Boutique One Piece","og_description":"D\u00e9couvrez la peluche One Piece Tony Chopper avec son ancien design de chapeau, elle est aussi douce que mignonne ! Commencez votre aventure de pirate \u00e0 la recherche du One Piece dans l'\u00e9quipage du Chapeau de Paille","og_url":"https:\/\/boutique-one-piece.com\/pt\/brinquedos-de-pelucia-de-one-piece\/chapeu-de-pelucia-vintage-chopper\/","og_site_name":"Boutique One Piece","article_modified_time":"2025-07-26T20:31:53+00:00","og_image":[{"width":500,"height":500,"url":"https:\/\/boutique-one-piece.com\/wp-content\/uploads\/2022\/09\/Peluche-Chopper-Ancien-Chapeau-1.png","type":"image\/png"}],"twitter_card":"summary_large_image","twitter_misc":{"Tempo estimado de leitura":"2 minutos"},"schema":{"@context":"https:\/\/schema.org","@graph":[{"@type":"WebPage","@id":"https:\/\/boutique-one-piece.com\/peluches-one-piece\/peluche-chopper-ancien-chapeau\/","url":"https:\/\/boutique-one-piece.com\/peluches-one-piece\/peluche-chopper-ancien-chapeau\/","name":"Chap\u00e9u de Pel\u00facia do Velho Chopper | Loja One Piece","isPartOf":{"@id":"https:\/\/boutique-one-piece.com\/#website"},"primaryImageOfPage":{"@id":"https:\/\/boutique-one-piece.com\/peluches-one-piece\/peluche-chopper-ancien-chapeau\/#primaryimage"},"image":{"@id":"https:\/\/boutique-one-piece.com\/peluches-one-piece\/peluche-chopper-ancien-chapeau\/#primaryimage"},"thumbnailUrl":"https:\/\/boutique-one-piece.com\/wp-content\/uploads\/2022\/09\/Peluche-Chopper-Ancien-Chapeau-1.png","datePublished":"2022-09-27T20:22:08+00:00","dateModified":"2025-07-26T20:31:53+00:00","description":"Descubra o boneco de pel\u00facia do Tony Chopper de One Piece com seu design cl\u00e1ssico de chap\u00e9u \u2013 ele \u00e9 t\u00e3o macio quanto fofo! Comece sua aventura pirata em busca do One Piece com a tripula\u00e7\u00e3o do Chap\u00e9u de Palha.","breadcrumb":{"@id":"https:\/\/boutique-one-piece.com\/peluches-one-piece\/peluche-chopper-ancien-chapeau\/#breadcrumb"},"inLanguage":"pt-PT","potentialAction":[{"@type":"ReadAction","target":["https:\/\/boutique-one-piece.com\/peluches-one-piece\/peluche-chopper-ancien-chapeau\/"]}]},{"@type":"ImageObject","inLanguage":"pt-PT","@id":"https:\/\/boutique-one-piece.com\/peluches-one-piece\/peluche-chopper-ancien-chapeau\/#primaryimage","url":"https:\/\/boutique-one-piece.com\/wp-content\/uploads\/2022\/09\/Peluche-Chopper-Ancien-Chapeau-1.png","contentUrl":"https:\/\/boutique-one-piece.com\/wp-content\/uploads\/2022\/09\/Peluche-Chopper-Ancien-Chapeau-1.png","width":500,"height":500},{"@type":"BreadcrumbList","@id":"https:\/\/boutique-one-piece.com\/peluches-one-piece\/peluche-chopper-ancien-chapeau\/#breadcrumb","itemListElement":[{"@type":"ListItem","position":1,"name":"Home","item":"https:\/\/boutique-one-piece.com\/"},{"@type":"ListItem","position":2,"name":"Shop","item":"https:\/\/boutique-one-piece.com\/shop\/"},{"@type":"ListItem","position":3,"name":"Peluche Chopper Ancien Chapeau"}]},{"@type":"WebSite","@id":"https:\/\/boutique-one-piece.com\/#website","url":"https:\/\/boutique-one-piece.com\/","name":"Loja One Piece","description":"Loja especializada em mang\u00e1 e anime de One Piece.","publisher":{"@id":"https:\/\/boutique-one-piece.com\/#organization"},"potentialAction":[{"@type":"SearchAction","target":{"@type":"EntryPoint","urlTemplate":"https:\/\/boutique-one-piece.com\/?s={search_term_string}"},"query-input":{"@type":"PropertyValueSpecification","valueRequired":true,"valueName":"search_term_string"}}],"inLanguage":"pt-PT"},{"@type":"Organization","@id":"https:\/\/boutique-one-piece.com\/#organization","name":"Loja One Piece","url":"https:\/\/boutique-one-piece.com\/","logo":{"@type":"ImageObject","inLanguage":"pt-PT","@id":"https:\/\/boutique-one-piece.com\/#\/schema\/logo\/image\/","url":"https:\/\/boutique-one-piece.com\/wp-content\/uploads\/2022\/09\/Logo-01.png","contentUrl":"https:\/\/boutique-one-piece.com\/wp-content\/uploads\/2022\/09\/Logo-01.png","width":2318,"height":957,"caption":"Boutique One Piece"},"image":{"@id":"https:\/\/boutique-one-piece.com\/#\/schema\/logo\/image\/"}}]}},"_links":{"self":[{"href":"https:\/\/boutique-one-piece.com\/pt\/wp-json\/wp\/v2\/product\/9747","targetHints":{"allow":["GET"]}}],"collection":[{"href":"https:\/\/boutique-one-piece.com\/pt\/wp-json\/wp\/v2\/product"}],"about":[{"href":"https:\/\/boutique-one-piece.com\/pt\/wp-json\/wp\/v2\/types\/product"}],"replies":[{"embeddable":true,"href":"https:\/\/boutique-one-piece.com\/pt\/wp-json\/wp\/v2\/comments?post=9747"}],"wp:featuredmedia":[{"embeddable":true,"href":"https:\/\/boutique-one-piece.com\/pt\/wp-json\/wp\/v2\/media\/9749"}],"wp:attachment":[{"href":"https:\/\/boutique-one-piece.com\/pt\/wp-json\/wp\/v2\/media?parent=9747"}],"wp:term":[{"taxonomy":"product_brand","embeddable":true,"href":"https:\/\/boutique-one-piece.com\/pt\/wp-json\/wp\/v2\/product_brand?post=9747"},{"taxonomy":"product_cat","embeddable":true,"href":"https:\/\/boutique-one-piece.com\/pt\/wp-json\/wp\/v2\/product_cat?post=9747"},{"taxonomy":"product_tag","embeddable":true,"href":"https:\/\/boutique-one-piece.com\/pt\/wp-json\/wp\/v2\/product_tag?post=9747"}],"curies":[{"name":"wp","href":"https:\/\/api.w.org\/{rel}","templated":true}]}}