{"id":9870,"date":"2022-09-27T20:23:09","date_gmt":"2022-09-27T20:23:09","guid":{"rendered":"https:\/\/boutique-one-piece.com\/uncategorized\/figurine-one-piece-jinbe-karate-homme-poisson\/"},"modified":"2024-09-16T11:52:45","modified_gmt":"2024-09-16T11:52:45","slug":"figura-de-acao-do-jinbe-o-homem-peixe-karate-de-one-piece","status":"publish","type":"product","link":"https:\/\/boutique-one-piece.com\/pt\/figuras-de-acao-de-one-piece\/estatuetas-de-jinbe\/figura-de-acao-do-jinbe-o-homem-peixe-karate-de-one-piece\/","title":{"rendered":"Figura de carat\u00ea do Jinbe, o Homem-Peixe de One Piece"},"content":{"rendered":"<h2>Jovem pirata, chegou a hora de voc\u00ea adquirir esta figura de a\u00e7\u00e3o do Jinbe, o Homem-Peixe Karateador de One Piece.<\/h2>\n<p>Eis o que voc\u00ea precisa saber sobre ele; Jinbe, tamb\u00e9m conhecido como &quot;\u00ab\u00a0<strong>O Paladino dos Mares<\/strong>\u00a0\u00bb&quot;\u00e9 o timoneiro da tripula\u00e7\u00e3o do Chap\u00e9u de Palha. Um timoneiro \u00e9 a pessoa que dirige o navio.&quot;.<strong> Jinbe<\/strong> \u00e9 oficialmente o d\u00e9cimo membro da tripula\u00e7\u00e3o do Chap\u00e9u de Palha e o nono a se juntar \u00e0 tripula\u00e7\u00e3o de Luffy.<\/p>\n<p>Al\u00e9m disso, o <a title=\"Figura Pok\u00e9mon do Capit\u00e3o Luffy do Chap\u00e9u de Palha\" href=\"https:\/\/boutique-one-piece.com\/pt\/figura-pokemon-do-capitao-luffy-com-o-chapeu-de-palha\/\" target=\"_blank\" rel=\"noopener\">Estatueta do Capit\u00e3o Chap\u00e9u de Palha<\/a> est\u00e1 ao seu alcance. Voltando a Jinbe, voc\u00ea deve saber que ele \u00e9 um mestre em <strong>Carat\u00ea Anf\u00edbio<\/strong>. Ele, portanto, usa essa arte marcial para derrubar v\u00e1rios homens de uma s\u00f3 vez. Seus golpes s\u00e3o t\u00e3o poderosos que ele n\u00e3o precisa fazer contato f\u00edsico com o inimigo, j\u00e1 que o pr\u00f3prio ar os repele.<\/p>\n<h3>Ent\u00e3o, voc\u00ea ficou fascinado pela estatueta &quot;Paladino dos Mares&quot;? Se sim, viva muitas aventuras ao lado dele embarcando no Thousand Sunny.<\/h3>\n<p>Seja voc\u00ea um f\u00e3 incondicional ou um colecionador s\u00e9rio, estes itens s\u00e3o definitivamente para voc\u00ea. Perfeitos para presentear, usar ou colecionar, eles ir\u00e3o enriquecer sua cole\u00e7\u00e3o. <strong>seu universo de One Piece<\/strong>. Tome as r\u00e9deas do seu destino, jovem pirata, e embarque na aventura! <strong>Thomas Sunny<\/strong>, Muitas aventuras te aguardam l\u00e1.<\/p>\n<h2>Informa\u00e7\u00f5es sobre a figura de carat\u00ea Jinbe Homem-Peixe.&nbsp;<\/h2>\n<ul>\n<li><span><b><u>Figura de a\u00e7\u00e3o de One Piece<\/u><\/b>&nbsp;Figura premium de One Piece para verdadeiros piratas.<\/span><\/li>\n<\/ul>\n<ul>\n<li>\n<b>Mat\u00e9ria<\/b><span>&nbsp;<\/span>PVC<\/li>\n<\/ul>\n<ul>\n<li><span><strong>Dimens\u00e3o<\/strong>&nbsp;: 18 cm<\/span><\/li>\n<\/ul>\n<ul>\n<li><span><strong>ENTREGA GR\u00c1TIS<\/strong><\/span><\/li>\n<\/ul>","protected":false},"excerpt":{"rendered":"<p>Jovem pirata, chegou a hora de voc\u00ea colocar as m\u00e3os nesta figura do Jinbe, o Homem-Peixe Karateador de One Piece. Aqui est\u00e1 o que voc\u00ea precisa saber sobre ele: Jinbe, tamb\u00e9m conhecido como &quot;O Paladino dos Mares&quot;, \u00e9 o timoneiro do Bando do Chap\u00e9u de Palha. Um timoneiro \u00e9 a pessoa que [\u2026]<\/p>","protected":false},"featured_media":19236,"comment_status":"open","ping_status":"open","template":"","meta":[],"product_brand":[],"product_cat":[301,76],"product_tag":[274],"class_list":{"0":"post-9870","1":"product","2":"type-product","3":"status-publish","4":"has-post-thumbnail","6":"product_cat-figurines-jinbe","7":"product_cat-figurines-one-piece","8":"product_tag-jinbe","10":"first","11":"instock","12":"purchasable","13":"product-type-simple"},"yoast_head":"<!-- This site is optimized with the Yoast SEO plugin v27.5 - https:\/\/yoast.com\/product\/yoast-seo-wordpress\/ -->\n<title>Figurine One Piece Jinbe Karat\u00e9 Des Hommes Poisson | Figurine One Piece \u2013 Boutique One Piece<\/title>\n<meta name=\"description\" content=\"Jeune pirate, le moment est venu pour toi de te procurer cette Figurine One Piece Jinbe Karat\u00e9 Des Hommes Poisson. Voici ce que tu dois savoir \u00e0 son sujet ; Jinbe \u00e9galement appel\u00e9 &quot;Le Paladin des Mers&quot; est le timonier de l&#039;\u00c9quipage du Chapeau de Paille. Un timonier ou un barreur, est la personne qui dirige le navire. J\" \/>\n<meta name=\"robots\" content=\"index, follow, max-snippet:-1, max-image-preview:large, max-video-preview:-1\" \/>\n<link rel=\"canonical\" href=\"https:\/\/boutique-one-piece.com\/pt\/figuras-de-acao-de-one-piece\/estatuetas-de-jinbe\/figura-de-acao-do-jinbe-o-homem-peixe-karate-de-one-piece\/\" \/>\n<meta property=\"og:locale\" content=\"pt_PT\" \/>\n<meta property=\"og:type\" content=\"article\" \/>\n<meta property=\"og:title\" content=\"Figurine One Piece Jinbe Karat\u00e9 Des Hommes Poisson | Figurine One Piece \u2013 Boutique One Piece\" \/>\n<meta property=\"og:description\" content=\"Jeune pirate, le moment est venu pour toi de te procurer cette Figurine One Piece Jinbe Karat\u00e9 Des Hommes Poisson. Voici ce que tu dois savoir \u00e0 son sujet ; Jinbe \u00e9galement appel\u00e9 &quot;Le Paladin des Mers&quot; est le timonier de l&#039;\u00c9quipage du Chapeau de Paille. Un timonier ou un barreur, est la personne qui dirige le navire. J\" \/>\n<meta property=\"og:url\" content=\"https:\/\/boutique-one-piece.com\/pt\/figuras-de-acao-de-one-piece\/estatuetas-de-jinbe\/figura-de-acao-do-jinbe-o-homem-peixe-karate-de-one-piece\/\" \/>\n<meta property=\"og:site_name\" content=\"Boutique One Piece\" \/>\n<meta property=\"article:modified_time\" content=\"2024-09-16T11:52:45+00:00\" \/>\n<meta property=\"og:image\" content=\"https:\/\/boutique-one-piece.com\/wp-content\/uploads\/2022\/09\/H8d6545effc834a45ba219f8e12ee17a0U.jpg\" \/>\n\t<meta property=\"og:image:width\" content=\"800\" \/>\n\t<meta property=\"og:image:height\" content=\"800\" \/>\n\t<meta property=\"og:image:type\" content=\"image\/jpeg\" \/>\n<meta name=\"twitter:card\" content=\"summary_large_image\" \/>\n<meta name=\"twitter:label1\" content=\"Tempo estimado de leitura\" \/>\n\t<meta name=\"twitter:data1\" content=\"2 minutos\" \/>\n<script type=\"application\/ld+json\" class=\"yoast-schema-graph\">{\"@context\":\"https:\\\/\\\/schema.org\",\"@graph\":[{\"@type\":\"WebPage\",\"@id\":\"https:\\\/\\\/boutique-one-piece.com\\\/figurines-one-piece\\\/figurines-jinbe\\\/figurine-one-piece-jinbe-karate-homme-poisson\\\/\",\"url\":\"https:\\\/\\\/boutique-one-piece.com\\\/figurines-one-piece\\\/figurines-jinbe\\\/figurine-one-piece-jinbe-karate-homme-poisson\\\/\",\"name\":\"Figurine One Piece Jinbe Karat\u00e9 Des Hommes Poisson | Figurine One Piece \u2013 Boutique One Piece\",\"isPartOf\":{\"@id\":\"https:\\\/\\\/boutique-one-piece.com\\\/#website\"},\"primaryImageOfPage\":{\"@id\":\"https:\\\/\\\/boutique-one-piece.com\\\/figurines-one-piece\\\/figurines-jinbe\\\/figurine-one-piece-jinbe-karate-homme-poisson\\\/#primaryimage\"},\"image\":{\"@id\":\"https:\\\/\\\/boutique-one-piece.com\\\/figurines-one-piece\\\/figurines-jinbe\\\/figurine-one-piece-jinbe-karate-homme-poisson\\\/#primaryimage\"},\"thumbnailUrl\":\"https:\\\/\\\/boutique-one-piece.com\\\/wp-content\\\/uploads\\\/2022\\\/09\\\/H8d6545effc834a45ba219f8e12ee17a0U.jpg\",\"datePublished\":\"2022-09-27T20:23:09+00:00\",\"dateModified\":\"2024-09-16T11:52:45+00:00\",\"description\":\"Jeune pirate, le moment est venu pour toi de te procurer cette Figurine One Piece Jinbe Karat\u00e9 Des Hommes Poisson. Voici ce que tu dois savoir \u00e0 son sujet ; Jinbe \u00e9galement appel\u00e9 \\\"Le Paladin des Mers\\\" est le timonier de l'\u00c9quipage du Chapeau de Paille. Un timonier ou un barreur, est la personne qui dirige le navire. J\",\"breadcrumb\":{\"@id\":\"https:\\\/\\\/boutique-one-piece.com\\\/figurines-one-piece\\\/figurines-jinbe\\\/figurine-one-piece-jinbe-karate-homme-poisson\\\/#breadcrumb\"},\"inLanguage\":\"pt-PT\",\"potentialAction\":[{\"@type\":\"ReadAction\",\"target\":[\"https:\\\/\\\/boutique-one-piece.com\\\/figurines-one-piece\\\/figurines-jinbe\\\/figurine-one-piece-jinbe-karate-homme-poisson\\\/\"]}]},{\"@type\":\"ImageObject\",\"inLanguage\":\"pt-PT\",\"@id\":\"https:\\\/\\\/boutique-one-piece.com\\\/figurines-one-piece\\\/figurines-jinbe\\\/figurine-one-piece-jinbe-karate-homme-poisson\\\/#primaryimage\",\"url\":\"https:\\\/\\\/boutique-one-piece.com\\\/wp-content\\\/uploads\\\/2022\\\/09\\\/H8d6545effc834a45ba219f8e12ee17a0U.jpg\",\"contentUrl\":\"https:\\\/\\\/boutique-one-piece.com\\\/wp-content\\\/uploads\\\/2022\\\/09\\\/H8d6545effc834a45ba219f8e12ee17a0U.jpg\",\"width\":800,\"height\":800},{\"@type\":\"BreadcrumbList\",\"@id\":\"https:\\\/\\\/boutique-one-piece.com\\\/figurines-one-piece\\\/figurines-jinbe\\\/figurine-one-piece-jinbe-karate-homme-poisson\\\/#breadcrumb\",\"itemListElement\":[{\"@type\":\"ListItem\",\"position\":1,\"name\":\"Home\",\"item\":\"https:\\\/\\\/boutique-one-piece.com\\\/\"},{\"@type\":\"ListItem\",\"position\":2,\"name\":\"Shop\",\"item\":\"https:\\\/\\\/boutique-one-piece.com\\\/shop\\\/\"},{\"@type\":\"ListItem\",\"position\":3,\"name\":\"Figurine One Piece Jinbe Karat\u00e9 Des Hommes Poisson\"}]},{\"@type\":\"WebSite\",\"@id\":\"https:\\\/\\\/boutique-one-piece.com\\\/#website\",\"url\":\"https:\\\/\\\/boutique-one-piece.com\\\/\",\"name\":\"Boutique One Piece\",\"description\":\"Magasin Sp\u00e9cialis\u00e9 du Manga et l&#039;Anime One Piece\",\"publisher\":{\"@id\":\"https:\\\/\\\/boutique-one-piece.com\\\/#organization\"},\"potentialAction\":[{\"@type\":\"SearchAction\",\"target\":{\"@type\":\"EntryPoint\",\"urlTemplate\":\"https:\\\/\\\/boutique-one-piece.com\\\/?s={search_term_string}\"},\"query-input\":{\"@type\":\"PropertyValueSpecification\",\"valueRequired\":true,\"valueName\":\"search_term_string\"}}],\"inLanguage\":\"pt-PT\"},{\"@type\":\"Organization\",\"@id\":\"https:\\\/\\\/boutique-one-piece.com\\\/#organization\",\"name\":\"Boutique One Piece\",\"url\":\"https:\\\/\\\/boutique-one-piece.com\\\/\",\"logo\":{\"@type\":\"ImageObject\",\"inLanguage\":\"pt-PT\",\"@id\":\"https:\\\/\\\/boutique-one-piece.com\\\/#\\\/schema\\\/logo\\\/image\\\/\",\"url\":\"https:\\\/\\\/boutique-one-piece.com\\\/wp-content\\\/uploads\\\/2022\\\/09\\\/Logo-01.png\",\"contentUrl\":\"https:\\\/\\\/boutique-one-piece.com\\\/wp-content\\\/uploads\\\/2022\\\/09\\\/Logo-01.png\",\"width\":2318,\"height\":957,\"caption\":\"Boutique One Piece\"},\"image\":{\"@id\":\"https:\\\/\\\/boutique-one-piece.com\\\/#\\\/schema\\\/logo\\\/image\\\/\"}}]}<\/script>\n<!-- \/ Yoast SEO plugin. -->","yoast_head_json":{"title":"Figura de a\u00e7\u00e3o do Jinbe, o Homem-Peixe Karateador, de One Piece | Figura de a\u00e7\u00e3o de One Piece \u2013 Loja One Piece","description":"Jovem pirata, chegou a hora de voc\u00ea colocar as m\u00e3os nesta figura do Jinbe, o Homem-Peixe Karateador de One Piece. Aqui est\u00e1 o que voc\u00ea precisa saber sobre ele: Jinbe, tamb\u00e9m conhecido como &quot;O Paladino dos Mares&quot;, \u00e9 o timoneiro do Bando do Chap\u00e9u de Palha. Um timoneiro \u00e9 a pessoa que dirige o navio.","robots":{"index":"index","follow":"follow","max-snippet":"max-snippet:-1","max-image-preview":"max-image-preview:large","max-video-preview":"max-video-preview:-1"},"canonical":"https:\/\/boutique-one-piece.com\/pt\/figuras-de-acao-de-one-piece\/estatuetas-de-jinbe\/figura-de-acao-do-jinbe-o-homem-peixe-karate-de-one-piece\/","og_locale":"pt_PT","og_type":"article","og_title":"Figurine One Piece Jinbe Karat\u00e9 Des Hommes Poisson | Figurine One Piece \u2013 Boutique One Piece","og_description":"Jeune pirate, le moment est venu pour toi de te procurer cette Figurine One Piece Jinbe Karat\u00e9 Des Hommes Poisson. Voici ce que tu dois savoir \u00e0 son sujet ; Jinbe \u00e9galement appel\u00e9 \"Le Paladin des Mers\" est le timonier de l'\u00c9quipage du Chapeau de Paille. Un timonier ou un barreur, est la personne qui dirige le navire. J","og_url":"https:\/\/boutique-one-piece.com\/pt\/figuras-de-acao-de-one-piece\/estatuetas-de-jinbe\/figura-de-acao-do-jinbe-o-homem-peixe-karate-de-one-piece\/","og_site_name":"Boutique One Piece","article_modified_time":"2024-09-16T11:52:45+00:00","og_image":[{"width":800,"height":800,"url":"https:\/\/boutique-one-piece.com\/wp-content\/uploads\/2022\/09\/H8d6545effc834a45ba219f8e12ee17a0U.jpg","type":"image\/jpeg"}],"twitter_card":"summary_large_image","twitter_misc":{"Tempo estimado de leitura":"2 minutos"},"schema":{"@context":"https:\/\/schema.org","@graph":[{"@type":"WebPage","@id":"https:\/\/boutique-one-piece.com\/figurines-one-piece\/figurines-jinbe\/figurine-one-piece-jinbe-karate-homme-poisson\/","url":"https:\/\/boutique-one-piece.com\/figurines-one-piece\/figurines-jinbe\/figurine-one-piece-jinbe-karate-homme-poisson\/","name":"Figura de a\u00e7\u00e3o do Jinbe, o Homem-Peixe Karateador, de One Piece | Figura de a\u00e7\u00e3o de One Piece \u2013 Loja One Piece","isPartOf":{"@id":"https:\/\/boutique-one-piece.com\/#website"},"primaryImageOfPage":{"@id":"https:\/\/boutique-one-piece.com\/figurines-one-piece\/figurines-jinbe\/figurine-one-piece-jinbe-karate-homme-poisson\/#primaryimage"},"image":{"@id":"https:\/\/boutique-one-piece.com\/figurines-one-piece\/figurines-jinbe\/figurine-one-piece-jinbe-karate-homme-poisson\/#primaryimage"},"thumbnailUrl":"https:\/\/boutique-one-piece.com\/wp-content\/uploads\/2022\/09\/H8d6545effc834a45ba219f8e12ee17a0U.jpg","datePublished":"2022-09-27T20:23:09+00:00","dateModified":"2024-09-16T11:52:45+00:00","description":"Jovem pirata, chegou a hora de voc\u00ea colocar as m\u00e3os nesta figura do Jinbe, o Homem-Peixe Karateador de One Piece. Aqui est\u00e1 o que voc\u00ea precisa saber sobre ele: Jinbe, tamb\u00e9m conhecido como &quot;O Paladino dos Mares&quot;, \u00e9 o timoneiro do Bando do Chap\u00e9u de Palha. Um timoneiro \u00e9 a pessoa que dirige o navio.","breadcrumb":{"@id":"https:\/\/boutique-one-piece.com\/figurines-one-piece\/figurines-jinbe\/figurine-one-piece-jinbe-karate-homme-poisson\/#breadcrumb"},"inLanguage":"pt-PT","potentialAction":[{"@type":"ReadAction","target":["https:\/\/boutique-one-piece.com\/figurines-one-piece\/figurines-jinbe\/figurine-one-piece-jinbe-karate-homme-poisson\/"]}]},{"@type":"ImageObject","inLanguage":"pt-PT","@id":"https:\/\/boutique-one-piece.com\/figurines-one-piece\/figurines-jinbe\/figurine-one-piece-jinbe-karate-homme-poisson\/#primaryimage","url":"https:\/\/boutique-one-piece.com\/wp-content\/uploads\/2022\/09\/H8d6545effc834a45ba219f8e12ee17a0U.jpg","contentUrl":"https:\/\/boutique-one-piece.com\/wp-content\/uploads\/2022\/09\/H8d6545effc834a45ba219f8e12ee17a0U.jpg","width":800,"height":800},{"@type":"BreadcrumbList","@id":"https:\/\/boutique-one-piece.com\/figurines-one-piece\/figurines-jinbe\/figurine-one-piece-jinbe-karate-homme-poisson\/#breadcrumb","itemListElement":[{"@type":"ListItem","position":1,"name":"Home","item":"https:\/\/boutique-one-piece.com\/"},{"@type":"ListItem","position":2,"name":"Shop","item":"https:\/\/boutique-one-piece.com\/shop\/"},{"@type":"ListItem","position":3,"name":"Figurine One Piece Jinbe Karat\u00e9 Des Hommes Poisson"}]},{"@type":"WebSite","@id":"https:\/\/boutique-one-piece.com\/#website","url":"https:\/\/boutique-one-piece.com\/","name":"Loja One Piece","description":"Loja especializada em mang\u00e1 e anime de One Piece.","publisher":{"@id":"https:\/\/boutique-one-piece.com\/#organization"},"potentialAction":[{"@type":"SearchAction","target":{"@type":"EntryPoint","urlTemplate":"https:\/\/boutique-one-piece.com\/?s={search_term_string}"},"query-input":{"@type":"PropertyValueSpecification","valueRequired":true,"valueName":"search_term_string"}}],"inLanguage":"pt-PT"},{"@type":"Organization","@id":"https:\/\/boutique-one-piece.com\/#organization","name":"Loja One Piece","url":"https:\/\/boutique-one-piece.com\/","logo":{"@type":"ImageObject","inLanguage":"pt-PT","@id":"https:\/\/boutique-one-piece.com\/#\/schema\/logo\/image\/","url":"https:\/\/boutique-one-piece.com\/wp-content\/uploads\/2022\/09\/Logo-01.png","contentUrl":"https:\/\/boutique-one-piece.com\/wp-content\/uploads\/2022\/09\/Logo-01.png","width":2318,"height":957,"caption":"Boutique One Piece"},"image":{"@id":"https:\/\/boutique-one-piece.com\/#\/schema\/logo\/image\/"}}]}},"_links":{"self":[{"href":"https:\/\/boutique-one-piece.com\/pt\/wp-json\/wp\/v2\/product\/9870","targetHints":{"allow":["GET"]}}],"collection":[{"href":"https:\/\/boutique-one-piece.com\/pt\/wp-json\/wp\/v2\/product"}],"about":[{"href":"https:\/\/boutique-one-piece.com\/pt\/wp-json\/wp\/v2\/types\/product"}],"replies":[{"embeddable":true,"href":"https:\/\/boutique-one-piece.com\/pt\/wp-json\/wp\/v2\/comments?post=9870"}],"wp:featuredmedia":[{"embeddable":true,"href":"https:\/\/boutique-one-piece.com\/pt\/wp-json\/wp\/v2\/media\/19236"}],"wp:attachment":[{"href":"https:\/\/boutique-one-piece.com\/pt\/wp-json\/wp\/v2\/media?parent=9870"}],"wp:term":[{"taxonomy":"product_brand","embeddable":true,"href":"https:\/\/boutique-one-piece.com\/pt\/wp-json\/wp\/v2\/product_brand?post=9870"},{"taxonomy":"product_cat","embeddable":true,"href":"https:\/\/boutique-one-piece.com\/pt\/wp-json\/wp\/v2\/product_cat?post=9870"},{"taxonomy":"product_tag","embeddable":true,"href":"https:\/\/boutique-one-piece.com\/pt\/wp-json\/wp\/v2\/product_tag?post=9870"}],"curies":[{"name":"wp","href":"https:\/\/api.w.org\/{rel}","templated":true}]}}