{"id":9925,"date":"2022-09-27T20:23:30","date_gmt":"2022-09-27T20:23:30","guid":{"rendered":"https:\/\/boutique-one-piece.com\/uncategorized\/tableau-one-piece-porgas-d-ace\/"},"modified":"2024-09-18T03:42:52","modified_gmt":"2024-09-18T03:42:52","slug":"pintura-de-one-piece-de-porgas-de-ace","status":"publish","type":"product","link":"https:\/\/boutique-one-piece.com\/pt\/decoracoes-de-one-piece\/pinturas-de-one-piece\/pintura-de-one-piece-de-porgas-de-ace\/","title":{"rendered":"Pintura de One Piece por Porgas D. Ace"},"content":{"rendered":"<h2>Quadro em tela de 5 pain\u00e9is de One Piece apresentando Ace com punhos flamejantes rodeado por chamas. Uma tela de alta qualidade para um pirata como voc\u00ea!<\/h2>\n<p>Se voc\u00ea \u00e9 um\u00a0<strong>pirata de verdade<\/strong>, Voc\u00ea vai apreciar o\u00a0<strong>qualidade<\/strong>\u00a0tela, tinta e uma moldura para eles\u00a0<strong>desenhos\u00a0<\/strong>E\u00a0<strong>Impress\u00e3o em tela 3D<\/strong>\u00a0disso\u00a0<strong>Pintura de 5 pain\u00e9is de One Piece<\/strong>\u00a0Mas, o mais importante, com este gr\u00e1fico, voc\u00ea far\u00e1 parte de\u00a0<strong>a equipe de f\u00e3s<\/strong>\u00a0de\u00a0<strong>mang\u00e1 de piratas<\/strong>\u00a0e voc\u00ea obter\u00e1:<\/p>\n<ul>\n<li>\u00a0<strong>Admira\u00e7\u00e3o<\/strong>\u00a0de todos os f\u00e3s de\u00a0<strong>Mugiwara<\/strong>\u00a0que voc\u00ea convidar\u00e1 para sua casa<\/li>\n<\/ul>\n<ul>\n<li>Um verdadeiro\u00a0<strong>Gr\u00e1fico impresso de 5 pe\u00e7as<\/strong>\u00a0com o qual voc\u00ea pode<strong>\u00a0imaginar\u00a0<\/strong>lutar com<b>\u00a0Ace <\/b>e seu<b> Mera Mera No Mi<\/b>\n<\/li>\n<\/ul>\n<p>Ent\u00e3o, pronto para exibir o\u00a0<strong>cores <\/strong>de <strong>Barba Branca<\/strong>\u00a0?<\/p>\n<h2>Voc\u00ea \u00e9 f\u00e3 do mang\u00e1 ou anime One Piece? Mostre seu apoio com este conjunto de 5 telas impressas de One Piece!<\/h2>\n<p>Se voc\u00ea\u00a0<strong>ler<\/strong>\u00a0ou onde quer que voc\u00ea olhe\u00a0<strong>o anime\u00a0<\/strong><strong>japon\u00eas<\/strong>, \u00c9 bem prov\u00e1vel que voc\u00ea tenha se tornado\u00a0<strong>Sou louco por One Piece.<\/strong>\u00a0Com isto!\u00a0<strong>Pintura em 5 pain\u00e9is de Porgas D. Ace<\/strong>, junte-se ao\u2019<strong>equipe de f\u00e3s da franquia<\/strong><\/p>\n<p>Esse\u00a0<strong>pintura<\/strong>\u00a0est\u00e1 dispon\u00edvel com um\u00a0<strong>moldura de madeira<\/strong>\u00a0a variante &quot;\u00ab\u00a0<strong>Com moldura<\/strong>\u00ab&quot;Tamb\u00e9m \u00e9 poss\u00edvel ter apenas o\u00a0<strong>pano<\/strong>\u00a0com a variante &quot;\u00ab\u00a0<strong>Sem moldura<\/strong>\u00abVoc\u00ea encontrar\u00e1 a tabela de tamanhos.\u00a0<strong>Pequeno<\/strong>,<strong>\u00a0M\u00c9DIA<\/strong>,<strong>\u00a0Grande<\/strong>,<strong>\u00a0XL<\/strong>, Vai servir para todos os tipos de piratas, mesmo que voc\u00ea n\u00e3o tenha\u00a0<strong>espada<\/strong>\u00a0ou\u00a0<strong>fruta do diabo<\/strong>\u00a0Voc\u00ea ainda pode pendur\u00e1-lo com orgulho em casa.<\/p>\n<p><strong>Porgas D. Ace<\/strong>\u00a0cresceu no <strong>Monte Corvo<\/strong> perto do <strong>Vila Fushia<\/strong>. <strong>Garp<\/strong> confidenciou <strong>Ace<\/strong>\u00a0\u00e0 <strong>Dadan<\/strong>, Ele permaneceu na ilha at\u00e9 ter idade suficiente para ir para o mar. Eventualmente, ele se tornou o <strong>Comandante<\/strong> do <strong>Segunda Frota<\/strong> de <strong>Barba Branca<\/strong>.<\/p>\n<p>No <strong>Mesa Ace<\/strong> est\u00e1 rodeado por <strong>chamas<\/strong>, ele usa o <strong>Pyro-Fruit<\/strong> Ou <strong>Mera Mera No Mi<\/strong> para combater esses inimigos<\/p>\n<h2>Informa\u00e7\u00f5es sobre a pintura:<\/h2>\n<ul>\n<li>\n<strong>Tela impressa de alta qualidade\u00a0<\/strong>: tela de parede feita de <strong>algod\u00e3o<\/strong> e <strong>linho<\/strong>, para obter um <strong>pano<\/strong> digno do nome<\/li>\n<\/ul>\n<ul>\n<li>\n<strong>Pintura de design ultra<\/strong>\u00a0A tabela de cinco partes oferece muitas possibilidades. <strong>estilo<\/strong> para um <strong>peda\u00e7o<\/strong>, Os f\u00e3s simplesmente adoram.<\/li>\n<\/ul>\n<ul style=\"font-weight: 400\">\n<li>\n<strong>Cor e Impress\u00e3o\u00a0<\/strong>Pintura de One Piece com uma estampa <strong>Canva<\/strong> a refer\u00eancia em impress\u00e3o em tela<\/li>\n<\/ul>\n<ul style=\"font-weight: 400\">\n<li>\n<strong>Arte de parede leve<\/strong>\u00a0: cen\u00e1rio excelente <strong>luz,<\/strong> Basta um <strong>unha<\/strong> ou do <strong>perna fixa<\/strong> para o <strong>manter<\/strong> No <strong>parede<\/strong>\n<\/li>\n<\/ul>\n<ul style=\"font-weight: 400\">\n<li>\n<strong>Moldura de madeira<\/strong>\u00a0: a variante &quot;\u00ab\u00a0<strong>Com moldura<\/strong>\u00a0\u00bb \u00e9 acompanhado por um <strong>moldura de madeira<\/strong> e a vers\u00e3o &quot;\u00ab\u00a0<strong>Sem moldura<\/strong>\u00a0\u00bb \u00e9 entregue <strong>sem a moldura de madeira<\/strong>\n<\/li>\n<\/ul>\n<ul style=\"font-weight: 400\">\n<li>\n<strong>Entrega gr\u00e1tis\u00a0<\/strong>para qualquer compra<strong>\u00a0<\/strong>\n<\/li>\n<\/ul>\n<h3>N\u00e3o se esque\u00e7a de consultar o guia de tamanhos abaixo.<\/h3>\n<h2>\n<strong style=\"font-size: 15px\">Pintura de 5 pe\u00e7as de One Piece<\/strong><span style=\"font-size: 15px\">,<\/span><strong style=\"font-size: 15px\"> <\/strong><span style=\"font-size: 15px\">Tamanho<\/span><strong style=\"font-size: 15px\"> <\/strong><span style=\"font-size: 15px\">: <\/span><strong style=\"font-size: 15px\">Pequeno<\/strong><br \/>\n<\/h2>\n<p>\u00a0<img decoding=\"async\" src=\"https:\/\/cdn.shopify.com\/s\/files\/1\/0087\/7556\/5348\/files\/guide_taille_tableau_one_piece_petit_boutique_one_piece_large.jpg?v=1560247451\" alt=\"Guia de Tamanhos do Conjunto One Piece de 5 Pe\u00e7as (Pequeno)\"><\/p>\n<p><strong>Pintura de 5 pe\u00e7as de One Piece<\/strong>, Tamanho<strong> <\/strong>:<strong> M\u00c9DIA<\/strong><\/p>\n<p>\u00a0<img decoding=\"async\" src=\"https:\/\/cdn.shopify.com\/s\/files\/1\/0087\/7556\/5348\/files\/guide_taille_tableau_one_piece_moyen_boutique_one_piece_large.jpg?v=1560247519\" alt=\"Guia de tamanhos, pe\u00e7a \u00fanica, 5 pe\u00e7as, M\u00e9dio\"><\/p>\n<p><strong>Pintura de 5 pe\u00e7as de One Piece<\/strong>, Tamanho<strong> <\/strong>: <strong>Grande<\/strong><\/p>\n<p>\u00a0<img decoding=\"async\" src=\"https:\/\/cdn.shopify.com\/s\/files\/1\/0087\/7556\/5348\/files\/guide_taille_tableau_one_piece_grand_boutique_one_piece_large.jpg?v=1560247582\" alt=\"Tabela de tamanhos de One Piece (tamanho grande)\"><\/p>\n<p><strong>Pintura de 5 pe\u00e7as de One Piece<\/strong>, Tamanho: <strong>XL<\/strong><\/p>\n<p><img decoding=\"async\" src=\"https:\/\/cdn.shopify.com\/s\/files\/1\/0087\/7556\/5348\/files\/guide_taille_tableau_one_piece_xl_boutique_one_piece_large.jpg?v=1560247610\" alt=\"Tabela de tamanhos XL do conjunto de 5 pe\u00e7as One Piece\"><\/p>","protected":false},"excerpt":{"rendered":"<p>Quadro em tela de 5 pain\u00e9is de One Piece com Ace com Punhos de Fogo rodeado por chamas, uma pe\u00e7a de alta qualidade para um pirata como voc\u00ea! Se voc\u00ea \u00e9 um verdadeiro pirata, vai apreciar a qualidade da tela, da pintura e da moldura, bem como a impress\u00e3o em tela 3D deste quadro de 5 pain\u00e9is de One Piece! Mas o mais importante \u00e9 que, com este quadro, voc\u00ea far\u00e1 parte da tripula\u00e7\u00e3o de f\u00e3s de mang\u00e1 [\u2026]<\/p>","protected":false},"featured_media":9927,"comment_status":"open","ping_status":"open","template":"","meta":[],"product_brand":[],"product_cat":[150,141],"product_tag":[176,142,143],"class_list":{"0":"post-9925","1":"product","2":"type-product","3":"status-publish","4":"has-post-thumbnail","6":"product_cat-decorations-one-piece","7":"product_cat-tableaux-one-piece","8":"product_tag-ace","9":"product_tag-tableau-5-pieces","10":"product_tag-toile","12":"first","13":"instock","14":"purchasable","15":"product-type-variable"},"yoast_head":"<!-- This site is optimized with the Yoast SEO plugin v27.5 - https:\/\/yoast.com\/product\/yoast-seo-wordpress\/ -->\n<title>Tableau 5 Pi\u00e8ces Porgas D. Ace | Boutique One Piece<\/title>\n<meta name=\"description\" content=\"Tableau 5 Pi\u00e8ces One Piece avec Ace Entour\u00e9 de Flamme Tr\u00e8s Haute Qualit\u00e9 Si Vous \u00cates un Fan de l&#039;Univers des Pirates ce Tableau 5 Panneaux est Fait Pour Vous !\" \/>\n<meta name=\"robots\" content=\"index, follow, max-snippet:-1, max-image-preview:large, max-video-preview:-1\" \/>\n<link rel=\"canonical\" href=\"https:\/\/boutique-one-piece.com\/pt\/decoracoes-de-one-piece\/pintura-de-one-piece-de-porgas-de-ace\/\" \/>\n<meta property=\"og:locale\" content=\"pt_PT\" \/>\n<meta property=\"og:type\" content=\"article\" \/>\n<meta property=\"og:title\" content=\"Tableau 5 Pi\u00e8ces Porgas D. Ace | Boutique One Piece\" \/>\n<meta property=\"og:description\" content=\"Tableau 5 Pi\u00e8ces One Piece avec Ace Entour\u00e9 de Flamme Tr\u00e8s Haute Qualit\u00e9 Si Vous \u00cates un Fan de l&#039;Univers des Pirates ce Tableau 5 Panneaux est Fait Pour Vous !\" \/>\n<meta property=\"og:url\" content=\"https:\/\/boutique-one-piece.com\/pt\/decoracoes-de-one-piece\/pintura-de-one-piece-de-porgas-de-ace\/\" \/>\n<meta property=\"og:site_name\" content=\"Boutique One Piece\" \/>\n<meta property=\"article:modified_time\" content=\"2024-09-18T03:42:52+00:00\" \/>\n<meta property=\"og:image\" content=\"https:\/\/boutique-one-piece.com\/wp-content\/uploads\/2022\/09\/Tableau-One-Piece-Porgas-D.-Ace.jpg\" \/>\n\t<meta property=\"og:image:width\" content=\"600\" \/>\n\t<meta property=\"og:image:height\" content=\"600\" \/>\n\t<meta property=\"og:image:type\" content=\"image\/jpeg\" \/>\n<meta name=\"twitter:card\" content=\"summary_large_image\" \/>\n<meta name=\"twitter:label1\" content=\"Tempo estimado de leitura\" \/>\n\t<meta name=\"twitter:data1\" content=\"4 minutos\" \/>\n<script type=\"application\/ld+json\" class=\"yoast-schema-graph\">{\"@context\":\"https:\\\/\\\/schema.org\",\"@graph\":[{\"@type\":\"WebPage\",\"@id\":\"https:\\\/\\\/boutique-one-piece.com\\\/decorations-one-piece\\\/tableau-one-piece-porgas-d-ace\\\/\",\"url\":\"https:\\\/\\\/boutique-one-piece.com\\\/decorations-one-piece\\\/tableau-one-piece-porgas-d-ace\\\/\",\"name\":\"Tableau 5 Pi\u00e8ces Porgas D. Ace | Boutique One Piece\",\"isPartOf\":{\"@id\":\"https:\\\/\\\/boutique-one-piece.com\\\/#website\"},\"primaryImageOfPage\":{\"@id\":\"https:\\\/\\\/boutique-one-piece.com\\\/decorations-one-piece\\\/tableau-one-piece-porgas-d-ace\\\/#primaryimage\"},\"image\":{\"@id\":\"https:\\\/\\\/boutique-one-piece.com\\\/decorations-one-piece\\\/tableau-one-piece-porgas-d-ace\\\/#primaryimage\"},\"thumbnailUrl\":\"https:\\\/\\\/boutique-one-piece.com\\\/wp-content\\\/uploads\\\/2022\\\/09\\\/Tableau-One-Piece-Porgas-D.-Ace.jpg\",\"datePublished\":\"2022-09-27T20:23:30+00:00\",\"dateModified\":\"2024-09-18T03:42:52+00:00\",\"description\":\"Tableau 5 Pi\u00e8ces One Piece avec Ace Entour\u00e9 de Flamme Tr\u00e8s Haute Qualit\u00e9 Si Vous \u00cates un Fan de l'Univers des Pirates ce Tableau 5 Panneaux est Fait Pour Vous !\",\"breadcrumb\":{\"@id\":\"https:\\\/\\\/boutique-one-piece.com\\\/decorations-one-piece\\\/tableau-one-piece-porgas-d-ace\\\/#breadcrumb\"},\"inLanguage\":\"pt-PT\",\"potentialAction\":[{\"@type\":\"ReadAction\",\"target\":[\"https:\\\/\\\/boutique-one-piece.com\\\/decorations-one-piece\\\/tableau-one-piece-porgas-d-ace\\\/\"]}]},{\"@type\":\"ImageObject\",\"inLanguage\":\"pt-PT\",\"@id\":\"https:\\\/\\\/boutique-one-piece.com\\\/decorations-one-piece\\\/tableau-one-piece-porgas-d-ace\\\/#primaryimage\",\"url\":\"https:\\\/\\\/boutique-one-piece.com\\\/wp-content\\\/uploads\\\/2022\\\/09\\\/Tableau-One-Piece-Porgas-D.-Ace.jpg\",\"contentUrl\":\"https:\\\/\\\/boutique-one-piece.com\\\/wp-content\\\/uploads\\\/2022\\\/09\\\/Tableau-One-Piece-Porgas-D.-Ace.jpg\",\"width\":600,\"height\":600,\"caption\":\"Tableau One Piece Porgas D. Ace XL Avec Cadre\"},{\"@type\":\"BreadcrumbList\",\"@id\":\"https:\\\/\\\/boutique-one-piece.com\\\/decorations-one-piece\\\/tableau-one-piece-porgas-d-ace\\\/#breadcrumb\",\"itemListElement\":[{\"@type\":\"ListItem\",\"position\":1,\"name\":\"Home\",\"item\":\"https:\\\/\\\/boutique-one-piece.com\\\/\"},{\"@type\":\"ListItem\",\"position\":2,\"name\":\"Shop\",\"item\":\"https:\\\/\\\/boutique-one-piece.com\\\/shop\\\/\"},{\"@type\":\"ListItem\",\"position\":3,\"name\":\"Tableau One Piece Porgas D. Ace\"}]},{\"@type\":\"WebSite\",\"@id\":\"https:\\\/\\\/boutique-one-piece.com\\\/#website\",\"url\":\"https:\\\/\\\/boutique-one-piece.com\\\/\",\"name\":\"Boutique One Piece\",\"description\":\"Magasin Sp\u00e9cialis\u00e9 du Manga et l&#039;Anime One Piece\",\"publisher\":{\"@id\":\"https:\\\/\\\/boutique-one-piece.com\\\/#organization\"},\"potentialAction\":[{\"@type\":\"SearchAction\",\"target\":{\"@type\":\"EntryPoint\",\"urlTemplate\":\"https:\\\/\\\/boutique-one-piece.com\\\/?s={search_term_string}\"},\"query-input\":{\"@type\":\"PropertyValueSpecification\",\"valueRequired\":true,\"valueName\":\"search_term_string\"}}],\"inLanguage\":\"pt-PT\"},{\"@type\":\"Organization\",\"@id\":\"https:\\\/\\\/boutique-one-piece.com\\\/#organization\",\"name\":\"Boutique One Piece\",\"url\":\"https:\\\/\\\/boutique-one-piece.com\\\/\",\"logo\":{\"@type\":\"ImageObject\",\"inLanguage\":\"pt-PT\",\"@id\":\"https:\\\/\\\/boutique-one-piece.com\\\/#\\\/schema\\\/logo\\\/image\\\/\",\"url\":\"https:\\\/\\\/boutique-one-piece.com\\\/wp-content\\\/uploads\\\/2022\\\/09\\\/Logo-01.png\",\"contentUrl\":\"https:\\\/\\\/boutique-one-piece.com\\\/wp-content\\\/uploads\\\/2022\\\/09\\\/Logo-01.png\",\"width\":2318,\"height\":957,\"caption\":\"Boutique One Piece\"},\"image\":{\"@id\":\"https:\\\/\\\/boutique-one-piece.com\\\/#\\\/schema\\\/logo\\\/image\\\/\"}}]}<\/script>\n<!-- \/ Yoast SEO plugin. -->","yoast_head_json":{"title":"Conjunto de 5 pinturas de Porgas D. Ace | Loja One Piece","description":"Conjunto de 5 telas impressas de One Piece com Ace rodeado por chamas - Alt\u00edssima qualidade! Se voc\u00ea \u00e9 f\u00e3 do universo pirata, este conjunto de 5 telas impressas \u00e9 perfeito para voc\u00ea!","robots":{"index":"index","follow":"follow","max-snippet":"max-snippet:-1","max-image-preview":"max-image-preview:large","max-video-preview":"max-video-preview:-1"},"canonical":"https:\/\/boutique-one-piece.com\/pt\/decoracoes-de-one-piece\/pintura-de-one-piece-de-porgas-de-ace\/","og_locale":"pt_PT","og_type":"article","og_title":"Tableau 5 Pi\u00e8ces Porgas D. Ace | Boutique One Piece","og_description":"Tableau 5 Pi\u00e8ces One Piece avec Ace Entour\u00e9 de Flamme Tr\u00e8s Haute Qualit\u00e9 Si Vous \u00cates un Fan de l'Univers des Pirates ce Tableau 5 Panneaux est Fait Pour Vous !","og_url":"https:\/\/boutique-one-piece.com\/pt\/decoracoes-de-one-piece\/pintura-de-one-piece-de-porgas-de-ace\/","og_site_name":"Boutique One Piece","article_modified_time":"2024-09-18T03:42:52+00:00","og_image":[{"width":600,"height":600,"url":"https:\/\/boutique-one-piece.com\/wp-content\/uploads\/2022\/09\/Tableau-One-Piece-Porgas-D.-Ace.jpg","type":"image\/jpeg"}],"twitter_card":"summary_large_image","twitter_misc":{"Tempo estimado de leitura":"4 minutos"},"schema":{"@context":"https:\/\/schema.org","@graph":[{"@type":"WebPage","@id":"https:\/\/boutique-one-piece.com\/decorations-one-piece\/tableau-one-piece-porgas-d-ace\/","url":"https:\/\/boutique-one-piece.com\/decorations-one-piece\/tableau-one-piece-porgas-d-ace\/","name":"Conjunto de 5 pinturas de Porgas D. Ace | Loja One Piece","isPartOf":{"@id":"https:\/\/boutique-one-piece.com\/#website"},"primaryImageOfPage":{"@id":"https:\/\/boutique-one-piece.com\/decorations-one-piece\/tableau-one-piece-porgas-d-ace\/#primaryimage"},"image":{"@id":"https:\/\/boutique-one-piece.com\/decorations-one-piece\/tableau-one-piece-porgas-d-ace\/#primaryimage"},"thumbnailUrl":"https:\/\/boutique-one-piece.com\/wp-content\/uploads\/2022\/09\/Tableau-One-Piece-Porgas-D.-Ace.jpg","datePublished":"2022-09-27T20:23:30+00:00","dateModified":"2024-09-18T03:42:52+00:00","description":"Conjunto de 5 telas impressas de One Piece com Ace rodeado por chamas - Alt\u00edssima qualidade! Se voc\u00ea \u00e9 f\u00e3 do universo pirata, este conjunto de 5 telas impressas \u00e9 perfeito para voc\u00ea!","breadcrumb":{"@id":"https:\/\/boutique-one-piece.com\/decorations-one-piece\/tableau-one-piece-porgas-d-ace\/#breadcrumb"},"inLanguage":"pt-PT","potentialAction":[{"@type":"ReadAction","target":["https:\/\/boutique-one-piece.com\/decorations-one-piece\/tableau-one-piece-porgas-d-ace\/"]}]},{"@type":"ImageObject","inLanguage":"pt-PT","@id":"https:\/\/boutique-one-piece.com\/decorations-one-piece\/tableau-one-piece-porgas-d-ace\/#primaryimage","url":"https:\/\/boutique-one-piece.com\/wp-content\/uploads\/2022\/09\/Tableau-One-Piece-Porgas-D.-Ace.jpg","contentUrl":"https:\/\/boutique-one-piece.com\/wp-content\/uploads\/2022\/09\/Tableau-One-Piece-Porgas-D.-Ace.jpg","width":600,"height":600,"caption":"Tableau One Piece Porgas D. Ace XL Avec Cadre"},{"@type":"BreadcrumbList","@id":"https:\/\/boutique-one-piece.com\/decorations-one-piece\/tableau-one-piece-porgas-d-ace\/#breadcrumb","itemListElement":[{"@type":"ListItem","position":1,"name":"Home","item":"https:\/\/boutique-one-piece.com\/"},{"@type":"ListItem","position":2,"name":"Shop","item":"https:\/\/boutique-one-piece.com\/shop\/"},{"@type":"ListItem","position":3,"name":"Tableau One Piece Porgas D. Ace"}]},{"@type":"WebSite","@id":"https:\/\/boutique-one-piece.com\/#website","url":"https:\/\/boutique-one-piece.com\/","name":"Loja One Piece","description":"Loja especializada em mang\u00e1 e anime de One Piece.","publisher":{"@id":"https:\/\/boutique-one-piece.com\/#organization"},"potentialAction":[{"@type":"SearchAction","target":{"@type":"EntryPoint","urlTemplate":"https:\/\/boutique-one-piece.com\/?s={search_term_string}"},"query-input":{"@type":"PropertyValueSpecification","valueRequired":true,"valueName":"search_term_string"}}],"inLanguage":"pt-PT"},{"@type":"Organization","@id":"https:\/\/boutique-one-piece.com\/#organization","name":"Loja One Piece","url":"https:\/\/boutique-one-piece.com\/","logo":{"@type":"ImageObject","inLanguage":"pt-PT","@id":"https:\/\/boutique-one-piece.com\/#\/schema\/logo\/image\/","url":"https:\/\/boutique-one-piece.com\/wp-content\/uploads\/2022\/09\/Logo-01.png","contentUrl":"https:\/\/boutique-one-piece.com\/wp-content\/uploads\/2022\/09\/Logo-01.png","width":2318,"height":957,"caption":"Boutique One Piece"},"image":{"@id":"https:\/\/boutique-one-piece.com\/#\/schema\/logo\/image\/"}}]}},"_links":{"self":[{"href":"https:\/\/boutique-one-piece.com\/pt\/wp-json\/wp\/v2\/product\/9925","targetHints":{"allow":["GET"]}}],"collection":[{"href":"https:\/\/boutique-one-piece.com\/pt\/wp-json\/wp\/v2\/product"}],"about":[{"href":"https:\/\/boutique-one-piece.com\/pt\/wp-json\/wp\/v2\/types\/product"}],"replies":[{"embeddable":true,"href":"https:\/\/boutique-one-piece.com\/pt\/wp-json\/wp\/v2\/comments?post=9925"}],"wp:featuredmedia":[{"embeddable":true,"href":"https:\/\/boutique-one-piece.com\/pt\/wp-json\/wp\/v2\/media\/9927"}],"wp:attachment":[{"href":"https:\/\/boutique-one-piece.com\/pt\/wp-json\/wp\/v2\/media?parent=9925"}],"wp:term":[{"taxonomy":"product_brand","embeddable":true,"href":"https:\/\/boutique-one-piece.com\/pt\/wp-json\/wp\/v2\/product_brand?post=9925"},{"taxonomy":"product_cat","embeddable":true,"href":"https:\/\/boutique-one-piece.com\/pt\/wp-json\/wp\/v2\/product_cat?post=9925"},{"taxonomy":"product_tag","embeddable":true,"href":"https:\/\/boutique-one-piece.com\/pt\/wp-json\/wp\/v2\/product_tag?post=9925"}],"curies":[{"name":"wp","href":"https:\/\/api.w.org\/{rel}","templated":true}]}}