{"id":9943,"date":"2022-09-27T20:23:42","date_gmt":"2022-09-27T20:23:42","guid":{"rendered":"https:\/\/boutique-one-piece.com\/uncategorized\/tableau-one-piece-boa-hancock\/"},"modified":"2024-09-18T01:03:30","modified_gmt":"2024-09-18T01:03:30","slug":"pintura-de-boa-hancock-de-one-piece","status":"publish","type":"product","link":"https:\/\/boutique-one-piece.com\/pt\/decoracoes-de-one-piece\/pinturas-de-one-piece\/pintura-de-boa-hancock-de-one-piece\/","title":{"rendered":"Pintura de Boa Hancock de One Piece"},"content":{"rendered":"<h2>Tableau One Piece 5 Panneaux avec L\u2019imp\u00e9ratrice Pirate Boa Hancock la Grande Corsaire,\u00a0Un Tableau de\u00a0qualit\u00e9 pour un pirate comme\u00a0toi\u00a0!<\/h2>\n<p>Se voc\u00ea \u00e9 um\u00a0<strong>pirata de verdade<\/strong>, Voc\u00ea saber\u00e1<span>\u00a0<\/span>apreciar<span>\u00a0<\/span>l\u00e1\u00a0<strong>qualidade<\/strong>\u00a0tela, tinta e uma moldura para eles\u00a0<strong>desenhos\u00a0<\/strong>E\u00a0<strong>l\u2019impression 3D Canvas<\/strong>\u00a0disso\u00a0<strong>Pintura de 5 pain\u00e9is de One Piece<\/strong>\u00a0Mas o mais importante nesta pintura \u00e9 que<span>\u00a0<\/span>Voc\u00ea far\u00e1 parte de\u00a0<strong>l\u2019\u00e9quipage\u00a0des fans<\/strong>\u00a0de\u00a0<strong>mang\u00e1 de piratas<\/strong>\u00a0e voc\u00ea obter\u00e1:<\/p>\n<ul>\n<li>\u00a0<strong>L\u2019admiration<\/strong>\u00a0de todos os f\u00e3s de\u00a0<strong>Mugiwara<\/strong>\u00a0que voc\u00ea convidar\u00e1 para sua casa<\/li>\n<\/ul>\n<ul>\n<li>Um verdadeiro\u00a0<strong>Gr\u00e1fico impresso de 5 pe\u00e7as<\/strong>\u00a0com o qual voc\u00ea pode<strong>\u00a0t\u2019imaginer\u00a0<\/strong>com\u00a0<strong><\/strong><strong><\/strong>l\u00e1 <strong>Princesa Serpente<\/strong>\n<\/li>\n<\/ul>\n<p>Ent\u00e3o, pronto para exibir o\u00a0<strong>cores<span>\u00a0<\/span><\/strong>d\u2019<strong>L\u00edrio do Amazonas<\/strong><b>\u00a0<\/b>?<\/p>\n<h2>Es-tu un fan du manga ou de l\u2019anim\u00e9 One Piece ? Montre le avec ce Tableau 5 Pi\u00e8ces One Piece !<\/h2>\n<p>Se voc\u00ea\u00a0<strong>ler<\/strong>\u00a0ou onde quer que voc\u00ea olhe\u00a0<strong>l\u2019anim\u00e9\u00a0<\/strong><strong>japon\u00eas<\/strong>, \u00c9 bem prov\u00e1vel que voc\u00ea tenha se tornado\u00a0<strong>Sou louco por One Piece.<\/strong>\u00a0Com isto!\u00a0<strong>Pintura em 5 pain\u00e9is<span>\u00a0<\/span>Barba Branca<\/strong>, rejoins\u00a0l\u2019<strong>equipe de f\u00e3s da franquia<\/strong><\/p>\n<p>Esse\u00a0<strong>pintura<\/strong>\u00a0est\u00e1 dispon\u00edvel com um\u00a0<strong>moldura de madeira<\/strong>\u00a0a variante &quot;\u00ab\u00a0<strong>Com moldura<\/strong>\u00ab\u00a0, il est \u00e9galement possible d\u2019avoir uniquement la\u00a0<strong>pano<\/strong>\u00a0com a variante &quot;\u00ab\u00a0<strong>Sem moldura<\/strong>\u00abVoc\u00ea encontrar\u00e1 a tabela de tamanhos.\u00a0<strong>Pequeno<\/strong>,<strong>\u00a0M\u00c9DIA<\/strong>,<strong>\u00a0Grande<\/strong>,<strong>\u00a0XL<\/strong>, il conviendra \u00e0 toutes les\u00a0cat\u00e9gories\u00a0de pirates, m\u00eame si tu n\u2019as pas\u00a0<strong>d\u2019\u00e9p\u00e9e<\/strong>\u00a0ou\u00a0<strong>fruta do diabo<\/strong>\u00a0tu peux quand m\u00eame l\u2019accrocher fi\u00e8rement chez toi<\/p>\n<p><strong>Brook Le<\/strong><span>\u00a0<\/span><strong>Zumbido<\/strong><span>\u00a0<\/span>ou o<span>\u00a0<\/span><strong>Rei<\/strong><span>\u00a0<\/span>do<span>\u00a0<\/span><strong>B\u00eabado<\/strong>\u00a0(\u00a0<strong>Rei da Alma)<\/strong>\u00a0Ele tem o<span>\u00a0<\/span><strong>Fruto da ressurrei\u00e7\u00e3o<\/strong>, o que torna quase<span>\u00a0<\/span><strong>imortal<\/strong>. Apesar de sua condi\u00e7\u00e3o de<span>\u00a0<\/span><strong>esqueleto<\/strong>\u00a0<span>\u00a0<\/span><strong>mortos-vivos<\/strong>,<span>\u00a0<\/span><strong>Brook<\/strong><span>\u00a0<\/span>\u00e9 o<span>\u00a0<\/span><strong>segundo espadachim<\/strong><span>\u00a0<\/span>de<span>\u00a0<\/span><strong>l\u2019\u00e9quipage de Luffy<\/strong><span>\u00a0<\/span>atr\u00e1s de Zoro<\/p>\n<h2>Informa\u00e7\u00f5es sobre a pintura:<\/h2>\n<ul>\n<li>\n<strong>Tela impressa de alta qualidade\u00a0<\/strong>: tela de parede feita de<span>\u00a0<\/span><strong>algod\u00e3o<\/strong><span>\u00a0<\/span>e<span>\u00a0<\/span><strong>linho<\/strong>, para obter um<span>\u00a0<\/span><strong>pano<\/strong><span>\u00a0<\/span>digno do nome<\/li>\n<\/ul>\n<ul>\n<li>\n<strong>Pintura de design ultra<\/strong>\u00a0A tabela de cinco partes oferece muitas possibilidades.<span>\u00a0<\/span><strong>estilo<\/strong><span>\u00a0<\/span>para um<span>\u00a0<\/span><strong>peda\u00e7o<\/strong>, les fans ne peuvent qu\u2019adorer<\/li>\n<\/ul>\n<ul>\n<li>\n<strong>Cor e Impress\u00e3o\u00a0<\/strong>Pintura de One Piece com uma estampa<span>\u00a0<\/span><strong>Canva<\/strong><span>\u00a0<\/span>la r\u00e9f\u00e9rence dans l\u2019impression de toiles<\/li>\n<\/ul>\n<ul>\n<li>\n<strong>Arte de parede leve<\/strong>\u00a0: cen\u00e1rio excelente<span>\u00a0<\/span><strong>luz,<\/strong><span>\u00a0<\/span>il ne suffit que d\u2019un<span>\u00a0<\/span><strong>unha<\/strong><span>\u00a0<\/span>ou do<span>\u00a0<\/span><strong>perna fixa<\/strong><span>\u00a0<\/span>para o<span>\u00a0<\/span><strong>manter<\/strong><span>\u00a0<\/span>No<span>\u00a0<\/span><strong>parede<\/strong>\n<\/li>\n<\/ul>\n<ul>\n<li>\n<strong>Moldura de madeira<\/strong>\u00a0: a variante &quot;\u00ab\u00a0<strong>Com moldura<\/strong>\u00a0\u00bb est accompagn\u00e9e d\u2019un<span>\u00a0<\/span><strong>moldura de madeira<\/strong><span>\u00a0<\/span>e a vers\u00e3o &quot;\u00ab\u00a0<strong>Sem moldura<\/strong>\u00a0\u00bb \u00e9 entregue<span>\u00a0<\/span><strong>sem a moldura de madeira<\/strong>\n<\/li>\n<\/ul>\n<ul>\n<li>\n<strong>Entrega gr\u00e1tis\u00a0<\/strong>para qualquer compra<strong>\u00a0<\/strong>\n<\/li>\n<\/ul>\n<h3>N\u2019oubliez pas de jeter\u00a0un oeil au guide des tailles ci-dessous.<\/h3>\n<h2>\n<strong>Pintura de 5 pe\u00e7as de One Piece<\/strong><span>,<\/span><strong><span>\u00a0<\/span><\/strong><span>Tamanho<\/span><strong><span>\u00a0<\/span><\/strong><span>:\u00a0<\/span><strong>Pequeno<\/strong><br \/>\n<\/h2>\n<p>\u00a0<img decoding=\"async\" src=\"https:\/\/cdn.shopify.com\/s\/files\/1\/0087\/7556\/5348\/files\/guide_taille_tableau_one_piece_petit_boutique_one_piece_large.jpg?v=1560247451\" alt=\"Guia de Tamanhos do Conjunto One Piece de 5 Pe\u00e7as (Pequeno)\"><\/p>\n<p><strong>Pintura de 5 pe\u00e7as de One Piece<\/strong>, Tamanho<strong><span>\u00a0<\/span><\/strong>:<strong><span>\u00a0<\/span>M\u00c9DIA<\/strong><\/p>\n<p>\u00a0<img decoding=\"async\" src=\"https:\/\/cdn.shopify.com\/s\/files\/1\/0087\/7556\/5348\/files\/guide_taille_tableau_one_piece_moyen_boutique_one_piece_large.jpg?v=1560247519\" alt=\"Guia de tamanhos, pe\u00e7a \u00fanica, 5 pe\u00e7as, M\u00e9dio\"><\/p>\n<p><strong>Pintura de 5 pe\u00e7as de One Piece<\/strong>, Tamanho<strong><span>\u00a0<\/span><\/strong>:<span>\u00a0<\/span><strong>Grande<\/strong><\/p>\n<p>\u00a0<img decoding=\"async\" src=\"https:\/\/cdn.shopify.com\/s\/files\/1\/0087\/7556\/5348\/files\/guide_taille_tableau_one_piece_grand_boutique_one_piece_large.jpg?v=1560247582\" alt=\"Tabela de tamanhos de One Piece (tamanho grande)\"><\/p>\n<p><strong>Pintura de 5 pe\u00e7as de One Piece<\/strong>, Tamanho:<span>\u00a0<\/span><strong>XL<\/strong><\/p>\n<p><img decoding=\"async\" src=\"https:\/\/cdn.shopify.com\/s\/files\/1\/0087\/7556\/5348\/files\/guide_taille_tableau_one_piece_xl_boutique_one_piece_large.jpg?v=1560247610\" alt=\"Tabela de tamanhos XL do conjunto de 5 pe\u00e7as One Piece\"><\/p>","protected":false},"excerpt":{"rendered":"<p>Tableau One Piece 5 Panneaux avec L\u2019imp\u00e9ratrice Pirate Boa Hancock la Grande Corsaire,\u00a0Un Tableau de\u00a0qualit\u00e9 pour un pirate comme\u00a0toi\u00a0! Si tu es un\u00a0v\u00e9ritable pirate, tu sauras\u00a0appr\u00e9cier\u00a0la\u00a0qualit\u00e9\u00a0de la toile, de la peinture et du cadre\u00a0pour leurs\u00a0conceptions\u00a0et\u00a0l\u2019impression 3D Canvas\u00a0de ce\u00a0tableau 5 panneaux\u00a0One Piece\u00a0!\u00a0Mais le plus important, avec ce\u00a0tableau\u00a0c\u0092est que\u00a0tu\u00a0feras partie de\u00a0l\u2019\u00e9quipage\u00a0des fans\u00a0du\u00a0manga de pirates\u00a0et tu obtiendras\u00a0: \u00a0L\u2019admiration\u00a0de [&hellip;]<\/p>","protected":false},"featured_media":9945,"comment_status":"open","ping_status":"open","template":"","meta":[],"product_brand":[],"product_cat":[141],"product_tag":[175,142,143],"class_list":{"0":"post-9943","1":"product","2":"type-product","3":"status-publish","4":"has-post-thumbnail","6":"product_cat-tableaux-one-piece","7":"product_tag-boa-hancock","8":"product_tag-tableau-5-pieces","9":"product_tag-toile","11":"first","12":"instock","13":"purchasable","14":"product-type-variable"},"yoast_head":"<!-- This site is optimized with the Yoast SEO plugin v27.5 - https:\/\/yoast.com\/product\/yoast-seo-wordpress\/ -->\n<title>Tableau One Piece Boa Hancock | Boutique One Piece<\/title>\n<meta name=\"description\" content=\"Tableau 5 Pi\u00e8ces One Piece L&#039;Imp\u00e9ratrice Pirate ou Princesse Serpent, Si Vous \u00cates un Fan de l&#039;Univers des Pirates ce Tableau 5 Panneaux est Fait Pour Vous !\" \/>\n<meta name=\"robots\" content=\"index, follow, max-snippet:-1, max-image-preview:large, max-video-preview:-1\" \/>\n<link rel=\"canonical\" href=\"https:\/\/boutique-one-piece.com\/pt\/decoracoes-de-one-piece\/pinturas-de-one-piece\/pintura-de-boa-hancock-de-one-piece\/\" \/>\n<meta property=\"og:locale\" content=\"pt_PT\" \/>\n<meta property=\"og:type\" content=\"article\" \/>\n<meta property=\"og:title\" content=\"Tableau One Piece Boa Hancock | Boutique One Piece\" \/>\n<meta property=\"og:description\" content=\"Tableau 5 Pi\u00e8ces One Piece L&#039;Imp\u00e9ratrice Pirate ou Princesse Serpent, Si Vous \u00cates un Fan de l&#039;Univers des Pirates ce Tableau 5 Panneaux est Fait Pour Vous !\" \/>\n<meta property=\"og:url\" content=\"https:\/\/boutique-one-piece.com\/pt\/decoracoes-de-one-piece\/pinturas-de-one-piece\/pintura-de-boa-hancock-de-one-piece\/\" \/>\n<meta property=\"og:site_name\" content=\"Boutique One Piece\" \/>\n<meta property=\"article:modified_time\" content=\"2024-09-18T01:03:30+00:00\" \/>\n<meta property=\"og:image\" content=\"https:\/\/boutique-one-piece.com\/wp-content\/uploads\/2022\/09\/Tableau-One-Piece-Boa-Hancock.jpg\" \/>\n\t<meta property=\"og:image:width\" content=\"1000\" \/>\n\t<meta property=\"og:image:height\" content=\"1000\" \/>\n\t<meta property=\"og:image:type\" content=\"image\/jpeg\" \/>\n<meta name=\"twitter:card\" content=\"summary_large_image\" \/>\n<meta name=\"twitter:label1\" content=\"Tempo estimado de leitura\" \/>\n\t<meta name=\"twitter:data1\" content=\"4 minutos\" \/>\n<script type=\"application\/ld+json\" class=\"yoast-schema-graph\">{\"@context\":\"https:\\\/\\\/schema.org\",\"@graph\":[{\"@type\":\"WebPage\",\"@id\":\"https:\\\/\\\/boutique-one-piece.com\\\/decorations-one-piece\\\/tableaux-one-piece\\\/tableau-one-piece-boa-hancock\\\/\",\"url\":\"https:\\\/\\\/boutique-one-piece.com\\\/decorations-one-piece\\\/tableaux-one-piece\\\/tableau-one-piece-boa-hancock\\\/\",\"name\":\"Tableau One Piece Boa Hancock | Boutique One Piece\",\"isPartOf\":{\"@id\":\"https:\\\/\\\/boutique-one-piece.com\\\/#website\"},\"primaryImageOfPage\":{\"@id\":\"https:\\\/\\\/boutique-one-piece.com\\\/decorations-one-piece\\\/tableaux-one-piece\\\/tableau-one-piece-boa-hancock\\\/#primaryimage\"},\"image\":{\"@id\":\"https:\\\/\\\/boutique-one-piece.com\\\/decorations-one-piece\\\/tableaux-one-piece\\\/tableau-one-piece-boa-hancock\\\/#primaryimage\"},\"thumbnailUrl\":\"https:\\\/\\\/boutique-one-piece.com\\\/wp-content\\\/uploads\\\/2022\\\/09\\\/Tableau-One-Piece-Boa-Hancock.jpg\",\"datePublished\":\"2022-09-27T20:23:42+00:00\",\"dateModified\":\"2024-09-18T01:03:30+00:00\",\"description\":\"Tableau 5 Pi\u00e8ces One Piece L'Imp\u00e9ratrice Pirate ou Princesse Serpent, Si Vous \u00cates un Fan de l'Univers des Pirates ce Tableau 5 Panneaux est Fait Pour Vous !\",\"breadcrumb\":{\"@id\":\"https:\\\/\\\/boutique-one-piece.com\\\/decorations-one-piece\\\/tableaux-one-piece\\\/tableau-one-piece-boa-hancock\\\/#breadcrumb\"},\"inLanguage\":\"pt-PT\",\"potentialAction\":[{\"@type\":\"ReadAction\",\"target\":[\"https:\\\/\\\/boutique-one-piece.com\\\/decorations-one-piece\\\/tableaux-one-piece\\\/tableau-one-piece-boa-hancock\\\/\"]}]},{\"@type\":\"ImageObject\",\"inLanguage\":\"pt-PT\",\"@id\":\"https:\\\/\\\/boutique-one-piece.com\\\/decorations-one-piece\\\/tableaux-one-piece\\\/tableau-one-piece-boa-hancock\\\/#primaryimage\",\"url\":\"https:\\\/\\\/boutique-one-piece.com\\\/wp-content\\\/uploads\\\/2022\\\/09\\\/Tableau-One-Piece-Boa-Hancock.jpg\",\"contentUrl\":\"https:\\\/\\\/boutique-one-piece.com\\\/wp-content\\\/uploads\\\/2022\\\/09\\\/Tableau-One-Piece-Boa-Hancock.jpg\",\"width\":1000,\"height\":1000,\"caption\":\"Tableau One Piece Boa Hancock XL Avec Cadre\"},{\"@type\":\"BreadcrumbList\",\"@id\":\"https:\\\/\\\/boutique-one-piece.com\\\/decorations-one-piece\\\/tableaux-one-piece\\\/tableau-one-piece-boa-hancock\\\/#breadcrumb\",\"itemListElement\":[{\"@type\":\"ListItem\",\"position\":1,\"name\":\"Home\",\"item\":\"https:\\\/\\\/boutique-one-piece.com\\\/\"},{\"@type\":\"ListItem\",\"position\":2,\"name\":\"Shop\",\"item\":\"https:\\\/\\\/boutique-one-piece.com\\\/shop\\\/\"},{\"@type\":\"ListItem\",\"position\":3,\"name\":\"Tableau One Piece Boa Hancock\"}]},{\"@type\":\"WebSite\",\"@id\":\"https:\\\/\\\/boutique-one-piece.com\\\/#website\",\"url\":\"https:\\\/\\\/boutique-one-piece.com\\\/\",\"name\":\"Boutique One Piece\",\"description\":\"Magasin Sp\u00e9cialis\u00e9 du Manga et l&#039;Anime One Piece\",\"publisher\":{\"@id\":\"https:\\\/\\\/boutique-one-piece.com\\\/#organization\"},\"potentialAction\":[{\"@type\":\"SearchAction\",\"target\":{\"@type\":\"EntryPoint\",\"urlTemplate\":\"https:\\\/\\\/boutique-one-piece.com\\\/?s={search_term_string}\"},\"query-input\":{\"@type\":\"PropertyValueSpecification\",\"valueRequired\":true,\"valueName\":\"search_term_string\"}}],\"inLanguage\":\"pt-PT\"},{\"@type\":\"Organization\",\"@id\":\"https:\\\/\\\/boutique-one-piece.com\\\/#organization\",\"name\":\"Boutique One Piece\",\"url\":\"https:\\\/\\\/boutique-one-piece.com\\\/\",\"logo\":{\"@type\":\"ImageObject\",\"inLanguage\":\"pt-PT\",\"@id\":\"https:\\\/\\\/boutique-one-piece.com\\\/#\\\/schema\\\/logo\\\/image\\\/\",\"url\":\"https:\\\/\\\/boutique-one-piece.com\\\/wp-content\\\/uploads\\\/2022\\\/09\\\/Logo-01.png\",\"contentUrl\":\"https:\\\/\\\/boutique-one-piece.com\\\/wp-content\\\/uploads\\\/2022\\\/09\\\/Logo-01.png\",\"width\":2318,\"height\":957,\"caption\":\"Boutique One Piece\"},\"image\":{\"@id\":\"https:\\\/\\\/boutique-one-piece.com\\\/#\\\/schema\\\/logo\\\/image\\\/\"}}]}<\/script>\n<!-- \/ Yoast SEO plugin. -->","yoast_head_json":{"title":"Pintura da Boa Hancock de One Piece | Loja de One Piece","description":"Conjunto de 5 telas impressas de One Piece: A Imperatriz Pirata ou a Princesa Serpente. Se voc\u00ea \u00e9 f\u00e3 do universo pirata, este conjunto de 5 telas impressas \u00e9 perfeito para voc\u00ea!","robots":{"index":"index","follow":"follow","max-snippet":"max-snippet:-1","max-image-preview":"max-image-preview:large","max-video-preview":"max-video-preview:-1"},"canonical":"https:\/\/boutique-one-piece.com\/pt\/decoracoes-de-one-piece\/pinturas-de-one-piece\/pintura-de-boa-hancock-de-one-piece\/","og_locale":"pt_PT","og_type":"article","og_title":"Tableau One Piece Boa Hancock | Boutique One Piece","og_description":"Tableau 5 Pi\u00e8ces One Piece L'Imp\u00e9ratrice Pirate ou Princesse Serpent, Si Vous \u00cates un Fan de l'Univers des Pirates ce Tableau 5 Panneaux est Fait Pour Vous !","og_url":"https:\/\/boutique-one-piece.com\/pt\/decoracoes-de-one-piece\/pinturas-de-one-piece\/pintura-de-boa-hancock-de-one-piece\/","og_site_name":"Boutique One Piece","article_modified_time":"2024-09-18T01:03:30+00:00","og_image":[{"width":1000,"height":1000,"url":"https:\/\/boutique-one-piece.com\/wp-content\/uploads\/2022\/09\/Tableau-One-Piece-Boa-Hancock.jpg","type":"image\/jpeg"}],"twitter_card":"summary_large_image","twitter_misc":{"Tempo estimado de leitura":"4 minutos"},"schema":{"@context":"https:\/\/schema.org","@graph":[{"@type":"WebPage","@id":"https:\/\/boutique-one-piece.com\/decorations-one-piece\/tableaux-one-piece\/tableau-one-piece-boa-hancock\/","url":"https:\/\/boutique-one-piece.com\/decorations-one-piece\/tableaux-one-piece\/tableau-one-piece-boa-hancock\/","name":"Pintura da Boa Hancock de One Piece | Loja de One Piece","isPartOf":{"@id":"https:\/\/boutique-one-piece.com\/#website"},"primaryImageOfPage":{"@id":"https:\/\/boutique-one-piece.com\/decorations-one-piece\/tableaux-one-piece\/tableau-one-piece-boa-hancock\/#primaryimage"},"image":{"@id":"https:\/\/boutique-one-piece.com\/decorations-one-piece\/tableaux-one-piece\/tableau-one-piece-boa-hancock\/#primaryimage"},"thumbnailUrl":"https:\/\/boutique-one-piece.com\/wp-content\/uploads\/2022\/09\/Tableau-One-Piece-Boa-Hancock.jpg","datePublished":"2022-09-27T20:23:42+00:00","dateModified":"2024-09-18T01:03:30+00:00","description":"Conjunto de 5 telas impressas de One Piece: A Imperatriz Pirata ou a Princesa Serpente. Se voc\u00ea \u00e9 f\u00e3 do universo pirata, este conjunto de 5 telas impressas \u00e9 perfeito para voc\u00ea!","breadcrumb":{"@id":"https:\/\/boutique-one-piece.com\/decorations-one-piece\/tableaux-one-piece\/tableau-one-piece-boa-hancock\/#breadcrumb"},"inLanguage":"pt-PT","potentialAction":[{"@type":"ReadAction","target":["https:\/\/boutique-one-piece.com\/decorations-one-piece\/tableaux-one-piece\/tableau-one-piece-boa-hancock\/"]}]},{"@type":"ImageObject","inLanguage":"pt-PT","@id":"https:\/\/boutique-one-piece.com\/decorations-one-piece\/tableaux-one-piece\/tableau-one-piece-boa-hancock\/#primaryimage","url":"https:\/\/boutique-one-piece.com\/wp-content\/uploads\/2022\/09\/Tableau-One-Piece-Boa-Hancock.jpg","contentUrl":"https:\/\/boutique-one-piece.com\/wp-content\/uploads\/2022\/09\/Tableau-One-Piece-Boa-Hancock.jpg","width":1000,"height":1000,"caption":"Tableau One Piece Boa Hancock XL Avec Cadre"},{"@type":"BreadcrumbList","@id":"https:\/\/boutique-one-piece.com\/decorations-one-piece\/tableaux-one-piece\/tableau-one-piece-boa-hancock\/#breadcrumb","itemListElement":[{"@type":"ListItem","position":1,"name":"Home","item":"https:\/\/boutique-one-piece.com\/"},{"@type":"ListItem","position":2,"name":"Shop","item":"https:\/\/boutique-one-piece.com\/shop\/"},{"@type":"ListItem","position":3,"name":"Tableau One Piece Boa Hancock"}]},{"@type":"WebSite","@id":"https:\/\/boutique-one-piece.com\/#website","url":"https:\/\/boutique-one-piece.com\/","name":"Loja One Piece","description":"Loja especializada em mang\u00e1 e anime de One Piece.","publisher":{"@id":"https:\/\/boutique-one-piece.com\/#organization"},"potentialAction":[{"@type":"SearchAction","target":{"@type":"EntryPoint","urlTemplate":"https:\/\/boutique-one-piece.com\/?s={search_term_string}"},"query-input":{"@type":"PropertyValueSpecification","valueRequired":true,"valueName":"search_term_string"}}],"inLanguage":"pt-PT"},{"@type":"Organization","@id":"https:\/\/boutique-one-piece.com\/#organization","name":"Loja One Piece","url":"https:\/\/boutique-one-piece.com\/","logo":{"@type":"ImageObject","inLanguage":"pt-PT","@id":"https:\/\/boutique-one-piece.com\/#\/schema\/logo\/image\/","url":"https:\/\/boutique-one-piece.com\/wp-content\/uploads\/2022\/09\/Logo-01.png","contentUrl":"https:\/\/boutique-one-piece.com\/wp-content\/uploads\/2022\/09\/Logo-01.png","width":2318,"height":957,"caption":"Boutique One Piece"},"image":{"@id":"https:\/\/boutique-one-piece.com\/#\/schema\/logo\/image\/"}}]}},"_links":{"self":[{"href":"https:\/\/boutique-one-piece.com\/pt\/wp-json\/wp\/v2\/product\/9943","targetHints":{"allow":["GET"]}}],"collection":[{"href":"https:\/\/boutique-one-piece.com\/pt\/wp-json\/wp\/v2\/product"}],"about":[{"href":"https:\/\/boutique-one-piece.com\/pt\/wp-json\/wp\/v2\/types\/product"}],"replies":[{"embeddable":true,"href":"https:\/\/boutique-one-piece.com\/pt\/wp-json\/wp\/v2\/comments?post=9943"}],"wp:featuredmedia":[{"embeddable":true,"href":"https:\/\/boutique-one-piece.com\/pt\/wp-json\/wp\/v2\/media\/9945"}],"wp:attachment":[{"href":"https:\/\/boutique-one-piece.com\/pt\/wp-json\/wp\/v2\/media?parent=9943"}],"wp:term":[{"taxonomy":"product_brand","embeddable":true,"href":"https:\/\/boutique-one-piece.com\/pt\/wp-json\/wp\/v2\/product_brand?post=9943"},{"taxonomy":"product_cat","embeddable":true,"href":"https:\/\/boutique-one-piece.com\/pt\/wp-json\/wp\/v2\/product_cat?post=9943"},{"taxonomy":"product_tag","embeddable":true,"href":"https:\/\/boutique-one-piece.com\/pt\/wp-json\/wp\/v2\/product_tag?post=9943"}],"curies":[{"name":"wp","href":"https:\/\/api.w.org\/{rel}","templated":true}]}}