{"id":18143,"date":"2022-09-28T16:42:33","date_gmt":"2022-09-28T16:42:33","guid":{"rendered":"https:\/\/boutique-one-piece.com\/?page_id=18143"},"modified":"2024-09-16T16:20:10","modified_gmt":"2024-09-16T16:20:10","slug":"returpolicy","status":"publish","type":"page","link":"https:\/\/boutique-one-piece.com\/sv\/returpolicy\/","title":{"rendered":"RETUR- OCH \u00c5TERBETALNINGSPOLICY"},"content":{"rendered":"<div data-elementor-type=\"wp-page\" data-elementor-id=\"18143\" class=\"elementor elementor-18143\">\n\t\t\t\t\t\t<section class=\"elementor-section elementor-top-section elementor-element elementor-element-953f58b elementor-section-boxed elementor-section-height-default elementor-section-height-default\" data-id=\"953f58b\" data-element_type=\"section\" data-e-type=\"section\">\n\t\t\t\t\t\t<div class=\"elementor-container elementor-column-gap-default\">\n\t\t\t\t\t<div class=\"elementor-column elementor-col-100 elementor-top-column elementor-element elementor-element-529c7010\" data-id=\"529c7010\" data-element_type=\"column\" data-e-type=\"column\">\n\t\t\t<div class=\"elementor-widget-wrap elementor-element-populated\">\n\t\t\t\t\t\t<div class=\"elementor-element elementor-element-3997c122 elementor-widget elementor-widget-text-editor\" data-id=\"3997c122\" data-element_type=\"widget\" data-e-type=\"widget\" data-widget_type=\"text-editor.default\">\n\t\t\t\t<div class=\"elementor-widget-container\">\n\t\t\t\t\t\t\t\t\t\n<p>RETURER<br \/><br \/>\u2014-<br \/><br \/>V\u00e5r policy g\u00e4ller i 30 dagar. Om det har g\u00e5tt 30 dagar sedan ditt k\u00f6p kan vi tyv\u00e4rr inte erbjuda dig \u00e5terbetalning eller byte.<br \/><br \/>F\u00f6r att vara ber\u00e4ttigad till retur m\u00e5ste din vara oanv\u00e4nd och i samma skick som du mottog den. Den m\u00e5ste ocks\u00e5 vara i originalf\u00f6rpackningen.<br \/><br \/>Flera typer av produkter kan inte returneras. F\u00e4rskvaror som mat, blommor eller tidskrifter kan inte returneras. Vi accepterar inte heller intima eller hygienprodukter, farliga material eller brandfarliga v\u00e4tskor eller gaser.<br \/><br \/>Andra varor som inte kan returneras:<br \/>Presentkort<br \/>* Nedladdningsbar programvara<br \/>* Vissa h\u00e4lso- och hygienprodukter<br \/><br \/>F\u00f6r att g\u00f6ra en retur m\u00e5ste du f\u00f6rse oss med ett kvitto eller k\u00f6pbevis.<br \/><br \/>V\u00e4nligen returnera inte ditt k\u00f6p till tillverkaren.<br \/><br \/>Det finns vissa situationer d\u00e4r endast en delvis \u00e5terbetalning beviljas: (om till\u00e4mpligt)<br \/>* B\u00f6cker med tydliga brukssp\u00e5r.<br \/>* CD, DVD, VHS-kassett, programvara, videospel, kassett eller vinylskiva som har \u00f6ppnats.<br \/>* Alla varor som inte \u00e4r i originalskick, \u00e4r skadade eller har saknade delar av sk\u00e4l som inte beror p\u00e5 ett fel fr\u00e5n v\u00e5r sida.<br \/>* Alla varor som returneras mer \u00e4n 30 dagar efter leverans.<br \/><br \/>\u00c5terbetalningar (om till\u00e4mpligt)<br \/>N\u00e4r vi har mottagit och inspekterat den returnerade varan skickar vi ett e-postmeddelande till dig f\u00f6r att bekr\u00e4fta mottagandet. Vi kommer ocks\u00e5 att informera dig om v\u00e5rt beslut om godk\u00e4nnande eller avslag av din \u00e5terbetalningsbeg\u00e4ran.<br \/>Om din beg\u00e4ran godk\u00e4nns kommer din \u00e5terbetalning att behandlas och en kreditering kommer automatiskt att till\u00e4mpas p\u00e5 ditt kreditkort eller din ursprungliga betalningsmetod inom 10 arbetsdagar.<br \/><br \/>Sena eller uteblivna \u00e5terbetalningar (om till\u00e4mpligt)<br \/>Om du inte har f\u00e5tt din \u00e5terbetalning \u00e4nnu, v\u00e4nligen kontrollera ditt bankkonto igen f\u00f6rst.<br \/>Kontakta sedan din kreditkortsutgivare, eftersom det kan dr\u00f6ja innan din \u00e5terbetalning officiellt publiceras.<br \/>Kontakta sedan din bank. Det tar ofta en handl\u00e4ggningstid innan en \u00e5terbetalning publiceras.<br \/>Om du fortfarande inte har f\u00e5tt din \u00e5terbetalning efter att ha slutf\u00f6rt alla dessa steg, v\u00e4nligen kontakta oss p\u00e5 contact@boutique-one-piece.com. .<br \/><br \/>Reavaror (om till\u00e4mpligt)<br \/>Endast varor till ordinarie pris \u00e4r ber\u00e4ttigade till \u00e5terbetalning. Tyv\u00e4rr \u00e5terbetalas inte reavaror.<br \/><br \/>Byten (om till\u00e4mpligt)<br \/>Vi byter endast ut varor om de \u00e4r defekta eller skadade. Om du vill byta mot samma vara, v\u00e4nligen maila oss p\u00e5 contact@boutique-one-piece.com.<\/p>\n\n\n\n<p><br \/>G\u00e5vor<br \/>Om den returnerade varan var markerad som en g\u00e5va n\u00e4r den k\u00f6ptes och skickades direkt till dig, f\u00e5r du en presentkredit motsvarande v\u00e4rdet av din retur. N\u00e4r vi har mottagit den returnerade varan skickas ett presentkort till dig.<br \/><br \/>Om varan inte var markerad som en g\u00e5va vid k\u00f6ptillf\u00e4llet, eller om presentgivaren f\u00f6redrog att ta emot varan f\u00f6rst f\u00f6r att ge den till dig senare, skickar vi en \u00e5terbetalning till presentgivaren och de kommer att meddelas att du har returnerat varan.<br \/><br \/>Frakt<br \/>F\u00f6r att returnera en produkt m\u00e5ste du skicka den med posten.<br \/><br \/>Du ansvarar sj\u00e4lv f\u00f6r att betala dina fraktkostnader f\u00f6r att returnera din vara. Fraktkostnaderna \u00e5terbetalas inte. Om du f\u00e5r en \u00e5terbetalning kommer returfraktkostnaden att dras av fr\u00e5n den.<br \/><br \/>Beroende p\u00e5 var du bor kan tiden det tar att f\u00e5 din utbytta produkt variera.<br \/><br \/>Om du skickar en vara v\u00e4rd mer \u00e4n $75 b\u00f6r du \u00f6verv\u00e4ga att anv\u00e4nda en sp\u00e5rbar frakttj\u00e4nst eller k\u00f6pa en fraktf\u00f6rs\u00e4kring. Vi kan inte garantera att vi kommer att f\u00e5 din returnerade vara.<\/p>\n\n\t\t\t\t\t\t\t\t<\/div>\n\t\t\t\t<\/div>\n\t\t\t\t\t<\/div>\n\t\t<\/div>\n\t\t\t\t\t<\/div>\n\t\t<\/section>\n\t\t\t\t<\/div>","protected":false},"excerpt":{"rendered":"<p>RETURER \u2014 V\u00e5r policy g\u00e4ller i 30 dagar. Om det har g\u00e5tt 30 dagar sedan ditt k\u00f6p kan vi tyv\u00e4rr inte erbjuda dig \u00e5terbetalning eller byte. F\u00f6r att vara ber\u00e4ttigad till en retur m\u00e5ste din vara oanv\u00e4nd och i samma skick som du mottog den. Den m\u00e5ste ocks\u00e5 vara i originalf\u00f6rpackningen. Flera [\u2026]<\/p>","protected":false},"author":2,"featured_media":0,"parent":0,"menu_order":0,"comment_status":"closed","ping_status":"closed","template":"","meta":{"footnotes":""},"class_list":["post-18143","page","type-page","status-publish","hentry"],"yoast_head":"<!-- This site is optimized with the Yoast SEO plugin v27.5 - https:\/\/yoast.com\/product\/yoast-seo-wordpress\/ -->\n<title>POLITIQUE DE RETOURS &amp; REMBOURSEMENTS | Boutique One Piece<\/title>\n<meta name=\"robots\" content=\"noindex, follow\" \/>\n<meta property=\"og:locale\" content=\"sv_SE\" \/>\n<meta property=\"og:type\" content=\"article\" \/>\n<meta property=\"og:title\" content=\"POLITIQUE DE RETOURS &amp; REMBOURSEMENTS | Boutique One Piece\" \/>\n<meta property=\"og:description\" content=\"RETOURS &#8212;- Notre politique dure 30 jours. Si 30 jours se sont \u00e9coul\u00e9s depuis votre achat, nous ne pouvons malheureusement pas vous offrir un remboursement ou un \u00e9change. Pour pouvoir b\u00e9n\u00e9ficier d\u2019un retour, votre article doit \u00eatre inutilis\u00e9 et dans le m\u00eame \u00e9tat o\u00f9 vous l\u2019avez re\u00e7u. Il doit \u00eatre \u00e9galement dans l\u2019emballage d\u2019origine. Plusieurs [&hellip;]\" \/>\n<meta property=\"og:url\" content=\"https:\/\/boutique-one-piece.com\/sv\/returpolicy\/\" \/>\n<meta property=\"og:site_name\" content=\"Boutique One Piece\" \/>\n<meta property=\"article:modified_time\" content=\"2024-09-16T16:20:10+00:00\" \/>\n<meta name=\"twitter:card\" content=\"summary_large_image\" \/>\n<meta name=\"twitter:label1\" content=\"Ber\u00e4knad l\u00e4stid\" \/>\n\t<meta name=\"twitter:data1\" content=\"4 minuter\" \/>\n<script type=\"application\/ld+json\" class=\"yoast-schema-graph\">{\"@context\":\"https:\\\/\\\/schema.org\",\"@graph\":[{\"@type\":\"WebPage\",\"@id\":\"https:\\\/\\\/boutique-one-piece.com\\\/politique-de-retours\\\/\",\"url\":\"https:\\\/\\\/boutique-one-piece.com\\\/politique-de-retours\\\/\",\"name\":\"POLITIQUE DE RETOURS & REMBOURSEMENTS | Boutique One Piece\",\"isPartOf\":{\"@id\":\"https:\\\/\\\/boutique-one-piece.com\\\/#website\"},\"datePublished\":\"2022-09-28T16:42:33+00:00\",\"dateModified\":\"2024-09-16T16:20:10+00:00\",\"breadcrumb\":{\"@id\":\"https:\\\/\\\/boutique-one-piece.com\\\/politique-de-retours\\\/#breadcrumb\"},\"inLanguage\":\"sv-SE\",\"potentialAction\":[{\"@type\":\"ReadAction\",\"target\":[\"https:\\\/\\\/boutique-one-piece.com\\\/politique-de-retours\\\/\"]}]},{\"@type\":\"BreadcrumbList\",\"@id\":\"https:\\\/\\\/boutique-one-piece.com\\\/politique-de-retours\\\/#breadcrumb\",\"itemListElement\":[{\"@type\":\"ListItem\",\"position\":1,\"name\":\"Home\",\"item\":\"https:\\\/\\\/boutique-one-piece.com\\\/\"},{\"@type\":\"ListItem\",\"position\":2,\"name\":\"POLITIQUE DE RETOURS &#038; REMBOURSEMENTS\"}]},{\"@type\":\"WebSite\",\"@id\":\"https:\\\/\\\/boutique-one-piece.com\\\/#website\",\"url\":\"https:\\\/\\\/boutique-one-piece.com\\\/\",\"name\":\"Boutique One Piece\",\"description\":\"Magasin Sp\u00e9cialis\u00e9 du Manga et l&#039;Anime One Piece\",\"publisher\":{\"@id\":\"https:\\\/\\\/boutique-one-piece.com\\\/#organization\"},\"potentialAction\":[{\"@type\":\"SearchAction\",\"target\":{\"@type\":\"EntryPoint\",\"urlTemplate\":\"https:\\\/\\\/boutique-one-piece.com\\\/?s={search_term_string}\"},\"query-input\":{\"@type\":\"PropertyValueSpecification\",\"valueRequired\":true,\"valueName\":\"search_term_string\"}}],\"inLanguage\":\"sv-SE\"},{\"@type\":\"Organization\",\"@id\":\"https:\\\/\\\/boutique-one-piece.com\\\/#organization\",\"name\":\"Boutique One Piece\",\"url\":\"https:\\\/\\\/boutique-one-piece.com\\\/\",\"logo\":{\"@type\":\"ImageObject\",\"inLanguage\":\"sv-SE\",\"@id\":\"https:\\\/\\\/boutique-one-piece.com\\\/#\\\/schema\\\/logo\\\/image\\\/\",\"url\":\"https:\\\/\\\/boutique-one-piece.com\\\/wp-content\\\/uploads\\\/2022\\\/09\\\/Logo-01.png\",\"contentUrl\":\"https:\\\/\\\/boutique-one-piece.com\\\/wp-content\\\/uploads\\\/2022\\\/09\\\/Logo-01.png\",\"width\":2318,\"height\":957,\"caption\":\"Boutique One Piece\"},\"image\":{\"@id\":\"https:\\\/\\\/boutique-one-piece.com\\\/#\\\/schema\\\/logo\\\/image\\\/\"}}]}<\/script>\n<!-- \/ Yoast SEO plugin. -->","yoast_head_json":{"title":"RETUR- OCH \u00c5TERBETALNINGSPOLICY | One Piece Shop","robots":{"index":"noindex","follow":"follow"},"og_locale":"sv_SE","og_type":"article","og_title":"POLITIQUE DE RETOURS & REMBOURSEMENTS | Boutique One Piece","og_description":"RETOURS &#8212;- Notre politique dure 30 jours. Si 30 jours se sont \u00e9coul\u00e9s depuis votre achat, nous ne pouvons malheureusement pas vous offrir un remboursement ou un \u00e9change. Pour pouvoir b\u00e9n\u00e9ficier d\u2019un retour, votre article doit \u00eatre inutilis\u00e9 et dans le m\u00eame \u00e9tat o\u00f9 vous l\u2019avez re\u00e7u. Il doit \u00eatre \u00e9galement dans l\u2019emballage d\u2019origine. Plusieurs [&hellip;]","og_url":"https:\/\/boutique-one-piece.com\/sv\/returpolicy\/","og_site_name":"Boutique One Piece","article_modified_time":"2024-09-16T16:20:10+00:00","twitter_card":"summary_large_image","twitter_misc":{"Ber\u00e4knad l\u00e4stid":"4 minuter"},"schema":{"@context":"https:\/\/schema.org","@graph":[{"@type":"WebPage","@id":"https:\/\/boutique-one-piece.com\/politique-de-retours\/","url":"https:\/\/boutique-one-piece.com\/politique-de-retours\/","name":"RETUR- OCH \u00c5TERBETALNINGSPOLICY | One Piece Shop","isPartOf":{"@id":"https:\/\/boutique-one-piece.com\/#website"},"datePublished":"2022-09-28T16:42:33+00:00","dateModified":"2024-09-16T16:20:10+00:00","breadcrumb":{"@id":"https:\/\/boutique-one-piece.com\/politique-de-retours\/#breadcrumb"},"inLanguage":"sv-SE","potentialAction":[{"@type":"ReadAction","target":["https:\/\/boutique-one-piece.com\/politique-de-retours\/"]}]},{"@type":"BreadcrumbList","@id":"https:\/\/boutique-one-piece.com\/politique-de-retours\/#breadcrumb","itemListElement":[{"@type":"ListItem","position":1,"name":"Home","item":"https:\/\/boutique-one-piece.com\/"},{"@type":"ListItem","position":2,"name":"POLITIQUE DE RETOURS &#038; REMBOURSEMENTS"}]},{"@type":"WebSite","@id":"https:\/\/boutique-one-piece.com\/#website","url":"https:\/\/boutique-one-piece.com\/","name":"One Piece-butik","description":"Specialbutik f\u00f6r One Piece Manga och Anime","publisher":{"@id":"https:\/\/boutique-one-piece.com\/#organization"},"potentialAction":[{"@type":"SearchAction","target":{"@type":"EntryPoint","urlTemplate":"https:\/\/boutique-one-piece.com\/?s={search_term_string}"},"query-input":{"@type":"PropertyValueSpecification","valueRequired":true,"valueName":"search_term_string"}}],"inLanguage":"sv-SE"},{"@type":"Organization","@id":"https:\/\/boutique-one-piece.com\/#organization","name":"One Piece-butik","url":"https:\/\/boutique-one-piece.com\/","logo":{"@type":"ImageObject","inLanguage":"sv-SE","@id":"https:\/\/boutique-one-piece.com\/#\/schema\/logo\/image\/","url":"https:\/\/boutique-one-piece.com\/wp-content\/uploads\/2022\/09\/Logo-01.png","contentUrl":"https:\/\/boutique-one-piece.com\/wp-content\/uploads\/2022\/09\/Logo-01.png","width":2318,"height":957,"caption":"Boutique One Piece"},"image":{"@id":"https:\/\/boutique-one-piece.com\/#\/schema\/logo\/image\/"}}]}},"_links":{"self":[{"href":"https:\/\/boutique-one-piece.com\/sv\/wp-json\/wp\/v2\/pages\/18143","targetHints":{"allow":["GET"]}}],"collection":[{"href":"https:\/\/boutique-one-piece.com\/sv\/wp-json\/wp\/v2\/pages"}],"about":[{"href":"https:\/\/boutique-one-piece.com\/sv\/wp-json\/wp\/v2\/types\/page"}],"author":[{"embeddable":true,"href":"https:\/\/boutique-one-piece.com\/sv\/wp-json\/wp\/v2\/users\/2"}],"replies":[{"embeddable":true,"href":"https:\/\/boutique-one-piece.com\/sv\/wp-json\/wp\/v2\/comments?post=18143"}],"version-history":[{"count":7,"href":"https:\/\/boutique-one-piece.com\/sv\/wp-json\/wp\/v2\/pages\/18143\/revisions"}],"predecessor-version":[{"id":19791,"href":"https:\/\/boutique-one-piece.com\/sv\/wp-json\/wp\/v2\/pages\/18143\/revisions\/19791"}],"wp:attachment":[{"href":"https:\/\/boutique-one-piece.com\/sv\/wp-json\/wp\/v2\/media?parent=18143"}],"curies":[{"name":"wp","href":"https:\/\/api.w.org\/{rel}","templated":true}]}}