{"id":18145,"date":"2022-09-28T16:43:16","date_gmt":"2022-09-28T16:43:16","guid":{"rendered":"https:\/\/boutique-one-piece.com\/?page_id=18145"},"modified":"2024-09-16T16:25:24","modified_gmt":"2024-09-16T16:25:24","slug":"integritetspolicy","status":"publish","type":"page","link":"https:\/\/boutique-one-piece.com\/sv\/integritetspolicy\/","title":{"rendered":"INTEGRITETSPOLICY"},"content":{"rendered":"<div data-elementor-type=\"wp-page\" data-elementor-id=\"18145\" class=\"elementor elementor-18145\">\n\t\t\t\t\t\t<section class=\"elementor-section elementor-top-section elementor-element elementor-element-8831766 elementor-section-boxed elementor-section-height-default elementor-section-height-default\" data-id=\"8831766\" data-element_type=\"section\" data-e-type=\"section\">\n\t\t\t\t\t\t<div class=\"elementor-container elementor-column-gap-default\">\n\t\t\t\t\t<div class=\"elementor-column elementor-col-100 elementor-top-column elementor-element elementor-element-3c0935e0\" data-id=\"3c0935e0\" data-element_type=\"column\" data-e-type=\"column\">\n\t\t\t<div class=\"elementor-widget-wrap elementor-element-populated\">\n\t\t\t\t\t\t<div class=\"elementor-element elementor-element-5c388b30 elementor-widget elementor-widget-text-editor\" data-id=\"5c388b30\" data-element_type=\"widget\" data-e-type=\"widget\" data-widget_type=\"text-editor.default\">\n\t\t\t\t<div class=\"elementor-widget-container\">\n\t\t\t\t\t\t\t\t\t\n<p>INTEGRITETSPOLICY<br \/><br \/>\u2014-<br \/><br \/>ARTIKEL 1 \u2013 INSAMLAD PERSONUPPGIFTER<br \/><br \/>N\u00e4r du g\u00f6r ett k\u00f6p fr\u00e5n v\u00e5r butik, som en del av v\u00e5r k\u00f6p- och s\u00e4ljprocess, samlar vi in den personliga information du l\u00e4mnar till oss, s\u00e5som ditt namn, adress och e-postadress.<br \/><br \/>N\u00e4r du surfar i v\u00e5r butik f\u00e5r vi \u00e4ven automatiskt din dators IP-adress (Internet Protocol), vilket g\u00f6r att vi kan f\u00e5 mer information om webbl\u00e4saren och operativsystemet du anv\u00e4nder.<br \/><br \/>E-postmarknadsf\u00f6ring (om till\u00e4mpligt): Med ditt tillst\u00e5nd kan vi skicka e-postmeddelanden till dig om v\u00e5r butik, nya produkter och andra uppdateringar.<br \/><br \/><br \/>ARTIKEL 2 \u2013 SAMTYCKE<br \/><br \/>Hur f\u00e5r ni mitt samtycke?<br \/><br \/>N\u00e4r du l\u00e4mnar dina personuppgifter till oss f\u00f6r att slutf\u00f6ra en transaktion, verifiera ditt kreditkort, g\u00f6ra en best\u00e4llning, ordna en leverans eller returnera ett k\u00f6p, antar vi att du samtycker till att vi samlar in och anv\u00e4nder dina uppgifter endast f\u00f6r det specifika \u00e4ndam\u00e5let.<br \/><br \/>Om vi ber dig att l\u00e4mna dina personuppgifter av annan anledning, till exempel f\u00f6r marknadsf\u00f6rings\u00e4ndam\u00e5l, kommer vi antingen att direkt be om ditt uttryckliga samtycke, eller s\u00e5 kommer vi att ge dig m\u00f6jlighet att v\u00e4gra.<br \/><br \/><br \/>Hur kan jag \u00e5terkalla mitt samtycke?<br \/><br \/>Om du, efter att ha gett oss ditt samtycke, \u00e4ndrar dig och inte l\u00e4ngre samtycker till att vi kontaktar dig, samlar in din information eller l\u00e4mnar ut den, kan du meddela oss genom att kontakta oss p\u00e5 contact@boutique-one-piece.com<br \/><br \/><br \/>ARTIKEL 3 \u2013 UPPLYSNINGAR<br \/><br \/>Vi kan komma att l\u00e4mna ut dina personuppgifter om det kr\u00e4vs enligt lag eller om du bryter mot v\u00e5ra f\u00f6rs\u00e4ljnings- och anv\u00e4ndarvillkor.<br \/><br \/><br \/>ARTIKEL 4 \u2013 SHOPIFY<br \/><br \/>V\u00e5r butik finns p\u00e5 Shopify Inc. De f\u00f6rser oss med en e-handelsplattform som g\u00f6r det m\u00f6jligt f\u00f6r oss att s\u00e4lja v\u00e5ra tj\u00e4nster och produkter till dig.<br \/><br \/>Dina uppgifter lagras i Shopifys datalagringssystem och databaser, samt i den allm\u00e4nna Shopify-applikationen. Dina uppgifter f\u00f6rvaras p\u00e5 en s\u00e4ker server som skyddas av en brandv\u00e4gg.<br \/><br \/><br \/>Betalning:<br \/><br \/>Om du slutf\u00f6r ditt k\u00f6p via en direktbetalningsgateway lagrar Shopify din kreditkortsinformation. Denna information krypteras enligt Payment Card Industry Data Security Standard (PCI-DSS). Din k\u00f6ptransaktionsinformation lagras endast s\u00e5 l\u00e4nge som det \u00e4r n\u00f6dv\u00e4ndigt f\u00f6r att slutf\u00f6ra din best\u00e4llning. N\u00e4r din best\u00e4llning \u00e4r slutf\u00f6rd raderas k\u00f6ptransaktionsinformationen.<br \/><br \/>Alla direktbetalningsgateways f\u00f6ljer PCI-DSS-standarden, som hanteras av PCI Security Standards Council, vilket \u00e4r resultatet av en gemensam insats av f\u00f6retag som Visa, MasterCard, American Express och Discover.<br \/><br \/>PCI-DSS-standardkraven s\u00e4kerst\u00e4ller s\u00e4ker behandling av kreditkortsuppgifter av v\u00e5r butik och dess tj\u00e4nsteleverant\u00f6rer.<br \/><br \/>F\u00f6r mer information, se Shopifys anv\u00e4ndarvillkor h\u00e4r eller sekretesspolicy h\u00e4r.<br \/><br \/><br \/>ARTIKEL 5 \u2013 TJ\u00c4NSTER SOM TILLHANDAH\u00c5LLS AV TREDJE PARTER<br \/><br \/><br \/>I allm\u00e4nhet kommer de tredjepartsleverant\u00f6rer vi anv\u00e4nder endast att samla in, anv\u00e4nda och l\u00e4mna ut din information i den utstr\u00e4ckning det \u00e4r n\u00f6dv\u00e4ndigt f\u00f6r att utf\u00f6ra de tj\u00e4nster de tillhandah\u00e5ller oss.<br \/><br \/>Vissa tredjepartsleverant\u00f6rer, s\u00e5som betalningsgateways och andra betalningstransaktionsleverant\u00f6rer, har dock sina egna integritetspolicyer g\u00e4llande den information vi \u00e4r skyldiga att tillhandah\u00e5lla dem f\u00f6r dina k\u00f6ptransaktioner.<br \/><br \/>Ang\u00e5ende dessa leverant\u00f6rer rekommenderar vi att du noggrant l\u00e4ser deras integritetspolicyer s\u00e5 att du f\u00f6rst\u00e5r hur de kommer att hantera dina personuppgifter.<br \/><br \/>Det \u00e4r viktigt att komma ih\u00e5g att vissa leverant\u00f6rer kan vara bel\u00e4gna eller ha anl\u00e4ggningar i en annan jurisdiktion \u00e4n din eller v\u00e5r. Om du d\u00e4rf\u00f6r v\u00e4ljer att genomf\u00f6ra en transaktion som kr\u00e4ver en tredjepartsleverant\u00f6rs tj\u00e4nster kan din information omfattas av lagarna i den jurisdiktion d\u00e4r den leverant\u00f6ren \u00e4r bel\u00e4gen eller d\u00e4r dess anl\u00e4ggningar finns.<br \/><br \/>Om du till exempel befinner dig i Kanada och din transaktion behandlas av en betalningsgateway i USA, kan din information som anv\u00e4nds f\u00f6r att slutf\u00f6ra transaktionen l\u00e4mnas ut enligt amerikansk lag, inklusive Patriot Act.<br \/><br \/>N\u00e4r du l\u00e4mnar v\u00e5r butiks webbplats eller omdirigeras till en tredjepartswebbplats eller -applikation omfattas du inte l\u00e4ngre av denna integritetspolicy eller v\u00e5r webbplats f\u00f6rs\u00e4ljnings- och anv\u00e4ndarvillkor.<br \/><br \/><br \/>L\u00e4nkar<br \/><br \/>Du kan bli omdirigerad till andra webbplatser genom att klicka p\u00e5 vissa l\u00e4nkar p\u00e5 v\u00e5r webbplats. Vi ansvarar inte f\u00f6r dessa andra webbplatsers integritetspraxis och rekommenderar att du noggrant granskar deras integritetspolicyer.<br \/><br \/><br \/>ARTIKEL 6 \u2013 S\u00c4KERHET<br \/><br \/>F\u00f6r att skydda dina personuppgifter vidtar vi rimliga f\u00f6rsiktighets\u00e5tg\u00e4rder och f\u00f6ljer b\u00e4sta praxis i branschen f\u00f6r att s\u00e4kerst\u00e4lla att de inte f\u00f6rloras, missbrukas, \u00e5tkoms, avsl\u00f6jas, \u00e4ndras eller f\u00f6rst\u00f6rs p\u00e5 ett otillb\u00f6rligt s\u00e4tt.<br \/><br \/>Om du f\u00f6rser oss med din kreditkortsinformation kommer den att krypteras med SSL och lagras med AES-256-kryptering. \u00c4ven om ingen metod f\u00f6r \u00f6verf\u00f6ring via internet eller elektronisk lagring \u00e4r 100 % s\u00e4ker, f\u00f6ljer vi alla PCI-DSS-krav och implementerar ytterligare s\u00e4kerhets\u00e5tg\u00e4rder enligt branschstandard.<br \/>SM\u00c5KAKOR<br \/><br \/>H\u00e4r \u00e4r en lista \u00f6ver cookies vi anv\u00e4nder. Vi har listat dem h\u00e4r s\u00e5 att du kan v\u00e4lja om du vill till\u00e5ta dem eller inte.<br \/><br \/>_session_id, en unik sessionsidentifierare, g\u00f6r det m\u00f6jligt f\u00f6r Shopify att lagra information relaterad till din session (h\u00e4nvisning, landningssida etc.).<br \/><br \/>_shopify_visit, ingen data lagras, finns kvar i 30 minuter fr\u00e5n det senaste bes\u00f6ket. Anv\u00e4nds av v\u00e5r webbplatsleverant\u00f6rs interna statistiksp\u00e5rningssystem f\u00f6r att registrera antalet bes\u00f6k.<br \/><br \/>_shopify_uniq, ingen data lagras, upph\u00f6r att g\u00e4lla vid midnatt (baserat p\u00e5 bes\u00f6karens plats) f\u00f6ljande dag. Ber\u00e4knar antalet bes\u00f6k i en butik av en unik kund.<br \/><br \/>varukorg, unik identifierare, finns kvar i 2 veckor, lagrar information relaterad till din varukorg.<br \/><br \/>_secure_session_id, unik sessionsidentifierare<br \/><br \/>storefront_digest, unik identifierare, odefinierad om butiken har ett l\u00f6senord, anv\u00e4nds den f\u00f6r att veta om den aktuella bes\u00f6karen har \u00e5tkomst.<br \/><br \/><br \/>ARTIKEL 7 \u2013 \u00c5LDER F\u00d6R SAMTYCKANDE<br \/><br \/>Genom att anv\u00e4nda den h\u00e4r webbplatsen intygar du att du \u00e4r myndig i din delstat eller provins och att du har gett oss ditt samtycke till att till\u00e5ta minder\u00e5riga som \u00e4r beroende av dig att anv\u00e4nda denna webbplats.<br \/><br \/><br \/>ARTIKEL 8 \u2013 \u00c4NDRINGAR I DENNA INTEGRITETSPOLICY<br \/><br \/>Vi f\u00f6rbeh\u00e5ller oss r\u00e4tten att \u00e4ndra denna integritetspolicy n\u00e4r som helst, s\u00e5 v\u00e4nligen granska den ofta. \u00c4ndringar och f\u00f6rtydliganden tr\u00e4der i kraft omedelbart efter att de publicerats p\u00e5 webbplatsen. Om vi g\u00f6r \u00e4ndringar i denna policy kommer vi att meddela dig h\u00e4r att den har uppdaterats, s\u00e5 att du \u00e4r medveten om vilken information vi samlar in, hur vi anv\u00e4nder den och under vilka omst\u00e4ndigheter, om n\u00e5gra, vi l\u00e4mnar ut den.<br \/><br \/>Om v\u00e5r butik f\u00f6rv\u00e4rvas av eller sl\u00e5s samman med ett annat f\u00f6retag kan din information komma att \u00f6verf\u00f6ras till de nya \u00e4garna s\u00e5 att vi kan forts\u00e4tta s\u00e4lja produkter till dig.<br \/><br \/><br \/>FR\u00c5GOR OCH KONTAKTUPPGIFTER<br \/><br \/>Om du vill: f\u00e5 tillg\u00e5ng till, korrigera, \u00e4ndra eller radera personlig information som vi har om dig, l\u00e4mna in ett klagom\u00e5l eller om du helt enkelt vill ha mer information, kontakta v\u00e5r integritetsansvariga p\u00e5 contact@boutique-one-piece.com<\/p>\n\t\t\t\t\t\t\t\t<\/div>\n\t\t\t\t<\/div>\n\t\t\t\t\t<\/div>\n\t\t<\/div>\n\t\t\t\t\t<\/div>\n\t\t<\/section>\n\t\t\t\t<\/div>","protected":false},"excerpt":{"rendered":"<p>INTEGRITETSPOLICY \u2014 ARTIKEL 1 \u2013 INSAMLAD PERSONUPPGIFTER N\u00e4r du g\u00f6r ett k\u00f6p fr\u00e5n v\u00e5r butik, som en del av k\u00f6p- och s\u00e4ljprocessen, samlar vi in den personliga information du anger, s\u00e5som ditt namn, adress och e-postadress. N\u00e4r du surfar i v\u00e5r butik f\u00e5r vi [\u2026]<\/p>","protected":false},"author":2,"featured_media":0,"parent":0,"menu_order":0,"comment_status":"closed","ping_status":"closed","template":"","meta":{"footnotes":""},"class_list":["post-18145","page","type-page","status-publish","hentry"],"yoast_head":"<!-- This site is optimized with the Yoast SEO plugin v27.5 - https:\/\/yoast.com\/product\/yoast-seo-wordpress\/ -->\n<title>POLITIQUE DE CONFIDENTIALIT\u00c9 | Boutique One Piece<\/title>\n<meta name=\"robots\" content=\"noindex, follow\" \/>\n<meta property=\"og:locale\" content=\"sv_SE\" \/>\n<meta property=\"og:type\" content=\"article\" \/>\n<meta property=\"og:title\" content=\"POLITIQUE DE CONFIDENTIALIT\u00c9 | Boutique One Piece\" \/>\n<meta property=\"og:description\" content=\"D\u00c9CLARATION DE CONFIDENTIALIT\u00c9 &#8212;- ARTICLE 1 \u2013 RENSEIGNEMENTS PERSONNELS RECUEILLIS Lorsque vous effectuez un achat sur notre boutique, dans le cadre de notre processus d\u2019achat et de vente, nous recueillons les renseignements personnels que vous nous fournissez, tels que votre nom, votre adresse et votre adresse e-mail. Lorsque vous naviguez sur notre boutique, nous recevons [&hellip;]\" \/>\n<meta property=\"og:url\" content=\"https:\/\/boutique-one-piece.com\/sv\/integritetspolicy\/\" \/>\n<meta property=\"og:site_name\" content=\"Boutique One Piece\" \/>\n<meta property=\"article:modified_time\" content=\"2024-09-16T16:25:24+00:00\" \/>\n<meta name=\"twitter:card\" content=\"summary_large_image\" \/>\n<meta name=\"twitter:label1\" content=\"Ber\u00e4knad l\u00e4stid\" \/>\n\t<meta name=\"twitter:data1\" content=\"7 minuter\" \/>\n<script type=\"application\/ld+json\" class=\"yoast-schema-graph\">{\"@context\":\"https:\\\/\\\/schema.org\",\"@graph\":[{\"@type\":\"WebPage\",\"@id\":\"https:\\\/\\\/boutique-one-piece.com\\\/politique-de-confidentialite\\\/\",\"url\":\"https:\\\/\\\/boutique-one-piece.com\\\/politique-de-confidentialite\\\/\",\"name\":\"POLITIQUE DE CONFIDENTIALIT\u00c9 | Boutique One Piece\",\"isPartOf\":{\"@id\":\"https:\\\/\\\/boutique-one-piece.com\\\/#website\"},\"datePublished\":\"2022-09-28T16:43:16+00:00\",\"dateModified\":\"2024-09-16T16:25:24+00:00\",\"breadcrumb\":{\"@id\":\"https:\\\/\\\/boutique-one-piece.com\\\/politique-de-confidentialite\\\/#breadcrumb\"},\"inLanguage\":\"sv-SE\",\"potentialAction\":[{\"@type\":\"ReadAction\",\"target\":[\"https:\\\/\\\/boutique-one-piece.com\\\/politique-de-confidentialite\\\/\"]}]},{\"@type\":\"BreadcrumbList\",\"@id\":\"https:\\\/\\\/boutique-one-piece.com\\\/politique-de-confidentialite\\\/#breadcrumb\",\"itemListElement\":[{\"@type\":\"ListItem\",\"position\":1,\"name\":\"Home\",\"item\":\"https:\\\/\\\/boutique-one-piece.com\\\/\"},{\"@type\":\"ListItem\",\"position\":2,\"name\":\"POLITIQUE DE CONFIDENTIALIT\u00c9\"}]},{\"@type\":\"WebSite\",\"@id\":\"https:\\\/\\\/boutique-one-piece.com\\\/#website\",\"url\":\"https:\\\/\\\/boutique-one-piece.com\\\/\",\"name\":\"Boutique One Piece\",\"description\":\"Magasin Sp\u00e9cialis\u00e9 du Manga et l&#039;Anime One Piece\",\"publisher\":{\"@id\":\"https:\\\/\\\/boutique-one-piece.com\\\/#organization\"},\"potentialAction\":[{\"@type\":\"SearchAction\",\"target\":{\"@type\":\"EntryPoint\",\"urlTemplate\":\"https:\\\/\\\/boutique-one-piece.com\\\/?s={search_term_string}\"},\"query-input\":{\"@type\":\"PropertyValueSpecification\",\"valueRequired\":true,\"valueName\":\"search_term_string\"}}],\"inLanguage\":\"sv-SE\"},{\"@type\":\"Organization\",\"@id\":\"https:\\\/\\\/boutique-one-piece.com\\\/#organization\",\"name\":\"Boutique One Piece\",\"url\":\"https:\\\/\\\/boutique-one-piece.com\\\/\",\"logo\":{\"@type\":\"ImageObject\",\"inLanguage\":\"sv-SE\",\"@id\":\"https:\\\/\\\/boutique-one-piece.com\\\/#\\\/schema\\\/logo\\\/image\\\/\",\"url\":\"https:\\\/\\\/boutique-one-piece.com\\\/wp-content\\\/uploads\\\/2022\\\/09\\\/Logo-01.png\",\"contentUrl\":\"https:\\\/\\\/boutique-one-piece.com\\\/wp-content\\\/uploads\\\/2022\\\/09\\\/Logo-01.png\",\"width\":2318,\"height\":957,\"caption\":\"Boutique One Piece\"},\"image\":{\"@id\":\"https:\\\/\\\/boutique-one-piece.com\\\/#\\\/schema\\\/logo\\\/image\\\/\"}}]}<\/script>\n<!-- \/ Yoast SEO plugin. -->","yoast_head_json":{"title":"INTEGRITETSPOLICY | One Piece Shop","robots":{"index":"noindex","follow":"follow"},"og_locale":"sv_SE","og_type":"article","og_title":"POLITIQUE DE CONFIDENTIALIT\u00c9 | Boutique One Piece","og_description":"D\u00c9CLARATION DE CONFIDENTIALIT\u00c9 &#8212;- ARTICLE 1 \u2013 RENSEIGNEMENTS PERSONNELS RECUEILLIS Lorsque vous effectuez un achat sur notre boutique, dans le cadre de notre processus d\u2019achat et de vente, nous recueillons les renseignements personnels que vous nous fournissez, tels que votre nom, votre adresse et votre adresse e-mail. Lorsque vous naviguez sur notre boutique, nous recevons [&hellip;]","og_url":"https:\/\/boutique-one-piece.com\/sv\/integritetspolicy\/","og_site_name":"Boutique One Piece","article_modified_time":"2024-09-16T16:25:24+00:00","twitter_card":"summary_large_image","twitter_misc":{"Ber\u00e4knad l\u00e4stid":"7 minuter"},"schema":{"@context":"https:\/\/schema.org","@graph":[{"@type":"WebPage","@id":"https:\/\/boutique-one-piece.com\/politique-de-confidentialite\/","url":"https:\/\/boutique-one-piece.com\/politique-de-confidentialite\/","name":"INTEGRITETSPOLICY | One Piece Shop","isPartOf":{"@id":"https:\/\/boutique-one-piece.com\/#website"},"datePublished":"2022-09-28T16:43:16+00:00","dateModified":"2024-09-16T16:25:24+00:00","breadcrumb":{"@id":"https:\/\/boutique-one-piece.com\/politique-de-confidentialite\/#breadcrumb"},"inLanguage":"sv-SE","potentialAction":[{"@type":"ReadAction","target":["https:\/\/boutique-one-piece.com\/politique-de-confidentialite\/"]}]},{"@type":"BreadcrumbList","@id":"https:\/\/boutique-one-piece.com\/politique-de-confidentialite\/#breadcrumb","itemListElement":[{"@type":"ListItem","position":1,"name":"Home","item":"https:\/\/boutique-one-piece.com\/"},{"@type":"ListItem","position":2,"name":"POLITIQUE DE CONFIDENTIALIT\u00c9"}]},{"@type":"WebSite","@id":"https:\/\/boutique-one-piece.com\/#website","url":"https:\/\/boutique-one-piece.com\/","name":"One Piece-butik","description":"Specialbutik f\u00f6r One Piece Manga och Anime","publisher":{"@id":"https:\/\/boutique-one-piece.com\/#organization"},"potentialAction":[{"@type":"SearchAction","target":{"@type":"EntryPoint","urlTemplate":"https:\/\/boutique-one-piece.com\/?s={search_term_string}"},"query-input":{"@type":"PropertyValueSpecification","valueRequired":true,"valueName":"search_term_string"}}],"inLanguage":"sv-SE"},{"@type":"Organization","@id":"https:\/\/boutique-one-piece.com\/#organization","name":"One Piece-butik","url":"https:\/\/boutique-one-piece.com\/","logo":{"@type":"ImageObject","inLanguage":"sv-SE","@id":"https:\/\/boutique-one-piece.com\/#\/schema\/logo\/image\/","url":"https:\/\/boutique-one-piece.com\/wp-content\/uploads\/2022\/09\/Logo-01.png","contentUrl":"https:\/\/boutique-one-piece.com\/wp-content\/uploads\/2022\/09\/Logo-01.png","width":2318,"height":957,"caption":"Boutique One Piece"},"image":{"@id":"https:\/\/boutique-one-piece.com\/#\/schema\/logo\/image\/"}}]}},"_links":{"self":[{"href":"https:\/\/boutique-one-piece.com\/sv\/wp-json\/wp\/v2\/pages\/18145","targetHints":{"allow":["GET"]}}],"collection":[{"href":"https:\/\/boutique-one-piece.com\/sv\/wp-json\/wp\/v2\/pages"}],"about":[{"href":"https:\/\/boutique-one-piece.com\/sv\/wp-json\/wp\/v2\/types\/page"}],"author":[{"embeddable":true,"href":"https:\/\/boutique-one-piece.com\/sv\/wp-json\/wp\/v2\/users\/2"}],"replies":[{"embeddable":true,"href":"https:\/\/boutique-one-piece.com\/sv\/wp-json\/wp\/v2\/comments?post=18145"}],"version-history":[{"count":5,"href":"https:\/\/boutique-one-piece.com\/sv\/wp-json\/wp\/v2\/pages\/18145\/revisions"}],"predecessor-version":[{"id":19794,"href":"https:\/\/boutique-one-piece.com\/sv\/wp-json\/wp\/v2\/pages\/18145\/revisions\/19794"}],"wp:attachment":[{"href":"https:\/\/boutique-one-piece.com\/sv\/wp-json\/wp\/v2\/media?parent=18145"}],"curies":[{"name":"wp","href":"https:\/\/api.w.org\/{rel}","templated":true}]}}