{"id":10089,"date":"2022-09-27T20:24:46","date_gmt":"2022-09-27T20:24:46","guid":{"rendered":"https:\/\/boutique-one-piece.com\/uncategorized\/tableau-one-piece-nouveau-monde\/"},"modified":"2024-09-18T03:33:19","modified_gmt":"2024-09-18T03:33:19","slug":"one-piece-new-world-malningen","status":"publish","type":"product","link":"https:\/\/boutique-one-piece.com\/sv\/one-piece-godsaker\/godsaker-apa-d-luffy-ett-stycke\/one-piece-new-world-malningen\/","title":{"rendered":"One Piece New World-m\u00e5lning"},"content":{"rendered":"<h2>One Piece Canvastavla med 5 paneler, f\u00f6rest\u00e4llande halmhattpiraterna som er\u00f6vrar den nya v\u00e4rldens hav - En canvastavla av h\u00f6g kvalitet f\u00f6r en pirat som du!<\/h2>\n<p>Om du \u00e4r en\u00a0<strong>riktig pirat<\/strong>, Du kommer att uppskatta\u00a0<strong>kvalitet<\/strong>\u00a0duk, f\u00e4rg och en ram f\u00f6r deras\u00a0<strong>designer\u00a0<\/strong>Och\u00a0<strong>3D-canvasutskrift<\/strong>\u00a0av detta\u00a0<strong>One Piece 5-panelsm\u00e5lning<\/strong>\u00a0Men viktigast av allt, med det h\u00e4r diagrammet kommer du att vara en del av\u00a0<strong>fanteamet<\/strong>\u00a0av\u00a0<strong>piratmanga<\/strong>\u00a0och du kommer att f\u00e5:<\/p>\n<ul>\n<li>\u00a0<strong>Beundran<\/strong>\u00a0av alla fans av\u00a0<strong>mugiwara<\/strong>\u00a0som du kommer att bjuda hem till dig<\/li>\n<\/ul>\n<ul>\n<li>En riktig\u00a0<strong>5-delat tryckt diagram<\/strong>\u00a0med vilket du kan<strong>\u00a0att f\u00f6rest\u00e4lla sig\u00a0<\/strong>i \u00e4ventyret av<strong> Straw Hat-g\u00e4nget<\/strong>\u00a0<\/li>\n<\/ul>\n<p>S\u00e5, redo att visa upp\u00a0<strong>f\u00e4rger <\/strong>av<strong><\/strong>s<strong>\u00a0<\/strong><strong>Mugiwaras<\/strong>\u00a0?<\/p>\n<h2>\u00c4r du ett fan av One Piece manga eller anime? Visa upp det med denna 5-delade One Piece canvastavla!<\/h2>\n<p>Om du\u00a0<strong>l\u00e4sa<\/strong>\u00a0eller vart du \u00e4n tittar\u00a0<strong>animen\u00a0<\/strong><strong>japanska<\/strong>, Det finns en god chans att du har blivit\u00a0<strong>galen i One Piece<\/strong>\u00a0Med detta!\u00a0<strong>5-panelm\u00e5lning Nya v\u00e4rlden<\/strong>, g\u00e5 med i\u2019<strong>en grupp fans av franchisen<\/strong><\/p>\n<p>Detta\u00a0<strong>m\u00e5lning<\/strong>\u00a0\u00e4r tillg\u00e4nglig med en\u00a0<strong>tr\u00e4ram<\/strong>\u00a0varianten &quot;\u00ab\u00a0<strong>Med ram<\/strong>\u00ab&quot;Det \u00e4r ocks\u00e5 m\u00f6jligt att bara ha\u00a0<strong>trasa<\/strong>\u00a0med varianten &quot;\u00ab\u00a0<strong>Raml\u00f6s<\/strong>\u00ab&quot;Du hittar bordet i storlekarna&quot;\u00a0<strong>Liten<\/strong>,<strong>\u00a0GENOMSNITT<\/strong>,<strong>\u00a0Stor<\/strong>,<strong>\u00a0XL<\/strong>, Den passar alla typer av pirater, \u00e4ven om du inte har\u00a0<strong>sv\u00e4rd<\/strong>\u00a0eller\u00a0<strong>dj\u00e4vulens frukt<\/strong>\u00a0du kan fortfarande stolt h\u00e4nga upp den hemma<\/p>\n<p>P\u00e5 <strong>femdelad m\u00e5lning<\/strong>,Det finns <strong>Luffy och hans Nakamas<\/strong>\u00a0p\u00e5 v\u00e4g till <strong>Nya v\u00e4rlden<\/strong>. Mer <strong>Luffys bes\u00e4ttning<\/strong> ju l\u00e4ngre de avancerar, desto n\u00e4rmare kommer de <strong>Ett stycke<\/strong> DE <strong>skatt<\/strong> legendarisk <strong>Gol D. Roger<\/strong><\/p>\n<h2>Information om m\u00e5lningen:<\/h2>\n<ul>\n<li>\n<strong>H\u00f6gkvalitativ tryckt canvas\u00a0<\/strong>v\u00e4ggduk gjord av <strong>bomull<\/strong> och <strong>linne<\/strong>, f\u00f6r att erh\u00e5lla en <strong>trasa<\/strong> v\u00e4rdig namnet<\/li>\n<\/ul>\n<ul>\n<li>\n<strong>Ultra Design-m\u00e5lning<\/strong>\u00a0Den femdelade tabellen ger mycket <strong>stil<\/strong> till en <strong>bit<\/strong>, Fansen kan inte l\u00e5ta bli att \u00e4lska det<\/li>\n<\/ul>\n<ul style=\"font-weight: 400\">\n<li>\n<strong>F\u00e4rg och utskrift\u00a0<\/strong>One Piece-m\u00e5lning med ett tryck <strong>Canva<\/strong> riktm\u00e4rket inom canvastryck<\/li>\n<\/ul>\n<ul style=\"font-weight: 400\">\n<li>\n<strong>L\u00e4tt v\u00e4ggkonst<\/strong>\u00a0: fantastisk milj\u00f6 <strong>ljus,<\/strong> allt som kr\u00e4vs \u00e4r en <strong>spika<\/strong> eller av <strong>fast ben<\/strong> f\u00f6r <strong>uppr\u00e4tth\u00e5lla<\/strong> P\u00e5 <strong>v\u00e4gg<\/strong>\n<\/li>\n<\/ul>\n<ul style=\"font-weight: 400\">\n<li>\n<strong>Tr\u00e4ram<\/strong>\u00a0: varianten &quot;\u00ab\u00a0<strong>Med ram<\/strong>\u00a0\u00bb \u00e5tf\u00f6ljs av en <strong>tr\u00e4ram<\/strong> och versionen &quot;\u00ab\u00a0<strong>Raml\u00f6s<\/strong>\u00a0\u00bb levereras <strong>utan tr\u00e4ramen<\/strong>\n<\/li>\n<\/ul>\n<ul style=\"font-weight: 400\">\n<li>\n<strong>Fri leverans\u00a0<\/strong>f\u00f6r alla k\u00f6p<strong>\u00a0<\/strong>\n<\/li>\n<\/ul>\n<h3>Gl\u00f6m inte att ta en titt p\u00e5 storleksguiden nedan.<\/h3>\n<h2>\n<strong style=\"font-size: 15px\">One Piece 5-delad m\u00e5lning<\/strong><span style=\"font-size: 15px\">,<\/span><strong style=\"font-size: 15px\"> <\/strong><span style=\"font-size: 15px\">Storlek<\/span><strong style=\"font-size: 15px\"> <\/strong><span style=\"font-size: 15px\">: <\/span><strong style=\"font-size: 15px\">Liten<\/strong><br \/>\n<\/h2>\n<p>\u00a0<img decoding=\"async\" src=\"https:\/\/cdn.shopify.com\/s\/files\/1\/0087\/7556\/5348\/files\/guide_taille_tableau_one_piece_petit_boutique_one_piece_large.jpg?v=1560247451\" alt=\"Storleksguide f\u00f6r 5-delad One Piece (Liten)\"><\/p>\n<p><strong>One Piece 5-delad m\u00e5lning<\/strong>, Storlek<strong> <\/strong>:<strong> GENOMSNITT<\/strong><\/p>\n<p>\u00a0<img decoding=\"async\" src=\"https:\/\/cdn.shopify.com\/s\/files\/1\/0087\/7556\/5348\/files\/guide_taille_tableau_one_piece_moyen_boutique_one_piece_large.jpg?v=1560247519\" alt=\"Storlekstabell ett stycke 5 stycken Medium\"><\/p>\n<p><strong>One Piece 5-delad m\u00e5lning<\/strong>, Storlek<strong> <\/strong>: <strong>Stor<\/strong><\/p>\n<p>\u00a0<img decoding=\"async\" src=\"https:\/\/cdn.shopify.com\/s\/files\/1\/0087\/7556\/5348\/files\/guide_taille_tableau_one_piece_grand_boutique_one_piece_large.jpg?v=1560247582\" alt=\"Storlekstabell f\u00f6r One Piece 5-delade plagg (stor)\"><\/p>\n<p><strong>One Piece 5-delad m\u00e5lning<\/strong>, Storlek: <strong>XL<\/strong><\/p>\n<p><img decoding=\"async\" src=\"https:\/\/cdn.shopify.com\/s\/files\/1\/0087\/7556\/5348\/files\/guide_taille_tableau_one_piece_xl_boutique_one_piece_large.jpg?v=1560247610\" alt=\"Storlekstabell f\u00f6r One Piece 5-delad XL\"><\/p>","protected":false},"excerpt":{"rendered":"<p>One Piece-canvastavla med 5 paneler, f\u00f6rest\u00e4llande halmhattpiraterna som er\u00f6vrar den nya v\u00e4rldens hav: En h\u00f6gkvalitativ canvastavla f\u00f6r en pirat som du! Om du \u00e4r en sann pirat kommer du att uppskatta kvaliteten p\u00e5 duken, f\u00e4rgen och ramen, s\u00e5v\u00e4l som 3D-canvastavlan p\u00e5 denna One Piece-canvas med 5 paneler! Men viktigast av allt, med denna canvastavla kommer du [\u2026]<\/p>","protected":false},"featured_media":10091,"comment_status":"open","ping_status":"open","template":"","meta":[],"product_brand":[],"product_cat":[150,157,80,153,198,151,163,155,164,141],"product_tag":[158,165,129,92,154,205,112,142,143,144,113],"class_list":{"0":"post-10089","1":"product","2":"type-product","3":"status-publish","4":"has-post-thumbnail","6":"product_cat-decorations-one-piece","7":"product_cat-goodies-brook-one-piece","8":"product_cat-goodies-monkey-d-luffy-one-piece","9":"product_cat-goodies-nami-one-piece","10":"product_cat-goodies-nico-robin-one-piece","11":"product_cat-goodies-roronoa-zoro-one-piece","12":"product_cat-goodies-tony-tony-chopper-one-piece","13":"product_cat-goodies-usopp-one-piece","14":"product_cat-goodies-vinsmoke-sanji-one-piece","15":"product_cat-tableaux-one-piece","16":"product_tag-brook","17":"product_tag-chopper","18":"product_tag-franky","19":"product_tag-luffy","20":"product_tag-nami","21":"product_tag-robin","22":"product_tag-sanji","23":"product_tag-tableau-5-pieces","24":"product_tag-toile","25":"product_tag-usopp","26":"product_tag-zoro","28":"first","29":"instock","30":"purchasable","31":"product-type-variable"},"yoast_head":"<!-- This site is optimized with the Yoast SEO plugin v27.5 - https:\/\/yoast.com\/product\/yoast-seo-wordpress\/ -->\n<title>Tableau Cinq Pi\u00e8eces Nouveau Monde | Boutique One Piece<\/title>\n<meta name=\"description\" content=\"Material: Canvas Tableau 5 Pi\u00e8ces One Piece en Route pour le Nouveau Monde avec Luffy et son \u00c9quipage Tableau 5 Panneaux de Tr\u00e8s Haute Qualit\u00e9 Toile Imprim\u00e9\" \/>\n<meta name=\"robots\" content=\"index, follow, max-snippet:-1, max-image-preview:large, max-video-preview:-1\" \/>\n<link rel=\"canonical\" href=\"https:\/\/boutique-one-piece.com\/sv\/one-piece-godsaker\/nico-robin-one-piece-merchandise\/one-piece-new-world-malningen\/\" \/>\n<meta property=\"og:locale\" content=\"sv_SE\" \/>\n<meta property=\"og:type\" content=\"article\" \/>\n<meta property=\"og:title\" content=\"Tableau Cinq Pi\u00e8eces Nouveau Monde | Boutique One Piece\" \/>\n<meta property=\"og:description\" content=\"Material: Canvas Tableau 5 Pi\u00e8ces One Piece en Route pour le Nouveau Monde avec Luffy et son \u00c9quipage Tableau 5 Panneaux de Tr\u00e8s Haute Qualit\u00e9 Toile Imprim\u00e9\" \/>\n<meta property=\"og:url\" content=\"https:\/\/boutique-one-piece.com\/sv\/one-piece-godsaker\/nico-robin-one-piece-merchandise\/one-piece-new-world-malningen\/\" \/>\n<meta property=\"og:site_name\" content=\"Boutique One Piece\" \/>\n<meta property=\"article:modified_time\" content=\"2024-09-18T03:33:19+00:00\" \/>\n<meta property=\"og:image\" content=\"https:\/\/boutique-one-piece.com\/wp-content\/uploads\/2022\/09\/Tableau-One-Piece-Nouveau-Monde.jpg\" \/>\n\t<meta property=\"og:image:width\" content=\"600\" \/>\n\t<meta property=\"og:image:height\" content=\"600\" \/>\n\t<meta property=\"og:image:type\" content=\"image\/jpeg\" \/>\n<meta name=\"twitter:card\" content=\"summary_large_image\" \/>\n<meta name=\"twitter:label1\" content=\"Ber\u00e4knad l\u00e4stid\" \/>\n\t<meta name=\"twitter:data1\" content=\"4 minuter\" \/>\n<script type=\"application\/ld+json\" class=\"yoast-schema-graph\">{\"@context\":\"https:\\\/\\\/schema.org\",\"@graph\":[{\"@type\":\"WebPage\",\"@id\":\"https:\\\/\\\/boutique-one-piece.com\\\/goodies-one-piece\\\/goodies-nico-robin-one-piece\\\/tableau-one-piece-nouveau-monde\\\/\",\"url\":\"https:\\\/\\\/boutique-one-piece.com\\\/goodies-one-piece\\\/goodies-nico-robin-one-piece\\\/tableau-one-piece-nouveau-monde\\\/\",\"name\":\"Tableau Cinq Pi\u00e8eces Nouveau Monde | Boutique One Piece\",\"isPartOf\":{\"@id\":\"https:\\\/\\\/boutique-one-piece.com\\\/#website\"},\"primaryImageOfPage\":{\"@id\":\"https:\\\/\\\/boutique-one-piece.com\\\/goodies-one-piece\\\/goodies-nico-robin-one-piece\\\/tableau-one-piece-nouveau-monde\\\/#primaryimage\"},\"image\":{\"@id\":\"https:\\\/\\\/boutique-one-piece.com\\\/goodies-one-piece\\\/goodies-nico-robin-one-piece\\\/tableau-one-piece-nouveau-monde\\\/#primaryimage\"},\"thumbnailUrl\":\"https:\\\/\\\/boutique-one-piece.com\\\/wp-content\\\/uploads\\\/2022\\\/09\\\/Tableau-One-Piece-Nouveau-Monde.jpg\",\"datePublished\":\"2022-09-27T20:24:46+00:00\",\"dateModified\":\"2024-09-18T03:33:19+00:00\",\"description\":\"Material: Canvas Tableau 5 Pi\u00e8ces One Piece en Route pour le Nouveau Monde avec Luffy et son \u00c9quipage Tableau 5 Panneaux de Tr\u00e8s Haute Qualit\u00e9 Toile Imprim\u00e9\",\"breadcrumb\":{\"@id\":\"https:\\\/\\\/boutique-one-piece.com\\\/goodies-one-piece\\\/goodies-nico-robin-one-piece\\\/tableau-one-piece-nouveau-monde\\\/#breadcrumb\"},\"inLanguage\":\"sv-SE\",\"potentialAction\":[{\"@type\":\"ReadAction\",\"target\":[\"https:\\\/\\\/boutique-one-piece.com\\\/goodies-one-piece\\\/goodies-nico-robin-one-piece\\\/tableau-one-piece-nouveau-monde\\\/\"]}]},{\"@type\":\"ImageObject\",\"inLanguage\":\"sv-SE\",\"@id\":\"https:\\\/\\\/boutique-one-piece.com\\\/goodies-one-piece\\\/goodies-nico-robin-one-piece\\\/tableau-one-piece-nouveau-monde\\\/#primaryimage\",\"url\":\"https:\\\/\\\/boutique-one-piece.com\\\/wp-content\\\/uploads\\\/2022\\\/09\\\/Tableau-One-Piece-Nouveau-Monde.jpg\",\"contentUrl\":\"https:\\\/\\\/boutique-one-piece.com\\\/wp-content\\\/uploads\\\/2022\\\/09\\\/Tableau-One-Piece-Nouveau-Monde.jpg\",\"width\":600,\"height\":600,\"caption\":\"Tableau One Piece Nouveau Monde XL Avec Cadre\"},{\"@type\":\"BreadcrumbList\",\"@id\":\"https:\\\/\\\/boutique-one-piece.com\\\/goodies-one-piece\\\/goodies-nico-robin-one-piece\\\/tableau-one-piece-nouveau-monde\\\/#breadcrumb\",\"itemListElement\":[{\"@type\":\"ListItem\",\"position\":1,\"name\":\"Home\",\"item\":\"https:\\\/\\\/boutique-one-piece.com\\\/\"},{\"@type\":\"ListItem\",\"position\":2,\"name\":\"Shop\",\"item\":\"https:\\\/\\\/boutique-one-piece.com\\\/shop\\\/\"},{\"@type\":\"ListItem\",\"position\":3,\"name\":\"Tableau One Piece Nouveau Monde\"}]},{\"@type\":\"WebSite\",\"@id\":\"https:\\\/\\\/boutique-one-piece.com\\\/#website\",\"url\":\"https:\\\/\\\/boutique-one-piece.com\\\/\",\"name\":\"Boutique One Piece\",\"description\":\"Magasin Sp\u00e9cialis\u00e9 du Manga et l&#039;Anime One Piece\",\"publisher\":{\"@id\":\"https:\\\/\\\/boutique-one-piece.com\\\/#organization\"},\"potentialAction\":[{\"@type\":\"SearchAction\",\"target\":{\"@type\":\"EntryPoint\",\"urlTemplate\":\"https:\\\/\\\/boutique-one-piece.com\\\/?s={search_term_string}\"},\"query-input\":{\"@type\":\"PropertyValueSpecification\",\"valueRequired\":true,\"valueName\":\"search_term_string\"}}],\"inLanguage\":\"sv-SE\"},{\"@type\":\"Organization\",\"@id\":\"https:\\\/\\\/boutique-one-piece.com\\\/#organization\",\"name\":\"Boutique One Piece\",\"url\":\"https:\\\/\\\/boutique-one-piece.com\\\/\",\"logo\":{\"@type\":\"ImageObject\",\"inLanguage\":\"sv-SE\",\"@id\":\"https:\\\/\\\/boutique-one-piece.com\\\/#\\\/schema\\\/logo\\\/image\\\/\",\"url\":\"https:\\\/\\\/boutique-one-piece.com\\\/wp-content\\\/uploads\\\/2022\\\/09\\\/Logo-01.png\",\"contentUrl\":\"https:\\\/\\\/boutique-one-piece.com\\\/wp-content\\\/uploads\\\/2022\\\/09\\\/Logo-01.png\",\"width\":2318,\"height\":957,\"caption\":\"Boutique One Piece\"},\"image\":{\"@id\":\"https:\\\/\\\/boutique-one-piece.com\\\/#\\\/schema\\\/logo\\\/image\\\/\"}}]}<\/script>\n<!-- \/ Yoast SEO plugin. -->","yoast_head_json":{"title":"Femdelad m\u00e5lning av den nya v\u00e4rlden | One Piece Shop","description":"Material: Duk. 5-delat canvastryck i ett stycke: P\u00e5 v\u00e4g till den nya v\u00e4rlden med Luffy och hans bes\u00e4ttning. Canvastryck i 5 paneler av mycket h\u00f6g kvalitet.","robots":{"index":"index","follow":"follow","max-snippet":"max-snippet:-1","max-image-preview":"max-image-preview:large","max-video-preview":"max-video-preview:-1"},"canonical":"https:\/\/boutique-one-piece.com\/sv\/one-piece-godsaker\/nico-robin-one-piece-merchandise\/one-piece-new-world-malningen\/","og_locale":"sv_SE","og_type":"article","og_title":"Tableau Cinq Pi\u00e8eces Nouveau Monde | Boutique One Piece","og_description":"Material: Canvas Tableau 5 Pi\u00e8ces One Piece en Route pour le Nouveau Monde avec Luffy et son \u00c9quipage Tableau 5 Panneaux de Tr\u00e8s Haute Qualit\u00e9 Toile Imprim\u00e9","og_url":"https:\/\/boutique-one-piece.com\/sv\/one-piece-godsaker\/nico-robin-one-piece-merchandise\/one-piece-new-world-malningen\/","og_site_name":"Boutique One Piece","article_modified_time":"2024-09-18T03:33:19+00:00","og_image":[{"width":600,"height":600,"url":"https:\/\/boutique-one-piece.com\/wp-content\/uploads\/2022\/09\/Tableau-One-Piece-Nouveau-Monde.jpg","type":"image\/jpeg"}],"twitter_card":"summary_large_image","twitter_misc":{"Ber\u00e4knad l\u00e4stid":"4 minuter"},"schema":{"@context":"https:\/\/schema.org","@graph":[{"@type":"WebPage","@id":"https:\/\/boutique-one-piece.com\/goodies-one-piece\/goodies-nico-robin-one-piece\/tableau-one-piece-nouveau-monde\/","url":"https:\/\/boutique-one-piece.com\/goodies-one-piece\/goodies-nico-robin-one-piece\/tableau-one-piece-nouveau-monde\/","name":"Femdelad m\u00e5lning av den nya v\u00e4rlden | One Piece Shop","isPartOf":{"@id":"https:\/\/boutique-one-piece.com\/#website"},"primaryImageOfPage":{"@id":"https:\/\/boutique-one-piece.com\/goodies-one-piece\/goodies-nico-robin-one-piece\/tableau-one-piece-nouveau-monde\/#primaryimage"},"image":{"@id":"https:\/\/boutique-one-piece.com\/goodies-one-piece\/goodies-nico-robin-one-piece\/tableau-one-piece-nouveau-monde\/#primaryimage"},"thumbnailUrl":"https:\/\/boutique-one-piece.com\/wp-content\/uploads\/2022\/09\/Tableau-One-Piece-Nouveau-Monde.jpg","datePublished":"2022-09-27T20:24:46+00:00","dateModified":"2024-09-18T03:33:19+00:00","description":"Material: Duk. 5-delat canvastryck i ett stycke: P\u00e5 v\u00e4g till den nya v\u00e4rlden med Luffy och hans bes\u00e4ttning. Canvastryck i 5 paneler av mycket h\u00f6g kvalitet.","breadcrumb":{"@id":"https:\/\/boutique-one-piece.com\/goodies-one-piece\/goodies-nico-robin-one-piece\/tableau-one-piece-nouveau-monde\/#breadcrumb"},"inLanguage":"sv-SE","potentialAction":[{"@type":"ReadAction","target":["https:\/\/boutique-one-piece.com\/goodies-one-piece\/goodies-nico-robin-one-piece\/tableau-one-piece-nouveau-monde\/"]}]},{"@type":"ImageObject","inLanguage":"sv-SE","@id":"https:\/\/boutique-one-piece.com\/goodies-one-piece\/goodies-nico-robin-one-piece\/tableau-one-piece-nouveau-monde\/#primaryimage","url":"https:\/\/boutique-one-piece.com\/wp-content\/uploads\/2022\/09\/Tableau-One-Piece-Nouveau-Monde.jpg","contentUrl":"https:\/\/boutique-one-piece.com\/wp-content\/uploads\/2022\/09\/Tableau-One-Piece-Nouveau-Monde.jpg","width":600,"height":600,"caption":"Tableau One Piece Nouveau Monde XL Avec Cadre"},{"@type":"BreadcrumbList","@id":"https:\/\/boutique-one-piece.com\/goodies-one-piece\/goodies-nico-robin-one-piece\/tableau-one-piece-nouveau-monde\/#breadcrumb","itemListElement":[{"@type":"ListItem","position":1,"name":"Home","item":"https:\/\/boutique-one-piece.com\/"},{"@type":"ListItem","position":2,"name":"Shop","item":"https:\/\/boutique-one-piece.com\/shop\/"},{"@type":"ListItem","position":3,"name":"Tableau One Piece Nouveau Monde"}]},{"@type":"WebSite","@id":"https:\/\/boutique-one-piece.com\/#website","url":"https:\/\/boutique-one-piece.com\/","name":"One Piece-butik","description":"Specialbutik f\u00f6r One Piece Manga och Anime","publisher":{"@id":"https:\/\/boutique-one-piece.com\/#organization"},"potentialAction":[{"@type":"SearchAction","target":{"@type":"EntryPoint","urlTemplate":"https:\/\/boutique-one-piece.com\/?s={search_term_string}"},"query-input":{"@type":"PropertyValueSpecification","valueRequired":true,"valueName":"search_term_string"}}],"inLanguage":"sv-SE"},{"@type":"Organization","@id":"https:\/\/boutique-one-piece.com\/#organization","name":"One Piece-butik","url":"https:\/\/boutique-one-piece.com\/","logo":{"@type":"ImageObject","inLanguage":"sv-SE","@id":"https:\/\/boutique-one-piece.com\/#\/schema\/logo\/image\/","url":"https:\/\/boutique-one-piece.com\/wp-content\/uploads\/2022\/09\/Logo-01.png","contentUrl":"https:\/\/boutique-one-piece.com\/wp-content\/uploads\/2022\/09\/Logo-01.png","width":2318,"height":957,"caption":"Boutique One Piece"},"image":{"@id":"https:\/\/boutique-one-piece.com\/#\/schema\/logo\/image\/"}}]}},"_links":{"self":[{"href":"https:\/\/boutique-one-piece.com\/sv\/wp-json\/wp\/v2\/product\/10089","targetHints":{"allow":["GET"]}}],"collection":[{"href":"https:\/\/boutique-one-piece.com\/sv\/wp-json\/wp\/v2\/product"}],"about":[{"href":"https:\/\/boutique-one-piece.com\/sv\/wp-json\/wp\/v2\/types\/product"}],"replies":[{"embeddable":true,"href":"https:\/\/boutique-one-piece.com\/sv\/wp-json\/wp\/v2\/comments?post=10089"}],"wp:featuredmedia":[{"embeddable":true,"href":"https:\/\/boutique-one-piece.com\/sv\/wp-json\/wp\/v2\/media\/10091"}],"wp:attachment":[{"href":"https:\/\/boutique-one-piece.com\/sv\/wp-json\/wp\/v2\/media?parent=10089"}],"wp:term":[{"taxonomy":"product_brand","embeddable":true,"href":"https:\/\/boutique-one-piece.com\/sv\/wp-json\/wp\/v2\/product_brand?post=10089"},{"taxonomy":"product_cat","embeddable":true,"href":"https:\/\/boutique-one-piece.com\/sv\/wp-json\/wp\/v2\/product_cat?post=10089"},{"taxonomy":"product_tag","embeddable":true,"href":"https:\/\/boutique-one-piece.com\/sv\/wp-json\/wp\/v2\/product_tag?post=10089"}],"curies":[{"name":"wp","href":"https:\/\/api.w.org\/{rel}","templated":true}]}}