{"id":10206,"date":"2022-09-27T20:33:02","date_gmt":"2022-09-27T20:33:02","guid":{"rendered":"https:\/\/boutique-one-piece.com\/uncategorized\/avis-de-recherche-donquixote-doflamingo-wanted\/"},"modified":"2024-09-16T15:25:23","modified_gmt":"2024-09-16T15:25:23","slug":"donquixote-doflamingo-efterlysningsaffisch","status":"publish","type":"product","link":"https:\/\/boutique-one-piece.com\/sv\/one-piece-efterlysningsaffisch\/donquixote-doflamingo-efterlysningsaffisch\/","title":{"rendered":"Donquixote Doflamingo s\u00f6kes"},"content":{"rendered":"<h2>Om du tycker om att hata en karakt\u00e4r kommer den h\u00e4r Donquixote Doflamingo Wanted-affischen att g\u00f6ra dig glad.<\/h2>\n<p>Donquixote Doflamingo \u00e4r b\u00e5gens huvudantagonist <strong>Dressrosa<\/strong>, Han \u00e4r ocks\u00e5 en av Marinefords antagonister. Han \u00e4r ledaren f\u00f6r en <strong>Leende trafik<\/strong>, konstgjorda Dj\u00e4vulsfrukter som han s\u00e4ljer till Kaido. Doflamingo regerar \u00f6ver Dressrosa dit han anl\u00e4nde i skepnad av \u00f6ns r\u00e4ddare f\u00f6r att vinna inv\u00e5narnas gunst, medan han hade manipulerat kungen som en marionettdocka med sin Dj\u00e4vulsfrukt f\u00f6r att attackera folket, sedan besegrat honom och blivit en hj\u00e4lte f\u00f6r folket.<\/p>\n<p>Han \u00e5t dj\u00e4vulens frukt <strong>Ito Ito no mi<\/strong>, vilket g\u00f6r att han kan anv\u00e4nda de sp\u00e4nda vajrarna f\u00f6r att stiga upp i luften, g\u00f6ra huggattacker p\u00e5 avst\u00e5nd, men ocks\u00e5 manipulera n\u00e5gon som en marionett med hj\u00e4lp av vajrar f\u00e4sta vid alla lemmar p\u00e5 den person som manipuleras.<\/p>\n<h3>Skydda ditt rum med en &quot;F\u00e5gelbur&quot; med denna Doflamingo-efterlysningsaffisch.<\/h3>\n<p>Donquixote Doflamingo har ocks\u00e5 ett starkt f\u00f6rflutet med <strong>Trafalgar Law<\/strong>, F\u00f6r att han ville g\u00e5 med i Doflamingos bes\u00e4ttning och togs under sina vingar av sin bror, Rossinante. Rossinante tog alltid hand om Trafalgar och f\u00f6rs\u00f6kte bota honom fr\u00e5n hans sjukdom till varje pris. Han d\u00f6dades av Doflamingo efter att ha f\u00e5tt veta att Rossinante var en marinsoldatinfiltrat\u00f6r, och Trafalgar ville alltid h\u00e4mnas p\u00e5 Doflamingo. Doflamingo har en bel\u00f6ning p\u00e5 340 miljoner b\u00e4r p\u00e5 sitt huvud.<\/p>\n<p>Om du \u00e4r ett stort fan av bel\u00f6ningar, ta en titt p\u00e5\u2019<a title=\"Thatch Wanted-meddelande\" href=\"https:\/\/boutique-one-piece.com\/sv\/avis-de-recherche-thatch-wanted\/\" target=\"_blank\" rel=\"noopener noreferrer\">Thatch ville ha besked<\/a>.<\/p>\n<h2>Information om One Piece Wanted-affischen Donquixote Doflamingo<\/h2>\n<ul>\n<li><b><u>One Piece Wanted-affisch<\/u><\/b> En \u00e4kta One Piece-efterlysningsaffisch f\u00f6r riktiga pirater<\/li>\n<\/ul>\n<ul>\n<li><b><u>Donquixotes Doflamingos bel\u00f6ning<\/u><\/b> 340 000 000 b\u00e4r<\/li>\n<\/ul>\n<ul>\n<li><strong>H\u00f6gkvalitativ utskrift<\/strong> exakta f\u00e4rger<\/li>\n<\/ul>\n<ul>\n<li><strong>FRI LEVERANS<\/strong><\/li>\n<\/ul>","protected":false},"excerpt":{"rendered":"<p>Om du gillar att hata en karakt\u00e4r kommer den h\u00e4r Donquixote Doflamingo Wanted-affischen att g\u00f6ra din dag. Donquixote Doflamingo \u00e4r huvudantagonisten i Dressrosa-b\u00e5gen och \u00e4ven en av antagonisterna till Marineford. Han driver en SMILE-handelsring och s\u00e4ljer artificiella dj\u00e4vulsfrukter till Kaido. Doflamingo styr Dressrosa [\u2026]<\/p>","protected":false},"featured_media":10208,"comment_status":"open","ping_status":"open","template":"","meta":[],"product_brand":[],"product_cat":[171],"product_tag":[325],"class_list":{"0":"post-10206","1":"product","2":"type-product","3":"status-publish","4":"has-post-thumbnail","6":"product_cat-avis-de-recherche-one-piece","7":"product_tag-avalo-pizarro","9":"first","10":"instock","11":"purchasable","12":"product-type-variable"},"yoast_head":"<!-- This site is optimized with the Yoast SEO plugin v27.5 - https:\/\/yoast.com\/product\/yoast-seo-wordpress\/ -->\n<title>Avis De Recherche Donquixote Doflamingo Wanted | Boutique One Piece<\/title>\n<meta name=\"description\" content=\"Si tu aimes d\u00e9tester un personnage, cet Avis de Recherche de Donquixote Doflamingo va faire ton bonheur. Donquixote Doflamingo est l&#039;antagoniste principal de l&#039;arc Dressrosa, il fait \u00e9galement partie des antagonistes de Marineford. Il est \u00e0 la t\u00eate d&#039;un trafic de Smile, des fruits du d\u00e9mon artificiels qu&#039;il vend \u00e0 Kaid\" \/>\n<meta name=\"robots\" content=\"index, follow, max-snippet:-1, max-image-preview:large, max-video-preview:-1\" \/>\n<link rel=\"canonical\" href=\"https:\/\/boutique-one-piece.com\/sv\/one-piece-efterlysningsaffisch\/donquixote-doflamingo-efterlysningsaffisch\/\" \/>\n<meta property=\"og:locale\" content=\"sv_SE\" \/>\n<meta property=\"og:type\" content=\"article\" \/>\n<meta property=\"og:title\" content=\"Avis De Recherche Donquixote Doflamingo Wanted | Boutique One Piece\" \/>\n<meta property=\"og:description\" content=\"Si tu aimes d\u00e9tester un personnage, cet Avis de Recherche de Donquixote Doflamingo va faire ton bonheur. Donquixote Doflamingo est l&#039;antagoniste principal de l&#039;arc Dressrosa, il fait \u00e9galement partie des antagonistes de Marineford. Il est \u00e0 la t\u00eate d&#039;un trafic de Smile, des fruits du d\u00e9mon artificiels qu&#039;il vend \u00e0 Kaid\" \/>\n<meta property=\"og:url\" content=\"https:\/\/boutique-one-piece.com\/sv\/one-piece-efterlysningsaffisch\/donquixote-doflamingo-efterlysningsaffisch\/\" \/>\n<meta property=\"og:site_name\" content=\"Boutique One Piece\" \/>\n<meta property=\"article:modified_time\" content=\"2024-09-16T15:25:23+00:00\" \/>\n<meta property=\"og:image\" content=\"https:\/\/boutique-one-piece.com\/wp-content\/uploads\/2022\/09\/Avis-De-Recherche-Donquixote-Doflamingo-Wanted-1.jpg\" \/>\n\t<meta property=\"og:image:width\" content=\"799\" \/>\n\t<meta property=\"og:image:height\" content=\"798\" \/>\n\t<meta property=\"og:image:type\" content=\"image\/jpeg\" \/>\n<meta name=\"twitter:card\" content=\"summary_large_image\" \/>\n<meta name=\"twitter:label1\" content=\"Ber\u00e4knad l\u00e4stid\" \/>\n\t<meta name=\"twitter:data1\" content=\"3 minuter\" \/>\n<script type=\"application\/ld+json\" class=\"yoast-schema-graph\">{\"@context\":\"https:\\\/\\\/schema.org\",\"@graph\":[{\"@type\":\"WebPage\",\"@id\":\"https:\\\/\\\/boutique-one-piece.com\\\/avis-de-recherche-one-piece\\\/avis-de-recherche-donquixote-doflamingo-wanted\\\/\",\"url\":\"https:\\\/\\\/boutique-one-piece.com\\\/avis-de-recherche-one-piece\\\/avis-de-recherche-donquixote-doflamingo-wanted\\\/\",\"name\":\"Avis De Recherche Donquixote Doflamingo Wanted | Boutique One Piece\",\"isPartOf\":{\"@id\":\"https:\\\/\\\/boutique-one-piece.com\\\/#website\"},\"primaryImageOfPage\":{\"@id\":\"https:\\\/\\\/boutique-one-piece.com\\\/avis-de-recherche-one-piece\\\/avis-de-recherche-donquixote-doflamingo-wanted\\\/#primaryimage\"},\"image\":{\"@id\":\"https:\\\/\\\/boutique-one-piece.com\\\/avis-de-recherche-one-piece\\\/avis-de-recherche-donquixote-doflamingo-wanted\\\/#primaryimage\"},\"thumbnailUrl\":\"https:\\\/\\\/boutique-one-piece.com\\\/wp-content\\\/uploads\\\/2022\\\/09\\\/Avis-De-Recherche-Donquixote-Doflamingo-Wanted-1.jpg\",\"datePublished\":\"2022-09-27T20:33:02+00:00\",\"dateModified\":\"2024-09-16T15:25:23+00:00\",\"description\":\"Si tu aimes d\u00e9tester un personnage, cet Avis de Recherche de Donquixote Doflamingo va faire ton bonheur. Donquixote Doflamingo est l'antagoniste principal de l'arc Dressrosa, il fait \u00e9galement partie des antagonistes de Marineford. Il est \u00e0 la t\u00eate d'un trafic de Smile, des fruits du d\u00e9mon artificiels qu'il vend \u00e0 Kaid\",\"breadcrumb\":{\"@id\":\"https:\\\/\\\/boutique-one-piece.com\\\/avis-de-recherche-one-piece\\\/avis-de-recherche-donquixote-doflamingo-wanted\\\/#breadcrumb\"},\"inLanguage\":\"sv-SE\",\"potentialAction\":[{\"@type\":\"ReadAction\",\"target\":[\"https:\\\/\\\/boutique-one-piece.com\\\/avis-de-recherche-one-piece\\\/avis-de-recherche-donquixote-doflamingo-wanted\\\/\"]}]},{\"@type\":\"ImageObject\",\"inLanguage\":\"sv-SE\",\"@id\":\"https:\\\/\\\/boutique-one-piece.com\\\/avis-de-recherche-one-piece\\\/avis-de-recherche-donquixote-doflamingo-wanted\\\/#primaryimage\",\"url\":\"https:\\\/\\\/boutique-one-piece.com\\\/wp-content\\\/uploads\\\/2022\\\/09\\\/Avis-De-Recherche-Donquixote-Doflamingo-Wanted-1.jpg\",\"contentUrl\":\"https:\\\/\\\/boutique-one-piece.com\\\/wp-content\\\/uploads\\\/2022\\\/09\\\/Avis-De-Recherche-Donquixote-Doflamingo-Wanted-1.jpg\",\"width\":799,\"height\":798},{\"@type\":\"BreadcrumbList\",\"@id\":\"https:\\\/\\\/boutique-one-piece.com\\\/avis-de-recherche-one-piece\\\/avis-de-recherche-donquixote-doflamingo-wanted\\\/#breadcrumb\",\"itemListElement\":[{\"@type\":\"ListItem\",\"position\":1,\"name\":\"Home\",\"item\":\"https:\\\/\\\/boutique-one-piece.com\\\/\"},{\"@type\":\"ListItem\",\"position\":2,\"name\":\"Shop\",\"item\":\"https:\\\/\\\/boutique-one-piece.com\\\/shop\\\/\"},{\"@type\":\"ListItem\",\"position\":3,\"name\":\"Avis De Recherche Donquixote Doflamingo Wanted\"}]},{\"@type\":\"WebSite\",\"@id\":\"https:\\\/\\\/boutique-one-piece.com\\\/#website\",\"url\":\"https:\\\/\\\/boutique-one-piece.com\\\/\",\"name\":\"Boutique One Piece\",\"description\":\"Magasin Sp\u00e9cialis\u00e9 du Manga et l&#039;Anime One Piece\",\"publisher\":{\"@id\":\"https:\\\/\\\/boutique-one-piece.com\\\/#organization\"},\"potentialAction\":[{\"@type\":\"SearchAction\",\"target\":{\"@type\":\"EntryPoint\",\"urlTemplate\":\"https:\\\/\\\/boutique-one-piece.com\\\/?s={search_term_string}\"},\"query-input\":{\"@type\":\"PropertyValueSpecification\",\"valueRequired\":true,\"valueName\":\"search_term_string\"}}],\"inLanguage\":\"sv-SE\"},{\"@type\":\"Organization\",\"@id\":\"https:\\\/\\\/boutique-one-piece.com\\\/#organization\",\"name\":\"Boutique One Piece\",\"url\":\"https:\\\/\\\/boutique-one-piece.com\\\/\",\"logo\":{\"@type\":\"ImageObject\",\"inLanguage\":\"sv-SE\",\"@id\":\"https:\\\/\\\/boutique-one-piece.com\\\/#\\\/schema\\\/logo\\\/image\\\/\",\"url\":\"https:\\\/\\\/boutique-one-piece.com\\\/wp-content\\\/uploads\\\/2022\\\/09\\\/Logo-01.png\",\"contentUrl\":\"https:\\\/\\\/boutique-one-piece.com\\\/wp-content\\\/uploads\\\/2022\\\/09\\\/Logo-01.png\",\"width\":2318,\"height\":957,\"caption\":\"Boutique One Piece\"},\"image\":{\"@id\":\"https:\\\/\\\/boutique-one-piece.com\\\/#\\\/schema\\\/logo\\\/image\\\/\"}}]}<\/script>\n<!-- \/ Yoast SEO plugin. -->","yoast_head_json":{"title":"Donquixote Doflamingo efterlysning | One Piece Shop","description":"Om du gillar att hata en karakt\u00e4r kommer den h\u00e4r Donquixote Doflamingo Wanted-affischen att g\u00f6ra din dag. Donquixote Doflamingo \u00e4r huvudantagonisten i Dressrosa-b\u00e5gen och \u00e4ven en av antagonisterna till Marineford. Han driver en SMILE-handelsring d\u00e4r han s\u00e4ljer artificiella dj\u00e4vulsfrukter till kung Kai.","robots":{"index":"index","follow":"follow","max-snippet":"max-snippet:-1","max-image-preview":"max-image-preview:large","max-video-preview":"max-video-preview:-1"},"canonical":"https:\/\/boutique-one-piece.com\/sv\/one-piece-efterlysningsaffisch\/donquixote-doflamingo-efterlysningsaffisch\/","og_locale":"sv_SE","og_type":"article","og_title":"Avis De Recherche Donquixote Doflamingo Wanted | Boutique One Piece","og_description":"Si tu aimes d\u00e9tester un personnage, cet Avis de Recherche de Donquixote Doflamingo va faire ton bonheur. Donquixote Doflamingo est l'antagoniste principal de l'arc Dressrosa, il fait \u00e9galement partie des antagonistes de Marineford. Il est \u00e0 la t\u00eate d'un trafic de Smile, des fruits du d\u00e9mon artificiels qu'il vend \u00e0 Kaid","og_url":"https:\/\/boutique-one-piece.com\/sv\/one-piece-efterlysningsaffisch\/donquixote-doflamingo-efterlysningsaffisch\/","og_site_name":"Boutique One Piece","article_modified_time":"2024-09-16T15:25:23+00:00","og_image":[{"width":799,"height":798,"url":"https:\/\/boutique-one-piece.com\/wp-content\/uploads\/2022\/09\/Avis-De-Recherche-Donquixote-Doflamingo-Wanted-1.jpg","type":"image\/jpeg"}],"twitter_card":"summary_large_image","twitter_misc":{"Ber\u00e4knad l\u00e4stid":"3 minuter"},"schema":{"@context":"https:\/\/schema.org","@graph":[{"@type":"WebPage","@id":"https:\/\/boutique-one-piece.com\/avis-de-recherche-one-piece\/avis-de-recherche-donquixote-doflamingo-wanted\/","url":"https:\/\/boutique-one-piece.com\/avis-de-recherche-one-piece\/avis-de-recherche-donquixote-doflamingo-wanted\/","name":"Donquixote Doflamingo efterlysning | One Piece Shop","isPartOf":{"@id":"https:\/\/boutique-one-piece.com\/#website"},"primaryImageOfPage":{"@id":"https:\/\/boutique-one-piece.com\/avis-de-recherche-one-piece\/avis-de-recherche-donquixote-doflamingo-wanted\/#primaryimage"},"image":{"@id":"https:\/\/boutique-one-piece.com\/avis-de-recherche-one-piece\/avis-de-recherche-donquixote-doflamingo-wanted\/#primaryimage"},"thumbnailUrl":"https:\/\/boutique-one-piece.com\/wp-content\/uploads\/2022\/09\/Avis-De-Recherche-Donquixote-Doflamingo-Wanted-1.jpg","datePublished":"2022-09-27T20:33:02+00:00","dateModified":"2024-09-16T15:25:23+00:00","description":"Om du gillar att hata en karakt\u00e4r kommer den h\u00e4r Donquixote Doflamingo Wanted-affischen att g\u00f6ra din dag. Donquixote Doflamingo \u00e4r huvudantagonisten i Dressrosa-b\u00e5gen och \u00e4ven en av antagonisterna till Marineford. Han driver en SMILE-handelsring d\u00e4r han s\u00e4ljer artificiella dj\u00e4vulsfrukter till kung Kai.","breadcrumb":{"@id":"https:\/\/boutique-one-piece.com\/avis-de-recherche-one-piece\/avis-de-recherche-donquixote-doflamingo-wanted\/#breadcrumb"},"inLanguage":"sv-SE","potentialAction":[{"@type":"ReadAction","target":["https:\/\/boutique-one-piece.com\/avis-de-recherche-one-piece\/avis-de-recherche-donquixote-doflamingo-wanted\/"]}]},{"@type":"ImageObject","inLanguage":"sv-SE","@id":"https:\/\/boutique-one-piece.com\/avis-de-recherche-one-piece\/avis-de-recherche-donquixote-doflamingo-wanted\/#primaryimage","url":"https:\/\/boutique-one-piece.com\/wp-content\/uploads\/2022\/09\/Avis-De-Recherche-Donquixote-Doflamingo-Wanted-1.jpg","contentUrl":"https:\/\/boutique-one-piece.com\/wp-content\/uploads\/2022\/09\/Avis-De-Recherche-Donquixote-Doflamingo-Wanted-1.jpg","width":799,"height":798},{"@type":"BreadcrumbList","@id":"https:\/\/boutique-one-piece.com\/avis-de-recherche-one-piece\/avis-de-recherche-donquixote-doflamingo-wanted\/#breadcrumb","itemListElement":[{"@type":"ListItem","position":1,"name":"Home","item":"https:\/\/boutique-one-piece.com\/"},{"@type":"ListItem","position":2,"name":"Shop","item":"https:\/\/boutique-one-piece.com\/shop\/"},{"@type":"ListItem","position":3,"name":"Avis De Recherche Donquixote Doflamingo Wanted"}]},{"@type":"WebSite","@id":"https:\/\/boutique-one-piece.com\/#website","url":"https:\/\/boutique-one-piece.com\/","name":"One Piece-butik","description":"Specialbutik f\u00f6r One Piece Manga och Anime","publisher":{"@id":"https:\/\/boutique-one-piece.com\/#organization"},"potentialAction":[{"@type":"SearchAction","target":{"@type":"EntryPoint","urlTemplate":"https:\/\/boutique-one-piece.com\/?s={search_term_string}"},"query-input":{"@type":"PropertyValueSpecification","valueRequired":true,"valueName":"search_term_string"}}],"inLanguage":"sv-SE"},{"@type":"Organization","@id":"https:\/\/boutique-one-piece.com\/#organization","name":"One Piece-butik","url":"https:\/\/boutique-one-piece.com\/","logo":{"@type":"ImageObject","inLanguage":"sv-SE","@id":"https:\/\/boutique-one-piece.com\/#\/schema\/logo\/image\/","url":"https:\/\/boutique-one-piece.com\/wp-content\/uploads\/2022\/09\/Logo-01.png","contentUrl":"https:\/\/boutique-one-piece.com\/wp-content\/uploads\/2022\/09\/Logo-01.png","width":2318,"height":957,"caption":"Boutique One Piece"},"image":{"@id":"https:\/\/boutique-one-piece.com\/#\/schema\/logo\/image\/"}}]}},"_links":{"self":[{"href":"https:\/\/boutique-one-piece.com\/sv\/wp-json\/wp\/v2\/product\/10206","targetHints":{"allow":["GET"]}}],"collection":[{"href":"https:\/\/boutique-one-piece.com\/sv\/wp-json\/wp\/v2\/product"}],"about":[{"href":"https:\/\/boutique-one-piece.com\/sv\/wp-json\/wp\/v2\/types\/product"}],"replies":[{"embeddable":true,"href":"https:\/\/boutique-one-piece.com\/sv\/wp-json\/wp\/v2\/comments?post=10206"}],"wp:featuredmedia":[{"embeddable":true,"href":"https:\/\/boutique-one-piece.com\/sv\/wp-json\/wp\/v2\/media\/10208"}],"wp:attachment":[{"href":"https:\/\/boutique-one-piece.com\/sv\/wp-json\/wp\/v2\/media?parent=10206"}],"wp:term":[{"taxonomy":"product_brand","embeddable":true,"href":"https:\/\/boutique-one-piece.com\/sv\/wp-json\/wp\/v2\/product_brand?post=10206"},{"taxonomy":"product_cat","embeddable":true,"href":"https:\/\/boutique-one-piece.com\/sv\/wp-json\/wp\/v2\/product_cat?post=10206"},{"taxonomy":"product_tag","embeddable":true,"href":"https:\/\/boutique-one-piece.com\/sv\/wp-json\/wp\/v2\/product_tag?post=10206"}],"curies":[{"name":"wp","href":"https:\/\/api.w.org\/{rel}","templated":true}]}}