{"id":10834,"date":"2022-09-27T20:36:57","date_gmt":"2022-09-27T20:36:57","guid":{"rendered":"https:\/\/boutique-one-piece.com\/uncategorized\/short-de-bain-one-piece-kaido\/"},"modified":"2024-09-16T12:15:00","modified_gmt":"2024-09-16T12:15:00","slug":"kaido-badshorts-i-ett-stycke","status":"publish","type":"product","link":"https:\/\/boutique-one-piece.com\/sv\/one-piece-klader\/badshorts-i-ett-stycke\/kaido-badshorts-i-ett-stycke\/","title":{"rendered":"One Piece Kaido Badshorts"},"content":{"rendered":"<p><meta charset=\"utf-8\"><\/p>\n<h2>One Piece badshorts med motivet Kaido of the Hundred Beasts, en kvalitetsbaddr\u00e4kt f\u00f6r en pirat som du!<\/h2>\n<p>Om du \u00e4r en <strong>riktig pirat<\/strong>, Du kommer att bli uppskattad <strong>materialkvalitet,<\/strong>\u00a0av <strong>design <\/strong>och<strong> l\u2019impression 3D<\/strong>\u00a0av detta <strong>Badshorts i ett stycke<\/strong> Men viktigast av allt, med dessa shorts blir du en del av <strong>l\u2019\u00e9quipage\u00a0des fans<\/strong> av <strong>piratmanga<\/strong> och du kommer att f\u00e5:<\/p>\n<ul>\n<li>\u00a0<strong>L\u2019admiration<\/strong> av alla fans av <strong>mugiwara<\/strong> som du kommer att m\u00f6ta<\/li>\n<\/ul>\n<ul>\n<li>En riktig <strong>tryckta badshorts<\/strong> som du kan simma med <strong>Grand Line<\/strong>, mais attention il est d\u00e9conseill\u00e9 d\u2019aller\u00a0dans la mer si\u00a0tu as mang\u00e9 un <strong>dj\u00e4vulens frukt<\/strong>\n<\/li>\n<\/ul>\n<p>S\u00e5, redo att ta p\u00e5 sig <strong>couleurs de l\u2019\u00e9quipage Aux Cent B\u00eates<\/strong>\u00a0?<\/p>\n<h2>Es-tu un fan du manga ou de l\u2019anim\u00e9 One Piece ? Montre le avec ce Short de Bain !<\/h2>\n<p>Om du <strong>l\u00e4sa<\/strong> eller vart du \u00e4n tittar\u00a0<strong>l\u2019anim\u00e9 japonais<\/strong>, Det finns en god chans att du har blivit <strong>galen i One Piece<\/strong> Med detta! <strong>badshorts<\/strong> <strong>Kaido<\/strong>, rejoins\u00a0l\u2019<strong>en grupp fans av franchisen<\/strong><\/p>\n<p>Dessa shorts finns i storlekar<span>\u00a0<\/span><strong>XXS, XS, S, M, L, XL<\/strong>, il conviendra \u00e0 toutes les\u00a0cat\u00e9gories\u00a0de pirates, m\u00eame si tu n\u2019as pas <strong>d\u2019\u00e9p\u00e9e<\/strong>\u00a0eller <strong>dj\u00e4vulens frukt<\/strong> du kan fortfarande b\u00e4ra den\u00a0<\/p>\n<p><b>Kaido, v\u00e4rldens m\u00e4ktigaste varelse<\/b>, Kaido \u00e4r <strong>capitaine ds l\u2019\u00e9quipage Aux Cent B\u00eates<\/strong> och han g\u00f6r ocks\u00e5 <strong>4<\/strong> <strong>Kejsare<\/strong>. Kaido ockuperar <strong>Wano-landet<\/strong> med dessa <strong>pirater<\/strong><\/p>\n<p><meta charset=\"utf-8\"><\/p>\n<h3>N\u2019oublie pas de jeter\u00a0un oeil au guide des tailles ci-dessous.<\/h3>\n<p style=\"text-align: left;\"><span><img decoding=\"async\" alt=\"Storlekstabell Baim shorts i ett stycke xxs, xs, s, m, l, xl\" src=\"\/\/cdn.shopify.com\/s\/files\/1\/0087\/7556\/5348\/files\/boutque_one__piece_tableau_taille_short_de_bain_large.jpg?v=1560446518\" style=\"float: none;\"><\/span><\/p>\n<h3>Tv\u00e4ttinstruktioner:<\/h3>\n<ul>\n<li>Maskintv\u00e4tt 30\u00b0C, skonsam tv\u00e4tt<\/li>\n<\/ul>\n<ul>\n<li>Stryk p\u00e5 baksidan<\/li>\n<\/ul>\n<p>F\u00f6r <strong>bevara kvaliteten<\/strong> av detta\u00a0<strong>Badshorts i ett stycke<\/strong>, Vi rekommenderar att du <strong>respektera<\/strong> DE <strong>tv\u00e4ttinstruktioner<\/strong>.<\/p>","protected":false},"excerpt":{"rendered":"<p>Short de Bain One Piece avec Kaido aux Cent B\u00eates, Un\u00a0Maillot de Bain de qualit\u00e9 pour un pirate comme\u00a0toi\u00a0! Si tu es un v\u00e9ritable pirate, tu seras appr\u00e9ci\u00e9 la qualit\u00e9 des mat\u00e9riaux,\u00a0de la conception et de l\u2019impression 3D\u00a0de ce short de bain One Piece !\u00a0Mais le plus important, avec ce short tu\u00a0feras partie de l\u2019\u00e9quipage\u00a0des [&hellip;]<\/p>","protected":false},"featured_media":10836,"comment_status":"open","ping_status":"open","template":"","meta":[],"product_brand":[],"product_cat":[66],"product_tag":[216],"class_list":{"0":"post-10834","1":"product","2":"type-product","3":"status-publish","4":"has-post-thumbnail","6":"product_cat-shorts-de-bain-one-piece","7":"product_tag-kaido","9":"first","10":"instock","11":"purchasable","12":"product-type-variable","13":"has-default-attributes"},"yoast_head":"<!-- This site is optimized with the Yoast SEO plugin v27.5 - https:\/\/yoast.com\/product\/yoast-seo-wordpress\/ -->\n<title>Short de Bain One Piece Kaido | Boutique One Piece<\/title>\n<meta name=\"description\" content=\"Maillot de Bain du Manga One Piece Qualit\u00e9 avec Kaido La Cr\u00e9ature la Plus Puissante de Monde le Short parfait pour les Pirates qui vont \u00e0 la Mer ou \u00e0 la Piscine\" \/>\n<meta name=\"robots\" content=\"index, follow, max-snippet:-1, max-image-preview:large, max-video-preview:-1\" \/>\n<link rel=\"canonical\" href=\"https:\/\/boutique-one-piece.com\/sv\/one-piece-klader\/badshorts-i-ett-stycke\/kaido-badshorts-i-ett-stycke\/\" \/>\n<meta property=\"og:locale\" content=\"sv_SE\" \/>\n<meta property=\"og:type\" content=\"article\" \/>\n<meta property=\"og:title\" content=\"Short de Bain One Piece Kaido | Boutique One Piece\" \/>\n<meta property=\"og:description\" content=\"Maillot de Bain du Manga One Piece Qualit\u00e9 avec Kaido La Cr\u00e9ature la Plus Puissante de Monde le Short parfait pour les Pirates qui vont \u00e0 la Mer ou \u00e0 la Piscine\" \/>\n<meta property=\"og:url\" content=\"https:\/\/boutique-one-piece.com\/sv\/one-piece-klader\/badshorts-i-ett-stycke\/kaido-badshorts-i-ett-stycke\/\" \/>\n<meta property=\"og:site_name\" content=\"Boutique One Piece\" \/>\n<meta property=\"article:modified_time\" content=\"2024-09-16T12:15:00+00:00\" \/>\n<meta property=\"og:image\" content=\"https:\/\/boutique-one-piece.com\/wp-content\/uploads\/2022\/09\/Short-de-Bain-One-Piece-Kaido.jpg\" \/>\n\t<meta property=\"og:image:width\" content=\"640\" \/>\n\t<meta property=\"og:image:height\" content=\"635\" \/>\n\t<meta property=\"og:image:type\" content=\"image\/jpeg\" \/>\n<meta name=\"twitter:card\" content=\"summary_large_image\" \/>\n<meta name=\"twitter:label1\" content=\"Ber\u00e4knad l\u00e4stid\" \/>\n\t<meta name=\"twitter:data1\" content=\"2 minuter\" \/>\n<script type=\"application\/ld+json\" class=\"yoast-schema-graph\">{\"@context\":\"https:\\\/\\\/schema.org\",\"@graph\":[{\"@type\":\"WebPage\",\"@id\":\"https:\\\/\\\/boutique-one-piece.com\\\/vetements-one-piece\\\/shorts-de-bain-one-piece\\\/short-de-bain-one-piece-kaido\\\/\",\"url\":\"https:\\\/\\\/boutique-one-piece.com\\\/vetements-one-piece\\\/shorts-de-bain-one-piece\\\/short-de-bain-one-piece-kaido\\\/\",\"name\":\"Short de Bain One Piece Kaido | Boutique One Piece\",\"isPartOf\":{\"@id\":\"https:\\\/\\\/boutique-one-piece.com\\\/#website\"},\"primaryImageOfPage\":{\"@id\":\"https:\\\/\\\/boutique-one-piece.com\\\/vetements-one-piece\\\/shorts-de-bain-one-piece\\\/short-de-bain-one-piece-kaido\\\/#primaryimage\"},\"image\":{\"@id\":\"https:\\\/\\\/boutique-one-piece.com\\\/vetements-one-piece\\\/shorts-de-bain-one-piece\\\/short-de-bain-one-piece-kaido\\\/#primaryimage\"},\"thumbnailUrl\":\"https:\\\/\\\/boutique-one-piece.com\\\/wp-content\\\/uploads\\\/2022\\\/09\\\/Short-de-Bain-One-Piece-Kaido.jpg\",\"datePublished\":\"2022-09-27T20:36:57+00:00\",\"dateModified\":\"2024-09-16T12:15:00+00:00\",\"description\":\"Maillot de Bain du Manga One Piece Qualit\u00e9 avec Kaido La Cr\u00e9ature la Plus Puissante de Monde le Short parfait pour les Pirates qui vont \u00e0 la Mer ou \u00e0 la Piscine\",\"breadcrumb\":{\"@id\":\"https:\\\/\\\/boutique-one-piece.com\\\/vetements-one-piece\\\/shorts-de-bain-one-piece\\\/short-de-bain-one-piece-kaido\\\/#breadcrumb\"},\"inLanguage\":\"sv-SE\",\"potentialAction\":[{\"@type\":\"ReadAction\",\"target\":[\"https:\\\/\\\/boutique-one-piece.com\\\/vetements-one-piece\\\/shorts-de-bain-one-piece\\\/short-de-bain-one-piece-kaido\\\/\"]}]},{\"@type\":\"ImageObject\",\"inLanguage\":\"sv-SE\",\"@id\":\"https:\\\/\\\/boutique-one-piece.com\\\/vetements-one-piece\\\/shorts-de-bain-one-piece\\\/short-de-bain-one-piece-kaido\\\/#primaryimage\",\"url\":\"https:\\\/\\\/boutique-one-piece.com\\\/wp-content\\\/uploads\\\/2022\\\/09\\\/Short-de-Bain-One-Piece-Kaido.jpg\",\"contentUrl\":\"https:\\\/\\\/boutique-one-piece.com\\\/wp-content\\\/uploads\\\/2022\\\/09\\\/Short-de-Bain-One-Piece-Kaido.jpg\",\"width\":640,\"height\":635,\"caption\":\"Short de Bain One Piece Kaido xl\"},{\"@type\":\"BreadcrumbList\",\"@id\":\"https:\\\/\\\/boutique-one-piece.com\\\/vetements-one-piece\\\/shorts-de-bain-one-piece\\\/short-de-bain-one-piece-kaido\\\/#breadcrumb\",\"itemListElement\":[{\"@type\":\"ListItem\",\"position\":1,\"name\":\"Home\",\"item\":\"https:\\\/\\\/boutique-one-piece.com\\\/\"},{\"@type\":\"ListItem\",\"position\":2,\"name\":\"Shop\",\"item\":\"https:\\\/\\\/boutique-one-piece.com\\\/shop\\\/\"},{\"@type\":\"ListItem\",\"position\":3,\"name\":\"Short de Bain One Piece Kaido\"}]},{\"@type\":\"WebSite\",\"@id\":\"https:\\\/\\\/boutique-one-piece.com\\\/#website\",\"url\":\"https:\\\/\\\/boutique-one-piece.com\\\/\",\"name\":\"Boutique One Piece\",\"description\":\"Magasin Sp\u00e9cialis\u00e9 du Manga et l&#039;Anime One Piece\",\"publisher\":{\"@id\":\"https:\\\/\\\/boutique-one-piece.com\\\/#organization\"},\"potentialAction\":[{\"@type\":\"SearchAction\",\"target\":{\"@type\":\"EntryPoint\",\"urlTemplate\":\"https:\\\/\\\/boutique-one-piece.com\\\/?s={search_term_string}\"},\"query-input\":{\"@type\":\"PropertyValueSpecification\",\"valueRequired\":true,\"valueName\":\"search_term_string\"}}],\"inLanguage\":\"sv-SE\"},{\"@type\":\"Organization\",\"@id\":\"https:\\\/\\\/boutique-one-piece.com\\\/#organization\",\"name\":\"Boutique One Piece\",\"url\":\"https:\\\/\\\/boutique-one-piece.com\\\/\",\"logo\":{\"@type\":\"ImageObject\",\"inLanguage\":\"sv-SE\",\"@id\":\"https:\\\/\\\/boutique-one-piece.com\\\/#\\\/schema\\\/logo\\\/image\\\/\",\"url\":\"https:\\\/\\\/boutique-one-piece.com\\\/wp-content\\\/uploads\\\/2022\\\/09\\\/Logo-01.png\",\"contentUrl\":\"https:\\\/\\\/boutique-one-piece.com\\\/wp-content\\\/uploads\\\/2022\\\/09\\\/Logo-01.png\",\"width\":2318,\"height\":957,\"caption\":\"Boutique One Piece\"},\"image\":{\"@id\":\"https:\\\/\\\/boutique-one-piece.com\\\/#\\\/schema\\\/logo\\\/image\\\/\"}}]}<\/script>\n<!-- \/ Yoast SEO plugin. -->","yoast_head_json":{"title":"One Piece Kaido Badshorts | One Piece Shop","description":"One Piece Manga Baddr\u00e4kt - H\u00f6g Kvalitet - Med Kaido, v\u00e4rldens m\u00e4ktigaste varelse - De perfekta shortsen f\u00f6r pirater som ska till havet eller poolen","robots":{"index":"index","follow":"follow","max-snippet":"max-snippet:-1","max-image-preview":"max-image-preview:large","max-video-preview":"max-video-preview:-1"},"canonical":"https:\/\/boutique-one-piece.com\/sv\/one-piece-klader\/badshorts-i-ett-stycke\/kaido-badshorts-i-ett-stycke\/","og_locale":"sv_SE","og_type":"article","og_title":"Short de Bain One Piece Kaido | Boutique One Piece","og_description":"Maillot de Bain du Manga One Piece Qualit\u00e9 avec Kaido La Cr\u00e9ature la Plus Puissante de Monde le Short parfait pour les Pirates qui vont \u00e0 la Mer ou \u00e0 la Piscine","og_url":"https:\/\/boutique-one-piece.com\/sv\/one-piece-klader\/badshorts-i-ett-stycke\/kaido-badshorts-i-ett-stycke\/","og_site_name":"Boutique One Piece","article_modified_time":"2024-09-16T12:15:00+00:00","og_image":[{"width":640,"height":635,"url":"https:\/\/boutique-one-piece.com\/wp-content\/uploads\/2022\/09\/Short-de-Bain-One-Piece-Kaido.jpg","type":"image\/jpeg"}],"twitter_card":"summary_large_image","twitter_misc":{"Ber\u00e4knad l\u00e4stid":"2 minuter"},"schema":{"@context":"https:\/\/schema.org","@graph":[{"@type":"WebPage","@id":"https:\/\/boutique-one-piece.com\/vetements-one-piece\/shorts-de-bain-one-piece\/short-de-bain-one-piece-kaido\/","url":"https:\/\/boutique-one-piece.com\/vetements-one-piece\/shorts-de-bain-one-piece\/short-de-bain-one-piece-kaido\/","name":"One Piece Kaido Badshorts | One Piece Shop","isPartOf":{"@id":"https:\/\/boutique-one-piece.com\/#website"},"primaryImageOfPage":{"@id":"https:\/\/boutique-one-piece.com\/vetements-one-piece\/shorts-de-bain-one-piece\/short-de-bain-one-piece-kaido\/#primaryimage"},"image":{"@id":"https:\/\/boutique-one-piece.com\/vetements-one-piece\/shorts-de-bain-one-piece\/short-de-bain-one-piece-kaido\/#primaryimage"},"thumbnailUrl":"https:\/\/boutique-one-piece.com\/wp-content\/uploads\/2022\/09\/Short-de-Bain-One-Piece-Kaido.jpg","datePublished":"2022-09-27T20:36:57+00:00","dateModified":"2024-09-16T12:15:00+00:00","description":"One Piece Manga Baddr\u00e4kt - H\u00f6g Kvalitet - Med Kaido, v\u00e4rldens m\u00e4ktigaste varelse - De perfekta shortsen f\u00f6r pirater som ska till havet eller poolen","breadcrumb":{"@id":"https:\/\/boutique-one-piece.com\/vetements-one-piece\/shorts-de-bain-one-piece\/short-de-bain-one-piece-kaido\/#breadcrumb"},"inLanguage":"sv-SE","potentialAction":[{"@type":"ReadAction","target":["https:\/\/boutique-one-piece.com\/vetements-one-piece\/shorts-de-bain-one-piece\/short-de-bain-one-piece-kaido\/"]}]},{"@type":"ImageObject","inLanguage":"sv-SE","@id":"https:\/\/boutique-one-piece.com\/vetements-one-piece\/shorts-de-bain-one-piece\/short-de-bain-one-piece-kaido\/#primaryimage","url":"https:\/\/boutique-one-piece.com\/wp-content\/uploads\/2022\/09\/Short-de-Bain-One-Piece-Kaido.jpg","contentUrl":"https:\/\/boutique-one-piece.com\/wp-content\/uploads\/2022\/09\/Short-de-Bain-One-Piece-Kaido.jpg","width":640,"height":635,"caption":"Short de Bain One Piece Kaido xl"},{"@type":"BreadcrumbList","@id":"https:\/\/boutique-one-piece.com\/vetements-one-piece\/shorts-de-bain-one-piece\/short-de-bain-one-piece-kaido\/#breadcrumb","itemListElement":[{"@type":"ListItem","position":1,"name":"Home","item":"https:\/\/boutique-one-piece.com\/"},{"@type":"ListItem","position":2,"name":"Shop","item":"https:\/\/boutique-one-piece.com\/shop\/"},{"@type":"ListItem","position":3,"name":"Short de Bain One Piece Kaido"}]},{"@type":"WebSite","@id":"https:\/\/boutique-one-piece.com\/#website","url":"https:\/\/boutique-one-piece.com\/","name":"One Piece-butik","description":"Specialbutik f\u00f6r One Piece Manga och Anime","publisher":{"@id":"https:\/\/boutique-one-piece.com\/#organization"},"potentialAction":[{"@type":"SearchAction","target":{"@type":"EntryPoint","urlTemplate":"https:\/\/boutique-one-piece.com\/?s={search_term_string}"},"query-input":{"@type":"PropertyValueSpecification","valueRequired":true,"valueName":"search_term_string"}}],"inLanguage":"sv-SE"},{"@type":"Organization","@id":"https:\/\/boutique-one-piece.com\/#organization","name":"One Piece-butik","url":"https:\/\/boutique-one-piece.com\/","logo":{"@type":"ImageObject","inLanguage":"sv-SE","@id":"https:\/\/boutique-one-piece.com\/#\/schema\/logo\/image\/","url":"https:\/\/boutique-one-piece.com\/wp-content\/uploads\/2022\/09\/Logo-01.png","contentUrl":"https:\/\/boutique-one-piece.com\/wp-content\/uploads\/2022\/09\/Logo-01.png","width":2318,"height":957,"caption":"Boutique One Piece"},"image":{"@id":"https:\/\/boutique-one-piece.com\/#\/schema\/logo\/image\/"}}]}},"_links":{"self":[{"href":"https:\/\/boutique-one-piece.com\/sv\/wp-json\/wp\/v2\/product\/10834","targetHints":{"allow":["GET"]}}],"collection":[{"href":"https:\/\/boutique-one-piece.com\/sv\/wp-json\/wp\/v2\/product"}],"about":[{"href":"https:\/\/boutique-one-piece.com\/sv\/wp-json\/wp\/v2\/types\/product"}],"replies":[{"embeddable":true,"href":"https:\/\/boutique-one-piece.com\/sv\/wp-json\/wp\/v2\/comments?post=10834"}],"wp:featuredmedia":[{"embeddable":true,"href":"https:\/\/boutique-one-piece.com\/sv\/wp-json\/wp\/v2\/media\/10836"}],"wp:attachment":[{"href":"https:\/\/boutique-one-piece.com\/sv\/wp-json\/wp\/v2\/media?parent=10834"}],"wp:term":[{"taxonomy":"product_brand","embeddable":true,"href":"https:\/\/boutique-one-piece.com\/sv\/wp-json\/wp\/v2\/product_brand?post=10834"},{"taxonomy":"product_cat","embeddable":true,"href":"https:\/\/boutique-one-piece.com\/sv\/wp-json\/wp\/v2\/product_cat?post=10834"},{"taxonomy":"product_tag","embeddable":true,"href":"https:\/\/boutique-one-piece.com\/sv\/wp-json\/wp\/v2\/product_tag?post=10834"}],"curies":[{"name":"wp","href":"https:\/\/api.w.org\/{rel}","templated":true}]}}