{"id":10923,"date":"2022-09-27T20:37:33","date_gmt":"2022-09-27T20:37:33","guid":{"rendered":"https:\/\/boutique-one-piece.com\/uncategorized\/veste-one-piece-cute-zoro\/"},"modified":"2026-04-09T14:44:18","modified_gmt":"2026-04-09T14:44:18","slug":"sot-zoro-jacka-fran-one-piece","status":"publish","type":"product","link":"https:\/\/boutique-one-piece.com\/sv\/one-piece-klader\/jackor-i-ett-stycke\/sot-zoro-jacka-fran-one-piece\/","title":{"rendered":"One Piece S\u00f6t Zoro-jacka"},"content":{"rendered":"<h2>Jackinformation:\u00a0<\/h2>\n<ul>\n<li>\u00a0<strong>Jacka av premiumkvalitet\u00a0<\/strong>Tillverkad med kvalitetsmaterial<\/li>\n<\/ul>\n<ul>\n<li>\n<strong>Mycket bekv\u00e4m\u00a0<\/strong>med<span>\u00a0<\/span>hans\u00a0<strong>fibrer<\/strong>\u00a0av <strong>bomull<\/strong> och\u00a0<strong>polyester<\/strong>\u00a0Supermjuk, skaver inte.<\/li>\n<\/ul>\n<ul>\n<li>\n<strong>3D digitalutskrift<\/strong>\u00a0:\u00a0<strong>tryckt jacka<\/strong>\u00a0med en originell design,\u00a0<strong>Canvastavla<\/strong>\n<\/li>\n<\/ul>\n<ul>\n<li>\n<strong>Fri leverans\u00a0<\/strong>f\u00f6r alla k\u00f6p<\/li>\n<\/ul>\n<h2><strong>Gl\u00f6m inte att kolla in storleksguiden nedan.<\/strong><\/h2>\n<p><!--\n.content-table {\n  border-collapse: collapse;\n  margin: 25px 0;\n  font-size: 0.9em;\n  min-width: 400px;\n  border-radius: 5px 5px 0 0;\n  overflow: hidden;\n  box-shadow: 0 0 20px rgba(0, 0, 0, 0.15);\n  text-align: center;\n}\n.content-table thead tr {\n  background-color: #E6B96E;\n  color: #ffffff;\n  text-align: left;\n  font-weight: bold;\n}\n.content-table th,\n.content-table td {\n  padding: 12px 15px;\n}\n.content-table tbody tr {\n  border-bottom: 1px solid #dddddd;\n}\n.content-table tbody tr:nth-of-type(even) {\n  background-color: #f3f3f3;\n}\n.content-table tbody tr:last-of-type {\n  border-bottom: 2px solid #E6B96E;\n}\n--><\/p>\n<table class=\"content-table\">\n<thead>\n<tr>\n<th colspan=\"4\">STORLEKSGUIDE \u2013 V\u00c4LJ DIN STORLEK<\/th>\n<\/tr>\n<tr>\n<th style=\"text-align: center\">Storlek<\/th>\n<th style=\"text-align: center\">Byst<\/th>\n<th style=\"text-align: center\">L\u00e4ngd<\/th>\n<th style=\"text-align: center\">\u00c4rmar<\/th>\n<\/tr>\n<\/thead>\n<tbody>\n<tr>\n<td style=\"text-align: center\"><strong>XXS<\/strong><\/td>\n<td style=\"text-align: center\">44<\/td>\n<td style=\"text-align: center\">59<\/td>\n<td style=\"text-align: center\">66<\/td>\n<\/tr>\n<tr class=\"active-row\">\n<td style=\"text-align: center\"><strong>XS<\/strong><\/td>\n<td style=\"text-align: center\">47\n<\/td>\n<td style=\"text-align: center\">61\n<\/td>\n<td style=\"text-align: center\">68<\/td>\n<\/tr>\n<tr>\n<td style=\"text-align: center\"><strong>S<\/strong><\/td>\n<td style=\"text-align: center\">50<\/td>\n<td style=\"text-align: center\">63\n<\/td>\n<td style=\"text-align: center\">70<\/td>\n<\/tr>\n<tr class=\"active-row\">\n<td style=\"text-align: center\"><strong>M<\/strong><\/td>\n<td style=\"text-align: center\">53\n<\/td>\n<td style=\"text-align: center\">66\n<\/td>\n<td style=\"text-align: center\">73<\/td>\n<\/tr>\n<tr>\n<td style=\"text-align: center\"><strong>L<\/strong><\/td>\n<td style=\"text-align: center\">56\n<\/td>\n<td style=\"text-align: center\">69\n<\/td>\n<td style=\"text-align: center\">76<\/td>\n<\/tr>\n<tr class=\"active-row\">\n<td style=\"text-align: center\"><strong>XL<\/strong><\/td>\n<td style=\"text-align: center\">59<\/td>\n<td style=\"text-align: center\">72\n<\/td>\n<td style=\"text-align: center\">78\n<\/td>\n<\/tr>\n<tr>\n<td style=\"text-align: center\"><strong>XXL<\/strong><\/td>\n<td style=\"text-align: center\">62<\/td>\n<td style=\"text-align: center\">75\n<\/td>\n<td style=\"text-align: center\">83\n<\/td>\n<\/tr>\n<tr class=\"active-row\">\n<td style=\"text-align: center\"><strong>3XL<\/strong><\/td>\n<td style=\"text-align: center\">65\n<\/td>\n<td style=\"text-align: center\">78<\/td>\n<td style=\"text-align: center\">85\n<\/td>\n<\/tr>\n<tr>\n<td style=\"text-align: center\"><strong>4XL<\/strong><\/td>\n<td style=\"text-align: center\">68<\/td>\n<td style=\"text-align: center\">80<\/td>\n<td style=\"text-align: center\">88<\/td>\n<\/tr>\n<\/tbody>\n<\/table>\n<p><\/p>\n<h3>Tv\u00e4ttinstruktioner:<\/h3>\n<ul>\n<li>Maskintv\u00e4tt 30\u00b0C, skonsam tv\u00e4tt<\/li>\n<\/ul>\n<ul>\n<li>Stryk p\u00e5 baksidan<\/li>\n<\/ul>\n<p>F\u00f6r<span>\u00a0<\/span>bevara kvaliteten<span>\u00a0<\/span>av detta<span>\u00a0<\/span><strong>One Piece-jacka<\/strong>, rekommenderar vi att du<span>\u00a0<\/span>respektera<span>\u00a0<\/span>DE<span>\u00a0<\/span>tv\u00e4ttinstruktioner.<\/p>","protected":false},"excerpt":{"rendered":"<p>Jackinformation: Jacka av premiumkvalitet: tillverkad av h\u00f6gkvalitativa material. Mycket bekv\u00e4m: med sina supermjuka bomulls- och polyesterfibrer skaver det inte. 3D-digitaltryck: jacka tryckt med en originell design, canvastryck. Fri frakt p\u00e5 alla k\u00f6p. Gl\u00f6m inte att kolla storleksguiden nedan. STORLEKGUIDE \u2013 V\u00c4LJ DIN STORLEK Storlek Bystl\u00e4ngd \u00c4rmar [\u2026]<\/p>","protected":false},"featured_media":10925,"comment_status":"open","ping_status":"open","template":"","meta":[],"product_brand":[],"product_cat":[183],"product_tag":[],"class_list":{"0":"post-10923","1":"product","2":"type-product","3":"status-publish","4":"has-post-thumbnail","6":"product_cat-vestes-one-piece","8":"first","9":"outofstock","10":"purchasable","11":"product-type-variable"},"yoast_head":"<!-- This site is optimized with the Yoast SEO plugin v27.5 - https:\/\/yoast.com\/product\/yoast-seo-wordpress\/ -->\n<title>Veste One Piece Cute Zoro | V\u00eatement One Piece<\/title>\n<meta name=\"description\" content=\"Informations sur la Veste :\u00a0 \u00a0Veste de qualit\u00e9 sup\u00e9rieure\u00a0:\u00a0fabriqu\u00e9 avec des mat\u00e9riaux de qualit\u00e9s Tr\u00e8s confortable\u00a0: avec\u00a0ses\u00a0fibres\u00a0de coton et de\u00a0polyester\u00a0super\u00a0doux, il n&#039;y a pas\u00a0de\u00a0frottements Impression digitale 3D\u00a0:\u00a0veste\u00a0imprim\u00e9e\u00a0avec un design original,\u00a0Impression Canvas Livraison\u00a0Offerte\u00a0pour tout achat N&#039;o\" \/>\n<meta name=\"robots\" content=\"index, follow, max-snippet:-1, max-image-preview:large, max-video-preview:-1\" \/>\n<link rel=\"canonical\" href=\"https:\/\/boutique-one-piece.com\/sv\/one-piece-klader\/jackor-i-ett-stycke\/sot-zoro-jacka-fran-one-piece\/\" \/>\n<meta property=\"og:locale\" content=\"sv_SE\" \/>\n<meta property=\"og:type\" content=\"article\" \/>\n<meta property=\"og:title\" content=\"Veste One Piece Cute Zoro | V\u00eatement One Piece\" \/>\n<meta property=\"og:description\" content=\"Informations sur la Veste :\u00a0 \u00a0Veste de qualit\u00e9 sup\u00e9rieure\u00a0:\u00a0fabriqu\u00e9 avec des mat\u00e9riaux de qualit\u00e9s Tr\u00e8s confortable\u00a0: avec\u00a0ses\u00a0fibres\u00a0de coton et de\u00a0polyester\u00a0super\u00a0doux, il n&#039;y a pas\u00a0de\u00a0frottements Impression digitale 3D\u00a0:\u00a0veste\u00a0imprim\u00e9e\u00a0avec un design original,\u00a0Impression Canvas Livraison\u00a0Offerte\u00a0pour tout achat N&#039;o\" \/>\n<meta property=\"og:url\" content=\"https:\/\/boutique-one-piece.com\/sv\/one-piece-klader\/jackor-i-ett-stycke\/sot-zoro-jacka-fran-one-piece\/\" \/>\n<meta property=\"og:site_name\" content=\"Boutique One Piece\" \/>\n<meta property=\"article:modified_time\" content=\"2026-04-09T14:44:18+00:00\" \/>\n<meta property=\"og:image\" content=\"https:\/\/boutique-one-piece.com\/wp-content\/uploads\/2022\/09\/Veste-One-Piece-Cute-Zoro.jpg\" \/>\n\t<meta property=\"og:image:width\" content=\"640\" \/>\n\t<meta property=\"og:image:height\" content=\"640\" \/>\n\t<meta property=\"og:image:type\" content=\"image\/jpeg\" \/>\n<meta name=\"twitter:card\" content=\"summary_large_image\" \/>\n<meta name=\"twitter:label1\" content=\"Ber\u00e4knad l\u00e4stid\" \/>\n\t<meta name=\"twitter:data1\" content=\"2 minuter\" \/>\n<script type=\"application\/ld+json\" class=\"yoast-schema-graph\">{\"@context\":\"https:\\\/\\\/schema.org\",\"@graph\":[{\"@type\":\"WebPage\",\"@id\":\"https:\\\/\\\/boutique-one-piece.com\\\/vetements-one-piece\\\/vestes-one-piece\\\/veste-one-piece-cute-zoro\\\/\",\"url\":\"https:\\\/\\\/boutique-one-piece.com\\\/vetements-one-piece\\\/vestes-one-piece\\\/veste-one-piece-cute-zoro\\\/\",\"name\":\"Veste One Piece Cute Zoro | V\u00eatement One Piece\",\"isPartOf\":{\"@id\":\"https:\\\/\\\/boutique-one-piece.com\\\/#website\"},\"primaryImageOfPage\":{\"@id\":\"https:\\\/\\\/boutique-one-piece.com\\\/vetements-one-piece\\\/vestes-one-piece\\\/veste-one-piece-cute-zoro\\\/#primaryimage\"},\"image\":{\"@id\":\"https:\\\/\\\/boutique-one-piece.com\\\/vetements-one-piece\\\/vestes-one-piece\\\/veste-one-piece-cute-zoro\\\/#primaryimage\"},\"thumbnailUrl\":\"https:\\\/\\\/boutique-one-piece.com\\\/wp-content\\\/uploads\\\/2022\\\/09\\\/Veste-One-Piece-Cute-Zoro.jpg\",\"datePublished\":\"2022-09-27T20:37:33+00:00\",\"dateModified\":\"2026-04-09T14:44:18+00:00\",\"description\":\"Informations sur la Veste :\u00a0 \u00a0Veste de qualit\u00e9 sup\u00e9rieure\u00a0:\u00a0fabriqu\u00e9 avec des mat\u00e9riaux de qualit\u00e9s Tr\u00e8s confortable\u00a0: avec\u00a0ses\u00a0fibres\u00a0de coton et de\u00a0polyester\u00a0super\u00a0doux, il n'y a pas\u00a0de\u00a0frottements Impression digitale 3D\u00a0:\u00a0veste\u00a0imprim\u00e9e\u00a0avec un design original,\u00a0Impression Canvas Livraison\u00a0Offerte\u00a0pour tout achat N'o\",\"breadcrumb\":{\"@id\":\"https:\\\/\\\/boutique-one-piece.com\\\/vetements-one-piece\\\/vestes-one-piece\\\/veste-one-piece-cute-zoro\\\/#breadcrumb\"},\"inLanguage\":\"sv-SE\",\"potentialAction\":[{\"@type\":\"ReadAction\",\"target\":[\"https:\\\/\\\/boutique-one-piece.com\\\/vetements-one-piece\\\/vestes-one-piece\\\/veste-one-piece-cute-zoro\\\/\"]}]},{\"@type\":\"ImageObject\",\"inLanguage\":\"sv-SE\",\"@id\":\"https:\\\/\\\/boutique-one-piece.com\\\/vetements-one-piece\\\/vestes-one-piece\\\/veste-one-piece-cute-zoro\\\/#primaryimage\",\"url\":\"https:\\\/\\\/boutique-one-piece.com\\\/wp-content\\\/uploads\\\/2022\\\/09\\\/Veste-One-Piece-Cute-Zoro.jpg\",\"contentUrl\":\"https:\\\/\\\/boutique-one-piece.com\\\/wp-content\\\/uploads\\\/2022\\\/09\\\/Veste-One-Piece-Cute-Zoro.jpg\",\"width\":640,\"height\":640,\"caption\":\"Veste One Piece Cute Zoro 4XL\"},{\"@type\":\"BreadcrumbList\",\"@id\":\"https:\\\/\\\/boutique-one-piece.com\\\/vetements-one-piece\\\/vestes-one-piece\\\/veste-one-piece-cute-zoro\\\/#breadcrumb\",\"itemListElement\":[{\"@type\":\"ListItem\",\"position\":1,\"name\":\"Home\",\"item\":\"https:\\\/\\\/boutique-one-piece.com\\\/\"},{\"@type\":\"ListItem\",\"position\":2,\"name\":\"Shop\",\"item\":\"https:\\\/\\\/boutique-one-piece.com\\\/shop\\\/\"},{\"@type\":\"ListItem\",\"position\":3,\"name\":\"Veste One Piece Cute Zoro\"}]},{\"@type\":\"WebSite\",\"@id\":\"https:\\\/\\\/boutique-one-piece.com\\\/#website\",\"url\":\"https:\\\/\\\/boutique-one-piece.com\\\/\",\"name\":\"Boutique One Piece\",\"description\":\"Magasin Sp\u00e9cialis\u00e9 du Manga et l&#039;Anime One Piece\",\"publisher\":{\"@id\":\"https:\\\/\\\/boutique-one-piece.com\\\/#organization\"},\"potentialAction\":[{\"@type\":\"SearchAction\",\"target\":{\"@type\":\"EntryPoint\",\"urlTemplate\":\"https:\\\/\\\/boutique-one-piece.com\\\/?s={search_term_string}\"},\"query-input\":{\"@type\":\"PropertyValueSpecification\",\"valueRequired\":true,\"valueName\":\"search_term_string\"}}],\"inLanguage\":\"sv-SE\"},{\"@type\":\"Organization\",\"@id\":\"https:\\\/\\\/boutique-one-piece.com\\\/#organization\",\"name\":\"Boutique One Piece\",\"url\":\"https:\\\/\\\/boutique-one-piece.com\\\/\",\"logo\":{\"@type\":\"ImageObject\",\"inLanguage\":\"sv-SE\",\"@id\":\"https:\\\/\\\/boutique-one-piece.com\\\/#\\\/schema\\\/logo\\\/image\\\/\",\"url\":\"https:\\\/\\\/boutique-one-piece.com\\\/wp-content\\\/uploads\\\/2022\\\/09\\\/Logo-01.png\",\"contentUrl\":\"https:\\\/\\\/boutique-one-piece.com\\\/wp-content\\\/uploads\\\/2022\\\/09\\\/Logo-01.png\",\"width\":2318,\"height\":957,\"caption\":\"Boutique One Piece\"},\"image\":{\"@id\":\"https:\\\/\\\/boutique-one-piece.com\\\/#\\\/schema\\\/logo\\\/image\\\/\"}}]}<\/script>\n<!-- \/ Yoast SEO plugin. -->","yoast_head_json":{"title":"One Piece S\u00f6t Zoro-jacka | One Piece Kl\u00e4der","description":"Jackinformation: Jacka av premiumkvalitet: tillverkad av h\u00f6gkvalitativa material. Mycket bekv\u00e4m: med supermjuka bomulls- och polyesterfibrer skaver den inte. Digitalt 3D-tryck: jacka tryckt med en originell design, canvastryck. Fri frakt p\u00e5 alla N&#039;o-k\u00f6p.","robots":{"index":"index","follow":"follow","max-snippet":"max-snippet:-1","max-image-preview":"max-image-preview:large","max-video-preview":"max-video-preview:-1"},"canonical":"https:\/\/boutique-one-piece.com\/sv\/one-piece-klader\/jackor-i-ett-stycke\/sot-zoro-jacka-fran-one-piece\/","og_locale":"sv_SE","og_type":"article","og_title":"Veste One Piece Cute Zoro | V\u00eatement One Piece","og_description":"Informations sur la Veste :\u00a0 \u00a0Veste de qualit\u00e9 sup\u00e9rieure\u00a0:\u00a0fabriqu\u00e9 avec des mat\u00e9riaux de qualit\u00e9s Tr\u00e8s confortable\u00a0: avec\u00a0ses\u00a0fibres\u00a0de coton et de\u00a0polyester\u00a0super\u00a0doux, il n'y a pas\u00a0de\u00a0frottements Impression digitale 3D\u00a0:\u00a0veste\u00a0imprim\u00e9e\u00a0avec un design original,\u00a0Impression Canvas Livraison\u00a0Offerte\u00a0pour tout achat N'o","og_url":"https:\/\/boutique-one-piece.com\/sv\/one-piece-klader\/jackor-i-ett-stycke\/sot-zoro-jacka-fran-one-piece\/","og_site_name":"Boutique One Piece","article_modified_time":"2026-04-09T14:44:18+00:00","og_image":[{"width":640,"height":640,"url":"https:\/\/boutique-one-piece.com\/wp-content\/uploads\/2022\/09\/Veste-One-Piece-Cute-Zoro.jpg","type":"image\/jpeg"}],"twitter_card":"summary_large_image","twitter_misc":{"Ber\u00e4knad l\u00e4stid":"2 minuter"},"schema":{"@context":"https:\/\/schema.org","@graph":[{"@type":"WebPage","@id":"https:\/\/boutique-one-piece.com\/vetements-one-piece\/vestes-one-piece\/veste-one-piece-cute-zoro\/","url":"https:\/\/boutique-one-piece.com\/vetements-one-piece\/vestes-one-piece\/veste-one-piece-cute-zoro\/","name":"One Piece S\u00f6t Zoro-jacka | One Piece Kl\u00e4der","isPartOf":{"@id":"https:\/\/boutique-one-piece.com\/#website"},"primaryImageOfPage":{"@id":"https:\/\/boutique-one-piece.com\/vetements-one-piece\/vestes-one-piece\/veste-one-piece-cute-zoro\/#primaryimage"},"image":{"@id":"https:\/\/boutique-one-piece.com\/vetements-one-piece\/vestes-one-piece\/veste-one-piece-cute-zoro\/#primaryimage"},"thumbnailUrl":"https:\/\/boutique-one-piece.com\/wp-content\/uploads\/2022\/09\/Veste-One-Piece-Cute-Zoro.jpg","datePublished":"2022-09-27T20:37:33+00:00","dateModified":"2026-04-09T14:44:18+00:00","description":"Jackinformation: Jacka av premiumkvalitet: tillverkad av h\u00f6gkvalitativa material. Mycket bekv\u00e4m: med supermjuka bomulls- och polyesterfibrer skaver den inte. Digitalt 3D-tryck: jacka tryckt med en originell design, canvastryck. Fri frakt p\u00e5 alla N&#039;o-k\u00f6p.","breadcrumb":{"@id":"https:\/\/boutique-one-piece.com\/vetements-one-piece\/vestes-one-piece\/veste-one-piece-cute-zoro\/#breadcrumb"},"inLanguage":"sv-SE","potentialAction":[{"@type":"ReadAction","target":["https:\/\/boutique-one-piece.com\/vetements-one-piece\/vestes-one-piece\/veste-one-piece-cute-zoro\/"]}]},{"@type":"ImageObject","inLanguage":"sv-SE","@id":"https:\/\/boutique-one-piece.com\/vetements-one-piece\/vestes-one-piece\/veste-one-piece-cute-zoro\/#primaryimage","url":"https:\/\/boutique-one-piece.com\/wp-content\/uploads\/2022\/09\/Veste-One-Piece-Cute-Zoro.jpg","contentUrl":"https:\/\/boutique-one-piece.com\/wp-content\/uploads\/2022\/09\/Veste-One-Piece-Cute-Zoro.jpg","width":640,"height":640,"caption":"Veste One Piece Cute Zoro 4XL"},{"@type":"BreadcrumbList","@id":"https:\/\/boutique-one-piece.com\/vetements-one-piece\/vestes-one-piece\/veste-one-piece-cute-zoro\/#breadcrumb","itemListElement":[{"@type":"ListItem","position":1,"name":"Home","item":"https:\/\/boutique-one-piece.com\/"},{"@type":"ListItem","position":2,"name":"Shop","item":"https:\/\/boutique-one-piece.com\/shop\/"},{"@type":"ListItem","position":3,"name":"Veste One Piece Cute Zoro"}]},{"@type":"WebSite","@id":"https:\/\/boutique-one-piece.com\/#website","url":"https:\/\/boutique-one-piece.com\/","name":"One Piece-butik","description":"Specialbutik f\u00f6r One Piece Manga och Anime","publisher":{"@id":"https:\/\/boutique-one-piece.com\/#organization"},"potentialAction":[{"@type":"SearchAction","target":{"@type":"EntryPoint","urlTemplate":"https:\/\/boutique-one-piece.com\/?s={search_term_string}"},"query-input":{"@type":"PropertyValueSpecification","valueRequired":true,"valueName":"search_term_string"}}],"inLanguage":"sv-SE"},{"@type":"Organization","@id":"https:\/\/boutique-one-piece.com\/#organization","name":"One Piece-butik","url":"https:\/\/boutique-one-piece.com\/","logo":{"@type":"ImageObject","inLanguage":"sv-SE","@id":"https:\/\/boutique-one-piece.com\/#\/schema\/logo\/image\/","url":"https:\/\/boutique-one-piece.com\/wp-content\/uploads\/2022\/09\/Logo-01.png","contentUrl":"https:\/\/boutique-one-piece.com\/wp-content\/uploads\/2022\/09\/Logo-01.png","width":2318,"height":957,"caption":"Boutique One Piece"},"image":{"@id":"https:\/\/boutique-one-piece.com\/#\/schema\/logo\/image\/"}}]}},"_links":{"self":[{"href":"https:\/\/boutique-one-piece.com\/sv\/wp-json\/wp\/v2\/product\/10923","targetHints":{"allow":["GET"]}}],"collection":[{"href":"https:\/\/boutique-one-piece.com\/sv\/wp-json\/wp\/v2\/product"}],"about":[{"href":"https:\/\/boutique-one-piece.com\/sv\/wp-json\/wp\/v2\/types\/product"}],"replies":[{"embeddable":true,"href":"https:\/\/boutique-one-piece.com\/sv\/wp-json\/wp\/v2\/comments?post=10923"}],"wp:featuredmedia":[{"embeddable":true,"href":"https:\/\/boutique-one-piece.com\/sv\/wp-json\/wp\/v2\/media\/10925"}],"wp:attachment":[{"href":"https:\/\/boutique-one-piece.com\/sv\/wp-json\/wp\/v2\/media?parent=10923"}],"wp:term":[{"taxonomy":"product_brand","embeddable":true,"href":"https:\/\/boutique-one-piece.com\/sv\/wp-json\/wp\/v2\/product_brand?post=10923"},{"taxonomy":"product_cat","embeddable":true,"href":"https:\/\/boutique-one-piece.com\/sv\/wp-json\/wp\/v2\/product_cat?post=10923"},{"taxonomy":"product_tag","embeddable":true,"href":"https:\/\/boutique-one-piece.com\/sv\/wp-json\/wp\/v2\/product_tag?post=10923"}],"curies":[{"name":"wp","href":"https:\/\/api.w.org\/{rel}","templated":true}]}}