{"id":11381,"date":"2022-09-27T20:40:42","date_gmt":"2022-09-27T20:40:42","guid":{"rendered":"https:\/\/boutique-one-piece.com\/uncategorized\/figurine-one-piece-luffy-enfant\/"},"modified":"2024-09-16T12:29:08","modified_gmt":"2024-09-16T12:29:08","slug":"one-piece-luffy-barnfigur","status":"publish","type":"product","link":"https:\/\/boutique-one-piece.com\/sv\/one-piece-godsaker\/godsaker-apa-d-luffy-ett-stycke\/one-piece-luffy-barnfigur\/","title":{"rendered":"One Piece Luffy Barnfigur"},"content":{"rendered":"<h2>Unge pirat, det \u00e4r dags f\u00f6r dig att resa tillbaka i tiden. F\u00f6r att g\u00f6ra det, skaffa dig denna One Piece Luffy Kid-figur nu.<\/h2>\n<p>H\u00e4r \u00e4r vad du beh\u00f6ver veta om<strong> l\u2019enfance de Luffy<\/strong> ; Il passe son enfance dans un village de p\u00eacheurs. Il se lie d\u2019amiti\u00e9 avec une bande de pirates de passage sur son \u00eele, qui n\u2019est autre que l\u2019\u00e9quipage de <strong>Shanks &quot;den r\u00f6dh\u00e5rige&quot;\u00ab <\/strong>och b\u00f6rjar dr\u00f6mma om piratkopiering.<\/p>\n<p>Pour prouver sa d\u00e9termination, il n\u2019h\u00e9site pas \u00e0 s\u2019infliger lui-m\u00eame une blessure sous l\u2019\u009cil gauche avec un poignard, origine de la cicatrice qui l\u2019accompagne depuis. Le capitaine Shanks refuse cependant de le prendre dans son \u00e9quipage \u00e0 cause de son jeune \u00e2ge. Un jour, alors qu\u2019il d\u00e9jeune avec ses amis pirates dans la taverne du village, Luffy mange par erreur le <strong>Gomu Gomu No Mi<\/strong>, l\u2019un des fruits du D\u00e9mon que l\u2019\u00e9quipage avait ramen\u00e9 d\u2019une de ses aventures.<\/p>\n<p>Ce fruit le change en homme-\u00e9lastique capable d\u2019\u00e9tirer son corps de fa\u00e7on impressionnante et forme ainsi la base de ses futures techniques de combat. Le revers de la m\u00e9daille est que les fruits du d\u00e9mon font perdre \u00e0 leurs possesseurs (donc Luffy) la facult\u00e9 de nager, ce qui est bien \u00e9videmment un handicap important pour un pirate. D\u2019ailleurs, la <a title=\"ONE PIECE SHANKS FIGUR DEN R\u00d6DA KEJSAREN\" href=\"https:\/\/boutique-one-piece.com\/sv\/one-piece-figur-shanks-den-roda-kejsaren\/\" target=\"_blank\" rel=\"noopener\">Shanks den r\u00f6dh\u00e5riga figurinen<\/a> \u00e4r inom r\u00e4ckh\u00e5ll.<\/p>\n<h3>S\u00e5, fascinerad av Luffy som barn? Om s\u00e5 \u00e4r fallet, \u00e5terupplev hans barndom, du kommer inte bli besviken.<\/h3>\n<p>Unge pirat, leta inte l\u00e4ngre, dessa f\u00f6rem\u00e5l \u00e4r definitivt n\u00e5got f\u00f6r dig. Perfekta att ge bort, dekorera eller samla p\u00e5, dessa f\u00f6rem\u00e5l kommer att f\u00f6rh\u00f6ja <strong>ditt One Piece-universum<\/strong>. Alors, n\u2019h\u00e9site plus et prends ton destin entre tes mains. <strong>One Piece<\/strong> n\u2019attend que toi.<\/p>\n<h2>Information om Luffy barnfigur\u00a0<\/h2>\n<ul>\n<li><span><b><u>One Piece-figur<\/u><\/b>\u00a0: Figurine\u00a0 premium de l\u2019univers One Piece pour les vrais pirates<\/span><\/li>\n<\/ul>\n<ul>\n<li>\n<b>Materia<\/b><span>\u00a0<\/span>PVC<\/li>\n<\/ul>\n<ul>\n<li><span><strong>Dimensionera<\/strong>\u00a0: 16 cm<\/span><\/li>\n<\/ul>\n<ul>\n<li><span><strong>FRI LEVERANS<\/strong><\/span><\/li>\n<\/ul>","protected":false},"excerpt":{"rendered":"<p>Jeune pirate, le moment est venu pour toi de faire un retour dans le pass\u00e9. Pour ce faire procure-toi d\u00e8s maintenant cette Figurine One Piece Luffy Enfant. Voici ce que tu dois savoir sur l\u2019enfance de Luffy ; Il passe son enfance dans un village de p\u00eacheurs. Il se lie d\u2019amiti\u00e9 avec une bande de [&hellip;]<\/p>","protected":false},"featured_media":11383,"comment_status":"open","ping_status":"open","template":"","meta":[],"product_brand":[],"product_cat":[181,76,80],"product_tag":[92],"class_list":{"0":"post-11381","1":"product","2":"type-product","3":"status-publish","4":"has-post-thumbnail","6":"product_cat-figurines-monkey-d-luffy","7":"product_cat-figurines-one-piece","8":"product_cat-goodies-monkey-d-luffy-one-piece","9":"product_tag-luffy","11":"first","12":"instock","13":"purchasable","14":"product-type-simple"},"yoast_head":"<!-- This site is optimized with the Yoast SEO plugin v27.5 - https:\/\/yoast.com\/product\/yoast-seo-wordpress\/ -->\n<title>Figurine One Piece Luffy Enfant | Figurine One Piece \u2013 Boutique One Piece<\/title>\n<meta name=\"description\" content=\"Jeune pirate, le moment est venu pour toi de faire un retour dans le pass\u00e9. Pour ce faire procure-toi d\u00e8s maintenant cette Figurine One Piece Luffy Enfant. Voici ce que tu dois savoir sur l&#039;enfance de Luffy ; Il passe son enfance dans un village de p\u00eacheurs. Il se lie d&#039;amiti\u00e9 avec une bande de pirates de passage sur s\" \/>\n<meta name=\"robots\" content=\"index, follow, max-snippet:-1, max-image-preview:large, max-video-preview:-1\" \/>\n<link rel=\"canonical\" href=\"https:\/\/boutique-one-piece.com\/sv\/one-piece-figurer\/monkey-d-luffy-figurer\/one-piece-luffy-barnfigur\/\" \/>\n<meta property=\"og:locale\" content=\"sv_SE\" \/>\n<meta property=\"og:type\" content=\"article\" \/>\n<meta property=\"og:title\" content=\"Figurine One Piece Luffy Enfant | Figurine One Piece \u2013 Boutique One Piece\" \/>\n<meta property=\"og:description\" content=\"Jeune pirate, le moment est venu pour toi de faire un retour dans le pass\u00e9. Pour ce faire procure-toi d\u00e8s maintenant cette Figurine One Piece Luffy Enfant. Voici ce que tu dois savoir sur l&#039;enfance de Luffy ; Il passe son enfance dans un village de p\u00eacheurs. Il se lie d&#039;amiti\u00e9 avec une bande de pirates de passage sur s\" \/>\n<meta property=\"og:url\" content=\"https:\/\/boutique-one-piece.com\/sv\/one-piece-figurer\/monkey-d-luffy-figurer\/one-piece-luffy-barnfigur\/\" \/>\n<meta property=\"og:site_name\" content=\"Boutique One Piece\" \/>\n<meta property=\"article:modified_time\" content=\"2024-09-16T12:29:08+00:00\" \/>\n<meta property=\"og:image\" content=\"https:\/\/boutique-one-piece.com\/wp-content\/uploads\/2022\/09\/Figurine-One-Piece-Luffy-Enfant.jpg\" \/>\n\t<meta property=\"og:image:width\" content=\"640\" \/>\n\t<meta property=\"og:image:height\" content=\"640\" \/>\n\t<meta property=\"og:image:type\" content=\"image\/jpeg\" \/>\n<meta name=\"twitter:card\" content=\"summary_large_image\" \/>\n<meta name=\"twitter:label1\" content=\"Ber\u00e4knad l\u00e4stid\" \/>\n\t<meta name=\"twitter:data1\" content=\"2 minuter\" \/>\n<script type=\"application\/ld+json\" class=\"yoast-schema-graph\">{\"@context\":\"https:\\\/\\\/schema.org\",\"@graph\":[{\"@type\":\"WebPage\",\"@id\":\"https:\\\/\\\/boutique-one-piece.com\\\/figurines-one-piece\\\/figurines-monkey-d-luffy\\\/figurine-one-piece-luffy-enfant\\\/\",\"url\":\"https:\\\/\\\/boutique-one-piece.com\\\/figurines-one-piece\\\/figurines-monkey-d-luffy\\\/figurine-one-piece-luffy-enfant\\\/\",\"name\":\"Figurine One Piece Luffy Enfant | Figurine One Piece \u2013 Boutique One Piece\",\"isPartOf\":{\"@id\":\"https:\\\/\\\/boutique-one-piece.com\\\/#website\"},\"primaryImageOfPage\":{\"@id\":\"https:\\\/\\\/boutique-one-piece.com\\\/figurines-one-piece\\\/figurines-monkey-d-luffy\\\/figurine-one-piece-luffy-enfant\\\/#primaryimage\"},\"image\":{\"@id\":\"https:\\\/\\\/boutique-one-piece.com\\\/figurines-one-piece\\\/figurines-monkey-d-luffy\\\/figurine-one-piece-luffy-enfant\\\/#primaryimage\"},\"thumbnailUrl\":\"https:\\\/\\\/boutique-one-piece.com\\\/wp-content\\\/uploads\\\/2022\\\/09\\\/Figurine-One-Piece-Luffy-Enfant.jpg\",\"datePublished\":\"2022-09-27T20:40:42+00:00\",\"dateModified\":\"2024-09-16T12:29:08+00:00\",\"description\":\"Jeune pirate, le moment est venu pour toi de faire un retour dans le pass\u00e9. Pour ce faire procure-toi d\u00e8s maintenant cette Figurine One Piece Luffy Enfant. Voici ce que tu dois savoir sur l'enfance de Luffy ; Il passe son enfance dans un village de p\u00eacheurs. Il se lie d'amiti\u00e9 avec une bande de pirates de passage sur s\",\"breadcrumb\":{\"@id\":\"https:\\\/\\\/boutique-one-piece.com\\\/figurines-one-piece\\\/figurines-monkey-d-luffy\\\/figurine-one-piece-luffy-enfant\\\/#breadcrumb\"},\"inLanguage\":\"sv-SE\",\"potentialAction\":[{\"@type\":\"ReadAction\",\"target\":[\"https:\\\/\\\/boutique-one-piece.com\\\/figurines-one-piece\\\/figurines-monkey-d-luffy\\\/figurine-one-piece-luffy-enfant\\\/\"]}]},{\"@type\":\"ImageObject\",\"inLanguage\":\"sv-SE\",\"@id\":\"https:\\\/\\\/boutique-one-piece.com\\\/figurines-one-piece\\\/figurines-monkey-d-luffy\\\/figurine-one-piece-luffy-enfant\\\/#primaryimage\",\"url\":\"https:\\\/\\\/boutique-one-piece.com\\\/wp-content\\\/uploads\\\/2022\\\/09\\\/Figurine-One-Piece-Luffy-Enfant.jpg\",\"contentUrl\":\"https:\\\/\\\/boutique-one-piece.com\\\/wp-content\\\/uploads\\\/2022\\\/09\\\/Figurine-One-Piece-Luffy-Enfant.jpg\",\"width\":640,\"height\":640,\"caption\":\"Figurine One Piece Luffy Enfant Default Title\"},{\"@type\":\"BreadcrumbList\",\"@id\":\"https:\\\/\\\/boutique-one-piece.com\\\/figurines-one-piece\\\/figurines-monkey-d-luffy\\\/figurine-one-piece-luffy-enfant\\\/#breadcrumb\",\"itemListElement\":[{\"@type\":\"ListItem\",\"position\":1,\"name\":\"Home\",\"item\":\"https:\\\/\\\/boutique-one-piece.com\\\/\"},{\"@type\":\"ListItem\",\"position\":2,\"name\":\"Shop\",\"item\":\"https:\\\/\\\/boutique-one-piece.com\\\/shop\\\/\"},{\"@type\":\"ListItem\",\"position\":3,\"name\":\"Figurine One Piece Luffy Enfant\"}]},{\"@type\":\"WebSite\",\"@id\":\"https:\\\/\\\/boutique-one-piece.com\\\/#website\",\"url\":\"https:\\\/\\\/boutique-one-piece.com\\\/\",\"name\":\"Boutique One Piece\",\"description\":\"Magasin Sp\u00e9cialis\u00e9 du Manga et l&#039;Anime One Piece\",\"publisher\":{\"@id\":\"https:\\\/\\\/boutique-one-piece.com\\\/#organization\"},\"potentialAction\":[{\"@type\":\"SearchAction\",\"target\":{\"@type\":\"EntryPoint\",\"urlTemplate\":\"https:\\\/\\\/boutique-one-piece.com\\\/?s={search_term_string}\"},\"query-input\":{\"@type\":\"PropertyValueSpecification\",\"valueRequired\":true,\"valueName\":\"search_term_string\"}}],\"inLanguage\":\"sv-SE\"},{\"@type\":\"Organization\",\"@id\":\"https:\\\/\\\/boutique-one-piece.com\\\/#organization\",\"name\":\"Boutique One Piece\",\"url\":\"https:\\\/\\\/boutique-one-piece.com\\\/\",\"logo\":{\"@type\":\"ImageObject\",\"inLanguage\":\"sv-SE\",\"@id\":\"https:\\\/\\\/boutique-one-piece.com\\\/#\\\/schema\\\/logo\\\/image\\\/\",\"url\":\"https:\\\/\\\/boutique-one-piece.com\\\/wp-content\\\/uploads\\\/2022\\\/09\\\/Logo-01.png\",\"contentUrl\":\"https:\\\/\\\/boutique-one-piece.com\\\/wp-content\\\/uploads\\\/2022\\\/09\\\/Logo-01.png\",\"width\":2318,\"height\":957,\"caption\":\"Boutique One Piece\"},\"image\":{\"@id\":\"https:\\\/\\\/boutique-one-piece.com\\\/#\\\/schema\\\/logo\\\/image\\\/\"}}]}<\/script>\n<!-- \/ Yoast SEO plugin. -->","yoast_head_json":{"title":"One Piece Luffy Barnfigur | One Piece Figur \u2013 One Piece Shop","description":"Unge pirat, det \u00e4r dags f\u00f6r dig att g\u00f6ra en resa ner i minnen. F\u00f6r att g\u00f6ra det, skaffa dig den h\u00e4r One Piece Luffy Kid-figuren nu. H\u00e4r \u00e4r vad du beh\u00f6ver veta om Luffys barndom: Han tillbringade sin barndom i en fiskeby. Han blev v\u00e4n med en grupp pirater som passerade genom...","robots":{"index":"index","follow":"follow","max-snippet":"max-snippet:-1","max-image-preview":"max-image-preview:large","max-video-preview":"max-video-preview:-1"},"canonical":"https:\/\/boutique-one-piece.com\/sv\/one-piece-figurer\/monkey-d-luffy-figurer\/one-piece-luffy-barnfigur\/","og_locale":"sv_SE","og_type":"article","og_title":"Figurine One Piece Luffy Enfant | Figurine One Piece \u2013 Boutique One Piece","og_description":"Jeune pirate, le moment est venu pour toi de faire un retour dans le pass\u00e9. Pour ce faire procure-toi d\u00e8s maintenant cette Figurine One Piece Luffy Enfant. Voici ce que tu dois savoir sur l'enfance de Luffy ; Il passe son enfance dans un village de p\u00eacheurs. Il se lie d'amiti\u00e9 avec une bande de pirates de passage sur s","og_url":"https:\/\/boutique-one-piece.com\/sv\/one-piece-figurer\/monkey-d-luffy-figurer\/one-piece-luffy-barnfigur\/","og_site_name":"Boutique One Piece","article_modified_time":"2024-09-16T12:29:08+00:00","og_image":[{"width":640,"height":640,"url":"https:\/\/boutique-one-piece.com\/wp-content\/uploads\/2022\/09\/Figurine-One-Piece-Luffy-Enfant.jpg","type":"image\/jpeg"}],"twitter_card":"summary_large_image","twitter_misc":{"Ber\u00e4knad l\u00e4stid":"2 minuter"},"schema":{"@context":"https:\/\/schema.org","@graph":[{"@type":"WebPage","@id":"https:\/\/boutique-one-piece.com\/figurines-one-piece\/figurines-monkey-d-luffy\/figurine-one-piece-luffy-enfant\/","url":"https:\/\/boutique-one-piece.com\/figurines-one-piece\/figurines-monkey-d-luffy\/figurine-one-piece-luffy-enfant\/","name":"One Piece Luffy Barnfigur | One Piece Figur \u2013 One Piece Shop","isPartOf":{"@id":"https:\/\/boutique-one-piece.com\/#website"},"primaryImageOfPage":{"@id":"https:\/\/boutique-one-piece.com\/figurines-one-piece\/figurines-monkey-d-luffy\/figurine-one-piece-luffy-enfant\/#primaryimage"},"image":{"@id":"https:\/\/boutique-one-piece.com\/figurines-one-piece\/figurines-monkey-d-luffy\/figurine-one-piece-luffy-enfant\/#primaryimage"},"thumbnailUrl":"https:\/\/boutique-one-piece.com\/wp-content\/uploads\/2022\/09\/Figurine-One-Piece-Luffy-Enfant.jpg","datePublished":"2022-09-27T20:40:42+00:00","dateModified":"2024-09-16T12:29:08+00:00","description":"Unge pirat, det \u00e4r dags f\u00f6r dig att g\u00f6ra en resa ner i minnen. F\u00f6r att g\u00f6ra det, skaffa dig den h\u00e4r One Piece Luffy Kid-figuren nu. H\u00e4r \u00e4r vad du beh\u00f6ver veta om Luffys barndom: Han tillbringade sin barndom i en fiskeby. Han blev v\u00e4n med en grupp pirater som passerade genom...","breadcrumb":{"@id":"https:\/\/boutique-one-piece.com\/figurines-one-piece\/figurines-monkey-d-luffy\/figurine-one-piece-luffy-enfant\/#breadcrumb"},"inLanguage":"sv-SE","potentialAction":[{"@type":"ReadAction","target":["https:\/\/boutique-one-piece.com\/figurines-one-piece\/figurines-monkey-d-luffy\/figurine-one-piece-luffy-enfant\/"]}]},{"@type":"ImageObject","inLanguage":"sv-SE","@id":"https:\/\/boutique-one-piece.com\/figurines-one-piece\/figurines-monkey-d-luffy\/figurine-one-piece-luffy-enfant\/#primaryimage","url":"https:\/\/boutique-one-piece.com\/wp-content\/uploads\/2022\/09\/Figurine-One-Piece-Luffy-Enfant.jpg","contentUrl":"https:\/\/boutique-one-piece.com\/wp-content\/uploads\/2022\/09\/Figurine-One-Piece-Luffy-Enfant.jpg","width":640,"height":640,"caption":"Figurine One Piece Luffy Enfant Default Title"},{"@type":"BreadcrumbList","@id":"https:\/\/boutique-one-piece.com\/figurines-one-piece\/figurines-monkey-d-luffy\/figurine-one-piece-luffy-enfant\/#breadcrumb","itemListElement":[{"@type":"ListItem","position":1,"name":"Home","item":"https:\/\/boutique-one-piece.com\/"},{"@type":"ListItem","position":2,"name":"Shop","item":"https:\/\/boutique-one-piece.com\/shop\/"},{"@type":"ListItem","position":3,"name":"Figurine One Piece Luffy Enfant"}]},{"@type":"WebSite","@id":"https:\/\/boutique-one-piece.com\/#website","url":"https:\/\/boutique-one-piece.com\/","name":"One Piece-butik","description":"Specialbutik f\u00f6r One Piece Manga och Anime","publisher":{"@id":"https:\/\/boutique-one-piece.com\/#organization"},"potentialAction":[{"@type":"SearchAction","target":{"@type":"EntryPoint","urlTemplate":"https:\/\/boutique-one-piece.com\/?s={search_term_string}"},"query-input":{"@type":"PropertyValueSpecification","valueRequired":true,"valueName":"search_term_string"}}],"inLanguage":"sv-SE"},{"@type":"Organization","@id":"https:\/\/boutique-one-piece.com\/#organization","name":"One Piece-butik","url":"https:\/\/boutique-one-piece.com\/","logo":{"@type":"ImageObject","inLanguage":"sv-SE","@id":"https:\/\/boutique-one-piece.com\/#\/schema\/logo\/image\/","url":"https:\/\/boutique-one-piece.com\/wp-content\/uploads\/2022\/09\/Logo-01.png","contentUrl":"https:\/\/boutique-one-piece.com\/wp-content\/uploads\/2022\/09\/Logo-01.png","width":2318,"height":957,"caption":"Boutique One Piece"},"image":{"@id":"https:\/\/boutique-one-piece.com\/#\/schema\/logo\/image\/"}}]}},"_links":{"self":[{"href":"https:\/\/boutique-one-piece.com\/sv\/wp-json\/wp\/v2\/product\/11381","targetHints":{"allow":["GET"]}}],"collection":[{"href":"https:\/\/boutique-one-piece.com\/sv\/wp-json\/wp\/v2\/product"}],"about":[{"href":"https:\/\/boutique-one-piece.com\/sv\/wp-json\/wp\/v2\/types\/product"}],"replies":[{"embeddable":true,"href":"https:\/\/boutique-one-piece.com\/sv\/wp-json\/wp\/v2\/comments?post=11381"}],"wp:featuredmedia":[{"embeddable":true,"href":"https:\/\/boutique-one-piece.com\/sv\/wp-json\/wp\/v2\/media\/11383"}],"wp:attachment":[{"href":"https:\/\/boutique-one-piece.com\/sv\/wp-json\/wp\/v2\/media?parent=11381"}],"wp:term":[{"taxonomy":"product_brand","embeddable":true,"href":"https:\/\/boutique-one-piece.com\/sv\/wp-json\/wp\/v2\/product_brand?post=11381"},{"taxonomy":"product_cat","embeddable":true,"href":"https:\/\/boutique-one-piece.com\/sv\/wp-json\/wp\/v2\/product_cat?post=11381"},{"taxonomy":"product_tag","embeddable":true,"href":"https:\/\/boutique-one-piece.com\/sv\/wp-json\/wp\/v2\/product_tag?post=11381"}],"curies":[{"name":"wp","href":"https:\/\/api.w.org\/{rel}","templated":true}]}}