{"id":11803,"date":"2022-09-27T20:43:27","date_gmt":"2022-09-27T20:43:27","guid":{"rendered":"https:\/\/boutique-one-piece.com\/uncategorized\/avis-de-recherche-charlotte-katakuri-wanted\/"},"modified":"2025-02-11T22:20:23","modified_gmt":"2025-02-11T22:20:23","slug":"charlotte-katakuri-ville-ha","status":"publish","type":"product","link":"https:\/\/boutique-one-piece.com\/sv\/one-piece-efterlysningsaffisch\/charlotte-katakuri-ville-ha\/","title":{"rendered":"Charlotte Katakuri \u00d6nskad meddelande"},"content":{"rendered":"<h2>Gillade du Totto Land-serien? I s\u00e5 fall kommer den h\u00e4r efterlysningsaffischen med Charlotte Katakuri att v\u00e4cka n\u00e5gra fina minnen.<\/h2>\n<p>Charlotte Katakuri \u00e4r en av de fr\u00e4msta antagonisterna till <strong>Totto Land<\/strong>. Han \u00e4r en del av Big Moms bes\u00e4ttning eftersom han \u00e4r en av hennes s\u00f6ner, vilket hans namn &quot;Charlotte&quot; antyder. Han \u00e4r ocks\u00e5 en av hennes &quot;\u00ab\u00a0<strong>S\u00f6ta bef\u00e4lhavare<\/strong>\u00ab&quot;, vilket tyder p\u00e5 stor makt. Han \u00e4r en sl\u00e5ende figur, om inte annat f\u00f6r sin karisma och den styrka han utstr\u00e5lar bara genom att titta p\u00e5 honom.<\/p>\n<p>Charlotte Katakuri \u00e5t frukten av <strong>Mochi Mochi no mi<\/strong>, Detta g\u00f6r att han kan f\u00f6rvandla sin kropp till mochi, str\u00e4cka ut den eller skjuta med kulor. Denna unika f\u00f6rm\u00e5ga inneb\u00e4r att n\u00e4r han f\u00e5ngar en fiende fastnar de och kan inte fly.<\/p>\n<h3>Minns du Katakuris fantastiska fight med den d\u00e4r efterlysningsaffischen i hans namn.<\/h3>\n<p>Charlotte Katakuri kommer att mots\u00e4tta sig Luffy i en <strong>minnesv\u00e4rd strid<\/strong> eftersom han har liknande egenskaper som Luffy, men Katakuri kan g\u00f6ra samma saker som Luffy, fast b\u00e4ttre. Katakuri kommer till och med att skada sig sj\u00e4lv med sina <strong>treudd<\/strong> Eftersom Luffy \u00e5drar sig en skada som inte \u00e4r hans egen, j\u00e4mnas kampen ut. Han kommer att besegras av Luffys nya form, Snakeman, och Charlotte Katakuri har f\u00f6rtj\u00e4nat Luffys respekt. Katakuris bel\u00f6ning \u00e4r 1 miljard 57 miljoner b\u00e4r.<\/p>\n<p>Om bonusar \u00e4r intressanta f\u00f6r dig, kolla in\u2019<a title=\"Sicilien ville ha besked\" href=\"https:\/\/boutique-one-piece.com\/sv\/avis-de-recherche-sicilion-wanted\/\" target=\"_blank\" rel=\"noopener\" class=\"broken_link\">\u00f6nskat meddelande fr\u00e5n Sicilien<\/a>.<\/p>\n<h2>Information om One Piece Wanted-affischen med Charlotte Katakuri<\/h2>\n<ul>\n<li><b><u>One Piece Wanted-affisch<\/u><\/b>\u00a0En \u00e4kta One Piece-efterlysningsaffisch f\u00f6r riktiga pirater<\/li>\n<\/ul>\n<ul>\n<li><b><u>Charlotte Katakuri-bel\u00f6ningen<\/u><\/b>\u00a01 057 000 000 b\u00e4r<\/li>\n<\/ul>\n<ul>\n<li><strong>H\u00f6gkvalitativ utskrift<\/strong>\u00a0exakta f\u00e4rger<\/li>\n<\/ul>\n<ul>\n<li><strong>Dimensionera<\/strong> : 52 cm x 36 cm<\/li>\n<\/ul>\n<ul>\n<li><strong>FRI LEVERANS<\/strong><\/li>\n<\/ul>","protected":false},"excerpt":{"rendered":"<p>Gillade du Totto Land-b\u00e5gen? I s\u00e5 fall kommer den h\u00e4r efterl\u00e4ngtade affisch-postern med Charlotte Katakuri att v\u00e4cka fina minnen. Charlotte Katakuri \u00e4r en av huvudantagonisterna i Totto Land. Han \u00e4r en del av Big Moms g\u00e4ng, eftersom han \u00e4r en av hennes s\u00f6ner, vilket hans namn &quot;Charlotte&quot; antyder. Han [\u2026]<\/p>","protected":false},"featured_media":11805,"comment_status":"open","ping_status":"open","template":"","meta":[],"product_brand":[],"product_cat":[171],"product_tag":[325],"class_list":{"0":"post-11803","1":"product","2":"type-product","3":"status-publish","4":"has-post-thumbnail","6":"product_cat-avis-de-recherche-one-piece","7":"product_tag-avalo-pizarro","9":"first","10":"instock","11":"purchasable","12":"product-type-simple"},"yoast_head":"<!-- This site is optimized with the Yoast SEO plugin v27.5 - https:\/\/yoast.com\/product\/yoast-seo-wordpress\/ -->\n<title>Avis De Recherche Charlotte Katakuri Wanted | D\u00e9coration One Piece \u2013 Boutique One Piece<\/title>\n<meta name=\"description\" content=\"Tu as aim\u00e9 l&#039;arc de Totto Land ? Dans ce cas, cet avis de recherche Charlotte Katakuri wanted va te rappeler des bons souvenirs. Charlotte Katakuri est un des principaux antagonistes de Totto Land. Il fait partie de l&#039;\u00e9quipage de Big Mom puisqu&#039;il est l&#039;un de ses fils, comme l&#039;indique son nom &quot;Charlotte&quot;. Il en est d&#039;a\" \/>\n<meta name=\"robots\" content=\"index, follow, max-snippet:-1, max-image-preview:large, max-video-preview:-1\" \/>\n<link rel=\"canonical\" href=\"https:\/\/boutique-one-piece.com\/sv\/one-piece-efterlysningsaffisch\/charlotte-katakuri-ville-ha\/\" \/>\n<meta property=\"og:locale\" content=\"sv_SE\" \/>\n<meta property=\"og:type\" content=\"article\" \/>\n<meta property=\"og:title\" content=\"Avis De Recherche Charlotte Katakuri Wanted | D\u00e9coration One Piece \u2013 Boutique One Piece\" \/>\n<meta property=\"og:description\" content=\"Tu as aim\u00e9 l&#039;arc de Totto Land ? Dans ce cas, cet avis de recherche Charlotte Katakuri wanted va te rappeler des bons souvenirs. Charlotte Katakuri est un des principaux antagonistes de Totto Land. Il fait partie de l&#039;\u00e9quipage de Big Mom puisqu&#039;il est l&#039;un de ses fils, comme l&#039;indique son nom &quot;Charlotte&quot;. Il en est d&#039;a\" \/>\n<meta property=\"og:url\" content=\"https:\/\/boutique-one-piece.com\/sv\/one-piece-efterlysningsaffisch\/charlotte-katakuri-ville-ha\/\" \/>\n<meta property=\"og:site_name\" content=\"Boutique One Piece\" \/>\n<meta property=\"article:modified_time\" content=\"2025-02-11T22:20:23+00:00\" \/>\n<meta property=\"og:image\" content=\"https:\/\/boutique-one-piece.com\/wp-content\/uploads\/2022\/09\/Avis-De-Recherche-Charlotte-Katakuri-Wanted-1.jpg\" \/>\n\t<meta property=\"og:image:width\" content=\"799\" \/>\n\t<meta property=\"og:image:height\" content=\"797\" \/>\n\t<meta property=\"og:image:type\" content=\"image\/jpeg\" \/>\n<meta name=\"twitter:card\" content=\"summary_large_image\" \/>\n<meta name=\"twitter:label1\" content=\"Ber\u00e4knad l\u00e4stid\" \/>\n\t<meta name=\"twitter:data1\" content=\"2 minuter\" \/>\n<script type=\"application\/ld+json\" class=\"yoast-schema-graph\">{\"@context\":\"https:\\\/\\\/schema.org\",\"@graph\":[{\"@type\":\"WebPage\",\"@id\":\"https:\\\/\\\/boutique-one-piece.com\\\/avis-de-recherche-one-piece\\\/avis-de-recherche-charlotte-katakuri-wanted\\\/\",\"url\":\"https:\\\/\\\/boutique-one-piece.com\\\/avis-de-recherche-one-piece\\\/avis-de-recherche-charlotte-katakuri-wanted\\\/\",\"name\":\"Avis De Recherche Charlotte Katakuri Wanted | D\u00e9coration One Piece \u2013 Boutique One Piece\",\"isPartOf\":{\"@id\":\"https:\\\/\\\/boutique-one-piece.com\\\/#website\"},\"primaryImageOfPage\":{\"@id\":\"https:\\\/\\\/boutique-one-piece.com\\\/avis-de-recherche-one-piece\\\/avis-de-recherche-charlotte-katakuri-wanted\\\/#primaryimage\"},\"image\":{\"@id\":\"https:\\\/\\\/boutique-one-piece.com\\\/avis-de-recherche-one-piece\\\/avis-de-recherche-charlotte-katakuri-wanted\\\/#primaryimage\"},\"thumbnailUrl\":\"https:\\\/\\\/boutique-one-piece.com\\\/wp-content\\\/uploads\\\/2022\\\/09\\\/Avis-De-Recherche-Charlotte-Katakuri-Wanted-1.jpg\",\"datePublished\":\"2022-09-27T20:43:27+00:00\",\"dateModified\":\"2025-02-11T22:20:23+00:00\",\"description\":\"Tu as aim\u00e9 l'arc de Totto Land ? Dans ce cas, cet avis de recherche Charlotte Katakuri wanted va te rappeler des bons souvenirs. Charlotte Katakuri est un des principaux antagonistes de Totto Land. Il fait partie de l'\u00e9quipage de Big Mom puisqu'il est l'un de ses fils, comme l'indique son nom \\\"Charlotte\\\". Il en est d'a\",\"breadcrumb\":{\"@id\":\"https:\\\/\\\/boutique-one-piece.com\\\/avis-de-recherche-one-piece\\\/avis-de-recherche-charlotte-katakuri-wanted\\\/#breadcrumb\"},\"inLanguage\":\"sv-SE\",\"potentialAction\":[{\"@type\":\"ReadAction\",\"target\":[\"https:\\\/\\\/boutique-one-piece.com\\\/avis-de-recherche-one-piece\\\/avis-de-recherche-charlotte-katakuri-wanted\\\/\"]}]},{\"@type\":\"ImageObject\",\"inLanguage\":\"sv-SE\",\"@id\":\"https:\\\/\\\/boutique-one-piece.com\\\/avis-de-recherche-one-piece\\\/avis-de-recherche-charlotte-katakuri-wanted\\\/#primaryimage\",\"url\":\"https:\\\/\\\/boutique-one-piece.com\\\/wp-content\\\/uploads\\\/2022\\\/09\\\/Avis-De-Recherche-Charlotte-Katakuri-Wanted-1.jpg\",\"contentUrl\":\"https:\\\/\\\/boutique-one-piece.com\\\/wp-content\\\/uploads\\\/2022\\\/09\\\/Avis-De-Recherche-Charlotte-Katakuri-Wanted-1.jpg\",\"width\":799,\"height\":797},{\"@type\":\"BreadcrumbList\",\"@id\":\"https:\\\/\\\/boutique-one-piece.com\\\/avis-de-recherche-one-piece\\\/avis-de-recherche-charlotte-katakuri-wanted\\\/#breadcrumb\",\"itemListElement\":[{\"@type\":\"ListItem\",\"position\":1,\"name\":\"Home\",\"item\":\"https:\\\/\\\/boutique-one-piece.com\\\/\"},{\"@type\":\"ListItem\",\"position\":2,\"name\":\"Shop\",\"item\":\"https:\\\/\\\/boutique-one-piece.com\\\/shop\\\/\"},{\"@type\":\"ListItem\",\"position\":3,\"name\":\"Avis De Recherche Charlotte Katakuri Wanted\"}]},{\"@type\":\"WebSite\",\"@id\":\"https:\\\/\\\/boutique-one-piece.com\\\/#website\",\"url\":\"https:\\\/\\\/boutique-one-piece.com\\\/\",\"name\":\"Boutique One Piece\",\"description\":\"Magasin Sp\u00e9cialis\u00e9 du Manga et l&#039;Anime One Piece\",\"publisher\":{\"@id\":\"https:\\\/\\\/boutique-one-piece.com\\\/#organization\"},\"potentialAction\":[{\"@type\":\"SearchAction\",\"target\":{\"@type\":\"EntryPoint\",\"urlTemplate\":\"https:\\\/\\\/boutique-one-piece.com\\\/?s={search_term_string}\"},\"query-input\":{\"@type\":\"PropertyValueSpecification\",\"valueRequired\":true,\"valueName\":\"search_term_string\"}}],\"inLanguage\":\"sv-SE\"},{\"@type\":\"Organization\",\"@id\":\"https:\\\/\\\/boutique-one-piece.com\\\/#organization\",\"name\":\"Boutique One Piece\",\"url\":\"https:\\\/\\\/boutique-one-piece.com\\\/\",\"logo\":{\"@type\":\"ImageObject\",\"inLanguage\":\"sv-SE\",\"@id\":\"https:\\\/\\\/boutique-one-piece.com\\\/#\\\/schema\\\/logo\\\/image\\\/\",\"url\":\"https:\\\/\\\/boutique-one-piece.com\\\/wp-content\\\/uploads\\\/2022\\\/09\\\/Logo-01.png\",\"contentUrl\":\"https:\\\/\\\/boutique-one-piece.com\\\/wp-content\\\/uploads\\\/2022\\\/09\\\/Logo-01.png\",\"width\":2318,\"height\":957,\"caption\":\"Boutique One Piece\"},\"image\":{\"@id\":\"https:\\\/\\\/boutique-one-piece.com\\\/#\\\/schema\\\/logo\\\/image\\\/\"}}]}<\/script>\n<!-- \/ Yoast SEO plugin. -->","yoast_head_json":{"title":"Charlotte Katakuri \u00d6nskas Meddelande | One Piece Decor \u2013 One Piece Shop","description":"Gillade du Totto Land-serien? I s\u00e5 fall kommer den h\u00e4r efterl\u00e4ngtade affisch-affischen med Charlotte Katakuri att v\u00e4cka n\u00e5gra fina minnen. Charlotte Katakuri \u00e4r en av huvudantagonisterna i Totto Land. Han \u00e4r en del av Big Moms g\u00e4ng, eftersom han \u00e4r en av hennes s\u00f6ner, vilket hans namn &quot;Charlotte&quot; antyder. Han \u00e4r...","robots":{"index":"index","follow":"follow","max-snippet":"max-snippet:-1","max-image-preview":"max-image-preview:large","max-video-preview":"max-video-preview:-1"},"canonical":"https:\/\/boutique-one-piece.com\/sv\/one-piece-efterlysningsaffisch\/charlotte-katakuri-ville-ha\/","og_locale":"sv_SE","og_type":"article","og_title":"Avis De Recherche Charlotte Katakuri Wanted | D\u00e9coration One Piece \u2013 Boutique One Piece","og_description":"Tu as aim\u00e9 l'arc de Totto Land ? Dans ce cas, cet avis de recherche Charlotte Katakuri wanted va te rappeler des bons souvenirs. Charlotte Katakuri est un des principaux antagonistes de Totto Land. Il fait partie de l'\u00e9quipage de Big Mom puisqu'il est l'un de ses fils, comme l'indique son nom \"Charlotte\". Il en est d'a","og_url":"https:\/\/boutique-one-piece.com\/sv\/one-piece-efterlysningsaffisch\/charlotte-katakuri-ville-ha\/","og_site_name":"Boutique One Piece","article_modified_time":"2025-02-11T22:20:23+00:00","og_image":[{"width":799,"height":797,"url":"https:\/\/boutique-one-piece.com\/wp-content\/uploads\/2022\/09\/Avis-De-Recherche-Charlotte-Katakuri-Wanted-1.jpg","type":"image\/jpeg"}],"twitter_card":"summary_large_image","twitter_misc":{"Ber\u00e4knad l\u00e4stid":"2 minuter"},"schema":{"@context":"https:\/\/schema.org","@graph":[{"@type":"WebPage","@id":"https:\/\/boutique-one-piece.com\/avis-de-recherche-one-piece\/avis-de-recherche-charlotte-katakuri-wanted\/","url":"https:\/\/boutique-one-piece.com\/avis-de-recherche-one-piece\/avis-de-recherche-charlotte-katakuri-wanted\/","name":"Charlotte Katakuri \u00d6nskas Meddelande | One Piece Decor \u2013 One Piece Shop","isPartOf":{"@id":"https:\/\/boutique-one-piece.com\/#website"},"primaryImageOfPage":{"@id":"https:\/\/boutique-one-piece.com\/avis-de-recherche-one-piece\/avis-de-recherche-charlotte-katakuri-wanted\/#primaryimage"},"image":{"@id":"https:\/\/boutique-one-piece.com\/avis-de-recherche-one-piece\/avis-de-recherche-charlotte-katakuri-wanted\/#primaryimage"},"thumbnailUrl":"https:\/\/boutique-one-piece.com\/wp-content\/uploads\/2022\/09\/Avis-De-Recherche-Charlotte-Katakuri-Wanted-1.jpg","datePublished":"2022-09-27T20:43:27+00:00","dateModified":"2025-02-11T22:20:23+00:00","description":"Gillade du Totto Land-serien? I s\u00e5 fall kommer den h\u00e4r efterl\u00e4ngtade affisch-affischen med Charlotte Katakuri att v\u00e4cka n\u00e5gra fina minnen. Charlotte Katakuri \u00e4r en av huvudantagonisterna i Totto Land. Han \u00e4r en del av Big Moms g\u00e4ng, eftersom han \u00e4r en av hennes s\u00f6ner, vilket hans namn &quot;Charlotte&quot; antyder. Han \u00e4r...","breadcrumb":{"@id":"https:\/\/boutique-one-piece.com\/avis-de-recherche-one-piece\/avis-de-recherche-charlotte-katakuri-wanted\/#breadcrumb"},"inLanguage":"sv-SE","potentialAction":[{"@type":"ReadAction","target":["https:\/\/boutique-one-piece.com\/avis-de-recherche-one-piece\/avis-de-recherche-charlotte-katakuri-wanted\/"]}]},{"@type":"ImageObject","inLanguage":"sv-SE","@id":"https:\/\/boutique-one-piece.com\/avis-de-recherche-one-piece\/avis-de-recherche-charlotte-katakuri-wanted\/#primaryimage","url":"https:\/\/boutique-one-piece.com\/wp-content\/uploads\/2022\/09\/Avis-De-Recherche-Charlotte-Katakuri-Wanted-1.jpg","contentUrl":"https:\/\/boutique-one-piece.com\/wp-content\/uploads\/2022\/09\/Avis-De-Recherche-Charlotte-Katakuri-Wanted-1.jpg","width":799,"height":797},{"@type":"BreadcrumbList","@id":"https:\/\/boutique-one-piece.com\/avis-de-recherche-one-piece\/avis-de-recherche-charlotte-katakuri-wanted\/#breadcrumb","itemListElement":[{"@type":"ListItem","position":1,"name":"Home","item":"https:\/\/boutique-one-piece.com\/"},{"@type":"ListItem","position":2,"name":"Shop","item":"https:\/\/boutique-one-piece.com\/shop\/"},{"@type":"ListItem","position":3,"name":"Avis De Recherche Charlotte Katakuri Wanted"}]},{"@type":"WebSite","@id":"https:\/\/boutique-one-piece.com\/#website","url":"https:\/\/boutique-one-piece.com\/","name":"One Piece-butik","description":"Specialbutik f\u00f6r One Piece Manga och Anime","publisher":{"@id":"https:\/\/boutique-one-piece.com\/#organization"},"potentialAction":[{"@type":"SearchAction","target":{"@type":"EntryPoint","urlTemplate":"https:\/\/boutique-one-piece.com\/?s={search_term_string}"},"query-input":{"@type":"PropertyValueSpecification","valueRequired":true,"valueName":"search_term_string"}}],"inLanguage":"sv-SE"},{"@type":"Organization","@id":"https:\/\/boutique-one-piece.com\/#organization","name":"One Piece-butik","url":"https:\/\/boutique-one-piece.com\/","logo":{"@type":"ImageObject","inLanguage":"sv-SE","@id":"https:\/\/boutique-one-piece.com\/#\/schema\/logo\/image\/","url":"https:\/\/boutique-one-piece.com\/wp-content\/uploads\/2022\/09\/Logo-01.png","contentUrl":"https:\/\/boutique-one-piece.com\/wp-content\/uploads\/2022\/09\/Logo-01.png","width":2318,"height":957,"caption":"Boutique One Piece"},"image":{"@id":"https:\/\/boutique-one-piece.com\/#\/schema\/logo\/image\/"}}]}},"_links":{"self":[{"href":"https:\/\/boutique-one-piece.com\/sv\/wp-json\/wp\/v2\/product\/11803","targetHints":{"allow":["GET"]}}],"collection":[{"href":"https:\/\/boutique-one-piece.com\/sv\/wp-json\/wp\/v2\/product"}],"about":[{"href":"https:\/\/boutique-one-piece.com\/sv\/wp-json\/wp\/v2\/types\/product"}],"replies":[{"embeddable":true,"href":"https:\/\/boutique-one-piece.com\/sv\/wp-json\/wp\/v2\/comments?post=11803"}],"wp:featuredmedia":[{"embeddable":true,"href":"https:\/\/boutique-one-piece.com\/sv\/wp-json\/wp\/v2\/media\/11805"}],"wp:attachment":[{"href":"https:\/\/boutique-one-piece.com\/sv\/wp-json\/wp\/v2\/media?parent=11803"}],"wp:term":[{"taxonomy":"product_brand","embeddable":true,"href":"https:\/\/boutique-one-piece.com\/sv\/wp-json\/wp\/v2\/product_brand?post=11803"},{"taxonomy":"product_cat","embeddable":true,"href":"https:\/\/boutique-one-piece.com\/sv\/wp-json\/wp\/v2\/product_cat?post=11803"},{"taxonomy":"product_tag","embeddable":true,"href":"https:\/\/boutique-one-piece.com\/sv\/wp-json\/wp\/v2\/product_tag?post=11803"}],"curies":[{"name":"wp","href":"https:\/\/api.w.org\/{rel}","templated":true}]}}